{"id":1149,"date":"2023-03-16T22:01:47","date_gmt":"2023-03-16T19:01:47","guid":{"rendered":"https:\/\/marbleous.net\/?page_id=1149"},"modified":"2023-10-22T02:50:00","modified_gmt":"2023-10-21T23:50:00","slug":"kullanim-politikalari","status":"publish","type":"page","link":"https:\/\/www.karartmarble.com\/tr\/kullanim-politikalari\/","title":{"rendered":"Kullan\u0131m Politikalar\u0131"},"content":{"rendered":"\n<p>Kar Art Marble Web Sitesine ho\u015fgeldiniz. Bu b\u00f6l\u00fcm, Web Sitesini ziyaret ve kullan\u0131m politikalar\u0131n\u0131 i\u00e7ermektedir.<\/p>\n\n\n\n<p>&nbsp;Bu internet sitesinin herhangi bir sayfas\u0131na girerek, a\u015fa\u011f\u0131da belirtilen \u015fartlar\u0131 kabul etmektesiniz. A\u015fa\u011f\u0131da yer alan \u015fartlar\u0131 kabul etmemeniz halinde, bu internet sitesine eri\u015fmeyiniz.<\/p>\n\n\n\n<p><strong>Kar Art Marble T\u00fcm Haklar\u0131 Sakl\u0131d\u0131r \u00a9<\/strong><br>Bu Web Sitesi ve t\u00fcm sayfalar\u0131 Fikir ve Sanat Eserleri Kanunu&#8217;na tabidir ve i\u00e7eri\u011fine ili\u015fkin her t\u00fcrl\u00fc ses, g\u00f6r\u00fcnt\u00fc, yaz\u0131 i\u00e7eren bilgi, belge ve her t\u00fcrl\u00fc fikri ve s\u0131nai haklar ile t\u00fcm telif haklar\u0131 ve di\u011fer fikri ve sinai m\u00fclkiyet haklar\u0131 Kar Art Marble&#8217;a aittir.<\/p>\n\n\n\n<p>\u0130nternet sitesinde bulunan hi\u00e7bir bilgi; \u00f6nceden izin al\u0131nmadan ve\/veya kaynak g\u00f6sterilmeden, kod ve yaz\u0131l\u0131m da dahil olmak \u00fczere, de\u011fi\u015ftirilemez, kopyalanamaz, \u00e7o\u011falt\u0131lamaz, ba\u015fka bir lisana \u00e7evrilemez, yeniden yay\u0131mlanamaz, ba\u015fka bir bilgisayara y\u00fcklenemez, postalanamaz, iletilemez, sunulamaz ya da da\u011f\u0131t\u0131lamaz. Sitenin b\u00fct\u00fcn\u00fc veya bir k\u0131sm\u0131 kaynak g\u00f6sterilmeden ba\u015fka bir web sitesinde izinsiz olarak kullan\u0131lamaz.<\/p>\n\n\n\n<p><strong>Sorumluluk Muafiyeti<\/strong><br>Kar Art Marble bu sitede yer alan bilgilerin tam ve do\u011fru veya sayfaya kesintisiz giri\u015f sa\u011flanaca\u011f\u0131n\u0131 garanti etmemektedir. \u0130\u015fbu sitede yer alan beyanlar hukuken taahh\u00fct niteli\u011finde say\u0131lmayacakt\u0131r ve ba\u011flay\u0131c\u0131 de\u011fildir. Bu bilgilerle \u00fc\u00e7\u00fcnc\u00fc \u015fah\u0131slar\u0131n haklar\u0131n\u0131n ihlal edilmemesi; m\u00fclkiyet, sat\u0131labilirlik, belirli bir ama\u00e7 i\u00e7in uygunluk ve\/veya bilgisayar vir\u00fcs\u00fc bulunmamas\u0131na ili\u015fkin garantiler dahil ancak bunlarla s\u0131n\u0131rl\u0131 kalmamak kayd\u0131yla, z\u0131mnen, a\u00e7\u0131k\u00e7a ya da yasal olarak hi\u00e7bir garanti vermemektedir.<\/p>\n\n\n\n<p>&nbsp;Bu internet sitesinde yer alan bilgi, rapor, g\u00f6zlem, tahmin, grafik ve benzeri her t\u00fcrl\u00fc elektronik dok\u00fcman Kar Art Marble taraf\u0131ndan herhangi bir maddi menfaat temin edilmeksizin genel anlamda kamuoyunu bilgilendirmek amac\u0131yla haz\u0131rlanm\u0131\u015ft\u0131r. \u0130nternet sitemizde yer alan bu elektronik dok\u00fcmanlar\u0131n do\u011frulu\u011fu; yaz\u0131m hatas\u0131, yaz\u0131l\u0131m hatas\u0131, aktar\u0131m hatas\u0131, sistemlerin bozulmas\u0131 veya sald\u0131r\u0131ya u\u011framas\u0131 gibi nedenlerden kaynaklanan hatalara kar\u015f\u0131 garanti edilmemekte olup, bu bilgiler belli bir getirinin sa\u011flanmas\u0131na y\u00f6nelik olarak verilmemektedir.<\/p>\n\n\n\n<p>&nbsp;Bu nedenle bu internet sitesinde yer alan elektronik dok\u00fcmanlardaki hatalardan, eksikliklerden ya da bu dok\u00fcmanlara dayan\u0131larak yap\u0131lan i\u015flemlerden do\u011facak, do\u011frudan veya dolayl\u0131, her t\u00fcrl\u00fc maddi\/manevi zararlar ve masraflardan ve her ne \u015fekilde olursa olsun \u00fc\u00e7\u00fcnc\u00fc ki\u015filerin u\u011frayabilece\u011fi her t\u00fcrl\u00fc zarar ve masraflardan dolay\u0131 Kar Art Marble sorumlu tutulamaz.<\/p>\n\n\n\n<p>&nbsp;Bu internet sitesinin kullan\u0131m\u0131 s\u0131ras\u0131nda herhangi bir ar\u0131za, hata, eksiklik, kesinti, kusur veya nakilde gecikme, bilgisayar vir\u00fcs\u00fc veya hat veya sistem ar\u0131zas\u0131 sonucu ortaya \u00e7\u0131kan do\u011frudan ya da dolayl\u0131 ortaya \u00e7\u0131kan zarar, ziyan ve masraflar da dahil ancak bunlarla s\u0131n\u0131rl\u0131 olmamak \u00fczere hi\u00e7bir zarardan, Kar Art Marble ve\/veya \u00e7al\u0131\u015fan\u0131, bu t\u00fcr bir zarar olas\u0131l\u0131\u011f\u0131ndan haberdar edilmi\u015f olsalar dahi, sorumlu olmazlar.<\/p>\n\n\n\n<p>&nbsp;Bu bilgiler do\u011frultusunda, Kar Art Marble, bu sitenin i\u00e7eri\u011finde yer alan bilgilerden ve g\u00f6rsel malzemeden kaynaklanabilecek hatalardan, maddi veya manevi zararlardan hi\u00e7 bir \u015fekil ve surette sorumlu de\u011fildir.<\/p>\n\n\n\n<p>&nbsp;Burada yer alan t\u00fcm bilgiler \u00f6nceden haber verilmeksizin de\u011fi\u015ftirilebilir. Kar Art Marble diledi\u011fi zaman, sitenin herhangi bir b\u00f6l\u00fcm\u00fcn\u00fc iptal edebilir, de\u011fi\u015ftirebilir, haber vermeksizin sitedeki baz\u0131 \u00f6zellikleri veya bilgileri veya sitenin baz\u0131 b\u00f6l\u00fcmlerine eri\u015fimi s\u0131n\u0131rland\u0131rabilir.<\/p>\n\n\n\n<p>Kar Art Marble , Web Sitesinin vir\u00fcs \u00f6nlemlerini alm\u0131\u015f olmakla birlikte, bu konuda bir garanti vermemektedir. Herhangi bir bilgi, belge, uygulama vb. indirmeden \u00f6nce vir\u00fcslerden korunma konusunda gerekli \u00f6nlemlerin al\u0131nmas\u0131 tavsiye edilir.<\/p>\n\n\n\n<p><strong>Ziyaret\u00e7i Bilgileri<\/strong><br>Sitemiz, herhangi bir ki\u015fisel bilgi verilmeden ziyaret edilebilir ve incelenebilir. Sunulan di\u011fer uygulamalara ki\u015fisel bilgi giri\u015fi yap\u0131lmas\u0131 durumunda, ziyaret\u00e7ilere ait bilgiler Kar Art Marble taraf\u0131ndan g\u00fcvenli bir \u015fekilde saklanacakt\u0131r.<\/p>\n\n\n\n<p>Kar Art Marble Web Sitesinde yer alan web sayfalar\u0131na ili\u015fkin t\u00fcm haklar sakl\u0131d\u0131r. \u00a9<\/p>\n\n\n\n<p><strong>Eri\u015filebilirlik<\/strong><\/p>\n\n\n\n<p>Mozilla Firefox, \u0130nternet Explorer 9, Opera, Google Chrome, Safari gibi Modern Web Taray\u0131c\u0131lar ile daha iyi kullan\u0131c\u0131 deneyimi sa\u011flayabilirsiniz.<br><\/p>\n","protected":false},"excerpt":{"rendered":"<p>Kar Art Marble Web Sitesine ho\u015fgeldiniz. Bu b\u00f6l\u00fcm, Web Sitesini ziyaret ve kullan\u0131m politikalar\u0131n\u0131 i\u00e7ermektedir. &nbsp;Bu internet&#8230;<\/p>\n","protected":false},"author":10,"featured_media":0,"parent":0,"menu_order":0,"comment_status":"closed","ping_status":"open","template":"","meta":{"inline_featured_image":false,"footnotes":""},"class_list":["post-1149","page","type-page","status-publish","hentry"],"_links":{"self":[{"href":"https:\/\/www.karartmarble.com\/tr\/wp-json\/wp\/v2\/pages\/1149","targetHints":{"allow":["GET"]}}],"collection":[{"href":"https:\/\/www.karartmarble.com\/tr\/wp-json\/wp\/v2\/pages"}],"about":[{"href":"https:\/\/www.karartmarble.com\/tr\/wp-json\/wp\/v2\/types\/page"}],"author":[{"embeddable":true,"href":"https:\/\/www.karartmarble.com\/tr\/wp-json\/wp\/v2\/users\/10"}],"replies":[{"embeddable":true,"href":"https:\/\/www.karartmarble.com\/tr\/wp-json\/wp\/v2\/comments?post=1149"}],"version-history":[{"count":0,"href":"https:\/\/www.karartmarble.com\/tr\/wp-json\/wp\/v2\/pages\/1149\/revisions"}],"wp:attachment":[{"href":"https:\/\/www.karartmarble.com\/tr\/wp-json\/wp\/v2\/media?parent=1149"}],"curies":[{"name":"wp","href":"https:\/\/api.w.org\/{rel}","templated":true}]}}