{"id":1156,"date":"2023-03-16T22:08:20","date_gmt":"2023-03-16T19:08:20","guid":{"rendered":"https:\/\/marbleous.net\/?page_id=1156"},"modified":"2023-10-22T02:55:31","modified_gmt":"2023-10-21T23:55:31","slug":"hukuk-politikalari","status":"publish","type":"page","link":"https:\/\/www.karartmarble.com\/tr\/hukuk-politikalari\/","title":{"rendered":"Hukuk Politikalar\u0131"},"content":{"rendered":"\n<h2 class=\"wp-block-heading\">Hukuk Politikalar\u0131<\/h2>\n\n\n\n<p>1.&nbsp;&nbsp;&nbsp;&nbsp;&nbsp;<strong>Giri\u015f<\/strong><\/p>\n\n\n\n<p>Kar Art Marble&nbsp;olarak, ki\u015fisel verilerinizin gizlili\u011fine \u00f6nem verdi\u011fimiz ve bizimle payla\u015ft\u0131\u011f\u0131n\u0131z bilgilerin ki\u015fisel ve gizli oldu\u011funu kabul etti\u011fimiz i\u00e7in bu hususa hassasiyetle yakla\u015f\u0131yoruz.<\/p>\n\n\n\n<p>\u0130\u015fbu Gizlilik Politikas\u0131\u2019n\u0131 (\u201c<strong>Politika<\/strong>\u201d), \u015eirket olarak y\u00f6netti\u011fimiz internet sitesi (\u201c<strong>Platformlar<\/strong>\u201d) \u00fczerinden toplanan ki\u015fisel verilerinizin gizlili\u011fi ve g\u00fcvenli\u011fi hakk\u0131nda internet sitemizi ziyaret eden kullan\u0131c\u0131lar\u0131m\u0131z\u0131 6698 say\u0131l\u0131 Ki\u015fisel Verilerin Korunmas\u0131 Kanunu (\u201c<strong>KVKK<\/strong>\u201d) kapsam\u0131nda bilgilendirmek amac\u0131yla olu\u015fturduk. Ki\u015fisel verileriniz, i\u015fbu Politika \u00e7er\u00e7evesinde, yaln\u0131zca size daha iyi bir hizmet sunmak amac\u0131yla kullan\u0131lacakt\u0131r.<\/p>\n\n\n\n<ol class=\"wp-block-list\" start=\"2\">\n<li><strong>Politika\u2019n\u0131n Kapsam\u0131<\/strong><\/li>\n<\/ol>\n\n\n\n<p>Kar Art Marble olarak y\u00f6netti\u011fimiz platformlar\u0131m\u0131za eri\u015fiminiz s\u0131ras\u0131nda toplad\u0131\u011f\u0131m\u0131z verilerinizin gizlili\u011fi ve g\u00fcvenli\u011fi i\u015fbu Politika\u2019n\u0131n kapsam\u0131ndad\u0131r.<\/p>\n\n\n\n<p>Kar Art Marble taraf\u0131ndan y\u00f6netilmeyen bir sitede Kar Art Marble&#8217;a ait bir logonun, i\u015faretin vb. bir g\u00f6rselin bulunmas\u0131 i\u015fbu Politika\u2019n\u0131n o site i\u00e7in ge\u00e7erli oldu\u011fu anlam\u0131na gelmemektedir. Bu t\u00fcr siteler ile ki\u015fisel veri payla\u015f\u0131m\u0131 ger\u00e7ekle\u015ftirirken i\u015fbu Politika\u2019 da yer alan g\u00fcvencelerden faydalanabilmeniz i\u00e7in s\u00f6z konusu sitenin Kar Art Marble&#8217;a ait bir site oldu\u011fundan emin olman\u0131z gerekmektedir.<\/p>\n\n\n\n<ol class=\"wp-block-list\" start=\"3\">\n<li><strong>Ki\u015fisel Verilerin<\/strong><strong>&nbsp;Korunmas\u0131<\/strong><\/li>\n<\/ol>\n\n\n\n<p>KVKK kapsam\u0131nda ki\u015fisel verilerinizin veri i\u015flenmesi, ki\u015fisel verilerinize ili\u015fkin haklar\u0131n\u0131z hakk\u0131nda ve ki\u015fisel verilerinizi korumak i\u00e7in ald\u0131\u011f\u0131m\u0131z teknik ve idari tedbirler ile ilgili detayl\u0131 bilgi almak i\u00e7in l\u00fctfen&nbsp;<em>Ayd\u0131nlatma Metnimizi&nbsp;<\/em>okuyunuz.<\/p>\n\n\n\n<ol class=\"wp-block-list\" start=\"4\">\n<li><strong>\u0130nternet&nbsp;<\/strong><strong>Sitemizde Toplanan Veriler<\/strong>\n<ul class=\"wp-block-list\">\n<li><strong>1.&nbsp;<\/strong><strong>Kariyer Formlar\u0131 Vas\u0131tas\u0131yla Toplanan Ki\u015fisel Veriler<\/strong><\/li>\n<\/ul>\n<\/li>\n<\/ol>\n\n\n\n<p>Bizlere i\u015f ba\u015fvurular\u0131n\u0131z\u0131 iletebilmenizi sa\u011flayan kariyer formlar\u0131 vas\u0131tas\u0131yla;<\/p>\n\n\n\n<ul class=\"wp-block-list\">\n<li>Ad, soyad,<\/li>\n\n\n\n<li>Elektronik posta,<\/li>\n\n\n\n<li>Telefon numaras\u0131,<\/li>\n\n\n\n<li>\u00d6zl\u00fck,<\/li>\n\n\n\n<li>Mesleki deneyim<\/li>\n\n\n\n<li>G\u00f6rsel kay\u0131t,<\/li>\n<\/ul>\n\n\n\n<p>bilgilerinizi toplamaktay\u0131z.<\/p>\n\n\n\n<ul class=\"wp-block-list\">\n<li><strong>2.<\/strong><strong>&nbsp;Cihaz Bilgisi<\/strong><\/li>\n<\/ul>\n\n\n\n<p>Hizmetlerimizden faydalan\u0131rken, kulland\u0131\u011f\u0131n\u0131z elektronik cihazlar\u0131n\u0131za (bilgisayarlar, tabletler, ak\u0131ll\u0131 telefonlar, ak\u0131ll\u0131 televizyonlar vs.) ait IP adresi vb. bilgiler toplanmaktad\u0131r.<\/p>\n\n\n\n<p>Ayr\u0131ca internet sitemiz\/sitelerimiz arac\u0131l\u0131\u011f\u0131yla sizlere anl\u0131k bildirimler g\u00f6nderebiliriz. Cihaz\u0131n\u0131z\u0131n i\u015fletim sisteminin i\u00e7erisindeki ayarlar\u0131 de\u011fi\u015ftirerek bu iletileri almay\u0131 reddedebilirsiniz.<\/p>\n\n\n\n<ul class=\"wp-block-list\">\n<li><strong>3. \u00c7erezler Vas\u0131tas\u0131yla Toplanan Veriler<\/strong><\/li>\n<\/ul>\n\n\n\n<p>\u00c7erezler, bir internet sitesi ziyaret edildi\u011finde ziyaret\u00e7inin cihaz\u0131nda (\u00f6rne\u011fin bilgisayar veya telefon) depolanan ve isim-de\u011fer format\u0131nda veri bar\u0131nd\u0131rabilen k\u00fc\u00e7\u00fck metin dosyalar\u0131d\u0131r. Bu vesileyle internet sitesine\/sitelerine ziyaretin ger\u00e7ekle\u015ftirildi\u011fi cihaz ve ilgili kullan\u0131c\u0131 hakk\u0131nda \u00e7e\u015fitli bilgiler elde edilebilmektedir. \u0130nternet sitemizde \u00e7erez kullan\u0131lmaktad\u0131r. \u0130nternet sitemizdeki \u00e7erez kullan\u0131m\u0131 hakk\u0131nda detayl\u0131 bilgi almak i\u00e7in l\u00fctfen \u00c7erez Politikam\u0131z\u0131 okuyunuz.<\/p>\n\n\n\n<ul class=\"wp-block-list\">\n<li><strong>4. Sunucular\u0131m\u0131za Eri\u015fti\u011finizde Otomatik Olarak Toplad\u0131\u011f\u0131m\u0131z Veriler<\/strong><\/li>\n<\/ul>\n\n\n\n<p>\u0130nternet sitemizi kullanman\u0131z halinde, bireysel veya kurumsal talepleri ve ihtiya\u00e7lar\u0131 kar\u015f\u0131layabilmek, teknik alt yap\u0131m\u0131z\u0131 geli\u015ftirmek ve denetlemek, kulland\u0131\u011f\u0131m\u0131z donan\u0131m ve yaz\u0131l\u0131m teknolojilerini ve di\u011fer hizmetlerimizi geli\u015ftirmek ve hukuki y\u00fck\u00fcml\u00fcl\u00fcklerimizi yerine getirmek ama\u00e7lar\u0131yla size ait cihaz log kay\u0131tlar\u0131 vb. ki\u015fisel verileri toplayabiliriz.<\/p>\n\n\n\n<ol class=\"wp-block-list\" start=\"5\">\n<li><strong>\u00dc\u00e7\u00fcnc\u00fc Taraf \u0130nternet Sitelerine Verilen Linkler<\/strong><\/li>\n<\/ol>\n\n\n\n<p>Sitemiz, \u00f6zel istihdam b\u00fcrolar\u0131 gibi \u00fc\u00e7\u00fcnc\u00fc taraflar\u0131n internet sitelerine ait ba\u011flant\u0131lar i\u00e7erebilir. Bu gibi hallerde \u00fc\u00e7\u00fcnc\u00fc taraflarca veri toplanmas\u0131, i\u015flenmesi, payla\u015f\u0131lmas\u0131 veya aktar\u0131m\u0131 sorumlulu\u011fumuzun d\u0131\u015f\u0131ndad\u0131r. \u00dc\u00e7\u00fcnc\u00fc taraf siteleri kullan\u0131m\u0131n\u0131z ve bu sitelerle veri payla\u015f\u0131m\u0131n\u0131z, bu sitelerdeki gizlilik politikas\u0131 ve kullan\u0131m \u015fartlar\u0131na tabi olup i\u015fbu Politika\u2019n\u0131n kapsam\u0131 d\u0131\u015f\u0131ndad\u0131r. Ki\u015fisel verilerinizi payla\u015fmadan \u00f6nce ziyaret etti\u011finiz internet sitelerinin gizlilik politikalar\u0131n\u0131 okuman\u0131z\u0131 \u00f6neririz.<\/p>\n\n\n\n<ol class=\"wp-block-list\" start=\"6\">\n<li><strong>Politika<\/strong><strong>\u2019n\u0131n G\u00fcncellenmesi<\/strong><\/li>\n<\/ol>\n\n\n\n<p>\u0130\u015fbu Politika\u2019n\u0131n h\u00fck\u00fcmleri k\u0131smen veya tamamen, internet sitemizde yay\u0131mland\u0131\u011f\u0131 tarihte y\u00fcr\u00fcrl\u00fc\u011fe girmek \u00fczere de\u011fi\u015ftirilebilir ya da yenilenebilir.<\/p>\n\n\n\n<p>Politika\u2019daki de\u011fi\u015fiklikleri takip edebilmeniz ad\u0131na internet sitemizi belirli aral\u0131klarla kontrol etmenizi tavsiye etmekteyiz.<\/p>\n\n\n\n<ol class=\"wp-block-list\" start=\"7\">\n<li><strong>Bize Ula\u015f\u0131n<\/strong><\/li>\n<\/ol>\n\n\n\n<p>\u0130\u015fbu Politika\u2019n\u0131n yorumlanmas\u0131 veya uygulanmas\u0131 ile ilgili sorular\u0131n\u0131z\u0131, \u00e7ekincelerinizi veya \u015fikayetlerinizi; sales@karartmarble.com&nbsp;elektronik posta ile iletebilirsiniz.<\/p>\n","protected":false},"excerpt":{"rendered":"<p>Hukuk Politikalar\u0131 1.&nbsp;&nbsp;&nbsp;&nbsp;&nbsp;Giri\u015f Kar Art Marble&nbsp;olarak, ki\u015fisel verilerinizin gizlili\u011fine \u00f6nem verdi\u011fimiz ve bizimle payla\u015ft\u0131\u011f\u0131n\u0131z bilgilerin ki\u015fisel ve&#8230;<\/p>\n","protected":false},"author":10,"featured_media":0,"parent":0,"menu_order":0,"comment_status":"closed","ping_status":"open","template":"","meta":{"inline_featured_image":false,"footnotes":""},"class_list":["post-1156","page","type-page","status-publish","hentry"],"_links":{"self":[{"href":"https:\/\/www.karartmarble.com\/tr\/wp-json\/wp\/v2\/pages\/1156","targetHints":{"allow":["GET"]}}],"collection":[{"href":"https:\/\/www.karartmarble.com\/tr\/wp-json\/wp\/v2\/pages"}],"about":[{"href":"https:\/\/www.karartmarble.com\/tr\/wp-json\/wp\/v2\/types\/page"}],"author":[{"embeddable":true,"href":"https:\/\/www.karartmarble.com\/tr\/wp-json\/wp\/v2\/users\/10"}],"replies":[{"embeddable":true,"href":"https:\/\/www.karartmarble.com\/tr\/wp-json\/wp\/v2\/comments?post=1156"}],"version-history":[{"count":0,"href":"https:\/\/www.karartmarble.com\/tr\/wp-json\/wp\/v2\/pages\/1156\/revisions"}],"wp:attachment":[{"href":"https:\/\/www.karartmarble.com\/tr\/wp-json\/wp\/v2\/media?parent=1156"}],"curies":[{"name":"wp","href":"https:\/\/api.w.org\/{rel}","templated":true}]}}