{"id":1166,"date":"2023-03-16T22:16:53","date_gmt":"2023-03-16T19:16:53","guid":{"rendered":"https:\/\/marbleous.net\/?page_id=1166"},"modified":"2023-10-22T03:08:49","modified_gmt":"2023-10-22T00:08:49","slug":"sikayet-ihlal-bildirimi","status":"publish","type":"page","link":"https:\/\/www.karartmarble.com\/tr\/sikayet-ihlal-bildirimi\/","title":{"rendered":"\u015eikayet \/ \u0130hlal Bildirimi"},"content":{"rendered":"\n<h3 class=\"wp-block-heading\">\u015e\u0130KAYET\/<strong>\u0130HLAL HAL\u0130NDE \u0130LG\u0130L\u0130YE B\u0130LD\u0130R\u0130M FORMU<\/strong><\/h3>\n\n\n\n<p>(\u0130\u015e BU FORM \u0130HLAL HAL\u0130NDE \u0130LG\u0130L\u0130LER\u0130N HABERDAR ED\u0130LMELER\u0130 \u0130\u00c7\u0130N HAZIRLANMI\u015eTIR)<\/p>\n\n\n\n<p>&nbsp; &nbsp; &nbsp; &nbsp; &nbsp; Veri sorumlusu taraf\u0131ndan ilgili ki\u015fiye yap\u0131lan veri ihlali bildiriminde yer almas\u0131 gereken asgari unsurlara ili\u015fkin, Ki\u015fisel Verileri Koruma Kurulunun 18.09.2019 tarih ve 2019\/271 say\u0131l\u0131 Karar\u0131<\/p>\n\n\n\n<p>&nbsp; &nbsp; &nbsp; &nbsp; &nbsp; Bilindi\u011fi \u00fczere, 6698 say\u0131l\u0131 Ki\u015fisel Verilerin Korunmas\u0131 Kanununun (Kanun) 12\u2019nci maddesinin (1) numaral\u0131 f\u0131kras\u0131nda veri sorumlusunun;<\/p>\n\n\n\n<p>&nbsp; &nbsp; &nbsp; &nbsp; &nbsp; a) Ki\u015fisel verilerin hukuka ayk\u0131r\u0131 olarak i\u015flenmesini \u00f6nlemek,<\/p>\n\n\n\n<p>&nbsp; &nbsp; &nbsp; &nbsp; &nbsp; b) Ki\u015fisel verilere hukuka ayk\u0131r\u0131 olarak eri\u015filmesini \u00f6nlemek,<\/p>\n\n\n\n<p>&nbsp; &nbsp; &nbsp; &nbsp; &nbsp; c) Ki\u015fisel verilerin muhafazas\u0131n\u0131 sa\u011flamak<\/p>\n\n\n\n<p>&nbsp; &nbsp; &nbsp; &nbsp; &nbsp; &nbsp; &nbsp; amac\u0131yla uygun g\u00fcvenlik d\u00fczeyini temin etmeye y\u00f6nelik gerekli her t\u00fcrl\u00fc teknik ve idari tedbirleri almak zorunda oldu\u011fu, (5) numaral\u0131 f\u0131kras\u0131nda ise, i\u015flenen ki\u015fisel verilerin kanuni olmayan yollarla ba\u015fkalar\u0131 taraf\u0131ndan elde edilmesi h\u00e2linde, veri sorumlusunun bu durumu en k\u0131sa s\u00fcrede ilgilisine ve Kurula bildirece\u011fi, Kurulun, gerekmesi h\u00e2linde bu durumu, kendi internet sitesinde ya da uygun g\u00f6rece\u011fi ba\u015fka bir y\u00f6ntemle ilan edebilece\u011fi h\u00fckme ba\u011flanm\u0131\u015ft\u0131r.<\/p>\n\n\n\n<p>&nbsp; &nbsp; &nbsp; &nbsp; &nbsp; &nbsp; &nbsp; Ki\u015fisel Verileri Koruma Kurulunun (Kurul) 24.01.2019 tarih ve 2019\/10 say\u0131l\u0131 karar\u0131 ile veri ihlali bildiriminin \u201cVeri sorumlusunca s\u00f6z konusu veri ihlalinden etkilenen ki\u015filerin belirlenmesini m\u00fcteakip ilgili ki\u015filere de makul olan en k\u0131sa s\u00fcre i\u00e7erisinde, ilgili ki\u015finin ileti\u015fim adresine ula\u015f\u0131labiliyorsa do\u011frudan, ula\u015f\u0131lam\u0131yorsa veri sorumlusunun kendi web sitesi \u00fczerinden yay\u0131mlanmas\u0131 gibi uygun y\u00f6ntemlerle bildirim yap\u0131lmas\u0131na\u201d karar verilmi\u015ftir.<\/p>\n\n\n\n<p>&nbsp; &nbsp; &nbsp; &nbsp; &nbsp; &nbsp; &nbsp; S\u00f6z konusu h\u00fck\u00fcm ve Kurul karar\u0131 kapsam\u0131nda Kuruma intikal eden veri ihlal bildirimlerinin de\u011ferlendirilmesi s\u00fcrecinde; ki\u015fisel verilerin kanuni olmayan yollarla ba\u015fkalar\u0131 taraf\u0131ndan elde edilmesi h\u00e2linde veri sorumlusunun bu durumu Kurula ve ihlalden etkilenmi\u015f ki\u015filere bildirmesinde amac\u0131n, ihlal nedeniyle bu ki\u015filer hakk\u0131nda ortaya \u00e7\u0131kabilecek olumsuz sonu\u00e7lar\u0131n bir an \u00f6nce \u00f6n\u00fcne ge\u00e7ilmesi veya en aza indirilmesine imkan verecek \u00f6nlemler al\u0131nmas\u0131n\u0131 sa\u011flamak oldu\u011fu dikkate al\u0131nd\u0131\u011f\u0131nda veri sorumlular\u0131n\u0131n s\u00f6z konusu ihlale ili\u015fkin ilgili ki\u015filere yapaca\u011f\u0131 bildirimlerde hangi unsurlar\u0131n bulunmas\u0131 gerekti\u011finin a\u00e7\u0131k\u00e7a d\u00fczenlenmesi gereklili\u011fi do\u011fmu\u015ftur.<\/p>\n\n\n\n<p>&nbsp; &nbsp; &nbsp; &nbsp; &nbsp; &nbsp; &nbsp; Bu kapsamda Ki\u015fisel Verileri Koruma Kurulunun 18.09.2019 tarih ve 2019\/271 say\u0131l\u0131 Karar\u0131 ile;<\/p>\n\n\n\n<p>Veri sorumlusu taraf\u0131ndan ilgili ki\u015fiye yap\u0131lacak olan ihlal bildiriminin a\u00e7\u0131k ve sade bir dille yap\u0131lmas\u0131 ve asgari olarak;<\/p>\n\n\n\n<ul class=\"wp-block-list\">\n<li>\u0130hlalinin ne zaman ger\u00e7ekle\u015fti\u011fi,<\/li>\n\n\n\n<li>Ki\u015fisel veri kategorileri baz\u0131nda (ki\u015fisel veri \/ \u00f6zel nitelikli ki\u015fisel veri ayr\u0131m\u0131 yap\u0131larak) hangi ki\u015fisel verilerin ihlalden etkilendi\u011fi,<\/li>\n\n\n\n<li>Ki\u015fisel veri ihlalinin olas\u0131 sonu\u00e7lar\u0131,<\/li>\n\n\n\n<li>Veri ihlalinin olumsuz etkilerinin azalt\u0131lmas\u0131 i\u00e7in al\u0131nan veya al\u0131nmas\u0131 \u00f6nerilen tedbirler,<\/li>\n\n\n\n<li>\u0130lgili ki\u015filerin veri ihlali ile ilgili bilgi almalar\u0131n\u0131 sa\u011flayacak irtibat ki\u015filerinin isim ve ileti\u015fim detaylar\u0131 ya da veri sorumlusunun web sayfas\u0131n\u0131n tam adresi, \u00e7a\u011fr\u0131 merkezi vb. ileti\u015fim yollar\u0131 unsurlar\u0131na yer verilmesi gerekti\u011fine karar verilmi\u015ftir.<\/li>\n<\/ul>\n\n\n\n<p>Kamuoyuna sayg\u0131yla duyurulur.<\/p>\n\n\n\n<p><strong>&nbsp; &nbsp; &nbsp; &nbsp; &nbsp; &nbsp; &nbsp; &nbsp; &nbsp; &nbsp; &nbsp; &nbsp; &nbsp; &nbsp; &nbsp; &nbsp; &nbsp; &nbsp; &nbsp; &nbsp; &nbsp; &nbsp; &nbsp; &nbsp; &nbsp; &nbsp; &nbsp; &nbsp; &nbsp;\u2026\u2026\u2026\u2026\u2026\u2026\u2026\u2026\u2026\u2026\u2026\u2026\u2026\u2026..A.\u015e.\/LTD \u015eT\u0130<\/strong><\/p>\n\n\n\n<p><strong>SAYI:<\/strong><\/p>\n\n\n\n<p><strong>VER\u0130 SORUMLUSU:<\/strong><\/p>\n\n\n\n<p><strong>VER\u0130 SORUMLUSU ADINA S\u00dcRE\u00c7 TAK\u0130B\u0130 YAPAN KURUM\/K\u0130\u015e\u0130:<\/strong><\/p>\n\n\n\n<p><strong>\u0130RT\u0130BAT B\u0130LG\u0130LER\u0130:<\/strong><\/p>\n\n\n\n<p><strong>\u0130LG\u0130L\u0130 K\u0130\u015e\u0130:<\/strong><\/p>\n\n\n\n<p><strong>KONU:<\/strong>&nbsp;\u2026\u2026..\u2026.. tarihinde ger\u00e7ekle\u015fen ki\u015fisel veri ihlaliyle alakal\u0131 6698 say\u0131l\u0131 Ki\u015fisel Verilerin Korunmas\u0131 Kanununun (Kanun) 12\u2019nci maddesinin (5) numaral\u0131 f\u0131kras\u0131 uyar\u0131nca ilgilinin bilgilendirilmesi hakk\u0131nda,<\/p>\n\n\n\n<p><strong>OLAYIN \u00d6ZET\u0130:<\/strong>&nbsp;\u2026\u2026\u2026\u2026tarihinde \u2026..\u2026ki\u015fisi taraf\u0131ndan siz ilgilinin \u2026\u2026\u2026\u2026\u2026\u2026.ki\u015fisel verileri hukuka ayk\u0131r\u0131 \u015fekilde \u2026\u2026\u2026\u2026..ki\u015fileriyle payla\u015f\u0131lm\u0131\u015f olup, s\u00fcre\u00e7le alakal\u0131 olarak adli mercilere ve Ki\u015fisel Verileri Koruma Kurumuna \u2026..\/\u2026.\/\u2026\u2026 tarihinde bildirimde bulunularak s\u00fcre\u00e7 yak\u0131ndan takip edilmektedir. S\u00f6z konusu veri ihlalinin taraf\u0131n\u0131z a\u00e7\u0131s\u0131ndan olumsuz sonu\u00e7lar\u0131;<\/p>\n\n\n\n<p>\u2026\u2026\u2026\u2026\u2026\u2026\u2026\u015feklinde olup. S\u00f6z konusu ihlalin tekrar ger\u00e7ekle\u015fmemesi i\u00e7in a\u015fa\u011f\u0131daki tedbirler al\u0131nm\u0131\u015ft\u0131r;<\/p>\n\n\n\n<p>\u2026\u2026\u2026\u2026\u2026\u2026\u2026\u2026\u2026\u2026\u2026<\/p>\n\n\n\n<p>Detayl\u0131 bilgileri \u2026\u2026\u2026\u2026.numaral\u0131 telefondan \u2026\u2026\u2026\u2026..isimli ki\u015fiden alabilirsiniz. \u2026\/\u2026\/\u2026\u2026<\/p>\n\n\n\n<p><strong><u>EKLER<\/u><\/strong><\/p>\n\n\n\n<ul class=\"wp-block-list\">\n<li>Su\u00e7 Duyurusu<\/li>\n\n\n\n<li>KVKK Bildirim Formu (\u0130hlal Halinde \u0130lgili Ki\u015finin Veri Sorumlusuna Bildirim Formu)<\/li>\n\n\n\n<li>\u0130\u015f Yeri Olay Tutana\u011f\u0131<\/li>\n\n\n\n<li>\u0130hlal \u0130lgili Ki\u015fi Ba\u015fvuru Formu<\/li>\n<\/ul>\n","protected":false},"excerpt":{"rendered":"<p>\u015e\u0130KAYET\/\u0130HLAL HAL\u0130NDE \u0130LG\u0130L\u0130YE B\u0130LD\u0130R\u0130M FORMU (\u0130\u015e BU FORM \u0130HLAL HAL\u0130NDE \u0130LG\u0130L\u0130LER\u0130N HABERDAR ED\u0130LMELER\u0130 \u0130\u00c7\u0130N HAZIRLANMI\u015eTIR) &nbsp; &nbsp;&#8230;<\/p>\n","protected":false},"author":10,"featured_media":0,"parent":0,"menu_order":0,"comment_status":"closed","ping_status":"open","template":"","meta":{"inline_featured_image":false,"footnotes":""},"class_list":["post-1166","page","type-page","status-publish","hentry"],"_links":{"self":[{"href":"https:\/\/www.karartmarble.com\/tr\/wp-json\/wp\/v2\/pages\/1166","targetHints":{"allow":["GET"]}}],"collection":[{"href":"https:\/\/www.karartmarble.com\/tr\/wp-json\/wp\/v2\/pages"}],"about":[{"href":"https:\/\/www.karartmarble.com\/tr\/wp-json\/wp\/v2\/types\/page"}],"author":[{"embeddable":true,"href":"https:\/\/www.karartmarble.com\/tr\/wp-json\/wp\/v2\/users\/10"}],"replies":[{"embeddable":true,"href":"https:\/\/www.karartmarble.com\/tr\/wp-json\/wp\/v2\/comments?post=1166"}],"version-history":[{"count":0,"href":"https:\/\/www.karartmarble.com\/tr\/wp-json\/wp\/v2\/pages\/1166\/revisions"}],"wp:attachment":[{"href":"https:\/\/www.karartmarble.com\/tr\/wp-json\/wp\/v2\/media?parent=1166"}],"curies":[{"name":"wp","href":"https:\/\/api.w.org\/{rel}","templated":true}]}}