{"id":20918,"date":"2023-12-22T01:52:37","date_gmt":"2023-12-21T22:52:37","guid":{"rendered":"https:\/\/karartmarble.com\/?page_id=20918"},"modified":"2023-12-26T01:19:00","modified_gmt":"2023-12-25T22:19:00","slug":"kargo-ve-tasima-bilgileri","status":"publish","type":"page","link":"https:\/\/www.karartmarble.com\/tr\/kargo-ve-tasima-bilgileri\/","title":{"rendered":"Kargo ve Ta\u015f\u0131ma Bilgileri"},"content":{"rendered":"\t\t<div data-elementor-type=\"wp-page\" data-elementor-id=\"20918\" class=\"elementor elementor-20918\" data-elementor-post-type=\"page\">\n\t\t\t\t\t\t<section class=\"elementor-section elementor-top-section elementor-element elementor-element-7ea0013a elementor-section-boxed elementor-section-height-default elementor-section-height-default\" data-id=\"7ea0013a\" data-element_type=\"section\" data-e-type=\"section\">\n\t\t\t\t\t\t<div class=\"elementor-container elementor-column-gap-default\">\n\t\t\t\t\t<div class=\"elementor-column elementor-col-100 elementor-top-column elementor-element elementor-element-72b0c4e0\" data-id=\"72b0c4e0\" data-element_type=\"column\" data-e-type=\"column\">\n\t\t\t<div class=\"elementor-widget-wrap elementor-element-populated\">\n\t\t\t\t\t\t<div class=\"elementor-element elementor-element-3e9b7886 elementor-widget elementor-widget-text-editor\" data-id=\"3e9b7886\" data-element_type=\"widget\" data-e-type=\"widget\" data-widget_type=\"text-editor.default\">\n\t\t\t\t<div class=\"elementor-widget-container\">\n\t\t\t\t\t\t\t\t\t<h2>Kargo ve Ta\u015f\u0131ma Bilgileri<\/h2><p><strong>Mermer Dekoratif \u00dcr\u00fcnler: H\u0131zl\u0131 Teslimat \u0130mkan\u0131<\/strong><\/p><p>Mermer objeler, tepsiler, mumluklar gibi dekoratif \u00fcr\u00fcnler, anla\u015fmal\u0131 kargo firmam\u0131z arac\u0131l\u0131\u011f\u0131yla h\u0131zl\u0131 bir \u015fekilde size teslim edilir. Standart temin s\u00fcresi 2-3 g\u00fcnd\u00fcr, aksi durumlarda m\u00fc\u015fteri hizmetleri size bilgi verir.<\/p><p><strong>\u0130n\u015faatlarda Kullan\u0131lacak\u00a0 \u0130\u015flenmi\u015f Mermerin \u00dcretimi ve Temin S\u00fcresi Bilgisi<\/strong><\/p><p>Mermer plakalar, fayanslar, kaplama malzemeleri gibi \u00fcr\u00fcnler stok durumuna ba\u011fl\u0131 olarak \u00fcretilece\u011fi i\u00e7in temin s\u00fcresi hakk\u0131nda bilgi almak i\u00e7in sat\u0131c\u0131yla web sitesi, form, telefon veya e-posta \u00fczerinden ileti\u015fime ge\u00e7ebilirsiniz. Bu \u00fcr\u00fcnler, anla\u015fmal\u0131 lojistik firmam\u0131zla veya fabrika teslim \u015feklinde size ula\u015ft\u0131r\u0131l\u0131r. Bu \u00fcr\u00fcnlerin \u00fcretim ve lojistik a\u015famalar\u0131nda size s\u00fcre\u00e7 hakk\u0131ndaki bilgi firmam\u0131z taraf\u0131ndan \u00f6zel olarak verilecektir. L\u00fctfen sipari\u015f olu\u015fturmadan \u00f6nce bize ula\u015farak bilgi al\u0131n. Di\u011fer maddeler Dekorasyon \u00fcr\u00fcnlerimiz i\u00e7in ge\u00e7erli olacakt\u0131r.<\/p><p><strong>Adresinize Yak\u0131n Kargo \u015eirketi Bulunmamas\u0131 Durumu<\/strong><\/p><p>E\u011fer adresinize yak\u0131n bir kargo \u015firketi bulunmuyorsa, anla\u015fmal\u0131 oldu\u011fumuz kargo firmalar\u0131 genellikle T\u00fcrkiye&#8217;nin her yerine \u00fcr\u00fcn teslimi yapar. Ancak, bulundu\u011funuz yer mobil b\u00f6lge kapsam\u0131nda ise, belirli g\u00fcnlerde \u00fcr\u00fcn teslimat\u0131 yap\u0131l\u0131r.<\/p><p><strong>&#8220;Tedarik S\u00fcrecinde&#8221; Uyar\u0131s\u0131 ve Anlam\u0131<\/strong><\/p><p>&#8220;Tedarik S\u00fcrecinde&#8221; uyar\u0131s\u0131, sipari\u015f etti\u011finiz \u00fcr\u00fcnlerin stoklar\u0131m\u0131zda bulunmamas\u0131 durumunda ba\u015flar. Bu durumda, sipari\u015f etti\u011finiz \u00fcr\u00fcn\u00fcn kar\u015f\u0131s\u0131nda &#8220;Tedarik S\u00fcrecinde&#8221; yaz\u0131s\u0131n\u0131 g\u00f6r\u00fcrs\u00fcn\u00fcz. \u0130lgili tedarik\u00e7imize otomatik olarak ge\u00e7ilen talepler takip edilir ve sipari\u015flerinizin en k\u0131sa s\u00fcrede stoklar\u0131m\u0131zda yer almas\u0131 sa\u011flan\u0131r.<\/p><p><strong>Sipari\u015fin Kargoya Verilmesi ve Bilgilendirme<\/strong><\/p><p>Sipari\u015finiz kargoya verildi\u011finde, sistemimizde kay\u0131tl\u0131 e-posta adresinize ve cep telefonunuza SMS olarak kargo g\u00f6nderi bilgileri otomatik olarak g\u00f6nderilir. Ayr\u0131ca, &#8220;Hesab\u0131m&#8221; sayfas\u0131ndaki &#8220;Sipari\u015flerim&#8221; b\u00f6l\u00fcm\u00fcnden sipari\u015finizin durumunu takip edebilirsiniz.<\/p><p><strong>Teslimat S\u0131ras\u0131nda Dikkat Edilmesi Gerekenler<\/strong><\/p><p>Teslimat s\u0131ras\u0131nda, kargo teslim fi\u015fini imzalad\u0131ktan sonra paketin i\u00e7eri\u011fini kontrol etmeniz \u00f6nerilir. Herhangi bir yanl\u0131\u015fl\u0131k ya da hasar durumunda kargo g\u00f6revlisine &#8220;Hasar Tespit Tutana\u011f\u0131&#8221; haz\u0131rlatarak bize ileti\u015fime ge\u00e7ebilirsiniz.<\/p><p><strong>\u00a0Kargonun Yanl\u0131\u015f Adrese Gitmesi Durumu<\/strong><\/p><p>Kargonuz yanl\u0131\u015f adrese giderse, &#8220;M\u00fc\u015fteri Hizmetleri&#8221; sayfas\u0131ndan bize mesaj g\u00f6ndererek durumu bildirebilirsiniz. Kargo firmas\u0131 taraf\u0131ndan bilgilendirilerek y\u00f6nlendirme i\u015flemleri en k\u0131sa s\u00fcrede ger\u00e7ekle\u015ftirilir.<\/p><p><strong>Teslimat Adresi De\u011fi\u015fikli\u011fi \u0130\u015flemleri<\/strong><\/p><p>Teslimat adresinizi de\u011fi\u015ftirmek istiyorsan\u0131z, sipari\u015finizin tamam\u0131 tedarik s\u00fcrecindeyken &#8220;M\u00fc\u015fteri Hizmetleri&#8221; sayfas\u0131ndan bize mesaj g\u00f6nderebilirsiniz. Ancak, k\u0131smi teslimat yap\u0131lm\u0131\u015fsa adres de\u011fi\u015fikli\u011fi sistem \u00fczerinde hemen yans\u0131maz.<\/p>\t\t\t\t\t\t\t\t<\/div>\n\t\t\t\t<\/div>\n\t\t\t\t\t<\/div>\n\t\t<\/div>\n\t\t\t\t\t<\/div>\n\t\t<\/section>\n\t\t\t\t<\/div>\n\t\t","protected":false},"excerpt":{"rendered":"<p>Kargo ve Ta\u015f\u0131ma Bilgileri Mermer Dekoratif \u00dcr\u00fcnler: H\u0131zl\u0131 Teslimat \u0130mkan\u0131 Mermer objeler, tepsiler, mumluklar gibi dekoratif \u00fcr\u00fcnler,&#8230;<\/p>\n","protected":false},"author":10,"featured_media":0,"parent":0,"menu_order":0,"comment_status":"closed","ping_status":"open","template":"","meta":{"inline_featured_image":false,"footnotes":""},"class_list":["post-20918","page","type-page","status-publish","hentry"],"_links":{"self":[{"href":"https:\/\/www.karartmarble.com\/tr\/wp-json\/wp\/v2\/pages\/20918","targetHints":{"allow":["GET"]}}],"collection":[{"href":"https:\/\/www.karartmarble.com\/tr\/wp-json\/wp\/v2\/pages"}],"about":[{"href":"https:\/\/www.karartmarble.com\/tr\/wp-json\/wp\/v2\/types\/page"}],"author":[{"embeddable":true,"href":"https:\/\/www.karartmarble.com\/tr\/wp-json\/wp\/v2\/users\/10"}],"replies":[{"embeddable":true,"href":"https:\/\/www.karartmarble.com\/tr\/wp-json\/wp\/v2\/comments?post=20918"}],"version-history":[{"count":0,"href":"https:\/\/www.karartmarble.com\/tr\/wp-json\/wp\/v2\/pages\/20918\/revisions"}],"wp:attachment":[{"href":"https:\/\/www.karartmarble.com\/tr\/wp-json\/wp\/v2\/media?parent=20918"}],"curies":[{"name":"wp","href":"https:\/\/api.w.org\/{rel}","templated":true}]}}