{"id":24287,"date":"2024-01-04T15:21:24","date_gmt":"2024-01-04T12:21:24","guid":{"rendered":"https:\/\/karartmarble.com\/thank-you-contact-form\/"},"modified":"2024-01-04T15:31:34","modified_gmt":"2024-01-04T12:31:34","slug":"tesekkurler-iletisim-formu","status":"publish","type":"page","link":"https:\/\/www.karartmarble.com\/tr\/tesekkurler-iletisim-formu\/","title":{"rendered":"Te\u015fekk\u00fcrler \u0130leti\u015fim Formu"},"content":{"rendered":"\t\t<div data-elementor-type=\"wp-page\" data-elementor-id=\"24287\" class=\"elementor elementor-24287 elementor-24275\" data-elementor-post-type=\"page\">\n\t\t\t\t\t\t<section class=\"elementor-section elementor-top-section elementor-element elementor-element-a55fd5d elementor-section-boxed elementor-section-height-default elementor-section-height-default\" data-id=\"a55fd5d\" data-element_type=\"section\" data-e-type=\"section\">\n\t\t\t\t\t\t<div class=\"elementor-container elementor-column-gap-default\">\n\t\t\t\t\t<div class=\"elementor-column elementor-col-100 elementor-top-column elementor-element elementor-element-36f5ae5\" data-id=\"36f5ae5\" data-element_type=\"column\" data-e-type=\"column\">\n\t\t\t<div class=\"elementor-widget-wrap\">\n\t\t\t\t\t\t\t<\/div>\n\t\t<\/div>\n\t\t\t\t\t<\/div>\n\t\t<\/section>\n\t\t\t\t<section class=\"elementor-section elementor-top-section elementor-element elementor-element-863cc79 elementor-section-boxed elementor-section-height-default elementor-section-height-default\" data-id=\"863cc79\" data-element_type=\"section\" data-e-type=\"section\">\n\t\t\t\t\t\t<div class=\"elementor-container elementor-column-gap-default\">\n\t\t\t\t\t<div class=\"elementor-column elementor-col-100 elementor-top-column elementor-element elementor-element-b20e233\" data-id=\"b20e233\" data-element_type=\"column\" data-e-type=\"column\">\n\t\t\t<div class=\"elementor-widget-wrap elementor-element-populated\">\n\t\t\t\t\t\t<div class=\"elementor-element elementor-element-b97db9f elementor-widget elementor-widget-heading\" data-id=\"b97db9f\" data-element_type=\"widget\" data-e-type=\"widget\" data-widget_type=\"heading.default\">\n\t\t\t\t<div class=\"elementor-widget-container\">\n\t\t\t\t\t<h2 class=\"elementor-heading-title elementor-size-large\">TE\u015eEKK\u00dcR EDER\u0130Z<\/h2>\t\t\t\t<\/div>\n\t\t\t\t<\/div>\n\t\t\t\t\t<\/div>\n\t\t<\/div>\n\t\t\t\t\t<\/div>\n\t\t<\/section>\n\t\t\t\t<section class=\"elementor-section elementor-top-section elementor-element elementor-element-0178fc6 elementor-section-boxed elementor-section-height-default elementor-section-height-default\" data-id=\"0178fc6\" data-element_type=\"section\" data-e-type=\"section\">\n\t\t\t\t\t\t<div class=\"elementor-container elementor-column-gap-default\">\n\t\t\t\t\t<div class=\"elementor-column elementor-col-100 elementor-top-column elementor-element elementor-element-7a29985\" data-id=\"7a29985\" data-element_type=\"column\" data-e-type=\"column\">\n\t\t\t<div class=\"elementor-widget-wrap elementor-element-populated\">\n\t\t\t\t\t\t<div class=\"elementor-element elementor-element-732b940 elementor-widget elementor-widget-text-editor\" data-id=\"732b940\" data-element_type=\"widget\" data-e-type=\"widget\" data-widget_type=\"text-editor.default\">\n\t\t\t\t<div class=\"elementor-widget-container\">\n\t\t\t\t\t\t\t\t\t<p><img decoding=\"async\" class=\"alignnone wp-image-24279\" src=\"https:\/\/karartmarble.com\/wp-content\/uploads\/2024\/01\/check-1.png\" alt=\"\" width=\"180\" height=\"180\" title=\"\" srcset=\"https:\/\/www.karartmarble.com\/wp-content\/uploads\/2024\/01\/check-1.png 512w, https:\/\/www.karartmarble.com\/wp-content\/uploads\/2024\/01\/check-1-150x150.png 150w, https:\/\/www.karartmarble.com\/wp-content\/uploads\/2024\/01\/check-1-300x300.png 300w, https:\/\/www.karartmarble.com\/wp-content\/uploads\/2024\/01\/check-1-100x100.png 100w, https:\/\/www.karartmarble.com\/wp-content\/uploads\/2024\/01\/check-1-1x1.png 1w, https:\/\/www.karartmarble.com\/wp-content\/uploads\/2024\/01\/check-1-10x10.png 10w\" sizes=\"(max-width: 180px) 100vw, 180px\" \/><\/p>\t\t\t\t\t\t\t\t<\/div>\n\t\t\t\t<\/div>\n\t\t\t\t\t<\/div>\n\t\t<\/div>\n\t\t\t\t\t<\/div>\n\t\t<\/section>\n\t\t\t\t<section class=\"elementor-section elementor-top-section elementor-element elementor-element-4665819 elementor-section-boxed elementor-section-height-default elementor-section-height-default\" data-id=\"4665819\" data-element_type=\"section\" data-e-type=\"section\">\n\t\t\t\t\t\t<div class=\"elementor-container elementor-column-gap-default\">\n\t\t\t\t\t<div class=\"elementor-column elementor-col-100 elementor-top-column elementor-element elementor-element-323e195\" data-id=\"323e195\" data-element_type=\"column\" data-e-type=\"column\">\n\t\t\t<div class=\"elementor-widget-wrap elementor-element-populated\">\n\t\t\t\t\t\t<div class=\"elementor-element elementor-element-e9a5a42 elementor-widget elementor-widget-text-editor\" data-id=\"e9a5a42\" data-element_type=\"widget\" data-e-type=\"widget\" data-widget_type=\"text-editor.default\">\n\t\t\t\t<div class=\"elementor-widget-container\">\n\t\t\t\t\t\t\t\t\t<p>\u0130leti\u015fim formunuz ba\u015far\u0131yla taraf\u0131m\u0131za ula\u015fm\u0131\u015ft\u0131r. Profesyonel ekibimiz, talebinizi en k\u0131sa s\u00fcrede detayl\u0131 bir \u015fekilde de\u011ferlendirecek ve sizinle ileti\u015fime ge\u00e7ecektir.<\/p><p>\u0130letmek istedi\u011finiz ba\u015fka bir konu var ise, l\u00fctfen <a target=\"_new\">info@karartmarble.com<\/a> adresinden bize e-posta g\u00f6nderebilir veya 90 252 400 00 47 numaral\u0131 telefon numaram\u0131zdan bizimle ileti\u015fime ge\u00e7ebilirsiniz.<\/p><p>\u0130lginiz ve g\u00fcveniniz i\u00e7in te\u015fekk\u00fcr ederiz<br \/><br \/>Kar Art Marble Sat\u0131\u015f Ekibi<\/p>\t\t\t\t\t\t\t\t<\/div>\n\t\t\t\t<\/div>\n\t\t\t\t\t<\/div>\n\t\t<\/div>\n\t\t\t\t\t<\/div>\n\t\t<\/section>\n\t\t\t\t<section class=\"elementor-section elementor-top-section elementor-element elementor-element-20fa846 elementor-section-boxed elementor-section-height-default elementor-section-height-default\" data-id=\"20fa846\" data-element_type=\"section\" data-e-type=\"section\">\n\t\t\t\t\t\t<div class=\"elementor-container elementor-column-gap-default\">\n\t\t\t\t\t<div class=\"elementor-column elementor-col-100 elementor-top-column elementor-element elementor-element-91bee93\" data-id=\"91bee93\" data-element_type=\"column\" data-e-type=\"column\">\n\t\t\t<div class=\"elementor-widget-wrap\">\n\t\t\t\t\t\t\t<\/div>\n\t\t<\/div>\n\t\t\t\t\t<\/div>\n\t\t<\/section>\n\t\t\t\t<\/div>\n\t\t","protected":false},"excerpt":{"rendered":"<p>TE\u015eEKK\u00dcR EDER\u0130Z \u0130leti\u015fim formunuz ba\u015far\u0131yla taraf\u0131m\u0131za ula\u015fm\u0131\u015ft\u0131r. Profesyonel ekibimiz, talebinizi en k\u0131sa s\u00fcrede detayl\u0131 bir \u015fekilde de\u011ferlendirecek&#8230;<\/p>\n","protected":false},"author":10,"featured_media":0,"parent":0,"menu_order":0,"comment_status":"closed","ping_status":"closed","template":"","meta":{"inline_featured_image":false,"footnotes":""},"class_list":["post-24287","page","type-page","status-publish","hentry"],"_links":{"self":[{"href":"https:\/\/www.karartmarble.com\/tr\/wp-json\/wp\/v2\/pages\/24287","targetHints":{"allow":["GET"]}}],"collection":[{"href":"https:\/\/www.karartmarble.com\/tr\/wp-json\/wp\/v2\/pages"}],"about":[{"href":"https:\/\/www.karartmarble.com\/tr\/wp-json\/wp\/v2\/types\/page"}],"author":[{"embeddable":true,"href":"https:\/\/www.karartmarble.com\/tr\/wp-json\/wp\/v2\/users\/10"}],"replies":[{"embeddable":true,"href":"https:\/\/www.karartmarble.com\/tr\/wp-json\/wp\/v2\/comments?post=24287"}],"version-history":[{"count":0,"href":"https:\/\/www.karartmarble.com\/tr\/wp-json\/wp\/v2\/pages\/24287\/revisions"}],"wp:attachment":[{"href":"https:\/\/www.karartmarble.com\/tr\/wp-json\/wp\/v2\/media?parent=24287"}],"curies":[{"name":"wp","href":"https:\/\/api.w.org\/{rel}","templated":true}]}}