{"id":6783,"date":"2023-06-20T00:25:27","date_gmt":"2023-06-19T21:25:27","guid":{"rendered":"https:\/\/karartmarble.com\/tasarim-danismanlik\/"},"modified":"2023-10-22T02:48:20","modified_gmt":"2023-10-21T23:48:20","slug":"consulting","status":"publish","type":"page","link":"https:\/\/www.karartmarble.com\/tr\/consulting\/","title":{"rendered":"Consulting"},"content":{"rendered":"\t\t<div data-elementor-type=\"wp-page\" data-elementor-id=\"6783\" class=\"elementor elementor-6783 elementor-3184\" data-elementor-post-type=\"page\">\n\t\t\t\t\t\t<section class=\"elementor-section elementor-top-section elementor-element elementor-element-8aa3f20 elementor-section-boxed elementor-section-height-default elementor-section-height-default\" data-id=\"8aa3f20\" data-element_type=\"section\" data-e-type=\"section\">\n\t\t\t\t\t\t<div class=\"elementor-container elementor-column-gap-default\">\n\t\t\t\t\t<div class=\"elementor-column elementor-col-100 elementor-top-column elementor-element elementor-element-acf9150\" data-id=\"acf9150\" data-element_type=\"column\" data-e-type=\"column\">\n\t\t\t<div class=\"elementor-widget-wrap elementor-element-populated\">\n\t\t\t\t\t\t<div class=\"elementor-element elementor-element-890a85a elementor-widget elementor-widget-heading\" data-id=\"890a85a\" data-element_type=\"widget\" data-e-type=\"widget\" data-widget_type=\"heading.default\">\n\t\t\t\t<div class=\"elementor-widget-container\">\n\t\t\t\t\t<h2 class=\"elementor-heading-title elementor-size-default\">Kar Art Tasar\u0131m &amp; Dan\u0131\u015fmanl\u0131k<\/h2>\t\t\t\t<\/div>\n\t\t\t\t<\/div>\n\t\t\t\t\t<\/div>\n\t\t<\/div>\n\t\t\t\t\t<\/div>\n\t\t<\/section>\n\t\t\t\t<section class=\"elementor-section elementor-top-section elementor-element elementor-element-2ec231e elementor-section-boxed elementor-section-height-default elementor-section-height-default\" data-id=\"2ec231e\" data-element_type=\"section\" data-e-type=\"section\">\n\t\t\t\t\t\t<div class=\"elementor-container elementor-column-gap-default\">\n\t\t\t\t\t<div class=\"elementor-column elementor-col-33 elementor-top-column elementor-element elementor-element-5f5e49c\" data-id=\"5f5e49c\" data-element_type=\"column\" data-e-type=\"column\">\n\t\t\t<div class=\"elementor-widget-wrap\">\n\t\t\t\t\t\t\t<\/div>\n\t\t<\/div>\n\t\t\t\t<div class=\"elementor-column elementor-col-33 elementor-top-column elementor-element elementor-element-119a631\" data-id=\"119a631\" data-element_type=\"column\" data-e-type=\"column\">\n\t\t\t<div class=\"elementor-widget-wrap elementor-element-populated\">\n\t\t\t\t\t\t<div class=\"elementor-element elementor-element-b29f8a3 elementor-widget__width-initial elementor-widget elementor-widget-heading\" data-id=\"b29f8a3\" data-element_type=\"widget\" data-e-type=\"widget\" data-widget_type=\"heading.default\">\n\t\t\t\t<div class=\"elementor-widget-container\">\n\t\t\t\t\t<p class=\"elementor-heading-title elementor-size-default\">Dinlemenin ve i\u015fbirli\u011finin g\u00fcc\u00fcne inan\u0131yoruz. Vizyonunuzu anlamak, fikirlerinizi ve hedeflerinizi \u00f6\u011frenmek ve bunlar\u0131 yenilik\u00e7i 3D tasar\u0131mla hayata ge\u00e7irmek i\u00e7in buraday\u0131z.<\/p>\t\t\t\t<\/div>\n\t\t\t\t<\/div>\n\t\t\t\t\t<\/div>\n\t\t<\/div>\n\t\t\t\t<div class=\"elementor-column elementor-col-33 elementor-top-column elementor-element elementor-element-09e5fcd\" data-id=\"09e5fcd\" data-element_type=\"column\" data-e-type=\"column\">\n\t\t\t<div class=\"elementor-widget-wrap\">\n\t\t\t\t\t\t\t<\/div>\n\t\t<\/div>\n\t\t\t\t\t<\/div>\n\t\t<\/section>\n\t\t\t\t<section class=\"elementor-section elementor-top-section elementor-element elementor-element-17035e9 elementor-section-full_width elementor-section-stretched elementor-section-height-default elementor-section-height-default\" data-id=\"17035e9\" data-element_type=\"section\" data-e-type=\"section\" data-settings=\"{&quot;stretch_section&quot;:&quot;section-stretched&quot;}\">\n\t\t\t\t\t\t<div class=\"elementor-container elementor-column-gap-default\">\n\t\t\t\t\t<div class=\"elementor-column elementor-col-100 elementor-top-column elementor-element elementor-element-f80a301\" data-id=\"f80a301\" data-element_type=\"column\" data-e-type=\"column\">\n\t\t\t<div class=\"elementor-widget-wrap elementor-element-populated\">\n\t\t\t\t\t\t<div class=\"elementor-element elementor-element-cf670ef elementor-widget__width-initial elementor-widget elementor-widget-image\" data-id=\"cf670ef\" data-element_type=\"widget\" data-e-type=\"widget\" data-widget_type=\"image.default\">\n\t\t\t\t<div class=\"elementor-widget-container\">\n\t\t\t\t\t\t\t\t\t\t\t\t\t\t\t<img fetchpriority=\"high\" decoding=\"async\" width=\"1024\" height=\"688\" src=\"https:\/\/www.karartmarble.com\/wp-content\/uploads\/2023\/07\/Sienna-Deneme-Render--10x7.jpg\" class=\"attachment-medium size-medium wp-image-4185 lazyload lazyload-lqip et-lazyload-fadeIn\" alt=\"Sienna mermer oda tasarim\" sizes=\"(max-width: 1024px) 100vw, 1024px\" data-src=\"https:\/\/www.karartmarble.com\/wp-content\/uploads\/2023\/07\/Sienna-Deneme-Render--1024x688.jpg\" data-srcset=\"https:\/\/www.karartmarble.com\/wp-content\/uploads\/2023\/07\/Sienna-Deneme-Render--1024x688.jpg 1024w, https:\/\/www.karartmarble.com\/wp-content\/uploads\/2023\/07\/Sienna-Deneme-Render--768x516.jpg 768w, https:\/\/www.karartmarble.com\/wp-content\/uploads\/2023\/07\/Sienna-Deneme-Render--1536x1032.jpg 1536w, https:\/\/www.karartmarble.com\/wp-content\/uploads\/2023\/07\/Sienna-Deneme-Render--2048x1376.jpg 2048w, https:\/\/www.karartmarble.com\/wp-content\/uploads\/2023\/07\/Sienna-Deneme-Render--600x403.jpg 600w, https:\/\/www.karartmarble.com\/wp-content\/uploads\/2023\/07\/Sienna-Deneme-Render--1x1.jpg 1w, https:\/\/www.karartmarble.com\/wp-content\/uploads\/2023\/07\/Sienna-Deneme-Render--10x7.jpg 10w\" title=\"\" srcset=\"https:\/\/www.karartmarble.com\/wp-content\/uploads\/2023\/07\/Sienna-Deneme-Render--10x7.jpg 10w, https:\/\/www.karartmarble.com\/wp-content\/uploads\/2023\/07\/Sienna-Deneme-Render--1024x688.jpg 1024w, https:\/\/www.karartmarble.com\/wp-content\/uploads\/2023\/07\/Sienna-Deneme-Render--768x516.jpg 768w, https:\/\/www.karartmarble.com\/wp-content\/uploads\/2023\/07\/Sienna-Deneme-Render--1536x1032.jpg 1536w, https:\/\/www.karartmarble.com\/wp-content\/uploads\/2023\/07\/Sienna-Deneme-Render--2048x1376.jpg 2048w, https:\/\/www.karartmarble.com\/wp-content\/uploads\/2023\/07\/Sienna-Deneme-Render--600x403.jpg 600w, https:\/\/www.karartmarble.com\/wp-content\/uploads\/2023\/07\/Sienna-Deneme-Render--1x1.jpg 1w\" \/>\t\t\t\t\t\t\t\t\t\t\t\t\t\t\t<\/div>\n\t\t\t\t<\/div>\n\t\t\t\t\t<\/div>\n\t\t<\/div>\n\t\t\t\t\t<\/div>\n\t\t<\/section>\n\t\t\t\t<section class=\"elementor-section elementor-top-section elementor-element elementor-element-87bf500 elementor-section-boxed elementor-section-height-default elementor-section-height-default\" data-id=\"87bf500\" data-element_type=\"section\" data-e-type=\"section\">\n\t\t\t\t\t\t<div class=\"elementor-container elementor-column-gap-default\">\n\t\t\t\t\t<div class=\"elementor-column elementor-col-20 elementor-top-column elementor-element elementor-element-276684f5\" data-id=\"276684f5\" data-element_type=\"column\" data-e-type=\"column\">\n\t\t\t<div class=\"elementor-widget-wrap elementor-element-populated\">\n\t\t\t\t\t\t<div class=\"elementor-element elementor-element-19d645a elementor-align-left elementor-widget__width-initial elementor-widget elementor-widget-etheme_icon_box\" data-id=\"19d645a\" data-element_type=\"widget\" data-e-type=\"widget\" data-settings=\"{&quot;icon_type&quot;:&quot;image&quot;}\" data-widget_type=\"etheme_icon_box.default\">\n\t\t\t\t<div class=\"elementor-widget-container\">\n\t\t\t\t\t\t\t\t<div class=\"etheme-icon-box etheme-icon-box-icon-position-left\">\n        \n                            \n                <div class=\"etheme-icon-box-icon etheme-icon-box-icon-type-image\">\n        \n                <img decoding=\"async\" width=\"512\" height=\"512\" src=\"https:\/\/www.karartmarble.com\/wp-content\/uploads\/2023\/06\/thinking.png\" class=\"attachment-full size-full wp-image-3187\" alt=\"mermer tasarim\" srcset=\"https:\/\/www.karartmarble.com\/wp-content\/uploads\/2023\/06\/thinking.png 512w, https:\/\/www.karartmarble.com\/wp-content\/uploads\/2023\/06\/thinking-150x150.png 150w, https:\/\/www.karartmarble.com\/wp-content\/uploads\/2023\/06\/thinking-300x300.png 300w, https:\/\/www.karartmarble.com\/wp-content\/uploads\/2023\/06\/thinking-100x100.png 100w, https:\/\/www.karartmarble.com\/wp-content\/uploads\/2023\/06\/thinking-1x1.png 1w, https:\/\/www.karartmarble.com\/wp-content\/uploads\/2023\/06\/thinking-10x10.png 10w, https:\/\/www.karartmarble.com\/wp-content\/uploads\/2023\/06\/elementor\/thumbs\/thinking-q87lgyb4an6ktfzczgxhiv7met6v7dnerrsruq31da.png 75w\" sizes=\"(max-width: 512px) 100vw, 512px\" title=\"\">        \n                <\/div>\n            \n                <div class=\"etheme-icon-box-content\">\n\t\t\n                                        \n                                            <div class=\"etheme-icon-box-title\">\n                            <span>Hayal Et<\/span>\n                        <\/div>\n                    \t\t\n                    \n                            \n                <\/div>\n\t\t\t<\/div>\n\t\t\t\t\t\t<\/div>\n\t\t\t\t<\/div>\n\t\t\t\t\t<\/div>\n\t\t<\/div>\n\t\t\t\t<div class=\"elementor-column elementor-col-20 elementor-top-column elementor-element elementor-element-c189c90\" data-id=\"c189c90\" data-element_type=\"column\" data-e-type=\"column\">\n\t\t\t<div class=\"elementor-widget-wrap elementor-element-populated\">\n\t\t\t\t\t\t<section class=\"elementor-section elementor-inner-section elementor-element elementor-element-2a64300 elementor-section-boxed elementor-section-height-default elementor-section-height-default\" data-id=\"2a64300\" data-element_type=\"section\" data-e-type=\"section\">\n\t\t\t\t\t\t<div class=\"elementor-container elementor-column-gap-default\">\n\t\t\t\t\t<div class=\"elementor-column elementor-col-100 elementor-inner-column elementor-element elementor-element-0af5716\" data-id=\"0af5716\" data-element_type=\"column\" data-e-type=\"column\">\n\t\t\t<div class=\"elementor-widget-wrap elementor-element-populated\">\n\t\t\t\t\t\t<div class=\"elementor-element elementor-element-d72be69 elementor-widget elementor-widget-heading\" data-id=\"d72be69\" data-element_type=\"widget\" data-e-type=\"widget\" data-widget_type=\"heading.default\">\n\t\t\t\t<div class=\"elementor-widget-container\">\n\t\t\t\t\t<h2 class=\"elementor-heading-title elementor-size-default\">&gt;<\/h2>\t\t\t\t<\/div>\n\t\t\t\t<\/div>\n\t\t\t\t\t<\/div>\n\t\t<\/div>\n\t\t\t\t\t<\/div>\n\t\t<\/section>\n\t\t\t\t\t<\/div>\n\t\t<\/div>\n\t\t\t\t<div class=\"elementor-column elementor-col-20 elementor-top-column elementor-element elementor-element-a8b0343\" data-id=\"a8b0343\" data-element_type=\"column\" data-e-type=\"column\">\n\t\t\t<div class=\"elementor-widget-wrap elementor-element-populated\">\n\t\t\t\t\t\t<div class=\"elementor-element elementor-element-a7fb487 elementor-align-left elementor-widget__width-initial elementor-widget elementor-widget-etheme_icon_box\" data-id=\"a7fb487\" data-element_type=\"widget\" data-e-type=\"widget\" data-settings=\"{&quot;icon_type&quot;:&quot;image&quot;}\" data-widget_type=\"etheme_icon_box.default\">\n\t\t\t\t<div class=\"elementor-widget-container\">\n\t\t\t\t\t\t\t\t<div class=\"etheme-icon-box etheme-icon-box-icon-position-left\">\n        \n                            \n                <div class=\"etheme-icon-box-icon etheme-icon-box-icon-type-image\">\n        \n                <img decoding=\"async\" width=\"512\" height=\"512\" src=\"https:\/\/www.karartmarble.com\/wp-content\/uploads\/2023\/06\/measure.png\" class=\"attachment-full size-full wp-image-3192\" alt=\"mermer dizayn fikri\" srcset=\"https:\/\/www.karartmarble.com\/wp-content\/uploads\/2023\/06\/measure.png 512w, https:\/\/www.karartmarble.com\/wp-content\/uploads\/2023\/06\/measure-150x150.png 150w, https:\/\/www.karartmarble.com\/wp-content\/uploads\/2023\/06\/measure-300x300.png 300w, https:\/\/www.karartmarble.com\/wp-content\/uploads\/2023\/06\/measure-100x100.png 100w, https:\/\/www.karartmarble.com\/wp-content\/uploads\/2023\/06\/measure-1x1.png 1w, https:\/\/www.karartmarble.com\/wp-content\/uploads\/2023\/06\/measure-10x10.png 10w\" sizes=\"(max-width: 512px) 100vw, 512px\" title=\"\">        \n                <\/div>\n            \n                <div class=\"etheme-icon-box-content\">\n\t\t\n                                        \n                                            <div class=\"etheme-icon-box-title\">\n                            <span>Planla & Tasarla<\/span>\n                        <\/div>\n                    \t\t\n                    \n                            \n                <\/div>\n\t\t\t<\/div>\n\t\t\t\t\t\t<\/div>\n\t\t\t\t<\/div>\n\t\t\t\t\t<\/div>\n\t\t<\/div>\n\t\t\t\t<div class=\"elementor-column elementor-col-20 elementor-top-column elementor-element elementor-element-4c508d1\" data-id=\"4c508d1\" data-element_type=\"column\" data-e-type=\"column\">\n\t\t\t<div class=\"elementor-widget-wrap elementor-element-populated\">\n\t\t\t\t\t\t<section class=\"elementor-section elementor-inner-section elementor-element elementor-element-9c2c14e elementor-section-boxed elementor-section-height-default elementor-section-height-default\" data-id=\"9c2c14e\" data-element_type=\"section\" data-e-type=\"section\">\n\t\t\t\t\t\t<div class=\"elementor-container elementor-column-gap-default\">\n\t\t\t\t\t<div class=\"elementor-column elementor-col-100 elementor-inner-column elementor-element elementor-element-cee9b26\" data-id=\"cee9b26\" data-element_type=\"column\" data-e-type=\"column\">\n\t\t\t<div class=\"elementor-widget-wrap elementor-element-populated\">\n\t\t\t\t\t\t<div class=\"elementor-element elementor-element-1905f69 elementor-widget elementor-widget-heading\" data-id=\"1905f69\" data-element_type=\"widget\" data-e-type=\"widget\" data-widget_type=\"heading.default\">\n\t\t\t\t<div class=\"elementor-widget-container\">\n\t\t\t\t\t<h2 class=\"elementor-heading-title elementor-size-default\">&gt;<\/h2>\t\t\t\t<\/div>\n\t\t\t\t<\/div>\n\t\t\t\t\t<\/div>\n\t\t<\/div>\n\t\t\t\t\t<\/div>\n\t\t<\/section>\n\t\t\t\t\t<\/div>\n\t\t<\/div>\n\t\t\t\t<div class=\"elementor-column elementor-col-20 elementor-top-column elementor-element elementor-element-69d284fa\" data-id=\"69d284fa\" data-element_type=\"column\" data-e-type=\"column\">\n\t\t\t<div class=\"elementor-widget-wrap elementor-element-populated\">\n\t\t\t\t\t\t<div class=\"elementor-element elementor-element-7654dd19 elementor-align-left elementor-widget__width-initial elementor-widget elementor-widget-etheme_icon_box\" data-id=\"7654dd19\" data-element_type=\"widget\" data-e-type=\"widget\" data-settings=\"{&quot;icon_type&quot;:&quot;image&quot;}\" data-widget_type=\"etheme_icon_box.default\">\n\t\t\t\t<div class=\"elementor-widget-container\">\n\t\t\t\t\t\t\t\t<div class=\"etheme-icon-box etheme-icon-box-icon-position-left\">\n        \n                            \n                <div class=\"etheme-icon-box-icon etheme-icon-box-icon-type-image\">\n        \n                <img loading=\"lazy\" decoding=\"async\" width=\"512\" height=\"512\" src=\"https:\/\/www.karartmarble.com\/wp-content\/uploads\/2023\/06\/communication.png\" class=\"attachment-full size-full wp-image-3191\" alt=\"\" srcset=\"https:\/\/www.karartmarble.com\/wp-content\/uploads\/2023\/06\/communication.png 512w, https:\/\/www.karartmarble.com\/wp-content\/uploads\/2023\/06\/communication-150x150.png 150w, https:\/\/www.karartmarble.com\/wp-content\/uploads\/2023\/06\/communication-300x300.png 300w, https:\/\/www.karartmarble.com\/wp-content\/uploads\/2023\/06\/communication-100x100.png 100w, https:\/\/www.karartmarble.com\/wp-content\/uploads\/2023\/06\/communication-1x1.png 1w, https:\/\/www.karartmarble.com\/wp-content\/uploads\/2023\/06\/communication-10x10.png 10w\" sizes=\"(max-width: 512px) 100vw, 512px\" title=\"\">        \n                <\/div>\n            \n                <div class=\"etheme-icon-box-content\">\n\t\t\n                                        \n                                            <div class=\"etheme-icon-box-title\">\n                            <span>H\u0131zl\u0131 Teslimat<\/span>\n                        <\/div>\n                    \t\t\n                    \n                            \n                <\/div>\n\t\t\t<\/div>\n\t\t\t\t\t\t<\/div>\n\t\t\t\t<\/div>\n\t\t\t\t\t<\/div>\n\t\t<\/div>\n\t\t\t\t\t<\/div>\n\t\t<\/section>\n\t\t\t\t<section class=\"elementor-section elementor-top-section elementor-element elementor-element-543f419 elementor-section-content-middle elementor-section-stretched elementor-section-boxed elementor-section-height-default elementor-section-height-default\" data-id=\"543f419\" data-element_type=\"section\" data-e-type=\"section\" data-settings=\"{&quot;stretch_section&quot;:&quot;section-stretched&quot;}\">\n\t\t\t\t\t\t<div class=\"elementor-container elementor-column-gap-custom\">\n\t\t\t\t\t<div class=\"elementor-column elementor-col-50 elementor-top-column elementor-element elementor-element-6c5132a2\" data-id=\"6c5132a2\" data-element_type=\"column\" data-e-type=\"column\">\n\t\t\t<div class=\"elementor-widget-wrap elementor-element-populated\">\n\t\t\t\t\t\t<div class=\"elementor-element elementor-element-4b4ce2ef elementor-widget elementor-widget-text-editor\" data-id=\"4b4ce2ef\" data-element_type=\"widget\" data-e-type=\"widget\" data-widget_type=\"text-editor.default\">\n\t\t\t\t<div class=\"elementor-widget-container\">\n\t\t\t\t\t\t\t\t\t<p>Kar Art Marble&#8217;da, 3D tasar\u0131m dan\u0131\u015fmanl\u0131\u011f\u0131n\u0131 30 y\u0131l\u0131 a\u015fk\u0131n mermer uzmanl\u0131\u011f\u0131yla birle\u015ftiren tasar\u0131m vizyonerleriniziz. Hayallerinizi hayata ge\u00e7iriyoruz.<\/p><p>Deneyimli ekibimiz, vizyonunuzu hayata ge\u00e7irmek i\u00e7in 3D hassasiyetini kullanarak sizinle yak\u0131n bir \u015fekilde \u00e7al\u0131\u015f\u0131r. Kalitesiyle d\u00fcnya \u00e7ap\u0131nda tan\u0131nan mermerimiz, projelerinize zamans\u0131z bir zarafet kat\u0131yor. Ba\u015flamaya haz\u0131r m\u0131s\u0131n\u0131z? Fikirlerinizi \u00e7arp\u0131c\u0131 bir ger\u00e7ekli\u011fe d\u00f6n\u00fc\u015ft\u00fcrmek i\u00e7in ekibimizle ileti\u015fime ge\u00e7in.<\/p>\t\t\t\t\t\t\t\t<\/div>\n\t\t\t\t<\/div>\n\t\t\t\t<div class=\"elementor-element elementor-element-3698248c elementor-widget elementor-widget-button\" data-id=\"3698248c\" data-element_type=\"widget\" data-e-type=\"widget\" data-widget_type=\"button.default\">\n\t\t\t\t<div class=\"elementor-widget-container\">\n\t\t\t\t\t\t\t\t\t<div class=\"elementor-button-wrapper\">\n\t\t\t\t\t<a class=\"elementor-button elementor-button-link elementor-size-md\" href=\"\/tr\/iletisim\">\n\t\t\t\t\t\t<span class=\"elementor-button-content-wrapper\">\n\t\t\t\t\t\t\t\t\t<span class=\"elementor-button-text\">Bize Ula\u015f\u0131n<\/span>\n\t\t\t\t\t<\/span>\n\t\t\t\t\t<\/a>\n\t\t\t\t<\/div>\n\t\t\t\t\t\t\t\t<\/div>\n\t\t\t\t<\/div>\n\t\t\t\t\t<\/div>\n\t\t<\/div>\n\t\t\t\t<div class=\"elementor-column elementor-col-50 elementor-top-column elementor-element elementor-element-45389cb\" data-id=\"45389cb\" data-element_type=\"column\" data-e-type=\"column\">\n\t\t\t<div class=\"elementor-widget-wrap elementor-element-populated\">\n\t\t\t\t\t\t<div class=\"elementor-element elementor-element-d7230b0 elementor-widget elementor-widget-image\" data-id=\"d7230b0\" data-element_type=\"widget\" data-e-type=\"widget\" data-widget_type=\"image.default\">\n\t\t\t\t<div class=\"elementor-widget-container\">\n\t\t\t\t\t\t\t\t\t\t\t\t\t\t\t<img decoding=\"async\" src=\"https:\/\/www.karartmarble.com\/wp-content\/uploads\/elementor\/thumbs\/Mermer-Masa-Deneme-Render-2-rg079ax83spwx1nfz1m7aujbqha0hls6cxsaqhtr1c.webp\" title=\"mermer masa tasarim\" alt=\"mermer masa tasarim\" loading=\"lazy\" \/>\t\t\t\t\t\t\t\t\t\t\t\t\t\t\t<\/div>\n\t\t\t\t<\/div>\n\t\t\t\t\t<\/div>\n\t\t<\/div>\n\t\t\t\t\t<\/div>\n\t\t<\/section>\n\t\t\t\t<\/div>\n\t\t","protected":false},"excerpt":{"rendered":"<p>Kar Art Tasar\u0131m &#038; Dan\u0131\u015fmanl\u0131k Dinlemenin ve i\u015fbirli\u011finin g\u00fcc\u00fcne inan\u0131yoruz. Vizyonunuzu anlamak, fikirlerinizi ve hedeflerinizi \u00f6\u011frenmek ve&#8230;<\/p>\n","protected":false},"author":10,"featured_media":0,"parent":0,"menu_order":0,"comment_status":"closed","ping_status":"closed","template":"","meta":{"inline_featured_image":false,"footnotes":""},"class_list":["post-6783","page","type-page","status-publish","hentry"],"_links":{"self":[{"href":"https:\/\/www.karartmarble.com\/tr\/wp-json\/wp\/v2\/pages\/6783","targetHints":{"allow":["GET"]}}],"collection":[{"href":"https:\/\/www.karartmarble.com\/tr\/wp-json\/wp\/v2\/pages"}],"about":[{"href":"https:\/\/www.karartmarble.com\/tr\/wp-json\/wp\/v2\/types\/page"}],"author":[{"embeddable":true,"href":"https:\/\/www.karartmarble.com\/tr\/wp-json\/wp\/v2\/users\/10"}],"replies":[{"embeddable":true,"href":"https:\/\/www.karartmarble.com\/tr\/wp-json\/wp\/v2\/comments?post=6783"}],"version-history":[{"count":0,"href":"https:\/\/www.karartmarble.com\/tr\/wp-json\/wp\/v2\/pages\/6783\/revisions"}],"wp:attachment":[{"href":"https:\/\/www.karartmarble.com\/tr\/wp-json\/wp\/v2\/media?parent=6783"}],"curies":[{"name":"wp","href":"https:\/\/api.w.org\/{rel}","templated":true}]}}