{"id":7542,"date":"2023-03-16T22:12:03","date_gmt":"2023-03-16T19:12:03","guid":{"rendered":"https:\/\/karartmarble.com\/privacy-and-gdpr\/"},"modified":"2023-10-22T03:28:10","modified_gmt":"2023-10-22T00:28:10","slug":"gizlilik-ve-kvkk","status":"publish","type":"page","link":"https:\/\/www.karartmarble.com\/tr\/gizlilik-ve-kvkk\/","title":{"rendered":"Gizlilik ve KVKK"},"content":{"rendered":"\n<h2 class=\"wp-block-heading\">Genel Bilgiler<\/h2>\n\n\n\n<p>This agreement contains the provisions and commitments regarding the processing of personal data during the use of the services offered by karartmarble.com (hereinafter referred to as &#8220;Our Site&#8221;).<\/p>\n\n\n\n<h2 class=\"wp-block-heading\">Tan\u0131mlar<\/h2>\n\n\n\n<p>a) Ki\u015fisel Veriler: Kimli\u011fi belirli veya belirlenebilir ger\u00e7ek ki\u015fiye ili\u015fkin her t\u00fcrl\u00fc bilgi,<br>b) Veri Sorumlusu: Ki\u015fisel verilerin i\u015fleme ama\u00e7lar\u0131n\u0131 ve vas\u0131talar\u0131n\u0131 belirleyen, veri kay\u0131t sistemini kuran, y\u00f6neten ve ki\u015fisel verileri i\u015fleyen ger\u00e7ek veya t\u00fczel ki\u015fi,<br>c) Veri \u0130\u015fleyen: Veri sorumlusunun verdi\u011fi yetkiye dayanarak ki\u015fisel verileri i\u015fleyen ger\u00e7ek veya t\u00fczel ki\u015fidir,<br>d) Veri Sahibi: Ki\u015fisel verisi i\u015flenen ger\u00e7ek ki\u015fi,<br>e) 6698 say\u0131l\u0131 Ki\u015fisel Verilerin Korunmas\u0131 Kanunu.<\/p>\n\n\n\n<h2 class=\"wp-block-heading\">Veri Sorumlusu<\/h2>\n\n\n\n<p>Kar Art Mermer Web Sitesi (bundan sonra &#8220;\u015eirket&#8221; olarak an\u0131lacakt\u0131r), ki\u015fisel verilerin i\u015flenmesinde veri sorumlusu s\u0131fat\u0131yla hareket etmekte ve ki\u015fisel verilerin i\u015flenmesine ili\u015fkin olarak 6698 say\u0131l\u0131 Ki\u015fisel Verilerin Korunmas\u0131 Kanunu (&#8220;KVKK&#8221;) uyar\u0131nca y\u00fck\u00fcml\u00fcl\u00fcklerini yerine getirmektedir.<\/p>\n\n\n\n<h2 class=\"wp-block-heading\">Toplanan Ki\u015fisel Veriler<\/h2>\n\n\n\n<p>Sitemizi ziyaret etti\u011finizde IP adresiniz, internet servis sa\u011flay\u0131c\u0131n\u0131z, kulland\u0131\u011f\u0131n\u0131z cihaz, i\u015fletim sistemi, taray\u0131c\u0131 tipi, ba\u011flant\u0131 h\u0131z\u0131 gibi teknik veriler toplanmaktad\u0131r. Bu veriler Sitemizi ve hizmetlerimizi geli\u015ftirmek, g\u00fcvenli\u011fini sa\u011flamak ve istatistiksel analizler yapmak amac\u0131yla kullan\u0131lmaktad\u0131r.<\/p>\n\n\n\n<p>Ki\u015fisel verilerinizi (ad, soyad, e-posta adresi, telefon numaras\u0131 vb.) Sitemizdeki \u00fcyelik veya ileti\u015fim formlar\u0131n\u0131 doldurarak veya ba\u015fka bir \u015fekilde bizimle ileti\u015fime ge\u00e7erek de payla\u015fabilirsiniz. Bu veriler, hizmetlerimizi sunmak, taleplerinizi kar\u015f\u0131lamak, size \u00f6zel teklifler sunmak ve sizinle ileti\u015fim kurmak i\u00e7in kullan\u0131l\u0131r.<\/p>\n\n\n\n<h2 class=\"wp-block-heading\">Ki\u015fisel Verilerin \u0130\u015flenmesi<\/h2>\n\n\n\n<p>\u015eirket, toplanan ki\u015fisel verileri yaln\u0131zca a\u015fa\u011f\u0131daki ama\u00e7larla i\u015fleyecektir:<\/p>\n\n\n\n<p>M\u00fc\u015fterilere hizmet sunmak ve m\u00fc\u015fteri taleplerini kar\u015f\u0131lamak<\/p>\n\n\n\n<p>\u00dcr\u00fcn ve hizmetlerin tan\u0131t\u0131m\u0131 ve pazarlanmas\u0131<\/p>\n\n\n\n<p>\u0130statistiksel analizler yapmak<\/p>\n\n\n\n<h2 class=\"wp-block-heading\">Ki\u015fisel Verilerin Aktar\u0131lmas\u0131<\/h2>\n\n\n\n<p>\u015eirket, m\u00fc\u015fterinin \u00f6nceden a\u00e7\u0131k r\u0131zas\u0131 olmadan ki\u015fisel verileri \u00fc\u00e7\u00fcnc\u00fc taraflarla payla\u015fmayacakt\u0131r.<\/p>\n\n\n\n<h2 class=\"wp-block-heading\">Ki\u015fisel Verilerin G\u00fcvenli\u011fi<\/h2>\n\n\n\n<p>\u015eirket, ki\u015fisel verilerin g\u00fcvenli\u011fini sa\u011flamak i\u00e7in uygun teknik ve idari tedbirleri almaktad\u0131r.<\/p>\n\n\n\n<h2 class=\"wp-block-heading\">Ki\u015fisel Verilerin Saklanmas\u0131<\/h2>\n\n\n\n<p>\u015eirket, ki\u015fisel verileri i\u015fleme ama\u00e7lar\u0131na uygun olarak saklayacakt\u0131r. Ki\u015fisel verilerin saklanma s\u00fcresi KVKK&#8217;ya uygun olarak belirlenecektir.<\/p>\n\n\n\n<p>Ki\u015fisel Veri Sahibinin Haklar\u0131<\/p>\n\n\n\n<p>KVKK uyar\u0131nca ki\u015fisel veri sahipleri a\u015fa\u011f\u0131daki haklara sahiptir<\/p>\n\n\n\n<p>Ki\u015fisel verilerinin i\u015flenip i\u015flenmedi\u011fini \u00f6\u011frenme<\/p>\n\n\n\n<p>Ki\u015fisel verilerin i\u015flenme ama\u00e7lar\u0131n\u0131 \u00f6\u011frenme<\/p>\n\n\n\n<p>Yurt i\u00e7inde veya yurt d\u0131\u015f\u0131nda ki\u015fisel verilerin aktar\u0131ld\u0131\u011f\u0131 \u00fc\u00e7\u00fcnc\u00fc ki\u015fileri bilme<\/p>\n\n\n\n<p>Ki\u015fisel verilerin eksik veya yanl\u0131\u015f i\u015flenmi\u015f olmas\u0131 h\u00e2linde bunlar\u0131n d\u00fczeltilmesini isteme<\/p>\n\n\n\n<p>KVKK ve ilgili di\u011fer mevzuata uygun olarak ki\u015fisel verilerin silinmesini veya yok edilmesini isteme<\/p>\n\n\n\n<p>Ki\u015fisel verilerin d\u00fczeltilmesi, silinmesi ya da yok edilmesi halinde bu i\u015flemlerin ki\u015fisel verilerin aktar\u0131ld\u0131\u011f\u0131 \u00fc\u00e7\u00fcnc\u00fc ki\u015filere bildirilmesini isteme<\/p>\n\n\n\n<p>Ki\u015fisel verilerin kanuna ayk\u0131r\u0131 olarak i\u015flenmesi sebebiyle zarara u\u011framas\u0131 h\u00e2linde zarar\u0131n giderilmesini talep etme<\/p>\n\n\n\n<p>\u0130leti\u015fim Bilgileri<\/p>\n\n\n\n<p>KVKK kapsam\u0131nda ki\u015fisel verilerinize ili\u015fkin talep ve \u015fikayetleriniz i\u00e7in \u015eirket&#8217;in a\u015fa\u011f\u0131da yer alan ileti\u015fim bilgilerini kullanabilirsiniz:<\/p>\n\n\n\n<p>Kar Art Mermer Web Sitesi<br>sales@karartmarble.com<\/p>\n\n\n\n<p>Bu site reCAPTCHA taraf\u0131ndan korunmaktad\u0131r ve Google Gizlilik Politikas\u0131 ve Hizmet \u015eartlar\u0131 ge\u00e7erlidir.<\/p>\n","protected":false},"excerpt":{"rendered":"<p>Genel Bilgiler This agreement contains the provisions and commitments regarding the processing of personal data during the&#8230;<\/p>\n","protected":false},"author":10,"featured_media":0,"parent":0,"menu_order":0,"comment_status":"closed","ping_status":"open","template":"","meta":{"inline_featured_image":false,"footnotes":""},"class_list":["post-7542","page","type-page","status-publish","hentry"],"_links":{"self":[{"href":"https:\/\/www.karartmarble.com\/tr\/wp-json\/wp\/v2\/pages\/7542","targetHints":{"allow":["GET"]}}],"collection":[{"href":"https:\/\/www.karartmarble.com\/tr\/wp-json\/wp\/v2\/pages"}],"about":[{"href":"https:\/\/www.karartmarble.com\/tr\/wp-json\/wp\/v2\/types\/page"}],"author":[{"embeddable":true,"href":"https:\/\/www.karartmarble.com\/tr\/wp-json\/wp\/v2\/users\/10"}],"replies":[{"embeddable":true,"href":"https:\/\/www.karartmarble.com\/tr\/wp-json\/wp\/v2\/comments?post=7542"}],"version-history":[{"count":0,"href":"https:\/\/www.karartmarble.com\/tr\/wp-json\/wp\/v2\/pages\/7542\/revisions"}],"wp:attachment":[{"href":"https:\/\/www.karartmarble.com\/tr\/wp-json\/wp\/v2\/media?parent=7542"}],"curies":[{"name":"wp","href":"https:\/\/api.w.org\/{rel}","templated":true}]}}