{"id":10466,"date":"2023-11-08T19:16:54","date_gmt":"2023-11-08T16:16:54","guid":{"rendered":"https:\/\/karartmarble.com\/?post_type=product&#038;p=10466"},"modified":"2024-07-27T15:50:37","modified_gmt":"2024-07-27T12:50:37","slug":"kutup-beyazi-mermer-plakalar","status":"publish","type":"product","link":"https:\/\/www.karartmarble.com\/tr\/urun\/kutup-beyazi-mermer-plakalar\/","title":{"rendered":"Kutup Beyaz\u0131 Mermer Plakalar<br><span class=\"ata_title\"> Cilal\u0131 &#038; Honlu<\/span>"},"content":{"rendered":"\t\t<div data-elementor-type=\"wp-post\" data-elementor-id=\"10466\" class=\"elementor elementor-10466 elementor-10435\" data-elementor-post-type=\"product\">\n\t\t\t\t\t\t<section class=\"elementor-section elementor-top-section elementor-element elementor-element-0d75d4a elementor-section-boxed elementor-section-height-default elementor-section-height-default\" data-id=\"0d75d4a\" data-element_type=\"section\" data-e-type=\"section\">\n\t\t\t\t\t\t<div class=\"elementor-container elementor-column-gap-default\">\n\t\t\t\t\t<div class=\"elementor-column elementor-col-100 elementor-top-column elementor-element elementor-element-439709d\" data-id=\"439709d\" data-element_type=\"column\" data-e-type=\"column\">\n\t\t\t<div class=\"elementor-widget-wrap elementor-element-populated\">\n\t\t\t\t\t\t<div class=\"elementor-element elementor-element-fedd9b7 elementor-widget elementor-widget-etheme_gallery\" data-id=\"fedd9b7\" data-element_type=\"widget\" data-e-type=\"widget\" data-settings=\"{&quot;type&quot;:&quot;grid&quot;,&quot;columns&quot;:{&quot;unit&quot;:&quot;px&quot;,&quot;size&quot;:1,&quot;sizes&quot;:[]},&quot;columns_tablet&quot;:{&quot;unit&quot;:&quot;px&quot;,&quot;size&quot;:3,&quot;sizes&quot;:[]},&quot;columns_mobile&quot;:{&quot;unit&quot;:&quot;px&quot;,&quot;size&quot;:2,&quot;sizes&quot;:[]},&quot;columns_gap&quot;:{&quot;unit&quot;:&quot;px&quot;,&quot;size&quot;:10,&quot;sizes&quot;:[]},&quot;columns_gap_tablet&quot;:{&quot;unit&quot;:&quot;px&quot;,&quot;size&quot;:&quot;&quot;,&quot;sizes&quot;:[]},&quot;columns_gap_mobile&quot;:{&quot;unit&quot;:&quot;px&quot;,&quot;size&quot;:&quot;&quot;,&quot;sizes&quot;:[]},&quot;rows_gap&quot;:{&quot;unit&quot;:&quot;px&quot;,&quot;size&quot;:10,&quot;sizes&quot;:[]},&quot;rows_gap_tablet&quot;:{&quot;unit&quot;:&quot;px&quot;,&quot;size&quot;:&quot;&quot;,&quot;sizes&quot;:[]},&quot;rows_gap_mobile&quot;:{&quot;unit&quot;:&quot;px&quot;,&quot;size&quot;:&quot;&quot;,&quot;sizes&quot;:[]}}\" data-widget_type=\"etheme_gallery.default\">\n\t\t\t\t<div class=\"elementor-widget-container\">\n\t\t\t\t\t        \n        <div class=\"etheme-gallery-wrapper\">\n            \t            \n\t            <div class=\"e-gallery etheme-gallery active\" id=\"etheme-gallery-1499\" data-item-settings=\"{&quot;type&quot;:&quot;grid&quot;}\" data-uniq-id=\"1499\">\n                                <div class=\"e-gallery-item etheme-gallery-item\">\n                <div class=\"etheme-gallery-item-overlay\">\n                    <a data-elementor-open-lightbox=\"yes\" data-elementor-lightbox-slideshow=\"all-fedd9b7\" data-elementor-lightbox-title=\"arctic-white-marble-pool-pavers-sandblasted-1\" data-e-action-hash=\"#elementor-action%3Aaction%3Dlightbox%26settings%3DeyJpZCI6NTIyNSwidXJsIjoiaHR0cHM6XC9cL3d3dy5rYXJhcnRtYXJibGUuY29tXC93cC1jb250ZW50XC91cGxvYWRzXC8yMDIzXC8wOVwvYXJjdGljLXdoaXRlLW1hcmJsZS1wb29sLXBhdmVycy1zYW5kYmxhc3RlZC0xLXNjYWxlZC5qcGciLCJzbGlkZXNob3ciOiJhbGwtZmVkZDliNyJ9\" class=\"e-gallery-image etheme-gallery-image elementor-gallery-item__image\" data-thumbnail=\"https:\/\/www.karartmarble.com\/wp-content\/uploads\/2023\/09\/arctic-white-marble-pool-pavers-sandblasted-1-scaled.jpg\" data-width=\"2560\" data-height=\"1896\" alt=\"\" style=\"background-image: url(&#039;https:\/\/www.karartmarble.com\/wp-content\/uploads\/2023\/09\/arctic-white-marble-pool-pavers-sandblasted-1-scaled.jpg&#039;)\" href=\"https:\/\/www.karartmarble.com\/wp-content\/uploads\/2023\/09\/arctic-white-marble-pool-pavers-sandblasted-1-scaled.jpg\"><\/a>\n\t                <span class=\"etheme-gallery-item-details etheme-gallery-item-details-inside\"><span class=\"etheme-gallery-lightbox-icon\">\n            <svg version=\"1.1\" xmlns=\"http:\/\/www.w3.org\/2000\/svg\" width=\"1em\" height=\"1em\" viewBox=\"0 0 24 24\" fill=\"currentColor\">\n                <path d=\"M23.784 22.8l-6.168-6.144c1.584-1.848 2.448-4.176 2.448-6.576 0-5.52-4.488-10.032-10.032-10.032-5.52 0-10.008 4.488-10.008 10.008s4.488 10.032 10.032 10.032c2.424 0 4.728-0.864 6.576-2.472l6.168 6.144c0.144 0.144 0.312 0.216 0.48 0.216s0.336-0.072 0.456-0.192c0.144-0.12 0.216-0.288 0.24-0.48 0-0.192-0.072-0.384-0.192-0.504zM18.696 10.080c0 4.752-3.888 8.64-8.664 8.64-4.752 0-8.64-3.888-8.64-8.664 0-4.752 3.888-8.64 8.664-8.64s8.64 3.888 8.64 8.664z\"><\/path>\n            <\/svg>\n        <\/span><\/span>                <\/div>\n\t            \t                        <\/div>\n\t                    <\/div>\n                    <\/div>\n        \n        \t\t\t\t<\/div>\n\t\t\t\t<\/div>\n\t\t\t\t\t<\/div>\n\t\t<\/div>\n\t\t\t\t\t<\/div>\n\t\t<\/section>\n\t\t\t\t<section class=\"elementor-section elementor-top-section elementor-element elementor-element-e4cb41d elementor-section-boxed elementor-section-height-default elementor-section-height-default\" data-id=\"e4cb41d\" data-element_type=\"section\" data-e-type=\"section\">\n\t\t\t\t\t\t<div class=\"elementor-container elementor-column-gap-default\">\n\t\t\t\t\t<div class=\"elementor-column elementor-col-100 elementor-top-column elementor-element elementor-element-0c84001\" data-id=\"0c84001\" data-element_type=\"column\" data-e-type=\"column\">\n\t\t\t<div class=\"elementor-widget-wrap elementor-element-populated\">\n\t\t\t\t\t\t<div class=\"elementor-element elementor-element-6cc9c29 elementor-widget elementor-widget-text-editor\" data-id=\"6cc9c29\" data-element_type=\"widget\" data-e-type=\"widget\" data-widget_type=\"text-editor.default\">\n\t\t\t\t<div class=\"elementor-widget-container\">\n\t\t\t\t\t\t\t\t\t<h2>Kutup Beyaz\u0131 Mermer Plakalar Cilal\u0131 &amp; Honlu<\/h2><p><span style=\"font-weight: 400;\">Kutup Beyaz\u0131 Mermer, belirgin bulutsu gri damarlar\u0131 olan beyaz bir zeminle karakterize edilen bu ta\u015f\u0131n y\u00fczeyi, kumlama i\u015flemi ile homojen hale getirilir. \u0130\u015fte bu mermerin \u00f6zellikleri:<\/span><\/p><ul><li><b>Dayan\u0131kl\u0131 ve Estetik<\/b><span style=\"font-weight: 400;\">: Is\u0131ya ve neme kar\u015f\u0131 son derece dayan\u0131kl\u0131d\u0131r. Beje \u00e7alan beyaz \u00fczerindeki gri damarlar, d\u0131\u015f cephelerde ve i\u00e7 mekanlarda etkileyici bir estetik sunar.<\/span><\/li><li><b>Kayd\u0131rmazl\u0131k:<\/b><span style=\"font-weight: 400;\"> Kayd\u0131rmaz y\u00fczeyi sayesinde, \u00f6zellikle \u0131slak zeminlerde, yo\u011fun trafi\u011fe sahip alanlarda ideal bir se\u00e7enektir.<\/span><\/li><li><b>Kolay Bak\u0131m ve Temizlik<\/b><span style=\"font-weight: 400;\">: Hijyenik ve kolay bak\u0131m \u00f6zellikleri ta\u015f\u0131r. Tazyikli su yard\u0131m\u0131yla toz ve kiri kolayca temizlenir. Ayn\u0131 zamanda asitlere kar\u015f\u0131 dayan\u0131kl\u0131d\u0131r ve zor lekeleri a\u011fart\u0131c\u0131 temizleyicilerle \u00e7\u0131karabilirsiniz.<\/span><\/li><li><b>Do\u011fal Temizlik:<\/b><span style=\"font-weight: 400;\"> D\u0131\u015f cephede ya\u011fmurlar, do\u011fal bir temizlik d\u00f6ng\u00fcs\u00fc olu\u015fturur. Uzun \u00f6mr\u00fc ve kendini temizleyebilen yap\u0131s\u0131, bak\u0131m maliyetlerinden tasarruf etmenizi sa\u011flar.<\/span><\/li><\/ul><h2 class=\"editor_editorParagraph__isQNM\" dir=\"ltr\">Beyaz Mermer Plakalar<\/h2><p class=\"editor_editorParagraph__isQNM\" dir=\"ltr\">Evinize veya projenize zarif bir dokunu\u015f katmak i\u00e7in m\u00fckemmel se\u00e7im! <strong>Beyaz mermer plakalar<\/strong>, beyaz zemin \u00fczerinde hafif gri damarlar\u0131yla g\u00f6z al\u0131c\u0131 bir g\u00f6r\u00fcn\u00fcm sunar. Cilal\u0131 ve honlu y\u00fczey i\u015flemi sayesinde hem p\u00fcr\u00fczs\u00fcz bir his hem de sofistike bir estetik sa\u011flar.<\/p><p class=\"editor_editorParagraph__isQNM\" dir=\"ltr\"><strong>\u00d6zellikler<\/strong>:<br \/>\u2022 <strong>Renk<\/strong>: Beyaz zemin, hafif gri damarlar<br \/>\u2022 <strong>Y\u00fczey \u0130\u015flemi<\/strong>: Cilal\u0131 &amp; Honlu<br \/>\u2022 <strong>Boyutlar<\/strong>: 30&#215;30, 30&#215;60, 40&#215;60, 40&#215;80, 60&#215;120 cm (\u0130stenilen ebatta \u00fcretilebilir)<br \/>\u2022 <strong>Kal\u0131nl\u0131k<\/strong>: 1-5 cm aras\u0131 se\u00e7enekler (Her ebatta \u00fcretilebilir)<br \/>\u2022 <strong>Fiyat Aral\u0131\u011f\u0131<\/strong>: 26,00 $\/m\u00b2 &#8211; 39,00 $\/m\u00b2<\/p><p class=\"editor_editorParagraph__isQNM\" dir=\"ltr\"><strong>Kullan\u0131m Alanlar\u0131<\/strong>:<br \/>\u2022 \u0130\u00e7 ve d\u0131\u015f mekan zemin kaplamas\u0131<br \/>\u2022 Havuz kenarlar\u0131<br \/>\u2022 Mutfak tezgahlar\u0131<br \/>\u2022 Banyo dekorasyonu<br \/>\u2022 Otel ve al\u0131\u015fveri\u015f merkezi duvar kaplamas\u0131<\/p><p class=\"editor_editorParagraph__isQNM\" dir=\"ltr\"><strong>Avantajlar\u0131<\/strong>:<br \/>\u2022 <strong>Dayan\u0131kl\u0131l\u0131k<\/strong>: Is\u0131ya ve neme kar\u015f\u0131 y\u00fcksek diren\u00e7<br \/>\u2022 <strong>Estetik<\/strong>: Etkileyici ve zarif g\u00f6r\u00fcn\u00fcm<br \/>\u2022 <strong>G\u00fcvenlik<\/strong>: Kumlama i\u015flemi sayesinde kayd\u0131rmaz y\u00fczey<br \/>\u2022 <strong>\u00c7ok Y\u00f6nl\u00fcl\u00fck<\/strong>: \u0130\u00e7 ve d\u0131\u015f mekanlarda kullan\u0131m imkan\u0131<br \/>\u2022 <strong>Kolay Bak\u0131m<\/strong>: Hijyenik ve temizli\u011fi kolay y\u00fczey<\/p><p class=\"editor_editorParagraph__isQNM\" dir=\"ltr\">Bu zarif ve dayan\u0131kl\u0131 mermer plakalar, mekan\u0131n\u0131za l\u00fcks bir dokunu\u015f katarken uzun y\u0131llar boyunca g\u00fczelli\u011fini koruyacak. <strong>Kutup beyaz\u0131 mermer plakalar<\/strong> ile ya\u015fam alanlar\u0131n\u0131z\u0131 d\u00f6n\u00fc\u015ft\u00fcr\u00fcn!<\/p>\t\t\t\t\t\t\t\t<\/div>\n\t\t\t\t<\/div>\n\t\t\t\t\t<\/div>\n\t\t<\/div>\n\t\t\t\t\t<\/div>\n\t\t<\/section>\n\t\t\t\t<section class=\"elementor-section elementor-top-section elementor-element elementor-element-63b74620 elementor-section-boxed elementor-section-height-default elementor-section-height-default\" data-id=\"63b74620\" data-element_type=\"section\" data-e-type=\"section\">\n\t\t\t\t\t\t<div class=\"elementor-container elementor-column-gap-default\">\n\t\t\t\t\t<div class=\"elementor-column elementor-col-100 elementor-top-column elementor-element elementor-element-79126a68\" data-id=\"79126a68\" data-element_type=\"column\" data-e-type=\"column\">\n\t\t\t<div class=\"elementor-widget-wrap elementor-element-populated\">\n\t\t\t\t\t\t\t<\/div>\n\t\t<\/div>\n\t\t\t\t\t<\/div>\n\t\t<\/section>\n\t\t\t\t<\/div>\n\t\t","protected":false},"excerpt":{"rendered":"[table id=104 \/]\n","protected":false},"featured_media":12360,"comment_status":"open","ping_status":"closed","template":"","meta":{"inline_featured_image":false},"etheme_brands":[{"term_id":365,"name":"karartmarble","slug":"karartmarble-tr","term_group":0,"term_taxonomy_id":365,"taxonomy":"brand","description":"","parent":0,"count":91,"filter":"raw"}],"product_brand":[],"product_cat":[402,404],"product_tag":[],"class_list":{"0":"post-10466","1":"product","2":"type-product","3":"status-publish","4":"has-post-thumbnail","6":"brand-karartmarble-tr","7":"product_cat-plakalar","8":"product_cat-tum-urunler","10":"first","11":"outofstock","12":"shipping-taxable","13":"purchasable","14":"product-type-variable"},"_links":{"self":[{"href":"https:\/\/www.karartmarble.com\/tr\/wp-json\/wp\/v2\/product\/10466","targetHints":{"allow":["GET"]}}],"collection":[{"href":"https:\/\/www.karartmarble.com\/tr\/wp-json\/wp\/v2\/product"}],"about":[{"href":"https:\/\/www.karartmarble.com\/tr\/wp-json\/wp\/v2\/types\/product"}],"replies":[{"embeddable":true,"href":"https:\/\/www.karartmarble.com\/tr\/wp-json\/wp\/v2\/comments?post=10466"}],"version-history":[{"count":0,"href":"https:\/\/www.karartmarble.com\/tr\/wp-json\/wp\/v2\/product\/10466\/revisions"}],"wp:featuredmedia":[{"embeddable":true,"href":"https:\/\/www.karartmarble.com\/tr\/wp-json\/wp\/v2\/media\/12360"}],"wp:attachment":[{"href":"https:\/\/www.karartmarble.com\/tr\/wp-json\/wp\/v2\/media?parent=10466"}],"wp:term":[{"taxonomy":"brand","embeddable":true,"href":"https:\/\/www.karartmarble.com\/tr\/wp-json\/wp\/v2\/etheme_brands?post=10466"},{"taxonomy":"product_brand","embeddable":true,"href":"https:\/\/www.karartmarble.com\/tr\/wp-json\/wp\/v2\/product_brand?post=10466"},{"taxonomy":"product_cat","embeddable":true,"href":"https:\/\/www.karartmarble.com\/tr\/wp-json\/wp\/v2\/product_cat?post=10466"},{"taxonomy":"product_tag","embeddable":true,"href":"https:\/\/www.karartmarble.com\/tr\/wp-json\/wp\/v2\/product_tag?post=10466"}],"curies":[{"name":"wp","href":"https:\/\/api.w.org\/{rel}","templated":true}]}}