{"id":13163,"date":"2023-11-27T00:31:34","date_gmt":"2023-11-26T21:31:34","guid":{"rendered":"https:\/\/karartmarble.com\/?post_type=product&#038;p=13163"},"modified":"2024-07-20T19:03:49","modified_gmt":"2024-07-20T16:03:49","slug":"mermer-denizlik-kupeste-kutup-beyazi","status":"publish","type":"product","link":"https:\/\/www.karartmarble.com\/tr\/urun\/mermer-denizlik-kupeste-kutup-beyazi\/","title":{"rendered":"Mermer Denizlik K\u00fcpe\u015fte <br><span class=\"ata_title\">Kutup Beyaz\u0131 Mermer<\/span>"},"content":{"rendered":"\t\t<div data-elementor-type=\"wp-post\" data-elementor-id=\"13163\" class=\"elementor elementor-13163 elementor-13132\" data-elementor-post-type=\"product\">\n\t\t\t\t\t\t<section class=\"elementor-section elementor-top-section elementor-element elementor-element-0d75d4a elementor-section-boxed elementor-section-height-default elementor-section-height-default\" data-id=\"0d75d4a\" data-element_type=\"section\" data-e-type=\"section\">\n\t\t\t\t\t\t<div class=\"elementor-container elementor-column-gap-default\">\n\t\t\t\t\t<div class=\"elementor-column elementor-col-100 elementor-top-column elementor-element elementor-element-439709d\" data-id=\"439709d\" data-element_type=\"column\" data-e-type=\"column\">\n\t\t\t<div class=\"elementor-widget-wrap elementor-element-populated\">\n\t\t\t\t\t\t<div class=\"elementor-element elementor-element-fedd9b7 elementor-widget elementor-widget-etheme_gallery\" data-id=\"fedd9b7\" data-element_type=\"widget\" data-e-type=\"widget\" data-settings=\"{&quot;type&quot;:&quot;grid&quot;,&quot;columns&quot;:{&quot;unit&quot;:&quot;px&quot;,&quot;size&quot;:2,&quot;sizes&quot;:[]},&quot;columns_tablet&quot;:{&quot;unit&quot;:&quot;px&quot;,&quot;size&quot;:3,&quot;sizes&quot;:[]},&quot;columns_mobile&quot;:{&quot;unit&quot;:&quot;px&quot;,&quot;size&quot;:2,&quot;sizes&quot;:[]},&quot;columns_gap&quot;:{&quot;unit&quot;:&quot;px&quot;,&quot;size&quot;:10,&quot;sizes&quot;:[]},&quot;columns_gap_tablet&quot;:{&quot;unit&quot;:&quot;px&quot;,&quot;size&quot;:&quot;&quot;,&quot;sizes&quot;:[]},&quot;columns_gap_mobile&quot;:{&quot;unit&quot;:&quot;px&quot;,&quot;size&quot;:&quot;&quot;,&quot;sizes&quot;:[]},&quot;rows_gap&quot;:{&quot;unit&quot;:&quot;px&quot;,&quot;size&quot;:10,&quot;sizes&quot;:[]},&quot;rows_gap_tablet&quot;:{&quot;unit&quot;:&quot;px&quot;,&quot;size&quot;:&quot;&quot;,&quot;sizes&quot;:[]},&quot;rows_gap_mobile&quot;:{&quot;unit&quot;:&quot;px&quot;,&quot;size&quot;:&quot;&quot;,&quot;sizes&quot;:[]}}\" data-widget_type=\"etheme_gallery.default\">\n\t\t\t\t<div class=\"elementor-widget-container\">\n\t\t\t\t\t        \n        <div class=\"etheme-gallery-wrapper\">\n            \t            \n\t            <div class=\"e-gallery etheme-gallery active\" id=\"etheme-gallery-3354\" data-item-settings=\"{&quot;type&quot;:&quot;grid&quot;}\" data-uniq-id=\"3354\">\n                                <div class=\"e-gallery-item etheme-gallery-item\">\n                <div class=\"etheme-gallery-item-overlay\">\n                    <a data-elementor-open-lightbox=\"yes\" data-elementor-lightbox-slideshow=\"all-fedd9b7\" data-elementor-lightbox-title=\"3000-Arctic-White-Marble-Sills-polished-honed-13\" data-e-action-hash=\"#elementor-action%3Aaction%3Dlightbox%26settings%3DeyJpZCI6MjAwMDMsInVybCI6Imh0dHBzOlwvXC93d3cua2FyYXJ0bWFyYmxlLmNvbVwvd3AtY29udGVudFwvdXBsb2Fkc1wvMjAyM1wvMTJcLzMwMDAtQXJjdGljLVdoaXRlLU1hcmJsZS1TaWxscy1wb2xpc2hlZC1ob25lZC0xMy5qcGciLCJzbGlkZXNob3ciOiJhbGwtZmVkZDliNyJ9\" class=\"e-gallery-image etheme-gallery-image elementor-gallery-item__image\" data-thumbnail=\"https:\/\/www.karartmarble.com\/wp-content\/uploads\/2023\/12\/3000-Arctic-White-Marble-Sills-polished-honed-13.jpg\" data-width=\"1019\" data-height=\"571\" alt=\"\" style=\"background-image: url(&#039;https:\/\/www.karartmarble.com\/wp-content\/uploads\/2023\/12\/3000-Arctic-White-Marble-Sills-polished-honed-13.jpg&#039;)\" href=\"https:\/\/www.karartmarble.com\/wp-content\/uploads\/2023\/12\/3000-Arctic-White-Marble-Sills-polished-honed-13.jpg\"><\/a>\n\t                <span class=\"etheme-gallery-item-details etheme-gallery-item-details-inside\"><span class=\"etheme-gallery-lightbox-icon\">\n            <svg version=\"1.1\" xmlns=\"http:\/\/www.w3.org\/2000\/svg\" width=\"1em\" height=\"1em\" viewBox=\"0 0 24 24\" fill=\"currentColor\">\n                <path d=\"M23.784 22.8l-6.168-6.144c1.584-1.848 2.448-4.176 2.448-6.576 0-5.52-4.488-10.032-10.032-10.032-5.52 0-10.008 4.488-10.008 10.008s4.488 10.032 10.032 10.032c2.424 0 4.728-0.864 6.576-2.472l6.168 6.144c0.144 0.144 0.312 0.216 0.48 0.216s0.336-0.072 0.456-0.192c0.144-0.12 0.216-0.288 0.24-0.48 0-0.192-0.072-0.384-0.192-0.504zM18.696 10.080c0 4.752-3.888 8.64-8.664 8.64-4.752 0-8.64-3.888-8.64-8.664 0-4.752 3.888-8.64 8.664-8.64s8.64 3.888 8.64 8.664z\"><\/path>\n            <\/svg>\n        <\/span><\/span>                <\/div>\n\t            \t                        <\/div>\n\t                <div class=\"e-gallery-item etheme-gallery-item\">\n                <div class=\"etheme-gallery-item-overlay\">\n                    <a data-elementor-open-lightbox=\"yes\" data-elementor-lightbox-slideshow=\"all-fedd9b7\" data-elementor-lightbox-title=\"3000-Arctic-White-Marble-Sills-polished-honed-12\" data-e-action-hash=\"#elementor-action%3Aaction%3Dlightbox%26settings%3DeyJpZCI6MjAwMDUsInVybCI6Imh0dHBzOlwvXC93d3cua2FyYXJ0bWFyYmxlLmNvbVwvd3AtY29udGVudFwvdXBsb2Fkc1wvMjAyM1wvMTJcLzMwMDAtQXJjdGljLVdoaXRlLU1hcmJsZS1TaWxscy1wb2xpc2hlZC1ob25lZC0xMi5qcGciLCJzbGlkZXNob3ciOiJhbGwtZmVkZDliNyJ9\" class=\"e-gallery-image etheme-gallery-image elementor-gallery-item__image\" data-thumbnail=\"https:\/\/www.karartmarble.com\/wp-content\/uploads\/2023\/12\/3000-Arctic-White-Marble-Sills-polished-honed-12.jpg\" data-width=\"1019\" data-height=\"571\" alt=\"\" style=\"background-image: url(&#039;https:\/\/www.karartmarble.com\/wp-content\/uploads\/2023\/12\/3000-Arctic-White-Marble-Sills-polished-honed-12.jpg&#039;)\" href=\"https:\/\/www.karartmarble.com\/wp-content\/uploads\/2023\/12\/3000-Arctic-White-Marble-Sills-polished-honed-12.jpg\"><\/a>\n\t                <span class=\"etheme-gallery-item-details etheme-gallery-item-details-inside\"><span class=\"etheme-gallery-lightbox-icon\">\n            <svg version=\"1.1\" xmlns=\"http:\/\/www.w3.org\/2000\/svg\" width=\"1em\" height=\"1em\" viewBox=\"0 0 24 24\" fill=\"currentColor\">\n                <path d=\"M23.784 22.8l-6.168-6.144c1.584-1.848 2.448-4.176 2.448-6.576 0-5.52-4.488-10.032-10.032-10.032-5.52 0-10.008 4.488-10.008 10.008s4.488 10.032 10.032 10.032c2.424 0 4.728-0.864 6.576-2.472l6.168 6.144c0.144 0.144 0.312 0.216 0.48 0.216s0.336-0.072 0.456-0.192c0.144-0.12 0.216-0.288 0.24-0.48 0-0.192-0.072-0.384-0.192-0.504zM18.696 10.080c0 4.752-3.888 8.64-8.664 8.64-4.752 0-8.64-3.888-8.64-8.664 0-4.752 3.888-8.64 8.664-8.64s8.64 3.888 8.64 8.664z\"><\/path>\n            <\/svg>\n        <\/span><\/span>                <\/div>\n\t            \t                        <\/div>\n\t                    <\/div>\n                    <\/div>\n        \n        \t\t\t\t<\/div>\n\t\t\t\t<\/div>\n\t\t\t\t\t<\/div>\n\t\t<\/div>\n\t\t\t\t\t<\/div>\n\t\t<\/section>\n\t\t\t\t<section class=\"elementor-section elementor-top-section elementor-element elementor-element-63b74620 elementor-section-boxed elementor-section-height-default elementor-section-height-default\" data-id=\"63b74620\" data-element_type=\"section\" data-e-type=\"section\">\n\t\t\t\t\t\t<div class=\"elementor-container elementor-column-gap-default\">\n\t\t\t\t\t<div class=\"elementor-column elementor-col-100 elementor-top-column elementor-element elementor-element-79126a68\" data-id=\"79126a68\" data-element_type=\"column\" data-e-type=\"column\">\n\t\t\t<div class=\"elementor-widget-wrap elementor-element-populated\">\n\t\t\t\t\t\t<div class=\"elementor-element elementor-element-44f95067 elementor-widget elementor-widget-text-editor\" data-id=\"44f95067\" data-element_type=\"widget\" data-e-type=\"widget\" data-widget_type=\"text-editor.default\">\n\t\t\t\t<div class=\"elementor-widget-container\">\n\t\t\t\t\t\t\t\t\t<h2 dir=\"ltr\">Kutup Beyaz\u0131 Mermer Denizlik K\u00fcpe\u015fte: Zarafet ve Dayan\u0131kl\u0131l\u0131\u011f\u0131n M\u00fckemmel Uyumu<\/h2><p class=\"editor_editorParagraph__isQNM\" dir=\"ltr\">Evinize zarif bir dokunu\u015f katmak ve de\u011ferini art\u0131rmak m\u0131 istiyorsunuz? Kutup Beyaz\u0131 Mermer Denizlik K\u00fcpe\u015fte tam size g\u00f6re! Bu y\u00fcksek kaliteli mermer \u00fcr\u00fcn, evinizin pencere ve balkonlar\u0131na hem estetik hem de i\u015flevsel bir \u00e7\u00f6z\u00fcm sunuyor.<\/p><h3 class=\"elementor-heading-title elementor-size-default\">\u2b50\ufe0f \u00d6ne \u00c7\u0131kan \u00d6zellikler:<\/h3><ul class=\"editor_editorListUl__Z78So\"><li class=\"editor_editorListItem__O5oI5\" value=\"1\"><b><strong class=\"editor_editorTextBold__UTGUL\">G\u00f6z Al\u0131c\u0131 Tasar\u0131m<\/strong><\/b>: Beyaz zemin \u00fczerinde hafif beyaz damarlar\u0131yla do\u011fal ve \u015f\u0131k bir g\u00f6r\u00fcn\u00fcm<\/li><li class=\"editor_editorListItem__O5oI5\" value=\"2\"><b><strong class=\"editor_editorTextBold__UTGUL\">\u00c7e\u015fitli Boyut Se\u00e7enekleri<\/strong><\/b>: 30x30cm&#8217;den 60x120cm&#8217;ye kadar standart \u00f6l\u00e7\u00fcler veya \u00f6zel ebatlar<\/li><li class=\"editor_editorListItem__O5oI5\" value=\"3\"><b><strong class=\"editor_editorTextBold__UTGUL\">Esnek Kal\u0131nl\u0131k<\/strong><\/b>: 1cm ile 5cm aras\u0131nda de\u011fi\u015fen kal\u0131nl\u0131k se\u00e7enekleri<\/li><li class=\"editor_editorListItem__O5oI5\" value=\"4\"><b><strong class=\"editor_editorTextBold__UTGUL\">\u00c7ok Y\u00f6nl\u00fc Kullan\u0131m<\/strong><\/b>: Pencere denizlikleri ve balkon k\u00fcpe\u015fteleri i\u00e7in ideal<\/li><li class=\"editor_editorListItem__O5oI5\" value=\"5\"><b><strong class=\"editor_editorTextBold__UTGUL\">Dayan\u0131kl\u0131 Yap\u0131<\/strong><\/b>: Y\u00fcksek kaliteli mermer, uzun \u00f6m\u00fcrl\u00fc kullan\u0131m sa\u011flar<\/li><\/ul><h3 class=\"elementor-heading-title elementor-size-default\">\ud83d\udc77\ud83c\udffb Kolay Kurulum ve Bak\u0131m<\/h3><p class=\"editor_editorParagraph__isQNM\" dir=\"ltr\">Profesyonel montaj hizmeti ile Kutup Beyaz\u0131 Mermer Denizlik K\u00fcpe\u015fte&#8217;nizi kolayca evinize entegre edebilirsiniz. D\u00fczenli temizlik ve \u00f6nerilen yal\u0131t\u0131m uygulamalar\u0131 sayesinde, bu zarif mermer par\u00e7alar y\u0131llarca ilk g\u00fcnk\u00fc g\u00f6r\u00fcn\u00fcm\u00fcn\u00fc koruyacakt\u0131r.<\/p><p class=\"editor_editorParagraph__isQNM\" dir=\"ltr\"><strong>Kutup Beyaz\u0131 Mermer Denizlik K\u00fcpe\u015fte<\/strong>, evinizin de\u011ferini art\u0131r\u0131rken ayn\u0131 zamanda g\u00fcnl\u00fck ya\u015fam\u0131n\u0131za konfor katar. Do\u011fal ta\u015f\u0131n zarafeti ve dayan\u0131kl\u0131l\u0131\u011f\u0131 ile modern tasar\u0131m\u0131 bir araya getiren bu \u00fcr\u00fcn, mekanlar\u0131n\u0131za sofistike bir hava katacak. Siz de bu e\u015fsiz mermer denizlik k\u00fcpe\u015fte ile evinizi y\u00fckseltin ve misafirlerinizi etkileyici bir g\u00f6r\u00fcn\u00fcmle kar\u015f\u0131lay\u0131n!<\/p><p class=\"editor_editorParagraph__isQNM\" dir=\"ltr\"><i><em class=\"editor_editorTextItalic__60amo\">Fiyatlar <strong>19,00 $\/m\u00b2<\/strong>&#8216;den ba\u015flamaktad\u0131r. \u00dccretsiz numune ve fiyat teklifi i\u00e7in hemen bizimle ileti\u015fime ge\u00e7in!<\/em><\/i><\/p><h2 class=\"editor_editorParagraph__isQNM\" dir=\"ltr\">\ud83c\udfe0 Balkon Mermer K\u00fcpe\u015fte Modelleri<\/h2><p class=\"editor_editorParagraph__isQNM\" dir=\"ltr\">Balkon mermer k\u00fcpe\u015fte modelleri, zamans\u0131z zarafetleri ve ola\u011fan\u00fcst\u00fc dayan\u0131kl\u0131l\u0131klar\u0131yla uzun zamand\u0131r tercih ediliyor. Bu <strong>mermer k\u00fcpe\u015fte<\/strong> modelleri, ister modern ve minimalist ister klasik ve s\u00fcsl\u00fc olsun, her t\u00fcrl\u00fc esteti\u011fe zahmetsizce uyum sa\u011flar. Aralar\u0131ndan se\u00e7im yapabilece\u011finiz \u00e7ok \u00e7e\u015fitli tasar\u0131m ve stillerle, balkonunuz i\u00e7in m\u00fckemmel mermer k\u00fcpe\u015fteyi bulmak i\u00e7in sat\u0131\u015f temsilcimizle ileti\u015fime ge\u00e7ebilirsiniz.<\/p><p class=\"editor_editorParagraph__isQNM\" dir=\"ltr\">Mermer k\u00fcpe\u015ftenin cazibesi \u00e7ok y\u00f6nl\u00fcl\u00fc\u011f\u00fcnde yatar. \u015e\u0131k ve cilal\u0131 y\u00fczeylerden daha dokulu ve rustik y\u00fczeylere kadar her zevke ve tercihe uygun bir <strong>mermer k\u00fcpe\u015fte modeli<\/strong> vard\u0131r. \u0130ster balkonunuzun genel \u00e7ekicili\u011fini art\u0131rmak ister sadece sofistike bir dokunu\u015f eklemek isteyin, bu mermer k\u00fcpe\u015fte modelleri m\u00fckemmel bir se\u00e7imdir.<\/p><h2 class=\"editor_editorParagraph__isQNM\" dir=\"ltr\">\ud83d\udc8e Mermer K\u00fcpe\u015fte Dayan\u0131kl\u0131 M\u0131d\u0131r?<\/h2><p class=\"editor_editorParagraph__isQNM\" dir=\"ltr\">Mermer k\u00fcpe\u015ftenin g\u00fczelli\u011fi sadece estetik \u00e7ekicili\u011finde de\u011fil, ayn\u0131 zamanda pratikli\u011finde de yatmaktad\u0131r. Bu mermer k\u00fcpe\u015fte modelleri, \u00e7e\u015fitli hava ko\u015fullar\u0131na dayanacak \u015fekilde tasarlanm\u0131\u015ft\u0131r ve bu da onlar\u0131 d\u0131\u015f mekan kullan\u0131m\u0131 i\u00e7in ideal hale getirir. \u0130ster ya\u011fmur ister g\u00fcne\u015f olsun, <strong>balkon mermer k\u00fcpe\u015fte<\/strong> modelleriniz bozulmadan kalacak ve orijinal cazibesini koruyacakt\u0131r.<\/p><p class=\"editor_editorParagraph__isQNM\" dir=\"ltr\">Zamans\u0131z \u015f\u0131kl\u0131klar\u0131, <strong>ola\u011fan\u00fcst\u00fc dayan\u0131kl\u0131l\u0131klar\u0131<\/strong> ve aralar\u0131ndan se\u00e7im yapabilece\u011finiz \u00e7ok \u00e7e\u015fitli tasar\u0131mlar\u0131yla bu mermer k\u00fcpe\u015fte modelleri, her alan\u0131n estetik \u00e7ekicili\u011fini zahmetsizce art\u0131racakt\u0131r. Bug\u00fcn balkon mermer k\u00fcpe\u015fte modellerine yat\u0131r\u0131m yap\u0131n ve \u00f6m\u00fcr boyu l\u00fcks\u00fcn ve stilin tad\u0131n\u0131 \u00e7\u0131kar\u0131n.<\/p>\t\t\t\t\t\t\t\t<\/div>\n\t\t\t\t<\/div>\n\t\t\t\t\t<\/div>\n\t\t<\/div>\n\t\t\t\t\t<\/div>\n\t\t<\/section>\n\t\t\t\t<section class=\"elementor-section elementor-top-section elementor-element elementor-element-1951f00 elementor-section-boxed elementor-section-height-default elementor-section-height-default\" data-id=\"1951f00\" data-element_type=\"section\" data-e-type=\"section\">\n\t\t\t\t\t\t<div class=\"elementor-container elementor-column-gap-default\">\n\t\t\t\t\t<div class=\"elementor-column elementor-col-100 elementor-top-column elementor-element elementor-element-102bd0a\" data-id=\"102bd0a\" data-element_type=\"column\" data-e-type=\"column\">\n\t\t\t<div class=\"elementor-widget-wrap elementor-element-populated\">\n\t\t\t\t\t\t\t<\/div>\n\t\t<\/div>\n\t\t\t\t\t<\/div>\n\t\t<\/section>\n\t\t\t\t<\/div>\n\t\t","protected":false},"excerpt":{"rendered":"[table id=165 \/]\n","protected":false},"featured_media":13195,"comment_status":"open","ping_status":"closed","template":"","meta":{"inline_featured_image":false},"etheme_brands":[{"term_id":365,"name":"karartmarble","slug":"karartmarble-tr","term_group":0,"term_taxonomy_id":365,"taxonomy":"brand","description":"","parent":0,"count":91,"filter":"raw"}],"product_brand":[],"product_cat":[403,404],"product_tag":[],"class_list":{"0":"post-13163","1":"product","2":"type-product","3":"status-publish","4":"has-post-thumbnail","6":"brand-karartmarble-tr","7":"product_cat-basamaklar","8":"product_cat-tum-urunler","10":"first","11":"outofstock","12":"shipping-taxable","13":"purchasable","14":"product-type-variable"},"_links":{"self":[{"href":"https:\/\/www.karartmarble.com\/tr\/wp-json\/wp\/v2\/product\/13163","targetHints":{"allow":["GET"]}}],"collection":[{"href":"https:\/\/www.karartmarble.com\/tr\/wp-json\/wp\/v2\/product"}],"about":[{"href":"https:\/\/www.karartmarble.com\/tr\/wp-json\/wp\/v2\/types\/product"}],"replies":[{"embeddable":true,"href":"https:\/\/www.karartmarble.com\/tr\/wp-json\/wp\/v2\/comments?post=13163"}],"version-history":[{"count":0,"href":"https:\/\/www.karartmarble.com\/tr\/wp-json\/wp\/v2\/product\/13163\/revisions"}],"wp:featuredmedia":[{"embeddable":true,"href":"https:\/\/www.karartmarble.com\/tr\/wp-json\/wp\/v2\/media\/13195"}],"wp:attachment":[{"href":"https:\/\/www.karartmarble.com\/tr\/wp-json\/wp\/v2\/media?parent=13163"}],"wp:term":[{"taxonomy":"brand","embeddable":true,"href":"https:\/\/www.karartmarble.com\/tr\/wp-json\/wp\/v2\/etheme_brands?post=13163"},{"taxonomy":"product_brand","embeddable":true,"href":"https:\/\/www.karartmarble.com\/tr\/wp-json\/wp\/v2\/product_brand?post=13163"},{"taxonomy":"product_cat","embeddable":true,"href":"https:\/\/www.karartmarble.com\/tr\/wp-json\/wp\/v2\/product_cat?post=13163"},{"taxonomy":"product_tag","embeddable":true,"href":"https:\/\/www.karartmarble.com\/tr\/wp-json\/wp\/v2\/product_tag?post=13163"}],"curies":[{"name":"wp","href":"https:\/\/api.w.org\/{rel}","templated":true}]}}