{"id":13490,"date":"2023-11-27T00:41:33","date_gmt":"2023-11-26T21:41:33","guid":{"rendered":"https:\/\/karartmarble.com\/?post_type=product&#038;p=13490"},"modified":"2024-07-21T17:20:50","modified_gmt":"2024-07-21T14:20:50","slug":"mermer-denizlik-kupeste-mugla-beyazi","status":"publish","type":"product","link":"https:\/\/www.karartmarble.com\/tr\/urun\/mermer-denizlik-kupeste-mugla-beyazi\/","title":{"rendered":"Mermer Denizlik K\u00fcpe\u015fte <br><span class=\"ata_title\">Mu\u011fla Beyaz\u0131 Mermer<\/span>"},"content":{"rendered":"\t\t<div data-elementor-type=\"wp-post\" data-elementor-id=\"13490\" class=\"elementor elementor-13490 elementor-13459\" data-elementor-post-type=\"product\">\n\t\t\t\t\t\t<section class=\"elementor-section elementor-top-section elementor-element elementor-element-0d75d4a elementor-section-boxed elementor-section-height-default elementor-section-height-default\" data-id=\"0d75d4a\" data-element_type=\"section\" data-e-type=\"section\">\n\t\t\t\t\t\t<div class=\"elementor-container elementor-column-gap-default\">\n\t\t\t\t\t<div class=\"elementor-column elementor-col-100 elementor-top-column elementor-element elementor-element-439709d\" data-id=\"439709d\" data-element_type=\"column\" data-e-type=\"column\">\n\t\t\t<div class=\"elementor-widget-wrap elementor-element-populated\">\n\t\t\t\t\t\t<div class=\"elementor-element elementor-element-fedd9b7 elementor-widget elementor-widget-etheme_gallery\" data-id=\"fedd9b7\" data-element_type=\"widget\" data-e-type=\"widget\" data-settings=\"{&quot;type&quot;:&quot;grid&quot;,&quot;columns&quot;:{&quot;unit&quot;:&quot;px&quot;,&quot;size&quot;:3,&quot;sizes&quot;:[]},&quot;columns_tablet&quot;:{&quot;unit&quot;:&quot;px&quot;,&quot;size&quot;:3,&quot;sizes&quot;:[]},&quot;columns_mobile&quot;:{&quot;unit&quot;:&quot;px&quot;,&quot;size&quot;:2,&quot;sizes&quot;:[]},&quot;columns_gap&quot;:{&quot;unit&quot;:&quot;px&quot;,&quot;size&quot;:10,&quot;sizes&quot;:[]},&quot;columns_gap_tablet&quot;:{&quot;unit&quot;:&quot;px&quot;,&quot;size&quot;:&quot;&quot;,&quot;sizes&quot;:[]},&quot;columns_gap_mobile&quot;:{&quot;unit&quot;:&quot;px&quot;,&quot;size&quot;:&quot;&quot;,&quot;sizes&quot;:[]},&quot;rows_gap&quot;:{&quot;unit&quot;:&quot;px&quot;,&quot;size&quot;:10,&quot;sizes&quot;:[]},&quot;rows_gap_tablet&quot;:{&quot;unit&quot;:&quot;px&quot;,&quot;size&quot;:&quot;&quot;,&quot;sizes&quot;:[]},&quot;rows_gap_mobile&quot;:{&quot;unit&quot;:&quot;px&quot;,&quot;size&quot;:&quot;&quot;,&quot;sizes&quot;:[]}}\" data-widget_type=\"etheme_gallery.default\">\n\t\t\t\t<div class=\"elementor-widget-container\">\n\t\t\t\t\t        \n        <div class=\"etheme-gallery-wrapper\">\n            \t            \n\t            <div class=\"e-gallery etheme-gallery active\" id=\"etheme-gallery-3900\" data-item-settings=\"{&quot;type&quot;:&quot;grid&quot;}\" data-uniq-id=\"3900\">\n                                <div class=\"e-gallery-item etheme-gallery-item\">\n                <div class=\"etheme-gallery-item-overlay\">\n                    <a data-elementor-open-lightbox=\"yes\" data-elementor-lightbox-slideshow=\"all-fedd9b7\" data-elementor-lightbox-title=\"3000-Snow-White-Marble-Sills-polished-honed3\" data-e-action-hash=\"#elementor-action%3Aaction%3Dlightbox%26settings%3DeyJpZCI6MjAwNzEsInVybCI6Imh0dHBzOlwvXC93d3cua2FyYXJ0bWFyYmxlLmNvbVwvd3AtY29udGVudFwvdXBsb2Fkc1wvMjAyM1wvMTJcLzMwMDAtU25vdy1XaGl0ZS1NYXJibGUtU2lsbHMtcG9saXNoZWQtaG9uZWQzLmpwZyIsInNsaWRlc2hvdyI6ImFsbC1mZWRkOWI3In0%3D\" class=\"e-gallery-image etheme-gallery-image elementor-gallery-item__image\" data-thumbnail=\"https:\/\/www.karartmarble.com\/wp-content\/uploads\/2023\/12\/3000-Snow-White-Marble-Sills-polished-honed3.jpg\" data-width=\"1019\" data-height=\"571\" alt=\"\" style=\"background-image: url(&#039;https:\/\/www.karartmarble.com\/wp-content\/uploads\/2023\/12\/3000-Snow-White-Marble-Sills-polished-honed3.jpg&#039;)\" href=\"https:\/\/www.karartmarble.com\/wp-content\/uploads\/2023\/12\/3000-Snow-White-Marble-Sills-polished-honed3.jpg\"><\/a>\n\t                <span class=\"etheme-gallery-item-details etheme-gallery-item-details-inside\"><span class=\"etheme-gallery-lightbox-icon\">\n            <svg version=\"1.1\" xmlns=\"http:\/\/www.w3.org\/2000\/svg\" width=\"1em\" height=\"1em\" viewBox=\"0 0 24 24\" fill=\"currentColor\">\n                <path d=\"M23.784 22.8l-6.168-6.144c1.584-1.848 2.448-4.176 2.448-6.576 0-5.52-4.488-10.032-10.032-10.032-5.52 0-10.008 4.488-10.008 10.008s4.488 10.032 10.032 10.032c2.424 0 4.728-0.864 6.576-2.472l6.168 6.144c0.144 0.144 0.312 0.216 0.48 0.216s0.336-0.072 0.456-0.192c0.144-0.12 0.216-0.288 0.24-0.48 0-0.192-0.072-0.384-0.192-0.504zM18.696 10.080c0 4.752-3.888 8.64-8.664 8.64-4.752 0-8.64-3.888-8.64-8.664 0-4.752 3.888-8.64 8.664-8.64s8.64 3.888 8.64 8.664z\"><\/path>\n            <\/svg>\n        <\/span><\/span>                <\/div>\n\t            \t                        <\/div>\n\t                <div class=\"e-gallery-item etheme-gallery-item\">\n                <div class=\"etheme-gallery-item-overlay\">\n                    <a data-elementor-open-lightbox=\"yes\" data-elementor-lightbox-slideshow=\"all-fedd9b7\" data-elementor-lightbox-title=\"3000-Snow-White-Marble-Sills-polished-honed5\" data-e-action-hash=\"#elementor-action%3Aaction%3Dlightbox%26settings%3DeyJpZCI6MjAwNzMsInVybCI6Imh0dHBzOlwvXC93d3cua2FyYXJ0bWFyYmxlLmNvbVwvd3AtY29udGVudFwvdXBsb2Fkc1wvMjAyM1wvMTJcLzMwMDAtU25vdy1XaGl0ZS1NYXJibGUtU2lsbHMtcG9saXNoZWQtaG9uZWQ1LmpwZyIsInNsaWRlc2hvdyI6ImFsbC1mZWRkOWI3In0%3D\" class=\"e-gallery-image etheme-gallery-image elementor-gallery-item__image\" data-thumbnail=\"https:\/\/www.karartmarble.com\/wp-content\/uploads\/2023\/12\/3000-Snow-White-Marble-Sills-polished-honed5.jpg\" data-width=\"1019\" data-height=\"571\" alt=\"\" style=\"background-image: url(&#039;https:\/\/www.karartmarble.com\/wp-content\/uploads\/2023\/12\/3000-Snow-White-Marble-Sills-polished-honed5.jpg&#039;)\" href=\"https:\/\/www.karartmarble.com\/wp-content\/uploads\/2023\/12\/3000-Snow-White-Marble-Sills-polished-honed5.jpg\"><\/a>\n\t                <span class=\"etheme-gallery-item-details etheme-gallery-item-details-inside\"><span class=\"etheme-gallery-lightbox-icon\">\n            <svg version=\"1.1\" xmlns=\"http:\/\/www.w3.org\/2000\/svg\" width=\"1em\" height=\"1em\" viewBox=\"0 0 24 24\" fill=\"currentColor\">\n                <path d=\"M23.784 22.8l-6.168-6.144c1.584-1.848 2.448-4.176 2.448-6.576 0-5.52-4.488-10.032-10.032-10.032-5.52 0-10.008 4.488-10.008 10.008s4.488 10.032 10.032 10.032c2.424 0 4.728-0.864 6.576-2.472l6.168 6.144c0.144 0.144 0.312 0.216 0.48 0.216s0.336-0.072 0.456-0.192c0.144-0.12 0.216-0.288 0.24-0.48 0-0.192-0.072-0.384-0.192-0.504zM18.696 10.080c0 4.752-3.888 8.64-8.664 8.64-4.752 0-8.64-3.888-8.64-8.664 0-4.752 3.888-8.64 8.664-8.64s8.64 3.888 8.64 8.664z\"><\/path>\n            <\/svg>\n        <\/span><\/span>                <\/div>\n\t            \t                        <\/div>\n\t                <div class=\"e-gallery-item etheme-gallery-item\">\n                <div class=\"etheme-gallery-item-overlay\">\n                    <a data-elementor-open-lightbox=\"yes\" data-elementor-lightbox-slideshow=\"all-fedd9b7\" data-elementor-lightbox-title=\"3000-Snow-White-Marble-Sills-polished-honed2\" data-e-action-hash=\"#elementor-action%3Aaction%3Dlightbox%26settings%3DeyJpZCI6MjAwNzUsInVybCI6Imh0dHBzOlwvXC93d3cua2FyYXJ0bWFyYmxlLmNvbVwvd3AtY29udGVudFwvdXBsb2Fkc1wvMjAyM1wvMTJcLzMwMDAtU25vdy1XaGl0ZS1NYXJibGUtU2lsbHMtcG9saXNoZWQtaG9uZWQyLmpwZyIsInNsaWRlc2hvdyI6ImFsbC1mZWRkOWI3In0%3D\" class=\"e-gallery-image etheme-gallery-image elementor-gallery-item__image\" data-thumbnail=\"https:\/\/www.karartmarble.com\/wp-content\/uploads\/2023\/12\/3000-Snow-White-Marble-Sills-polished-honed2.jpg\" data-width=\"1019\" data-height=\"571\" alt=\"\" style=\"background-image: url(&#039;https:\/\/www.karartmarble.com\/wp-content\/uploads\/2023\/12\/3000-Snow-White-Marble-Sills-polished-honed2.jpg&#039;)\" href=\"https:\/\/www.karartmarble.com\/wp-content\/uploads\/2023\/12\/3000-Snow-White-Marble-Sills-polished-honed2.jpg\"><\/a>\n\t                <span class=\"etheme-gallery-item-details etheme-gallery-item-details-inside\"><span class=\"etheme-gallery-lightbox-icon\">\n            <svg version=\"1.1\" xmlns=\"http:\/\/www.w3.org\/2000\/svg\" width=\"1em\" height=\"1em\" viewBox=\"0 0 24 24\" fill=\"currentColor\">\n                <path d=\"M23.784 22.8l-6.168-6.144c1.584-1.848 2.448-4.176 2.448-6.576 0-5.52-4.488-10.032-10.032-10.032-5.52 0-10.008 4.488-10.008 10.008s4.488 10.032 10.032 10.032c2.424 0 4.728-0.864 6.576-2.472l6.168 6.144c0.144 0.144 0.312 0.216 0.48 0.216s0.336-0.072 0.456-0.192c0.144-0.12 0.216-0.288 0.24-0.48 0-0.192-0.072-0.384-0.192-0.504zM18.696 10.080c0 4.752-3.888 8.64-8.664 8.64-4.752 0-8.64-3.888-8.64-8.664 0-4.752 3.888-8.64 8.664-8.64s8.64 3.888 8.64 8.664z\"><\/path>\n            <\/svg>\n        <\/span><\/span>                <\/div>\n\t            \t                        <\/div>\n\t                    <\/div>\n                    <\/div>\n        \n        \t\t\t\t<\/div>\n\t\t\t\t<\/div>\n\t\t\t\t\t<\/div>\n\t\t<\/div>\n\t\t\t\t\t<\/div>\n\t\t<\/section>\n\t\t\t\t<section class=\"elementor-section elementor-top-section elementor-element elementor-element-63b74620 elementor-section-boxed elementor-section-height-default elementor-section-height-default\" data-id=\"63b74620\" data-element_type=\"section\" data-e-type=\"section\">\n\t\t\t\t\t\t<div class=\"elementor-container elementor-column-gap-default\">\n\t\t\t\t\t<div class=\"elementor-column elementor-col-100 elementor-top-column elementor-element elementor-element-79126a68\" data-id=\"79126a68\" data-element_type=\"column\" data-e-type=\"column\">\n\t\t\t<div class=\"elementor-widget-wrap elementor-element-populated\">\n\t\t\t\t\t\t\t<\/div>\n\t\t<\/div>\n\t\t\t\t\t<\/div>\n\t\t<\/section>\n\t\t\t\t<section class=\"elementor-section elementor-top-section elementor-element elementor-element-1951f00 elementor-section-boxed elementor-section-height-default elementor-section-height-default\" data-id=\"1951f00\" data-element_type=\"section\" data-e-type=\"section\">\n\t\t\t\t\t\t<div class=\"elementor-container elementor-column-gap-default\">\n\t\t\t\t\t<div class=\"elementor-column elementor-col-100 elementor-top-column elementor-element elementor-element-102bd0a\" data-id=\"102bd0a\" data-element_type=\"column\" data-e-type=\"column\">\n\t\t\t<div class=\"elementor-widget-wrap elementor-element-populated\">\n\t\t\t\t\t\t<div class=\"elementor-element elementor-element-6f3ff12 elementor-widget elementor-widget-text-editor\" data-id=\"6f3ff12\" data-element_type=\"widget\" data-e-type=\"widget\" data-widget_type=\"text-editor.default\">\n\t\t\t\t<div class=\"elementor-widget-container\">\n\t\t\t\t\t\t\t\t\t<h2 class=\"editor_editorParagraph__isQNM\" dir=\"ltr\">Mu\u011fla Beyaz\u0131 Mermer Denizlik K\u00fcpe\u015fte: Zarafet ve Dayan\u0131kl\u0131l\u0131\u011f\u0131n M\u00fckemmel Uyumu<\/h2><p class=\"editor_editorParagraph__isQNM\" dir=\"ltr\">Mu\u011fla Beyaz\u0131 <strong>mermer denizlik k\u00fcpe\u015fte<\/strong>, evinize zarif bir dokunu\u015f katarken ayn\u0131 zamanda dayan\u0131kl\u0131l\u0131k ve i\u015flevsellik sunan m\u00fckemmel bir se\u00e7imdir. Beyaz zemin \u00fczerinde hafif beyaz damarlar\u0131yla g\u00f6z al\u0131c\u0131 bir g\u00f6r\u00fcn\u00fcme sahip olan bu \u00fcr\u00fcn, her mekana ayd\u0131nl\u0131k ve sofistike bir hava katar.<\/p><p class=\"editor_editorParagraph__isQNM\" dir=\"ltr\"><strong>\ud83d\udd37 \u00d6ne \u00c7\u0131kan \u00d6zellikler:<\/strong><\/p><ul class=\"editor_editorListUl__Z78So\"><li class=\"editor_editorListItem__O5oI5\" value=\"1\">Renk: Beyaz zemin, hafif beyaz damarlar<\/li><li class=\"editor_editorListItem__O5oI5\" value=\"2\">Y\u00fczey \u0130\u015flemi: T\u00fcm y\u00fczeyler i\u00e7in uygun<\/li><li class=\"editor_editorListItem__O5oI5\" value=\"3\">Kullan\u0131m Alanlar\u0131: Pencere denizlikleri, balkon k\u00fcpe\u015fteleri<\/li><li class=\"editor_editorListItem__O5oI5\" value=\"4\">Fiyat Aral\u0131\u011f\u0131: $24.00 \/m\u00b2 &#8211; $37.00 \/m\u00b2<\/li><\/ul><h2 class=\"editor_editorParagraph__isQNM\" dir=\"ltr\">\ud83c\udff7\ufe0f Mermer denizlik fiyatlar\u0131<\/h2><p class=\"editor_editorParagraph__isQNM\" dir=\"ltr\"><br \/>Mu\u011fla Beyaz\u0131 <strong>mermer denizlik fiyatlar\u0131<\/strong> boyut, kal\u0131nl\u0131k ve y\u00fczey i\u015flemi gibi fakt\u00f6rlere ba\u011fl\u0131 olarak <strong>$24.00 \/m\u00b2<\/strong> ile <strong>$37.00 \/m\u00b2<\/strong> aral\u0131\u011f\u0131nda de\u011fi\u015fiklik g\u00f6stermektedir. \u0130\u00e7 mekanlarda ve d\u0131\u015f mekanlarda kullan\u0131labilecek \u00e7ok y\u00f6nl\u00fc bir se\u00e7enektir. Mu\u011fla Beyaz\u0131 Mermer&#8217;in do\u011fal ta\u015f\u0131n g\u00fczelli\u011fi ve uzun \u00f6m\u00fcrl\u00fc yap\u0131s\u0131, evinize de\u011fer katar. Kesin fiyatlar ve fiyat teklifi almak i\u00e7in l\u00fctfen sat\u0131\u015f temsilcimizle ileti\u015fime ge\u00e7in.<\/p><p class=\"editor_editorParagraph__isQNM\" dir=\"ltr\">Mu\u011fla Beyaz\u0131 Mermer, do\u011fal ta\u015f\u0131n e\u015fsiz g\u00fczelli\u011fini yans\u0131t\u0131rken, modern mimari trendlere de m\u00fckemmel uyum sa\u011flar. <strong>\u0130stenilen ebatta \u00fcretilebilme \u00f6zelli\u011fi<\/strong> sayesinde, projenizin \u00f6zel gereksinimlerine g\u00f6re kolayca uyarlanabilir.<\/p><p class=\"editor_editorParagraph__isQNM\" dir=\"ltr\"><strong>\ud83d\udd36 \u00c7ok Y\u00f6nl\u00fc Kullan\u0131m:<\/strong><br \/>Bu \u00fcr\u00fcn, pencere denizliklerinden balkon k\u00fcpe\u015ftelerine kadar geni\u015f bir kullan\u0131m yelpazesine sahiptir. \u0130\u00e7 mekan dekorasyonunuza \u015f\u0131k bir dokunu\u015f katarken, d\u0131\u015f mekanlarda da dayan\u0131kl\u0131l\u0131\u011f\u0131yla \u00f6ne \u00e7\u0131kar.<\/p><p class=\"editor_editorParagraph__isQNM\" dir=\"ltr\"><strong>\ud83c\udfdb\ufe0f Estetik ve Dayan\u0131kl\u0131l\u0131k Bir Arada:<\/strong><br \/>Mu\u011fla Beyaz\u0131 Mermer, sadece g\u00f6z al\u0131c\u0131 g\u00f6r\u00fcn\u00fcm\u00fcyle de\u011fil, ayn\u0131 zamanda uzun \u00f6m\u00fcrl\u00fc yap\u0131s\u0131yla da dikkat \u00e7eker. Do\u011fal ta\u015f\u0131n dayan\u0131kl\u0131l\u0131\u011f\u0131, g\u00fcnl\u00fck kullan\u0131m\u0131n zorluklar\u0131na kar\u015f\u0131 m\u00fckemmel bir diren\u00e7 sa\u011flar.<\/p><p class=\"editor_editorParagraph__isQNM\" dir=\"ltr\">Evinizin de\u011ferini art\u0131rmak ve ya\u015fam alanlar\u0131n\u0131za l\u00fcks bir dokunu\u015f katmak i\u00e7in Mu\u011fla Beyaz\u0131 <strong>mermer denizlik k\u00fcpe\u015fte<\/strong> m\u00fckemmel bir se\u00e7imdir. \u00dccretsiz numune ve fiyat teklifi almak i\u00e7in hemen bize ula\u015f\u0131n!<\/p><p class=\"editor_editorParagraph__isQNM\" dir=\"ltr\">Projeniz i\u00e7in en uygun \u00f6l\u00e7\u00fcleri ve \u00f6zel gereksinimlerinizi bizimle payla\u015f\u0131n. Size \u00f6zel bir teklif haz\u0131rlayal\u0131m ve Mu\u011fla Beyaz\u0131 Mermer&#8217;in evinize kataca\u011f\u0131 de\u011feri ke\u015ffedin!<\/p>\t\t\t\t\t\t\t\t<\/div>\n\t\t\t\t<\/div>\n\t\t\t\t\t<\/div>\n\t\t<\/div>\n\t\t\t\t\t<\/div>\n\t\t<\/section>\n\t\t\t\t<\/div>\n\t\t","protected":false},"excerpt":{"rendered":"[table id=177 \/]\n","protected":false},"featured_media":13522,"comment_status":"open","ping_status":"closed","template":"","meta":{"inline_featured_image":false},"etheme_brands":[{"term_id":365,"name":"karartmarble","slug":"karartmarble-tr","term_group":0,"term_taxonomy_id":365,"taxonomy":"brand","description":"","parent":0,"count":91,"filter":"raw"}],"product_brand":[],"product_cat":[403,404],"product_tag":[],"class_list":{"0":"post-13490","1":"product","2":"type-product","3":"status-publish","4":"has-post-thumbnail","6":"brand-karartmarble-tr","7":"product_cat-basamaklar","8":"product_cat-tum-urunler","10":"first","11":"outofstock","12":"shipping-taxable","13":"purchasable","14":"product-type-variable"},"_links":{"self":[{"href":"https:\/\/www.karartmarble.com\/tr\/wp-json\/wp\/v2\/product\/13490","targetHints":{"allow":["GET"]}}],"collection":[{"href":"https:\/\/www.karartmarble.com\/tr\/wp-json\/wp\/v2\/product"}],"about":[{"href":"https:\/\/www.karartmarble.com\/tr\/wp-json\/wp\/v2\/types\/product"}],"replies":[{"embeddable":true,"href":"https:\/\/www.karartmarble.com\/tr\/wp-json\/wp\/v2\/comments?post=13490"}],"version-history":[{"count":0,"href":"https:\/\/www.karartmarble.com\/tr\/wp-json\/wp\/v2\/product\/13490\/revisions"}],"wp:featuredmedia":[{"embeddable":true,"href":"https:\/\/www.karartmarble.com\/tr\/wp-json\/wp\/v2\/media\/13522"}],"wp:attachment":[{"href":"https:\/\/www.karartmarble.com\/tr\/wp-json\/wp\/v2\/media?parent=13490"}],"wp:term":[{"taxonomy":"brand","embeddable":true,"href":"https:\/\/www.karartmarble.com\/tr\/wp-json\/wp\/v2\/etheme_brands?post=13490"},{"taxonomy":"product_brand","embeddable":true,"href":"https:\/\/www.karartmarble.com\/tr\/wp-json\/wp\/v2\/product_brand?post=13490"},{"taxonomy":"product_cat","embeddable":true,"href":"https:\/\/www.karartmarble.com\/tr\/wp-json\/wp\/v2\/product_cat?post=13490"},{"taxonomy":"product_tag","embeddable":true,"href":"https:\/\/www.karartmarble.com\/tr\/wp-json\/wp\/v2\/product_tag?post=13490"}],"curies":[{"name":"wp","href":"https:\/\/api.w.org\/{rel}","templated":true}]}}