{"id":13643,"date":"2023-11-27T01:08:03","date_gmt":"2023-11-26T22:08:03","guid":{"rendered":"https:\/\/karartmarble.com\/?post_type=product&#038;p=13643"},"modified":"2024-07-21T19:57:08","modified_gmt":"2024-07-21T16:57:08","slug":"ic-mekan-kaplama-mugla-siyahi-mermer","status":"publish","type":"product","link":"https:\/\/www.karartmarble.com\/tr\/urun\/ic-mekan-kaplama-mugla-siyahi-mermer\/","title":{"rendered":"\u0130\u00e7 Mekan Kaplama <br><span class=\"ata_title\">Mu\u011fla Siyah\u0131 Mermer<\/span>"},"content":{"rendered":"\t\t<div data-elementor-type=\"wp-post\" data-elementor-id=\"13643\" class=\"elementor elementor-13643 elementor-13612\" data-elementor-post-type=\"product\">\n\t\t\t\t\t\t<section class=\"elementor-section elementor-top-section elementor-element elementor-element-0d75d4a elementor-section-boxed elementor-section-height-default elementor-section-height-default\" data-id=\"0d75d4a\" data-element_type=\"section\" data-e-type=\"section\">\n\t\t\t\t\t\t<div class=\"elementor-container elementor-column-gap-default\">\n\t\t\t\t\t<div class=\"elementor-column elementor-col-100 elementor-top-column elementor-element elementor-element-439709d\" data-id=\"439709d\" data-element_type=\"column\" data-e-type=\"column\">\n\t\t\t<div class=\"elementor-widget-wrap elementor-element-populated\">\n\t\t\t\t\t\t<div class=\"elementor-element elementor-element-fedd9b7 elementor-widget elementor-widget-etheme_gallery\" data-id=\"fedd9b7\" data-element_type=\"widget\" data-e-type=\"widget\" data-settings=\"{&quot;type&quot;:&quot;grid&quot;,&quot;columns&quot;:{&quot;unit&quot;:&quot;px&quot;,&quot;size&quot;:3,&quot;sizes&quot;:[]},&quot;columns_tablet&quot;:{&quot;unit&quot;:&quot;px&quot;,&quot;size&quot;:3,&quot;sizes&quot;:[]},&quot;columns_mobile&quot;:{&quot;unit&quot;:&quot;px&quot;,&quot;size&quot;:2,&quot;sizes&quot;:[]},&quot;columns_gap&quot;:{&quot;unit&quot;:&quot;px&quot;,&quot;size&quot;:10,&quot;sizes&quot;:[]},&quot;columns_gap_tablet&quot;:{&quot;unit&quot;:&quot;px&quot;,&quot;size&quot;:&quot;&quot;,&quot;sizes&quot;:[]},&quot;columns_gap_mobile&quot;:{&quot;unit&quot;:&quot;px&quot;,&quot;size&quot;:&quot;&quot;,&quot;sizes&quot;:[]},&quot;rows_gap&quot;:{&quot;unit&quot;:&quot;px&quot;,&quot;size&quot;:10,&quot;sizes&quot;:[]},&quot;rows_gap_tablet&quot;:{&quot;unit&quot;:&quot;px&quot;,&quot;size&quot;:&quot;&quot;,&quot;sizes&quot;:[]},&quot;rows_gap_mobile&quot;:{&quot;unit&quot;:&quot;px&quot;,&quot;size&quot;:&quot;&quot;,&quot;sizes&quot;:[]}}\" data-widget_type=\"etheme_gallery.default\">\n\t\t\t\t<div class=\"elementor-widget-container\">\n\t\t\t\t\t        \n        <div class=\"etheme-gallery-wrapper\">\n            \t            \n\t            <div class=\"e-gallery etheme-gallery active\" id=\"etheme-gallery-4782\" data-item-settings=\"{&quot;type&quot;:&quot;grid&quot;}\" data-uniq-id=\"4782\">\n                                <div class=\"e-gallery-item etheme-gallery-item\">\n                <div class=\"etheme-gallery-item-overlay\">\n                    <a data-elementor-open-lightbox=\"yes\" data-elementor-lightbox-slideshow=\"all-fedd9b7\" data-elementor-lightbox-title=\"4000-Interior-Wall-Cladding-Pineta-Black-Marble-polished-honed-5\" data-e-action-hash=\"#elementor-action%3Aaction%3Dlightbox%26settings%3DeyJpZCI6MjAwOTgsInVybCI6Imh0dHBzOlwvXC93d3cua2FyYXJ0bWFyYmxlLmNvbVwvd3AtY29udGVudFwvdXBsb2Fkc1wvMjAyM1wvMTJcLzQwMDAtSW50ZXJpb3ItV2FsbC1DbGFkZGluZy1QaW5ldGEtQmxhY2stTWFyYmxlLXBvbGlzaGVkLWhvbmVkLTUuanBnIiwic2xpZGVzaG93IjoiYWxsLWZlZGQ5YjcifQ%3D%3D\" class=\"e-gallery-image etheme-gallery-image elementor-gallery-item__image\" data-thumbnail=\"https:\/\/www.karartmarble.com\/wp-content\/uploads\/2023\/12\/4000-Interior-Wall-Cladding-Pineta-Black-Marble-polished-honed-5.jpg\" data-width=\"2560\" data-height=\"1675\" alt=\"\" style=\"background-image: url(&#039;https:\/\/www.karartmarble.com\/wp-content\/uploads\/2023\/12\/4000-Interior-Wall-Cladding-Pineta-Black-Marble-polished-honed-5.jpg&#039;)\" href=\"https:\/\/www.karartmarble.com\/wp-content\/uploads\/2023\/12\/4000-Interior-Wall-Cladding-Pineta-Black-Marble-polished-honed-5.jpg\"><\/a>\n\t                <span class=\"etheme-gallery-item-details etheme-gallery-item-details-inside\"><span class=\"etheme-gallery-lightbox-icon\">\n            <svg version=\"1.1\" xmlns=\"http:\/\/www.w3.org\/2000\/svg\" width=\"1em\" height=\"1em\" viewBox=\"0 0 24 24\" fill=\"currentColor\">\n                <path d=\"M23.784 22.8l-6.168-6.144c1.584-1.848 2.448-4.176 2.448-6.576 0-5.52-4.488-10.032-10.032-10.032-5.52 0-10.008 4.488-10.008 10.008s4.488 10.032 10.032 10.032c2.424 0 4.728-0.864 6.576-2.472l6.168 6.144c0.144 0.144 0.312 0.216 0.48 0.216s0.336-0.072 0.456-0.192c0.144-0.12 0.216-0.288 0.24-0.48 0-0.192-0.072-0.384-0.192-0.504zM18.696 10.080c0 4.752-3.888 8.64-8.664 8.64-4.752 0-8.64-3.888-8.64-8.664 0-4.752 3.888-8.64 8.664-8.64s8.64 3.888 8.64 8.664z\"><\/path>\n            <\/svg>\n        <\/span><\/span>                <\/div>\n\t            \t                        <\/div>\n\t                <div class=\"e-gallery-item etheme-gallery-item\">\n                <div class=\"etheme-gallery-item-overlay\">\n                    <a data-elementor-open-lightbox=\"yes\" data-elementor-lightbox-slideshow=\"all-fedd9b7\" data-elementor-lightbox-title=\"4000-Interior-Wall-Cladding-Pineta-Black-Marble-polished-honed-4\" data-e-action-hash=\"#elementor-action%3Aaction%3Dlightbox%26settings%3DeyJpZCI6MjAxMDAsInVybCI6Imh0dHBzOlwvXC93d3cua2FyYXJ0bWFyYmxlLmNvbVwvd3AtY29udGVudFwvdXBsb2Fkc1wvMjAyM1wvMTJcLzQwMDAtSW50ZXJpb3ItV2FsbC1DbGFkZGluZy1QaW5ldGEtQmxhY2stTWFyYmxlLXBvbGlzaGVkLWhvbmVkLTQuanBnIiwic2xpZGVzaG93IjoiYWxsLWZlZGQ5YjcifQ%3D%3D\" class=\"e-gallery-image etheme-gallery-image elementor-gallery-item__image\" data-thumbnail=\"https:\/\/www.karartmarble.com\/wp-content\/uploads\/2023\/12\/4000-Interior-Wall-Cladding-Pineta-Black-Marble-polished-honed-4.jpg\" data-width=\"1838\" data-height=\"1080\" alt=\"\" style=\"background-image: url(&#039;https:\/\/www.karartmarble.com\/wp-content\/uploads\/2023\/12\/4000-Interior-Wall-Cladding-Pineta-Black-Marble-polished-honed-4.jpg&#039;)\" href=\"https:\/\/www.karartmarble.com\/wp-content\/uploads\/2023\/12\/4000-Interior-Wall-Cladding-Pineta-Black-Marble-polished-honed-4.jpg\"><\/a>\n\t                <span class=\"etheme-gallery-item-details etheme-gallery-item-details-inside\"><span class=\"etheme-gallery-lightbox-icon\">\n            <svg version=\"1.1\" xmlns=\"http:\/\/www.w3.org\/2000\/svg\" width=\"1em\" height=\"1em\" viewBox=\"0 0 24 24\" fill=\"currentColor\">\n                <path d=\"M23.784 22.8l-6.168-6.144c1.584-1.848 2.448-4.176 2.448-6.576 0-5.52-4.488-10.032-10.032-10.032-5.52 0-10.008 4.488-10.008 10.008s4.488 10.032 10.032 10.032c2.424 0 4.728-0.864 6.576-2.472l6.168 6.144c0.144 0.144 0.312 0.216 0.48 0.216s0.336-0.072 0.456-0.192c0.144-0.12 0.216-0.288 0.24-0.48 0-0.192-0.072-0.384-0.192-0.504zM18.696 10.080c0 4.752-3.888 8.64-8.664 8.64-4.752 0-8.64-3.888-8.64-8.664 0-4.752 3.888-8.64 8.664-8.64s8.64 3.888 8.64 8.664z\"><\/path>\n            <\/svg>\n        <\/span><\/span>                <\/div>\n\t            \t                        <\/div>\n\t                <div class=\"e-gallery-item etheme-gallery-item\">\n                <div class=\"etheme-gallery-item-overlay\">\n                    <a data-elementor-open-lightbox=\"yes\" data-elementor-lightbox-slideshow=\"all-fedd9b7\" data-elementor-lightbox-title=\"4000-Interior-Wall-Cladding-Pineta-Black-Marble-polished-honed-3\" data-e-action-hash=\"#elementor-action%3Aaction%3Dlightbox%26settings%3DeyJpZCI6MjAxMDIsInVybCI6Imh0dHBzOlwvXC93d3cua2FyYXJ0bWFyYmxlLmNvbVwvd3AtY29udGVudFwvdXBsb2Fkc1wvMjAyM1wvMTJcLzQwMDAtSW50ZXJpb3ItV2FsbC1DbGFkZGluZy1QaW5ldGEtQmxhY2stTWFyYmxlLXBvbGlzaGVkLWhvbmVkLTMuanBnIiwic2xpZGVzaG93IjoiYWxsLWZlZGQ5YjcifQ%3D%3D\" class=\"e-gallery-image etheme-gallery-image elementor-gallery-item__image\" data-thumbnail=\"https:\/\/www.karartmarble.com\/wp-content\/uploads\/2023\/12\/4000-Interior-Wall-Cladding-Pineta-Black-Marble-polished-honed-3.jpg\" data-width=\"2560\" data-height=\"1208\" alt=\"\" style=\"background-image: url(&#039;https:\/\/www.karartmarble.com\/wp-content\/uploads\/2023\/12\/4000-Interior-Wall-Cladding-Pineta-Black-Marble-polished-honed-3.jpg&#039;)\" href=\"https:\/\/www.karartmarble.com\/wp-content\/uploads\/2023\/12\/4000-Interior-Wall-Cladding-Pineta-Black-Marble-polished-honed-3.jpg\"><\/a>\n\t                <span class=\"etheme-gallery-item-details etheme-gallery-item-details-inside\"><span class=\"etheme-gallery-lightbox-icon\">\n            <svg version=\"1.1\" xmlns=\"http:\/\/www.w3.org\/2000\/svg\" width=\"1em\" height=\"1em\" viewBox=\"0 0 24 24\" fill=\"currentColor\">\n                <path d=\"M23.784 22.8l-6.168-6.144c1.584-1.848 2.448-4.176 2.448-6.576 0-5.52-4.488-10.032-10.032-10.032-5.52 0-10.008 4.488-10.008 10.008s4.488 10.032 10.032 10.032c2.424 0 4.728-0.864 6.576-2.472l6.168 6.144c0.144 0.144 0.312 0.216 0.48 0.216s0.336-0.072 0.456-0.192c0.144-0.12 0.216-0.288 0.24-0.48 0-0.192-0.072-0.384-0.192-0.504zM18.696 10.080c0 4.752-3.888 8.64-8.664 8.64-4.752 0-8.64-3.888-8.64-8.664 0-4.752 3.888-8.64 8.664-8.64s8.64 3.888 8.64 8.664z\"><\/path>\n            <\/svg>\n        <\/span><\/span>                <\/div>\n\t            \t                        <\/div>\n\t                <div class=\"e-gallery-item etheme-gallery-item\">\n                <div class=\"etheme-gallery-item-overlay\">\n                    <a data-elementor-open-lightbox=\"yes\" data-elementor-lightbox-slideshow=\"all-fedd9b7\" data-elementor-lightbox-title=\"4000-Interior-Wall-Cladding-Pineta-Black-Marble-polished-honed-2\" data-e-action-hash=\"#elementor-action%3Aaction%3Dlightbox%26settings%3DeyJpZCI6MjAxMDQsInVybCI6Imh0dHBzOlwvXC93d3cua2FyYXJ0bWFyYmxlLmNvbVwvd3AtY29udGVudFwvdXBsb2Fkc1wvMjAyM1wvMTJcLzQwMDAtSW50ZXJpb3ItV2FsbC1DbGFkZGluZy1QaW5ldGEtQmxhY2stTWFyYmxlLXBvbGlzaGVkLWhvbmVkLTIuanBnIiwic2xpZGVzaG93IjoiYWxsLWZlZGQ5YjcifQ%3D%3D\" class=\"e-gallery-image etheme-gallery-image elementor-gallery-item__image\" data-thumbnail=\"https:\/\/www.karartmarble.com\/wp-content\/uploads\/2023\/12\/4000-Interior-Wall-Cladding-Pineta-Black-Marble-polished-honed-2.jpg\" data-width=\"1681\" data-height=\"2560\" alt=\"\" style=\"background-image: url(&#039;https:\/\/www.karartmarble.com\/wp-content\/uploads\/2023\/12\/4000-Interior-Wall-Cladding-Pineta-Black-Marble-polished-honed-2.jpg&#039;)\" href=\"https:\/\/www.karartmarble.com\/wp-content\/uploads\/2023\/12\/4000-Interior-Wall-Cladding-Pineta-Black-Marble-polished-honed-2.jpg\"><\/a>\n\t                <span class=\"etheme-gallery-item-details etheme-gallery-item-details-inside\"><span class=\"etheme-gallery-lightbox-icon\">\n            <svg version=\"1.1\" xmlns=\"http:\/\/www.w3.org\/2000\/svg\" width=\"1em\" height=\"1em\" viewBox=\"0 0 24 24\" fill=\"currentColor\">\n                <path d=\"M23.784 22.8l-6.168-6.144c1.584-1.848 2.448-4.176 2.448-6.576 0-5.52-4.488-10.032-10.032-10.032-5.52 0-10.008 4.488-10.008 10.008s4.488 10.032 10.032 10.032c2.424 0 4.728-0.864 6.576-2.472l6.168 6.144c0.144 0.144 0.312 0.216 0.48 0.216s0.336-0.072 0.456-0.192c0.144-0.12 0.216-0.288 0.24-0.48 0-0.192-0.072-0.384-0.192-0.504zM18.696 10.080c0 4.752-3.888 8.64-8.664 8.64-4.752 0-8.64-3.888-8.64-8.664 0-4.752 3.888-8.64 8.664-8.64s8.64 3.888 8.64 8.664z\"><\/path>\n            <\/svg>\n        <\/span><\/span>                <\/div>\n\t            \t                        <\/div>\n\t                <div class=\"e-gallery-item etheme-gallery-item\">\n                <div class=\"etheme-gallery-item-overlay\">\n                    <a data-elementor-open-lightbox=\"yes\" data-elementor-lightbox-slideshow=\"all-fedd9b7\" data-elementor-lightbox-title=\"4000-Interior-Wall-Cladding-Pineta-Black-Marble-polished-honed-1\" data-e-action-hash=\"#elementor-action%3Aaction%3Dlightbox%26settings%3DeyJpZCI6MjAxMDYsInVybCI6Imh0dHBzOlwvXC93d3cua2FyYXJ0bWFyYmxlLmNvbVwvd3AtY29udGVudFwvdXBsb2Fkc1wvMjAyM1wvMTJcLzQwMDAtSW50ZXJpb3ItV2FsbC1DbGFkZGluZy1QaW5ldGEtQmxhY2stTWFyYmxlLXBvbGlzaGVkLWhvbmVkLTEuanBnIiwic2xpZGVzaG93IjoiYWxsLWZlZGQ5YjcifQ%3D%3D\" class=\"e-gallery-image etheme-gallery-image elementor-gallery-item__image\" data-thumbnail=\"https:\/\/www.karartmarble.com\/wp-content\/uploads\/2023\/12\/4000-Interior-Wall-Cladding-Pineta-Black-Marble-polished-honed-1.jpg\" data-width=\"1824\" data-height=\"2560\" alt=\"\" style=\"background-image: url(&#039;https:\/\/www.karartmarble.com\/wp-content\/uploads\/2023\/12\/4000-Interior-Wall-Cladding-Pineta-Black-Marble-polished-honed-1.jpg&#039;)\" href=\"https:\/\/www.karartmarble.com\/wp-content\/uploads\/2023\/12\/4000-Interior-Wall-Cladding-Pineta-Black-Marble-polished-honed-1.jpg\"><\/a>\n\t                <span class=\"etheme-gallery-item-details etheme-gallery-item-details-inside\"><span class=\"etheme-gallery-lightbox-icon\">\n            <svg version=\"1.1\" xmlns=\"http:\/\/www.w3.org\/2000\/svg\" width=\"1em\" height=\"1em\" viewBox=\"0 0 24 24\" fill=\"currentColor\">\n                <path d=\"M23.784 22.8l-6.168-6.144c1.584-1.848 2.448-4.176 2.448-6.576 0-5.52-4.488-10.032-10.032-10.032-5.52 0-10.008 4.488-10.008 10.008s4.488 10.032 10.032 10.032c2.424 0 4.728-0.864 6.576-2.472l6.168 6.144c0.144 0.144 0.312 0.216 0.48 0.216s0.336-0.072 0.456-0.192c0.144-0.12 0.216-0.288 0.24-0.48 0-0.192-0.072-0.384-0.192-0.504zM18.696 10.080c0 4.752-3.888 8.64-8.664 8.64-4.752 0-8.64-3.888-8.64-8.664 0-4.752 3.888-8.64 8.664-8.64s8.64 3.888 8.64 8.664z\"><\/path>\n            <\/svg>\n        <\/span><\/span>                <\/div>\n\t            \t                        <\/div>\n\t                <div class=\"e-gallery-item etheme-gallery-item\">\n                <div class=\"etheme-gallery-item-overlay\">\n                    <a data-elementor-open-lightbox=\"yes\" data-elementor-lightbox-slideshow=\"all-fedd9b7\" data-elementor-lightbox-title=\"4000-Interior-Wall-Cladding-Pineta-Black-Marble-polished-honed-6\" data-e-action-hash=\"#elementor-action%3Aaction%3Dlightbox%26settings%3DeyJpZCI6MjAxMDgsInVybCI6Imh0dHBzOlwvXC93d3cua2FyYXJ0bWFyYmxlLmNvbVwvd3AtY29udGVudFwvdXBsb2Fkc1wvMjAyM1wvMTJcLzQwMDAtSW50ZXJpb3ItV2FsbC1DbGFkZGluZy1QaW5ldGEtQmxhY2stTWFyYmxlLXBvbGlzaGVkLWhvbmVkLTYuanBnIiwic2xpZGVzaG93IjoiYWxsLWZlZGQ5YjcifQ%3D%3D\" class=\"e-gallery-image etheme-gallery-image elementor-gallery-item__image\" data-thumbnail=\"https:\/\/www.karartmarble.com\/wp-content\/uploads\/2023\/12\/4000-Interior-Wall-Cladding-Pineta-Black-Marble-polished-honed-6.jpg\" data-width=\"1536\" data-height=\"871\" alt=\"\" style=\"background-image: url(&#039;https:\/\/www.karartmarble.com\/wp-content\/uploads\/2023\/12\/4000-Interior-Wall-Cladding-Pineta-Black-Marble-polished-honed-6.jpg&#039;)\" href=\"https:\/\/www.karartmarble.com\/wp-content\/uploads\/2023\/12\/4000-Interior-Wall-Cladding-Pineta-Black-Marble-polished-honed-6.jpg\"><\/a>\n\t                <span class=\"etheme-gallery-item-details etheme-gallery-item-details-inside\"><span class=\"etheme-gallery-lightbox-icon\">\n            <svg version=\"1.1\" xmlns=\"http:\/\/www.w3.org\/2000\/svg\" width=\"1em\" height=\"1em\" viewBox=\"0 0 24 24\" fill=\"currentColor\">\n                <path d=\"M23.784 22.8l-6.168-6.144c1.584-1.848 2.448-4.176 2.448-6.576 0-5.52-4.488-10.032-10.032-10.032-5.52 0-10.008 4.488-10.008 10.008s4.488 10.032 10.032 10.032c2.424 0 4.728-0.864 6.576-2.472l6.168 6.144c0.144 0.144 0.312 0.216 0.48 0.216s0.336-0.072 0.456-0.192c0.144-0.12 0.216-0.288 0.24-0.48 0-0.192-0.072-0.384-0.192-0.504zM18.696 10.080c0 4.752-3.888 8.64-8.664 8.64-4.752 0-8.64-3.888-8.64-8.664 0-4.752 3.888-8.64 8.664-8.64s8.64 3.888 8.64 8.664z\"><\/path>\n            <\/svg>\n        <\/span><\/span>                <\/div>\n\t            \t                        <\/div>\n\t                    <\/div>\n                    <\/div>\n        \n        \t\t\t\t<\/div>\n\t\t\t\t<\/div>\n\t\t\t\t\t<\/div>\n\t\t<\/div>\n\t\t\t\t\t<\/div>\n\t\t<\/section>\n\t\t\t\t<section class=\"elementor-section elementor-top-section elementor-element elementor-element-d24dab3 elementor-section-boxed elementor-section-height-default elementor-section-height-default\" data-id=\"d24dab3\" data-element_type=\"section\" data-e-type=\"section\">\n\t\t\t\t\t\t<div class=\"elementor-container elementor-column-gap-default\">\n\t\t\t\t\t<div class=\"elementor-column elementor-col-100 elementor-top-column elementor-element elementor-element-aff3c06\" data-id=\"aff3c06\" data-element_type=\"column\" data-e-type=\"column\">\n\t\t\t<div class=\"elementor-widget-wrap elementor-element-populated\">\n\t\t\t\t\t\t<div class=\"elementor-element elementor-element-852d143 elementor-widget elementor-widget-text-editor\" data-id=\"852d143\" data-element_type=\"widget\" data-e-type=\"widget\" data-widget_type=\"text-editor.default\">\n\t\t\t\t<div class=\"elementor-widget-container\">\n\t\t\t\t\t\t\t\t\t<h2 class=\"editor_editorParagraph__isQNM\" dir=\"ltr\">Mu\u011fla Siyah\u0131 Mermer \u0130\u00e7 Mekan Kaplama<\/h2><p class=\"editor_editorParagraph__isQNM\" dir=\"ltr\">Evinizin veya i\u015fyerinizin i\u00e7 mekanlar\u0131n\u0131 l\u00fcks ve zarafetle d\u00f6n\u00fc\u015ft\u00fcr\u00fcn! Mu\u011fla Siyah\u0131 Mermer \u0130\u00e7 Mekan Kaplama, bulutsu gri zemin \u00fczerinde etkileyici siyah damarlar\u0131yla g\u00f6z al\u0131c\u0131 bir g\u00f6r\u00fcn\u00fcm sunar.<\/p><p class=\"editor_editorParagraph__isQNM\" dir=\"ltr\"><strong>\u00d6zellikler ve Faydalar:<\/strong><br \/>\u2022 Do\u011fal ta\u015f\u0131n e\u015fsiz g\u00fczelli\u011fi ve dayan\u0131kl\u0131l\u0131\u011f\u0131<br \/>\u2022 Kolay temizlenebilir ve bak\u0131m\u0131 d\u00fc\u015f\u00fck y\u00fczey<br \/>\u2022 Is\u0131 yal\u0131t\u0131m\u0131 sa\u011flayarak enerji verimlili\u011fine katk\u0131da bulunur<br \/>\u2022 Zamans\u0131z \u015f\u0131kl\u0131k ve de\u011fer katan tasar\u0131m<\/p><p class=\"editor_editorParagraph__isQNM\" dir=\"ltr\"><strong>Kullan\u0131m Alanlar\u0131:<\/strong><br \/>\u2713 Oturma odalar\u0131<br \/>\u2713 Banyolar<br \/>\u2713 Mutfaklar<br \/>\u2713 Lobi ve resepsiyon alanlar\u0131<br \/>\u2713 Aksan duvarlar\u0131<\/p><p class=\"editor_editorParagraph__isQNM\" dir=\"ltr\"><strong>Teknik \u00d6zellikler:<\/strong><br \/>\u2022 <strong>Boyutlar<\/strong>: 30x30cm, 30x60cm, 40x60cm, 40x80cm, 60x120cm ve \u00f6zel \u00f6l\u00e7\u00fcler<br \/>\u2022 <strong>Kal\u0131nl\u0131k se\u00e7enekleri<\/strong>: 1cm, 2cm, 3cm, 4cm, 5cm<br \/>\u2022 <strong>Y\u00fczey i\u015flemi<\/strong>: Cilal\u0131, honlu ve di\u011fer t\u00fcm y\u00fczey se\u00e7enekleri mevcuttur<\/p><p class=\"editor_editorParagraph__isQNM\" dir=\"ltr\"><strong>\u00d6zelle\u015ftirme<\/strong>:<br \/>\u0130stedi\u011finiz ebatta \u00fcretilebilir \u00f6zelli\u011fi ile projenize \u00f6zel \u00e7\u00f6z\u00fcmler sunuyoruz. Mu\u011fla Siyah\u0131 mermerimiz, her t\u00fcrl\u00fc i\u00e7 mekan tasar\u0131m\u0131na uyum sa\u011flayacak \u015fekilde i\u015flenebilir.<\/p><p class=\"editor_editorParagraph__isQNM\" dir=\"ltr\">Mu\u011fla&#8217;n\u0131n zengin mermer yataklar\u0131ndan elde edilen bu \u00fcst\u00fcn kaliteli do\u011fal ta\u015f, mekanlar\u0131n\u0131za T\u00fcrkiye&#8217;nin e\u015fsiz do\u011fal g\u00fczelliklerini ta\u015f\u0131r. Karartmarble.com g\u00fcvencesiyle, Mu\u011fla Siyah\u0131 Mermer \u0130\u00e7 Mekan Kaplama ile ya\u015fam alanlar\u0131n\u0131z\u0131 yeniden ke\u015ffedin!<\/p><h2 class=\"editor_editorParagraph__isQNM\" dir=\"ltr\">\ud83e\uddf1 Mermer \u0130\u00e7 Mekan Kaplama Avantajlar\u0131<\/h2><p class=\"editor_editorParagraph__isQNM\" dir=\"ltr\">Evinizin veya i\u015fyerinizin i\u00e7 mekanlar\u0131n\u0131 l\u00fcks ve zarafetle d\u00f6n\u00fc\u015ft\u00fcr\u00fcn! Mu\u011fla siyah\u0131 mermer, bulutsu gri zemin \u00fczerinde etkileyici siyah damarlar\u0131yla g\u00f6z al\u0131c\u0131 bir g\u00f6r\u00fcn\u00fcm sunar. <strong>Mermer i\u00e7 mekan kaplama uygulamas\u0131<\/strong> ile istedi\u011finiz alan\u0131 \u015f\u0131k, estetik ve modern tutabilirsiniz. Mermer i\u00e7 mekan kaplama, ferah bir atmosferin yan\u0131 s\u0131ra \u00e7arp\u0131c\u0131 bir g\u00f6r\u00fcn\u00fcm de sa\u011flar. Herhangi bir i\u00e7 mekan\u0131 l\u00fcks bir hisle donatmak i\u00e7in Mu\u011fla Siyah\u0131 Mermer size m\u00fckemmel bir \u00e7\u00f6z\u00fcm sunar. Yerlere ve duvarlara zarif bir \u015fekilde uygulanabilir. \u00dczerindeki siyah damarlar, benzersiz bir estetik sunar. \u0130\u00e7 mekanlara modern bir g\u00f6r\u00fcn\u00fcm katman\u0131n en h\u0131zl\u0131 ve etkili yoludur.<\/p><p class=\"editor_editorParagraph__isQNM\" dir=\"ltr\">Diledi\u011finiz i\u00e7 mekan\u0131 ki\u015fiselle\u015ftirmek ve \u015f\u0131k bir ifade olu\u015fturmak i\u00e7in Mu\u011fla Siyah\u0131 Mermer i\u00e7 mekan kaplama uygulamas\u0131n\u0131 tercih edin. Siyah mermerin e\u015fsiz do\u011fal rengi, i\u00e7 mekanlara derinlik ve zenginlik katarak b\u00fcy\u00fcleyici bir atmosfer yarat\u0131r. Evinizin ve i\u015fyerinizin stilini y\u00fckselterek g\u00f6z al\u0131c\u0131 bir etki b\u0131rak\u0131r.<\/p><h2 dir=\"ltr\">\ud83c\udff7\ufe0f Mermer \u0130\u00e7 Mekan Kaplama Fiyatlar\u0131<\/h2><p dir=\"ltr\">\u0130\u00e7 mekan kaplama fiyat aral\u0131\u011f\u0131m\u0131z $19.00&#8217;dan ba\u015flay\u0131p $32.00 aras\u0131nda m\u00b2 olarak belirlenmektedir. Detayl\u0131 bilgi almak ve \u00fccretsiz numune talebi i\u00e7in l\u00fctfen sat\u0131\u015f temsilcimiz ile ileti\u015fime ge\u00e7iniz.<\/p>\t\t\t\t\t\t\t\t<\/div>\n\t\t\t\t<\/div>\n\t\t\t\t\t<\/div>\n\t\t<\/div>\n\t\t\t\t\t<\/div>\n\t\t<\/section>\n\t\t\t\t<\/div>\n\t\t","protected":false},"excerpt":{"rendered":"[table id=117 \/]\n","protected":false},"featured_media":13675,"comment_status":"open","ping_status":"closed","template":"","meta":{"inline_featured_image":false},"etheme_brands":[{"term_id":365,"name":"karartmarble","slug":"karartmarble-tr","term_group":0,"term_taxonomy_id":365,"taxonomy":"brand","description":"","parent":0,"count":91,"filter":"raw"}],"product_brand":[],"product_cat":[396,394,404],"product_tag":[],"class_list":{"0":"post-13643","1":"product","2":"type-product","3":"status-publish","4":"has-post-thumbnail","6":"brand-karartmarble-tr","7":"product_cat-ic-mekan-kaplama","8":"product_cat-kaplama","9":"product_cat-tum-urunler","11":"first","12":"outofstock","13":"shipping-taxable","14":"purchasable","15":"product-type-variable"},"_links":{"self":[{"href":"https:\/\/www.karartmarble.com\/tr\/wp-json\/wp\/v2\/product\/13643","targetHints":{"allow":["GET"]}}],"collection":[{"href":"https:\/\/www.karartmarble.com\/tr\/wp-json\/wp\/v2\/product"}],"about":[{"href":"https:\/\/www.karartmarble.com\/tr\/wp-json\/wp\/v2\/types\/product"}],"replies":[{"embeddable":true,"href":"https:\/\/www.karartmarble.com\/tr\/wp-json\/wp\/v2\/comments?post=13643"}],"version-history":[{"count":0,"href":"https:\/\/www.karartmarble.com\/tr\/wp-json\/wp\/v2\/product\/13643\/revisions"}],"wp:featuredmedia":[{"embeddable":true,"href":"https:\/\/www.karartmarble.com\/tr\/wp-json\/wp\/v2\/media\/13675"}],"wp:attachment":[{"href":"https:\/\/www.karartmarble.com\/tr\/wp-json\/wp\/v2\/media?parent=13643"}],"wp:term":[{"taxonomy":"brand","embeddable":true,"href":"https:\/\/www.karartmarble.com\/tr\/wp-json\/wp\/v2\/etheme_brands?post=13643"},{"taxonomy":"product_brand","embeddable":true,"href":"https:\/\/www.karartmarble.com\/tr\/wp-json\/wp\/v2\/product_brand?post=13643"},{"taxonomy":"product_cat","embeddable":true,"href":"https:\/\/www.karartmarble.com\/tr\/wp-json\/wp\/v2\/product_cat?post=13643"},{"taxonomy":"product_tag","embeddable":true,"href":"https:\/\/www.karartmarble.com\/tr\/wp-json\/wp\/v2\/product_tag?post=13643"}],"curies":[{"name":"wp","href":"https:\/\/api.w.org\/{rel}","templated":true}]}}