{"id":14239,"date":"2023-11-27T01:58:00","date_gmt":"2023-11-26T22:58:00","guid":{"rendered":"https:\/\/karartmarble.com\/?post_type=product&#038;p=14239"},"modified":"2024-07-05T01:43:02","modified_gmt":"2024-07-04T22:43:02","slug":"mermer-banyo-fayanslari","status":"publish","type":"product","link":"https:\/\/www.karartmarble.com\/tr\/urun\/mermer-banyo-fayanslari\/","title":{"rendered":"Mermer Banyo Fayanslar\u0131 <br><span class=\"ata_title\">Mu\u011fla Beyaz\u0131 Mermer<\/span>"},"content":{"rendered":"\t\t<div data-elementor-type=\"wp-post\" data-elementor-id=\"14239\" class=\"elementor elementor-14239 elementor-14208\" data-elementor-post-type=\"product\">\n\t\t\t\t\t\t<section class=\"elementor-section elementor-top-section elementor-element elementor-element-0d75d4a elementor-section-boxed elementor-section-height-default elementor-section-height-default\" data-id=\"0d75d4a\" data-element_type=\"section\" data-e-type=\"section\">\n\t\t\t\t\t\t<div class=\"elementor-container elementor-column-gap-default\">\n\t\t\t\t\t<div class=\"elementor-column elementor-col-100 elementor-top-column elementor-element elementor-element-439709d\" data-id=\"439709d\" data-element_type=\"column\" data-e-type=\"column\">\n\t\t\t<div class=\"elementor-widget-wrap elementor-element-populated\">\n\t\t\t\t\t\t<div class=\"elementor-element elementor-element-fedd9b7 elementor-widget elementor-widget-etheme_gallery\" data-id=\"fedd9b7\" data-element_type=\"widget\" data-e-type=\"widget\" data-settings=\"{&quot;type&quot;:&quot;grid&quot;,&quot;columns&quot;:{&quot;unit&quot;:&quot;px&quot;,&quot;size&quot;:3,&quot;sizes&quot;:[]},&quot;columns_tablet&quot;:{&quot;unit&quot;:&quot;px&quot;,&quot;size&quot;:3,&quot;sizes&quot;:[]},&quot;columns_mobile&quot;:{&quot;unit&quot;:&quot;px&quot;,&quot;size&quot;:2,&quot;sizes&quot;:[]},&quot;columns_gap&quot;:{&quot;unit&quot;:&quot;px&quot;,&quot;size&quot;:10,&quot;sizes&quot;:[]},&quot;columns_gap_tablet&quot;:{&quot;unit&quot;:&quot;px&quot;,&quot;size&quot;:&quot;&quot;,&quot;sizes&quot;:[]},&quot;columns_gap_mobile&quot;:{&quot;unit&quot;:&quot;px&quot;,&quot;size&quot;:&quot;&quot;,&quot;sizes&quot;:[]},&quot;rows_gap&quot;:{&quot;unit&quot;:&quot;px&quot;,&quot;size&quot;:10,&quot;sizes&quot;:[]},&quot;rows_gap_tablet&quot;:{&quot;unit&quot;:&quot;px&quot;,&quot;size&quot;:&quot;&quot;,&quot;sizes&quot;:[]},&quot;rows_gap_mobile&quot;:{&quot;unit&quot;:&quot;px&quot;,&quot;size&quot;:&quot;&quot;,&quot;sizes&quot;:[]}}\" data-widget_type=\"etheme_gallery.default\">\n\t\t\t\t<div class=\"elementor-widget-container\">\n\t\t\t\t\t<div class=\"elementor-panel-alert elementor-panel-alert-elementor-panel-alert-warning\">Please, add images to create gallery<\/div>\t\t\t\t<\/div>\n\t\t\t\t<\/div>\n\t\t\t\t\t<\/div>\n\t\t<\/div>\n\t\t\t\t\t<\/div>\n\t\t<\/section>\n\t\t\t\t<section class=\"elementor-section elementor-top-section elementor-element elementor-element-d24dab3 elementor-section-boxed elementor-section-height-default elementor-section-height-default\" data-id=\"d24dab3\" data-element_type=\"section\" data-e-type=\"section\">\n\t\t\t\t\t\t<div class=\"elementor-container elementor-column-gap-default\">\n\t\t\t\t\t<div class=\"elementor-column elementor-col-100 elementor-top-column elementor-element elementor-element-aff3c06\" data-id=\"aff3c06\" data-element_type=\"column\" data-e-type=\"column\">\n\t\t\t<div class=\"elementor-widget-wrap elementor-element-populated\">\n\t\t\t\t\t\t<div class=\"elementor-element elementor-element-852d143 elementor-widget elementor-widget-text-editor\" data-id=\"852d143\" data-element_type=\"widget\" data-e-type=\"widget\" data-widget_type=\"text-editor.default\">\n\t\t\t\t<div class=\"elementor-widget-container\">\n\t\t\t\t\t\t\t\t\t<h2 class=\"serp-title capitalize\">Banyo Mermer Fayans Modelleri<\/h2><p class=\"pb-3 last:pb-0\">Mu\u011fla Beyaz\u0131 Mermer Banyo Fayanslar\u0131 ile banyonuza zarafet kat\u0131n. Bu mermer banyo fayanslar\u0131, hem estetik g\u00f6r\u00fcn\u00fcm\u00fcyle g\u00f6z kama\u015ft\u0131r\u0131rken hem de dayan\u0131kl\u0131l\u0131\u011f\u0131yla uzun s\u00fcreli kullan\u0131m sa\u011flar. Mu\u011fla Beyaz\u0131 Mermer&#8217;in e\u015fsiz do\u011fal desenleri, banyonuza do\u011fan\u0131n zarafetini getirir ve her bir fayans benzersiz bir dokunu\u015f sunar.<\/p><p class=\"pb-3 last:pb-0\">Beyaz mermer banyo fayanslar\u0131, her tarza uyum sa\u011flayacak geni\u015f bir se\u00e7enek sunar. Modern ve minimalist bir banyo tasar\u0131m\u0131 m\u0131 istiyorsunuz? Beyaz mermer fayanslar, ferah ve \u015f\u0131k bir atmosfer yaratman\u0131za yard\u0131mc\u0131 olur. Klasik ve zarif bir g\u00f6r\u00fcn\u00fcm m\u00fc ar\u0131yorsunuz? Mu\u011fla Beyaz\u0131 Mermer&#8217;in ince \u00e7izgileri ve yumu\u015fak tonlar\u0131yla bu tarz\u0131 yakalayabilirsiniz.<\/p><h2 class=\"serp-title capitalize\"><mark>Mermer Banyo Fayanslar\u0131<\/mark>\u00a0Ve Fiyatlar\u0131<\/h2><p>Beyaz mermer banyo fayanslar\u0131n\u0131n fiyat aral\u0131\u011f\u0131\u00a0 $21 &#8211; $34 aras\u0131nda de\u011fi\u015fiklik g\u00f6stermektedir. Detayl\u0131 bilgi almak ve fiyat teklifinde bulunmak i\u00e7in l\u00fctfen bizimle ileti\u015fime ge\u00e7in.<\/p><p class=\"pb-3 last:pb-0\">Dayan\u0131kl\u0131l\u0131\u011f\u0131yla \u00f6ne \u00e7\u0131kan Mu\u011fla Beyaz\u0131 Mermer Banyo Fayanslar\u0131, s\u0131cakl\u0131k de\u011fi\u015fimlerine, neme ve lekelere kar\u015f\u0131 dayan\u0131kl\u0131d\u0131r. Bu \u00f6zellikleri sayesinde uzun y\u0131llar boyunca banyonuzda ilk g\u00fcnk\u00fc gibi parlak ve etkileyici kal\u0131r.<\/p><h2>Mermer Banyo Fayans Temizli\u011fi Olduk\u00e7a Kolayd\u0131r<\/h2><p class=\"pb-3 last:pb-0\">\u00dcstelik Mu\u011fla Beyaz\u0131 Mermer Banyo Fayanslar\u0131, kolay temizlenebilir yap\u0131s\u0131yla da dikkat \u00e7eker. Sadece basit bir temizlikle fayanslar\u0131n\u0131z\u0131n ilk g\u00fcnk\u00fc gibi p\u0131r\u0131l p\u0131r\u0131l olmas\u0131n\u0131 sa\u011flayabilirsiniz.<\/p><p class=\"pb-3 last:pb-0\">Banyonuzda stil ve kalite arayanlar i\u00e7in ideal se\u00e7enek olan beyaz mermer banyo fayanslar\u0131, \u015f\u0131kl\u0131\u011f\u0131 ve dayan\u0131kl\u0131l\u0131\u011f\u0131 bir arada sunuyor. Do\u011fal g\u00fczelli\u011fi ve sa\u011flaml\u0131\u011f\u0131yla banyonuza kal\u0131c\u0131 bir de\u011fer katmak isterseniz, hemen \u015fimdi bu e\u015fsiz mermer fayanslar\u0131n fiyatlar\u0131 ve modelleri hakk\u0131nda detayl\u0131 bilgi almak i\u00e7in sat\u0131\u015f temsilcimiz ile ileti\u015fime ge\u00e7in.<\/p>\t\t\t\t\t\t\t\t<\/div>\n\t\t\t\t<\/div>\n\t\t\t\t\t<\/div>\n\t\t<\/div>\n\t\t\t\t\t<\/div>\n\t\t<\/section>\n\t\t\t\t<\/div>\n\t\t","protected":false},"excerpt":{"rendered":"[table id=222 \/]\n","protected":false},"featured_media":14333,"comment_status":"open","ping_status":"closed","template":"","meta":{"inline_featured_image":false},"etheme_brands":[{"term_id":365,"name":"karartmarble","slug":"karartmarble-tr","term_group":0,"term_taxonomy_id":365,"taxonomy":"brand","description":"","parent":0,"count":91,"filter":"raw"}],"product_brand":[],"product_cat":[393,404],"product_tag":[],"class_list":{"0":"post-14239","1":"product","2":"type-product","3":"status-publish","4":"has-post-thumbnail","6":"brand-karartmarble-tr","7":"product_cat-banyo-mermeri","8":"product_cat-tum-urunler","10":"first","11":"outofstock","12":"shipping-taxable","13":"purchasable","14":"product-type-variable"},"_links":{"self":[{"href":"https:\/\/www.karartmarble.com\/tr\/wp-json\/wp\/v2\/product\/14239","targetHints":{"allow":["GET"]}}],"collection":[{"href":"https:\/\/www.karartmarble.com\/tr\/wp-json\/wp\/v2\/product"}],"about":[{"href":"https:\/\/www.karartmarble.com\/tr\/wp-json\/wp\/v2\/types\/product"}],"replies":[{"embeddable":true,"href":"https:\/\/www.karartmarble.com\/tr\/wp-json\/wp\/v2\/comments?post=14239"}],"version-history":[{"count":0,"href":"https:\/\/www.karartmarble.com\/tr\/wp-json\/wp\/v2\/product\/14239\/revisions"}],"wp:featuredmedia":[{"embeddable":true,"href":"https:\/\/www.karartmarble.com\/tr\/wp-json\/wp\/v2\/media\/14333"}],"wp:attachment":[{"href":"https:\/\/www.karartmarble.com\/tr\/wp-json\/wp\/v2\/media?parent=14239"}],"wp:term":[{"taxonomy":"brand","embeddable":true,"href":"https:\/\/www.karartmarble.com\/tr\/wp-json\/wp\/v2\/etheme_brands?post=14239"},{"taxonomy":"product_brand","embeddable":true,"href":"https:\/\/www.karartmarble.com\/tr\/wp-json\/wp\/v2\/product_brand?post=14239"},{"taxonomy":"product_cat","embeddable":true,"href":"https:\/\/www.karartmarble.com\/tr\/wp-json\/wp\/v2\/product_cat?post=14239"},{"taxonomy":"product_tag","embeddable":true,"href":"https:\/\/www.karartmarble.com\/tr\/wp-json\/wp\/v2\/product_tag?post=14239"}],"curies":[{"name":"wp","href":"https:\/\/api.w.org\/{rel}","templated":true}]}}