{"id":14301,"date":"2023-11-27T01:58:29","date_gmt":"2023-11-26T22:58:29","guid":{"rendered":"https:\/\/karartmarble.com\/?post_type=product&#038;p=14301"},"modified":"2024-07-05T01:16:56","modified_gmt":"2024-07-04T22:16:56","slug":"mugla-siyah-mermer-lavabo","status":"publish","type":"product","link":"https:\/\/www.karartmarble.com\/tr\/urun\/mugla-siyah-mermer-lavabo\/","title":{"rendered":"Mermer Lavabo <br><span class=\"ata_title\">Mu\u011fla Siyah\u0131 Mermer<\/span>"},"content":{"rendered":"\t\t<div data-elementor-type=\"wp-post\" data-elementor-id=\"14301\" class=\"elementor elementor-14301 elementor-14270\" data-elementor-post-type=\"product\">\n\t\t\t\t\t\t<section class=\"elementor-section elementor-top-section elementor-element elementor-element-0d75d4a elementor-section-boxed elementor-section-height-default elementor-section-height-default\" data-id=\"0d75d4a\" data-element_type=\"section\" data-e-type=\"section\">\n\t\t\t\t\t\t<div class=\"elementor-container elementor-column-gap-default\">\n\t\t\t\t\t<div class=\"elementor-column elementor-col-100 elementor-top-column elementor-element elementor-element-439709d\" data-id=\"439709d\" data-element_type=\"column\" data-e-type=\"column\">\n\t\t\t<div class=\"elementor-widget-wrap elementor-element-populated\">\n\t\t\t\t\t\t<div class=\"elementor-element elementor-element-fedd9b7 elementor-widget elementor-widget-etheme_gallery\" data-id=\"fedd9b7\" data-element_type=\"widget\" data-e-type=\"widget\" data-settings=\"{&quot;type&quot;:&quot;grid&quot;,&quot;columns&quot;:{&quot;unit&quot;:&quot;px&quot;,&quot;size&quot;:3,&quot;sizes&quot;:[]},&quot;columns_tablet&quot;:{&quot;unit&quot;:&quot;px&quot;,&quot;size&quot;:3,&quot;sizes&quot;:[]},&quot;columns_mobile&quot;:{&quot;unit&quot;:&quot;px&quot;,&quot;size&quot;:2,&quot;sizes&quot;:[]},&quot;columns_gap&quot;:{&quot;unit&quot;:&quot;px&quot;,&quot;size&quot;:10,&quot;sizes&quot;:[]},&quot;columns_gap_tablet&quot;:{&quot;unit&quot;:&quot;px&quot;,&quot;size&quot;:&quot;&quot;,&quot;sizes&quot;:[]},&quot;columns_gap_mobile&quot;:{&quot;unit&quot;:&quot;px&quot;,&quot;size&quot;:&quot;&quot;,&quot;sizes&quot;:[]},&quot;rows_gap&quot;:{&quot;unit&quot;:&quot;px&quot;,&quot;size&quot;:10,&quot;sizes&quot;:[]},&quot;rows_gap_tablet&quot;:{&quot;unit&quot;:&quot;px&quot;,&quot;size&quot;:&quot;&quot;,&quot;sizes&quot;:[]},&quot;rows_gap_mobile&quot;:{&quot;unit&quot;:&quot;px&quot;,&quot;size&quot;:&quot;&quot;,&quot;sizes&quot;:[]}}\" data-widget_type=\"etheme_gallery.default\">\n\t\t\t\t<div class=\"elementor-widget-container\">\n\t\t\t\t\t<div class=\"elementor-panel-alert elementor-panel-alert-elementor-panel-alert-warning\">Please, add images to create gallery<\/div>\t\t\t\t<\/div>\n\t\t\t\t<\/div>\n\t\t\t\t\t<\/div>\n\t\t<\/div>\n\t\t\t\t\t<\/div>\n\t\t<\/section>\n\t\t\t\t<section class=\"elementor-section elementor-top-section elementor-element elementor-element-d24dab3 elementor-section-boxed elementor-section-height-default elementor-section-height-default\" data-id=\"d24dab3\" data-element_type=\"section\" data-e-type=\"section\">\n\t\t\t\t\t\t<div class=\"elementor-container elementor-column-gap-default\">\n\t\t\t\t\t<div class=\"elementor-column elementor-col-100 elementor-top-column elementor-element elementor-element-aff3c06\" data-id=\"aff3c06\" data-element_type=\"column\" data-e-type=\"column\">\n\t\t\t<div class=\"elementor-widget-wrap elementor-element-populated\">\n\t\t\t\t\t\t<div class=\"elementor-element elementor-element-852d143 elementor-widget elementor-widget-text-editor\" data-id=\"852d143\" data-element_type=\"widget\" data-e-type=\"widget\" data-widget_type=\"text-editor.default\">\n\t\t\t\t<div class=\"elementor-widget-container\">\n\t\t\t\t\t\t\t\t\t<h2 class=\"serp-title capitalize\">Mu\u011fla\u00a0<mark>Siyah Mermer Lavabo<\/mark> &#8211; Lavabo Mermer Modelleri<\/h2><p class=\"pb-3 last:pb-0\">Mu\u011fla Siyah\u0131 Mermer Lavabo ile banyonuza l\u00fcks bir dokunu\u015f kat\u0131n. \u015e\u0131k modellerimiz ve uygun fiyatlar\u0131m\u0131zla banyonuza zarafet ve dayan\u0131kl\u0131l\u0131k kazand\u0131r\u0131n. <strong>Siyah mermer lavabo<\/strong>, g\u00f6z al\u0131c\u0131 bulutsu gri rengi ve hafif beyaz damarlar\u0131yla dikkat \u00e7eken bir lavabo mermeridir.<\/p><p class=\"pb-3 last:pb-0\">Bu mermer lavabo, banyonuzda m\u00fckemmel bir uyum sa\u011flar. Her ebatta \u00fcretilebilme \u00f6zelli\u011fi sayesinde, mevcut banyo tasar\u0131m\u0131n\u0131za kolayca entegre edilebilir. Siyah mermer lavabo, y\u00fcksek kaliteli malzemeden \u00fcretilmi\u015ftir ve uzun \u00f6m\u00fcrl\u00fc kullan\u0131m sunar.<\/p><p class=\"pb-3 last:pb-0\">Dayan\u0131kl\u0131 yap\u0131s\u0131 sayesinde uzun y\u0131llar boyunca ilk g\u00fcnk\u00fc gibi g\u00f6r\u00fcnecektir. Ayr\u0131ca, y\u00fczey i\u015flemi ile t\u00fcm y\u00fczeylerde m\u00fckemmel bir g\u00f6r\u00fcn\u00fcm elde edilir. Bu lavabo mermeri, banyonuzun modern ve \u015f\u0131k bir atmosferine katk\u0131da bulunurken ayn\u0131 zamanda pratik kullan\u0131m sa\u011flar.<\/p><h3 class=\"LC20lb MBeuO DKV0Md\">Siyah Mermer Lavabo Fiyatlar\u0131 ve Modelleri<\/h3><p class=\"pb-3 last:pb-0\">Siyah mermer lavabo, fiyat aral\u0131\u011f\u0131 olarak $300.00 \/m\u00b2 ile $600.00 \/m\u00b2 aras\u0131nda yer almaktad\u0131r. Bu lavaboyu sat\u0131n alarak banyonuza estetik bir dokunu\u015f yapabilir ve l\u00fcks bir hissiyat elde edebilirsiniz.<\/p><p class=\"pb-3 last:pb-0\">Mu\u011fla Siyah\u0131 Mermer Lavabo hakk\u0131nda daha fazla bilgi almak veya <strong>\u00fccretsiz numune<\/strong> talep etmek i\u00e7in bizimle ileti\u015fime ge\u00e7ebilirsiniz. M\u00fc\u015fteri memnuniyetini \u00f6n planda tutan ekibimiz size en iyi hizmeti sunmaktan mutluluk duyacakt\u0131r.<\/p>\t\t\t\t\t\t\t\t<\/div>\n\t\t\t\t<\/div>\n\t\t\t\t\t<\/div>\n\t\t<\/div>\n\t\t\t\t\t<\/div>\n\t\t<\/section>\n\t\t\t\t<\/div>\n\t\t","protected":false},"excerpt":{"rendered":"[table id=133 \/]\n","protected":false},"featured_media":14367,"comment_status":"open","ping_status":"closed","template":"","meta":{"inline_featured_image":false},"etheme_brands":[{"term_id":365,"name":"karartmarble","slug":"karartmarble-tr","term_group":0,"term_taxonomy_id":365,"taxonomy":"brand","description":"","parent":0,"count":91,"filter":"raw"}],"product_brand":[],"product_cat":[393,404],"product_tag":[],"class_list":{"0":"post-14301","1":"product","2":"type-product","3":"status-publish","4":"has-post-thumbnail","6":"brand-karartmarble-tr","7":"product_cat-banyo-mermeri","8":"product_cat-tum-urunler","10":"first","11":"outofstock","12":"shipping-taxable","13":"purchasable","14":"product-type-variable"},"_links":{"self":[{"href":"https:\/\/www.karartmarble.com\/tr\/wp-json\/wp\/v2\/product\/14301","targetHints":{"allow":["GET"]}}],"collection":[{"href":"https:\/\/www.karartmarble.com\/tr\/wp-json\/wp\/v2\/product"}],"about":[{"href":"https:\/\/www.karartmarble.com\/tr\/wp-json\/wp\/v2\/types\/product"}],"replies":[{"embeddable":true,"href":"https:\/\/www.karartmarble.com\/tr\/wp-json\/wp\/v2\/comments?post=14301"}],"version-history":[{"count":0,"href":"https:\/\/www.karartmarble.com\/tr\/wp-json\/wp\/v2\/product\/14301\/revisions"}],"wp:featuredmedia":[{"embeddable":true,"href":"https:\/\/www.karartmarble.com\/tr\/wp-json\/wp\/v2\/media\/14367"}],"wp:attachment":[{"href":"https:\/\/www.karartmarble.com\/tr\/wp-json\/wp\/v2\/media?parent=14301"}],"wp:term":[{"taxonomy":"brand","embeddable":true,"href":"https:\/\/www.karartmarble.com\/tr\/wp-json\/wp\/v2\/etheme_brands?post=14301"},{"taxonomy":"product_brand","embeddable":true,"href":"https:\/\/www.karartmarble.com\/tr\/wp-json\/wp\/v2\/product_brand?post=14301"},{"taxonomy":"product_cat","embeddable":true,"href":"https:\/\/www.karartmarble.com\/tr\/wp-json\/wp\/v2\/product_cat?post=14301"},{"taxonomy":"product_tag","embeddable":true,"href":"https:\/\/www.karartmarble.com\/tr\/wp-json\/wp\/v2\/product_tag?post=14301"}],"curies":[{"name":"wp","href":"https:\/\/api.w.org\/{rel}","templated":true}]}}