{"id":14439,"date":"2023-11-27T02:15:30","date_gmt":"2023-11-26T23:15:30","guid":{"rendered":"https:\/\/karartmarble.com\/?post_type=product&#038;p=14439"},"modified":"2024-07-05T01:01:07","modified_gmt":"2024-07-04T22:01:07","slug":"mermer-lavabo-kutup-beyazi-mermer","status":"publish","type":"product","link":"https:\/\/www.karartmarble.com\/tr\/urun\/mermer-lavabo-kutup-beyazi-mermer\/","title":{"rendered":"Mermer Lavabo <br><span class=\"ata_title\">Kutup Beyaz\u0131 Mermer<\/span>"},"content":{"rendered":"\t\t<div data-elementor-type=\"wp-post\" data-elementor-id=\"14439\" class=\"elementor elementor-14439 elementor-14408\" data-elementor-post-type=\"product\">\n\t\t\t\t\t\t<section class=\"elementor-section elementor-top-section elementor-element elementor-element-0d75d4a elementor-section-boxed elementor-section-height-default elementor-section-height-default\" data-id=\"0d75d4a\" data-element_type=\"section\" data-e-type=\"section\">\n\t\t\t\t\t\t<div class=\"elementor-container elementor-column-gap-default\">\n\t\t\t\t\t<div class=\"elementor-column elementor-col-100 elementor-top-column elementor-element elementor-element-439709d\" data-id=\"439709d\" data-element_type=\"column\" data-e-type=\"column\">\n\t\t\t<div class=\"elementor-widget-wrap elementor-element-populated\">\n\t\t\t\t\t\t<div class=\"elementor-element elementor-element-fedd9b7 elementor-widget elementor-widget-etheme_gallery\" data-id=\"fedd9b7\" data-element_type=\"widget\" data-e-type=\"widget\" data-settings=\"{&quot;type&quot;:&quot;grid&quot;,&quot;columns&quot;:{&quot;unit&quot;:&quot;px&quot;,&quot;size&quot;:1,&quot;sizes&quot;:[]},&quot;columns_tablet&quot;:{&quot;unit&quot;:&quot;px&quot;,&quot;size&quot;:3,&quot;sizes&quot;:[]},&quot;columns_mobile&quot;:{&quot;unit&quot;:&quot;px&quot;,&quot;size&quot;:2,&quot;sizes&quot;:[]},&quot;columns_gap&quot;:{&quot;unit&quot;:&quot;px&quot;,&quot;size&quot;:10,&quot;sizes&quot;:[]},&quot;columns_gap_tablet&quot;:{&quot;unit&quot;:&quot;px&quot;,&quot;size&quot;:&quot;&quot;,&quot;sizes&quot;:[]},&quot;columns_gap_mobile&quot;:{&quot;unit&quot;:&quot;px&quot;,&quot;size&quot;:&quot;&quot;,&quot;sizes&quot;:[]},&quot;rows_gap&quot;:{&quot;unit&quot;:&quot;px&quot;,&quot;size&quot;:10,&quot;sizes&quot;:[]},&quot;rows_gap_tablet&quot;:{&quot;unit&quot;:&quot;px&quot;,&quot;size&quot;:&quot;&quot;,&quot;sizes&quot;:[]},&quot;rows_gap_mobile&quot;:{&quot;unit&quot;:&quot;px&quot;,&quot;size&quot;:&quot;&quot;,&quot;sizes&quot;:[]}}\" data-widget_type=\"etheme_gallery.default\">\n\t\t\t\t<div class=\"elementor-widget-container\">\n\t\t\t\t\t        \n        <div class=\"etheme-gallery-wrapper\">\n            \t            \n\t            <div class=\"e-gallery etheme-gallery active\" id=\"etheme-gallery-5051\" data-item-settings=\"{&quot;type&quot;:&quot;grid&quot;}\" data-uniq-id=\"5051\">\n                                <div class=\"e-gallery-item etheme-gallery-item\">\n                <div class=\"etheme-gallery-item-overlay\">\n                    <a data-elementor-open-lightbox=\"yes\" data-elementor-lightbox-slideshow=\"all-fedd9b7\" data-e-action-hash=\"#elementor-action%3Aaction%3Dlightbox%26settings%3DeyJpZCI6MjAzNDYsInVybCI6Imh0dHBzOlwvXC93d3cua2FyYXJ0bWFyYmxlLmNvbVwvd3AtY29udGVudFwvdXBsb2Fkc1wvMjAyM1wvMTJcLzUwMDAtTWFyYmxlLUJhdGhyb29tLVNpbmstQXJjdGljLVdoaXRlLXBvbGlzaGVkLWhvbmVkLTEuanBnIiwic2xpZGVzaG93IjoiYWxsLWZlZGQ5YjcifQ%3D%3D\" class=\"e-gallery-image etheme-gallery-image elementor-gallery-item__image\" data-thumbnail=\"https:\/\/www.karartmarble.com\/wp-content\/uploads\/2023\/12\/5000-Marble-Bathroom-Sink-Arctic-White-polished-honed-1.jpg\" data-width=\"2073\" data-height=\"1612\" alt=\"kutup beyazi mermer banyo lavabosu\" style=\"background-image: url(&#039;https:\/\/www.karartmarble.com\/wp-content\/uploads\/2023\/12\/5000-Marble-Bathroom-Sink-Arctic-White-polished-honed-1.jpg&#039;)\" href=\"https:\/\/www.karartmarble.com\/wp-content\/uploads\/2023\/12\/5000-Marble-Bathroom-Sink-Arctic-White-polished-honed-1.jpg\"><\/a>\n\t                <span class=\"etheme-gallery-item-details etheme-gallery-item-details-inside\"><span class=\"etheme-gallery-lightbox-icon\">\n            <svg version=\"1.1\" xmlns=\"http:\/\/www.w3.org\/2000\/svg\" width=\"1em\" height=\"1em\" viewBox=\"0 0 24 24\" fill=\"currentColor\">\n                <path d=\"M23.784 22.8l-6.168-6.144c1.584-1.848 2.448-4.176 2.448-6.576 0-5.52-4.488-10.032-10.032-10.032-5.52 0-10.008 4.488-10.008 10.008s4.488 10.032 10.032 10.032c2.424 0 4.728-0.864 6.576-2.472l6.168 6.144c0.144 0.144 0.312 0.216 0.48 0.216s0.336-0.072 0.456-0.192c0.144-0.12 0.216-0.288 0.24-0.48 0-0.192-0.072-0.384-0.192-0.504zM18.696 10.080c0 4.752-3.888 8.64-8.664 8.64-4.752 0-8.64-3.888-8.64-8.664 0-4.752 3.888-8.64 8.664-8.64s8.64 3.888 8.64 8.664z\"><\/path>\n            <\/svg>\n        <\/span><\/span>                <\/div>\n\t            \t                        <\/div>\n\t                    <\/div>\n                    <\/div>\n        \n        \t\t\t\t<\/div>\n\t\t\t\t<\/div>\n\t\t\t\t\t<\/div>\n\t\t<\/div>\n\t\t\t\t\t<\/div>\n\t\t<\/section>\n\t\t\t\t<section class=\"elementor-section elementor-top-section elementor-element elementor-element-d24dab3 elementor-section-boxed elementor-section-height-default elementor-section-height-default\" data-id=\"d24dab3\" data-element_type=\"section\" data-e-type=\"section\">\n\t\t\t\t\t\t<div class=\"elementor-container elementor-column-gap-default\">\n\t\t\t\t\t<div class=\"elementor-column elementor-col-100 elementor-top-column elementor-element elementor-element-aff3c06\" data-id=\"aff3c06\" data-element_type=\"column\" data-e-type=\"column\">\n\t\t\t<div class=\"elementor-widget-wrap elementor-element-populated\">\n\t\t\t\t\t\t<div class=\"elementor-element elementor-element-852d143 elementor-widget elementor-widget-text-editor\" data-id=\"852d143\" data-element_type=\"widget\" data-e-type=\"widget\" data-widget_type=\"text-editor.default\">\n\t\t\t\t<div class=\"elementor-widget-container\">\n\t\t\t\t\t\t\t\t\t<h2 class=\"serp-title capitalize\">Kutup Beyaz\u0131\u00a0<mark>Mermer Lavabo<\/mark><\/h2><p class=\"pb-3 last:pb-0\">Kutup Beyaz\u0131 Mermer Lavabo ile banyonuzda dayan\u0131kl\u0131l\u0131\u011f\u0131 ve l\u00fcks\u00fc bir araya getirin. Bu \u00f6zel lavabo mermeri, evinizdeki banyonun zarafetini art\u0131racak ve kal\u0131c\u0131l\u0131\u011f\u0131n\u0131 sa\u011flayacak. Kutup Beyaz\u0131 Mermer Lavabo, banyonuza modern bir dokunu\u015f katarken, sade ve \u015f\u0131k tasar\u0131m\u0131yla da dikkat \u00e7ekiyor.<\/p><p class=\"pb-3 last:pb-0\">Bu mermer lavabo, y\u00fcksek kaliteli malzemelerden \u00fcretilmi\u015ftir ve uzun \u00f6m\u00fcrl\u00fc kullan\u0131m sa\u011flar. Kutup Beyaz\u0131 Mermer Lavabo, evye fiyatlar\u0131 ve modelleri aras\u0131nda en iyi se\u00e7eneklerden biridir. Banyonuza sofistike bir hava katan beyaz zemin \u00fczerindeki hafif gri damarlar, g\u00f6rsel a\u00e7\u0131dan etkileyici bir g\u00f6r\u00fcn\u00fcm sunar.<\/p><p class=\"pb-3 last:pb-0\">Kutup Beyaz\u0131 Mermer Lavabo&#8217;nun y\u00fczey i\u015flemi son derece kalitelidir ve t\u00fcm y\u00fczeylerde e\u015fit \u015fekilde uygulan\u0131r. Bu sayede lavabonuzun her alan\u0131nda p\u00fcr\u00fczs\u00fcz bir dokunu\u015f hissedersiniz. Ayr\u0131ca bu lavabo mermeri, banyo alan\u0131n\u0131z i\u00e7in idealdir ve geni\u015flik, y\u00fckseklik ve kal\u0131nl\u0131k gibi farkl\u0131 \u00f6l\u00e7\u00fc se\u00e7enekleriyle ki\u015fiselle\u015ftirilebilir.<\/p><h3>Mermer Lavabo Tezgah\u0131 Fiyatlar\u0131<\/h3><p class=\"pb-3 last:pb-0\">Bu \u00fcr\u00fcn\u00fcn fiyat aral\u0131\u011f\u0131 $300.00 \/m\u00b2 ile $600.00 \/m\u00b2 aras\u0131nda de\u011fi\u015fmektedir. Kutup Beyaz\u0131 Mermer Lavabo&#8217;nun dayan\u0131kl\u0131l\u0131\u011f\u0131 ve esteti\u011fi sayesinde banyonuzda uzun s\u00fcreler boyunca kullanabilirsiniz.<\/p><p class=\"pb-3 last:pb-0\">\u00dccretsiz numune talep etmek veya fiyat teklifi almak i\u00e7in ye\u015fil butonu kullanabilirsiniz. Ayr\u0131ca karartmarble.com web sitesinden ileti\u015fim formunu doldurarak bizle ula\u015fabilirsiniz. Sat\u0131\u015f temsilcimiz sizlere en k\u0131sa s\u00fcrede d\u00f6n\u00fc\u015f yapacakt\u0131r.<\/p><p class=\"pb-3 last:pb-0\">Kutup Beyaz\u0131 Mermer Lavabo ile banyonuzda \u015f\u0131kl\u0131\u011f\u0131 ve dayan\u0131kl\u0131l\u0131\u011f\u0131 bir arada ya\u015fay\u0131n!<\/p>\t\t\t\t\t\t\t\t<\/div>\n\t\t\t\t<\/div>\n\t\t\t\t\t<\/div>\n\t\t<\/div>\n\t\t\t\t\t<\/div>\n\t\t<\/section>\n\t\t\t\t<\/div>\n\t\t","protected":false},"excerpt":{"rendered":"[table id=131 \/]\n","protected":false},"featured_media":14595,"comment_status":"open","ping_status":"closed","template":"","meta":{"inline_featured_image":false},"etheme_brands":[{"term_id":365,"name":"karartmarble","slug":"karartmarble-tr","term_group":0,"term_taxonomy_id":365,"taxonomy":"brand","description":"","parent":0,"count":91,"filter":"raw"}],"product_brand":[],"product_cat":[393,404],"product_tag":[],"class_list":{"0":"post-14439","1":"product","2":"type-product","3":"status-publish","4":"has-post-thumbnail","6":"brand-karartmarble-tr","7":"product_cat-banyo-mermeri","8":"product_cat-tum-urunler","10":"first","11":"outofstock","12":"shipping-taxable","13":"purchasable","14":"product-type-variable"},"_links":{"self":[{"href":"https:\/\/www.karartmarble.com\/tr\/wp-json\/wp\/v2\/product\/14439","targetHints":{"allow":["GET"]}}],"collection":[{"href":"https:\/\/www.karartmarble.com\/tr\/wp-json\/wp\/v2\/product"}],"about":[{"href":"https:\/\/www.karartmarble.com\/tr\/wp-json\/wp\/v2\/types\/product"}],"replies":[{"embeddable":true,"href":"https:\/\/www.karartmarble.com\/tr\/wp-json\/wp\/v2\/comments?post=14439"}],"version-history":[{"count":0,"href":"https:\/\/www.karartmarble.com\/tr\/wp-json\/wp\/v2\/product\/14439\/revisions"}],"wp:featuredmedia":[{"embeddable":true,"href":"https:\/\/www.karartmarble.com\/tr\/wp-json\/wp\/v2\/media\/14595"}],"wp:attachment":[{"href":"https:\/\/www.karartmarble.com\/tr\/wp-json\/wp\/v2\/media?parent=14439"}],"wp:term":[{"taxonomy":"brand","embeddable":true,"href":"https:\/\/www.karartmarble.com\/tr\/wp-json\/wp\/v2\/etheme_brands?post=14439"},{"taxonomy":"product_brand","embeddable":true,"href":"https:\/\/www.karartmarble.com\/tr\/wp-json\/wp\/v2\/product_brand?post=14439"},{"taxonomy":"product_cat","embeddable":true,"href":"https:\/\/www.karartmarble.com\/tr\/wp-json\/wp\/v2\/product_cat?post=14439"},{"taxonomy":"product_tag","embeddable":true,"href":"https:\/\/www.karartmarble.com\/tr\/wp-json\/wp\/v2\/product_tag?post=14439"}],"curies":[{"name":"wp","href":"https:\/\/api.w.org\/{rel}","templated":true}]}}