{"id":14501,"date":"2023-11-27T02:16:00","date_gmt":"2023-11-26T23:16:00","guid":{"rendered":"https:\/\/karartmarble.com\/?post_type=product&#038;p=14501"},"modified":"2024-07-04T20:10:58","modified_gmt":"2024-07-04T17:10:58","slug":"mugla-beyaz-mermer-lavabo","status":"publish","type":"product","link":"https:\/\/www.karartmarble.com\/tr\/urun\/mugla-beyaz-mermer-lavabo\/","title":{"rendered":"Mermer Lavabo <br><span class=\"ata_title\">Mu\u011fla Beyaz\u0131 Mermer<\/span>"},"content":{"rendered":"\t\t<div data-elementor-type=\"wp-post\" data-elementor-id=\"14501\" class=\"elementor elementor-14501 elementor-14470\" data-elementor-post-type=\"product\">\n\t\t\t\t\t\t<section class=\"elementor-section elementor-top-section elementor-element elementor-element-0d75d4a elementor-section-boxed elementor-section-height-default elementor-section-height-default\" data-id=\"0d75d4a\" data-element_type=\"section\" data-e-type=\"section\">\n\t\t\t\t\t\t<div class=\"elementor-container elementor-column-gap-default\">\n\t\t\t\t\t<div class=\"elementor-column elementor-col-100 elementor-top-column elementor-element elementor-element-439709d\" data-id=\"439709d\" data-element_type=\"column\" data-e-type=\"column\">\n\t\t\t<div class=\"elementor-widget-wrap elementor-element-populated\">\n\t\t\t\t\t\t<div class=\"elementor-element elementor-element-fedd9b7 elementor-widget elementor-widget-etheme_gallery\" data-id=\"fedd9b7\" data-element_type=\"widget\" data-e-type=\"widget\" data-settings=\"{&quot;type&quot;:&quot;grid&quot;,&quot;columns&quot;:{&quot;unit&quot;:&quot;px&quot;,&quot;size&quot;:3,&quot;sizes&quot;:[]},&quot;columns_tablet&quot;:{&quot;unit&quot;:&quot;px&quot;,&quot;size&quot;:3,&quot;sizes&quot;:[]},&quot;columns_mobile&quot;:{&quot;unit&quot;:&quot;px&quot;,&quot;size&quot;:2,&quot;sizes&quot;:[]},&quot;columns_gap&quot;:{&quot;unit&quot;:&quot;px&quot;,&quot;size&quot;:10,&quot;sizes&quot;:[]},&quot;columns_gap_tablet&quot;:{&quot;unit&quot;:&quot;px&quot;,&quot;size&quot;:&quot;&quot;,&quot;sizes&quot;:[]},&quot;columns_gap_mobile&quot;:{&quot;unit&quot;:&quot;px&quot;,&quot;size&quot;:&quot;&quot;,&quot;sizes&quot;:[]},&quot;rows_gap&quot;:{&quot;unit&quot;:&quot;px&quot;,&quot;size&quot;:10,&quot;sizes&quot;:[]},&quot;rows_gap_tablet&quot;:{&quot;unit&quot;:&quot;px&quot;,&quot;size&quot;:&quot;&quot;,&quot;sizes&quot;:[]},&quot;rows_gap_mobile&quot;:{&quot;unit&quot;:&quot;px&quot;,&quot;size&quot;:&quot;&quot;,&quot;sizes&quot;:[]}}\" data-widget_type=\"etheme_gallery.default\">\n\t\t\t\t<div class=\"elementor-widget-container\">\n\t\t\t\t\t        \n        <div class=\"etheme-gallery-wrapper\">\n            \t            \n\t            <div class=\"e-gallery etheme-gallery active\" id=\"etheme-gallery-2145\" data-item-settings=\"{&quot;type&quot;:&quot;grid&quot;}\" data-uniq-id=\"2145\">\n                                <div class=\"e-gallery-item etheme-gallery-item\">\n                <div class=\"etheme-gallery-item-overlay\">\n                    <a data-elementor-open-lightbox=\"yes\" data-elementor-lightbox-slideshow=\"all-fedd9b7\" data-elementor-lightbox-title=\"5000-Marble-Bathroom-Sink-Snow-White-polished-honed-1\" data-e-action-hash=\"#elementor-action%3Aaction%3Dlightbox%26settings%3DeyJpZCI6MjAzNzUsInVybCI6Imh0dHBzOlwvXC93d3cua2FyYXJ0bWFyYmxlLmNvbVwvd3AtY29udGVudFwvdXBsb2Fkc1wvMjAyM1wvMTJcLzUwMDAtTWFyYmxlLUJhdGhyb29tLVNpbmstU25vdy1XaGl0ZS1wb2xpc2hlZC1ob25lZC0xLmpwZyIsInNsaWRlc2hvdyI6ImFsbC1mZWRkOWI3In0%3D\" class=\"e-gallery-image etheme-gallery-image elementor-gallery-item__image\" data-thumbnail=\"https:\/\/www.karartmarble.com\/wp-content\/uploads\/2023\/12\/5000-Marble-Bathroom-Sink-Snow-White-polished-honed-1.jpg\" data-width=\"2073\" data-height=\"1612\" alt=\"beyaz mermer lavabo\" style=\"background-image: url(&#039;https:\/\/www.karartmarble.com\/wp-content\/uploads\/2023\/12\/5000-Marble-Bathroom-Sink-Snow-White-polished-honed-1.jpg&#039;)\" href=\"https:\/\/www.karartmarble.com\/wp-content\/uploads\/2023\/12\/5000-Marble-Bathroom-Sink-Snow-White-polished-honed-1.jpg\"><\/a>\n\t                <span class=\"etheme-gallery-item-details etheme-gallery-item-details-inside\"><span class=\"etheme-gallery-lightbox-icon\">\n            <svg version=\"1.1\" xmlns=\"http:\/\/www.w3.org\/2000\/svg\" width=\"1em\" height=\"1em\" viewBox=\"0 0 24 24\" fill=\"currentColor\">\n                <path d=\"M23.784 22.8l-6.168-6.144c1.584-1.848 2.448-4.176 2.448-6.576 0-5.52-4.488-10.032-10.032-10.032-5.52 0-10.008 4.488-10.008 10.008s4.488 10.032 10.032 10.032c2.424 0 4.728-0.864 6.576-2.472l6.168 6.144c0.144 0.144 0.312 0.216 0.48 0.216s0.336-0.072 0.456-0.192c0.144-0.12 0.216-0.288 0.24-0.48 0-0.192-0.072-0.384-0.192-0.504zM18.696 10.080c0 4.752-3.888 8.64-8.664 8.64-4.752 0-8.64-3.888-8.64-8.664 0-4.752 3.888-8.64 8.664-8.64s8.64 3.888 8.64 8.664z\"><\/path>\n            <\/svg>\n        <\/span><\/span>                <\/div>\n\t            \t                        <\/div>\n\t                <div class=\"e-gallery-item etheme-gallery-item\">\n                <div class=\"etheme-gallery-item-overlay\">\n                    <a data-elementor-open-lightbox=\"yes\" data-elementor-lightbox-slideshow=\"all-fedd9b7\" data-elementor-lightbox-title=\"5000-Marble-Bathroom-Sink-Snow-White-polished-honed-1\" data-e-action-hash=\"#elementor-action%3Aaction%3Dlightbox%26settings%3DeyJpZCI6MjAzNzcsInVybCI6Imh0dHBzOlwvXC93d3cua2FyYXJ0bWFyYmxlLmNvbVwvd3AtY29udGVudFwvdXBsb2Fkc1wvMjAyM1wvMTJcLzUwMDAtTWFyYmxlLUJhdGhyb29tLVNpbmstU25vdy1XaGl0ZS1wb2xpc2hlZC1ob25lZC0xLmpwZWciLCJzbGlkZXNob3ciOiJhbGwtZmVkZDliNyJ9\" class=\"e-gallery-image etheme-gallery-image elementor-gallery-item__image\" data-thumbnail=\"https:\/\/www.karartmarble.com\/wp-content\/uploads\/2023\/12\/5000-Marble-Bathroom-Sink-Snow-White-polished-honed-1.jpeg\" data-width=\"720\" data-height=\"960\" alt=\"kalpli mermer lavabo\" style=\"background-image: url(&#039;https:\/\/www.karartmarble.com\/wp-content\/uploads\/2023\/12\/5000-Marble-Bathroom-Sink-Snow-White-polished-honed-1.jpeg&#039;)\" href=\"https:\/\/www.karartmarble.com\/wp-content\/uploads\/2023\/12\/5000-Marble-Bathroom-Sink-Snow-White-polished-honed-1.jpeg\"><\/a>\n\t                <span class=\"etheme-gallery-item-details etheme-gallery-item-details-inside\"><span class=\"etheme-gallery-lightbox-icon\">\n            <svg version=\"1.1\" xmlns=\"http:\/\/www.w3.org\/2000\/svg\" width=\"1em\" height=\"1em\" viewBox=\"0 0 24 24\" fill=\"currentColor\">\n                <path d=\"M23.784 22.8l-6.168-6.144c1.584-1.848 2.448-4.176 2.448-6.576 0-5.52-4.488-10.032-10.032-10.032-5.52 0-10.008 4.488-10.008 10.008s4.488 10.032 10.032 10.032c2.424 0 4.728-0.864 6.576-2.472l6.168 6.144c0.144 0.144 0.312 0.216 0.48 0.216s0.336-0.072 0.456-0.192c0.144-0.12 0.216-0.288 0.24-0.48 0-0.192-0.072-0.384-0.192-0.504zM18.696 10.080c0 4.752-3.888 8.64-8.664 8.64-4.752 0-8.64-3.888-8.64-8.664 0-4.752 3.888-8.64 8.664-8.64s8.64 3.888 8.64 8.664z\"><\/path>\n            <\/svg>\n        <\/span><\/span>                <\/div>\n\t            \t                        <\/div>\n\t                <div class=\"e-gallery-item etheme-gallery-item\">\n                <div class=\"etheme-gallery-item-overlay\">\n                    <a data-elementor-open-lightbox=\"yes\" data-elementor-lightbox-slideshow=\"all-fedd9b7\" data-elementor-lightbox-title=\"5000-Marble-Bathroom-Sink-Snow-White-polished-honed-2\" data-e-action-hash=\"#elementor-action%3Aaction%3Dlightbox%26settings%3DeyJpZCI6MjAzNzksInVybCI6Imh0dHBzOlwvXC93d3cua2FyYXJ0bWFyYmxlLmNvbVwvd3AtY29udGVudFwvdXBsb2Fkc1wvMjAyM1wvMTJcLzUwMDAtTWFyYmxlLUJhdGhyb29tLVNpbmstU25vdy1XaGl0ZS1wb2xpc2hlZC1ob25lZC0yLmpwZWciLCJzbGlkZXNob3ciOiJhbGwtZmVkZDliNyJ9\" class=\"e-gallery-image etheme-gallery-image elementor-gallery-item__image\" data-thumbnail=\"https:\/\/www.karartmarble.com\/wp-content\/uploads\/2023\/12\/5000-Marble-Bathroom-Sink-Snow-White-polished-honed-2.jpeg\" data-width=\"1600\" data-height=\"1200\" alt=\"yuvarlak mermer lavabo\" style=\"background-image: url(&#039;https:\/\/www.karartmarble.com\/wp-content\/uploads\/2023\/12\/5000-Marble-Bathroom-Sink-Snow-White-polished-honed-2.jpeg&#039;)\" href=\"https:\/\/www.karartmarble.com\/wp-content\/uploads\/2023\/12\/5000-Marble-Bathroom-Sink-Snow-White-polished-honed-2.jpeg\"><\/a>\n\t                <span class=\"etheme-gallery-item-details etheme-gallery-item-details-inside\"><span class=\"etheme-gallery-lightbox-icon\">\n            <svg version=\"1.1\" xmlns=\"http:\/\/www.w3.org\/2000\/svg\" width=\"1em\" height=\"1em\" viewBox=\"0 0 24 24\" fill=\"currentColor\">\n                <path d=\"M23.784 22.8l-6.168-6.144c1.584-1.848 2.448-4.176 2.448-6.576 0-5.52-4.488-10.032-10.032-10.032-5.52 0-10.008 4.488-10.008 10.008s4.488 10.032 10.032 10.032c2.424 0 4.728-0.864 6.576-2.472l6.168 6.144c0.144 0.144 0.312 0.216 0.48 0.216s0.336-0.072 0.456-0.192c0.144-0.12 0.216-0.288 0.24-0.48 0-0.192-0.072-0.384-0.192-0.504zM18.696 10.080c0 4.752-3.888 8.64-8.664 8.64-4.752 0-8.64-3.888-8.64-8.664 0-4.752 3.888-8.64 8.664-8.64s8.64 3.888 8.64 8.664z\"><\/path>\n            <\/svg>\n        <\/span><\/span>                <\/div>\n\t            \t                        <\/div>\n\t                    <\/div>\n                    <\/div>\n        \n        \t\t\t\t<\/div>\n\t\t\t\t<\/div>\n\t\t\t\t\t<\/div>\n\t\t<\/div>\n\t\t\t\t\t<\/div>\n\t\t<\/section>\n\t\t\t\t<section class=\"elementor-section elementor-top-section elementor-element elementor-element-d24dab3 elementor-section-boxed elementor-section-height-default elementor-section-height-default\" data-id=\"d24dab3\" data-element_type=\"section\" data-e-type=\"section\">\n\t\t\t\t\t\t<div class=\"elementor-container elementor-column-gap-default\">\n\t\t\t\t\t<div class=\"elementor-column elementor-col-100 elementor-top-column elementor-element elementor-element-aff3c06\" data-id=\"aff3c06\" data-element_type=\"column\" data-e-type=\"column\">\n\t\t\t<div class=\"elementor-widget-wrap elementor-element-populated\">\n\t\t\t\t\t\t<div class=\"elementor-element elementor-element-852d143 elementor-widget elementor-widget-text-editor\" data-id=\"852d143\" data-element_type=\"widget\" data-e-type=\"widget\" data-widget_type=\"text-editor.default\">\n\t\t\t\t<div class=\"elementor-widget-container\">\n\t\t\t\t\t\t\t\t\t<h2 class=\"serp-title capitalize\">Mu\u011fla\u00a0<mark>Beyaz Mermer Lavabo<\/mark>\u00a0&#8211; Fiyatlar\u0131 Ve Modelleri<\/h2><p class=\"pb-3 last:pb-0\">Beyaz Mermer lavabo modellerimiz ile banyonuzda \u015f\u0131kl\u0131\u011f\u0131 ve dayan\u0131kl\u0131l\u0131\u011f\u0131 bir arada bulabilirsiniz. Banyonuzu yenilemek i\u00e7in m\u00fckemmel bir se\u00e7enek olan bu lavabolar, zarif tasar\u0131mlar\u0131yla dikkat \u00e7ekiyor. Beyaz zemin \u00fczerinde hafif gri damarlarla s\u00fcslenmi\u015f olan Mu\u011fla Beyaz\u0131 Mermer Lavabo, banyonuza do\u011fal bir g\u00fczellik kat\u0131yor.<\/p><p class=\"pb-3 last:pb-0\">Bu mermer lavabolar, y\u00fcksek kaliteli malzemeden \u00fcretilmi\u015ftir ve uzun \u00f6m\u00fcrl\u00fcd\u00fcr. Ayr\u0131ca, kolay temizlenebilir \u00f6zellikleri sayesinde kullan\u0131m\u0131 son derece pratiktir. Her ebat i\u00e7in \u00fcretilebilen geni\u015flik, y\u00fckseklik ve kal\u0131nl\u0131k se\u00e7enekleriyle tam olarak istedi\u011finiz \u00f6l\u00e7\u00fclerde lavabo sahibi olabilirsiniz.<\/p><p class=\"pb-3 last:pb-0\">Mu\u011fla Beyaz\u0131 Mermer Lavabo, banyonuzun modern ve \u015f\u0131k bir g\u00f6r\u00fcn\u00fcm kazanmas\u0131n\u0131 sa\u011flar. Bu lavabolar, her t\u00fcrl\u00fc banyo dekorasyonuna uyum sa\u011flayacak \u015fekilde tasarlanm\u0131\u015ft\u0131r. Sadece \u015f\u0131k de\u011fil ayn\u0131 zamanda dayan\u0131kl\u0131 olmalar\u0131yla da \u00f6n plana \u00e7\u0131kan bu lavabolar, uzun y\u0131llar boyunca g\u00fcvenle kullanabilece\u011finiz bir se\u00e7enektir.<\/p><h3>Beyaz Mermer Lavabo Fiyat Aral\u0131\u011f\u0131<\/h3><p class=\"pb-3 last:pb-0\">Fiyat aral\u0131\u011f\u0131 $400.00 \/m\u00b2 ile $800.00 \/m\u00b2 aras\u0131nda de\u011fi\u015fmektedir. \u00dcr\u00fcn\u00fcm\u00fcz\u00fc sat\u0131n al\u0131rken \u00fccretsiz numune talep edebilir veya fiyat teklifi alabilirsiniz.<\/p><p class=\"pb-3 last:pb-0\">Beyaz Mermer Lavabo ile banyonuzda esteti\u011fi ve i\u015flevselli\u011fi bir araya getirin. \u015eimdi bizimle ileti\u015fime ge\u00e7in ve banyonuza zarafet kat\u0131n!<\/p><p class=\"pb-3 last:pb-0\"><strong>Mu\u011fla Beyaz\u0131 Mermer Lavabo \u00d6zellikler:<\/strong><\/p><ul class=\"m-0 py-1 pl-4 pr-0 list-disc\"><li>Renk: Beyaz zemin \u00fczerinde hafif gri damarlar<\/li><li>Y\u00fczey \u0130\u015flemi: T\u00fcm y\u00fczeyler<\/li><li>Kullan\u0131m Alanlar\u0131: Banyo<\/li><li>Fiyat Aral\u0131\u011f\u0131: $400.00 \/m\u00b2 &#8211; $800.00 \/m\u00b2<\/li><li>Geni\u015flik: Her ebatta \u00fcretilebilir<\/li><li>Y\u00fckseklik: Her ebatta \u00fcretilebilir<\/li><li>Kal\u0131nl\u0131k: Her ebatta \u00fcretilebilir<\/li><\/ul><p class=\"pb-3 last:pb-0\">Bu \u00fcr\u00fcnle ilgili daha fazla bilgi almak veya fiyat teklifi talep etmek i\u00e7in bizimle ileti\u015fime ge\u00e7ebilirsiniz.<\/p>\t\t\t\t\t\t\t\t<\/div>\n\t\t\t\t<\/div>\n\t\t\t\t\t<\/div>\n\t\t<\/div>\n\t\t\t\t\t<\/div>\n\t\t<\/section>\n\t\t\t\t<\/div>\n\t\t","protected":false},"excerpt":{"rendered":"[table id=135 \/]\n","protected":false},"featured_media":14634,"comment_status":"open","ping_status":"closed","template":"","meta":{"inline_featured_image":false},"etheme_brands":[{"term_id":365,"name":"karartmarble","slug":"karartmarble-tr","term_group":0,"term_taxonomy_id":365,"taxonomy":"brand","description":"","parent":0,"count":91,"filter":"raw"}],"product_brand":[],"product_cat":[393,404],"product_tag":[],"class_list":{"0":"post-14501","1":"product","2":"type-product","3":"status-publish","4":"has-post-thumbnail","6":"brand-karartmarble-tr","7":"product_cat-banyo-mermeri","8":"product_cat-tum-urunler","10":"first","11":"outofstock","12":"shipping-taxable","13":"purchasable","14":"product-type-variable"},"_links":{"self":[{"href":"https:\/\/www.karartmarble.com\/tr\/wp-json\/wp\/v2\/product\/14501","targetHints":{"allow":["GET"]}}],"collection":[{"href":"https:\/\/www.karartmarble.com\/tr\/wp-json\/wp\/v2\/product"}],"about":[{"href":"https:\/\/www.karartmarble.com\/tr\/wp-json\/wp\/v2\/types\/product"}],"replies":[{"embeddable":true,"href":"https:\/\/www.karartmarble.com\/tr\/wp-json\/wp\/v2\/comments?post=14501"}],"version-history":[{"count":0,"href":"https:\/\/www.karartmarble.com\/tr\/wp-json\/wp\/v2\/product\/14501\/revisions"}],"wp:featuredmedia":[{"embeddable":true,"href":"https:\/\/www.karartmarble.com\/tr\/wp-json\/wp\/v2\/media\/14634"}],"wp:attachment":[{"href":"https:\/\/www.karartmarble.com\/tr\/wp-json\/wp\/v2\/media?parent=14501"}],"wp:term":[{"taxonomy":"brand","embeddable":true,"href":"https:\/\/www.karartmarble.com\/tr\/wp-json\/wp\/v2\/etheme_brands?post=14501"},{"taxonomy":"product_brand","embeddable":true,"href":"https:\/\/www.karartmarble.com\/tr\/wp-json\/wp\/v2\/product_brand?post=14501"},{"taxonomy":"product_cat","embeddable":true,"href":"https:\/\/www.karartmarble.com\/tr\/wp-json\/wp\/v2\/product_cat?post=14501"},{"taxonomy":"product_tag","embeddable":true,"href":"https:\/\/www.karartmarble.com\/tr\/wp-json\/wp\/v2\/product_tag?post=14501"}],"curies":[{"name":"wp","href":"https:\/\/api.w.org\/{rel}","templated":true}]}}