{"id":14563,"date":"2023-11-27T02:16:30","date_gmt":"2023-11-26T23:16:30","guid":{"rendered":"https:\/\/karartmarble.com\/?post_type=product&#038;p=14563"},"modified":"2024-07-04T20:04:06","modified_gmt":"2024-07-04T17:04:06","slug":"kutup-beyazi-mermer-lavabo-tezgahi","status":"publish","type":"product","link":"https:\/\/www.karartmarble.com\/tr\/urun\/kutup-beyazi-mermer-lavabo-tezgahi\/","title":{"rendered":"Banyo Tezgah\u0131<br><span class=\"ata_title\"> Kutup Beyaz\u0131 Mermer<\/span>"},"content":{"rendered":"\t\t<div data-elementor-type=\"wp-post\" data-elementor-id=\"14563\" class=\"elementor elementor-14563 elementor-14532\" data-elementor-post-type=\"product\">\n\t\t\t\t\t\t<section class=\"elementor-section elementor-top-section elementor-element elementor-element-0d75d4a elementor-section-boxed elementor-section-height-default elementor-section-height-default\" data-id=\"0d75d4a\" data-element_type=\"section\" data-e-type=\"section\">\n\t\t\t\t\t\t<div class=\"elementor-container elementor-column-gap-default\">\n\t\t\t\t\t<div class=\"elementor-column elementor-col-100 elementor-top-column elementor-element elementor-element-439709d\" data-id=\"439709d\" data-element_type=\"column\" data-e-type=\"column\">\n\t\t\t<div class=\"elementor-widget-wrap elementor-element-populated\">\n\t\t\t\t\t\t<div class=\"elementor-element elementor-element-fedd9b7 elementor-widget elementor-widget-etheme_gallery\" data-id=\"fedd9b7\" data-element_type=\"widget\" data-e-type=\"widget\" data-settings=\"{&quot;type&quot;:&quot;grid&quot;,&quot;columns&quot;:{&quot;unit&quot;:&quot;px&quot;,&quot;size&quot;:3,&quot;sizes&quot;:[]},&quot;columns_tablet&quot;:{&quot;unit&quot;:&quot;px&quot;,&quot;size&quot;:3,&quot;sizes&quot;:[]},&quot;columns_mobile&quot;:{&quot;unit&quot;:&quot;px&quot;,&quot;size&quot;:2,&quot;sizes&quot;:[]},&quot;columns_gap&quot;:{&quot;unit&quot;:&quot;px&quot;,&quot;size&quot;:10,&quot;sizes&quot;:[]},&quot;columns_gap_tablet&quot;:{&quot;unit&quot;:&quot;px&quot;,&quot;size&quot;:&quot;&quot;,&quot;sizes&quot;:[]},&quot;columns_gap_mobile&quot;:{&quot;unit&quot;:&quot;px&quot;,&quot;size&quot;:&quot;&quot;,&quot;sizes&quot;:[]},&quot;rows_gap&quot;:{&quot;unit&quot;:&quot;px&quot;,&quot;size&quot;:10,&quot;sizes&quot;:[]},&quot;rows_gap_tablet&quot;:{&quot;unit&quot;:&quot;px&quot;,&quot;size&quot;:&quot;&quot;,&quot;sizes&quot;:[]},&quot;rows_gap_mobile&quot;:{&quot;unit&quot;:&quot;px&quot;,&quot;size&quot;:&quot;&quot;,&quot;sizes&quot;:[]}}\" data-widget_type=\"etheme_gallery.default\">\n\t\t\t\t<div class=\"elementor-widget-container\">\n\t\t\t\t\t<div class=\"elementor-panel-alert elementor-panel-alert-elementor-panel-alert-warning\">Please, add images to create gallery<\/div>\t\t\t\t<\/div>\n\t\t\t\t<\/div>\n\t\t\t\t\t<\/div>\n\t\t<\/div>\n\t\t\t\t\t<\/div>\n\t\t<\/section>\n\t\t\t\t<section class=\"elementor-section elementor-top-section elementor-element elementor-element-d24dab3 elementor-section-boxed elementor-section-height-default elementor-section-height-default\" data-id=\"d24dab3\" data-element_type=\"section\" data-e-type=\"section\">\n\t\t\t\t\t\t<div class=\"elementor-container elementor-column-gap-default\">\n\t\t\t\t\t<div class=\"elementor-column elementor-col-100 elementor-top-column elementor-element elementor-element-aff3c06\" data-id=\"aff3c06\" data-element_type=\"column\" data-e-type=\"column\">\n\t\t\t<div class=\"elementor-widget-wrap elementor-element-populated\">\n\t\t\t\t\t\t<div class=\"elementor-element elementor-element-852d143 elementor-widget elementor-widget-text-editor\" data-id=\"852d143\" data-element_type=\"widget\" data-e-type=\"widget\" data-widget_type=\"text-editor.default\">\n\t\t\t\t<div class=\"elementor-widget-container\">\n\t\t\t\t\t\t\t\t\t<h2 class=\"serp-title capitalize\">Kutup Beyaz\u0131 Mermer &#8211;\u00a0<mark>Mermer Lavabo Tezgah\u0131<\/mark>\u00a0Fiyatlar\u0131<\/h2><p class=\"pb-3 last:pb-0\">Kutup Beyaz\u0131 Mermer Banyo Tezgah\u0131 ile banyonuza \u015f\u0131kl\u0131k kat\u0131n. Bu dayan\u0131kl\u0131 ve zarif <strong>mermer lavabo tezgah\u0131<\/strong>, banyonuzun g\u00f6r\u00fcn\u00fcm\u00fcn\u00fc m\u00fckemmel bir \u015fekilde tamamlayacak. Kutup Beyaz\u0131 mermerin beyaz zemininde hafif gri damarlar bulunur, bu da tezgah\u0131n\u0131za sofistike bir dokunu\u015f kazand\u0131r\u0131r.<\/p><p class=\"pb-3 last:pb-0\">Bu banyo tezgah\u0131 etkileyici \u00f6zellikler sunar. Her ebatta \u00fcretilebilen geni\u015flik, y\u00fckseklik ve kal\u0131nl\u0131k se\u00e7enekleri sayesinde size m\u00fckemmel bir uyum sa\u011flar. Ayr\u0131ca, t\u00fcm y\u00fczeylerde kullan\u0131labilir, bu da size \u00e7ok y\u00f6nl\u00fc bir kullan\u0131m imkan\u0131 sunar.<\/p><p class=\"pb-3 last:pb-0\">Kutup Beyaz\u0131 Mermer Banyo Tezgah\u0131, hem dayan\u0131kl\u0131l\u0131\u011f\u0131 hem de estetik g\u00f6r\u00fcn\u00fcm\u00fc ile \u00f6ne \u00e7\u0131k\u0131yor. Bu mermer lavabo tezgah\u0131, uzun \u00f6m\u00fcrl\u00fc olmas\u0131yla bilinir ve y\u00fcksek kalitedeki malzemelerden \u00fcretilir. Ayr\u0131ca, kolay temizlenebilir \u00f6zellikleri sayesinde banyonuzda her zaman temizlik ve d\u00fczeni koruman\u0131z\u0131 sa\u011flar.<\/p><h3>Mermer Lavabo Tezgah\u0131 Modelleri i\u00e7in Bilgi Al\u0131n<\/h3><p class=\"pb-3 last:pb-0\">Kutup Beyaz\u0131 Mermer Banyo Tezgah\u0131 fiyatlar\u0131 hakk\u0131nda daha fazla bilgi almak ve \u015f\u0131kl\u0131\u011f\u0131 banyonuza ta\u015f\u0131mak i\u00e7in \u00fccretsiz numune talep edin. Herhangi bir sorunuz i\u00e7in de sat\u0131\u015f dan\u0131\u015fman\u0131m\u0131zla ileti\u015fime ge\u00e7ebilirsiniz. Bu harika \u00fcr\u00fcn\u00fc sat\u0131n alarak banyonuzda benzersiz bir atmosfer olu\u015fturabilirsiniz.<\/p>\t\t\t\t\t\t\t\t<\/div>\n\t\t\t\t<\/div>\n\t\t\t\t\t<\/div>\n\t\t<\/div>\n\t\t\t\t\t<\/div>\n\t\t<\/section>\n\t\t\t\t<\/div>\n\t\t","protected":false},"excerpt":{"rendered":"[table id=129 \/]\n","protected":false},"featured_media":14677,"comment_status":"open","ping_status":"closed","template":"","meta":{"inline_featured_image":false},"etheme_brands":[{"term_id":365,"name":"karartmarble","slug":"karartmarble-tr","term_group":0,"term_taxonomy_id":365,"taxonomy":"brand","description":"","parent":0,"count":91,"filter":"raw"}],"product_brand":[],"product_cat":[393,404],"product_tag":[],"class_list":{"0":"post-14563","1":"product","2":"type-product","3":"status-publish","4":"has-post-thumbnail","6":"brand-karartmarble-tr","7":"product_cat-banyo-mermeri","8":"product_cat-tum-urunler","10":"first","11":"outofstock","12":"shipping-taxable","13":"purchasable","14":"product-type-variable"},"_links":{"self":[{"href":"https:\/\/www.karartmarble.com\/tr\/wp-json\/wp\/v2\/product\/14563","targetHints":{"allow":["GET"]}}],"collection":[{"href":"https:\/\/www.karartmarble.com\/tr\/wp-json\/wp\/v2\/product"}],"about":[{"href":"https:\/\/www.karartmarble.com\/tr\/wp-json\/wp\/v2\/types\/product"}],"replies":[{"embeddable":true,"href":"https:\/\/www.karartmarble.com\/tr\/wp-json\/wp\/v2\/comments?post=14563"}],"version-history":[{"count":0,"href":"https:\/\/www.karartmarble.com\/tr\/wp-json\/wp\/v2\/product\/14563\/revisions"}],"wp:featuredmedia":[{"embeddable":true,"href":"https:\/\/www.karartmarble.com\/tr\/wp-json\/wp\/v2\/media\/14677"}],"wp:attachment":[{"href":"https:\/\/www.karartmarble.com\/tr\/wp-json\/wp\/v2\/media?parent=14563"}],"wp:term":[{"taxonomy":"brand","embeddable":true,"href":"https:\/\/www.karartmarble.com\/tr\/wp-json\/wp\/v2\/etheme_brands?post=14563"},{"taxonomy":"product_brand","embeddable":true,"href":"https:\/\/www.karartmarble.com\/tr\/wp-json\/wp\/v2\/product_brand?post=14563"},{"taxonomy":"product_cat","embeddable":true,"href":"https:\/\/www.karartmarble.com\/tr\/wp-json\/wp\/v2\/product_cat?post=14563"},{"taxonomy":"product_tag","embeddable":true,"href":"https:\/\/www.karartmarble.com\/tr\/wp-json\/wp\/v2\/product_tag?post=14563"}],"curies":[{"name":"wp","href":"https:\/\/api.w.org\/{rel}","templated":true}]}}