{"id":15159,"date":"2023-11-27T02:55:16","date_gmt":"2023-11-26T23:55:16","guid":{"rendered":"https:\/\/karartmarble.com\/?post_type=product&#038;p=15159"},"modified":"2024-07-01T16:13:02","modified_gmt":"2024-07-01T13:13:02","slug":"mutfak-tezgahi-kutup-beyazi-mermer","status":"publish","type":"product","link":"https:\/\/www.karartmarble.com\/tr\/urun\/mutfak-tezgahi-kutup-beyazi-mermer\/","title":{"rendered":"Mutfak Tezgah\u0131 <br><span class=\"ata_title\">Kutup Beyaz\u0131 Mermer<\/span>"},"content":{"rendered":"\t\t<div data-elementor-type=\"wp-post\" data-elementor-id=\"15159\" class=\"elementor elementor-15159 elementor-15128\" data-elementor-post-type=\"product\">\n\t\t\t\t\t\t<section class=\"elementor-section elementor-top-section elementor-element elementor-element-0d75d4a elementor-section-boxed elementor-section-height-default elementor-section-height-default\" data-id=\"0d75d4a\" data-element_type=\"section\" data-e-type=\"section\">\n\t\t\t\t\t\t<div class=\"elementor-container elementor-column-gap-default\">\n\t\t\t\t\t<div class=\"elementor-column elementor-col-100 elementor-top-column elementor-element elementor-element-439709d\" data-id=\"439709d\" data-element_type=\"column\" data-e-type=\"column\">\n\t\t\t<div class=\"elementor-widget-wrap elementor-element-populated\">\n\t\t\t\t\t\t<div class=\"elementor-element elementor-element-fedd9b7 elementor-widget elementor-widget-etheme_gallery\" data-id=\"fedd9b7\" data-element_type=\"widget\" data-e-type=\"widget\" data-settings=\"{&quot;type&quot;:&quot;grid&quot;,&quot;columns&quot;:{&quot;unit&quot;:&quot;px&quot;,&quot;size&quot;:3,&quot;sizes&quot;:[]},&quot;columns_tablet&quot;:{&quot;unit&quot;:&quot;px&quot;,&quot;size&quot;:3,&quot;sizes&quot;:[]},&quot;columns_mobile&quot;:{&quot;unit&quot;:&quot;px&quot;,&quot;size&quot;:2,&quot;sizes&quot;:[]},&quot;columns_gap&quot;:{&quot;unit&quot;:&quot;px&quot;,&quot;size&quot;:10,&quot;sizes&quot;:[]},&quot;columns_gap_tablet&quot;:{&quot;unit&quot;:&quot;px&quot;,&quot;size&quot;:&quot;&quot;,&quot;sizes&quot;:[]},&quot;columns_gap_mobile&quot;:{&quot;unit&quot;:&quot;px&quot;,&quot;size&quot;:&quot;&quot;,&quot;sizes&quot;:[]},&quot;rows_gap&quot;:{&quot;unit&quot;:&quot;px&quot;,&quot;size&quot;:10,&quot;sizes&quot;:[]},&quot;rows_gap_tablet&quot;:{&quot;unit&quot;:&quot;px&quot;,&quot;size&quot;:&quot;&quot;,&quot;sizes&quot;:[]},&quot;rows_gap_mobile&quot;:{&quot;unit&quot;:&quot;px&quot;,&quot;size&quot;:&quot;&quot;,&quot;sizes&quot;:[]}}\" data-widget_type=\"etheme_gallery.default\">\n\t\t\t\t<div class=\"elementor-widget-container\">\n\t\t\t\t\t<div class=\"elementor-panel-alert elementor-panel-alert-elementor-panel-alert-warning\">Please, add images to create gallery<\/div>\t\t\t\t<\/div>\n\t\t\t\t<\/div>\n\t\t\t\t\t<\/div>\n\t\t<\/div>\n\t\t\t\t\t<\/div>\n\t\t<\/section>\n\t\t\t\t<section class=\"elementor-section elementor-top-section elementor-element elementor-element-d24dab3 elementor-section-boxed elementor-section-height-default elementor-section-height-default\" data-id=\"d24dab3\" data-element_type=\"section\" data-e-type=\"section\">\n\t\t\t\t\t\t<div class=\"elementor-container elementor-column-gap-default\">\n\t\t\t\t\t<div class=\"elementor-column elementor-col-100 elementor-top-column elementor-element elementor-element-aff3c06\" data-id=\"aff3c06\" data-element_type=\"column\" data-e-type=\"column\">\n\t\t\t<div class=\"elementor-widget-wrap elementor-element-populated\">\n\t\t\t\t\t\t<div class=\"elementor-element elementor-element-852d143 elementor-widget elementor-widget-text-editor\" data-id=\"852d143\" data-element_type=\"widget\" data-e-type=\"widget\" data-widget_type=\"text-editor.default\">\n\t\t\t\t<div class=\"elementor-widget-container\">\n\t\t\t\t\t\t\t\t\t<h2 class=\"text-lg font-semibold\">Mutfak Tezgah\u0131 Kutup Beyaz\u0131 Mermer<\/h2><p class=\"pb-3 last:pb-0\">Mutfak tasar\u0131m\u0131n\u0131zda zarafeti ve dayan\u0131kl\u0131l\u0131\u011f\u0131 bir arada sunan <strong>Kutup Beyaz Mermer Mutfak Tezgah\u0131<\/strong> ile mutfa\u011f\u0131n\u0131z\u0131 yenileyin. Bu beyaz mermer tezgah, hafif gri damarlar\u0131 ile hem modern hem de klasik mutfaklara m\u00fckemmel uyum sa\u011flar. Uzun \u00f6m\u00fcrl\u00fc ve \u015f\u0131k bir y\u00fczey isteyenler i\u00e7in ideal bir se\u00e7imdir.<\/p><p class=\"pb-3 last:pb-0\"><strong>Kutup Beyaz\u0131 Mermer<\/strong>, mutfak tezgahlar\u0131nda estetik ve fonksiyonelli\u011fi bir araya getirir. Dayan\u0131kl\u0131 yap\u0131s\u0131 sayesinde \u00e7izilmelere, lekelere ve \u0131s\u0131ya kar\u015f\u0131 diren\u00e7lidir, bu da onu yo\u011fun kullan\u0131lan mutfaklar i\u00e7in m\u00fckemmel k\u0131lar. Ayr\u0131ca, t\u00fcm y\u00fczey i\u015flemlerine uygun olmas\u0131 sayesinde, istedi\u011finiz parlakl\u0131k veya mat g\u00f6r\u00fcn\u00fcm\u00fc elde etmenize olanak tan\u0131r.<\/p><h3 class=\"text-lg font-semibold\">Neden Kutup Beyaz\u0131 Mermer?<\/h3><ol class=\"m-0 py-1 pl-4 pr-0 list-decimal\"><li><strong>Zamans\u0131z Tasar\u0131m<\/strong>: Beyaz zemin \u00fczerine hafif gri damarlar, her t\u00fcr mutfak dekorasyonuna uyum sa\u011flar.<\/li><li><strong>Dayan\u0131kl\u0131l\u0131k<\/strong>: Y\u00fcksek dayan\u0131kl\u0131l\u0131\u011f\u0131 sayesinde uzun y\u0131llar boyunca ilk g\u00fcnk\u00fc gibi kal\u0131r.<\/li><li><strong>Kolay Bak\u0131m<\/strong>: Leke tutmayan ve kolay temizlenebilen y\u00fczeyi ile g\u00fcnl\u00fck kullan\u0131mda pratiklik sa\u011flar.<\/li><li><strong>\u00c7e\u015fitli Boyut Se\u00e7enekleri<\/strong>: Her ebatta \u00fcretilebilme imkan\u0131 sunarak mutfa\u011f\u0131n\u0131za \u00f6zel \u00e7\u00f6z\u00fcmler sunar.<\/li><\/ol><h3 class=\"text-lg font-semibold\">Teknik Detaylar:<\/h3><ul class=\"m-0 py-1 pl-4 pr-0 list-disc\"><li><strong>Renk<\/strong>: Beyaz zemin, hafif gri damarlar<\/li><li><strong>Y\u00fczey \u0130\u015flemi<\/strong>: T\u00fcm y\u00fczeyler<\/li><li><strong>Kullan\u0131m Alanlar\u0131<\/strong>: Mutfak<\/li><li><strong>Fiyat Aral\u0131\u011f\u0131<\/strong>: $44.00 \/m\u00b2 &#8211; $57.00 \/m\u00b2<\/li><li><strong>Boyutlar<\/strong>: Her ebatta \u00fcretilebilir<\/li><\/ul><p class=\"pb-3 last:pb-0\">\u00dccretsiz numune talep ederek veya fiyat teklifi alarak bu e\u015fsiz <strong>beyaz mermer mutfak tezgah\u0131<\/strong> ile tan\u0131\u015fabilirsiniz.<\/p><p class=\"pb-3 last:pb-0\">Mutfakta \u015f\u0131kl\u0131\u011f\u0131 ve kullan\u0131\u015fl\u0131l\u0131\u011f\u0131 bir arada ya\u015famak i\u00e7in \u015fimdi beyaz mutfak mermer mutfak tezgah\u0131 modellerini ke\u015ffedin!<\/p>\t\t\t\t\t\t\t\t<\/div>\n\t\t\t\t<\/div>\n\t\t\t\t\t<\/div>\n\t\t<\/div>\n\t\t\t\t\t<\/div>\n\t\t<\/section>\n\t\t\t\t<\/div>\n\t\t","protected":false},"excerpt":{"rendered":"[table id=140 \/]\n","protected":false},"featured_media":15253,"comment_status":"open","ping_status":"closed","template":"","meta":{"inline_featured_image":false},"etheme_brands":[{"term_id":365,"name":"karartmarble","slug":"karartmarble-tr","term_group":0,"term_taxonomy_id":365,"taxonomy":"brand","description":"","parent":0,"count":91,"filter":"raw"}],"product_brand":[],"product_cat":[399,404],"product_tag":[],"class_list":{"0":"post-15159","1":"product","2":"type-product","3":"status-publish","4":"has-post-thumbnail","6":"brand-karartmarble-tr","7":"product_cat-mutfak","8":"product_cat-tum-urunler","10":"first","11":"outofstock","12":"shipping-taxable","13":"purchasable","14":"product-type-variable"},"_links":{"self":[{"href":"https:\/\/www.karartmarble.com\/tr\/wp-json\/wp\/v2\/product\/15159","targetHints":{"allow":["GET"]}}],"collection":[{"href":"https:\/\/www.karartmarble.com\/tr\/wp-json\/wp\/v2\/product"}],"about":[{"href":"https:\/\/www.karartmarble.com\/tr\/wp-json\/wp\/v2\/types\/product"}],"replies":[{"embeddable":true,"href":"https:\/\/www.karartmarble.com\/tr\/wp-json\/wp\/v2\/comments?post=15159"}],"version-history":[{"count":0,"href":"https:\/\/www.karartmarble.com\/tr\/wp-json\/wp\/v2\/product\/15159\/revisions"}],"wp:featuredmedia":[{"embeddable":true,"href":"https:\/\/www.karartmarble.com\/tr\/wp-json\/wp\/v2\/media\/15253"}],"wp:attachment":[{"href":"https:\/\/www.karartmarble.com\/tr\/wp-json\/wp\/v2\/media?parent=15159"}],"wp:term":[{"taxonomy":"brand","embeddable":true,"href":"https:\/\/www.karartmarble.com\/tr\/wp-json\/wp\/v2\/etheme_brands?post=15159"},{"taxonomy":"product_brand","embeddable":true,"href":"https:\/\/www.karartmarble.com\/tr\/wp-json\/wp\/v2\/product_brand?post=15159"},{"taxonomy":"product_cat","embeddable":true,"href":"https:\/\/www.karartmarble.com\/tr\/wp-json\/wp\/v2\/product_cat?post=15159"},{"taxonomy":"product_tag","embeddable":true,"href":"https:\/\/www.karartmarble.com\/tr\/wp-json\/wp\/v2\/product_tag?post=15159"}],"curies":[{"name":"wp","href":"https:\/\/api.w.org\/{rel}","templated":true}]}}