{"id":15221,"date":"2023-11-27T02:55:45","date_gmt":"2023-11-26T23:55:45","guid":{"rendered":"https:\/\/karartmarble.com\/?post_type=product&#038;p=15221"},"modified":"2024-07-01T15:34:32","modified_gmt":"2024-07-01T12:34:32","slug":"mutfak-tezgahi-mugla-beyazi-mermer","status":"publish","type":"product","link":"https:\/\/www.karartmarble.com\/tr\/urun\/mutfak-tezgahi-mugla-beyazi-mermer\/","title":{"rendered":"Mutfak Tezgah\u0131 <br><span class=\"ata_title\">Mu\u011fla Beyaz\u0131 Mermer<\/span>"},"content":{"rendered":"\t\t<div data-elementor-type=\"wp-post\" data-elementor-id=\"15221\" class=\"elementor elementor-15221 elementor-15190\" data-elementor-post-type=\"product\">\n\t\t\t\t\t\t<section class=\"elementor-section elementor-top-section elementor-element elementor-element-0d75d4a elementor-section-boxed elementor-section-height-default elementor-section-height-default\" data-id=\"0d75d4a\" data-element_type=\"section\" data-e-type=\"section\">\n\t\t\t\t\t\t<div class=\"elementor-container elementor-column-gap-default\">\n\t\t\t\t\t<div class=\"elementor-column elementor-col-100 elementor-top-column elementor-element elementor-element-439709d\" data-id=\"439709d\" data-element_type=\"column\" data-e-type=\"column\">\n\t\t\t<div class=\"elementor-widget-wrap elementor-element-populated\">\n\t\t\t\t\t\t<div class=\"elementor-element elementor-element-fedd9b7 elementor-widget elementor-widget-etheme_gallery\" data-id=\"fedd9b7\" data-element_type=\"widget\" data-e-type=\"widget\" data-settings=\"{&quot;type&quot;:&quot;grid&quot;,&quot;columns&quot;:{&quot;unit&quot;:&quot;px&quot;,&quot;size&quot;:3,&quot;sizes&quot;:[]},&quot;columns_tablet&quot;:{&quot;unit&quot;:&quot;px&quot;,&quot;size&quot;:3,&quot;sizes&quot;:[]},&quot;columns_mobile&quot;:{&quot;unit&quot;:&quot;px&quot;,&quot;size&quot;:2,&quot;sizes&quot;:[]},&quot;columns_gap&quot;:{&quot;unit&quot;:&quot;px&quot;,&quot;size&quot;:10,&quot;sizes&quot;:[]},&quot;columns_gap_tablet&quot;:{&quot;unit&quot;:&quot;px&quot;,&quot;size&quot;:&quot;&quot;,&quot;sizes&quot;:[]},&quot;columns_gap_mobile&quot;:{&quot;unit&quot;:&quot;px&quot;,&quot;size&quot;:&quot;&quot;,&quot;sizes&quot;:[]},&quot;rows_gap&quot;:{&quot;unit&quot;:&quot;px&quot;,&quot;size&quot;:10,&quot;sizes&quot;:[]},&quot;rows_gap_tablet&quot;:{&quot;unit&quot;:&quot;px&quot;,&quot;size&quot;:&quot;&quot;,&quot;sizes&quot;:[]},&quot;rows_gap_mobile&quot;:{&quot;unit&quot;:&quot;px&quot;,&quot;size&quot;:&quot;&quot;,&quot;sizes&quot;:[]}}\" data-widget_type=\"etheme_gallery.default\">\n\t\t\t\t<div class=\"elementor-widget-container\">\n\t\t\t\t\t        \n        <div class=\"etheme-gallery-wrapper\">\n            \t            \n\t            <div class=\"e-gallery etheme-gallery active\" id=\"etheme-gallery-3734\" data-item-settings=\"{&quot;type&quot;:&quot;grid&quot;}\" data-uniq-id=\"3734\">\n                                <div class=\"e-gallery-item etheme-gallery-item\">\n                <div class=\"etheme-gallery-item-overlay\">\n                    <a data-elementor-open-lightbox=\"yes\" data-elementor-lightbox-slideshow=\"all-fedd9b7\" data-elementor-lightbox-title=\"6000-Kitchen-Countertops-Snow-White-Marble-polished-honed-3-2-1-scaled\" data-e-action-hash=\"#elementor-action%3Aaction%3Dlightbox%26settings%3DeyJpZCI6MjA2MzUsInVybCI6Imh0dHBzOlwvXC93d3cua2FyYXJ0bWFyYmxlLmNvbVwvd3AtY29udGVudFwvdXBsb2Fkc1wvMjAyM1wvMTJcLzYwMDAtS2l0Y2hlbi1Db3VudGVydG9wcy1Tbm93LVdoaXRlLU1hcmJsZS1wb2xpc2hlZC1ob25lZC0zLTItMS1zY2FsZWQtMS5qcGciLCJzbGlkZXNob3ciOiJhbGwtZmVkZDliNyJ9\" class=\"e-gallery-image etheme-gallery-image elementor-gallery-item__image\" data-thumbnail=\"https:\/\/www.karartmarble.com\/wp-content\/uploads\/2023\/12\/6000-Kitchen-Countertops-Snow-White-Marble-polished-honed-3-2-1-scaled-1.jpg\" data-width=\"2560\" data-height=\"1720\" alt=\"\" style=\"background-image: url(&#039;https:\/\/www.karartmarble.com\/wp-content\/uploads\/2023\/12\/6000-Kitchen-Countertops-Snow-White-Marble-polished-honed-3-2-1-scaled-1.jpg&#039;)\" href=\"https:\/\/www.karartmarble.com\/wp-content\/uploads\/2023\/12\/6000-Kitchen-Countertops-Snow-White-Marble-polished-honed-3-2-1-scaled-1.jpg\"><\/a>\n\t                <span class=\"etheme-gallery-item-details etheme-gallery-item-details-inside\"><span class=\"etheme-gallery-lightbox-icon\">\n            <svg version=\"1.1\" xmlns=\"http:\/\/www.w3.org\/2000\/svg\" width=\"1em\" height=\"1em\" viewBox=\"0 0 24 24\" fill=\"currentColor\">\n                <path d=\"M23.784 22.8l-6.168-6.144c1.584-1.848 2.448-4.176 2.448-6.576 0-5.52-4.488-10.032-10.032-10.032-5.52 0-10.008 4.488-10.008 10.008s4.488 10.032 10.032 10.032c2.424 0 4.728-0.864 6.576-2.472l6.168 6.144c0.144 0.144 0.312 0.216 0.48 0.216s0.336-0.072 0.456-0.192c0.144-0.12 0.216-0.288 0.24-0.48 0-0.192-0.072-0.384-0.192-0.504zM18.696 10.080c0 4.752-3.888 8.64-8.664 8.64-4.752 0-8.64-3.888-8.64-8.664 0-4.752 3.888-8.64 8.664-8.64s8.64 3.888 8.64 8.664z\"><\/path>\n            <\/svg>\n        <\/span><\/span>                <\/div>\n\t            \t                        <\/div>\n\t                <div class=\"e-gallery-item etheme-gallery-item\">\n                <div class=\"etheme-gallery-item-overlay\">\n                    <a data-elementor-open-lightbox=\"yes\" data-elementor-lightbox-slideshow=\"all-fedd9b7\" data-elementor-lightbox-title=\"6000-Kitchen-Countertops-Snow-White-Marble-polished-honed-4 (2) (1)\" data-e-action-hash=\"#elementor-action%3Aaction%3Dlightbox%26settings%3DeyJpZCI6MTU1NzcsInVybCI6Imh0dHBzOlwvXC93d3cua2FyYXJ0bWFyYmxlLmNvbVwvd3AtY29udGVudFwvdXBsb2Fkc1wvMjAyM1wvMTFcLzYwMDAtS2l0Y2hlbi1Db3VudGVydG9wcy1Tbm93LVdoaXRlLU1hcmJsZS1wb2xpc2hlZC1ob25lZC00LTItMS1zY2FsZWQuanBnIiwic2xpZGVzaG93IjoiYWxsLWZlZGQ5YjcifQ%3D%3D\" class=\"e-gallery-image etheme-gallery-image elementor-gallery-item__image\" data-thumbnail=\"https:\/\/www.karartmarble.com\/wp-content\/uploads\/2023\/11\/6000-Kitchen-Countertops-Snow-White-Marble-polished-honed-4-2-1-scaled.jpg\" data-width=\"2560\" data-height=\"1720\" alt=\"\" style=\"background-image: url(&#039;https:\/\/www.karartmarble.com\/wp-content\/uploads\/2023\/11\/6000-Kitchen-Countertops-Snow-White-Marble-polished-honed-4-2-1-scaled.jpg&#039;)\" href=\"https:\/\/www.karartmarble.com\/wp-content\/uploads\/2023\/11\/6000-Kitchen-Countertops-Snow-White-Marble-polished-honed-4-2-1-scaled.jpg\"><\/a>\n\t                <span class=\"etheme-gallery-item-details etheme-gallery-item-details-inside\"><span class=\"etheme-gallery-lightbox-icon\">\n            <svg version=\"1.1\" xmlns=\"http:\/\/www.w3.org\/2000\/svg\" width=\"1em\" height=\"1em\" viewBox=\"0 0 24 24\" fill=\"currentColor\">\n                <path d=\"M23.784 22.8l-6.168-6.144c1.584-1.848 2.448-4.176 2.448-6.576 0-5.52-4.488-10.032-10.032-10.032-5.52 0-10.008 4.488-10.008 10.008s4.488 10.032 10.032 10.032c2.424 0 4.728-0.864 6.576-2.472l6.168 6.144c0.144 0.144 0.312 0.216 0.48 0.216s0.336-0.072 0.456-0.192c0.144-0.12 0.216-0.288 0.24-0.48 0-0.192-0.072-0.384-0.192-0.504zM18.696 10.080c0 4.752-3.888 8.64-8.664 8.64-4.752 0-8.64-3.888-8.64-8.664 0-4.752 3.888-8.64 8.664-8.64s8.64 3.888 8.64 8.664z\"><\/path>\n            <\/svg>\n        <\/span><\/span>                <\/div>\n\t            \t                        <\/div>\n\t                <div class=\"e-gallery-item etheme-gallery-item\">\n                <div class=\"etheme-gallery-item-overlay\">\n                    <a data-elementor-open-lightbox=\"yes\" data-elementor-lightbox-slideshow=\"all-fedd9b7\" data-elementor-lightbox-title=\"6000-Kitchen-Countertops-Snow-White-Marble-polished-honed-6 (2) (1)\" data-e-action-hash=\"#elementor-action%3Aaction%3Dlightbox%26settings%3DeyJpZCI6MTU1NzMsInVybCI6Imh0dHBzOlwvXC93d3cua2FyYXJ0bWFyYmxlLmNvbVwvd3AtY29udGVudFwvdXBsb2Fkc1wvMjAyM1wvMTFcLzYwMDAtS2l0Y2hlbi1Db3VudGVydG9wcy1Tbm93LVdoaXRlLU1hcmJsZS1wb2xpc2hlZC1ob25lZC02LTItMS1zY2FsZWQuanBnIiwic2xpZGVzaG93IjoiYWxsLWZlZGQ5YjcifQ%3D%3D\" class=\"e-gallery-image etheme-gallery-image elementor-gallery-item__image\" data-thumbnail=\"https:\/\/www.karartmarble.com\/wp-content\/uploads\/2023\/11\/6000-Kitchen-Countertops-Snow-White-Marble-polished-honed-6-2-1-scaled.jpg\" data-width=\"2560\" data-height=\"1720\" alt=\"\" style=\"background-image: url(&#039;https:\/\/www.karartmarble.com\/wp-content\/uploads\/2023\/11\/6000-Kitchen-Countertops-Snow-White-Marble-polished-honed-6-2-1-scaled.jpg&#039;)\" href=\"https:\/\/www.karartmarble.com\/wp-content\/uploads\/2023\/11\/6000-Kitchen-Countertops-Snow-White-Marble-polished-honed-6-2-1-scaled.jpg\"><\/a>\n\t                <span class=\"etheme-gallery-item-details etheme-gallery-item-details-inside\"><span class=\"etheme-gallery-lightbox-icon\">\n            <svg version=\"1.1\" xmlns=\"http:\/\/www.w3.org\/2000\/svg\" width=\"1em\" height=\"1em\" viewBox=\"0 0 24 24\" fill=\"currentColor\">\n                <path d=\"M23.784 22.8l-6.168-6.144c1.584-1.848 2.448-4.176 2.448-6.576 0-5.52-4.488-10.032-10.032-10.032-5.52 0-10.008 4.488-10.008 10.008s4.488 10.032 10.032 10.032c2.424 0 4.728-0.864 6.576-2.472l6.168 6.144c0.144 0.144 0.312 0.216 0.48 0.216s0.336-0.072 0.456-0.192c0.144-0.12 0.216-0.288 0.24-0.48 0-0.192-0.072-0.384-0.192-0.504zM18.696 10.080c0 4.752-3.888 8.64-8.664 8.64-4.752 0-8.64-3.888-8.64-8.664 0-4.752 3.888-8.64 8.664-8.64s8.64 3.888 8.64 8.664z\"><\/path>\n            <\/svg>\n        <\/span><\/span>                <\/div>\n\t            \t                        <\/div>\n\t                <div class=\"e-gallery-item etheme-gallery-item\">\n                <div class=\"etheme-gallery-item-overlay\">\n                    <a data-elementor-open-lightbox=\"yes\" data-elementor-lightbox-slideshow=\"all-fedd9b7\" data-elementor-lightbox-title=\"6000-Kitchen-Countertops-Snow-White-Marble-polished-honed-7 (2) (1)\" data-e-action-hash=\"#elementor-action%3Aaction%3Dlightbox%26settings%3DeyJpZCI6MTU1NzEsInVybCI6Imh0dHBzOlwvXC93d3cua2FyYXJ0bWFyYmxlLmNvbVwvd3AtY29udGVudFwvdXBsb2Fkc1wvMjAyM1wvMTFcLzYwMDAtS2l0Y2hlbi1Db3VudGVydG9wcy1Tbm93LVdoaXRlLU1hcmJsZS1wb2xpc2hlZC1ob25lZC03LTItMS1zY2FsZWQuanBnIiwic2xpZGVzaG93IjoiYWxsLWZlZGQ5YjcifQ%3D%3D\" class=\"e-gallery-image etheme-gallery-image elementor-gallery-item__image\" data-thumbnail=\"https:\/\/www.karartmarble.com\/wp-content\/uploads\/2023\/11\/6000-Kitchen-Countertops-Snow-White-Marble-polished-honed-7-2-1-scaled.jpg\" data-width=\"2560\" data-height=\"1720\" alt=\"\" style=\"background-image: url(&#039;https:\/\/www.karartmarble.com\/wp-content\/uploads\/2023\/11\/6000-Kitchen-Countertops-Snow-White-Marble-polished-honed-7-2-1-scaled.jpg&#039;)\" href=\"https:\/\/www.karartmarble.com\/wp-content\/uploads\/2023\/11\/6000-Kitchen-Countertops-Snow-White-Marble-polished-honed-7-2-1-scaled.jpg\"><\/a>\n\t                <span class=\"etheme-gallery-item-details etheme-gallery-item-details-inside\"><span class=\"etheme-gallery-lightbox-icon\">\n            <svg version=\"1.1\" xmlns=\"http:\/\/www.w3.org\/2000\/svg\" width=\"1em\" height=\"1em\" viewBox=\"0 0 24 24\" fill=\"currentColor\">\n                <path d=\"M23.784 22.8l-6.168-6.144c1.584-1.848 2.448-4.176 2.448-6.576 0-5.52-4.488-10.032-10.032-10.032-5.52 0-10.008 4.488-10.008 10.008s4.488 10.032 10.032 10.032c2.424 0 4.728-0.864 6.576-2.472l6.168 6.144c0.144 0.144 0.312 0.216 0.48 0.216s0.336-0.072 0.456-0.192c0.144-0.12 0.216-0.288 0.24-0.48 0-0.192-0.072-0.384-0.192-0.504zM18.696 10.080c0 4.752-3.888 8.64-8.664 8.64-4.752 0-8.64-3.888-8.64-8.664 0-4.752 3.888-8.64 8.664-8.64s8.64 3.888 8.64 8.664z\"><\/path>\n            <\/svg>\n        <\/span><\/span>                <\/div>\n\t            \t                        <\/div>\n\t                <div class=\"e-gallery-item etheme-gallery-item\">\n                <div class=\"etheme-gallery-item-overlay\">\n                    <a data-elementor-open-lightbox=\"yes\" data-elementor-lightbox-slideshow=\"all-fedd9b7\" data-elementor-lightbox-title=\"6000-Kitchen-Countertops-Snow-White-Marble-polished-honed-5 (2) (1)\" data-e-action-hash=\"#elementor-action%3Aaction%3Dlightbox%26settings%3DeyJpZCI6MTU1NzUsInVybCI6Imh0dHBzOlwvXC93d3cua2FyYXJ0bWFyYmxlLmNvbVwvd3AtY29udGVudFwvdXBsb2Fkc1wvMjAyM1wvMTFcLzYwMDAtS2l0Y2hlbi1Db3VudGVydG9wcy1Tbm93LVdoaXRlLU1hcmJsZS1wb2xpc2hlZC1ob25lZC01LTItMS1zY2FsZWQuanBnIiwic2xpZGVzaG93IjoiYWxsLWZlZGQ5YjcifQ%3D%3D\" class=\"e-gallery-image etheme-gallery-image elementor-gallery-item__image\" data-thumbnail=\"https:\/\/www.karartmarble.com\/wp-content\/uploads\/2023\/11\/6000-Kitchen-Countertops-Snow-White-Marble-polished-honed-5-2-1-scaled.jpg\" data-width=\"2560\" data-height=\"1720\" alt=\"\" style=\"background-image: url(&#039;https:\/\/www.karartmarble.com\/wp-content\/uploads\/2023\/11\/6000-Kitchen-Countertops-Snow-White-Marble-polished-honed-5-2-1-scaled.jpg&#039;)\" href=\"https:\/\/www.karartmarble.com\/wp-content\/uploads\/2023\/11\/6000-Kitchen-Countertops-Snow-White-Marble-polished-honed-5-2-1-scaled.jpg\"><\/a>\n\t                <span class=\"etheme-gallery-item-details etheme-gallery-item-details-inside\"><span class=\"etheme-gallery-lightbox-icon\">\n            <svg version=\"1.1\" xmlns=\"http:\/\/www.w3.org\/2000\/svg\" width=\"1em\" height=\"1em\" viewBox=\"0 0 24 24\" fill=\"currentColor\">\n                <path d=\"M23.784 22.8l-6.168-6.144c1.584-1.848 2.448-4.176 2.448-6.576 0-5.52-4.488-10.032-10.032-10.032-5.52 0-10.008 4.488-10.008 10.008s4.488 10.032 10.032 10.032c2.424 0 4.728-0.864 6.576-2.472l6.168 6.144c0.144 0.144 0.312 0.216 0.48 0.216s0.336-0.072 0.456-0.192c0.144-0.12 0.216-0.288 0.24-0.48 0-0.192-0.072-0.384-0.192-0.504zM18.696 10.080c0 4.752-3.888 8.64-8.664 8.64-4.752 0-8.64-3.888-8.64-8.664 0-4.752 3.888-8.64 8.664-8.64s8.64 3.888 8.64 8.664z\"><\/path>\n            <\/svg>\n        <\/span><\/span>                <\/div>\n\t            \t                        <\/div>\n\t                    <\/div>\n                    <\/div>\n        \n        \t\t\t\t<\/div>\n\t\t\t\t<\/div>\n\t\t\t\t\t<\/div>\n\t\t<\/div>\n\t\t\t\t\t<\/div>\n\t\t<\/section>\n\t\t\t\t<section class=\"elementor-section elementor-top-section elementor-element elementor-element-d24dab3 elementor-section-boxed elementor-section-height-default elementor-section-height-default\" data-id=\"d24dab3\" data-element_type=\"section\" data-e-type=\"section\">\n\t\t\t\t\t\t<div class=\"elementor-container elementor-column-gap-default\">\n\t\t\t\t\t<div class=\"elementor-column elementor-col-100 elementor-top-column elementor-element elementor-element-aff3c06\" data-id=\"aff3c06\" data-element_type=\"column\" data-e-type=\"column\">\n\t\t\t<div class=\"elementor-widget-wrap elementor-element-populated\">\n\t\t\t\t\t\t<div class=\"elementor-element elementor-element-852d143 elementor-widget elementor-widget-text-editor\" data-id=\"852d143\" data-element_type=\"widget\" data-e-type=\"widget\" data-widget_type=\"text-editor.default\">\n\t\t\t\t<div class=\"elementor-widget-container\">\n\t\t\t\t\t\t\t\t\t<h2 class=\"serp-title capitalize\"><mark>Mermer Mutfak Tezgah\u0131<\/mark>\u00a0Fiyatlar\u0131 Ve Modelleri &#8211; Mu\u011fla Beyaz\u0131<\/h2><p class=\"pb-3 last:pb-0\">Evinizin kalbi olan mutfakta, \u015f\u0131kl\u0131k ve dayan\u0131kl\u0131l\u0131\u011f\u0131 bir arada sunan Mu\u011fla Beyaz\u0131 Mermer ile tan\u0131\u015f\u0131n. Mermer Mutfak Tezgah\u0131 modelleri aras\u0131nda en \u00e7ok tercih edilen se\u00e7eneklerden biri olan Mu\u011fla Beyaz\u0131, beyaz zemin \u00fczerindeki hafif gri damarlar\u0131yla g\u00f6z al\u0131c\u0131 bir g\u00f6r\u00fcn\u00fcm sunar.<\/p><p class=\"pb-3 last:pb-0\"><strong>\u00d6ne \u00c7\u0131kan \u00d6zellikler:<\/strong><\/p><ul class=\"m-0 py-1 pl-4 pr-0 list-disc\"><li><strong>\u015e\u0131k Tasar\u0131m:<\/strong> Beyaz zemin \u00fczerine hafif gri damarlar ile mutfa\u011f\u0131n\u0131za zarafet katar.<\/li><li><strong>Dayan\u0131kl\u0131 Yap\u0131:<\/strong> Uzun \u00f6m\u00fcrl\u00fc ve dayan\u0131kl\u0131 mermer malzeme, y\u0131llarca sorunsuz kullan\u0131m sa\u011flar.<\/li><li><strong>\u00c7e\u015fitli Y\u00fczey \u0130\u015flemleri:<\/strong> Cilal\u0131, honlu gibi farkl\u0131 y\u00fczey i\u015flemleriyle \u00f6zelle\u015ftirilebilir.<\/li><li><strong>Kullan\u0131m Alanlar\u0131:<\/strong> Sadece mutfak tezgah\u0131 olarak de\u011fil, banyo ve di\u011fer i\u00e7 mekan kaplamalar\u0131nda da kullan\u0131labilir.<\/li><li><strong>\u00d6l\u00e7\u00fc Se\u00e7enekleri:<\/strong> Her ebatta \u00fcretilebilir, b\u00f6ylece mutfa\u011f\u0131n\u0131z\u0131n ihtiya\u00e7lar\u0131na uygun hale getirilebilir.<\/li><\/ul><h2>Mu\u011fla Beyaz\u0131 Mermer Mutfak Tezgah\u0131 Fiyatlar\u0131<\/h2><p class=\"pb-3 last:pb-0\">Mu\u011fla Beyaz\u0131 Mermer Mutfak Tezgah\u0131 fiyatlar\u0131, m\u00b2 ba\u015f\u0131na $52.00 ile $65.00 aras\u0131nda de\u011fi\u015fmektedir. \u00dcr\u00fcnlerimizde kaliteyi uygun fiyata sunarak, estetik ve kullan\u0131\u015fl\u0131l\u0131k aras\u0131ndaki dengeyi m\u00fckemmel \u015fekilde sa\u011fl\u0131yoruz.<\/p><p class=\"pb-3 last:pb-0\">\u00dccretsiz numune talep edebilir veya fiyat teklifi almak i\u00e7in bizimle ileti\u015fime ge\u00e7ebilirsiniz.\u00a0<\/p><p class=\"pb-3 last:pb-0\">Mutfa\u011f\u0131n\u0131za zarafet katmak ve uzun y\u0131llar boyunca ilk g\u00fcnk\u00fc gibi kullanmak istiyorsan\u0131z, Mu\u011fla Beyaz\u0131 mermer mutfak tezgah modelleri sizin i\u00e7in m\u00fckemmel bir se\u00e7im olacak. Sipari\u015f vermek veya daha fazla bilgi almak i\u00e7in hemen bizimle ileti\u015fime ge\u00e7in!<\/p><p class=\"pb-3 last:pb-0\"><strong>\u0130leti\u015fim Bilgileri:<\/strong><\/p><ul class=\"m-0 py-1 pl-4 pr-0 list-disc\"><li><strong>Telefon<\/strong>: +90 252 400 00 47<\/li><li><strong>WhatsApp<\/strong>: +90 541 467 95 96<\/li><li><strong>Email<\/strong>: <a href=\"mailto:sales@karartmarble.com\" target=\"_blank\" rel=\"noreferrer noopener\">sales@karartmarble.com<\/a><\/li><\/ul><p class=\"pb-3 last:pb-0\">Mutfa\u011f\u0131n\u0131za kataca\u011f\u0131n\u0131z bu zarif dokunu\u015f ile her yemek haz\u0131rl\u0131\u011f\u0131 bir keyfe d\u00f6n\u00fc\u015fecek!<\/p>\t\t\t\t\t\t\t\t<\/div>\n\t\t\t\t<\/div>\n\t\t\t\t\t<\/div>\n\t\t<\/div>\n\t\t\t\t\t<\/div>\n\t\t<\/section>\n\t\t\t\t<\/div>\n\t\t","protected":false},"excerpt":{"rendered":"[table id=146 \/]\n","protected":false},"featured_media":15572,"comment_status":"open","ping_status":"closed","template":"","meta":{"inline_featured_image":false},"etheme_brands":[{"term_id":365,"name":"karartmarble","slug":"karartmarble-tr","term_group":0,"term_taxonomy_id":365,"taxonomy":"brand","description":"","parent":0,"count":91,"filter":"raw"}],"product_brand":[],"product_cat":[399,404],"product_tag":[],"class_list":{"0":"post-15221","1":"product","2":"type-product","3":"status-publish","4":"has-post-thumbnail","6":"brand-karartmarble-tr","7":"product_cat-mutfak","8":"product_cat-tum-urunler","10":"first","11":"outofstock","12":"shipping-taxable","13":"purchasable","14":"product-type-variable"},"_links":{"self":[{"href":"https:\/\/www.karartmarble.com\/tr\/wp-json\/wp\/v2\/product\/15221","targetHints":{"allow":["GET"]}}],"collection":[{"href":"https:\/\/www.karartmarble.com\/tr\/wp-json\/wp\/v2\/product"}],"about":[{"href":"https:\/\/www.karartmarble.com\/tr\/wp-json\/wp\/v2\/types\/product"}],"replies":[{"embeddable":true,"href":"https:\/\/www.karartmarble.com\/tr\/wp-json\/wp\/v2\/comments?post=15221"}],"version-history":[{"count":0,"href":"https:\/\/www.karartmarble.com\/tr\/wp-json\/wp\/v2\/product\/15221\/revisions"}],"wp:featuredmedia":[{"embeddable":true,"href":"https:\/\/www.karartmarble.com\/tr\/wp-json\/wp\/v2\/media\/15572"}],"wp:attachment":[{"href":"https:\/\/www.karartmarble.com\/tr\/wp-json\/wp\/v2\/media?parent=15221"}],"wp:term":[{"taxonomy":"brand","embeddable":true,"href":"https:\/\/www.karartmarble.com\/tr\/wp-json\/wp\/v2\/etheme_brands?post=15221"},{"taxonomy":"product_brand","embeddable":true,"href":"https:\/\/www.karartmarble.com\/tr\/wp-json\/wp\/v2\/product_brand?post=15221"},{"taxonomy":"product_cat","embeddable":true,"href":"https:\/\/www.karartmarble.com\/tr\/wp-json\/wp\/v2\/product_cat?post=15221"},{"taxonomy":"product_tag","embeddable":true,"href":"https:\/\/www.karartmarble.com\/tr\/wp-json\/wp\/v2\/product_tag?post=15221"}],"curies":[{"name":"wp","href":"https:\/\/api.w.org\/{rel}","templated":true}]}}