{"id":15344,"date":"2023-11-27T03:00:46","date_gmt":"2023-11-27T00:00:46","guid":{"rendered":"https:\/\/karartmarble.com\/?post_type=product&#038;p=15344"},"modified":"2024-07-01T14:37:56","modified_gmt":"2024-07-01T11:37:56","slug":"mermer-mutfak-fayanslari-mugla-beyazi","status":"publish","type":"product","link":"https:\/\/www.karartmarble.com\/tr\/urun\/mermer-mutfak-fayanslari-mugla-beyazi\/","title":{"rendered":"Mermer Mutfak Fayanslar\u0131 <br><span class=\"ata_title\">Mu\u011fla Beyaz\u0131 Mermer<\/span>"},"content":{"rendered":"\t\t<div data-elementor-type=\"wp-post\" data-elementor-id=\"15344\" class=\"elementor elementor-15344 elementor-15289\" data-elementor-post-type=\"product\">\n\t\t\t\t\t\t<section class=\"elementor-section elementor-top-section elementor-element elementor-element-0d75d4a elementor-section-boxed elementor-section-height-default elementor-section-height-default\" data-id=\"0d75d4a\" data-element_type=\"section\" data-e-type=\"section\">\n\t\t\t\t\t\t<div class=\"elementor-container elementor-column-gap-default\">\n\t\t\t\t\t<div class=\"elementor-column elementor-col-100 elementor-top-column elementor-element elementor-element-439709d\" data-id=\"439709d\" data-element_type=\"column\" data-e-type=\"column\">\n\t\t\t<div class=\"elementor-widget-wrap elementor-element-populated\">\n\t\t\t\t\t\t<div class=\"elementor-element elementor-element-fedd9b7 elementor-widget elementor-widget-etheme_gallery\" data-id=\"fedd9b7\" data-element_type=\"widget\" data-e-type=\"widget\" data-settings=\"{&quot;type&quot;:&quot;grid&quot;,&quot;columns&quot;:{&quot;unit&quot;:&quot;px&quot;,&quot;size&quot;:3,&quot;sizes&quot;:[]},&quot;columns_tablet&quot;:{&quot;unit&quot;:&quot;px&quot;,&quot;size&quot;:3,&quot;sizes&quot;:[]},&quot;columns_mobile&quot;:{&quot;unit&quot;:&quot;px&quot;,&quot;size&quot;:2,&quot;sizes&quot;:[]},&quot;columns_gap&quot;:{&quot;unit&quot;:&quot;px&quot;,&quot;size&quot;:10,&quot;sizes&quot;:[]},&quot;columns_gap_tablet&quot;:{&quot;unit&quot;:&quot;px&quot;,&quot;size&quot;:&quot;&quot;,&quot;sizes&quot;:[]},&quot;columns_gap_mobile&quot;:{&quot;unit&quot;:&quot;px&quot;,&quot;size&quot;:&quot;&quot;,&quot;sizes&quot;:[]},&quot;rows_gap&quot;:{&quot;unit&quot;:&quot;px&quot;,&quot;size&quot;:10,&quot;sizes&quot;:[]},&quot;rows_gap_tablet&quot;:{&quot;unit&quot;:&quot;px&quot;,&quot;size&quot;:&quot;&quot;,&quot;sizes&quot;:[]},&quot;rows_gap_mobile&quot;:{&quot;unit&quot;:&quot;px&quot;,&quot;size&quot;:&quot;&quot;,&quot;sizes&quot;:[]}}\" data-widget_type=\"etheme_gallery.default\">\n\t\t\t\t<div class=\"elementor-widget-container\">\n\t\t\t\t\t        \n        <div class=\"etheme-gallery-wrapper\">\n            \t            \n\t            <div class=\"e-gallery etheme-gallery active\" id=\"etheme-gallery-7203\" data-item-settings=\"{&quot;type&quot;:&quot;grid&quot;}\" data-uniq-id=\"7203\">\n                                <div class=\"e-gallery-item etheme-gallery-item\">\n                <div class=\"etheme-gallery-item-overlay\">\n                    <a data-elementor-open-lightbox=\"yes\" data-elementor-lightbox-slideshow=\"all-fedd9b7\" data-elementor-lightbox-title=\"6000-Kitchen-Countertops-Snow-White-Marble-polished-honed-4-1\" data-e-action-hash=\"#elementor-action%3Aaction%3Dlightbox%26settings%3DeyJpZCI6MjA2NjksInVybCI6Imh0dHBzOlwvXC93d3cua2FyYXJ0bWFyYmxlLmNvbVwvd3AtY29udGVudFwvdXBsb2Fkc1wvMjAyM1wvMTJcLzYwMDAtS2l0Y2hlbi1Db3VudGVydG9wcy1Tbm93LVdoaXRlLU1hcmJsZS1wb2xpc2hlZC1ob25lZC00LTEuanBnIiwic2xpZGVzaG93IjoiYWxsLWZlZGQ5YjcifQ%3D%3D\" class=\"e-gallery-image etheme-gallery-image elementor-gallery-item__image\" data-thumbnail=\"https:\/\/www.karartmarble.com\/wp-content\/uploads\/2023\/12\/6000-Kitchen-Countertops-Snow-White-Marble-polished-honed-4-1.jpg\" data-width=\"1881\" data-height=\"1264\" alt=\"\" style=\"background-image: url(&#039;https:\/\/www.karartmarble.com\/wp-content\/uploads\/2023\/12\/6000-Kitchen-Countertops-Snow-White-Marble-polished-honed-4-1.jpg&#039;)\" href=\"https:\/\/www.karartmarble.com\/wp-content\/uploads\/2023\/12\/6000-Kitchen-Countertops-Snow-White-Marble-polished-honed-4-1.jpg\"><\/a>\n\t                <span class=\"etheme-gallery-item-details etheme-gallery-item-details-inside\"><span class=\"etheme-gallery-lightbox-icon\">\n            <svg version=\"1.1\" xmlns=\"http:\/\/www.w3.org\/2000\/svg\" width=\"1em\" height=\"1em\" viewBox=\"0 0 24 24\" fill=\"currentColor\">\n                <path d=\"M23.784 22.8l-6.168-6.144c1.584-1.848 2.448-4.176 2.448-6.576 0-5.52-4.488-10.032-10.032-10.032-5.52 0-10.008 4.488-10.008 10.008s4.488 10.032 10.032 10.032c2.424 0 4.728-0.864 6.576-2.472l6.168 6.144c0.144 0.144 0.312 0.216 0.48 0.216s0.336-0.072 0.456-0.192c0.144-0.12 0.216-0.288 0.24-0.48 0-0.192-0.072-0.384-0.192-0.504zM18.696 10.080c0 4.752-3.888 8.64-8.664 8.64-4.752 0-8.64-3.888-8.64-8.664 0-4.752 3.888-8.64 8.664-8.64s8.64 3.888 8.64 8.664z\"><\/path>\n            <\/svg>\n        <\/span><\/span>                <\/div>\n\t            \t                        <\/div>\n\t                <div class=\"e-gallery-item etheme-gallery-item\">\n                <div class=\"etheme-gallery-item-overlay\">\n                    <a data-elementor-open-lightbox=\"yes\" data-elementor-lightbox-slideshow=\"all-fedd9b7\" data-elementor-lightbox-title=\"6000-Kitchen-Countertops-Snow-White-Marble-polished-honed-5-1\" data-e-action-hash=\"#elementor-action%3Aaction%3Dlightbox%26settings%3DeyJpZCI6MjA2NzEsInVybCI6Imh0dHBzOlwvXC93d3cua2FyYXJ0bWFyYmxlLmNvbVwvd3AtY29udGVudFwvdXBsb2Fkc1wvMjAyM1wvMTJcLzYwMDAtS2l0Y2hlbi1Db3VudGVydG9wcy1Tbm93LVdoaXRlLU1hcmJsZS1wb2xpc2hlZC1ob25lZC01LTEuanBnIiwic2xpZGVzaG93IjoiYWxsLWZlZGQ5YjcifQ%3D%3D\" class=\"e-gallery-image etheme-gallery-image elementor-gallery-item__image\" data-thumbnail=\"https:\/\/www.karartmarble.com\/wp-content\/uploads\/2023\/12\/6000-Kitchen-Countertops-Snow-White-Marble-polished-honed-5-1.jpg\" data-width=\"1881\" data-height=\"1264\" alt=\"\" style=\"background-image: url(&#039;https:\/\/www.karartmarble.com\/wp-content\/uploads\/2023\/12\/6000-Kitchen-Countertops-Snow-White-Marble-polished-honed-5-1.jpg&#039;)\" href=\"https:\/\/www.karartmarble.com\/wp-content\/uploads\/2023\/12\/6000-Kitchen-Countertops-Snow-White-Marble-polished-honed-5-1.jpg\"><\/a>\n\t                <span class=\"etheme-gallery-item-details etheme-gallery-item-details-inside\"><span class=\"etheme-gallery-lightbox-icon\">\n            <svg version=\"1.1\" xmlns=\"http:\/\/www.w3.org\/2000\/svg\" width=\"1em\" height=\"1em\" viewBox=\"0 0 24 24\" fill=\"currentColor\">\n                <path d=\"M23.784 22.8l-6.168-6.144c1.584-1.848 2.448-4.176 2.448-6.576 0-5.52-4.488-10.032-10.032-10.032-5.52 0-10.008 4.488-10.008 10.008s4.488 10.032 10.032 10.032c2.424 0 4.728-0.864 6.576-2.472l6.168 6.144c0.144 0.144 0.312 0.216 0.48 0.216s0.336-0.072 0.456-0.192c0.144-0.12 0.216-0.288 0.24-0.48 0-0.192-0.072-0.384-0.192-0.504zM18.696 10.080c0 4.752-3.888 8.64-8.664 8.64-4.752 0-8.64-3.888-8.64-8.664 0-4.752 3.888-8.64 8.664-8.64s8.64 3.888 8.64 8.664z\"><\/path>\n            <\/svg>\n        <\/span><\/span>                <\/div>\n\t            \t                        <\/div>\n\t                <div class=\"e-gallery-item etheme-gallery-item\">\n                <div class=\"etheme-gallery-item-overlay\">\n                    <a data-elementor-open-lightbox=\"yes\" data-elementor-lightbox-slideshow=\"all-fedd9b7\" data-elementor-lightbox-title=\"6000-Kitchen-Countertops-Snow-White-Marble-polished-honed-6-1\" data-e-action-hash=\"#elementor-action%3Aaction%3Dlightbox%26settings%3DeyJpZCI6MjA2NzMsInVybCI6Imh0dHBzOlwvXC93d3cua2FyYXJ0bWFyYmxlLmNvbVwvd3AtY29udGVudFwvdXBsb2Fkc1wvMjAyM1wvMTJcLzYwMDAtS2l0Y2hlbi1Db3VudGVydG9wcy1Tbm93LVdoaXRlLU1hcmJsZS1wb2xpc2hlZC1ob25lZC02LTEuanBnIiwic2xpZGVzaG93IjoiYWxsLWZlZGQ5YjcifQ%3D%3D\" class=\"e-gallery-image etheme-gallery-image elementor-gallery-item__image\" data-thumbnail=\"https:\/\/www.karartmarble.com\/wp-content\/uploads\/2023\/12\/6000-Kitchen-Countertops-Snow-White-Marble-polished-honed-6-1.jpg\" data-width=\"1881\" data-height=\"1264\" alt=\"\" style=\"background-image: url(&#039;https:\/\/www.karartmarble.com\/wp-content\/uploads\/2023\/12\/6000-Kitchen-Countertops-Snow-White-Marble-polished-honed-6-1.jpg&#039;)\" href=\"https:\/\/www.karartmarble.com\/wp-content\/uploads\/2023\/12\/6000-Kitchen-Countertops-Snow-White-Marble-polished-honed-6-1.jpg\"><\/a>\n\t                <span class=\"etheme-gallery-item-details etheme-gallery-item-details-inside\"><span class=\"etheme-gallery-lightbox-icon\">\n            <svg version=\"1.1\" xmlns=\"http:\/\/www.w3.org\/2000\/svg\" width=\"1em\" height=\"1em\" viewBox=\"0 0 24 24\" fill=\"currentColor\">\n                <path d=\"M23.784 22.8l-6.168-6.144c1.584-1.848 2.448-4.176 2.448-6.576 0-5.52-4.488-10.032-10.032-10.032-5.52 0-10.008 4.488-10.008 10.008s4.488 10.032 10.032 10.032c2.424 0 4.728-0.864 6.576-2.472l6.168 6.144c0.144 0.144 0.312 0.216 0.48 0.216s0.336-0.072 0.456-0.192c0.144-0.12 0.216-0.288 0.24-0.48 0-0.192-0.072-0.384-0.192-0.504zM18.696 10.080c0 4.752-3.888 8.64-8.664 8.64-4.752 0-8.64-3.888-8.64-8.664 0-4.752 3.888-8.64 8.664-8.64s8.64 3.888 8.64 8.664z\"><\/path>\n            <\/svg>\n        <\/span><\/span>                <\/div>\n\t            \t                        <\/div>\n\t                <div class=\"e-gallery-item etheme-gallery-item\">\n                <div class=\"etheme-gallery-item-overlay\">\n                    <a data-elementor-open-lightbox=\"yes\" data-elementor-lightbox-slideshow=\"all-fedd9b7\" data-elementor-lightbox-title=\"6000-Kitchen-Countertops-Snow-White-Marble-polished-honed-7-1\" data-e-action-hash=\"#elementor-action%3Aaction%3Dlightbox%26settings%3DeyJpZCI6MjA2NzUsInVybCI6Imh0dHBzOlwvXC93d3cua2FyYXJ0bWFyYmxlLmNvbVwvd3AtY29udGVudFwvdXBsb2Fkc1wvMjAyM1wvMTJcLzYwMDAtS2l0Y2hlbi1Db3VudGVydG9wcy1Tbm93LVdoaXRlLU1hcmJsZS1wb2xpc2hlZC1ob25lZC03LTEuanBnIiwic2xpZGVzaG93IjoiYWxsLWZlZGQ5YjcifQ%3D%3D\" class=\"e-gallery-image etheme-gallery-image elementor-gallery-item__image\" data-thumbnail=\"https:\/\/www.karartmarble.com\/wp-content\/uploads\/2023\/12\/6000-Kitchen-Countertops-Snow-White-Marble-polished-honed-7-1.jpg\" data-width=\"1881\" data-height=\"1264\" alt=\"\" style=\"background-image: url(&#039;https:\/\/www.karartmarble.com\/wp-content\/uploads\/2023\/12\/6000-Kitchen-Countertops-Snow-White-Marble-polished-honed-7-1.jpg&#039;)\" href=\"https:\/\/www.karartmarble.com\/wp-content\/uploads\/2023\/12\/6000-Kitchen-Countertops-Snow-White-Marble-polished-honed-7-1.jpg\"><\/a>\n\t                <span class=\"etheme-gallery-item-details etheme-gallery-item-details-inside\"><span class=\"etheme-gallery-lightbox-icon\">\n            <svg version=\"1.1\" xmlns=\"http:\/\/www.w3.org\/2000\/svg\" width=\"1em\" height=\"1em\" viewBox=\"0 0 24 24\" fill=\"currentColor\">\n                <path d=\"M23.784 22.8l-6.168-6.144c1.584-1.848 2.448-4.176 2.448-6.576 0-5.52-4.488-10.032-10.032-10.032-5.52 0-10.008 4.488-10.008 10.008s4.488 10.032 10.032 10.032c2.424 0 4.728-0.864 6.576-2.472l6.168 6.144c0.144 0.144 0.312 0.216 0.48 0.216s0.336-0.072 0.456-0.192c0.144-0.12 0.216-0.288 0.24-0.48 0-0.192-0.072-0.384-0.192-0.504zM18.696 10.080c0 4.752-3.888 8.64-8.664 8.64-4.752 0-8.64-3.888-8.64-8.664 0-4.752 3.888-8.64 8.664-8.64s8.64 3.888 8.64 8.664z\"><\/path>\n            <\/svg>\n        <\/span><\/span>                <\/div>\n\t            \t                        <\/div>\n\t                <div class=\"e-gallery-item etheme-gallery-item\">\n                <div class=\"etheme-gallery-item-overlay\">\n                    <a data-elementor-open-lightbox=\"yes\" data-elementor-lightbox-slideshow=\"all-fedd9b7\" data-elementor-lightbox-title=\"6000-Kitchen-Countertops-Snow-White-Marble-polished-honed-8-1\" data-e-action-hash=\"#elementor-action%3Aaction%3Dlightbox%26settings%3DeyJpZCI6MjA2NzcsInVybCI6Imh0dHBzOlwvXC93d3cua2FyYXJ0bWFyYmxlLmNvbVwvd3AtY29udGVudFwvdXBsb2Fkc1wvMjAyM1wvMTJcLzYwMDAtS2l0Y2hlbi1Db3VudGVydG9wcy1Tbm93LVdoaXRlLU1hcmJsZS1wb2xpc2hlZC1ob25lZC04LTEuanBnIiwic2xpZGVzaG93IjoiYWxsLWZlZGQ5YjcifQ%3D%3D\" class=\"e-gallery-image etheme-gallery-image elementor-gallery-item__image\" data-thumbnail=\"https:\/\/www.karartmarble.com\/wp-content\/uploads\/2023\/12\/6000-Kitchen-Countertops-Snow-White-Marble-polished-honed-8-1.jpg\" data-width=\"1881\" data-height=\"1264\" alt=\"\" style=\"background-image: url(&#039;https:\/\/www.karartmarble.com\/wp-content\/uploads\/2023\/12\/6000-Kitchen-Countertops-Snow-White-Marble-polished-honed-8-1.jpg&#039;)\" href=\"https:\/\/www.karartmarble.com\/wp-content\/uploads\/2023\/12\/6000-Kitchen-Countertops-Snow-White-Marble-polished-honed-8-1.jpg\"><\/a>\n\t                <span class=\"etheme-gallery-item-details etheme-gallery-item-details-inside\"><span class=\"etheme-gallery-lightbox-icon\">\n            <svg version=\"1.1\" xmlns=\"http:\/\/www.w3.org\/2000\/svg\" width=\"1em\" height=\"1em\" viewBox=\"0 0 24 24\" fill=\"currentColor\">\n                <path d=\"M23.784 22.8l-6.168-6.144c1.584-1.848 2.448-4.176 2.448-6.576 0-5.52-4.488-10.032-10.032-10.032-5.52 0-10.008 4.488-10.008 10.008s4.488 10.032 10.032 10.032c2.424 0 4.728-0.864 6.576-2.472l6.168 6.144c0.144 0.144 0.312 0.216 0.48 0.216s0.336-0.072 0.456-0.192c0.144-0.12 0.216-0.288 0.24-0.48 0-0.192-0.072-0.384-0.192-0.504zM18.696 10.080c0 4.752-3.888 8.64-8.664 8.64-4.752 0-8.64-3.888-8.64-8.664 0-4.752 3.888-8.64 8.664-8.64s8.64 3.888 8.64 8.664z\"><\/path>\n            <\/svg>\n        <\/span><\/span>                <\/div>\n\t            \t                        <\/div>\n\t                    <\/div>\n                    <\/div>\n        \n        \t\t\t\t<\/div>\n\t\t\t\t<\/div>\n\t\t\t\t\t<\/div>\n\t\t<\/div>\n\t\t\t\t\t<\/div>\n\t\t<\/section>\n\t\t\t\t<section class=\"elementor-section elementor-top-section elementor-element elementor-element-d24dab3 elementor-section-boxed elementor-section-height-default elementor-section-height-default\" data-id=\"d24dab3\" data-element_type=\"section\" data-e-type=\"section\">\n\t\t\t\t\t\t<div class=\"elementor-container elementor-column-gap-default\">\n\t\t\t\t\t<div class=\"elementor-column elementor-col-100 elementor-top-column elementor-element elementor-element-aff3c06\" data-id=\"aff3c06\" data-element_type=\"column\" data-e-type=\"column\">\n\t\t\t<div class=\"elementor-widget-wrap elementor-element-populated\">\n\t\t\t\t\t\t<div class=\"elementor-element elementor-element-852d143 elementor-widget elementor-widget-text-editor\" data-id=\"852d143\" data-element_type=\"widget\" data-e-type=\"widget\" data-widget_type=\"text-editor.default\">\n\t\t\t\t<div class=\"elementor-widget-container\">\n\t\t\t\t\t\t\t\t\t<h2 class=\"font-bold text-h2 leading-[45px] pt-[30px] pb-[4px] [&amp;_a]:underline-offset-[6px] [&amp;_.underline]:underline-offset-[6px]\" dir=\"ltr\">Mermer Mutfak Fayanslar\u0131 Mu\u011fla Beyaz\u0131 Mermer &#8211; Fiyatlar\u0131<\/h2><p class=\"text-body font-regular leading-[24px] pt-[9px] pb-[2px]\" dir=\"ltr\">Mutfa\u011f\u0131n\u0131za zarafet ve l\u00fcks katman\u0131n yolu, Mu\u011fla Beyaz\u0131 Mermer mutfak fayanslar\u0131 ile art\u0131k m\u00fcmk\u00fcn. T\u00fcrkiye&#8217;nin en kaliteli mermeri olan Mu\u011fla Beyaz\u0131, mutfa\u011f\u0131n\u0131zda hem estetik hem de i\u015flevsel bir \u00e7\u00f6z\u00fcm sunuyor.<\/p><h3 class=\"font-bold text-h3 leading-[36px] pt-[21px] pb-[2px] [&amp;_a]:underline-offset-[6px] [&amp;_.underline]:underline-offset-[6px]\" dir=\"ltr\">Neden Mu\u011fla Beyaz\u0131 Mermer Mutfak Fayanslar\u0131n\u0131 Tercih Etmelisiniz?<\/h3><p class=\"font-bold text-h4 leading-[30px] pt-[15px] pb-[2px] [&amp;_a]:underline-offset-[6px] [&amp;_.underline]:underline-offset-[6px]\" dir=\"ltr\"><strong>Dayan\u0131kl\u0131l\u0131k ve Kolay Bak\u0131m: <\/strong>Mu\u011fla Beyaz\u0131 Mermer, y\u00fcksek \u0131s\u0131ya, neme ve lekelere kar\u015f\u0131 diren\u00e7lidir. Bu sayede, mutfa\u011f\u0131n\u0131zda uzun \u00f6m\u00fcrl\u00fc ve d\u00fc\u015f\u00fck bak\u0131m gerektiren bir se\u00e7enek sunar. Sabah kahvesinden ak\u015fam yeme\u011fine kadar ge\u00e7en zamanda, mermerin temizlenmesi son derece kolayd\u0131r.<\/p><p class=\"font-bold text-h4 leading-[30px] pt-[15px] pb-[2px] [&amp;_a]:underline-offset-[6px] [&amp;_.underline]:underline-offset-[6px]\" dir=\"ltr\"><strong>Benzersiz G\u00fczellik:<\/strong> Her bir Mu\u011fla Beyaz\u0131 Mermer fayans\u0131, do\u011fal damarlar ve renk varyasyonlar\u0131 ile e\u015fsizdir. Hi\u00e7bir iki karo ayn\u0131 de\u011fildir, bu da mutfa\u011f\u0131n\u0131za kendine \u00f6zg\u00fc, \u00f6zel bir g\u00f6r\u00fcn\u00fcm kazand\u0131r\u0131r. Bu benzersizlik, mutfa\u011f\u0131n\u0131z\u0131 s\u0131radanl\u0131ktan kurtararak, misafirlerinizi b\u00fcy\u00fcleyecek bir alan haline getirir.<\/p><p class=\"font-bold text-h4 leading-[30px] pt-[15px] pb-[2px] [&amp;_a]:underline-offset-[6px] [&amp;_.underline]:underline-offset-[6px]\" dir=\"ltr\"><strong>\u00c7e\u015fitli Boyut ve Finisaj Se\u00e7enekleri<\/strong>: Farkl\u0131 boyut ve finisaj se\u00e7enekleri ile Mu\u011fla Beyaz\u0131 Mermer fayanslar\u0131, her t\u00fcrl\u00fc mutfak tarz\u0131na ve d\u00fczenine uyum sa\u011flar. \u0130ster modern, ister klasik bir mutfa\u011f\u0131n\u0131z olsun, bu mermer fayanslar, mutfa\u011f\u0131n\u0131za m\u00fckemmel bir uyum sa\u011flayacakt\u0131r.<\/p><p class=\"font-bold text-h4 leading-[30px] pt-[15px] pb-[2px] [&amp;_a]:underline-offset-[6px] [&amp;_.underline]:underline-offset-[6px]\" dir=\"ltr\"><strong>De\u011fer ve Ustal\u0131k<\/strong>:\u00a0Uzman ellerden \u00e7\u0131kan bu mermer fayanslar, sadece harika g\u00f6r\u00fcnmekle kalmaz, ayn\u0131 zamanda rekabet\u00e7i fiyatlarla sunulur. Y\u00fcksek kaliteli malzeme ve i\u015f\u00e7ilik, paran\u0131z\u0131n kar\u015f\u0131l\u0131\u011f\u0131n\u0131 fazlas\u0131yla alman\u0131z\u0131 sa\u011flar.<\/p><p class=\"text-body font-regular leading-[24px] pt-[9px] pb-[2px]\" dir=\"ltr\">Mutfa\u011f\u0131n\u0131z\u0131n her k\u00f6\u015fesinde zarafet ve dayan\u0131kl\u0131l\u0131\u011f\u0131 bir arada ya\u015fay\u0131n. Mu\u011fla Beyaz\u0131 Mermer mutfak fayanslar\u0131 ile mutfa\u011f\u0131n\u0131z\u0131 yeniden tan\u0131mlay\u0131n.<\/p><h2 class=\"font-bold text-h3 leading-[36px] pt-[21px] pb-[2px] [&amp;_a]:underline-offset-[6px] [&amp;_.underline]:underline-offset-[6px]\" dir=\"ltr\">Beyaz Mermer Mutfak Fayans Modellerimizi ve Fiyatlar\u0131m\u0131z\u0131 \u0130nceleyin<\/h2><p class=\"text-body font-regular leading-[24px] pt-[9px] pb-[2px]\" dir=\"ltr\">Mutfa\u011f\u0131n\u0131za l\u00fcks ve \u015f\u0131kl\u0131k katmak i\u00e7in hemen beyaz mermer mutfak fayans modellerimizi ve fiyatlar\u0131m\u0131z\u0131 inceleyin. Sizi memnun edecek uygun fiyat se\u00e7eneklerimizle, kaliteyi her b\u00fct\u00e7eye sunuyoruz.<\/p><p class=\"text-body font-regular leading-[24px] pt-[9px] pb-[2px]\" dir=\"ltr\">Mutfa\u011f\u0131n\u0131z\u0131n zarafetine zarafet katmak i\u00e7in do\u011fru se\u00e7im Mu\u011fla Beyaz\u0131 Mermer mutfak fayanslar i\u00e7in \u015fimdi daha fazla bilgi edinmek i\u00e7in bizimle ileti\u015fime ge\u00e7in!<\/p>\t\t\t\t\t\t\t\t<\/div>\n\t\t\t\t<\/div>\n\t\t\t\t\t<\/div>\n\t\t<\/div>\n\t\t\t\t\t<\/div>\n\t\t<\/section>\n\t\t\t\t<\/div>\n\t\t","protected":false},"excerpt":{"rendered":"[table id=226 \/]\n","protected":false},"featured_media":15533,"comment_status":"open","ping_status":"closed","template":"","meta":{"inline_featured_image":false},"etheme_brands":[{"term_id":365,"name":"karartmarble","slug":"karartmarble-tr","term_group":0,"term_taxonomy_id":365,"taxonomy":"brand","description":"","parent":0,"count":91,"filter":"raw"}],"product_brand":[],"product_cat":[399,404],"product_tag":[],"class_list":{"0":"post-15344","1":"product","2":"type-product","3":"status-publish","4":"has-post-thumbnail","6":"brand-karartmarble-tr","7":"product_cat-mutfak","8":"product_cat-tum-urunler","10":"first","11":"outofstock","12":"shipping-taxable","13":"purchasable","14":"product-type-variable"},"_links":{"self":[{"href":"https:\/\/www.karartmarble.com\/tr\/wp-json\/wp\/v2\/product\/15344","targetHints":{"allow":["GET"]}}],"collection":[{"href":"https:\/\/www.karartmarble.com\/tr\/wp-json\/wp\/v2\/product"}],"about":[{"href":"https:\/\/www.karartmarble.com\/tr\/wp-json\/wp\/v2\/types\/product"}],"replies":[{"embeddable":true,"href":"https:\/\/www.karartmarble.com\/tr\/wp-json\/wp\/v2\/comments?post=15344"}],"version-history":[{"count":0,"href":"https:\/\/www.karartmarble.com\/tr\/wp-json\/wp\/v2\/product\/15344\/revisions"}],"wp:featuredmedia":[{"embeddable":true,"href":"https:\/\/www.karartmarble.com\/tr\/wp-json\/wp\/v2\/media\/15533"}],"wp:attachment":[{"href":"https:\/\/www.karartmarble.com\/tr\/wp-json\/wp\/v2\/media?parent=15344"}],"wp:term":[{"taxonomy":"brand","embeddable":true,"href":"https:\/\/www.karartmarble.com\/tr\/wp-json\/wp\/v2\/etheme_brands?post=15344"},{"taxonomy":"product_brand","embeddable":true,"href":"https:\/\/www.karartmarble.com\/tr\/wp-json\/wp\/v2\/product_brand?post=15344"},{"taxonomy":"product_cat","embeddable":true,"href":"https:\/\/www.karartmarble.com\/tr\/wp-json\/wp\/v2\/product_cat?post=15344"},{"taxonomy":"product_tag","embeddable":true,"href":"https:\/\/www.karartmarble.com\/tr\/wp-json\/wp\/v2\/product_tag?post=15344"}],"curies":[{"name":"wp","href":"https:\/\/api.w.org\/{rel}","templated":true}]}}