{"id":15715,"date":"2023-11-27T16:13:36","date_gmt":"2023-11-27T13:13:36","guid":{"rendered":"https:\/\/karartmarble.com\/?post_type=product&#038;p=15715"},"modified":"2024-06-30T17:33:44","modified_gmt":"2024-06-30T14:33:44","slug":"araba-yolu-mugla-siyahi-mermer","status":"publish","type":"product","link":"https:\/\/www.karartmarble.com\/tr\/urun\/araba-yolu-mugla-siyahi-mermer\/","title":{"rendered":"Araba Yolu <br><span class=\"ata_title\">Mu\u011fla Siyah\u0131 Mermer<\/span>"},"content":{"rendered":"\t\t<div data-elementor-type=\"wp-post\" data-elementor-id=\"15715\" class=\"elementor elementor-15715 elementor-15684\" data-elementor-post-type=\"product\">\n\t\t\t\t\t\t<section class=\"elementor-section elementor-top-section elementor-element elementor-element-8cda598 elementor-section-boxed elementor-section-height-default elementor-section-height-default\" data-id=\"8cda598\" data-element_type=\"section\" data-e-type=\"section\">\n\t\t\t\t\t\t<div class=\"elementor-container elementor-column-gap-default\">\n\t\t\t\t\t<div class=\"elementor-column elementor-col-100 elementor-top-column elementor-element elementor-element-b2afbe9\" data-id=\"b2afbe9\" data-element_type=\"column\" data-e-type=\"column\">\n\t\t\t<div class=\"elementor-widget-wrap elementor-element-populated\">\n\t\t\t\t\t\t<div class=\"elementor-element elementor-element-266fe98 elementor-widget elementor-widget-text-editor\" data-id=\"266fe98\" data-element_type=\"widget\" data-e-type=\"widget\" data-widget_type=\"text-editor.default\">\n\t\t\t\t<div class=\"elementor-widget-container\">\n\t\t\t\t\t\t\t\t\t<h2 class=\"serp-title capitalize\"><mark>Bah\u00e7e Mermer Zemin Kaplama<\/mark> Se\u00e7enekleri ve Fiyatlar\u0131<\/h2><p class=\"pb-3 last:pb-0\">Mu\u011fla Siyah\u0131 Mermer Araba Yolu, <strong>bah\u00e7e mermer zemin kaplama<\/strong> se\u00e7enekleri aras\u0131nda \u015f\u0131kl\u0131\u011f\u0131 ve dayan\u0131kl\u0131l\u0131\u011f\u0131yla \u00f6ne \u00e7\u0131kar. Bu m\u00fckemmel d\u0131\u015f mekan zemin d\u00f6\u015femesi, bah\u00e7enizi g\u00fczelle\u015ftirmenin yan\u0131 s\u0131ra araba yollar\u0131n\u0131zda da kullanabilece\u011finiz bir se\u00e7enektir.<\/p><p class=\"pb-3 last:pb-0\">Mu\u011fla Siyah\u0131 Mermer Araba Yolu, bulutsu gri renkte ve siyah damarlarla s\u00fcslenmi\u015f bir g\u00f6r\u00fcn\u00fcme sahiptir. <strong>Honlu, kumlama<\/strong> ve <strong>leather<\/strong> y\u00fczey i\u015flemiyle i\u015flenmi\u015ftir. Bu \u00f6zel mermer, kald\u0131r\u0131m ta\u015f\u0131 ve araba yollar\u0131nda m\u00fckemmel bir kullan\u0131m sa\u011flar.<\/p><h3>D\u0131\u015f Mekan Bah\u00e7e Mermer Zemin Kaplama Fiyatlar\u0131<\/h3><p class=\"pb-3 last:pb-0\">Mu\u011fla Siyah\u0131 Mermer Araba Yolu&#8217;nun fiyat aral\u0131\u011f\u0131 $26.00 \/m\u00b2 ile $39.00 \/m\u00b2 aras\u0131ndad\u0131r. Ayr\u0131ca istenilen boyutlarda \u00fcretilebilir, b\u00f6ylece ihtiya\u00e7lar\u0131n\u0131za uygun \u015fekilde tasarlanabilir.<\/p><p class=\"pb-3 last:pb-0\">Bu muhte\u015fem mermerin g\u00fczelli\u011fi ve dayan\u0131kl\u0131l\u0131\u011f\u0131, bah\u00e7enize ve araba yollar\u0131n\u0131za zarafet katacakt\u0131r. \u00dccretsiz numune talebi i\u00e7in ye\u015fil butonu kullanabilirsiniz. Herhangi bir sorunuz i\u00e7in de sat\u0131\u015f temsilcimizle ileti\u015fim kurabilirsiniz. Size yard\u0131mc\u0131 olmaktan memnuniyet duyar\u0131z.<\/p><p class=\"pb-3 last:pb-0\">Mu\u011fla Siyah\u0131 Mermer Araba Yolu, kaliteli malzemesi ve \u015f\u0131k g\u00f6r\u00fcn\u00fcm\u00fcyle bah\u00e7e mermer zemin kaplama se\u00e7enekleriniz aras\u0131nda en iyi tercihlerden biridir. Hemen \u015fimdi bu e\u015fsiz \u00fcr\u00fcn\u00fc sepetinize ekleyerek bah\u00e7enizin ve araba yollar\u0131n\u0131z\u0131n atmosferini d\u00f6n\u00fc\u015ft\u00fcr\u00fcn.<\/p>\t\t\t\t\t\t\t\t<\/div>\n\t\t\t\t<\/div>\n\t\t\t\t\t<\/div>\n\t\t<\/div>\n\t\t\t\t\t<\/div>\n\t\t<\/section>\n\t\t\t\t<section class=\"elementor-section elementor-top-section elementor-element elementor-element-0d75d4a elementor-section-boxed elementor-section-height-default elementor-section-height-default\" data-id=\"0d75d4a\" data-element_type=\"section\" data-e-type=\"section\">\n\t\t\t\t\t\t<div class=\"elementor-container elementor-column-gap-default\">\n\t\t\t\t\t<div class=\"elementor-column elementor-col-100 elementor-top-column elementor-element elementor-element-439709d\" data-id=\"439709d\" data-element_type=\"column\" data-e-type=\"column\">\n\t\t\t<div class=\"elementor-widget-wrap elementor-element-populated\">\n\t\t\t\t\t\t<div class=\"elementor-element elementor-element-fedd9b7 elementor-widget elementor-widget-etheme_gallery\" data-id=\"fedd9b7\" data-element_type=\"widget\" data-e-type=\"widget\" data-settings=\"{&quot;type&quot;:&quot;grid&quot;,&quot;columns&quot;:{&quot;unit&quot;:&quot;px&quot;,&quot;size&quot;:1,&quot;sizes&quot;:[]},&quot;columns_tablet&quot;:{&quot;unit&quot;:&quot;px&quot;,&quot;size&quot;:3,&quot;sizes&quot;:[]},&quot;columns_mobile&quot;:{&quot;unit&quot;:&quot;px&quot;,&quot;size&quot;:2,&quot;sizes&quot;:[]},&quot;columns_gap&quot;:{&quot;unit&quot;:&quot;px&quot;,&quot;size&quot;:10,&quot;sizes&quot;:[]},&quot;columns_gap_tablet&quot;:{&quot;unit&quot;:&quot;px&quot;,&quot;size&quot;:&quot;&quot;,&quot;sizes&quot;:[]},&quot;columns_gap_mobile&quot;:{&quot;unit&quot;:&quot;px&quot;,&quot;size&quot;:&quot;&quot;,&quot;sizes&quot;:[]},&quot;rows_gap&quot;:{&quot;unit&quot;:&quot;px&quot;,&quot;size&quot;:10,&quot;sizes&quot;:[]},&quot;rows_gap_tablet&quot;:{&quot;unit&quot;:&quot;px&quot;,&quot;size&quot;:&quot;&quot;,&quot;sizes&quot;:[]},&quot;rows_gap_mobile&quot;:{&quot;unit&quot;:&quot;px&quot;,&quot;size&quot;:&quot;&quot;,&quot;sizes&quot;:[]}}\" data-widget_type=\"etheme_gallery.default\">\n\t\t\t\t<div class=\"elementor-widget-container\">\n\t\t\t\t\t        \n        <div class=\"etheme-gallery-wrapper\">\n            \t            \n\t            <div class=\"e-gallery etheme-gallery active\" id=\"etheme-gallery-8611\" data-item-settings=\"{&quot;type&quot;:&quot;grid&quot;}\" data-uniq-id=\"8611\">\n                                <div class=\"e-gallery-item etheme-gallery-item\">\n                <div class=\"etheme-gallery-item-overlay\">\n                    <a data-elementor-open-lightbox=\"yes\" data-elementor-lightbox-slideshow=\"all-fedd9b7\" data-elementor-lightbox-title=\"8000-Driveway-Pavers-Pineta-Black-Honed-Sandblasted-Leather-1\" data-e-action-hash=\"#elementor-action%3Aaction%3Dlightbox%26settings%3DeyJpZCI6MjA3NzcsInVybCI6Imh0dHBzOlwvXC93d3cua2FyYXJ0bWFyYmxlLmNvbVwvd3AtY29udGVudFwvdXBsb2Fkc1wvMjAyM1wvMTJcLzgwMDAtRHJpdmV3YXktUGF2ZXJzLVBpbmV0YS1CbGFjay1Ib25lZC1TYW5kYmxhc3RlZC1MZWF0aGVyLTEuanBnIiwic2xpZGVzaG93IjoiYWxsLWZlZGQ5YjcifQ%3D%3D\" class=\"e-gallery-image etheme-gallery-image elementor-gallery-item__image\" data-thumbnail=\"https:\/\/www.karartmarble.com\/wp-content\/uploads\/2023\/12\/8000-Driveway-Pavers-Pineta-Black-Honed-Sandblasted-Leather-1.jpg\" data-width=\"1310\" data-height=\"734\" alt=\"\" style=\"background-image: url(&#039;https:\/\/www.karartmarble.com\/wp-content\/uploads\/2023\/12\/8000-Driveway-Pavers-Pineta-Black-Honed-Sandblasted-Leather-1.jpg&#039;)\" href=\"https:\/\/www.karartmarble.com\/wp-content\/uploads\/2023\/12\/8000-Driveway-Pavers-Pineta-Black-Honed-Sandblasted-Leather-1.jpg\"><\/a>\n\t                <span class=\"etheme-gallery-item-details etheme-gallery-item-details-inside\"><span class=\"etheme-gallery-lightbox-icon\">\n            <svg version=\"1.1\" xmlns=\"http:\/\/www.w3.org\/2000\/svg\" width=\"1em\" height=\"1em\" viewBox=\"0 0 24 24\" fill=\"currentColor\">\n                <path d=\"M23.784 22.8l-6.168-6.144c1.584-1.848 2.448-4.176 2.448-6.576 0-5.52-4.488-10.032-10.032-10.032-5.52 0-10.008 4.488-10.008 10.008s4.488 10.032 10.032 10.032c2.424 0 4.728-0.864 6.576-2.472l6.168 6.144c0.144 0.144 0.312 0.216 0.48 0.216s0.336-0.072 0.456-0.192c0.144-0.12 0.216-0.288 0.24-0.48 0-0.192-0.072-0.384-0.192-0.504zM18.696 10.080c0 4.752-3.888 8.64-8.664 8.64-4.752 0-8.64-3.888-8.64-8.664 0-4.752 3.888-8.64 8.664-8.64s8.64 3.888 8.64 8.664z\"><\/path>\n            <\/svg>\n        <\/span><\/span>                <\/div>\n\t            \t                        <\/div>\n\t                    <\/div>\n                    <\/div>\n        \n        \t\t\t\t<\/div>\n\t\t\t\t<\/div>\n\t\t\t\t\t<\/div>\n\t\t<\/div>\n\t\t\t\t\t<\/div>\n\t\t<\/section>\n\t\t\t\t<section class=\"elementor-section elementor-top-section elementor-element elementor-element-d24dab3 elementor-section-boxed elementor-section-height-default elementor-section-height-default\" data-id=\"d24dab3\" data-element_type=\"section\" data-e-type=\"section\">\n\t\t\t\t\t\t<div class=\"elementor-container elementor-column-gap-default\">\n\t\t\t\t\t<div class=\"elementor-column elementor-col-100 elementor-top-column elementor-element elementor-element-aff3c06\" data-id=\"aff3c06\" data-element_type=\"column\" data-e-type=\"column\">\n\t\t\t<div class=\"elementor-widget-wrap elementor-element-populated\">\n\t\t\t\t\t\t\t<\/div>\n\t\t<\/div>\n\t\t\t\t\t<\/div>\n\t\t<\/section>\n\t\t\t\t<\/div>\n\t\t","protected":false},"excerpt":{"rendered":"[table id=229 \/]\n","protected":false},"featured_media":15809,"comment_status":"open","ping_status":"closed","template":"","meta":{"inline_featured_image":false},"etheme_brands":[{"term_id":365,"name":"karartmarble","slug":"karartmarble-tr","term_group":0,"term_taxonomy_id":365,"taxonomy":"brand","description":"","parent":0,"count":91,"filter":"raw"}],"product_brand":[],"product_cat":[398,404],"product_tag":[],"class_list":{"0":"post-15715","1":"product","2":"type-product","3":"status-publish","4":"has-post-thumbnail","6":"brand-karartmarble-tr","7":"product_cat-bahce","8":"product_cat-tum-urunler","10":"first","11":"outofstock","12":"shipping-taxable","13":"purchasable","14":"product-type-variable"},"_links":{"self":[{"href":"https:\/\/www.karartmarble.com\/tr\/wp-json\/wp\/v2\/product\/15715","targetHints":{"allow":["GET"]}}],"collection":[{"href":"https:\/\/www.karartmarble.com\/tr\/wp-json\/wp\/v2\/product"}],"about":[{"href":"https:\/\/www.karartmarble.com\/tr\/wp-json\/wp\/v2\/types\/product"}],"replies":[{"embeddable":true,"href":"https:\/\/www.karartmarble.com\/tr\/wp-json\/wp\/v2\/comments?post=15715"}],"version-history":[{"count":0,"href":"https:\/\/www.karartmarble.com\/tr\/wp-json\/wp\/v2\/product\/15715\/revisions"}],"wp:featuredmedia":[{"embeddable":true,"href":"https:\/\/www.karartmarble.com\/tr\/wp-json\/wp\/v2\/media\/15809"}],"wp:attachment":[{"href":"https:\/\/www.karartmarble.com\/tr\/wp-json\/wp\/v2\/media?parent=15715"}],"wp:term":[{"taxonomy":"brand","embeddable":true,"href":"https:\/\/www.karartmarble.com\/tr\/wp-json\/wp\/v2\/etheme_brands?post=15715"},{"taxonomy":"product_brand","embeddable":true,"href":"https:\/\/www.karartmarble.com\/tr\/wp-json\/wp\/v2\/product_brand?post=15715"},{"taxonomy":"product_cat","embeddable":true,"href":"https:\/\/www.karartmarble.com\/tr\/wp-json\/wp\/v2\/product_cat?post=15715"},{"taxonomy":"product_tag","embeddable":true,"href":"https:\/\/www.karartmarble.com\/tr\/wp-json\/wp\/v2\/product_tag?post=15715"}],"curies":[{"name":"wp","href":"https:\/\/api.w.org\/{rel}","templated":true}]}}