{"id":15777,"date":"2023-11-27T16:14:06","date_gmt":"2023-11-27T13:14:06","guid":{"rendered":"https:\/\/karartmarble.com\/?post_type=product&#038;p=15777"},"modified":"2024-06-30T15:26:02","modified_gmt":"2024-06-30T12:26:02","slug":"araba-yolu-kutup-beyazi-mermer","status":"publish","type":"product","link":"https:\/\/www.karartmarble.com\/tr\/urun\/araba-yolu-kutup-beyazi-mermer\/","title":{"rendered":"Araba Yolu <br><span class=\"ata_title\"> Kutup Beyaz\u0131 Mermer<\/span>"},"content":{"rendered":"\t\t<div data-elementor-type=\"wp-post\" data-elementor-id=\"15777\" class=\"elementor elementor-15777 elementor-15746\" data-elementor-post-type=\"product\">\n\t\t\t\t\t\t<section class=\"elementor-section elementor-top-section elementor-element elementor-element-0dc010a elementor-section-boxed elementor-section-height-default elementor-section-height-default\" data-id=\"0dc010a\" data-element_type=\"section\" data-e-type=\"section\">\n\t\t\t\t\t\t<div class=\"elementor-container elementor-column-gap-default\">\n\t\t\t\t\t<div class=\"elementor-column elementor-col-100 elementor-top-column elementor-element elementor-element-c98895a\" data-id=\"c98895a\" data-element_type=\"column\" data-e-type=\"column\">\n\t\t\t<div class=\"elementor-widget-wrap elementor-element-populated\">\n\t\t\t\t\t\t<div class=\"elementor-element elementor-element-a72124c elementor-widget elementor-widget-text-editor\" data-id=\"a72124c\" data-element_type=\"widget\" data-e-type=\"widget\" data-widget_type=\"text-editor.default\">\n\t\t\t\t<div class=\"elementor-widget-container\">\n\t\t\t\t\t\t\t\t\t<h2 class=\"serp-title capitalize\">K\u0131r\u0131lmaz Ve Kaymaz &#8211;\u00a0<mark>Mermer Y\u00fcr\u00fcy\u00fc\u015f Yolu<\/mark>\u00a0&amp; Otopark Zemin<\/h2><p class=\"pb-3 last:pb-0\">Araba Yolu Kutup Beyaz\u0131 Mermer ile g\u00fcvenli ve estetik bir ortam\u0131n keyfini \u00e7\u0131karabilirsiniz. Bu k\u0131r\u0131lmaz ve kaymaz <strong>mermer y\u00fcr\u00fcy\u00fc\u015f yolu<\/strong> ve otopark zemini se\u00e7ene\u011fi, alan\u0131n\u0131z\u0131 g\u00fcvende tutmak ve ayn\u0131 zamanda g\u00f6z al\u0131c\u0131 bir g\u00f6r\u00fcn\u00fcm sunmak i\u00e7in idealdir.<\/p><p class=\"pb-3 last:pb-0\">Bu mermer y\u00fcr\u00fcy\u00fc\u015f yolu ve otopark zemini se\u00e7ene\u011fiyle ve dayan\u0131kl\u0131l\u0131\u011f\u0131yla \u00f6n plana \u00e7\u0131kar. K\u0131r\u0131lma riski olmad\u0131\u011f\u0131 i\u00e7in uzun y\u0131llar boyunca sorunsuz bir \u015fekilde kullanabilirsiniz. Ayn\u0131 zamanda kaymaz \u00f6zelli\u011fi sayesinde \u0131slak veya ya\u011fl\u0131 zeminlerde bile g\u00fcvenli bir \u015fekilde hareket etmenizi sa\u011flar.<\/p><p class=\"pb-3 last:pb-0\">Araba yolu mermer uygulamas\u0131 estetik a\u00e7\u0131dan da olduk\u00e7a \u00e7ekici bir se\u00e7enektir. Beyaz rengiyle mekan\u0131n\u0131za ferahl\u0131k ve ayd\u0131nl\u0131k katar. \u015e\u0131k ve modern bir g\u00f6r\u00fcn\u00fcm sunarak her t\u00fcrl\u00fc mimari tarza uyum sa\u011flar.<\/p><p class=\"pb-3 last:pb-0\">Bu mermer y\u00fcr\u00fcy\u00fc\u015f yolu ve otopark zemini, sadece g\u00fcvenlik ve estetik a\u00e7\u0131s\u0131ndan de\u011fil ayn\u0131 zamanda bak\u0131m kolayl\u0131\u011f\u0131 a\u00e7\u0131s\u0131ndan da avantajl\u0131d\u0131r. Temizlemesi olduk\u00e7a basittir ve d\u00fczenli bak\u0131m gerektirmez. B\u00f6ylece zaman\u0131n\u0131z\u0131n b\u00fcy\u00fck bir k\u0131sm\u0131n\u0131 keyifli i\u015flere harcayabilirsiniz.<\/p><p class=\"pb-3 last:pb-0\">Araba yolu mermer d\u00f6\u015feme uygulamas\u0131 ile mekan\u0131n\u0131za kalite, g\u00fcvenlik ve estetik kat\u0131n. Bu k\u0131r\u0131lmaz ve kaymaz mermer y\u00fcr\u00fcy\u00fc\u015f yolu ve otopark zemini se\u00e7ene\u011fi, size uzun \u00f6m\u00fcr boyunca kullanabilece\u011finiz dayan\u0131kl\u0131l\u0131k sunar. Ayn\u0131 zamanda g\u00f6z al\u0131c\u0131 g\u00f6r\u00fcn\u00fcm\u00fc ile mekan\u0131n\u0131za \u015f\u0131kl\u0131k katar.<\/p>\t\t\t\t\t\t\t\t<\/div>\n\t\t\t\t<\/div>\n\t\t\t\t\t<\/div>\n\t\t<\/div>\n\t\t\t\t\t<\/div>\n\t\t<\/section>\n\t\t\t\t<section class=\"elementor-section elementor-top-section elementor-element elementor-element-0d75d4a elementor-section-boxed elementor-section-height-default elementor-section-height-default\" data-id=\"0d75d4a\" data-element_type=\"section\" data-e-type=\"section\">\n\t\t\t\t\t\t<div class=\"elementor-container elementor-column-gap-default\">\n\t\t\t\t\t<div class=\"elementor-column elementor-col-100 elementor-top-column elementor-element elementor-element-439709d\" data-id=\"439709d\" data-element_type=\"column\" data-e-type=\"column\">\n\t\t\t<div class=\"elementor-widget-wrap elementor-element-populated\">\n\t\t\t\t\t\t<div class=\"elementor-element elementor-element-fedd9b7 elementor-widget elementor-widget-etheme_gallery\" data-id=\"fedd9b7\" data-element_type=\"widget\" data-e-type=\"widget\" data-settings=\"{&quot;type&quot;:&quot;grid&quot;,&quot;columns&quot;:{&quot;unit&quot;:&quot;px&quot;,&quot;size&quot;:3,&quot;sizes&quot;:[]},&quot;columns_tablet&quot;:{&quot;unit&quot;:&quot;px&quot;,&quot;size&quot;:3,&quot;sizes&quot;:[]},&quot;columns_mobile&quot;:{&quot;unit&quot;:&quot;px&quot;,&quot;size&quot;:2,&quot;sizes&quot;:[]},&quot;columns_gap&quot;:{&quot;unit&quot;:&quot;px&quot;,&quot;size&quot;:10,&quot;sizes&quot;:[]},&quot;columns_gap_tablet&quot;:{&quot;unit&quot;:&quot;px&quot;,&quot;size&quot;:&quot;&quot;,&quot;sizes&quot;:[]},&quot;columns_gap_mobile&quot;:{&quot;unit&quot;:&quot;px&quot;,&quot;size&quot;:&quot;&quot;,&quot;sizes&quot;:[]},&quot;rows_gap&quot;:{&quot;unit&quot;:&quot;px&quot;,&quot;size&quot;:10,&quot;sizes&quot;:[]},&quot;rows_gap_tablet&quot;:{&quot;unit&quot;:&quot;px&quot;,&quot;size&quot;:&quot;&quot;,&quot;sizes&quot;:[]},&quot;rows_gap_mobile&quot;:{&quot;unit&quot;:&quot;px&quot;,&quot;size&quot;:&quot;&quot;,&quot;sizes&quot;:[]}}\" data-widget_type=\"etheme_gallery.default\">\n\t\t\t\t<div class=\"elementor-widget-container\">\n\t\t\t\t\t<div class=\"elementor-panel-alert elementor-panel-alert-elementor-panel-alert-warning\">Please, add images to create gallery<\/div>\t\t\t\t<\/div>\n\t\t\t\t<\/div>\n\t\t\t\t\t<\/div>\n\t\t<\/div>\n\t\t\t\t\t<\/div>\n\t\t<\/section>\n\t\t\t\t<section class=\"elementor-section elementor-top-section elementor-element elementor-element-d24dab3 elementor-section-boxed elementor-section-height-default elementor-section-height-default\" data-id=\"d24dab3\" data-element_type=\"section\" data-e-type=\"section\">\n\t\t\t\t\t\t<div class=\"elementor-container elementor-column-gap-default\">\n\t\t\t\t\t<div class=\"elementor-column elementor-col-100 elementor-top-column elementor-element elementor-element-aff3c06\" data-id=\"aff3c06\" data-element_type=\"column\" data-e-type=\"column\">\n\t\t\t<div class=\"elementor-widget-wrap elementor-element-populated\">\n\t\t\t\t\t\t\t<\/div>\n\t\t<\/div>\n\t\t\t\t\t<\/div>\n\t\t<\/section>\n\t\t\t\t<\/div>\n\t\t","protected":false},"excerpt":{"rendered":"[table id=155 \/]\n","protected":false},"featured_media":15849,"comment_status":"open","ping_status":"closed","template":"","meta":{"inline_featured_image":false},"etheme_brands":[{"term_id":365,"name":"karartmarble","slug":"karartmarble-tr","term_group":0,"term_taxonomy_id":365,"taxonomy":"brand","description":"","parent":0,"count":91,"filter":"raw"}],"product_brand":[],"product_cat":[398,404],"product_tag":[],"class_list":{"0":"post-15777","1":"product","2":"type-product","3":"status-publish","4":"has-post-thumbnail","6":"brand-karartmarble-tr","7":"product_cat-bahce","8":"product_cat-tum-urunler","10":"first","11":"outofstock","12":"shipping-taxable","13":"purchasable","14":"product-type-variable"},"_links":{"self":[{"href":"https:\/\/www.karartmarble.com\/tr\/wp-json\/wp\/v2\/product\/15777","targetHints":{"allow":["GET"]}}],"collection":[{"href":"https:\/\/www.karartmarble.com\/tr\/wp-json\/wp\/v2\/product"}],"about":[{"href":"https:\/\/www.karartmarble.com\/tr\/wp-json\/wp\/v2\/types\/product"}],"replies":[{"embeddable":true,"href":"https:\/\/www.karartmarble.com\/tr\/wp-json\/wp\/v2\/comments?post=15777"}],"version-history":[{"count":0,"href":"https:\/\/www.karartmarble.com\/tr\/wp-json\/wp\/v2\/product\/15777\/revisions"}],"wp:featuredmedia":[{"embeddable":true,"href":"https:\/\/www.karartmarble.com\/tr\/wp-json\/wp\/v2\/media\/15849"}],"wp:attachment":[{"href":"https:\/\/www.karartmarble.com\/tr\/wp-json\/wp\/v2\/media?parent=15777"}],"wp:term":[{"taxonomy":"brand","embeddable":true,"href":"https:\/\/www.karartmarble.com\/tr\/wp-json\/wp\/v2\/etheme_brands?post=15777"},{"taxonomy":"product_brand","embeddable":true,"href":"https:\/\/www.karartmarble.com\/tr\/wp-json\/wp\/v2\/product_brand?post=15777"},{"taxonomy":"product_cat","embeddable":true,"href":"https:\/\/www.karartmarble.com\/tr\/wp-json\/wp\/v2\/product_cat?post=15777"},{"taxonomy":"product_tag","embeddable":true,"href":"https:\/\/www.karartmarble.com\/tr\/wp-json\/wp\/v2\/product_tag?post=15777"}],"curies":[{"name":"wp","href":"https:\/\/api.w.org\/{rel}","templated":true}]}}