{"id":15918,"date":"2023-11-27T17:10:12","date_gmt":"2023-11-27T14:10:12","guid":{"rendered":"https:\/\/karartmarble.com\/?post_type=product&#038;p=15918"},"modified":"2024-06-30T15:19:41","modified_gmt":"2024-06-30T12:19:41","slug":"araba-yolu-mugla-beyazi-mermer","status":"publish","type":"product","link":"https:\/\/www.karartmarble.com\/tr\/urun\/araba-yolu-mugla-beyazi-mermer\/","title":{"rendered":"Araba Yolu <br><span class=\"ata_title\">Mu\u011fla Beyaz\u0131 Mermer<\/span>"},"content":{"rendered":"\t\t<div data-elementor-type=\"wp-post\" data-elementor-id=\"15918\" class=\"elementor elementor-15918 elementor-15887\" data-elementor-post-type=\"product\">\n\t\t\t\t\t\t<section class=\"elementor-section elementor-top-section elementor-element elementor-element-e7d487a elementor-section-boxed elementor-section-height-default elementor-section-height-default\" data-id=\"e7d487a\" data-element_type=\"section\" data-e-type=\"section\">\n\t\t\t\t\t\t<div class=\"elementor-container elementor-column-gap-default\">\n\t\t\t\t\t<div class=\"elementor-column elementor-col-100 elementor-top-column elementor-element elementor-element-896e8df\" data-id=\"896e8df\" data-element_type=\"column\" data-e-type=\"column\">\n\t\t\t<div class=\"elementor-widget-wrap elementor-element-populated\">\n\t\t\t\t\t\t<div class=\"elementor-element elementor-element-1bf9933 elementor-widget elementor-widget-text-editor\" data-id=\"1bf9933\" data-element_type=\"widget\" data-e-type=\"widget\" data-widget_type=\"text-editor.default\">\n\t\t\t\t<div class=\"elementor-widget-container\">\n\t\t\t\t\t\t\t\t\t<h2 class=\"serp-title capitalize\"><mark>Mermer Araba Yolu<\/mark>\u00a0 &#8211; Mu\u011fla Beyaz\u0131<\/h2><p class=\"pb-3 last:pb-0\">Mu\u011fla Beyaz\u0131 <strong>mermer araba yolu<\/strong> ile araba yolunuzu yenileyin ve do\u011fal bir \u015f\u0131kl\u0131k elde edin. Karartmarble.com olarak, kaliteli \u00e7\u00f6z\u00fcmler sunarak size m\u00fckemmel bir g\u00f6r\u00fcn\u00fcm sa\u011fl\u0131yoruz.<\/p><p class=\"pb-3 last:pb-0\">Mu\u011fla Beyaz\u0131 Mermer Araba Yolu, beyaz zemin \u00fczerinde hafif beyaz damarlarla birlikte gelir. Bu mermer arabayolu, honlu, kumlama ve deri i\u015flemeleriyle y\u00fczeyi i\u015flenmi\u015ftir. Kald\u0131r\u0131m ta\u015f\u0131 ve araba yolu kald\u0131r\u0131m ta\u015f\u0131 gibi farkl\u0131 kullan\u0131m alanlar\u0131na uygun olan bu \u00fcr\u00fcn, \u015f\u0131k ve do\u011fal bir g\u00f6r\u00fcn\u00fcm sa\u011flar.<\/p><p class=\"pb-3 last:pb-0\">Mermer Araba Yolu, farkl\u0131 boyutlarda mevcuttur. 30&#215;30, 30&#215;60, 40&#215;60, 40&#215;80 ve 60&#215;120 gibi standart boyutlar\u0131n\u0131n yan\u0131 s\u0131ra iste\u011fe ba\u011fl\u0131 olarak \u00f6zel ebatlarda da \u00fcretilebilir. Kal\u0131nl\u0131k se\u00e7enekleri de mevcuttur.<\/p><p class=\"pb-3 last:pb-0\">Bu \u00fcr\u00fcn\u00fcn fiyat aral\u0131\u011f\u0131, metrekare ba\u015f\u0131na 28.00 $ ile 41.00 $ aras\u0131nda de\u011fi\u015fmektedir. \u00dcr\u00fcn sayfas\u0131nda yer alan ileti\u015fim kanallar\u0131m\u0131zdan sat\u0131\u015f dan\u0131\u015fman\u0131m\u0131zla hemen ileti\u015fime ge\u00e7ebilirsiniz. T\u00fcm sorular\u0131n\u0131z\u0131 yan\u0131tlamaktan memnunuiyet duyar\u0131z.<\/p><p class=\"pb-3 last:pb-0\">Ayr\u0131ca \u00fccretsiz numune talebinde bulunabilir veya fiyat teklifi alabilirsiniz.<\/p><p class=\"pb-3 last:pb-0\">Karartmarble.com olarak, size en kaliteli mermer \u00fcr\u00fcnlerini sunmak i\u00e7in buraday\u0131z. \u00dccretsiz numune talepleriniz veya di\u011fer sorular\u0131n\u0131z i\u00e7in bize telefon veya WhatsApp \u00fczerinden ula\u015fabilirsiniz.<\/p><p class=\"pb-3 last:pb-0\"><strong>Telefon: +90 252 400 00 47 <\/strong><\/p><p class=\"pb-3 last:pb-0\"><strong>WhatsApp: +90 541 467 95 96<\/strong><\/p><p class=\"pb-3 last:pb-0\">Mu\u011fla Beyaz\u0131 Mermer Araba Yolu ile araban\u0131z\u0131n yolunda do\u011fal bir \u015f\u0131kl\u0131k elde edebilirsiniz!<\/p>\t\t\t\t\t\t\t\t<\/div>\n\t\t\t\t<\/div>\n\t\t\t\t\t<\/div>\n\t\t<\/div>\n\t\t\t\t\t<\/div>\n\t\t<\/section>\n\t\t\t\t<section class=\"elementor-section elementor-top-section elementor-element elementor-element-0d75d4a elementor-section-boxed elementor-section-height-default elementor-section-height-default\" data-id=\"0d75d4a\" data-element_type=\"section\" data-e-type=\"section\">\n\t\t\t\t\t\t<div class=\"elementor-container elementor-column-gap-default\">\n\t\t\t\t\t<div class=\"elementor-column elementor-col-100 elementor-top-column elementor-element elementor-element-439709d\" data-id=\"439709d\" data-element_type=\"column\" data-e-type=\"column\">\n\t\t\t<div class=\"elementor-widget-wrap elementor-element-populated\">\n\t\t\t\t\t\t<div class=\"elementor-element elementor-element-fedd9b7 elementor-widget elementor-widget-etheme_gallery\" data-id=\"fedd9b7\" data-element_type=\"widget\" data-e-type=\"widget\" data-settings=\"{&quot;type&quot;:&quot;grid&quot;,&quot;columns&quot;:{&quot;unit&quot;:&quot;px&quot;,&quot;size&quot;:3,&quot;sizes&quot;:[]},&quot;columns_tablet&quot;:{&quot;unit&quot;:&quot;px&quot;,&quot;size&quot;:3,&quot;sizes&quot;:[]},&quot;columns_mobile&quot;:{&quot;unit&quot;:&quot;px&quot;,&quot;size&quot;:2,&quot;sizes&quot;:[]},&quot;columns_gap&quot;:{&quot;unit&quot;:&quot;px&quot;,&quot;size&quot;:10,&quot;sizes&quot;:[]},&quot;columns_gap_tablet&quot;:{&quot;unit&quot;:&quot;px&quot;,&quot;size&quot;:&quot;&quot;,&quot;sizes&quot;:[]},&quot;columns_gap_mobile&quot;:{&quot;unit&quot;:&quot;px&quot;,&quot;size&quot;:&quot;&quot;,&quot;sizes&quot;:[]},&quot;rows_gap&quot;:{&quot;unit&quot;:&quot;px&quot;,&quot;size&quot;:10,&quot;sizes&quot;:[]},&quot;rows_gap_tablet&quot;:{&quot;unit&quot;:&quot;px&quot;,&quot;size&quot;:&quot;&quot;,&quot;sizes&quot;:[]},&quot;rows_gap_mobile&quot;:{&quot;unit&quot;:&quot;px&quot;,&quot;size&quot;:&quot;&quot;,&quot;sizes&quot;:[]}}\" data-widget_type=\"etheme_gallery.default\">\n\t\t\t\t<div class=\"elementor-widget-container\">\n\t\t\t\t\t<div class=\"elementor-panel-alert elementor-panel-alert-elementor-panel-alert-warning\">Please, add images to create gallery<\/div>\t\t\t\t<\/div>\n\t\t\t\t<\/div>\n\t\t\t\t\t<\/div>\n\t\t<\/div>\n\t\t\t\t\t<\/div>\n\t\t<\/section>\n\t\t\t\t<section class=\"elementor-section elementor-top-section elementor-element elementor-element-d24dab3 elementor-section-boxed elementor-section-height-default elementor-section-height-default\" data-id=\"d24dab3\" data-element_type=\"section\" data-e-type=\"section\">\n\t\t\t\t\t\t<div class=\"elementor-container elementor-column-gap-default\">\n\t\t\t\t\t<div class=\"elementor-column elementor-col-100 elementor-top-column elementor-element elementor-element-aff3c06\" data-id=\"aff3c06\" data-element_type=\"column\" data-e-type=\"column\">\n\t\t\t<div class=\"elementor-widget-wrap elementor-element-populated\">\n\t\t\t\t\t\t\t<\/div>\n\t\t<\/div>\n\t\t\t\t\t<\/div>\n\t\t<\/section>\n\t\t\t\t<\/div>\n\t\t","protected":false},"excerpt":{"rendered":"[table id=231 \/]\n","protected":false},"featured_media":16015,"comment_status":"open","ping_status":"closed","template":"","meta":{"inline_featured_image":false},"etheme_brands":[{"term_id":365,"name":"karartmarble","slug":"karartmarble-tr","term_group":0,"term_taxonomy_id":365,"taxonomy":"brand","description":"","parent":0,"count":91,"filter":"raw"}],"product_brand":[],"product_cat":[398,404],"product_tag":[],"class_list":{"0":"post-15918","1":"product","2":"type-product","3":"status-publish","4":"has-post-thumbnail","6":"brand-karartmarble-tr","7":"product_cat-bahce","8":"product_cat-tum-urunler","10":"first","11":"outofstock","12":"shipping-taxable","13":"purchasable","14":"product-type-variable"},"_links":{"self":[{"href":"https:\/\/www.karartmarble.com\/tr\/wp-json\/wp\/v2\/product\/15918","targetHints":{"allow":["GET"]}}],"collection":[{"href":"https:\/\/www.karartmarble.com\/tr\/wp-json\/wp\/v2\/product"}],"about":[{"href":"https:\/\/www.karartmarble.com\/tr\/wp-json\/wp\/v2\/types\/product"}],"replies":[{"embeddable":true,"href":"https:\/\/www.karartmarble.com\/tr\/wp-json\/wp\/v2\/comments?post=15918"}],"version-history":[{"count":0,"href":"https:\/\/www.karartmarble.com\/tr\/wp-json\/wp\/v2\/product\/15918\/revisions"}],"wp:featuredmedia":[{"embeddable":true,"href":"https:\/\/www.karartmarble.com\/tr\/wp-json\/wp\/v2\/media\/16015"}],"wp:attachment":[{"href":"https:\/\/www.karartmarble.com\/tr\/wp-json\/wp\/v2\/media?parent=15918"}],"wp:term":[{"taxonomy":"brand","embeddable":true,"href":"https:\/\/www.karartmarble.com\/tr\/wp-json\/wp\/v2\/etheme_brands?post=15918"},{"taxonomy":"product_brand","embeddable":true,"href":"https:\/\/www.karartmarble.com\/tr\/wp-json\/wp\/v2\/product_brand?post=15918"},{"taxonomy":"product_cat","embeddable":true,"href":"https:\/\/www.karartmarble.com\/tr\/wp-json\/wp\/v2\/product_cat?post=15918"},{"taxonomy":"product_tag","embeddable":true,"href":"https:\/\/www.karartmarble.com\/tr\/wp-json\/wp\/v2\/product_tag?post=15918"}],"curies":[{"name":"wp","href":"https:\/\/api.w.org\/{rel}","templated":true}]}}