{"id":15981,"date":"2023-11-27T17:10:41","date_gmt":"2023-11-27T14:10:41","guid":{"rendered":"https:\/\/karartmarble.com\/?post_type=product&#038;p=15981"},"modified":"2024-06-30T15:04:09","modified_gmt":"2024-06-30T12:04:09","slug":"mermer-bahce-basamak-taslari-siyah","status":"publish","type":"product","link":"https:\/\/www.karartmarble.com\/tr\/urun\/mermer-bahce-basamak-taslari-siyah\/","title":{"rendered":"Mermer Basamak Ta\u015flar\u0131<br><span class=\"ata_title\"> Mu\u011fla Siyah\u0131 Mermer<\/span>"},"content":{"rendered":"\t\t<div data-elementor-type=\"wp-post\" data-elementor-id=\"15981\" class=\"elementor elementor-15981 elementor-15949\" data-elementor-post-type=\"product\">\n\t\t\t\t\t\t<section class=\"elementor-section elementor-top-section elementor-element elementor-element-ca8bf1c elementor-section-boxed elementor-section-height-default elementor-section-height-default\" data-id=\"ca8bf1c\" data-element_type=\"section\" data-e-type=\"section\">\n\t\t\t\t\t\t<div class=\"elementor-container elementor-column-gap-default\">\n\t\t\t\t\t<div class=\"elementor-column elementor-col-100 elementor-top-column elementor-element elementor-element-24feb7a\" data-id=\"24feb7a\" data-element_type=\"column\" data-e-type=\"column\">\n\t\t\t<div class=\"elementor-widget-wrap elementor-element-populated\">\n\t\t\t\t\t\t<div class=\"elementor-element elementor-element-ad184ad elementor-widget elementor-widget-text-editor\" data-id=\"ad184ad\" data-element_type=\"widget\" data-e-type=\"widget\" data-widget_type=\"text-editor.default\">\n\t\t\t\t<div class=\"elementor-widget-container\">\n\t\t\t\t\t\t\t\t\t<h2><b>Mermer Bah\u00e7e Basamak Ta\u015flar\u0131<\/b><span style=\"font-weight: 400;\"> &amp; Do\u011fal Ta\u015f Basamak Fiyatlar\u0131<\/span><\/h2><p><span style=\"font-weight: 400;\">Mu\u011fla Siyah\u0131 mermer basamak ta\u015flar\u0131, bah\u00e7enize zarafet katacak ve en uygun do\u011fal ta\u015f basamak fiyatlar\u0131 ile kaliteli \u00e7\u00f6z\u00fcmler sunuyor. Bu \u00f6zel mermer basamak ta\u015flar\u0131, bah\u00e7enizin d\u0131\u015f mekan\u0131n\u0131 m\u00fckemmel bir \u015fekilde tamamlamak i\u00e7in tasarlanm\u0131\u015ft\u0131r.<\/span><\/p><p><span style=\"font-weight: 400;\">Mu\u011fla Siyah\u0131 Mermer, beyaz zemin \u00fczerinde hafif beyaz damarlarla s\u00fcslenmi\u015ftir. Y\u00fczeyi honlu, kumlama ve leather i\u015flemesi ile i\u015flenmi\u015ftir, bu da ona dayan\u0131kl\u0131l\u0131k ve \u00e7ekicilik kazand\u0131r\u0131r. Hem estetik a\u00e7\u0131dan g\u00f6z al\u0131c\u0131 hem de pratik bir se\u00e7enektir.<\/span><\/p><p><span style=\"font-weight: 400;\">Bu <strong>mermer basamak ta\u015flar\u0131<\/strong>, bah\u00e7enizin giri\u015fini veya teras\u0131n\u0131 m\u00fckemmel bir \u015fekilde tamamlar. \u0130ster modern ister klasik bir tarza sahip olsun, Mu\u011fla Siyah\u0131 mermer basamak ta\u015flar\u0131 herhangi bir d\u0131\u015f mekan alan\u0131na sofistike bir g\u00f6r\u00fcn\u00fcm kazand\u0131r\u0131r.<\/span><\/p><p><span style=\"font-weight: 400;\">Ek olarak, bu mermer basamak ta\u015flar\u0131 \u00e7ok y\u00f6nl\u00fcd\u00fcr ve farkl\u0131 boyutlarda \u00fcretilir. B\u00f6ylece istedi\u011finiz \u015fekilde tasar\u0131m yapabilirsiniz. Ayr\u0131ca temizlik ve bak\u0131m\u0131 kolayd\u0131r, uzun y\u0131llar boyunca dayan\u0131kl\u0131l\u0131\u011f\u0131n\u0131 korur.<\/span><\/p><p><span style=\"font-weight: 400;\">Mermer basamak ta\u015flar\u0131, bah\u00e7enize \u015f\u0131kl\u0131k ve zarafet katacakt\u0131r. En uygun fiyatlarla kaliteli do\u011fal ta\u015f basamaklar ar\u0131yorsan\u0131z, bu \u00fcr\u00fcn tam size g\u00f6re. Hemen bizimle ileti\u015fime ge\u00e7in ve bah\u00e7enizin g\u00fczelli\u011fini tamamlamaya ba\u015flay\u0131n.<\/span><\/p><p><span style=\"font-weight: 400;\">\u00dccretsiz numune talebi ve fiyat teklifi i\u00e7in ye\u015fil butonu kullanabilirsiniz. Ayr\u0131ca online \u00f6deme ile mermer objeler de sat\u0131n al\u0131nabilir.<\/span><\/p>\t\t\t\t\t\t\t\t<\/div>\n\t\t\t\t<\/div>\n\t\t\t\t\t<\/div>\n\t\t<\/div>\n\t\t\t\t\t<\/div>\n\t\t<\/section>\n\t\t\t\t<section class=\"elementor-section elementor-top-section elementor-element elementor-element-0d75d4a elementor-section-boxed elementor-section-height-default elementor-section-height-default\" data-id=\"0d75d4a\" data-element_type=\"section\" data-e-type=\"section\">\n\t\t\t\t\t\t<div class=\"elementor-container elementor-column-gap-default\">\n\t\t\t\t\t<div class=\"elementor-column elementor-col-100 elementor-top-column elementor-element elementor-element-439709d\" data-id=\"439709d\" data-element_type=\"column\" data-e-type=\"column\">\n\t\t\t<div class=\"elementor-widget-wrap elementor-element-populated\">\n\t\t\t\t\t\t<div class=\"elementor-element elementor-element-fedd9b7 elementor-widget elementor-widget-etheme_gallery\" data-id=\"fedd9b7\" data-element_type=\"widget\" data-e-type=\"widget\" data-settings=\"{&quot;type&quot;:&quot;grid&quot;,&quot;columns&quot;:{&quot;unit&quot;:&quot;px&quot;,&quot;size&quot;:1,&quot;sizes&quot;:[]},&quot;columns_tablet&quot;:{&quot;unit&quot;:&quot;px&quot;,&quot;size&quot;:3,&quot;sizes&quot;:[]},&quot;columns_mobile&quot;:{&quot;unit&quot;:&quot;px&quot;,&quot;size&quot;:2,&quot;sizes&quot;:[]},&quot;columns_gap&quot;:{&quot;unit&quot;:&quot;px&quot;,&quot;size&quot;:10,&quot;sizes&quot;:[]},&quot;columns_gap_tablet&quot;:{&quot;unit&quot;:&quot;px&quot;,&quot;size&quot;:&quot;&quot;,&quot;sizes&quot;:[]},&quot;columns_gap_mobile&quot;:{&quot;unit&quot;:&quot;px&quot;,&quot;size&quot;:&quot;&quot;,&quot;sizes&quot;:[]},&quot;rows_gap&quot;:{&quot;unit&quot;:&quot;px&quot;,&quot;size&quot;:10,&quot;sizes&quot;:[]},&quot;rows_gap_tablet&quot;:{&quot;unit&quot;:&quot;px&quot;,&quot;size&quot;:&quot;&quot;,&quot;sizes&quot;:[]},&quot;rows_gap_mobile&quot;:{&quot;unit&quot;:&quot;px&quot;,&quot;size&quot;:&quot;&quot;,&quot;sizes&quot;:[]}}\" data-widget_type=\"etheme_gallery.default\">\n\t\t\t\t<div class=\"elementor-widget-container\">\n\t\t\t\t\t        \n        <div class=\"etheme-gallery-wrapper\">\n            \t            \n\t            <div class=\"e-gallery etheme-gallery active\" id=\"etheme-gallery-4630\" data-item-settings=\"{&quot;type&quot;:&quot;grid&quot;}\" data-uniq-id=\"4630\">\n                                <div class=\"e-gallery-item etheme-gallery-item\">\n                <div class=\"etheme-gallery-item-overlay\">\n                    <a data-elementor-open-lightbox=\"yes\" data-elementor-lightbox-slideshow=\"all-fedd9b7\" data-elementor-lightbox-title=\"8000-Step-Stones-Pineta-Black-Marble-Honed-Sandblasted-Leather-1 (1)\" data-e-action-hash=\"#elementor-action%3Aaction%3Dlightbox%26settings%3DeyJpZCI6MTgyNDYsInVybCI6Imh0dHBzOlwvXC93d3cua2FyYXJ0bWFyYmxlLmNvbVwvd3AtY29udGVudFwvdXBsb2Fkc1wvMjAyM1wvMTJcLzgwMDAtU3RlcC1TdG9uZXMtUGluZXRhLUJsYWNrLU1hcmJsZS1Ib25lZC1TYW5kYmxhc3RlZC1MZWF0aGVyLTEtMS5qcGciLCJzbGlkZXNob3ciOiJhbGwtZmVkZDliNyJ9\" class=\"e-gallery-image etheme-gallery-image elementor-gallery-item__image\" data-thumbnail=\"https:\/\/www.karartmarble.com\/wp-content\/uploads\/2023\/12\/8000-Step-Stones-Pineta-Black-Marble-Honed-Sandblasted-Leather-1-1.jpg\" data-width=\"1310\" data-height=\"734\" alt=\"bah\u00e7e ad\u0131m ta\u015f\u0131 mermer\" style=\"background-image: url(&#039;https:\/\/www.karartmarble.com\/wp-content\/uploads\/2023\/12\/8000-Step-Stones-Pineta-Black-Marble-Honed-Sandblasted-Leather-1-1.jpg&#039;)\" href=\"https:\/\/www.karartmarble.com\/wp-content\/uploads\/2023\/12\/8000-Step-Stones-Pineta-Black-Marble-Honed-Sandblasted-Leather-1-1.jpg\"><\/a>\n\t                <span class=\"etheme-gallery-item-details etheme-gallery-item-details-inside\"><span class=\"etheme-gallery-lightbox-icon\">\n            <svg version=\"1.1\" xmlns=\"http:\/\/www.w3.org\/2000\/svg\" width=\"1em\" height=\"1em\" viewBox=\"0 0 24 24\" fill=\"currentColor\">\n                <path d=\"M23.784 22.8l-6.168-6.144c1.584-1.848 2.448-4.176 2.448-6.576 0-5.52-4.488-10.032-10.032-10.032-5.52 0-10.008 4.488-10.008 10.008s4.488 10.032 10.032 10.032c2.424 0 4.728-0.864 6.576-2.472l6.168 6.144c0.144 0.144 0.312 0.216 0.48 0.216s0.336-0.072 0.456-0.192c0.144-0.12 0.216-0.288 0.24-0.48 0-0.192-0.072-0.384-0.192-0.504zM18.696 10.080c0 4.752-3.888 8.64-8.664 8.64-4.752 0-8.64-3.888-8.64-8.664 0-4.752 3.888-8.64 8.664-8.64s8.64 3.888 8.64 8.664z\"><\/path>\n            <\/svg>\n        <\/span><\/span>                <\/div>\n\t            \t                        <\/div>\n\t                    <\/div>\n                    <\/div>\n        \n        \t\t\t\t<\/div>\n\t\t\t\t<\/div>\n\t\t\t\t\t<\/div>\n\t\t<\/div>\n\t\t\t\t\t<\/div>\n\t\t<\/section>\n\t\t\t\t<section class=\"elementor-section elementor-top-section elementor-element elementor-element-d24dab3 elementor-section-boxed elementor-section-height-default elementor-section-height-default\" data-id=\"d24dab3\" data-element_type=\"section\" data-e-type=\"section\">\n\t\t\t\t\t\t<div class=\"elementor-container elementor-column-gap-default\">\n\t\t\t\t\t<div class=\"elementor-column elementor-col-100 elementor-top-column elementor-element elementor-element-aff3c06\" data-id=\"aff3c06\" data-element_type=\"column\" data-e-type=\"column\">\n\t\t\t<div class=\"elementor-widget-wrap elementor-element-populated\">\n\t\t\t\t\t\t\t<\/div>\n\t\t<\/div>\n\t\t\t\t\t<\/div>\n\t\t<\/section>\n\t\t\t\t<\/div>\n\t\t","protected":false},"excerpt":{"rendered":"[table id=235 \/]\n","protected":false},"featured_media":16052,"comment_status":"open","ping_status":"closed","template":"","meta":{"inline_featured_image":false},"etheme_brands":[{"term_id":365,"name":"karartmarble","slug":"karartmarble-tr","term_group":0,"term_taxonomy_id":365,"taxonomy":"brand","description":"","parent":0,"count":91,"filter":"raw"}],"product_brand":[],"product_cat":[398,404],"product_tag":[],"class_list":{"0":"post-15981","1":"product","2":"type-product","3":"status-publish","4":"has-post-thumbnail","6":"brand-karartmarble-tr","7":"product_cat-bahce","8":"product_cat-tum-urunler","10":"first","11":"outofstock","12":"shipping-taxable","13":"purchasable","14":"product-type-variable"},"_links":{"self":[{"href":"https:\/\/www.karartmarble.com\/tr\/wp-json\/wp\/v2\/product\/15981","targetHints":{"allow":["GET"]}}],"collection":[{"href":"https:\/\/www.karartmarble.com\/tr\/wp-json\/wp\/v2\/product"}],"about":[{"href":"https:\/\/www.karartmarble.com\/tr\/wp-json\/wp\/v2\/types\/product"}],"replies":[{"embeddable":true,"href":"https:\/\/www.karartmarble.com\/tr\/wp-json\/wp\/v2\/comments?post=15981"}],"version-history":[{"count":0,"href":"https:\/\/www.karartmarble.com\/tr\/wp-json\/wp\/v2\/product\/15981\/revisions"}],"wp:featuredmedia":[{"embeddable":true,"href":"https:\/\/www.karartmarble.com\/tr\/wp-json\/wp\/v2\/media\/16052"}],"wp:attachment":[{"href":"https:\/\/www.karartmarble.com\/tr\/wp-json\/wp\/v2\/media?parent=15981"}],"wp:term":[{"taxonomy":"brand","embeddable":true,"href":"https:\/\/www.karartmarble.com\/tr\/wp-json\/wp\/v2\/etheme_brands?post=15981"},{"taxonomy":"product_brand","embeddable":true,"href":"https:\/\/www.karartmarble.com\/tr\/wp-json\/wp\/v2\/product_brand?post=15981"},{"taxonomy":"product_cat","embeddable":true,"href":"https:\/\/www.karartmarble.com\/tr\/wp-json\/wp\/v2\/product_cat?post=15981"},{"taxonomy":"product_tag","embeddable":true,"href":"https:\/\/www.karartmarble.com\/tr\/wp-json\/wp\/v2\/product_tag?post=15981"}],"curies":[{"name":"wp","href":"https:\/\/api.w.org\/{rel}","templated":true}]}}