{"id":16121,"date":"2023-11-27T17:19:59","date_gmt":"2023-11-27T14:19:59","guid":{"rendered":"https:\/\/karartmarble.com\/?post_type=product&#038;p=16121"},"modified":"2024-06-30T14:57:41","modified_gmt":"2024-06-30T11:57:41","slug":"bahce-cim-tasi-kutup-beyazi-mermer","status":"publish","type":"product","link":"https:\/\/www.karartmarble.com\/tr\/urun\/bahce-cim-tasi-kutup-beyazi-mermer\/","title":{"rendered":"Mermer Basamak Ta\u015flar\u0131 <br><span class=\"ata_title\">Kutup Beyaz\u0131 Mermer<\/span>"},"content":{"rendered":"\t\t<div data-elementor-type=\"wp-post\" data-elementor-id=\"16121\" class=\"elementor elementor-16121 elementor-16090\" data-elementor-post-type=\"product\">\n\t\t\t\t\t\t<section class=\"elementor-section elementor-top-section elementor-element elementor-element-665d8b8 elementor-section-boxed elementor-section-height-default elementor-section-height-default\" data-id=\"665d8b8\" data-element_type=\"section\" data-e-type=\"section\">\n\t\t\t\t\t\t<div class=\"elementor-container elementor-column-gap-default\">\n\t\t\t\t\t<div class=\"elementor-column elementor-col-100 elementor-top-column elementor-element elementor-element-5f9a6ec\" data-id=\"5f9a6ec\" data-element_type=\"column\" data-e-type=\"column\">\n\t\t\t<div class=\"elementor-widget-wrap elementor-element-populated\">\n\t\t\t\t\t\t<div class=\"elementor-element elementor-element-88b77c8 elementor-widget elementor-widget-text-editor\" data-id=\"88b77c8\" data-element_type=\"widget\" data-e-type=\"widget\" data-widget_type=\"text-editor.default\">\n\t\t\t\t<div class=\"elementor-widget-container\">\n\t\t\t\t\t\t\t\t\t<h2 class=\"serp-title capitalize\"><mark>Bah\u00e7e \u00c7im Ta\u015f\u0131<\/mark>\u00a0&amp; Ad\u0131m Ta\u015f\u0131 &#8211; Kutup Beyaz\u0131 Mermer &#8211; D\u00f6\u015feme<\/h2><p class=\"pb-3 last:pb-0\">Bah\u00e7enizi Kutup Beyaz\u0131 Mermer Bah\u00e7e \u00c7im Ta\u015f\u0131 ile yenileyin! Kutup Beyaz\u0131 Mermer ile \u015f\u0131k d\u00f6\u015feme se\u00e7eneklerini ke\u015ffedin. Mermer basamak ta\u015flar\u0131 Kutup Beyaz\u0131 Mermer, bah\u00e7enize \u015f\u0131kl\u0131k ve dayan\u0131kl\u0131l\u0131k katacak.<\/p><p class=\"pb-3 last:pb-0\">Bu kaliteli mermer basamak ta\u015flar\u0131, bah\u00e7enizin \u00e7im alanlar\u0131n\u0131 d\u00fczenlemek veya ad\u0131m ta\u015flar\u0131yla estetik bir yol olu\u015fturmak i\u00e7in idealdir. Kutup Beyaz\u0131 Mermer&#8217;in beyaz zemini ve hafif beyaz damarlar\u0131, bah\u00e7enize zarif bir g\u00f6r\u00fcn\u00fcm kazand\u0131r\u0131r.<\/p><p class=\"pb-3 last:pb-0\">Bu mermer basamak ta\u015flar\u0131, honlu, kumlama ve leather y\u00fczey i\u015flemleriyle kalitesini g\u00f6sterir. Bu i\u015flemler sayesinde ta\u015flar daha \u00e7ekici hale gelirken, ayn\u0131 zamanda kaymazl\u0131k \u00f6zelli\u011fi de sa\u011flar.<\/p><p class=\"pb-3 last:pb-0\">\u00dcretimde farkl\u0131 boyut se\u00e7enekleri sunulurken, iste\u011finiz do\u011frultusunda \u00f6zel ebatlarda da \u00fcretilebilir. Kal\u0131nl\u0131k konusunda da se\u00e7enekler mevcuttur.<\/p><p class=\"pb-3 last:pb-0\">Mermer Basamak Ta\u015flar\u0131 Kutup Beyaz\u0131 Mermer, uygun fiyat aral\u0131\u011f\u0131yla bah\u00e7e tasar\u0131m\u0131n\u0131z\u0131 tamamlaman\u0131z\u0131 sa\u011flar. \u00dccretsiz numune talep edebilir veya ileti\u015fim sayfam\u0131zdan sat\u0131\u015f temsilcimize ula\u015farak sizler i\u00e7in \u00f6zel teklif haz\u0131rlayabiliriz.<\/p><p class=\"pb-3 last:pb-0\">Bah\u00e7enizin g\u00fczelli\u011fini ve pratikli\u011fini art\u0131rmak i\u00e7in hemen Mermer Basamak Ta\u015flar\u0131 Kutup Beyaz\u0131 Mermer&#8217;e g\u00f6z atabilirsiniz.<\/p>\t\t\t\t\t\t\t\t<\/div>\n\t\t\t\t<\/div>\n\t\t\t\t\t<\/div>\n\t\t<\/div>\n\t\t\t\t\t<\/div>\n\t\t<\/section>\n\t\t\t\t<section class=\"elementor-section elementor-top-section elementor-element elementor-element-0d75d4a elementor-section-boxed elementor-section-height-default elementor-section-height-default\" data-id=\"0d75d4a\" data-element_type=\"section\" data-e-type=\"section\">\n\t\t\t\t\t\t<div class=\"elementor-container elementor-column-gap-default\">\n\t\t\t\t\t<div class=\"elementor-column elementor-col-100 elementor-top-column elementor-element elementor-element-439709d\" data-id=\"439709d\" data-element_type=\"column\" data-e-type=\"column\">\n\t\t\t<div class=\"elementor-widget-wrap elementor-element-populated\">\n\t\t\t\t\t\t<div class=\"elementor-element elementor-element-fedd9b7 elementor-widget elementor-widget-etheme_gallery\" data-id=\"fedd9b7\" data-element_type=\"widget\" data-e-type=\"widget\" data-settings=\"{&quot;type&quot;:&quot;grid&quot;,&quot;columns&quot;:{&quot;unit&quot;:&quot;px&quot;,&quot;size&quot;:1,&quot;sizes&quot;:[]},&quot;columns_tablet&quot;:{&quot;unit&quot;:&quot;px&quot;,&quot;size&quot;:3,&quot;sizes&quot;:[]},&quot;columns_mobile&quot;:{&quot;unit&quot;:&quot;px&quot;,&quot;size&quot;:2,&quot;sizes&quot;:[]},&quot;columns_gap&quot;:{&quot;unit&quot;:&quot;px&quot;,&quot;size&quot;:10,&quot;sizes&quot;:[]},&quot;columns_gap_tablet&quot;:{&quot;unit&quot;:&quot;px&quot;,&quot;size&quot;:&quot;&quot;,&quot;sizes&quot;:[]},&quot;columns_gap_mobile&quot;:{&quot;unit&quot;:&quot;px&quot;,&quot;size&quot;:&quot;&quot;,&quot;sizes&quot;:[]},&quot;rows_gap&quot;:{&quot;unit&quot;:&quot;px&quot;,&quot;size&quot;:10,&quot;sizes&quot;:[]},&quot;rows_gap_tablet&quot;:{&quot;unit&quot;:&quot;px&quot;,&quot;size&quot;:&quot;&quot;,&quot;sizes&quot;:[]},&quot;rows_gap_mobile&quot;:{&quot;unit&quot;:&quot;px&quot;,&quot;size&quot;:&quot;&quot;,&quot;sizes&quot;:[]}}\" data-widget_type=\"etheme_gallery.default\">\n\t\t\t\t<div class=\"elementor-widget-container\">\n\t\t\t\t\t        \n        <div class=\"etheme-gallery-wrapper\">\n            \t            \n\t            <div class=\"e-gallery etheme-gallery active\" id=\"etheme-gallery-6039\" data-item-settings=\"{&quot;type&quot;:&quot;grid&quot;}\" data-uniq-id=\"6039\">\n                                <div class=\"e-gallery-item etheme-gallery-item\">\n                <div class=\"etheme-gallery-item-overlay\">\n                    <a data-elementor-open-lightbox=\"yes\" data-elementor-lightbox-slideshow=\"all-fedd9b7\" data-elementor-lightbox-title=\"8000-Step-Stones-Arctic-White-Marble-Honed-Sandblasted-Leather-2 (1)\" data-e-action-hash=\"#elementor-action%3Aaction%3Dlightbox%26settings%3DeyJpZCI6MjA4NTQsInVybCI6Imh0dHBzOlwvXC93d3cua2FyYXJ0bWFyYmxlLmNvbVwvd3AtY29udGVudFwvdXBsb2Fkc1wvMjAyM1wvMTJcLzgwMDAtU3RlcC1TdG9uZXMtQXJjdGljLVdoaXRlLU1hcmJsZS1Ib25lZC1TYW5kYmxhc3RlZC1MZWF0aGVyLTItMS5qcGciLCJzbGlkZXNob3ciOiJhbGwtZmVkZDliNyJ9\" class=\"e-gallery-image etheme-gallery-image elementor-gallery-item__image\" data-thumbnail=\"https:\/\/www.karartmarble.com\/wp-content\/uploads\/2023\/12\/8000-Step-Stones-Arctic-White-Marble-Honed-Sandblasted-Leather-2-1.jpg\" data-width=\"1310\" data-height=\"734\" alt=\"\" style=\"background-image: url(&#039;https:\/\/www.karartmarble.com\/wp-content\/uploads\/2023\/12\/8000-Step-Stones-Arctic-White-Marble-Honed-Sandblasted-Leather-2-1.jpg&#039;)\" href=\"https:\/\/www.karartmarble.com\/wp-content\/uploads\/2023\/12\/8000-Step-Stones-Arctic-White-Marble-Honed-Sandblasted-Leather-2-1.jpg\"><\/a>\n\t                <span class=\"etheme-gallery-item-details etheme-gallery-item-details-inside\"><span class=\"etheme-gallery-lightbox-icon\">\n            <svg version=\"1.1\" xmlns=\"http:\/\/www.w3.org\/2000\/svg\" width=\"1em\" height=\"1em\" viewBox=\"0 0 24 24\" fill=\"currentColor\">\n                <path d=\"M23.784 22.8l-6.168-6.144c1.584-1.848 2.448-4.176 2.448-6.576 0-5.52-4.488-10.032-10.032-10.032-5.52 0-10.008 4.488-10.008 10.008s4.488 10.032 10.032 10.032c2.424 0 4.728-0.864 6.576-2.472l6.168 6.144c0.144 0.144 0.312 0.216 0.48 0.216s0.336-0.072 0.456-0.192c0.144-0.12 0.216-0.288 0.24-0.48 0-0.192-0.072-0.384-0.192-0.504zM18.696 10.080c0 4.752-3.888 8.64-8.664 8.64-4.752 0-8.64-3.888-8.64-8.664 0-4.752 3.888-8.64 8.664-8.64s8.64 3.888 8.64 8.664z\"><\/path>\n            <\/svg>\n        <\/span><\/span>                <\/div>\n\t            \t                        <\/div>\n\t                    <\/div>\n                    <\/div>\n        \n        \t\t\t\t<\/div>\n\t\t\t\t<\/div>\n\t\t\t\t\t<\/div>\n\t\t<\/div>\n\t\t\t\t\t<\/div>\n\t\t<\/section>\n\t\t\t\t<section class=\"elementor-section elementor-top-section elementor-element elementor-element-d24dab3 elementor-section-boxed elementor-section-height-default elementor-section-height-default\" data-id=\"d24dab3\" data-element_type=\"section\" data-e-type=\"section\">\n\t\t\t\t\t\t<div class=\"elementor-container elementor-column-gap-default\">\n\t\t\t\t\t<div class=\"elementor-column elementor-col-100 elementor-top-column elementor-element elementor-element-aff3c06\" data-id=\"aff3c06\" data-element_type=\"column\" data-e-type=\"column\">\n\t\t\t<div class=\"elementor-widget-wrap elementor-element-populated\">\n\t\t\t\t\t\t\t<\/div>\n\t\t<\/div>\n\t\t\t\t\t<\/div>\n\t\t<\/section>\n\t\t\t\t<\/div>\n\t\t","protected":false},"excerpt":{"rendered":"[table id=159 \/]\n","protected":false},"featured_media":16153,"comment_status":"open","ping_status":"closed","template":"","meta":{"inline_featured_image":false},"etheme_brands":[{"term_id":365,"name":"karartmarble","slug":"karartmarble-tr","term_group":0,"term_taxonomy_id":365,"taxonomy":"brand","description":"","parent":0,"count":91,"filter":"raw"}],"product_brand":[],"product_cat":[398,404],"product_tag":[],"class_list":{"0":"post-16121","1":"product","2":"type-product","3":"status-publish","4":"has-post-thumbnail","6":"brand-karartmarble-tr","7":"product_cat-bahce","8":"product_cat-tum-urunler","10":"first","11":"outofstock","12":"shipping-taxable","13":"purchasable","14":"product-type-variable"},"_links":{"self":[{"href":"https:\/\/www.karartmarble.com\/tr\/wp-json\/wp\/v2\/product\/16121","targetHints":{"allow":["GET"]}}],"collection":[{"href":"https:\/\/www.karartmarble.com\/tr\/wp-json\/wp\/v2\/product"}],"about":[{"href":"https:\/\/www.karartmarble.com\/tr\/wp-json\/wp\/v2\/types\/product"}],"replies":[{"embeddable":true,"href":"https:\/\/www.karartmarble.com\/tr\/wp-json\/wp\/v2\/comments?post=16121"}],"version-history":[{"count":0,"href":"https:\/\/www.karartmarble.com\/tr\/wp-json\/wp\/v2\/product\/16121\/revisions"}],"wp:featuredmedia":[{"embeddable":true,"href":"https:\/\/www.karartmarble.com\/tr\/wp-json\/wp\/v2\/media\/16153"}],"wp:attachment":[{"href":"https:\/\/www.karartmarble.com\/tr\/wp-json\/wp\/v2\/media?parent=16121"}],"wp:term":[{"taxonomy":"brand","embeddable":true,"href":"https:\/\/www.karartmarble.com\/tr\/wp-json\/wp\/v2\/etheme_brands?post=16121"},{"taxonomy":"product_brand","embeddable":true,"href":"https:\/\/www.karartmarble.com\/tr\/wp-json\/wp\/v2\/product_brand?post=16121"},{"taxonomy":"product_cat","embeddable":true,"href":"https:\/\/www.karartmarble.com\/tr\/wp-json\/wp\/v2\/product_cat?post=16121"},{"taxonomy":"product_tag","embeddable":true,"href":"https:\/\/www.karartmarble.com\/tr\/wp-json\/wp\/v2\/product_tag?post=16121"}],"curies":[{"name":"wp","href":"https:\/\/api.w.org\/{rel}","templated":true}]}}