{"id":16225,"date":"2023-11-27T17:30:09","date_gmt":"2023-11-27T14:30:09","guid":{"rendered":"https:\/\/karartmarble.com\/?post_type=product&#038;p=16225"},"modified":"2024-06-30T14:08:49","modified_gmt":"2024-06-30T11:08:49","slug":"mermer-basamak-taslari-mugla-beyazi-mermer","status":"publish","type":"product","link":"https:\/\/www.karartmarble.com\/tr\/urun\/mermer-basamak-taslari-mugla-beyazi-mermer\/","title":{"rendered":"Mermer Basamak Ta\u015flar\u0131 <br><span class=\"ata_title\">Mu\u011fla Beyaz\u0131 Mermer<\/span>"},"content":{"rendered":"\t\t<div data-elementor-type=\"wp-post\" data-elementor-id=\"16225\" class=\"elementor elementor-16225 elementor-16194\" data-elementor-post-type=\"product\">\n\t\t\t\t\t\t<section class=\"elementor-section elementor-top-section elementor-element elementor-element-8e0d794 elementor-section-boxed elementor-section-height-default elementor-section-height-default\" data-id=\"8e0d794\" data-element_type=\"section\" data-e-type=\"section\">\n\t\t\t\t\t\t<div class=\"elementor-container elementor-column-gap-default\">\n\t\t\t\t\t<div class=\"elementor-column elementor-col-100 elementor-top-column elementor-element elementor-element-1386e90\" data-id=\"1386e90\" data-element_type=\"column\" data-e-type=\"column\">\n\t\t\t<div class=\"elementor-widget-wrap elementor-element-populated\">\n\t\t\t\t\t\t<div class=\"elementor-element elementor-element-ce7baad elementor-widget elementor-widget-text-editor\" data-id=\"ce7baad\" data-element_type=\"widget\" data-e-type=\"widget\" data-widget_type=\"text-editor.default\">\n\t\t\t\t<div class=\"elementor-widget-container\">\n\t\t\t\t\t\t\t\t\t<h2>Mu\u011fla Beyaz\u0131 Mermer &amp; Mermer Basamak Ta\u015flar\u0131\u00a0<\/h2><p class=\"pb-3 last:pb-0\">Mu\u011fla beyaz\u0131 mermer basamak ta\u015flar\u0131 ile bah\u00e7enizi ve mekanlar\u0131n\u0131z\u0131 g\u00f6z al\u0131c\u0131 bir \u015fekilde g\u00fczelle\u015ftirin. En kaliteli do\u011fal ta\u015f \u00fcr\u00fcnlerimizi ke\u015ffedin ve hemen sipari\u015f verin!<\/p><p class=\"pb-3 last:pb-0\">Mu\u011fla Beyaz\u0131 Mermer ile tasarlanan bu mermer basamak ta\u015flar\u0131, beyaz zemin \u00fczerinde hafif beyaz damarlarla dikkat \u00e7ekiyor. Y\u00fczey i\u015flemi olarak honlu, kumlama ve leather tekni\u011fi kullan\u0131larak \u00f6zenle i\u015flenmi\u015ftir.<\/p><p class=\"pb-3 last:pb-0\">Bu basamak ta\u015flar\u0131, \u00f6zellikle basamak alanlar\u0131 i\u00e7in idealdir. \u015e\u0131k ve dayan\u0131kl\u0131 yap\u0131s\u0131 sayesinde uzun y\u0131llar boyunca dayan\u0131kl\u0131l\u0131\u011f\u0131n\u0131 korur. Bah\u00e7elerinizde, havuz kenarlar\u0131nda veya banyolar\u0131n\u0131zda kullanabilirsiniz.<\/p><p class=\"pb-3 last:pb-0\">Fiyat aral\u0131\u011f\u0131 $28.00 \/m\u00b2 ile $41.00 \/m\u00b2 aras\u0131nda de\u011fi\u015fmektedir. Farkl\u0131 boyut se\u00e7enekleri mevcuttur: 30&#215;30, 30&#215;60, 40&#215;60, 40&#215;80, 60&#215;120 veya istenilen \u00f6l\u00e7\u00fclerde \u00fcretilebilir.<\/p><p class=\"pb-3 last:pb-0\">\u00dcr\u00fcn\u00fc sat\u0131n almadan \u00f6nce \u00fccretsiz numune talep edebilir ve fiyat teklifi alabilirsiniz.<\/p><p class=\"pb-3 last:pb-0\">G\u00f6rseldeki \u00fcr\u00fcnler temsilidir. Ger\u00e7ek \u00fcr\u00fcnlerde renk ve desenlerde hafif farkl\u0131l\u0131klar olabilir.<\/p><p class=\"pb-3 last:pb-0\">Bah\u00e7enize ve mekanlar\u0131n\u0131za \u015f\u0131kl\u0131k katmak i\u00e7in hemen Mermer Basamak Ta\u015flar\u0131 Mu\u011fla Beyaz\u0131 Mermer &#8211; Do\u011fal Ta\u015f&#8217;\u0131 tercih edin!<\/p>\t\t\t\t\t\t\t\t<\/div>\n\t\t\t\t<\/div>\n\t\t\t\t\t<\/div>\n\t\t<\/div>\n\t\t\t\t\t<\/div>\n\t\t<\/section>\n\t\t\t\t<section class=\"elementor-section elementor-top-section elementor-element elementor-element-0d75d4a elementor-section-boxed elementor-section-height-default elementor-section-height-default\" data-id=\"0d75d4a\" data-element_type=\"section\" data-e-type=\"section\">\n\t\t\t\t\t\t<div class=\"elementor-container elementor-column-gap-default\">\n\t\t\t\t\t<div class=\"elementor-column elementor-col-100 elementor-top-column elementor-element elementor-element-439709d\" data-id=\"439709d\" data-element_type=\"column\" data-e-type=\"column\">\n\t\t\t<div class=\"elementor-widget-wrap elementor-element-populated\">\n\t\t\t\t\t\t<div class=\"elementor-element elementor-element-fedd9b7 elementor-widget elementor-widget-etheme_gallery\" data-id=\"fedd9b7\" data-element_type=\"widget\" data-e-type=\"widget\" data-settings=\"{&quot;type&quot;:&quot;grid&quot;,&quot;columns&quot;:{&quot;unit&quot;:&quot;px&quot;,&quot;size&quot;:3,&quot;sizes&quot;:[]},&quot;columns_tablet&quot;:{&quot;unit&quot;:&quot;px&quot;,&quot;size&quot;:3,&quot;sizes&quot;:[]},&quot;columns_mobile&quot;:{&quot;unit&quot;:&quot;px&quot;,&quot;size&quot;:2,&quot;sizes&quot;:[]},&quot;columns_gap&quot;:{&quot;unit&quot;:&quot;px&quot;,&quot;size&quot;:10,&quot;sizes&quot;:[]},&quot;columns_gap_tablet&quot;:{&quot;unit&quot;:&quot;px&quot;,&quot;size&quot;:&quot;&quot;,&quot;sizes&quot;:[]},&quot;columns_gap_mobile&quot;:{&quot;unit&quot;:&quot;px&quot;,&quot;size&quot;:&quot;&quot;,&quot;sizes&quot;:[]},&quot;rows_gap&quot;:{&quot;unit&quot;:&quot;px&quot;,&quot;size&quot;:10,&quot;sizes&quot;:[]},&quot;rows_gap_tablet&quot;:{&quot;unit&quot;:&quot;px&quot;,&quot;size&quot;:&quot;&quot;,&quot;sizes&quot;:[]},&quot;rows_gap_mobile&quot;:{&quot;unit&quot;:&quot;px&quot;,&quot;size&quot;:&quot;&quot;,&quot;sizes&quot;:[]}}\" data-widget_type=\"etheme_gallery.default\">\n\t\t\t\t<div class=\"elementor-widget-container\">\n\t\t\t\t\t<div class=\"elementor-panel-alert elementor-panel-alert-elementor-panel-alert-warning\">Please, add images to create gallery<\/div>\t\t\t\t<\/div>\n\t\t\t\t<\/div>\n\t\t\t\t\t<\/div>\n\t\t<\/div>\n\t\t\t\t\t<\/div>\n\t\t<\/section>\n\t\t\t\t<section class=\"elementor-section elementor-top-section elementor-element elementor-element-d24dab3 elementor-section-boxed elementor-section-height-default elementor-section-height-default\" data-id=\"d24dab3\" data-element_type=\"section\" data-e-type=\"section\">\n\t\t\t\t\t\t<div class=\"elementor-container elementor-column-gap-default\">\n\t\t\t\t\t<div class=\"elementor-column elementor-col-100 elementor-top-column elementor-element elementor-element-aff3c06\" data-id=\"aff3c06\" data-element_type=\"column\" data-e-type=\"column\">\n\t\t\t<div class=\"elementor-widget-wrap elementor-element-populated\">\n\t\t\t\t\t\t\t<\/div>\n\t\t<\/div>\n\t\t\t\t\t<\/div>\n\t\t<\/section>\n\t\t\t\t<\/div>\n\t\t","protected":false},"excerpt":{"rendered":"[table id=237 \/]\n","protected":false},"featured_media":16319,"comment_status":"open","ping_status":"closed","template":"","meta":{"inline_featured_image":false},"etheme_brands":[{"term_id":365,"name":"karartmarble","slug":"karartmarble-tr","term_group":0,"term_taxonomy_id":365,"taxonomy":"brand","description":"","parent":0,"count":91,"filter":"raw"}],"product_brand":[],"product_cat":[398,404],"product_tag":[],"class_list":{"0":"post-16225","1":"product","2":"type-product","3":"status-publish","4":"has-post-thumbnail","6":"brand-karartmarble-tr","7":"product_cat-bahce","8":"product_cat-tum-urunler","10":"first","11":"outofstock","12":"shipping-taxable","13":"purchasable","14":"product-type-variable"},"_links":{"self":[{"href":"https:\/\/www.karartmarble.com\/tr\/wp-json\/wp\/v2\/product\/16225","targetHints":{"allow":["GET"]}}],"collection":[{"href":"https:\/\/www.karartmarble.com\/tr\/wp-json\/wp\/v2\/product"}],"about":[{"href":"https:\/\/www.karartmarble.com\/tr\/wp-json\/wp\/v2\/types\/product"}],"replies":[{"embeddable":true,"href":"https:\/\/www.karartmarble.com\/tr\/wp-json\/wp\/v2\/comments?post=16225"}],"version-history":[{"count":0,"href":"https:\/\/www.karartmarble.com\/tr\/wp-json\/wp\/v2\/product\/16225\/revisions"}],"wp:featuredmedia":[{"embeddable":true,"href":"https:\/\/www.karartmarble.com\/tr\/wp-json\/wp\/v2\/media\/16319"}],"wp:attachment":[{"href":"https:\/\/www.karartmarble.com\/tr\/wp-json\/wp\/v2\/media?parent=16225"}],"wp:term":[{"taxonomy":"brand","embeddable":true,"href":"https:\/\/www.karartmarble.com\/tr\/wp-json\/wp\/v2\/etheme_brands?post=16225"},{"taxonomy":"product_brand","embeddable":true,"href":"https:\/\/www.karartmarble.com\/tr\/wp-json\/wp\/v2\/product_brand?post=16225"},{"taxonomy":"product_cat","embeddable":true,"href":"https:\/\/www.karartmarble.com\/tr\/wp-json\/wp\/v2\/product_cat?post=16225"},{"taxonomy":"product_tag","embeddable":true,"href":"https:\/\/www.karartmarble.com\/tr\/wp-json\/wp\/v2\/product_tag?post=16225"}],"curies":[{"name":"wp","href":"https:\/\/api.w.org\/{rel}","templated":true}]}}