{"id":16287,"date":"2023-11-27T17:30:41","date_gmt":"2023-11-27T14:30:41","guid":{"rendered":"https:\/\/karartmarble.com\/?post_type=product&#038;p=16287"},"modified":"2024-06-29T17:08:16","modified_gmt":"2024-06-29T14:08:16","slug":"dis-mekan-kaldirim-taslari-mugla-siyahi-mermer","status":"publish","type":"product","link":"https:\/\/www.karartmarble.com\/tr\/urun\/dis-mekan-kaldirim-taslari-mugla-siyahi-mermer\/","title":{"rendered":"D\u0131\u015f Mekan Kald\u0131r\u0131m Ta\u015flar\u0131 <br><span class=\"ata_title\">Mu\u011fla Siyah\u0131 Mermer<\/span>"},"content":{"rendered":"\t\t<div data-elementor-type=\"wp-post\" data-elementor-id=\"16287\" class=\"elementor elementor-16287 elementor-16256\" data-elementor-post-type=\"product\">\n\t\t\t\t\t\t<section class=\"elementor-section elementor-top-section elementor-element elementor-element-e563a6c elementor-section-boxed elementor-section-height-default elementor-section-height-default\" data-id=\"e563a6c\" data-element_type=\"section\" data-e-type=\"section\">\n\t\t\t\t\t\t<div class=\"elementor-container elementor-column-gap-default\">\n\t\t\t\t\t<div class=\"elementor-column elementor-col-100 elementor-top-column elementor-element elementor-element-a3348bd\" data-id=\"a3348bd\" data-element_type=\"column\" data-e-type=\"column\">\n\t\t\t<div class=\"elementor-widget-wrap elementor-element-populated\">\n\t\t\t\t\t\t<div class=\"elementor-element elementor-element-fc871e7 elementor-widget elementor-widget-text-editor\" data-id=\"fc871e7\" data-element_type=\"widget\" data-e-type=\"widget\" data-widget_type=\"text-editor.default\">\n\t\t\t\t<div class=\"elementor-widget-container\">\n\t\t\t\t\t\t\t\t\t<h2>Carrera Mermer D\u00f6\u015femesi &#8211; D\u0131\u015f Mekan Zemin Kaplama Mu\u011fla Siyah\u0131 Mermer<\/h2><p>D\u0131\u015f mekan alanlar\u0131n\u0131z\u0131 Carrera mermer d\u00f6\u015femesi ve Mu\u011fla Siyah\u0131 Mermer ile d\u00f6n\u00fc\u015ft\u00fcr\u00fcn. Zarif ve dayan\u0131kl\u0131 tasar\u0131m\u0131yla g\u00f6z al\u0131c\u0131 d\u0131\u015f mekanlar yarat\u0131n.<\/p><p>Mu\u011fla Siyah\u0131 Mermer d\u0131\u015f mekan d\u00f6\u015femeleri, bah\u00e7enize veya verandan\u0131za sofistike bir dokunu\u015f katmak i\u00e7in m\u00fckemmel bir se\u00e7imdir. Beyaz zemin \u00fczerine hafif beyaz damarlar\u0131yla, bu mermer d\u00f6\u015feme hem modern hem de klasik tarzlar\u0131 m\u00fckemmel bir \u015fekilde tamamlar. Y\u00fczey i\u015flemleri aras\u0131nda <strong>honlanm\u0131\u015f, kumlanm\u0131\u015f<\/strong> ve <strong>leather<\/strong> se\u00e7enekleri bulunur. B\u00f6ylece istedi\u011finiz g\u00f6r\u00fcn\u00fcm\u00fc ve dokuyu se\u00e7ebilirsiniz.<\/p><p>Bu bah\u00e7e ad\u0131m ta\u015f\u0131 sadece estetik a\u00e7\u0131dan de\u011fil, ayn\u0131 zamanda dayan\u0131kl\u0131l\u0131k a\u00e7\u0131s\u0131ndan da \u00fcst\u00fcnd\u00fcr. Zorlu hava ko\u015fullar\u0131na kar\u015f\u0131 diren\u00e7li yap\u0131s\u0131yla uzun \u00f6m\u00fcrl\u00fcd\u00fcr ve zamanla g\u00fczelli\u011fini korur. Bah\u00e7e ad\u0131m ta\u015f\u0131 ve kald\u0131r\u0131m ta\u015f\u0131 d\u00f6\u015femeleri gibi \u00e7e\u015fitli alanlarda kullan\u0131labilir, b\u00f6ylece d\u0131\u015f mekan\u0131n\u0131z\u0131 tamamen yeniden \u015fekillendirme \u00f6zg\u00fcrl\u00fc\u011f\u00fcne sahip olursunuz.<\/p><p>Mu\u011fla Siyah\u0131 Mermer bah\u00e7e ad\u0131m ta\u015f\u0131 fiyatlar\u0131 $26.00 ile $39.00 aras\u0131nda de\u011fi\u015fen fiyatlarla sunulmaktad\u0131r, bu da onu kaliteli ve eri\u015filebilir bir se\u00e7enek haline getirir. Bah\u00e7enizde \u015f\u0131kl\u0131\u011f\u0131 ve dayan\u0131kl\u0131l\u0131\u011f\u0131 bir arada sunarak de\u011fer katar.<\/p><p>D\u0131\u015f mekanlar\u0131n\u0131z\u0131 benzersiz bir zarafetle yeniden tasarlamak i\u00e7in mermer kald\u0131r\u0131m ta\u015flar\u0131n\u0131 ve bah\u00e7e ad\u0131m ta\u015flar\u0131n\u0131 tercih edin. \u015eimdi sipari\u015f verin ve d\u0131\u015f mekanlar\u0131n\u0131za zarif bir dokunu\u015f kat\u0131n!<\/p>\t\t\t\t\t\t\t\t<\/div>\n\t\t\t\t<\/div>\n\t\t\t\t\t<\/div>\n\t\t<\/div>\n\t\t\t\t\t<\/div>\n\t\t<\/section>\n\t\t\t\t<section class=\"elementor-section elementor-top-section elementor-element elementor-element-0d75d4a elementor-section-boxed elementor-section-height-default elementor-section-height-default\" data-id=\"0d75d4a\" data-element_type=\"section\" data-e-type=\"section\">\n\t\t\t\t\t\t<div class=\"elementor-container elementor-column-gap-default\">\n\t\t\t\t\t<div class=\"elementor-column elementor-col-100 elementor-top-column elementor-element elementor-element-439709d\" data-id=\"439709d\" data-element_type=\"column\" data-e-type=\"column\">\n\t\t\t<div class=\"elementor-widget-wrap elementor-element-populated\">\n\t\t\t\t\t\t<div class=\"elementor-element elementor-element-fedd9b7 elementor-widget elementor-widget-etheme_gallery\" data-id=\"fedd9b7\" data-element_type=\"widget\" data-e-type=\"widget\" data-settings=\"{&quot;type&quot;:&quot;grid&quot;,&quot;columns&quot;:{&quot;unit&quot;:&quot;px&quot;,&quot;size&quot;:2,&quot;sizes&quot;:[]},&quot;columns_tablet&quot;:{&quot;unit&quot;:&quot;px&quot;,&quot;size&quot;:3,&quot;sizes&quot;:[]},&quot;columns_mobile&quot;:{&quot;unit&quot;:&quot;px&quot;,&quot;size&quot;:2,&quot;sizes&quot;:[]},&quot;columns_gap&quot;:{&quot;unit&quot;:&quot;px&quot;,&quot;size&quot;:10,&quot;sizes&quot;:[]},&quot;columns_gap_tablet&quot;:{&quot;unit&quot;:&quot;px&quot;,&quot;size&quot;:&quot;&quot;,&quot;sizes&quot;:[]},&quot;columns_gap_mobile&quot;:{&quot;unit&quot;:&quot;px&quot;,&quot;size&quot;:&quot;&quot;,&quot;sizes&quot;:[]},&quot;rows_gap&quot;:{&quot;unit&quot;:&quot;px&quot;,&quot;size&quot;:10,&quot;sizes&quot;:[]},&quot;rows_gap_tablet&quot;:{&quot;unit&quot;:&quot;px&quot;,&quot;size&quot;:&quot;&quot;,&quot;sizes&quot;:[]},&quot;rows_gap_mobile&quot;:{&quot;unit&quot;:&quot;px&quot;,&quot;size&quot;:&quot;&quot;,&quot;sizes&quot;:[]}}\" data-widget_type=\"etheme_gallery.default\">\n\t\t\t\t<div class=\"elementor-widget-container\">\n\t\t\t\t\t        \n        <div class=\"etheme-gallery-wrapper\">\n            \t            \n\t            <div class=\"e-gallery etheme-gallery active\" id=\"etheme-gallery-4608\" data-item-settings=\"{&quot;type&quot;:&quot;grid&quot;}\" data-uniq-id=\"4608\">\n                                <div class=\"e-gallery-item etheme-gallery-item\">\n                <div class=\"etheme-gallery-item-overlay\">\n                    <a data-elementor-open-lightbox=\"yes\" data-elementor-lightbox-slideshow=\"all-fedd9b7\" data-elementor-lightbox-title=\"8000-Grass-Pavers-Pineta-Black-Marble-Honed-Sandblasted-Leather-1\" data-e-action-hash=\"#elementor-action%3Aaction%3Dlightbox%26settings%3DeyJpZCI6MjA4MDksInVybCI6Imh0dHBzOlwvXC93d3cua2FyYXJ0bWFyYmxlLmNvbVwvd3AtY29udGVudFwvdXBsb2Fkc1wvMjAyM1wvMTJcLzgwMDAtR3Jhc3MtUGF2ZXJzLVBpbmV0YS1CbGFjay1NYXJibGUtSG9uZWQtU2FuZGJsYXN0ZWQtTGVhdGhlci0xLmpwZyIsInNsaWRlc2hvdyI6ImFsbC1mZWRkOWI3In0%3D\" class=\"e-gallery-image etheme-gallery-image elementor-gallery-item__image\" data-thumbnail=\"https:\/\/www.karartmarble.com\/wp-content\/uploads\/2023\/12\/8000-Grass-Pavers-Pineta-Black-Marble-Honed-Sandblasted-Leather-1.jpg\" data-width=\"1310\" data-height=\"734\" alt=\"\" style=\"background-image: url(&#039;https:\/\/www.karartmarble.com\/wp-content\/uploads\/2023\/12\/8000-Grass-Pavers-Pineta-Black-Marble-Honed-Sandblasted-Leather-1.jpg&#039;)\" href=\"https:\/\/www.karartmarble.com\/wp-content\/uploads\/2023\/12\/8000-Grass-Pavers-Pineta-Black-Marble-Honed-Sandblasted-Leather-1.jpg\"><\/a>\n\t                <span class=\"etheme-gallery-item-details etheme-gallery-item-details-inside\"><span class=\"etheme-gallery-lightbox-icon\">\n            <svg version=\"1.1\" xmlns=\"http:\/\/www.w3.org\/2000\/svg\" width=\"1em\" height=\"1em\" viewBox=\"0 0 24 24\" fill=\"currentColor\">\n                <path d=\"M23.784 22.8l-6.168-6.144c1.584-1.848 2.448-4.176 2.448-6.576 0-5.52-4.488-10.032-10.032-10.032-5.52 0-10.008 4.488-10.008 10.008s4.488 10.032 10.032 10.032c2.424 0 4.728-0.864 6.576-2.472l6.168 6.144c0.144 0.144 0.312 0.216 0.48 0.216s0.336-0.072 0.456-0.192c0.144-0.12 0.216-0.288 0.24-0.48 0-0.192-0.072-0.384-0.192-0.504zM18.696 10.080c0 4.752-3.888 8.64-8.664 8.64-4.752 0-8.64-3.888-8.64-8.664 0-4.752 3.888-8.64 8.664-8.64s8.64 3.888 8.64 8.664z\"><\/path>\n            <\/svg>\n        <\/span><\/span>                <\/div>\n\t            \t                        <\/div>\n\t                <div class=\"e-gallery-item etheme-gallery-item\">\n                <div class=\"etheme-gallery-item-overlay\">\n                    <a data-elementor-open-lightbox=\"yes\" data-elementor-lightbox-slideshow=\"all-fedd9b7\" data-elementor-lightbox-title=\"8000-Grass-Pavers-Pineta-Black-Marble-Honed-Sandblasted-Leather-2\" data-e-action-hash=\"#elementor-action%3Aaction%3Dlightbox%26settings%3DeyJpZCI6MjA4MTEsInVybCI6Imh0dHBzOlwvXC93d3cua2FyYXJ0bWFyYmxlLmNvbVwvd3AtY29udGVudFwvdXBsb2Fkc1wvMjAyM1wvMTJcLzgwMDAtR3Jhc3MtUGF2ZXJzLVBpbmV0YS1CbGFjay1NYXJibGUtSG9uZWQtU2FuZGJsYXN0ZWQtTGVhdGhlci0yLmpwZyIsInNsaWRlc2hvdyI6ImFsbC1mZWRkOWI3In0%3D\" class=\"e-gallery-image etheme-gallery-image elementor-gallery-item__image\" data-thumbnail=\"https:\/\/www.karartmarble.com\/wp-content\/uploads\/2023\/12\/8000-Grass-Pavers-Pineta-Black-Marble-Honed-Sandblasted-Leather-2.jpg\" data-width=\"1310\" data-height=\"734\" alt=\"\" style=\"background-image: url(&#039;https:\/\/www.karartmarble.com\/wp-content\/uploads\/2023\/12\/8000-Grass-Pavers-Pineta-Black-Marble-Honed-Sandblasted-Leather-2.jpg&#039;)\" href=\"https:\/\/www.karartmarble.com\/wp-content\/uploads\/2023\/12\/8000-Grass-Pavers-Pineta-Black-Marble-Honed-Sandblasted-Leather-2.jpg\"><\/a>\n\t                <span class=\"etheme-gallery-item-details etheme-gallery-item-details-inside\"><span class=\"etheme-gallery-lightbox-icon\">\n            <svg version=\"1.1\" xmlns=\"http:\/\/www.w3.org\/2000\/svg\" width=\"1em\" height=\"1em\" viewBox=\"0 0 24 24\" fill=\"currentColor\">\n                <path d=\"M23.784 22.8l-6.168-6.144c1.584-1.848 2.448-4.176 2.448-6.576 0-5.52-4.488-10.032-10.032-10.032-5.52 0-10.008 4.488-10.008 10.008s4.488 10.032 10.032 10.032c2.424 0 4.728-0.864 6.576-2.472l6.168 6.144c0.144 0.144 0.312 0.216 0.48 0.216s0.336-0.072 0.456-0.192c0.144-0.12 0.216-0.288 0.24-0.48 0-0.192-0.072-0.384-0.192-0.504zM18.696 10.080c0 4.752-3.888 8.64-8.664 8.64-4.752 0-8.64-3.888-8.64-8.664 0-4.752 3.888-8.64 8.664-8.64s8.64 3.888 8.64 8.664z\"><\/path>\n            <\/svg>\n        <\/span><\/span>                <\/div>\n\t            \t                        <\/div>\n\t                    <\/div>\n                    <\/div>\n        \n        \t\t\t\t<\/div>\n\t\t\t\t<\/div>\n\t\t\t\t\t<\/div>\n\t\t<\/div>\n\t\t\t\t\t<\/div>\n\t\t<\/section>\n\t\t\t\t<section class=\"elementor-section elementor-top-section elementor-element elementor-element-d24dab3 elementor-section-boxed elementor-section-height-default elementor-section-height-default\" data-id=\"d24dab3\" data-element_type=\"section\" data-e-type=\"section\">\n\t\t\t\t\t\t<div class=\"elementor-container elementor-column-gap-default\">\n\t\t\t\t\t<div class=\"elementor-column elementor-col-100 elementor-top-column elementor-element elementor-element-aff3c06\" data-id=\"aff3c06\" data-element_type=\"column\" data-e-type=\"column\">\n\t\t\t<div class=\"elementor-widget-wrap elementor-element-populated\">\n\t\t\t\t\t\t\t<\/div>\n\t\t<\/div>\n\t\t\t\t\t<\/div>\n\t\t<\/section>\n\t\t\t\t<\/div>\n\t\t","protected":false},"excerpt":{"rendered":"[table id=239 \/]\n","protected":false},"featured_media":16356,"comment_status":"open","ping_status":"closed","template":"","meta":{"inline_featured_image":false},"etheme_brands":[{"term_id":365,"name":"karartmarble","slug":"karartmarble-tr","term_group":0,"term_taxonomy_id":365,"taxonomy":"brand","description":"","parent":0,"count":91,"filter":"raw"}],"product_brand":[],"product_cat":[398,404],"product_tag":[],"class_list":{"0":"post-16287","1":"product","2":"type-product","3":"status-publish","4":"has-post-thumbnail","6":"brand-karartmarble-tr","7":"product_cat-bahce","8":"product_cat-tum-urunler","10":"first","11":"outofstock","12":"shipping-taxable","13":"purchasable","14":"product-type-variable"},"_links":{"self":[{"href":"https:\/\/www.karartmarble.com\/tr\/wp-json\/wp\/v2\/product\/16287","targetHints":{"allow":["GET"]}}],"collection":[{"href":"https:\/\/www.karartmarble.com\/tr\/wp-json\/wp\/v2\/product"}],"about":[{"href":"https:\/\/www.karartmarble.com\/tr\/wp-json\/wp\/v2\/types\/product"}],"replies":[{"embeddable":true,"href":"https:\/\/www.karartmarble.com\/tr\/wp-json\/wp\/v2\/comments?post=16287"}],"version-history":[{"count":0,"href":"https:\/\/www.karartmarble.com\/tr\/wp-json\/wp\/v2\/product\/16287\/revisions"}],"wp:featuredmedia":[{"embeddable":true,"href":"https:\/\/www.karartmarble.com\/tr\/wp-json\/wp\/v2\/media\/16356"}],"wp:attachment":[{"href":"https:\/\/www.karartmarble.com\/tr\/wp-json\/wp\/v2\/media?parent=16287"}],"wp:term":[{"taxonomy":"brand","embeddable":true,"href":"https:\/\/www.karartmarble.com\/tr\/wp-json\/wp\/v2\/etheme_brands?post=16287"},{"taxonomy":"product_brand","embeddable":true,"href":"https:\/\/www.karartmarble.com\/tr\/wp-json\/wp\/v2\/product_brand?post=16287"},{"taxonomy":"product_cat","embeddable":true,"href":"https:\/\/www.karartmarble.com\/tr\/wp-json\/wp\/v2\/product_cat?post=16287"},{"taxonomy":"product_tag","embeddable":true,"href":"https:\/\/www.karartmarble.com\/tr\/wp-json\/wp\/v2\/product_tag?post=16287"}],"curies":[{"name":"wp","href":"https:\/\/api.w.org\/{rel}","templated":true}]}}