{"id":17486,"date":"2023-12-03T16:04:33","date_gmt":"2023-12-03T13:04:33","guid":{"rendered":"https:\/\/karartmarble.com\/?post_type=product&#038;p=17486"},"modified":"2024-07-21T16:38:57","modified_gmt":"2024-07-21T13:38:57","slug":"mermer-basamak-mugla-beyazi","status":"publish","type":"product","link":"https:\/\/www.karartmarble.com\/tr\/urun\/mermer-basamak-mugla-beyazi\/","title":{"rendered":"Mermer Basamak <br><span class=\"ata_title\">Mu\u011fla Beyaz\u0131 <\/span>"},"content":{"rendered":"\t\t<div data-elementor-type=\"wp-post\" data-elementor-id=\"17486\" class=\"elementor elementor-17486 elementor-17455\" data-elementor-post-type=\"product\">\n\t\t\t\t\t\t<section class=\"elementor-section elementor-top-section elementor-element elementor-element-0d75d4a elementor-section-boxed elementor-section-height-default elementor-section-height-default\" data-id=\"0d75d4a\" data-element_type=\"section\" data-e-type=\"section\">\n\t\t\t\t\t\t<div class=\"elementor-container elementor-column-gap-default\">\n\t\t\t\t\t<div class=\"elementor-column elementor-col-100 elementor-top-column elementor-element elementor-element-439709d\" data-id=\"439709d\" data-element_type=\"column\" data-e-type=\"column\">\n\t\t\t<div class=\"elementor-widget-wrap elementor-element-populated\">\n\t\t\t\t\t\t<div class=\"elementor-element elementor-element-fedd9b7 elementor-widget elementor-widget-etheme_gallery\" data-id=\"fedd9b7\" data-element_type=\"widget\" data-e-type=\"widget\" data-settings=\"{&quot;type&quot;:&quot;grid&quot;,&quot;columns&quot;:{&quot;unit&quot;:&quot;px&quot;,&quot;size&quot;:3,&quot;sizes&quot;:[]},&quot;columns_tablet&quot;:{&quot;unit&quot;:&quot;px&quot;,&quot;size&quot;:3,&quot;sizes&quot;:[]},&quot;columns_mobile&quot;:{&quot;unit&quot;:&quot;px&quot;,&quot;size&quot;:2,&quot;sizes&quot;:[]},&quot;columns_gap&quot;:{&quot;unit&quot;:&quot;px&quot;,&quot;size&quot;:10,&quot;sizes&quot;:[]},&quot;columns_gap_tablet&quot;:{&quot;unit&quot;:&quot;px&quot;,&quot;size&quot;:&quot;&quot;,&quot;sizes&quot;:[]},&quot;columns_gap_mobile&quot;:{&quot;unit&quot;:&quot;px&quot;,&quot;size&quot;:&quot;&quot;,&quot;sizes&quot;:[]},&quot;rows_gap&quot;:{&quot;unit&quot;:&quot;px&quot;,&quot;size&quot;:10,&quot;sizes&quot;:[]},&quot;rows_gap_tablet&quot;:{&quot;unit&quot;:&quot;px&quot;,&quot;size&quot;:&quot;&quot;,&quot;sizes&quot;:[]},&quot;rows_gap_mobile&quot;:{&quot;unit&quot;:&quot;px&quot;,&quot;size&quot;:&quot;&quot;,&quot;sizes&quot;:[]}}\" data-widget_type=\"etheme_gallery.default\">\n\t\t\t\t<div class=\"elementor-widget-container\">\n\t\t\t\t\t        \n        <div class=\"etheme-gallery-wrapper\">\n            \t            \n\t            <div class=\"e-gallery etheme-gallery active\" id=\"etheme-gallery-127\" data-item-settings=\"{&quot;type&quot;:&quot;grid&quot;}\" data-uniq-id=\"127\">\n                                <div class=\"e-gallery-item etheme-gallery-item\">\n                <div class=\"etheme-gallery-item-overlay\">\n                    <a data-elementor-open-lightbox=\"yes\" data-elementor-lightbox-slideshow=\"all-fedd9b7\" data-elementor-lightbox-title=\"3000-Snow-White-Marble-Stairs-polished-honed-1-1-scaled\" data-e-action-hash=\"#elementor-action%3Aaction%3Dlightbox%26settings%3DeyJpZCI6MjAwOTAsInVybCI6Imh0dHBzOlwvXC93d3cua2FyYXJ0bWFyYmxlLmNvbVwvd3AtY29udGVudFwvdXBsb2Fkc1wvMjAyM1wvMTJcLzMwMDAtU25vdy1XaGl0ZS1NYXJibGUtU3RhaXJzLXBvbGlzaGVkLWhvbmVkLTEtMS1zY2FsZWQtMS5qcGciLCJzbGlkZXNob3ciOiJhbGwtZmVkZDliNyJ9\" class=\"e-gallery-image etheme-gallery-image elementor-gallery-item__image\" data-thumbnail=\"https:\/\/www.karartmarble.com\/wp-content\/uploads\/2023\/12\/3000-Snow-White-Marble-Stairs-polished-honed-1-1-scaled-1.jpg\" data-width=\"2560\" data-height=\"1707\" alt=\"\" style=\"background-image: url(&#039;https:\/\/www.karartmarble.com\/wp-content\/uploads\/2023\/12\/3000-Snow-White-Marble-Stairs-polished-honed-1-1-scaled-1.jpg&#039;)\" href=\"https:\/\/www.karartmarble.com\/wp-content\/uploads\/2023\/12\/3000-Snow-White-Marble-Stairs-polished-honed-1-1-scaled-1.jpg\"><\/a>\n\t                <span class=\"etheme-gallery-item-details etheme-gallery-item-details-inside\"><span class=\"etheme-gallery-lightbox-icon\">\n            <svg version=\"1.1\" xmlns=\"http:\/\/www.w3.org\/2000\/svg\" width=\"1em\" height=\"1em\" viewBox=\"0 0 24 24\" fill=\"currentColor\">\n                <path d=\"M23.784 22.8l-6.168-6.144c1.584-1.848 2.448-4.176 2.448-6.576 0-5.52-4.488-10.032-10.032-10.032-5.52 0-10.008 4.488-10.008 10.008s4.488 10.032 10.032 10.032c2.424 0 4.728-0.864 6.576-2.472l6.168 6.144c0.144 0.144 0.312 0.216 0.48 0.216s0.336-0.072 0.456-0.192c0.144-0.12 0.216-0.288 0.24-0.48 0-0.192-0.072-0.384-0.192-0.504zM18.696 10.080c0 4.752-3.888 8.64-8.664 8.64-4.752 0-8.64-3.888-8.64-8.664 0-4.752 3.888-8.64 8.664-8.64s8.64 3.888 8.64 8.664z\"><\/path>\n            <\/svg>\n        <\/span><\/span>                <\/div>\n\t            \t                        <\/div>\n\t                <div class=\"e-gallery-item etheme-gallery-item\">\n                <div class=\"etheme-gallery-item-overlay\">\n                    <a data-elementor-open-lightbox=\"yes\" data-elementor-lightbox-slideshow=\"all-fedd9b7\" data-elementor-lightbox-title=\"Interior, hall with staircase\" data-e-action-hash=\"#elementor-action%3Aaction%3Dlightbox%26settings%3DeyJpZCI6MjAwODAsInVybCI6Imh0dHBzOlwvXC93d3cua2FyYXJ0bWFyYmxlLmNvbVwvd3AtY29udGVudFwvdXBsb2Fkc1wvMjAyM1wvMTJcLzMwMDAtU25vdy1XaGl0ZS1NYXJibGUtU3RhaXJzLXBvbGlzaGVkLWhvbmVkLTItc2NhbGVkLTEuanBnIiwic2xpZGVzaG93IjoiYWxsLWZlZGQ5YjcifQ%3D%3D\" class=\"e-gallery-image etheme-gallery-image elementor-gallery-item__image\" data-thumbnail=\"https:\/\/www.karartmarble.com\/wp-content\/uploads\/2023\/12\/3000-Snow-White-Marble-Stairs-polished-honed-2-scaled-1.jpg\" data-width=\"2560\" data-height=\"1708\" alt=\"snow white stair marble\" style=\"background-image: url(&#039;https:\/\/www.karartmarble.com\/wp-content\/uploads\/2023\/12\/3000-Snow-White-Marble-Stairs-polished-honed-2-scaled-1.jpg&#039;)\" href=\"https:\/\/www.karartmarble.com\/wp-content\/uploads\/2023\/12\/3000-Snow-White-Marble-Stairs-polished-honed-2-scaled-1.jpg\"><\/a>\n\t                <span class=\"etheme-gallery-item-details etheme-gallery-item-details-inside\"><span class=\"etheme-gallery-lightbox-icon\">\n            <svg version=\"1.1\" xmlns=\"http:\/\/www.w3.org\/2000\/svg\" width=\"1em\" height=\"1em\" viewBox=\"0 0 24 24\" fill=\"currentColor\">\n                <path d=\"M23.784 22.8l-6.168-6.144c1.584-1.848 2.448-4.176 2.448-6.576 0-5.52-4.488-10.032-10.032-10.032-5.52 0-10.008 4.488-10.008 10.008s4.488 10.032 10.032 10.032c2.424 0 4.728-0.864 6.576-2.472l6.168 6.144c0.144 0.144 0.312 0.216 0.48 0.216s0.336-0.072 0.456-0.192c0.144-0.12 0.216-0.288 0.24-0.48 0-0.192-0.072-0.384-0.192-0.504zM18.696 10.080c0 4.752-3.888 8.64-8.664 8.64-4.752 0-8.64-3.888-8.64-8.664 0-4.752 3.888-8.64 8.664-8.64s8.64 3.888 8.64 8.664z\"><\/path>\n            <\/svg>\n        <\/span><\/span>                <\/div>\n\t            \t                        <\/div>\n\t                <div class=\"e-gallery-item etheme-gallery-item\">\n                <div class=\"etheme-gallery-item-overlay\">\n                    <a data-elementor-open-lightbox=\"yes\" data-elementor-lightbox-slideshow=\"all-fedd9b7\" data-elementor-lightbox-title=\"3000-Snow-White-Marble-Stairs-polished-honed-7 (1)\" data-e-action-hash=\"#elementor-action%3Aaction%3Dlightbox%26settings%3DeyJpZCI6MjAwODIsInVybCI6Imh0dHBzOlwvXC93d3cua2FyYXJ0bWFyYmxlLmNvbVwvd3AtY29udGVudFwvdXBsb2Fkc1wvMjAyM1wvMTJcLzMwMDAtU25vdy1XaGl0ZS1NYXJibGUtU3RhaXJzLXBvbGlzaGVkLWhvbmVkLTctMS5qcGciLCJzbGlkZXNob3ciOiJhbGwtZmVkZDliNyJ9\" class=\"e-gallery-image etheme-gallery-image elementor-gallery-item__image\" data-thumbnail=\"https:\/\/www.karartmarble.com\/wp-content\/uploads\/2023\/12\/3000-Snow-White-Marble-Stairs-polished-honed-7-1.jpg\" data-width=\"1600\" data-height=\"900\" alt=\"\" style=\"background-image: url(&#039;https:\/\/www.karartmarble.com\/wp-content\/uploads\/2023\/12\/3000-Snow-White-Marble-Stairs-polished-honed-7-1.jpg&#039;)\" href=\"https:\/\/www.karartmarble.com\/wp-content\/uploads\/2023\/12\/3000-Snow-White-Marble-Stairs-polished-honed-7-1.jpg\"><\/a>\n\t                <span class=\"etheme-gallery-item-details etheme-gallery-item-details-inside\"><span class=\"etheme-gallery-lightbox-icon\">\n            <svg version=\"1.1\" xmlns=\"http:\/\/www.w3.org\/2000\/svg\" width=\"1em\" height=\"1em\" viewBox=\"0 0 24 24\" fill=\"currentColor\">\n                <path d=\"M23.784 22.8l-6.168-6.144c1.584-1.848 2.448-4.176 2.448-6.576 0-5.52-4.488-10.032-10.032-10.032-5.52 0-10.008 4.488-10.008 10.008s4.488 10.032 10.032 10.032c2.424 0 4.728-0.864 6.576-2.472l6.168 6.144c0.144 0.144 0.312 0.216 0.48 0.216s0.336-0.072 0.456-0.192c0.144-0.12 0.216-0.288 0.24-0.48 0-0.192-0.072-0.384-0.192-0.504zM18.696 10.080c0 4.752-3.888 8.64-8.664 8.64-4.752 0-8.64-3.888-8.64-8.664 0-4.752 3.888-8.64 8.664-8.64s8.64 3.888 8.64 8.664z\"><\/path>\n            <\/svg>\n        <\/span><\/span>                <\/div>\n\t            \t                        <\/div>\n\t                <div class=\"e-gallery-item etheme-gallery-item\">\n                <div class=\"etheme-gallery-item-overlay\">\n                    <a data-elementor-open-lightbox=\"yes\" data-elementor-lightbox-slideshow=\"all-fedd9b7\" data-elementor-lightbox-title=\"3000-Snow-White-Marble-Stairs-polished-honed-6 (1)\" data-e-action-hash=\"#elementor-action%3Aaction%3Dlightbox%26settings%3DeyJpZCI6MjAwODQsInVybCI6Imh0dHBzOlwvXC93d3cua2FyYXJ0bWFyYmxlLmNvbVwvd3AtY29udGVudFwvdXBsb2Fkc1wvMjAyM1wvMTJcLzMwMDAtU25vdy1XaGl0ZS1NYXJibGUtU3RhaXJzLXBvbGlzaGVkLWhvbmVkLTYtMS5qcGciLCJzbGlkZXNob3ciOiJhbGwtZmVkZDliNyJ9\" class=\"e-gallery-image etheme-gallery-image elementor-gallery-item__image\" data-thumbnail=\"https:\/\/www.karartmarble.com\/wp-content\/uploads\/2023\/12\/3000-Snow-White-Marble-Stairs-polished-honed-6-1.jpg\" data-width=\"946\" data-height=\"576\" alt=\"\" style=\"background-image: url(&#039;https:\/\/www.karartmarble.com\/wp-content\/uploads\/2023\/12\/3000-Snow-White-Marble-Stairs-polished-honed-6-1.jpg&#039;)\" href=\"https:\/\/www.karartmarble.com\/wp-content\/uploads\/2023\/12\/3000-Snow-White-Marble-Stairs-polished-honed-6-1.jpg\"><\/a>\n\t                <span class=\"etheme-gallery-item-details etheme-gallery-item-details-inside\"><span class=\"etheme-gallery-lightbox-icon\">\n            <svg version=\"1.1\" xmlns=\"http:\/\/www.w3.org\/2000\/svg\" width=\"1em\" height=\"1em\" viewBox=\"0 0 24 24\" fill=\"currentColor\">\n                <path d=\"M23.784 22.8l-6.168-6.144c1.584-1.848 2.448-4.176 2.448-6.576 0-5.52-4.488-10.032-10.032-10.032-5.52 0-10.008 4.488-10.008 10.008s4.488 10.032 10.032 10.032c2.424 0 4.728-0.864 6.576-2.472l6.168 6.144c0.144 0.144 0.312 0.216 0.48 0.216s0.336-0.072 0.456-0.192c0.144-0.12 0.216-0.288 0.24-0.48 0-0.192-0.072-0.384-0.192-0.504zM18.696 10.080c0 4.752-3.888 8.64-8.664 8.64-4.752 0-8.64-3.888-8.64-8.664 0-4.752 3.888-8.64 8.664-8.64s8.64 3.888 8.64 8.664z\"><\/path>\n            <\/svg>\n        <\/span><\/span>                <\/div>\n\t            \t                        <\/div>\n\t                <div class=\"e-gallery-item etheme-gallery-item\">\n                <div class=\"etheme-gallery-item-overlay\">\n                    <a data-elementor-open-lightbox=\"yes\" data-elementor-lightbox-slideshow=\"all-fedd9b7\" data-elementor-lightbox-title=\"3000-Snow-White-Marble-Stairs-polished-honed-5 (1)\" data-e-action-hash=\"#elementor-action%3Aaction%3Dlightbox%26settings%3DeyJpZCI6MjAwODYsInVybCI6Imh0dHBzOlwvXC93d3cua2FyYXJ0bWFyYmxlLmNvbVwvd3AtY29udGVudFwvdXBsb2Fkc1wvMjAyM1wvMTJcLzMwMDAtU25vdy1XaGl0ZS1NYXJibGUtU3RhaXJzLXBvbGlzaGVkLWhvbmVkLTUtMS5qcGciLCJzbGlkZXNob3ciOiJhbGwtZmVkZDliNyJ9\" class=\"e-gallery-image etheme-gallery-image elementor-gallery-item__image\" data-thumbnail=\"https:\/\/www.karartmarble.com\/wp-content\/uploads\/2023\/12\/3000-Snow-White-Marble-Stairs-polished-honed-5-1.jpg\" data-width=\"1024\" data-height=\"576\" alt=\"\" style=\"background-image: url(&#039;https:\/\/www.karartmarble.com\/wp-content\/uploads\/2023\/12\/3000-Snow-White-Marble-Stairs-polished-honed-5-1.jpg&#039;)\" href=\"https:\/\/www.karartmarble.com\/wp-content\/uploads\/2023\/12\/3000-Snow-White-Marble-Stairs-polished-honed-5-1.jpg\"><\/a>\n\t                <span class=\"etheme-gallery-item-details etheme-gallery-item-details-inside\"><span class=\"etheme-gallery-lightbox-icon\">\n            <svg version=\"1.1\" xmlns=\"http:\/\/www.w3.org\/2000\/svg\" width=\"1em\" height=\"1em\" viewBox=\"0 0 24 24\" fill=\"currentColor\">\n                <path d=\"M23.784 22.8l-6.168-6.144c1.584-1.848 2.448-4.176 2.448-6.576 0-5.52-4.488-10.032-10.032-10.032-5.52 0-10.008 4.488-10.008 10.008s4.488 10.032 10.032 10.032c2.424 0 4.728-0.864 6.576-2.472l6.168 6.144c0.144 0.144 0.312 0.216 0.48 0.216s0.336-0.072 0.456-0.192c0.144-0.12 0.216-0.288 0.24-0.48 0-0.192-0.072-0.384-0.192-0.504zM18.696 10.080c0 4.752-3.888 8.64-8.664 8.64-4.752 0-8.64-3.888-8.64-8.664 0-4.752 3.888-8.64 8.664-8.64s8.64 3.888 8.64 8.664z\"><\/path>\n            <\/svg>\n        <\/span><\/span>                <\/div>\n\t            \t                        <\/div>\n\t                <div class=\"e-gallery-item etheme-gallery-item\">\n                <div class=\"etheme-gallery-item-overlay\">\n                    <a data-elementor-open-lightbox=\"yes\" data-elementor-lightbox-slideshow=\"all-fedd9b7\" data-elementor-lightbox-title=\"3000-Snow-White-Marble-Stairs-polished-honed-4 (1)\" data-e-action-hash=\"#elementor-action%3Aaction%3Dlightbox%26settings%3DeyJpZCI6MjAwODgsInVybCI6Imh0dHBzOlwvXC93d3cua2FyYXJ0bWFyYmxlLmNvbVwvd3AtY29udGVudFwvdXBsb2Fkc1wvMjAyM1wvMTJcLzMwMDAtU25vdy1XaGl0ZS1NYXJibGUtU3RhaXJzLXBvbGlzaGVkLWhvbmVkLTQtMS5qcGciLCJzbGlkZXNob3ciOiJhbGwtZmVkZDliNyJ9\" class=\"e-gallery-image etheme-gallery-image elementor-gallery-item__image\" data-thumbnail=\"https:\/\/www.karartmarble.com\/wp-content\/uploads\/2023\/12\/3000-Snow-White-Marble-Stairs-polished-honed-4-1.jpg\" data-width=\"1024\" data-height=\"576\" alt=\"\" style=\"background-image: url(&#039;https:\/\/www.karartmarble.com\/wp-content\/uploads\/2023\/12\/3000-Snow-White-Marble-Stairs-polished-honed-4-1.jpg&#039;)\" href=\"https:\/\/www.karartmarble.com\/wp-content\/uploads\/2023\/12\/3000-Snow-White-Marble-Stairs-polished-honed-4-1.jpg\"><\/a>\n\t                <span class=\"etheme-gallery-item-details etheme-gallery-item-details-inside\"><span class=\"etheme-gallery-lightbox-icon\">\n            <svg version=\"1.1\" xmlns=\"http:\/\/www.w3.org\/2000\/svg\" width=\"1em\" height=\"1em\" viewBox=\"0 0 24 24\" fill=\"currentColor\">\n                <path d=\"M23.784 22.8l-6.168-6.144c1.584-1.848 2.448-4.176 2.448-6.576 0-5.52-4.488-10.032-10.032-10.032-5.52 0-10.008 4.488-10.008 10.008s4.488 10.032 10.032 10.032c2.424 0 4.728-0.864 6.576-2.472l6.168 6.144c0.144 0.144 0.312 0.216 0.48 0.216s0.336-0.072 0.456-0.192c0.144-0.12 0.216-0.288 0.24-0.48 0-0.192-0.072-0.384-0.192-0.504zM18.696 10.080c0 4.752-3.888 8.64-8.664 8.64-4.752 0-8.64-3.888-8.64-8.664 0-4.752 3.888-8.64 8.664-8.64s8.64 3.888 8.64 8.664z\"><\/path>\n            <\/svg>\n        <\/span><\/span>                <\/div>\n\t            \t                        <\/div>\n\t                    <\/div>\n                    <\/div>\n        \n        \t\t\t\t<\/div>\n\t\t\t\t<\/div>\n\t\t\t\t\t<\/div>\n\t\t<\/div>\n\t\t\t\t\t<\/div>\n\t\t<\/section>\n\t\t\t\t<section class=\"elementor-section elementor-top-section elementor-element elementor-element-d24dab3 elementor-section-boxed elementor-section-height-default elementor-section-height-default\" data-id=\"d24dab3\" data-element_type=\"section\" data-e-type=\"section\">\n\t\t\t\t\t\t<div class=\"elementor-container elementor-column-gap-default\">\n\t\t\t\t\t<div class=\"elementor-column elementor-col-100 elementor-top-column elementor-element elementor-element-aff3c06\" data-id=\"aff3c06\" data-element_type=\"column\" data-e-type=\"column\">\n\t\t\t<div class=\"elementor-widget-wrap elementor-element-populated\">\n\t\t\t\t\t\t<div class=\"elementor-element elementor-element-852d143 elementor-widget elementor-widget-text-editor\" data-id=\"852d143\" data-element_type=\"widget\" data-e-type=\"widget\" data-widget_type=\"text-editor.default\">\n\t\t\t\t<div class=\"elementor-widget-container\">\n\t\t\t\t\t\t\t\t\t<h2>Mu\u011fla Beyaz\u0131 Mermer Merdiven &#8211; T\u00fcm Y\u00fczeyler<\/h2><p>Evinizde, otellerinizde ya da akl\u0131n\u0131za gelebilecek her yerde rahatl\u0131kla tercih edebilece\u011finiz, parlak y\u00fczeyi ve g\u00f6z al\u0131c\u0131 beyaz\u0131yla <strong>beyaz mermer basamaklar<\/strong> ile mekanlar\u0131n\u0131zdaki basamaklar\u0131 \u00e7ok daha dayan\u0131kl\u0131 ve \u00e7ok daha dikkat \u00e7ekici hale getirebilirsiniz.<\/p><p>Mermer merdivenler \u00e7e\u015fitli \u015fekillerde olabilir: d\u00fcz, sarmal, spiral veya u\u00e7an merdivenler. Klasik ya da ultra-modern tarzda, korkuluklarla tamamlanm\u0131\u015f ya da taban boyunca LED&#8217;lerle ayd\u0131nlat\u0131lm\u0131\u015f olabilirler.<\/p><p>Bir evin \u00fcst katlar\u0131na ula\u015fmak i\u00e7in kullan\u0131lan k\u00fc\u00e7\u00fck merdivenler veya villalar ya da oteller i\u00e7in an\u0131tsal merdivenler olabilirler. Merdiveni olu\u015fturan basamaklar, tarz\u0131n\u0131 karakterize eden merdiven basamaklar\u0131na ve y\u00fckselticilerine uygulanacak \u00e7e\u015fitli y\u00fczeylere sahip olabilir.<\/p><p>Mermerin en g\u00fczel yan\u0131 do\u011fal bir ta\u015f olmas\u0131d\u0131r, bu da y\u00fcksek d\u00fczeyde dayan\u0131kl\u0131l\u0131\u011fa sahip oldu\u011fu ve g\u00fcvenilir oldu\u011fu anlam\u0131na gelir. Mekanik hasar ve a\u015f\u0131nma ve y\u0131pranma nedeniyle do\u011fal olarak olu\u015facak darbeler gibi d\u0131\u015f etkenlere kar\u015f\u0131 dayan\u0131kl\u0131 olan <strong>\u00e7ok sa\u011flam bir basamak malzemesidir<\/strong>. Basamaklar\u0131n\u0131z \u00e7ok fazla yaya trafi\u011fine maruz kalaca\u011f\u0131 i\u00e7in dayan\u0131kl\u0131l\u0131k \u00e7ok \u00f6nemlidir. Mermer, dayan\u0131kl\u0131l\u0131k a\u00e7\u0131s\u0131ndan m\u00fckemmel bir se\u00e7enektir ve bak\u0131m\u0131 iyi yap\u0131ld\u0131\u011f\u0131nda <strong>uzun vadeli<\/strong> ak\u0131ll\u0131 bir yat\u0131r\u0131md\u0131r.<\/p><p><strong>Beyaz mermer merdiven<\/strong> modellerinin \u00f6zellikle <strong>saraylarda<\/strong> ve <strong>konaklarda<\/strong> yayg\u0131n olarak kullan\u0131l\u0131yor olmas\u0131, bak\u0131m\u0131n\u0131n kraliyet muamelesi gerektirdi\u011fi anlam\u0131na gelmez.<\/p><h2 class=\"serp-title capitalize\"><mark>Beyaz Mermer Basamak<\/mark> Uygulamas\u0131 &#8211; Fiyat Ve Modelleri<\/h2><p class=\"editor_editorParagraph__isQNM\" dir=\"ltr\">Zarif tasar\u0131m ve dayan\u0131kl\u0131 yap\u0131s\u0131yla<strong> beyaz mermer basamak<\/strong>, evinizin merdiven ve basamaklar\u0131na l\u00fcks bir dokunu\u015f kat\u0131yor. <strong>Do\u011fal beyaz rengi<\/strong> ve <strong>hafif damarl\u0131 deseniyle<\/strong> her mekana \u0131\u015f\u0131lt\u0131 ve sofistike bir hava getiren bu mermer basamaklar, uzun \u00f6m\u00fcrl\u00fc kullan\u0131m i\u00e7in m\u00fckemmel bir se\u00e7im.<\/p><p class=\"editor_editorParagraph__isQNM\" dir=\"ltr\"><strong>\ud83d\udd37 \u00d6ne \u00c7\u0131kan \u00d6zellikler:<\/strong><br \/>\u2022 Do\u011fal beyaz renk, hafif damarl\u0131 desen<br \/>\u2022 Y\u00fcksek dayan\u0131kl\u0131l\u0131k ve uzun \u00f6m\u00fcr<br \/>\u2022 Kolay temizlik ve bak\u0131m<br \/>\u2022 \u0130\u00e7 ve d\u0131\u015f mekan kullan\u0131m\u0131na uygun<br \/>\u2022 \u00d6zelle\u015ftirilebilir boyut se\u00e7enekleri<\/p><p class=\"editor_editorParagraph__isQNM\" dir=\"ltr\"><strong>Mu\u011fla Beyaz\u0131 Mermer Basamak<\/strong>, evinizin merdivenlerini sadece bir ge\u00e7i\u015f alan\u0131 olmaktan \u00e7\u0131kar\u0131p, g\u00f6z al\u0131c\u0131 bir tasar\u0131m unsuruna d\u00f6n\u00fc\u015ft\u00fcr\u00fcr. Do\u011fal ta\u015f\u0131n sa\u011flaml\u0131\u011f\u0131 ile modern esteti\u011fi birle\u015ftiren bu basamaklar, yo\u011fun kullan\u0131ma dayan\u0131kl\u0131 yap\u0131s\u0131yla uzun y\u0131llar boyunca ilk g\u00fcnk\u00fc g\u00f6r\u00fcn\u00fcm\u00fcn\u00fc korur.<\/p><h2 class=\"editor_editorParagraph__isQNM\" dir=\"ltr\">Beyaz Mermer Basamak &amp; Merdiven Avantajlar\u0131<\/h2><p class=\"editor_editorParagraph__isQNM\" dir=\"ltr\">Bu mermer basamaklar, klasik villalardan modern apartmanlara kadar her t\u00fcr mimari stile uyum sa\u011flar. \u0130\u00e7 mekanlarda \u015f\u0131k bir g\u00f6r\u00fcn\u00fcm sunarken, d\u0131\u015f mekanlarda hava ko\u015fullar\u0131na kar\u015f\u0131 dayan\u0131kl\u0131l\u0131k g\u00f6sterir. T\u00fcm y\u00fczey se\u00e7enekleriyle, tercih etti\u011finiz g\u00f6r\u00fcn\u00fcm\u00fc elde edebilirsiniz.<\/p><p class=\"editor_editorParagraph__isQNM\" dir=\"ltr\">Bak\u0131m\u0131 olduk\u00e7a kolayd\u0131r; d\u00fczenli olarak nemli bir bezle silinmesi ve ara s\u0131ra pH n\u00f6tr bir temizleyiciyle temizlenmesi yeterlidir. \u00d6zel koruyucu \u00fcr\u00fcnlerle kaplanarak leke direnci art\u0131r\u0131labilir ve parlakl\u0131\u011f\u0131 uzun s\u00fcre korunabilir.<\/p><p class=\"editor_editorParagraph__isQNM\" dir=\"ltr\"><strong>\ud83d\udd36 Teknik \u00d6zellikler:<\/strong><br \/>\u2022 Renk: Beyaz zemin, hafif beyaz damarlar<br \/>\u2022 Y\u00fczey \u0130\u015flemi: Cilal\u0131 veya honlu<br \/>\u2022 Kullan\u0131m Alan\u0131: \u0130\u00e7 ve d\u0131\u015f mekan merdivenler<br \/>\u2022 Boyutlar: \u0130ste\u011fe g\u00f6re \u00f6zelle\u015ftirilebilir<br \/>\u2022 Kal\u0131nl\u0131k: 2-5 cm aras\u0131 se\u00e7enekler<\/p><p class=\"editor_editorParagraph__isQNM\" dir=\"ltr\"><strong>Mu\u011fla Beyaz Mermer Basamak<\/strong> ile merdiven ve basamaklar\u0131n\u0131za hem estetik hem de fonksiyonel bir yat\u0131r\u0131m yap\u0131n. Do\u011fal ta\u015f\u0131n zarafeti ve dayan\u0131kl\u0131l\u0131\u011f\u0131yla mekanlar\u0131n\u0131z\u0131 auras\u0131n\u0131 y\u00fckseltin.<\/p>\t\t\t\t\t\t\t\t<\/div>\n\t\t\t\t<\/div>\n\t\t\t\t\t<\/div>\n\t\t<\/div>\n\t\t\t\t\t<\/div>\n\t\t<\/section>\n\t\t\t\t<\/div>\n\t\t","protected":false},"excerpt":{"rendered":"[table id=179 \/]\n","protected":false},"featured_media":17642,"comment_status":"open","ping_status":"closed","template":"","meta":{"inline_featured_image":false},"etheme_brands":[{"term_id":365,"name":"karartmarble","slug":"karartmarble-tr","term_group":0,"term_taxonomy_id":365,"taxonomy":"brand","description":"","parent":0,"count":91,"filter":"raw"}],"product_brand":[],"product_cat":[403,404],"product_tag":[],"class_list":{"0":"post-17486","1":"product","2":"type-product","3":"status-publish","4":"has-post-thumbnail","6":"brand-karartmarble-tr","7":"product_cat-basamaklar","8":"product_cat-tum-urunler","10":"first","11":"outofstock","12":"shipping-taxable","13":"purchasable","14":"product-type-variable"},"_links":{"self":[{"href":"https:\/\/www.karartmarble.com\/tr\/wp-json\/wp\/v2\/product\/17486","targetHints":{"allow":["GET"]}}],"collection":[{"href":"https:\/\/www.karartmarble.com\/tr\/wp-json\/wp\/v2\/product"}],"about":[{"href":"https:\/\/www.karartmarble.com\/tr\/wp-json\/wp\/v2\/types\/product"}],"replies":[{"embeddable":true,"href":"https:\/\/www.karartmarble.com\/tr\/wp-json\/wp\/v2\/comments?post=17486"}],"version-history":[{"count":0,"href":"https:\/\/www.karartmarble.com\/tr\/wp-json\/wp\/v2\/product\/17486\/revisions"}],"wp:featuredmedia":[{"embeddable":true,"href":"https:\/\/www.karartmarble.com\/tr\/wp-json\/wp\/v2\/media\/17642"}],"wp:attachment":[{"href":"https:\/\/www.karartmarble.com\/tr\/wp-json\/wp\/v2\/media?parent=17486"}],"wp:term":[{"taxonomy":"brand","embeddable":true,"href":"https:\/\/www.karartmarble.com\/tr\/wp-json\/wp\/v2\/etheme_brands?post=17486"},{"taxonomy":"product_brand","embeddable":true,"href":"https:\/\/www.karartmarble.com\/tr\/wp-json\/wp\/v2\/product_brand?post=17486"},{"taxonomy":"product_cat","embeddable":true,"href":"https:\/\/www.karartmarble.com\/tr\/wp-json\/wp\/v2\/product_cat?post=17486"},{"taxonomy":"product_tag","embeddable":true,"href":"https:\/\/www.karartmarble.com\/tr\/wp-json\/wp\/v2\/product_tag?post=17486"}],"curies":[{"name":"wp","href":"https:\/\/api.w.org\/{rel}","templated":true}]}}