{"id":19758,"date":"2025-07-25T00:42:00","date_gmt":"2025-07-24T21:42:00","guid":{"rendered":"https:\/\/karartmarble.com\/?post_type=product&#038;p=19758"},"modified":"2024-07-27T16:16:34","modified_gmt":"2024-07-27T13:16:34","slug":"mugla-siyahi-mermer-plaka-cilali-honlu","status":"publish","type":"product","link":"https:\/\/www.karartmarble.com\/tr\/urun\/mugla-siyahi-mermer-plaka-cilali-honlu\/","title":{"rendered":"Mu\u011fla Siyah\u0131 Mermer Plaka <br><span class=\"ata_title\">Cilal\u0131 &#038; Honlu \u2013 A\u00e7\u0131k Seleksiyon<\/span>"},"content":{"rendered":"\t\t<div data-elementor-type=\"wp-post\" data-elementor-id=\"19758\" class=\"elementor elementor-19758 elementor-19727\" data-elementor-post-type=\"product\">\n\t\t\t\t\t\t<section class=\"elementor-section elementor-top-section elementor-element elementor-element-0d75d4a elementor-section-boxed elementor-section-height-default elementor-section-height-default\" data-id=\"0d75d4a\" data-element_type=\"section\" data-e-type=\"section\">\n\t\t\t\t\t\t<div class=\"elementor-container elementor-column-gap-default\">\n\t\t\t\t\t<div class=\"elementor-column elementor-col-100 elementor-top-column elementor-element elementor-element-439709d\" data-id=\"439709d\" data-element_type=\"column\" data-e-type=\"column\">\n\t\t\t<div class=\"elementor-widget-wrap elementor-element-populated\">\n\t\t\t\t\t\t<div class=\"elementor-element elementor-element-fedd9b7 elementor-widget elementor-widget-etheme_gallery\" data-id=\"fedd9b7\" data-element_type=\"widget\" data-e-type=\"widget\" data-settings=\"{&quot;type&quot;:&quot;grid&quot;,&quot;columns&quot;:{&quot;unit&quot;:&quot;px&quot;,&quot;size&quot;:3,&quot;sizes&quot;:[]},&quot;columns_tablet&quot;:{&quot;unit&quot;:&quot;px&quot;,&quot;size&quot;:3,&quot;sizes&quot;:[]},&quot;columns_mobile&quot;:{&quot;unit&quot;:&quot;px&quot;,&quot;size&quot;:2,&quot;sizes&quot;:[]},&quot;columns_gap&quot;:{&quot;unit&quot;:&quot;px&quot;,&quot;size&quot;:10,&quot;sizes&quot;:[]},&quot;columns_gap_tablet&quot;:{&quot;unit&quot;:&quot;px&quot;,&quot;size&quot;:&quot;&quot;,&quot;sizes&quot;:[]},&quot;columns_gap_mobile&quot;:{&quot;unit&quot;:&quot;px&quot;,&quot;size&quot;:&quot;&quot;,&quot;sizes&quot;:[]},&quot;rows_gap&quot;:{&quot;unit&quot;:&quot;px&quot;,&quot;size&quot;:10,&quot;sizes&quot;:[]},&quot;rows_gap_tablet&quot;:{&quot;unit&quot;:&quot;px&quot;,&quot;size&quot;:&quot;&quot;,&quot;sizes&quot;:[]},&quot;rows_gap_mobile&quot;:{&quot;unit&quot;:&quot;px&quot;,&quot;size&quot;:&quot;&quot;,&quot;sizes&quot;:[]}}\" data-widget_type=\"etheme_gallery.default\">\n\t\t\t\t<div class=\"elementor-widget-container\">\n\t\t\t\t\t        \n        <div class=\"etheme-gallery-wrapper\">\n            \t            \n\t            <div class=\"e-gallery etheme-gallery active\" id=\"etheme-gallery-6541\" data-item-settings=\"{&quot;type&quot;:&quot;grid&quot;}\" data-uniq-id=\"6541\">\n                                <div class=\"e-gallery-item etheme-gallery-item\">\n                <div class=\"etheme-gallery-item-overlay\">\n                    <a data-elementor-open-lightbox=\"yes\" data-elementor-lightbox-slideshow=\"all-fedd9b7\" data-elementor-lightbox-title=\"0000-Pineta-Black-Marble-Dark-Polished-Honed-Best-2-1 (1)\" data-e-action-hash=\"#elementor-action%3Aaction%3Dlightbox%26settings%3DeyJpZCI6MTk5NjUsInVybCI6Imh0dHBzOlwvXC93d3cua2FyYXJ0bWFyYmxlLmNvbVwvd3AtY29udGVudFwvdXBsb2Fkc1wvMjAyM1wvMTJcLzAwMDAtUGluZXRhLUJsYWNrLU1hcmJsZS1EYXJrLVBvbGlzaGVkLUhvbmVkLUJlc3QtMi0xLTEtMS5qcGciLCJzbGlkZXNob3ciOiJhbGwtZmVkZDliNyJ9\" class=\"e-gallery-image etheme-gallery-image elementor-gallery-item__image\" data-thumbnail=\"https:\/\/www.karartmarble.com\/wp-content\/uploads\/2023\/12\/0000-Pineta-Black-Marble-Dark-Polished-Honed-Best-2-1-1-1.jpg\" data-width=\"2100\" data-height=\"1575\" alt=\"\" style=\"background-image: url(&#039;https:\/\/www.karartmarble.com\/wp-content\/uploads\/2023\/12\/0000-Pineta-Black-Marble-Dark-Polished-Honed-Best-2-1-1-1.jpg&#039;)\" href=\"https:\/\/www.karartmarble.com\/wp-content\/uploads\/2023\/12\/0000-Pineta-Black-Marble-Dark-Polished-Honed-Best-2-1-1-1.jpg\"><\/a>\n\t                <span class=\"etheme-gallery-item-details etheme-gallery-item-details-inside\"><span class=\"etheme-gallery-lightbox-icon\">\n            <svg version=\"1.1\" xmlns=\"http:\/\/www.w3.org\/2000\/svg\" width=\"1em\" height=\"1em\" viewBox=\"0 0 24 24\" fill=\"currentColor\">\n                <path d=\"M23.784 22.8l-6.168-6.144c1.584-1.848 2.448-4.176 2.448-6.576 0-5.52-4.488-10.032-10.032-10.032-5.52 0-10.008 4.488-10.008 10.008s4.488 10.032 10.032 10.032c2.424 0 4.728-0.864 6.576-2.472l6.168 6.144c0.144 0.144 0.312 0.216 0.48 0.216s0.336-0.072 0.456-0.192c0.144-0.12 0.216-0.288 0.24-0.48 0-0.192-0.072-0.384-0.192-0.504zM18.696 10.080c0 4.752-3.888 8.64-8.664 8.64-4.752 0-8.64-3.888-8.64-8.664 0-4.752 3.888-8.64 8.664-8.64s8.64 3.888 8.64 8.664z\"><\/path>\n            <\/svg>\n        <\/span><\/span>                <\/div>\n\t            \t                        <\/div>\n\t                <div class=\"e-gallery-item etheme-gallery-item\">\n                <div class=\"etheme-gallery-item-overlay\">\n                    <a data-elementor-open-lightbox=\"yes\" data-elementor-lightbox-slideshow=\"all-fedd9b7\" data-elementor-lightbox-title=\"0000-Pineta-Black-Marble-Dark-Polished-Honed-Best-3-2 (1)\" data-e-action-hash=\"#elementor-action%3Aaction%3Dlightbox%26settings%3DeyJpZCI6MTk5NjcsInVybCI6Imh0dHBzOlwvXC93d3cua2FyYXJ0bWFyYmxlLmNvbVwvd3AtY29udGVudFwvdXBsb2Fkc1wvMjAyM1wvMTJcLzAwMDAtUGluZXRhLUJsYWNrLU1hcmJsZS1EYXJrLVBvbGlzaGVkLUhvbmVkLUJlc3QtMy0yLTEuanBnIiwic2xpZGVzaG93IjoiYWxsLWZlZGQ5YjcifQ%3D%3D\" class=\"e-gallery-image etheme-gallery-image elementor-gallery-item__image\" data-thumbnail=\"https:\/\/www.karartmarble.com\/wp-content\/uploads\/2023\/12\/0000-Pineta-Black-Marble-Dark-Polished-Honed-Best-3-2-1.jpg\" data-width=\"2419\" data-height=\"1814\" alt=\"\" style=\"background-image: url(&#039;https:\/\/www.karartmarble.com\/wp-content\/uploads\/2023\/12\/0000-Pineta-Black-Marble-Dark-Polished-Honed-Best-3-2-1.jpg&#039;)\" href=\"https:\/\/www.karartmarble.com\/wp-content\/uploads\/2023\/12\/0000-Pineta-Black-Marble-Dark-Polished-Honed-Best-3-2-1.jpg\"><\/a>\n\t                <span class=\"etheme-gallery-item-details etheme-gallery-item-details-inside\"><span class=\"etheme-gallery-lightbox-icon\">\n            <svg version=\"1.1\" xmlns=\"http:\/\/www.w3.org\/2000\/svg\" width=\"1em\" height=\"1em\" viewBox=\"0 0 24 24\" fill=\"currentColor\">\n                <path d=\"M23.784 22.8l-6.168-6.144c1.584-1.848 2.448-4.176 2.448-6.576 0-5.52-4.488-10.032-10.032-10.032-5.52 0-10.008 4.488-10.008 10.008s4.488 10.032 10.032 10.032c2.424 0 4.728-0.864 6.576-2.472l6.168 6.144c0.144 0.144 0.312 0.216 0.48 0.216s0.336-0.072 0.456-0.192c0.144-0.12 0.216-0.288 0.24-0.48 0-0.192-0.072-0.384-0.192-0.504zM18.696 10.080c0 4.752-3.888 8.64-8.664 8.64-4.752 0-8.64-3.888-8.64-8.664 0-4.752 3.888-8.64 8.664-8.64s8.64 3.888 8.64 8.664z\"><\/path>\n            <\/svg>\n        <\/span><\/span>                <\/div>\n\t            \t                        <\/div>\n\t                <div class=\"e-gallery-item etheme-gallery-item\">\n                <div class=\"etheme-gallery-item-overlay\">\n                    <a data-elementor-open-lightbox=\"yes\" data-elementor-lightbox-slideshow=\"all-fedd9b7\" data-elementor-lightbox-title=\"0000-Pineta-Black-Marble-Dark-Polished-Honed-Best-5-1-scaled (1)\" data-e-action-hash=\"#elementor-action%3Aaction%3Dlightbox%26settings%3DeyJpZCI6MTk5NjksInVybCI6Imh0dHBzOlwvXC93d3cua2FyYXJ0bWFyYmxlLmNvbVwvd3AtY29udGVudFwvdXBsb2Fkc1wvMjAyM1wvMTJcLzAwMDAtUGluZXRhLUJsYWNrLU1hcmJsZS1EYXJrLVBvbGlzaGVkLUhvbmVkLUJlc3QtNS0xLXNjYWxlZC0xLTEuanBnIiwic2xpZGVzaG93IjoiYWxsLWZlZGQ5YjcifQ%3D%3D\" class=\"e-gallery-image etheme-gallery-image elementor-gallery-item__image\" data-thumbnail=\"https:\/\/www.karartmarble.com\/wp-content\/uploads\/2023\/12\/0000-Pineta-Black-Marble-Dark-Polished-Honed-Best-5-1-scaled-1-1.jpg\" data-width=\"2560\" data-height=\"1271\" alt=\"\" style=\"background-image: url(&#039;https:\/\/www.karartmarble.com\/wp-content\/uploads\/2023\/12\/0000-Pineta-Black-Marble-Dark-Polished-Honed-Best-5-1-scaled-1-1.jpg&#039;)\" href=\"https:\/\/www.karartmarble.com\/wp-content\/uploads\/2023\/12\/0000-Pineta-Black-Marble-Dark-Polished-Honed-Best-5-1-scaled-1-1.jpg\"><\/a>\n\t                <span class=\"etheme-gallery-item-details etheme-gallery-item-details-inside\"><span class=\"etheme-gallery-lightbox-icon\">\n            <svg version=\"1.1\" xmlns=\"http:\/\/www.w3.org\/2000\/svg\" width=\"1em\" height=\"1em\" viewBox=\"0 0 24 24\" fill=\"currentColor\">\n                <path d=\"M23.784 22.8l-6.168-6.144c1.584-1.848 2.448-4.176 2.448-6.576 0-5.52-4.488-10.032-10.032-10.032-5.52 0-10.008 4.488-10.008 10.008s4.488 10.032 10.032 10.032c2.424 0 4.728-0.864 6.576-2.472l6.168 6.144c0.144 0.144 0.312 0.216 0.48 0.216s0.336-0.072 0.456-0.192c0.144-0.12 0.216-0.288 0.24-0.48 0-0.192-0.072-0.384-0.192-0.504zM18.696 10.080c0 4.752-3.888 8.64-8.664 8.64-4.752 0-8.64-3.888-8.64-8.664 0-4.752 3.888-8.64 8.664-8.64s8.64 3.888 8.64 8.664z\"><\/path>\n            <\/svg>\n        <\/span><\/span>                <\/div>\n\t            \t                        <\/div>\n\t                <div class=\"e-gallery-item etheme-gallery-item\">\n                <div class=\"etheme-gallery-item-overlay\">\n                    <a data-elementor-open-lightbox=\"yes\" data-elementor-lightbox-slideshow=\"all-fedd9b7\" data-elementor-lightbox-title=\"0000-Pineta-Black-Marble-Dark-Polished-Honed-Best-4-scaled (1)\" data-e-action-hash=\"#elementor-action%3Aaction%3Dlightbox%26settings%3DeyJpZCI6MTk5NzEsInVybCI6Imh0dHBzOlwvXC93d3cua2FyYXJ0bWFyYmxlLmNvbVwvd3AtY29udGVudFwvdXBsb2Fkc1wvMjAyM1wvMTJcLzAwMDAtUGluZXRhLUJsYWNrLU1hcmJsZS1EYXJrLVBvbGlzaGVkLUhvbmVkLUJlc3QtNC1zY2FsZWQtMS0xLmpwZyIsInNsaWRlc2hvdyI6ImFsbC1mZWRkOWI3In0%3D\" class=\"e-gallery-image etheme-gallery-image elementor-gallery-item__image\" data-thumbnail=\"https:\/\/www.karartmarble.com\/wp-content\/uploads\/2023\/12\/0000-Pineta-Black-Marble-Dark-Polished-Honed-Best-4-scaled-1-1.jpg\" data-width=\"2560\" data-height=\"1613\" alt=\"\" style=\"background-image: url(&#039;https:\/\/www.karartmarble.com\/wp-content\/uploads\/2023\/12\/0000-Pineta-Black-Marble-Dark-Polished-Honed-Best-4-scaled-1-1.jpg&#039;)\" href=\"https:\/\/www.karartmarble.com\/wp-content\/uploads\/2023\/12\/0000-Pineta-Black-Marble-Dark-Polished-Honed-Best-4-scaled-1-1.jpg\"><\/a>\n\t                <span class=\"etheme-gallery-item-details etheme-gallery-item-details-inside\"><span class=\"etheme-gallery-lightbox-icon\">\n            <svg version=\"1.1\" xmlns=\"http:\/\/www.w3.org\/2000\/svg\" width=\"1em\" height=\"1em\" viewBox=\"0 0 24 24\" fill=\"currentColor\">\n                <path d=\"M23.784 22.8l-6.168-6.144c1.584-1.848 2.448-4.176 2.448-6.576 0-5.52-4.488-10.032-10.032-10.032-5.52 0-10.008 4.488-10.008 10.008s4.488 10.032 10.032 10.032c2.424 0 4.728-0.864 6.576-2.472l6.168 6.144c0.144 0.144 0.312 0.216 0.48 0.216s0.336-0.072 0.456-0.192c0.144-0.12 0.216-0.288 0.24-0.48 0-0.192-0.072-0.384-0.192-0.504zM18.696 10.080c0 4.752-3.888 8.64-8.664 8.64-4.752 0-8.64-3.888-8.64-8.664 0-4.752 3.888-8.64 8.664-8.64s8.64 3.888 8.64 8.664z\"><\/path>\n            <\/svg>\n        <\/span><\/span>                <\/div>\n\t            \t                        <\/div>\n\t                <div class=\"e-gallery-item etheme-gallery-item\">\n                <div class=\"etheme-gallery-item-overlay\">\n                    <a data-elementor-open-lightbox=\"yes\" data-elementor-lightbox-slideshow=\"all-fedd9b7\" data-elementor-lightbox-title=\"0000-Pineta-Black-Marble-Dark-Polished-Honed-Best-6-1-scaled (1)\" data-e-action-hash=\"#elementor-action%3Aaction%3Dlightbox%26settings%3DeyJpZCI6MTk5NzMsInVybCI6Imh0dHBzOlwvXC93d3cua2FyYXJ0bWFyYmxlLmNvbVwvd3AtY29udGVudFwvdXBsb2Fkc1wvMjAyM1wvMTJcLzAwMDAtUGluZXRhLUJsYWNrLU1hcmJsZS1EYXJrLVBvbGlzaGVkLUhvbmVkLUJlc3QtNi0xLXNjYWxlZC0xLTEuanBnIiwic2xpZGVzaG93IjoiYWxsLWZlZGQ5YjcifQ%3D%3D\" class=\"e-gallery-image etheme-gallery-image elementor-gallery-item__image\" data-thumbnail=\"https:\/\/www.karartmarble.com\/wp-content\/uploads\/2023\/12\/0000-Pineta-Black-Marble-Dark-Polished-Honed-Best-6-1-scaled-1-1.jpg\" data-width=\"2560\" data-height=\"1270\" alt=\"\" style=\"background-image: url(&#039;https:\/\/www.karartmarble.com\/wp-content\/uploads\/2023\/12\/0000-Pineta-Black-Marble-Dark-Polished-Honed-Best-6-1-scaled-1-1.jpg&#039;)\" href=\"https:\/\/www.karartmarble.com\/wp-content\/uploads\/2023\/12\/0000-Pineta-Black-Marble-Dark-Polished-Honed-Best-6-1-scaled-1-1.jpg\"><\/a>\n\t                <span class=\"etheme-gallery-item-details etheme-gallery-item-details-inside\"><span class=\"etheme-gallery-lightbox-icon\">\n            <svg version=\"1.1\" xmlns=\"http:\/\/www.w3.org\/2000\/svg\" width=\"1em\" height=\"1em\" viewBox=\"0 0 24 24\" fill=\"currentColor\">\n                <path d=\"M23.784 22.8l-6.168-6.144c1.584-1.848 2.448-4.176 2.448-6.576 0-5.52-4.488-10.032-10.032-10.032-5.52 0-10.008 4.488-10.008 10.008s4.488 10.032 10.032 10.032c2.424 0 4.728-0.864 6.576-2.472l6.168 6.144c0.144 0.144 0.312 0.216 0.48 0.216s0.336-0.072 0.456-0.192c0.144-0.12 0.216-0.288 0.24-0.48 0-0.192-0.072-0.384-0.192-0.504zM18.696 10.080c0 4.752-3.888 8.64-8.664 8.64-4.752 0-8.64-3.888-8.64-8.664 0-4.752 3.888-8.64 8.664-8.64s8.64 3.888 8.64 8.664z\"><\/path>\n            <\/svg>\n        <\/span><\/span>                <\/div>\n\t            \t                        <\/div>\n\t                <div class=\"e-gallery-item etheme-gallery-item\">\n                <div class=\"etheme-gallery-item-overlay\">\n                    <a data-elementor-open-lightbox=\"yes\" data-elementor-lightbox-slideshow=\"all-fedd9b7\" data-elementor-lightbox-title=\"0000-Pineta-Black-Marble-Dark-Polished-Honed-Best-1-e1701351617950 (1)\" data-e-action-hash=\"#elementor-action%3Aaction%3Dlightbox%26settings%3DeyJpZCI6MTk5NzUsInVybCI6Imh0dHBzOlwvXC93d3cua2FyYXJ0bWFyYmxlLmNvbVwvd3AtY29udGVudFwvdXBsb2Fkc1wvMjAyM1wvMTJcLzAwMDAtUGluZXRhLUJsYWNrLU1hcmJsZS1EYXJrLVBvbGlzaGVkLUhvbmVkLUJlc3QtMS1lMTcwMTM1MTYxNzk1MC0xLmpwZWciLCJzbGlkZXNob3ciOiJhbGwtZmVkZDliNyJ9\" class=\"e-gallery-image etheme-gallery-image elementor-gallery-item__image\" data-thumbnail=\"https:\/\/www.karartmarble.com\/wp-content\/uploads\/2023\/12\/0000-Pineta-Black-Marble-Dark-Polished-Honed-Best-1-e1701351617950-1.jpeg\" data-width=\"1200\" data-height=\"1317\" alt=\"\" style=\"background-image: url(&#039;https:\/\/www.karartmarble.com\/wp-content\/uploads\/2023\/12\/0000-Pineta-Black-Marble-Dark-Polished-Honed-Best-1-e1701351617950-1.jpeg&#039;)\" href=\"https:\/\/www.karartmarble.com\/wp-content\/uploads\/2023\/12\/0000-Pineta-Black-Marble-Dark-Polished-Honed-Best-1-e1701351617950-1.jpeg\"><\/a>\n\t                <span class=\"etheme-gallery-item-details etheme-gallery-item-details-inside\"><span class=\"etheme-gallery-lightbox-icon\">\n            <svg version=\"1.1\" xmlns=\"http:\/\/www.w3.org\/2000\/svg\" width=\"1em\" height=\"1em\" viewBox=\"0 0 24 24\" fill=\"currentColor\">\n                <path d=\"M23.784 22.8l-6.168-6.144c1.584-1.848 2.448-4.176 2.448-6.576 0-5.52-4.488-10.032-10.032-10.032-5.52 0-10.008 4.488-10.008 10.008s4.488 10.032 10.032 10.032c2.424 0 4.728-0.864 6.576-2.472l6.168 6.144c0.144 0.144 0.312 0.216 0.48 0.216s0.336-0.072 0.456-0.192c0.144-0.12 0.216-0.288 0.24-0.48 0-0.192-0.072-0.384-0.192-0.504zM18.696 10.080c0 4.752-3.888 8.64-8.664 8.64-4.752 0-8.64-3.888-8.64-8.664 0-4.752 3.888-8.64 8.664-8.64s8.64 3.888 8.64 8.664z\"><\/path>\n            <\/svg>\n        <\/span><\/span>                <\/div>\n\t            \t                        <\/div>\n\t                    <\/div>\n                    <\/div>\n        \n        \t\t\t\t<\/div>\n\t\t\t\t<\/div>\n\t\t\t\t\t<\/div>\n\t\t<\/div>\n\t\t\t\t\t<\/div>\n\t\t<\/section>\n\t\t\t\t<section class=\"elementor-section elementor-top-section elementor-element elementor-element-d24dab3 elementor-section-boxed elementor-section-height-default elementor-section-height-default\" data-id=\"d24dab3\" data-element_type=\"section\" data-e-type=\"section\">\n\t\t\t\t\t\t<div class=\"elementor-container elementor-column-gap-default\">\n\t\t\t\t\t<div class=\"elementor-column elementor-col-100 elementor-top-column elementor-element elementor-element-aff3c06\" data-id=\"aff3c06\" data-element_type=\"column\" data-e-type=\"column\">\n\t\t\t<div class=\"elementor-widget-wrap elementor-element-populated\">\n\t\t\t\t\t\t<div class=\"elementor-element elementor-element-852d143 elementor-widget elementor-widget-text-editor\" data-id=\"852d143\" data-element_type=\"widget\" data-e-type=\"widget\" data-widget_type=\"text-editor.default\">\n\t\t\t\t<div class=\"elementor-widget-container\">\n\t\t\t\t\t\t\t\t\t<h2><b>Mu\u011fla Siyah\u0131 Mermer Plaka<\/b><\/h2><p>Mu\u011fla siyah\u0131 <strong>mermer plaka a\u00e7\u0131k seleksiyon<\/strong>, a\u00e7\u0131k tonlar\u0131 ve siyah\u0131n m\u00fckemmel kar\u0131\u015f\u0131m\u0131yla mekanlar\u0131n\u0131za ferahl\u0131k ve \u015f\u0131kl\u0131k sunan bir siyah mermer se\u00e7ene\u011fidir. \u0130\u015fte bu ta\u015f\u0131n \u00f6ne \u00e7\u0131kan \u00f6zellikleri:<\/p><p><b>Dayan\u0131kl\u0131l\u0131k:\u00a0<\/b>Mermer plakalar minimum bak\u0131m ile y\u0131llarca kullan\u0131labilir, ayr\u0131ca \u0131s\u0131ya kar\u015f\u0131 dayan\u0131kl\u0131d\u0131r.<\/p><p><b>Estetik G\u00f6r\u00fcn\u00fcm:\u00a0<\/b>Siyah ve beyaz\u0131n harmonisi, mekanlar\u0131n\u0131za \u015f\u0131kl\u0131k katar. Mu\u011fla Siyah\u0131 A\u00e7\u0131k Seleksiyon\u2019un mermer deseni ufak \u00e7izik ve deformasyonlar\u0131 gizler.<\/p><p><b>Is\u0131ya Dayan\u0131kl\u0131l\u0131k:\u00a0<\/b>Yemek pi\u015firirken olu\u015fan y\u00fcksek s\u0131cakl\u0131klara kar\u015f\u0131 diren\u00e7lidir ve ho\u015f olmayan kokular\u0131n yay\u0131lmas\u0131n\u0131 engeller.<\/p><p><b>S\u0131v\u0131 Dayan\u0131kl\u0131l\u0131k:\u00a0<\/b>S\u0131v\u0131lara kar\u015f\u0131 dayan\u0131kl\u0131d\u0131r, lekelere ve hasarlara kar\u015f\u0131 daha az hassast\u0131r.<\/p><h3 class=\"editor_editorParagraph__isQNM\" dir=\"ltr\">Mu\u011fla Siyah\u0131 Mermer Plaka Cilal\u0131 &amp; Honlu \u2013 A\u00e7\u0131k Seleksiyon<\/h3><p class=\"editor_editorParagraph__isQNM\" dir=\"ltr\">L\u00fcks ve zarafeti mek\u00e2nlar\u0131n\u0131za ta\u015f\u0131y\u0131n! <strong>Mu\u011fla Siyah\u0131 Mermer Plaka<\/strong>, cilal\u0131 ve honlu y\u00fczeyi ile \u015f\u0131kl\u0131\u011f\u0131 ve dayan\u0131kl\u0131l\u0131\u011f\u0131 bir araya getiriyor.<\/p><p class=\"editor_editorParagraph__isQNM\" dir=\"ltr\"><strong>\u00d6ne \u00c7\u0131kan \u00d6zellikler:<\/strong><br \/>\u2022 Bulutsu gri zemin \u00fczerinde siyah damarlar ile g\u00f6z al\u0131c\u0131 tasar\u0131m<br \/>\u2022 Cilal\u0131 ve honlu y\u00fczey i\u015flemi ile parlak ve p\u00fcr\u00fczs\u00fcz g\u00f6r\u00fcn\u00fcm<br \/>\u2022 Y\u00fcksek dayan\u0131kl\u0131l\u0131k ve uzun \u00f6m\u00fcrl\u00fc kullan\u0131m<br \/>\u2022 \u00c7ok y\u00f6nl\u00fc kullan\u0131m alanlar\u0131 ile mek\u00e2nlar\u0131n\u0131za uyum sa\u011flama<\/p><p class=\"editor_editorParagraph__isQNM\" dir=\"ltr\"><strong>Siyah mermer plaka<\/strong>, a\u00e7\u0131k seleksiyon \u00f6zelli\u011fi ile mek\u00e2nlar\u0131n\u0131za ferahl\u0131k ve zarafet kat\u0131yor. \u0130\u00e7 mek\u00e2nlarda banyo, mutfak ve oturma odas\u0131 zeminlerinde kullan\u0131labilece\u011fi gibi, d\u0131\u015f mek\u00e2n uygulamalar\u0131 i\u00e7in de idealdir. <strong>Havuz kenarlar\u0131, d\u0131\u015f duvar kaplamalar\u0131<\/strong> ve<strong> zemin d\u00f6\u015femeleri<\/strong> i\u00e7in m\u00fckemmel bir se\u00e7imdir.<\/p><p class=\"editor_editorParagraph__isQNM\" dir=\"ltr\">Bu do\u011fal ta\u015f, y\u00fcksek sertlik derecesi sayesinde \u00e7izilmelere ve a\u015f\u0131nmaya kar\u015f\u0131 diren\u00e7lidir. Ayr\u0131ca, d\u00fc\u015f\u00fck su emme oran\u0131 ile leke tutmaz ve kolay temizlenir. <strong>Cilal\u0131 ve honlu<\/strong> y\u00fczey i\u015flemi, <strong>mermerin do\u011fal g\u00fczelli\u011fini<\/strong> ortaya \u00e7\u0131kar\u0131rken uzun y\u0131llar boyunca parlakl\u0131\u011f\u0131n\u0131 korumas\u0131n\u0131 sa\u011flar.<\/p><p class=\"editor_editorParagraph__isQNM\" dir=\"ltr\"><strong>Teknik \u00d6zellikler:<\/strong><br \/>\u2022 <strong>Renk<\/strong>: Bulutsu gri, siyah damarlar<br \/>\u2022 <strong>Y\u00fczey \u0130\u015flemi<\/strong>: Cilal\u0131 &amp; Honlu<br \/>\u2022 <strong>Kullan\u0131m Alanlar\u0131<\/strong>: Banyo, d\u0131\u015f mekan zemin, havuz, i\u00e7 duvar, i\u00e7 zemin, mutfak<br \/>\u2022 <strong>Fiyat Aral\u0131\u011f\u0131<\/strong>: 26,00 $ &#8211; 39,00 $ \/m\u00b2<\/p><p class=\"editor_editorParagraph__isQNM\" dir=\"ltr\"><strong>Mu\u011fla Siyah\u0131 Mermer Plaka<\/strong> ile mek\u00e2nlar\u0131n\u0131za l\u00fcks ve sofistike bir dokunu\u015f kat\u0131n. Do\u011fan\u0131n e\u015fsiz g\u00fczelli\u011fini evinize ta\u015f\u0131y\u0131n!<\/p>\t\t\t\t\t\t\t\t<\/div>\n\t\t\t\t<\/div>\n\t\t\t\t\t<\/div>\n\t\t<\/div>\n\t\t\t\t\t<\/div>\n\t\t<\/section>\n\t\t\t\t<\/div>\n\t\t","protected":false},"excerpt":{"rendered":"[table id=216 \/]\n","protected":false},"featured_media":19923,"comment_status":"open","ping_status":"closed","template":"","meta":{"inline_featured_image":false},"etheme_brands":[{"term_id":365,"name":"karartmarble","slug":"karartmarble-tr","term_group":0,"term_taxonomy_id":365,"taxonomy":"brand","description":"","parent":0,"count":91,"filter":"raw"}],"product_brand":[],"product_cat":[402,404],"product_tag":[],"class_list":{"0":"post-19758","1":"product","2":"type-product","3":"status-publish","4":"has-post-thumbnail","6":"brand-karartmarble-tr","7":"product_cat-plakalar","8":"product_cat-tum-urunler","10":"first","11":"outofstock","12":"shipping-taxable","13":"purchasable","14":"product-type-variable"},"_links":{"self":[{"href":"https:\/\/www.karartmarble.com\/tr\/wp-json\/wp\/v2\/product\/19758","targetHints":{"allow":["GET"]}}],"collection":[{"href":"https:\/\/www.karartmarble.com\/tr\/wp-json\/wp\/v2\/product"}],"about":[{"href":"https:\/\/www.karartmarble.com\/tr\/wp-json\/wp\/v2\/types\/product"}],"replies":[{"embeddable":true,"href":"https:\/\/www.karartmarble.com\/tr\/wp-json\/wp\/v2\/comments?post=19758"}],"version-history":[{"count":0,"href":"https:\/\/www.karartmarble.com\/tr\/wp-json\/wp\/v2\/product\/19758\/revisions"}],"wp:featuredmedia":[{"embeddable":true,"href":"https:\/\/www.karartmarble.com\/tr\/wp-json\/wp\/v2\/media\/19923"}],"wp:attachment":[{"href":"https:\/\/www.karartmarble.com\/tr\/wp-json\/wp\/v2\/media?parent=19758"}],"wp:term":[{"taxonomy":"brand","embeddable":true,"href":"https:\/\/www.karartmarble.com\/tr\/wp-json\/wp\/v2\/etheme_brands?post=19758"},{"taxonomy":"product_brand","embeddable":true,"href":"https:\/\/www.karartmarble.com\/tr\/wp-json\/wp\/v2\/product_brand?post=19758"},{"taxonomy":"product_cat","embeddable":true,"href":"https:\/\/www.karartmarble.com\/tr\/wp-json\/wp\/v2\/product_cat?post=19758"},{"taxonomy":"product_tag","embeddable":true,"href":"https:\/\/www.karartmarble.com\/tr\/wp-json\/wp\/v2\/product_tag?post=19758"}],"curies":[{"name":"wp","href":"https:\/\/api.w.org\/{rel}","templated":true}]}}