{"id":26466,"date":"2024-01-21T14:27:46","date_gmt":"2024-01-21T11:27:46","guid":{"rendered":"https:\/\/karartmarble.com\/product\/natural-wall-stones\/"},"modified":"2024-07-20T16:32:21","modified_gmt":"2024-07-20T13:32:21","slug":"dogal-duvar-taslari","status":"publish","type":"product","link":"https:\/\/www.karartmarble.com\/tr\/urun\/dogal-duvar-taslari\/","title":{"rendered":"Do\u011fal Duvar Ta\u015flar\u0131 <br><span class=\"ata_title\">Do\u011fal Renkler<\/span>"},"content":{"rendered":"\t\t<div data-elementor-type=\"wp-post\" data-elementor-id=\"26466\" class=\"elementor elementor-26466 elementor-26418\" data-elementor-post-type=\"product\">\n\t\t\t\t\t\t<section class=\"elementor-section elementor-top-section elementor-element elementor-element-0d75d4a elementor-section-boxed elementor-section-height-default elementor-section-height-default\" data-id=\"0d75d4a\" data-element_type=\"section\" data-e-type=\"section\">\n\t\t\t\t\t\t<div class=\"elementor-container elementor-column-gap-default\">\n\t\t\t\t\t<div class=\"elementor-column elementor-col-100 elementor-top-column elementor-element elementor-element-439709d\" data-id=\"439709d\" data-element_type=\"column\" data-e-type=\"column\">\n\t\t\t<div class=\"elementor-widget-wrap\">\n\t\t\t\t\t\t\t<\/div>\n\t\t<\/div>\n\t\t\t\t\t<\/div>\n\t\t<\/section>\n\t\t\t\t<section class=\"elementor-section elementor-top-section elementor-element elementor-element-d24dab3 elementor-section-boxed elementor-section-height-default elementor-section-height-default\" data-id=\"d24dab3\" data-element_type=\"section\" data-e-type=\"section\">\n\t\t\t\t\t\t<div class=\"elementor-container elementor-column-gap-default\">\n\t\t\t\t\t<div class=\"elementor-column elementor-col-100 elementor-top-column elementor-element elementor-element-aff3c06\" data-id=\"aff3c06\" data-element_type=\"column\" data-e-type=\"column\">\n\t\t\t<div class=\"elementor-widget-wrap elementor-element-populated\">\n\t\t\t\t\t\t<div class=\"elementor-element elementor-element-fedd9b7 elementor-widget elementor-widget-etheme_gallery\" data-id=\"fedd9b7\" data-element_type=\"widget\" data-e-type=\"widget\" data-settings=\"{&quot;type&quot;:&quot;grid&quot;,&quot;columns&quot;:{&quot;unit&quot;:&quot;px&quot;,&quot;size&quot;:3,&quot;sizes&quot;:[]},&quot;columns_tablet&quot;:{&quot;unit&quot;:&quot;px&quot;,&quot;size&quot;:3,&quot;sizes&quot;:[]},&quot;columns_mobile&quot;:{&quot;unit&quot;:&quot;px&quot;,&quot;size&quot;:2,&quot;sizes&quot;:[]},&quot;columns_gap&quot;:{&quot;unit&quot;:&quot;px&quot;,&quot;size&quot;:10,&quot;sizes&quot;:[]},&quot;columns_gap_tablet&quot;:{&quot;unit&quot;:&quot;px&quot;,&quot;size&quot;:&quot;&quot;,&quot;sizes&quot;:[]},&quot;columns_gap_mobile&quot;:{&quot;unit&quot;:&quot;px&quot;,&quot;size&quot;:&quot;&quot;,&quot;sizes&quot;:[]},&quot;rows_gap&quot;:{&quot;unit&quot;:&quot;px&quot;,&quot;size&quot;:10,&quot;sizes&quot;:[]},&quot;rows_gap_tablet&quot;:{&quot;unit&quot;:&quot;px&quot;,&quot;size&quot;:&quot;&quot;,&quot;sizes&quot;:[]},&quot;rows_gap_mobile&quot;:{&quot;unit&quot;:&quot;px&quot;,&quot;size&quot;:&quot;&quot;,&quot;sizes&quot;:[]}}\" data-widget_type=\"etheme_gallery.default\">\n\t\t\t\t<div class=\"elementor-widget-container\">\n\t\t\t\t\t        \n        <div class=\"etheme-gallery-wrapper\">\n            \t            \n\t            <div class=\"e-gallery etheme-gallery active\" id=\"etheme-gallery-9282\" data-item-settings=\"{&quot;type&quot;:&quot;grid&quot;}\" data-uniq-id=\"9282\">\n                                <div class=\"e-gallery-item etheme-gallery-item\">\n                <div class=\"etheme-gallery-item-overlay\">\n                    <a data-elementor-open-lightbox=\"yes\" data-elementor-lightbox-slideshow=\"all-fedd9b7\" data-elementor-lightbox-title=\"Natural Stone Veneer-10\" data-e-action-hash=\"#elementor-action%3Aaction%3Dlightbox%26settings%3DeyJpZCI6MjY0NTcsInVybCI6Imh0dHBzOlwvXC93d3cua2FyYXJ0bWFyYmxlLmNvbVwvd3AtY29udGVudFwvdXBsb2Fkc1wvMjAyNFwvMDFcL05hdHVyYWwtU3RvbmUtVmVuZWVyLTEwLmpwZyIsInNsaWRlc2hvdyI6ImFsbC1mZWRkOWI3In0%3D\" class=\"e-gallery-image etheme-gallery-image elementor-gallery-item__image\" data-thumbnail=\"https:\/\/www.karartmarble.com\/wp-content\/uploads\/2024\/01\/Natural-Stone-Veneer-10.jpg\" data-width=\"2000\" data-height=\"2252\" alt=\"\" style=\"background-image: url(&#039;https:\/\/www.karartmarble.com\/wp-content\/uploads\/2024\/01\/Natural-Stone-Veneer-10.jpg&#039;)\" href=\"https:\/\/www.karartmarble.com\/wp-content\/uploads\/2024\/01\/Natural-Stone-Veneer-10.jpg\"><\/a>\n\t                <span class=\"etheme-gallery-item-details etheme-gallery-item-details-inside\"><span class=\"etheme-gallery-lightbox-icon\">\n            <svg version=\"1.1\" xmlns=\"http:\/\/www.w3.org\/2000\/svg\" width=\"1em\" height=\"1em\" viewBox=\"0 0 24 24\" fill=\"currentColor\">\n                <path d=\"M23.784 22.8l-6.168-6.144c1.584-1.848 2.448-4.176 2.448-6.576 0-5.52-4.488-10.032-10.032-10.032-5.52 0-10.008 4.488-10.008 10.008s4.488 10.032 10.032 10.032c2.424 0 4.728-0.864 6.576-2.472l6.168 6.144c0.144 0.144 0.312 0.216 0.48 0.216s0.336-0.072 0.456-0.192c0.144-0.12 0.216-0.288 0.24-0.48 0-0.192-0.072-0.384-0.192-0.504zM18.696 10.080c0 4.752-3.888 8.64-8.664 8.64-4.752 0-8.64-3.888-8.64-8.664 0-4.752 3.888-8.64 8.664-8.64s8.64 3.888 8.64 8.664z\"><\/path>\n            <\/svg>\n        <\/span><\/span>                <\/div>\n\t            \t                        <\/div>\n\t                <div class=\"e-gallery-item etheme-gallery-item\">\n                <div class=\"etheme-gallery-item-overlay\">\n                    <a data-elementor-open-lightbox=\"yes\" data-elementor-lightbox-slideshow=\"all-fedd9b7\" data-elementor-lightbox-title=\"Natural Stone Veneer-9\" data-e-action-hash=\"#elementor-action%3Aaction%3Dlightbox%26settings%3DeyJpZCI6MjY0NTksInVybCI6Imh0dHBzOlwvXC93d3cua2FyYXJ0bWFyYmxlLmNvbVwvd3AtY29udGVudFwvdXBsb2Fkc1wvMjAyNFwvMDFcL05hdHVyYWwtU3RvbmUtVmVuZWVyLTkuanBnIiwic2xpZGVzaG93IjoiYWxsLWZlZGQ5YjcifQ%3D%3D\" class=\"e-gallery-image etheme-gallery-image elementor-gallery-item__image\" data-thumbnail=\"https:\/\/www.karartmarble.com\/wp-content\/uploads\/2024\/01\/Natural-Stone-Veneer-9.jpg\" data-width=\"1116\" data-height=\"1826\" alt=\"\" style=\"background-image: url(&#039;https:\/\/www.karartmarble.com\/wp-content\/uploads\/2024\/01\/Natural-Stone-Veneer-9.jpg&#039;)\" href=\"https:\/\/www.karartmarble.com\/wp-content\/uploads\/2024\/01\/Natural-Stone-Veneer-9.jpg\"><\/a>\n\t                <span class=\"etheme-gallery-item-details etheme-gallery-item-details-inside\"><span class=\"etheme-gallery-lightbox-icon\">\n            <svg version=\"1.1\" xmlns=\"http:\/\/www.w3.org\/2000\/svg\" width=\"1em\" height=\"1em\" viewBox=\"0 0 24 24\" fill=\"currentColor\">\n                <path d=\"M23.784 22.8l-6.168-6.144c1.584-1.848 2.448-4.176 2.448-6.576 0-5.52-4.488-10.032-10.032-10.032-5.52 0-10.008 4.488-10.008 10.008s4.488 10.032 10.032 10.032c2.424 0 4.728-0.864 6.576-2.472l6.168 6.144c0.144 0.144 0.312 0.216 0.48 0.216s0.336-0.072 0.456-0.192c0.144-0.12 0.216-0.288 0.24-0.48 0-0.192-0.072-0.384-0.192-0.504zM18.696 10.080c0 4.752-3.888 8.64-8.664 8.64-4.752 0-8.64-3.888-8.64-8.664 0-4.752 3.888-8.64 8.664-8.64s8.64 3.888 8.64 8.664z\"><\/path>\n            <\/svg>\n        <\/span><\/span>                <\/div>\n\t            \t                        <\/div>\n\t                <div class=\"e-gallery-item etheme-gallery-item\">\n                <div class=\"etheme-gallery-item-overlay\">\n                    <a data-elementor-open-lightbox=\"yes\" data-elementor-lightbox-slideshow=\"all-fedd9b7\" data-elementor-lightbox-title=\"Natural Stone Veneer-7\" data-e-action-hash=\"#elementor-action%3Aaction%3Dlightbox%26settings%3DeyJpZCI6MjY0NjEsInVybCI6Imh0dHBzOlwvXC93d3cua2FyYXJ0bWFyYmxlLmNvbVwvd3AtY29udGVudFwvdXBsb2Fkc1wvMjAyNFwvMDFcL05hdHVyYWwtU3RvbmUtVmVuZWVyLTcuanBnIiwic2xpZGVzaG93IjoiYWxsLWZlZGQ5YjcifQ%3D%3D\" class=\"e-gallery-image etheme-gallery-image elementor-gallery-item__image\" data-thumbnail=\"https:\/\/www.karartmarble.com\/wp-content\/uploads\/2024\/01\/Natural-Stone-Veneer-7.jpg\" data-width=\"1640\" data-height=\"1863\" alt=\"\" style=\"background-image: url(&#039;https:\/\/www.karartmarble.com\/wp-content\/uploads\/2024\/01\/Natural-Stone-Veneer-7.jpg&#039;)\" href=\"https:\/\/www.karartmarble.com\/wp-content\/uploads\/2024\/01\/Natural-Stone-Veneer-7.jpg\"><\/a>\n\t                <span class=\"etheme-gallery-item-details etheme-gallery-item-details-inside\"><span class=\"etheme-gallery-lightbox-icon\">\n            <svg version=\"1.1\" xmlns=\"http:\/\/www.w3.org\/2000\/svg\" width=\"1em\" height=\"1em\" viewBox=\"0 0 24 24\" fill=\"currentColor\">\n                <path d=\"M23.784 22.8l-6.168-6.144c1.584-1.848 2.448-4.176 2.448-6.576 0-5.52-4.488-10.032-10.032-10.032-5.52 0-10.008 4.488-10.008 10.008s4.488 10.032 10.032 10.032c2.424 0 4.728-0.864 6.576-2.472l6.168 6.144c0.144 0.144 0.312 0.216 0.48 0.216s0.336-0.072 0.456-0.192c0.144-0.12 0.216-0.288 0.24-0.48 0-0.192-0.072-0.384-0.192-0.504zM18.696 10.080c0 4.752-3.888 8.64-8.664 8.64-4.752 0-8.64-3.888-8.64-8.664 0-4.752 3.888-8.64 8.664-8.64s8.64 3.888 8.64 8.664z\"><\/path>\n            <\/svg>\n        <\/span><\/span>                <\/div>\n\t            \t                        <\/div>\n\t                    <\/div>\n                    <\/div>\n        \n        \t\t\t\t<\/div>\n\t\t\t\t<\/div>\n\t\t\t\t<div class=\"elementor-element elementor-element-852d143 elementor-widget elementor-widget-text-editor\" data-id=\"852d143\" data-element_type=\"widget\" data-e-type=\"widget\" data-widget_type=\"text-editor.default\">\n\t\t\t\t<div class=\"elementor-widget-container\">\n\t\t\t\t\t\t\t\t\t<h2>Do\u011fal Duvar Ta\u015flar\u0131 ile D\u0131\u015f Cephenizi D\u00f6n\u00fc\u015ft\u00fcr\u00fcn<\/h2><p><br \/>Mu\u011fla Siyah\u0131 do\u011fal duvar ta\u015flar\u0131 zamans\u0131z zarafeti ile d\u0131\u015f mekanlar\u0131n\u0131z\u0131 y\u00fckseltin. Bu zarif kaplama \u00e7\u00f6z\u00fcm\u00fc, do\u011fan\u0131n ham g\u00fczelli\u011fini d\u0131\u015f duvarlar\u0131n\u0131za ta\u015f\u0131yarak kal\u0131c\u0131 bir etki b\u0131rakacak \u00e7arp\u0131c\u0131 bir g\u00f6rsel etki yarat\u0131r.<\/p><h2>\ud83e\uddf1 Do\u011fal Duvar Ta\u015flar\u0131n\u0131n Doku ve Renk Senfonisi<\/h2><p><br \/>Narin ve uyumlu do\u011fal duvar ta\u015f\u0131 koleksiyonumuz, her mekan\u0131 y\u00fcceltecek bir doku ve renk senfonisi yarat\u0131r. E\u015fsiz g\u00fczellikleri i\u00e7in \u00f6zenle se\u00e7ilen bu zarif ta\u015flar, her ortama sorunsuz bir \u015fekilde uyum sa\u011flayan zamans\u0131z ve do\u011fal bir estetik sunar.<\/p><p>Her bir do\u011fal duvar ta\u015f\u0131, D\u00fcnya&#8217;n\u0131n zengin tarihinin hikayelerini anlatan tortul katmanlarla eski manzaralar\u0131n hikayesini f\u0131s\u0131ldar. Karma\u015f\u0131k desenleri ve farkl\u0131 tonlar\u0131yla bu ta\u015flar, s\u0131radan duvarlar\u0131 ola\u011fan\u00fcst\u00fc sanat eserlerine d\u00f6n\u00fc\u015ft\u00fcrerek bir merak duygusu uyand\u0131r\u0131r.<\/p><p>Do\u011fal duvar ta\u015flar\u0131n\u0131n g\u00fczelli\u011fi \u00e7ok y\u00f6nl\u00fcl\u00fcklerinde yatar. \u0130ster bir oturma odas\u0131nda ister \u00e7arp\u0131c\u0131 bir \u015f\u00f6mine \u00e7evresi in\u015fa etmek i\u00e7in kullan\u0131ls\u0131n, bu ta\u015flar her t\u00fcrl\u00fc mimari tasar\u0131ma derinlik ve karakter kazand\u0131r\u0131r. Doku ve renkteki do\u011fal varyasyonlar\u0131 sonsuz olas\u0131l\u0131klara izin verir.<\/p><p>S\u00fcrd\u00fcr\u00fclebilirli\u011fin \u00f6nemini ve D\u00fcnya&#8217;n\u0131n do\u011fal kaynaklar\u0131n\u0131 koruma taahh\u00fcd\u00fcm\u00fcz\u00fc anl\u0131yoruz. Bu nedenle do\u011fal duvar ta\u015flar\u0131m\u0131z, \u00e7evre \u00fczerinde minimum etki yaratacak \u015fekilde etik olarak tedarik edilmektedir. Ta\u015flar\u0131m\u0131z\u0131 se\u00e7erek yaln\u0131zca mekan\u0131n\u0131z\u0131n g\u00fczelli\u011fini art\u0131rmakla kalmaz, ayn\u0131 zamanda s\u00fcrd\u00fcr\u00fclebilir bir gelece\u011fe katk\u0131da bulunursunuz.<\/p><p>Do\u011fal duvar ta\u015flar\u0131n\u0131n b\u00fcy\u00fcleyici g\u00fczelli\u011fi ile evinizi veya i\u015f yerinizi estetik olarak d\u00f6n\u00fc\u015ft\u00fcr\u00fcn. Bu ta\u015flar\u0131n sundu\u011fu doku ve renk senfonisini deneyimleyin ve tasar\u0131m\u0131n\u0131z\u0131n en \u00f6nemli par\u00e7as\u0131 olmalar\u0131na izin verin. \u0130ster rustik bir cazibe ister \u00e7a\u011fda\u015f bir zarafet ar\u0131yor olun, do\u011fal duvar ta\u015flar\u0131 koleksiyonumuz vizyonunuzu hayata ge\u00e7irecektir.<\/p><p>Do\u011fan\u0131n zenginli\u011fine kendinizi kapt\u0131r\u0131n ve do\u011fal duvar ta\u015flar\u0131ndan olu\u015fan bir d\u00fcnyaya dal\u0131n. Yumu\u015fak dokular\u0131n\u0131n ve canl\u0131 renklerinin duyular\u0131n\u0131z\u0131 uyand\u0131rmas\u0131na ve ger\u00e7ekten b\u00fcy\u00fcleyici bir alan yaratmas\u0131na izin verin. Do\u011fal duvar ta\u015f\u0131 \u00e7e\u015fitlerimizle, her seferinde bir ta\u015fla kendi hikayenizi anlatan bir ba\u015fyap\u0131t olu\u015fturabilirsiniz.<\/p><h2>\ud83c\udfe2 \u00c7ok Y\u00f6nl\u00fcl\u00fck Dayan\u0131kl\u0131l\u0131kla Bulu\u015fuyor<\/h2><p><br \/>\u0130ster modern eviniz i\u00e7in cesur bir cephe tasarl\u0131yor olun, ister ticari bir binaya karakter katmak istiyor olun, Mu\u011fla Siyah\u0131 mermerler farkl\u0131 mimari tarzlara uyum sa\u011flar. Sa\u011flam yap\u0131s\u0131 onu a\u015fa\u011f\u0131dakiler i\u00e7in ideal k\u0131lar:<\/p><ul><li>Sofistike olmay\u0131 gerektiren konut d\u0131\u015f cepheleri<\/li><li>Do\u011fal bir l\u00fcks dokunu\u015fu isteyen ticari alanlar<\/li><li>Sohbet ba\u015flatan g\u00f6z al\u0131c\u0131 peyzaj \u00f6zellikleri<\/li><li>Bi\u00e7im ile i\u015flevi harmanlayan sa\u011flam ve \u00e7ekici istinat duvarlar\u0131<\/li><\/ul><h2><br \/>\u26ab Mu\u011fla Siyah\u0131 Do\u011fal Duvar Ta\u015flar\u0131 Avantajlar\u0131<\/h2><ul><li><strong>Zamans\u0131z Cazibe<\/strong>: Birka\u00e7 y\u0131l i\u00e7inde eskimi\u015f g\u00f6r\u00fcnebilecek son moda malzemelerin aksine, do\u011fal ta\u015f cazibesini nesiller boyu korur.<\/li><li><strong>Az Bak\u0131m Gerektirir<\/strong>: Hava ko\u015fullar\u0131na dayan\u0131kl\u0131d\u0131r ve temizlenmesi kolayd\u0131r, duvarlar\u0131n\u0131z\u0131n minimum \u00e7abayla bozulmam\u0131\u015f g\u00f6r\u00fcnmesini sa\u011flar.<\/li><li><strong>\u00c7evre Dostu Se\u00e7im<\/strong>: \u00c7evresel ayak izinizi azalt\u0131rken sizi do\u011faya yakla\u015ft\u0131ran s\u00fcrd\u00fcr\u00fclebilir bir se\u00e7enek.<\/li><li><strong>Artan M\u00fclk De\u011feri<\/strong>: M\u00fclk\u00fcn\u00fcz\u00fcn kald\u0131r\u0131m \u00e7ekicili\u011fini art\u0131r\u0131n ve potansiyel olarak piyasa de\u011ferini y\u00fckseltin.<\/li><\/ul><h2>\ud83c\udff7\ufe0f Vizyonunuzu Hayata Ge\u00e7irin<\/h2><p><br \/>D\u0131\u015f duvarlar\u0131n\u0131z\u0131 bir \u015fahesere d\u00f6n\u00fc\u015ft\u00fcrmeye haz\u0131r m\u0131s\u0131n\u0131z? Bug\u00fcn \u00fccretsiz bir numune talep edin ve Mu\u011fla siyah\u0131 fark\u0131n\u0131 ilk elden deneyimleyin. Tasar\u0131m uzmanlar\u0131ndan olu\u015fan ekibimiz, hayallerinizdeki d\u0131\u015f mekan\u0131 yaratman\u0131za yard\u0131mc\u0131 olmak i\u00e7in haz\u0131r bekliyor.<\/p><p>Sadece bir duvar in\u015fa etmeyin &#8211; Do\u011fal Duvar Ta\u015flar\u0131 Mu\u011fla Siyah\u0131 ile bir miras yarat\u0131n.<\/p><p><strong><a href=\"https:\/\/karartmarble.com\/tr\/ucretsiz-mermer-numune\">\u00dccretsiz \u00d6rne\u011finizi Hemen Al\u0131n<\/a> | <a href=\"https:\/\/karartmarble.com\/tr\/iletisim\/\">Bir Tasar\u0131m Dan\u0131\u015fman\u0131yla Konu\u015fun<\/a><\/strong><\/p>\t\t\t\t\t\t\t\t<\/div>\n\t\t\t\t<\/div>\n\t\t\t\t\t<\/div>\n\t\t<\/div>\n\t\t\t\t\t<\/div>\n\t\t<\/section>\n\t\t\t\t<\/div>\n\t\t","protected":false},"excerpt":{"rendered":"[table id=218 \/]\n","protected":false},"featured_media":26455,"comment_status":"open","ping_status":"closed","template":"","meta":{"inline_featured_image":false},"etheme_brands":[],"product_brand":[],"product_cat":[395,394,404],"product_tag":[],"class_list":{"0":"post-26466","1":"product","2":"type-product","3":"status-publish","4":"has-post-thumbnail","6":"product_cat-dis-mekan-kaplama","7":"product_cat-kaplama","8":"product_cat-tum-urunler","10":"first","11":"outofstock","12":"shipping-taxable","13":"purchasable","14":"product-type-variable"},"_links":{"self":[{"href":"https:\/\/www.karartmarble.com\/tr\/wp-json\/wp\/v2\/product\/26466","targetHints":{"allow":["GET"]}}],"collection":[{"href":"https:\/\/www.karartmarble.com\/tr\/wp-json\/wp\/v2\/product"}],"about":[{"href":"https:\/\/www.karartmarble.com\/tr\/wp-json\/wp\/v2\/types\/product"}],"replies":[{"embeddable":true,"href":"https:\/\/www.karartmarble.com\/tr\/wp-json\/wp\/v2\/comments?post=26466"}],"version-history":[{"count":0,"href":"https:\/\/www.karartmarble.com\/tr\/wp-json\/wp\/v2\/product\/26466\/revisions"}],"wp:featuredmedia":[{"embeddable":true,"href":"https:\/\/www.karartmarble.com\/tr\/wp-json\/wp\/v2\/media\/26455"}],"wp:attachment":[{"href":"https:\/\/www.karartmarble.com\/tr\/wp-json\/wp\/v2\/media?parent=26466"}],"wp:term":[{"taxonomy":"brand","embeddable":true,"href":"https:\/\/www.karartmarble.com\/tr\/wp-json\/wp\/v2\/etheme_brands?post=26466"},{"taxonomy":"product_brand","embeddable":true,"href":"https:\/\/www.karartmarble.com\/tr\/wp-json\/wp\/v2\/product_brand?post=26466"},{"taxonomy":"product_cat","embeddable":true,"href":"https:\/\/www.karartmarble.com\/tr\/wp-json\/wp\/v2\/product_cat?post=26466"},{"taxonomy":"product_tag","embeddable":true,"href":"https:\/\/www.karartmarble.com\/tr\/wp-json\/wp\/v2\/product_tag?post=26466"}],"curies":[{"name":"wp","href":"https:\/\/api.w.org\/{rel}","templated":true}]}}