{"id":26550,"date":"2024-01-15T23:53:09","date_gmt":"2024-01-15T20:53:09","guid":{"rendered":"https:\/\/karartmarble.com\/product\/natural-stone-veneer-exterior-cladding-2\/"},"modified":"2024-05-06T22:35:33","modified_gmt":"2024-05-06T19:35:33","slug":"dogal-tas-kaplama-mugla-siyahi-mermer","status":"publish","type":"product","link":"https:\/\/www.karartmarble.com\/tr\/urun\/dogal-tas-kaplama-mugla-siyahi-mermer\/","title":{"rendered":"Do\u011fal Ta\u015f Kaplama <br><span class=\"ata_title\">Mu\u011fla Siyah\u0131 Mermer<\/span>"},"content":{"rendered":"\t\t<div data-elementor-type=\"wp-post\" data-elementor-id=\"26550\" class=\"elementor elementor-26550 elementor-25650\" data-elementor-post-type=\"product\">\n\t\t\t\t\t\t<section class=\"elementor-section elementor-top-section elementor-element elementor-element-0d75d4a elementor-section-boxed elementor-section-height-default elementor-section-height-default\" data-id=\"0d75d4a\" data-element_type=\"section\" data-e-type=\"section\">\n\t\t\t\t\t\t<div class=\"elementor-container elementor-column-gap-default\">\n\t\t\t\t\t<div class=\"elementor-column elementor-col-100 elementor-top-column elementor-element elementor-element-439709d\" data-id=\"439709d\" data-element_type=\"column\" data-e-type=\"column\">\n\t\t\t<div class=\"elementor-widget-wrap elementor-element-populated\">\n\t\t\t\t\t\t<div class=\"elementor-element elementor-element-fedd9b7 elementor-widget elementor-widget-etheme_gallery\" data-id=\"fedd9b7\" data-element_type=\"widget\" data-e-type=\"widget\" data-settings=\"{&quot;type&quot;:&quot;grid&quot;,&quot;columns&quot;:{&quot;unit&quot;:&quot;px&quot;,&quot;size&quot;:3,&quot;sizes&quot;:[]},&quot;columns_tablet&quot;:{&quot;unit&quot;:&quot;px&quot;,&quot;size&quot;:3,&quot;sizes&quot;:[]},&quot;columns_mobile&quot;:{&quot;unit&quot;:&quot;px&quot;,&quot;size&quot;:2,&quot;sizes&quot;:[]},&quot;columns_gap&quot;:{&quot;unit&quot;:&quot;px&quot;,&quot;size&quot;:10,&quot;sizes&quot;:[]},&quot;columns_gap_tablet&quot;:{&quot;unit&quot;:&quot;px&quot;,&quot;size&quot;:&quot;&quot;,&quot;sizes&quot;:[]},&quot;columns_gap_mobile&quot;:{&quot;unit&quot;:&quot;px&quot;,&quot;size&quot;:&quot;&quot;,&quot;sizes&quot;:[]},&quot;rows_gap&quot;:{&quot;unit&quot;:&quot;px&quot;,&quot;size&quot;:10,&quot;sizes&quot;:[]},&quot;rows_gap_tablet&quot;:{&quot;unit&quot;:&quot;px&quot;,&quot;size&quot;:&quot;&quot;,&quot;sizes&quot;:[]},&quot;rows_gap_mobile&quot;:{&quot;unit&quot;:&quot;px&quot;,&quot;size&quot;:&quot;&quot;,&quot;sizes&quot;:[]}}\" data-widget_type=\"etheme_gallery.default\">\n\t\t\t\t<div class=\"elementor-widget-container\">\n\t\t\t\t\t        \n        <div class=\"etheme-gallery-wrapper\">\n            \t            \n\t            <div class=\"e-gallery etheme-gallery active\" id=\"etheme-gallery-4975\" data-item-settings=\"{&quot;type&quot;:&quot;grid&quot;}\" data-uniq-id=\"4975\">\n                                <div class=\"e-gallery-item etheme-gallery-item\">\n                <div class=\"etheme-gallery-item-overlay\">\n                    <a data-elementor-open-lightbox=\"yes\" data-elementor-lightbox-slideshow=\"all-fedd9b7\" data-elementor-lightbox-title=\"4000-Natural-stone-veneer-1 (1)\" data-e-action-hash=\"#elementor-action%3Aaction%3Dlightbox%26settings%3DeyJpZCI6MjY1NTgsInVybCI6Imh0dHBzOlwvXC93d3cua2FyYXJ0bWFyYmxlLmNvbVwvd3AtY29udGVudFwvdXBsb2Fkc1wvMjAyNFwvMDFcLzQwMDAtTmF0dXJhbC1zdG9uZS12ZW5lZXItMS0xLmpwZWciLCJzbGlkZXNob3ciOiJhbGwtZmVkZDliNyJ9\" class=\"e-gallery-image etheme-gallery-image elementor-gallery-item__image\" data-thumbnail=\"https:\/\/www.karartmarble.com\/wp-content\/uploads\/2024\/01\/4000-Natural-stone-veneer-1-1.jpeg\" data-width=\"1600\" data-height=\"1092\" alt=\"\" style=\"background-image: url(&#039;https:\/\/www.karartmarble.com\/wp-content\/uploads\/2024\/01\/4000-Natural-stone-veneer-1-1.jpeg&#039;)\" href=\"https:\/\/www.karartmarble.com\/wp-content\/uploads\/2024\/01\/4000-Natural-stone-veneer-1-1.jpeg\"><\/a>\n\t                <span class=\"etheme-gallery-item-details etheme-gallery-item-details-inside\"><span class=\"etheme-gallery-lightbox-icon\">\n            <svg version=\"1.1\" xmlns=\"http:\/\/www.w3.org\/2000\/svg\" width=\"1em\" height=\"1em\" viewBox=\"0 0 24 24\" fill=\"currentColor\">\n                <path d=\"M23.784 22.8l-6.168-6.144c1.584-1.848 2.448-4.176 2.448-6.576 0-5.52-4.488-10.032-10.032-10.032-5.52 0-10.008 4.488-10.008 10.008s4.488 10.032 10.032 10.032c2.424 0 4.728-0.864 6.576-2.472l6.168 6.144c0.144 0.144 0.312 0.216 0.48 0.216s0.336-0.072 0.456-0.192c0.144-0.12 0.216-0.288 0.24-0.48 0-0.192-0.072-0.384-0.192-0.504zM18.696 10.080c0 4.752-3.888 8.64-8.664 8.64-4.752 0-8.64-3.888-8.64-8.664 0-4.752 3.888-8.64 8.664-8.64s8.64 3.888 8.64 8.664z\"><\/path>\n            <\/svg>\n        <\/span><\/span>                <\/div>\n\t            \t                        <\/div>\n\t                <div class=\"e-gallery-item etheme-gallery-item\">\n                <div class=\"etheme-gallery-item-overlay\">\n                    <a data-elementor-open-lightbox=\"yes\" data-elementor-lightbox-slideshow=\"all-fedd9b7\" data-elementor-lightbox-title=\"4000-Natural-stone-veneer-10 (1)\" data-elementor-lightbox-description=\"Pineta Black Marble Natural Stone Veneer, Do\u011fal Ta\u015f Kaplama\" data-e-action-hash=\"#elementor-action%3Aaction%3Dlightbox%26settings%3DeyJpZCI6MjY1NjAsInVybCI6Imh0dHBzOlwvXC93d3cua2FyYXJ0bWFyYmxlLmNvbVwvd3AtY29udGVudFwvdXBsb2Fkc1wvMjAyNFwvMDFcLzQwMDAtTmF0dXJhbC1zdG9uZS12ZW5lZXItMTAtMS5qcGVnIiwic2xpZGVzaG93IjoiYWxsLWZlZGQ5YjcifQ%3D%3D\" class=\"e-gallery-image etheme-gallery-image elementor-gallery-item__image\" data-thumbnail=\"https:\/\/www.karartmarble.com\/wp-content\/uploads\/2024\/01\/4000-Natural-stone-veneer-10-1.jpeg\" data-width=\"900\" data-height=\"1600\" alt=\"Pineta Black Marble Natural Stone Veneer pieces, Do\u011fal Ta\u015f Kaplama\" style=\"background-image: url(&#039;https:\/\/www.karartmarble.com\/wp-content\/uploads\/2024\/01\/4000-Natural-stone-veneer-10-1.jpeg&#039;)\" href=\"https:\/\/www.karartmarble.com\/wp-content\/uploads\/2024\/01\/4000-Natural-stone-veneer-10-1.jpeg\"><\/a>\n\t                <span class=\"etheme-gallery-item-details etheme-gallery-item-details-inside\"><span class=\"etheme-gallery-lightbox-icon\">\n            <svg version=\"1.1\" xmlns=\"http:\/\/www.w3.org\/2000\/svg\" width=\"1em\" height=\"1em\" viewBox=\"0 0 24 24\" fill=\"currentColor\">\n                <path d=\"M23.784 22.8l-6.168-6.144c1.584-1.848 2.448-4.176 2.448-6.576 0-5.52-4.488-10.032-10.032-10.032-5.52 0-10.008 4.488-10.008 10.008s4.488 10.032 10.032 10.032c2.424 0 4.728-0.864 6.576-2.472l6.168 6.144c0.144 0.144 0.312 0.216 0.48 0.216s0.336-0.072 0.456-0.192c0.144-0.12 0.216-0.288 0.24-0.48 0-0.192-0.072-0.384-0.192-0.504zM18.696 10.080c0 4.752-3.888 8.64-8.664 8.64-4.752 0-8.64-3.888-8.64-8.664 0-4.752 3.888-8.64 8.664-8.64s8.64 3.888 8.64 8.664z\"><\/path>\n            <\/svg>\n        <\/span><\/span>                <\/div>\n\t            \t                        <\/div>\n\t                <div class=\"e-gallery-item etheme-gallery-item\">\n                <div class=\"etheme-gallery-item-overlay\">\n                    <a data-elementor-open-lightbox=\"yes\" data-elementor-lightbox-slideshow=\"all-fedd9b7\" data-elementor-lightbox-title=\"4000-Natural-stone-veneer-9 (1)\" data-e-action-hash=\"#elementor-action%3Aaction%3Dlightbox%26settings%3DeyJpZCI6MjY1NjIsInVybCI6Imh0dHBzOlwvXC93d3cua2FyYXJ0bWFyYmxlLmNvbVwvd3AtY29udGVudFwvdXBsb2Fkc1wvMjAyNFwvMDFcLzQwMDAtTmF0dXJhbC1zdG9uZS12ZW5lZXItOS0xLmpwZyIsInNsaWRlc2hvdyI6ImFsbC1mZWRkOWI3In0%3D\" class=\"e-gallery-image etheme-gallery-image elementor-gallery-item__image\" data-thumbnail=\"https:\/\/www.karartmarble.com\/wp-content\/uploads\/2024\/01\/4000-Natural-stone-veneer-9-1.jpg\" data-width=\"1600\" data-height=\"1302\" alt=\"\" style=\"background-image: url(&#039;https:\/\/www.karartmarble.com\/wp-content\/uploads\/2024\/01\/4000-Natural-stone-veneer-9-1.jpg&#039;)\" href=\"https:\/\/www.karartmarble.com\/wp-content\/uploads\/2024\/01\/4000-Natural-stone-veneer-9-1.jpg\"><\/a>\n\t                <span class=\"etheme-gallery-item-details etheme-gallery-item-details-inside\"><span class=\"etheme-gallery-lightbox-icon\">\n            <svg version=\"1.1\" xmlns=\"http:\/\/www.w3.org\/2000\/svg\" width=\"1em\" height=\"1em\" viewBox=\"0 0 24 24\" fill=\"currentColor\">\n                <path d=\"M23.784 22.8l-6.168-6.144c1.584-1.848 2.448-4.176 2.448-6.576 0-5.52-4.488-10.032-10.032-10.032-5.52 0-10.008 4.488-10.008 10.008s4.488 10.032 10.032 10.032c2.424 0 4.728-0.864 6.576-2.472l6.168 6.144c0.144 0.144 0.312 0.216 0.48 0.216s0.336-0.072 0.456-0.192c0.144-0.12 0.216-0.288 0.24-0.48 0-0.192-0.072-0.384-0.192-0.504zM18.696 10.080c0 4.752-3.888 8.64-8.664 8.64-4.752 0-8.64-3.888-8.64-8.664 0-4.752 3.888-8.64 8.664-8.64s8.64 3.888 8.64 8.664z\"><\/path>\n            <\/svg>\n        <\/span><\/span>                <\/div>\n\t            \t                        <\/div>\n\t                <div class=\"e-gallery-item etheme-gallery-item\">\n                <div class=\"etheme-gallery-item-overlay\">\n                    <a data-elementor-open-lightbox=\"yes\" data-elementor-lightbox-slideshow=\"all-fedd9b7\" data-elementor-lightbox-title=\"4000-Natural-stone-veneer-6 (1)\" data-e-action-hash=\"#elementor-action%3Aaction%3Dlightbox%26settings%3DeyJpZCI6MjY1NjgsInVybCI6Imh0dHBzOlwvXC93d3cua2FyYXJ0bWFyYmxlLmNvbVwvd3AtY29udGVudFwvdXBsb2Fkc1wvMjAyNFwvMDFcLzQwMDAtTmF0dXJhbC1zdG9uZS12ZW5lZXItNi0xLmpwZWciLCJzbGlkZXNob3ciOiJhbGwtZmVkZDliNyJ9\" class=\"e-gallery-image etheme-gallery-image elementor-gallery-item__image\" data-thumbnail=\"https:\/\/www.karartmarble.com\/wp-content\/uploads\/2024\/01\/4000-Natural-stone-veneer-6-1.jpeg\" data-width=\"1200\" data-height=\"1600\" alt=\"\" style=\"background-image: url(&#039;https:\/\/www.karartmarble.com\/wp-content\/uploads\/2024\/01\/4000-Natural-stone-veneer-6-1.jpeg&#039;)\" href=\"https:\/\/www.karartmarble.com\/wp-content\/uploads\/2024\/01\/4000-Natural-stone-veneer-6-1.jpeg\"><\/a>\n\t                <span class=\"etheme-gallery-item-details etheme-gallery-item-details-inside\"><span class=\"etheme-gallery-lightbox-icon\">\n            <svg version=\"1.1\" xmlns=\"http:\/\/www.w3.org\/2000\/svg\" width=\"1em\" height=\"1em\" viewBox=\"0 0 24 24\" fill=\"currentColor\">\n                <path d=\"M23.784 22.8l-6.168-6.144c1.584-1.848 2.448-4.176 2.448-6.576 0-5.52-4.488-10.032-10.032-10.032-5.52 0-10.008 4.488-10.008 10.008s4.488 10.032 10.032 10.032c2.424 0 4.728-0.864 6.576-2.472l6.168 6.144c0.144 0.144 0.312 0.216 0.48 0.216s0.336-0.072 0.456-0.192c0.144-0.12 0.216-0.288 0.24-0.48 0-0.192-0.072-0.384-0.192-0.504zM18.696 10.080c0 4.752-3.888 8.64-8.664 8.64-4.752 0-8.64-3.888-8.64-8.664 0-4.752 3.888-8.64 8.664-8.64s8.64 3.888 8.64 8.664z\"><\/path>\n            <\/svg>\n        <\/span><\/span>                <\/div>\n\t            \t                        <\/div>\n\t                <div class=\"e-gallery-item etheme-gallery-item\">\n                <div class=\"etheme-gallery-item-overlay\">\n                    <a data-elementor-open-lightbox=\"yes\" data-elementor-lightbox-slideshow=\"all-fedd9b7\" data-elementor-lightbox-title=\"4000-Natural-stone-veneer-5 (1)\" data-e-action-hash=\"#elementor-action%3Aaction%3Dlightbox%26settings%3DeyJpZCI6MjY1NzAsInVybCI6Imh0dHBzOlwvXC93d3cua2FyYXJ0bWFyYmxlLmNvbVwvd3AtY29udGVudFwvdXBsb2Fkc1wvMjAyNFwvMDFcLzQwMDAtTmF0dXJhbC1zdG9uZS12ZW5lZXItNS0xLmpwZWciLCJzbGlkZXNob3ciOiJhbGwtZmVkZDliNyJ9\" class=\"e-gallery-image etheme-gallery-image elementor-gallery-item__image\" data-thumbnail=\"https:\/\/www.karartmarble.com\/wp-content\/uploads\/2024\/01\/4000-Natural-stone-veneer-5-1.jpeg\" data-width=\"868\" data-height=\"1165\" alt=\"\" style=\"background-image: url(&#039;https:\/\/www.karartmarble.com\/wp-content\/uploads\/2024\/01\/4000-Natural-stone-veneer-5-1.jpeg&#039;)\" href=\"https:\/\/www.karartmarble.com\/wp-content\/uploads\/2024\/01\/4000-Natural-stone-veneer-5-1.jpeg\"><\/a>\n\t                <span class=\"etheme-gallery-item-details etheme-gallery-item-details-inside\"><span class=\"etheme-gallery-lightbox-icon\">\n            <svg version=\"1.1\" xmlns=\"http:\/\/www.w3.org\/2000\/svg\" width=\"1em\" height=\"1em\" viewBox=\"0 0 24 24\" fill=\"currentColor\">\n                <path d=\"M23.784 22.8l-6.168-6.144c1.584-1.848 2.448-4.176 2.448-6.576 0-5.52-4.488-10.032-10.032-10.032-5.52 0-10.008 4.488-10.008 10.008s4.488 10.032 10.032 10.032c2.424 0 4.728-0.864 6.576-2.472l6.168 6.144c0.144 0.144 0.312 0.216 0.48 0.216s0.336-0.072 0.456-0.192c0.144-0.12 0.216-0.288 0.24-0.48 0-0.192-0.072-0.384-0.192-0.504zM18.696 10.080c0 4.752-3.888 8.64-8.664 8.64-4.752 0-8.64-3.888-8.64-8.664 0-4.752 3.888-8.64 8.664-8.64s8.64 3.888 8.64 8.664z\"><\/path>\n            <\/svg>\n        <\/span><\/span>                <\/div>\n\t            \t                        <\/div>\n\t                <div class=\"e-gallery-item etheme-gallery-item\">\n                <div class=\"etheme-gallery-item-overlay\">\n                    <a data-elementor-open-lightbox=\"yes\" data-elementor-lightbox-slideshow=\"all-fedd9b7\" data-elementor-lightbox-title=\"4000-Natural-stone-veneer-3 (1)\" data-e-action-hash=\"#elementor-action%3Aaction%3Dlightbox%26settings%3DeyJpZCI6MjY1NzIsInVybCI6Imh0dHBzOlwvXC93d3cua2FyYXJ0bWFyYmxlLmNvbVwvd3AtY29udGVudFwvdXBsb2Fkc1wvMjAyNFwvMDFcLzQwMDAtTmF0dXJhbC1zdG9uZS12ZW5lZXItMy0xLmpwZyIsInNsaWRlc2hvdyI6ImFsbC1mZWRkOWI3In0%3D\" class=\"e-gallery-image etheme-gallery-image elementor-gallery-item__image\" data-thumbnail=\"https:\/\/www.karartmarble.com\/wp-content\/uploads\/2024\/01\/4000-Natural-stone-veneer-3-1.jpg\" data-width=\"1600\" data-height=\"1916\" alt=\"\" style=\"background-image: url(&#039;https:\/\/www.karartmarble.com\/wp-content\/uploads\/2024\/01\/4000-Natural-stone-veneer-3-1.jpg&#039;)\" href=\"https:\/\/www.karartmarble.com\/wp-content\/uploads\/2024\/01\/4000-Natural-stone-veneer-3-1.jpg\"><\/a>\n\t                <span class=\"etheme-gallery-item-details etheme-gallery-item-details-inside\"><span class=\"etheme-gallery-lightbox-icon\">\n            <svg version=\"1.1\" xmlns=\"http:\/\/www.w3.org\/2000\/svg\" width=\"1em\" height=\"1em\" viewBox=\"0 0 24 24\" fill=\"currentColor\">\n                <path d=\"M23.784 22.8l-6.168-6.144c1.584-1.848 2.448-4.176 2.448-6.576 0-5.52-4.488-10.032-10.032-10.032-5.52 0-10.008 4.488-10.008 10.008s4.488 10.032 10.032 10.032c2.424 0 4.728-0.864 6.576-2.472l6.168 6.144c0.144 0.144 0.312 0.216 0.48 0.216s0.336-0.072 0.456-0.192c0.144-0.12 0.216-0.288 0.24-0.48 0-0.192-0.072-0.384-0.192-0.504zM18.696 10.080c0 4.752-3.888 8.64-8.664 8.64-4.752 0-8.64-3.888-8.64-8.664 0-4.752 3.888-8.64 8.664-8.64s8.64 3.888 8.64 8.664z\"><\/path>\n            <\/svg>\n        <\/span><\/span>                <\/div>\n\t            \t                        <\/div>\n\t                    <\/div>\n                    <\/div>\n        \n        \t\t\t\t<\/div>\n\t\t\t\t<\/div>\n\t\t\t\t\t<\/div>\n\t\t<\/div>\n\t\t\t\t\t<\/div>\n\t\t<\/section>\n\t\t\t\t<section class=\"elementor-section elementor-top-section elementor-element elementor-element-66514982 elementor-section-boxed elementor-section-height-default elementor-section-height-default\" data-id=\"66514982\" data-element_type=\"section\" data-e-type=\"section\">\n\t\t\t\t\t\t<div class=\"elementor-container elementor-column-gap-default\">\n\t\t\t\t\t<div class=\"elementor-column elementor-col-100 elementor-top-column elementor-element elementor-element-7cef3aed\" data-id=\"7cef3aed\" data-element_type=\"column\" data-e-type=\"column\">\n\t\t\t<div class=\"elementor-widget-wrap elementor-element-populated\">\n\t\t\t\t\t\t<div class=\"elementor-element elementor-element-49c8599 elementor-widget elementor-widget-heading\" data-id=\"49c8599\" data-element_type=\"widget\" data-e-type=\"widget\" data-widget_type=\"heading.default\">\n\t\t\t\t<div class=\"elementor-widget-container\">\n\t\t\t\t\t<h2 class=\"elementor-heading-title elementor-size-default\">Do\u011fal Ta\u015f Kaplama Mermer Rock Face<\/h2>\t\t\t\t<\/div>\n\t\t\t\t<\/div>\n\t\t\t\t\t<\/div>\n\t\t<\/div>\n\t\t\t\t\t<\/div>\n\t\t<\/section>\n\t\t\t\t<section class=\"elementor-section elementor-top-section elementor-element elementor-element-767c946e elementor-section-boxed elementor-section-height-default elementor-section-height-default\" data-id=\"767c946e\" data-element_type=\"section\" data-e-type=\"section\">\n\t\t\t\t\t\t<div class=\"elementor-container elementor-column-gap-default\">\n\t\t\t\t\t<div class=\"elementor-column elementor-col-100 elementor-top-column elementor-element elementor-element-6ba49369\" data-id=\"6ba49369\" data-element_type=\"column\" data-e-type=\"column\">\n\t\t\t<div class=\"elementor-widget-wrap elementor-element-populated\">\n\t\t\t\t\t\t<div class=\"elementor-element elementor-element-292515db elementor-widget elementor-widget-text-editor\" data-id=\"292515db\" data-element_type=\"widget\" data-e-type=\"widget\" data-widget_type=\"text-editor.default\">\n\t\t\t\t<div class=\"elementor-widget-container\">\n\t\t\t\t\t\t\t\t\t<p>Do\u011fal Ta\u015f Kaplama Mermer Rock Face, ocaklardan \u00e7\u0131kar\u0131lan mermer ta\u015flar\u0131n\u0131n, do\u011fal y\u00fczeylerini koruyarak kaplama i\u00e7in uygun boyutlarda kesilmesiyle olu\u015fturulan benzersiz bir \u00fcr\u00fcnd\u00fcr. M\u00fc\u015fterilerimize tavsiye etti\u011fimiz ve kendi in\u015faat projelerimizde s\u0131k\u00e7a kulland\u0131\u011f\u0131m\u0131z bu kaplama, g\u00f6z al\u0131c\u0131 esteti\u011fiyle \u00f6ne \u00e7\u0131kmaktad\u0131r. Bir\u00e7ok yapay kaplama malzemesi ve boyalara k\u0131yasla, Mermer Ta\u015f Kaplama uzun vadede daha ekonomik bir se\u00e7enek sunmaktad\u0131r. Do\u011fal g\u00fczelli\u011fi ve dayan\u0131kl\u0131l\u0131\u011f\u0131 ile mekanlar\u0131n atmosferini zenginle\u015ftiren bu \u00fcr\u00fcn, maliyet etkinli\u011fi sayesinde tercih edilen bir \u00e7\u00f6z\u00fcm haline gelmektedir.<\/p><p>Do\u011fal Ta\u015f Kaplama Mermer Rock Face \u00fcr\u00fcn\u00fcm\u00fcz, 2-5 mm, 5-8 mm veya iste\u011fe ba\u011fl\u0131 kal\u0131nl\u0131klarda do\u011fal y\u00fczeyli mermerlerin ince b\u00f6l\u00fcmlere kesilmesiyle \u00fcretilmektedir, bu da hafif ancak dayan\u0131kl\u0131 bir uygulama sa\u011flamaktad\u0131r. Ortaya \u00e7\u0131kan \u00fcr\u00fcn, do\u011fal ta\u015f kaplama uygulamalar\u0131nda kalite ve yenilik konusundaki taahh\u00fcd\u00fcm\u00fcz\u00fcn bir g\u00f6stergesidir.<\/p><p>\u00dcr\u00fcnlerimizi ke\u015ffetmek i\u00e7in <a href=\"https:\/\/karartmarble.com\/tr\/ucretsiz-mermer-numune\/\"><span style=\"text-decoration: underline;\"><strong>buraya t\u0131klayarak \u00fccretsiz \u00f6rnek kutusu<\/strong><\/span><\/a> talep edin veya Mu\u011fla Yata\u011fan&#8217;daki modern tesislerimizi ziyaret edin.<\/p><p>\ud83d\udd25 \u2018Teklif Al\u2019 butonuna basarak \u00f6zelle\u015ftirilmi\u015f fiyat teklifi al\u0131n, formu doldurun veya do\u011frudan bizimle <a href=\"https:\/\/karartmarble.com\/tr\/iletisim\/\"><span style=\"text-decoration: underline;\"><strong>ileti\u015fime<\/strong><\/span><\/a> ge\u00e7in.<\/p>\t\t\t\t\t\t\t\t<\/div>\n\t\t\t\t<\/div>\n\t\t\t\t<div class=\"elementor-element elementor-element-3a24d90e elementor-widget elementor-widget-heading\" data-id=\"3a24d90e\" data-element_type=\"widget\" data-e-type=\"widget\" data-widget_type=\"heading.default\">\n\t\t\t\t<div class=\"elementor-widget-container\">\n\t\t\t\t\t<h3 class=\"elementor-heading-title elementor-size-default\">\u2b50\ufe0f Mu\u011fla Siyah\u0131 Mermer Do\u011fal Ta\u015f Kaplamam\u0131z\u0131 Ke\u015ffedin<\/h3>\t\t\t\t<\/div>\n\t\t\t\t<\/div>\n\t\t\t\t<div class=\"elementor-element elementor-element-9a615f3 elementor-widget elementor-widget-text-editor\" data-id=\"9a615f3\" data-element_type=\"widget\" data-e-type=\"widget\" data-widget_type=\"text-editor.default\">\n\t\t\t\t<div class=\"elementor-widget-container\">\n\t\t\t\t\t\t\t\t\t<p><strong>Farkl\u0131 Dokular:<\/strong> Her bir Mu\u011fla Siyah\u0131 Mermer par\u00e7as\u0131, her uygulamay\u0131 benzersiz k\u0131lan kendi \u00f6zg\u00fcn dokusuna ve desenine sahiptir.<\/p><p><strong>Do\u011fal Malzeme:<\/strong> \u00c7evre dostu bir malzeme olan do\u011fal ta\u015f yap\u0131s\u0131nda kimyasal bar\u0131nd\u0131rma. g\u00f6zenekleri sayesinde nefes al\u0131r sa\u011fl\u0131kl\u0131d\u0131r.<\/p><p><strong>Dayan\u0131kl\u0131 :<\/strong> Ya\u011fmur, Kar ve di\u011fer \u00e7evresel fakt\u00f6rlere kar\u015f\u0131 m\u00fckemmel koruma sa\u011flar.<\/p><p><strong>Ekonomik:<\/strong>\u00a0 Uzun y\u0131llar boyunca y\u0131pranmaz, solma yapmaz. Bu Sayede uzun vadede\u00a0 di\u011fer kaplama ve boya \u00fcr\u00fcnlerinden daha ekonomiktir.<\/p><p><strong> Is\u0131 Yal\u0131t\u0131m\u0131:<\/strong> S\u0131ca\u011fa ve so\u011fu\u011fa kar\u015f\u0131 korur, yal\u0131t\u0131m sa\u011flar. Di\u011fer yal\u0131t\u0131m malzemeleriyle uyumludur.<\/p>\t\t\t\t\t\t\t\t<\/div>\n\t\t\t\t<\/div>\n\t\t\t\t<div class=\"elementor-element elementor-element-13619e08 elementor-widget elementor-widget-heading\" data-id=\"13619e08\" data-element_type=\"widget\" data-e-type=\"widget\" data-widget_type=\"heading.default\">\n\t\t\t\t<div class=\"elementor-widget-container\">\n\t\t\t\t\t<h3 class=\"elementor-heading-title elementor-size-default\">\ud83d\udc77\ud83c\udffb Do\u011fal Ta\u015f Kaplama Uygulama S\u00fcreci<\/h3>\t\t\t\t<\/div>\n\t\t\t\t<\/div>\n\t\t\t\t<div class=\"elementor-element elementor-element-44033525 elementor-widget elementor-widget-text-editor\" data-id=\"44033525\" data-element_type=\"widget\" data-e-type=\"widget\" data-widget_type=\"text-editor.default\">\n\t\t\t\t<div class=\"elementor-widget-container\">\n\t\t\t\t\t\t\t\t\t<p>Mu\u011fla Siyah\u0131 Mermer Ta\u015f Kaplamam\u0131z\u0131n uygulamas\u0131 son derece kolayd\u0131r. Y\u00fczey haz\u0131rl\u0131\u011f\u0131 ile ba\u015flay\u0131n. Temiz, d\u00fcz ve toz veya enkazdan ar\u0131nm\u0131\u015f oldu\u011fundan emin olun. Gerekirse, yap\u0131\u015ft\u0131r\u0131c\u0131n\u0131n etkinli\u011fini art\u0131rmak i\u00e7in y\u00fczey tipine (kuru duvar, beton veya ah\u015fap gibi) uygun bir astar uygulay\u0131n.<\/p><p>Uygun bir yap\u0131\u015ft\u0131r\u0131c\u0131y\u0131 di\u015fli mala ile k\u00fc\u00e7\u00fck b\u00f6l\u00fcmler halinde uygulay\u0131n. Alt k\u0131s\u0131mdan ba\u015flayarak her kaplama par\u00e7as\u0131n\u0131 s\u0131k\u0131ca yerine yerle\u015ftirin. Gerekirse, bo\u015fluklar\u0131 har\u00e7la doldurun ve fazlas\u0131n\u0131 silin. Kuruduktan sonra, ekstra koruma ve geli\u015fmi\u015f g\u00f6r\u00fcn\u00fcm i\u00e7in m\u00fch\u00fcrleyin.<\/p><p>Profesyonel dan\u0131\u015fmanl\u0131k ve uygulama i\u00e7in bizimle <a href=\"https:\/\/karartmarble.com\/tr\/iletisim\/\"><span style=\"text-decoration: underline;\"><strong>ileti\u015fime<\/strong><\/span><\/a> ge\u00e7in.<\/p>\t\t\t\t\t\t\t\t<\/div>\n\t\t\t\t<\/div>\n\t\t\t\t<div class=\"elementor-element elementor-element-4d7ea46e elementor-widget elementor-widget-heading\" data-id=\"4d7ea46e\" data-element_type=\"widget\" data-e-type=\"widget\" data-widget_type=\"heading.default\">\n\t\t\t\t<div class=\"elementor-widget-container\">\n\t\t\t\t\t<h3 class=\"elementor-heading-title elementor-size-default\">\ud83d\udce6 Paketleme ve Teslimat<\/h3>\t\t\t\t<\/div>\n\t\t\t\t<\/div>\n\t\t\t\t<div class=\"elementor-element elementor-element-45b4480e elementor-widget elementor-widget-text-editor\" data-id=\"45b4480e\" data-element_type=\"widget\" data-e-type=\"widget\" data-widget_type=\"text-editor.default\">\n\t\t\t\t<div class=\"elementor-widget-container\">\n\t\t\t\t\t\t\t\t\t<p>\u00dcr\u00fcnleriniz, \u00f6zel tasarlanm\u0131\u015f y\u00fcksek kaliteli kasalar i\u00e7inde \u00f6zenle paketlenir. Bu sayede en \u00fcst d\u00fczeyde koruma sa\u011flan\u0131r ve sizlere g\u00fcvenle ula\u015f\u0131r. \u00dcr\u00fcnlerinizi dilerseniz fabrikam\u0131zdan teslim alabilirsiniz veya adresinize biz teslim edebiliriz. Sizin i\u00e7in en uygun se\u00e7ene\u011fi belirlemek i\u00e7in ekibimiz her zaman haz\u0131r.<\/p>\t\t\t\t\t\t\t\t<\/div>\n\t\t\t\t<\/div>\n\t\t\t\t<div class=\"elementor-element elementor-element-43630810 elementor-widget elementor-widget-heading\" data-id=\"43630810\" data-element_type=\"widget\" data-e-type=\"widget\" data-widget_type=\"heading.default\">\n\t\t\t\t<div class=\"elementor-widget-container\">\n\t\t\t\t\t<h3 class=\"elementor-heading-title elementor-size-default\">\ud83e\uddfc Mermer Patlatman\u0131n Temizlik ve Bak\u0131m\u0131<\/h3>\t\t\t\t<\/div>\n\t\t\t\t<\/div>\n\t\t\t\t<div class=\"elementor-element elementor-element-682f72c1 elementor-widget elementor-widget-text-editor\" data-id=\"682f72c1\" data-element_type=\"widget\" data-e-type=\"widget\" data-widget_type=\"text-editor.default\">\n\t\t\t\t<div class=\"elementor-widget-container\">\n\t\t\t\t\t\t\t\t\t<p>Mu\u011fla Siyah\u0131 Mermer Ta\u015f Kaplaman\u0131n bak\u0131m\u0131 son derece basittir. Do\u011fal bile\u015fimi, kolay temizlik ve bak\u0131m sa\u011flar, Genel temizli\u011fini bas\u0131n\u00e7l\u0131 su ile yapabilirsiniz, 5 Y\u0131lda bir asit i\u00e7ermeyen kimyasallar ve bas\u0131n\u00e7l\u0131 su ile temizleyebilirsiniz.<\/p>\t\t\t\t\t\t\t\t<\/div>\n\t\t\t\t<\/div>\n\t\t\t\t\t<\/div>\n\t\t<\/div>\n\t\t\t\t\t<\/div>\n\t\t<\/section>\n\t\t\t\t<\/div>\n\t\t","protected":false},"excerpt":{"rendered":"[table id=181 \/]\n","protected":false},"featured_media":25526,"comment_status":"open","ping_status":"closed","template":"","meta":{"inline_featured_image":false},"etheme_brands":[{"term_id":365,"name":"karartmarble","slug":"karartmarble-tr","term_group":0,"term_taxonomy_id":365,"taxonomy":"brand","description":"","parent":0,"count":91,"filter":"raw"}],"product_brand":[],"product_cat":[395,394,404],"product_tag":[],"class_list":{"0":"post-26550","1":"product","2":"type-product","3":"status-publish","4":"has-post-thumbnail","6":"brand-karartmarble-tr","7":"product_cat-dis-mekan-kaplama","8":"product_cat-kaplama","9":"product_cat-tum-urunler","11":"first","12":"outofstock","13":"shipping-taxable","14":"purchasable","15":"product-type-variable"},"_links":{"self":[{"href":"https:\/\/www.karartmarble.com\/tr\/wp-json\/wp\/v2\/product\/26550","targetHints":{"allow":["GET"]}}],"collection":[{"href":"https:\/\/www.karartmarble.com\/tr\/wp-json\/wp\/v2\/product"}],"about":[{"href":"https:\/\/www.karartmarble.com\/tr\/wp-json\/wp\/v2\/types\/product"}],"replies":[{"embeddable":true,"href":"https:\/\/www.karartmarble.com\/tr\/wp-json\/wp\/v2\/comments?post=26550"}],"version-history":[{"count":0,"href":"https:\/\/www.karartmarble.com\/tr\/wp-json\/wp\/v2\/product\/26550\/revisions"}],"wp:featuredmedia":[{"embeddable":true,"href":"https:\/\/www.karartmarble.com\/tr\/wp-json\/wp\/v2\/media\/25526"}],"wp:attachment":[{"href":"https:\/\/www.karartmarble.com\/tr\/wp-json\/wp\/v2\/media?parent=26550"}],"wp:term":[{"taxonomy":"brand","embeddable":true,"href":"https:\/\/www.karartmarble.com\/tr\/wp-json\/wp\/v2\/etheme_brands?post=26550"},{"taxonomy":"product_brand","embeddable":true,"href":"https:\/\/www.karartmarble.com\/tr\/wp-json\/wp\/v2\/product_brand?post=26550"},{"taxonomy":"product_cat","embeddable":true,"href":"https:\/\/www.karartmarble.com\/tr\/wp-json\/wp\/v2\/product_cat?post=26550"},{"taxonomy":"product_tag","embeddable":true,"href":"https:\/\/www.karartmarble.com\/tr\/wp-json\/wp\/v2\/product_tag?post=26550"}],"curies":[{"name":"wp","href":"https:\/\/api.w.org\/{rel}","templated":true}]}}