{"id":30882,"date":"2024-02-03T01:33:51","date_gmt":"2024-02-02T22:33:51","guid":{"rendered":"https:\/\/karartmarble.com\/?post_type=product&#038;p=30882"},"modified":"2024-08-22T21:54:23","modified_gmt":"2024-08-22T18:54:23","slug":"mermer-espresso-takimi","status":"publish","type":"product","link":"https:\/\/www.karartmarble.com\/tr\/urun\/mermer-espresso-takimi\/","title":{"rendered":"Mermer Espresso Tak\u0131m\u0131 <br><span class=\"ata_title\">Siyah &#038; Beyaz<\/span>"},"content":{"rendered":"\t\t<div data-elementor-type=\"wp-post\" data-elementor-id=\"30882\" class=\"elementor elementor-30882 elementor-30879\" data-elementor-post-type=\"product\">\n\t\t\t\t\t\t<section class=\"elementor-section elementor-top-section elementor-element elementor-element-d24dab3 elementor-section-boxed elementor-section-height-default elementor-section-height-default\" data-id=\"d24dab3\" data-element_type=\"section\" data-e-type=\"section\">\n\t\t\t\t\t\t<div class=\"elementor-container elementor-column-gap-default\">\n\t\t\t\t\t<div class=\"elementor-column elementor-col-100 elementor-top-column elementor-element elementor-element-aff3c06\" data-id=\"aff3c06\" data-element_type=\"column\" data-e-type=\"column\">\n\t\t\t<div class=\"elementor-widget-wrap elementor-element-populated\">\n\t\t\t\t\t\t<div class=\"elementor-element elementor-element-fedd9b7 elementor-widget elementor-widget-etheme_gallery\" data-id=\"fedd9b7\" data-element_type=\"widget\" data-e-type=\"widget\" data-settings=\"{&quot;type&quot;:&quot;grid&quot;,&quot;columns&quot;:{&quot;unit&quot;:&quot;px&quot;,&quot;size&quot;:2,&quot;sizes&quot;:[]},&quot;columns_tablet&quot;:{&quot;unit&quot;:&quot;px&quot;,&quot;size&quot;:3,&quot;sizes&quot;:[]},&quot;columns_mobile&quot;:{&quot;unit&quot;:&quot;px&quot;,&quot;size&quot;:2,&quot;sizes&quot;:[]},&quot;columns_gap&quot;:{&quot;unit&quot;:&quot;px&quot;,&quot;size&quot;:10,&quot;sizes&quot;:[]},&quot;columns_gap_tablet&quot;:{&quot;unit&quot;:&quot;px&quot;,&quot;size&quot;:&quot;&quot;,&quot;sizes&quot;:[]},&quot;columns_gap_mobile&quot;:{&quot;unit&quot;:&quot;px&quot;,&quot;size&quot;:&quot;&quot;,&quot;sizes&quot;:[]},&quot;rows_gap&quot;:{&quot;unit&quot;:&quot;px&quot;,&quot;size&quot;:10,&quot;sizes&quot;:[]},&quot;rows_gap_tablet&quot;:{&quot;unit&quot;:&quot;px&quot;,&quot;size&quot;:&quot;&quot;,&quot;sizes&quot;:[]},&quot;rows_gap_mobile&quot;:{&quot;unit&quot;:&quot;px&quot;,&quot;size&quot;:&quot;&quot;,&quot;sizes&quot;:[]}}\" data-widget_type=\"etheme_gallery.default\">\n\t\t\t\t<div class=\"elementor-widget-container\">\n\t\t\t\t\t        \n        <div class=\"etheme-gallery-wrapper\">\n            \t            \n\t            <div class=\"e-gallery etheme-gallery active\" id=\"etheme-gallery-5672\" data-item-settings=\"{&quot;type&quot;:&quot;grid&quot;}\" data-uniq-id=\"5672\">\n                                <div class=\"e-gallery-item etheme-gallery-item\">\n                <div class=\"etheme-gallery-item-overlay\">\n                    <a data-elementor-open-lightbox=\"yes\" data-elementor-lightbox-slideshow=\"all-fedd9b7\" data-e-action-hash=\"#elementor-action%3Aaction%3Dlightbox%26settings%3DeyJpZCI6MzE3MjYsInVybCI6Imh0dHBzOlwvXC93d3cua2FyYXJ0bWFyYmxlLmNvbVwvd3AtY29udGVudFwvdXBsb2Fkc1wvMjAyNFwvMDJcLzkwMzItQmxhY2stTWFyYmxlLUVzcHJlc3NvLVNldC0xLTEtMS53ZWJwIiwic2xpZGVzaG93IjoiYWxsLWZlZGQ5YjcifQ%3D%3D\" class=\"e-gallery-image etheme-gallery-image elementor-gallery-item__image\" data-thumbnail=\"https:\/\/www.karartmarble.com\/wp-content\/uploads\/2024\/02\/9032-Black-Marble-Espresso-Set-1-1-1.webp\" data-width=\"1433\" data-height=\"1433\" alt=\"siyah mermer fincan seti\" style=\"background-image: url(&#039;https:\/\/www.karartmarble.com\/wp-content\/uploads\/2024\/02\/9032-Black-Marble-Espresso-Set-1-1-1.webp&#039;)\" href=\"https:\/\/www.karartmarble.com\/wp-content\/uploads\/2024\/02\/9032-Black-Marble-Espresso-Set-1-1-1.webp\"><\/a>\n\t                <span class=\"etheme-gallery-item-details etheme-gallery-item-details-inside\"><span class=\"etheme-gallery-lightbox-icon\">\n            <svg version=\"1.1\" xmlns=\"http:\/\/www.w3.org\/2000\/svg\" width=\"1em\" height=\"1em\" viewBox=\"0 0 24 24\" fill=\"currentColor\">\n                <path d=\"M23.784 22.8l-6.168-6.144c1.584-1.848 2.448-4.176 2.448-6.576 0-5.52-4.488-10.032-10.032-10.032-5.52 0-10.008 4.488-10.008 10.008s4.488 10.032 10.032 10.032c2.424 0 4.728-0.864 6.576-2.472l6.168 6.144c0.144 0.144 0.312 0.216 0.48 0.216s0.336-0.072 0.456-0.192c0.144-0.12 0.216-0.288 0.24-0.48 0-0.192-0.072-0.384-0.192-0.504zM18.696 10.080c0 4.752-3.888 8.64-8.664 8.64-4.752 0-8.64-3.888-8.64-8.664 0-4.752 3.888-8.64 8.664-8.64s8.64 3.888 8.64 8.664z\"><\/path>\n            <\/svg>\n        <\/span><\/span>                <\/div>\n\t            \t                        <\/div>\n\t                <div class=\"e-gallery-item etheme-gallery-item\">\n                <div class=\"etheme-gallery-item-overlay\">\n                    <a data-elementor-open-lightbox=\"yes\" data-elementor-lightbox-slideshow=\"all-fedd9b7\" data-e-action-hash=\"#elementor-action%3Aaction%3Dlightbox%26settings%3DeyJpZCI6MzE3MjgsInVybCI6Imh0dHBzOlwvXC93d3cua2FyYXJ0bWFyYmxlLmNvbVwvd3AtY29udGVudFwvdXBsb2Fkc1wvMjAyNFwvMDJcLzkwMzItQmxhY2stTWFyYmxlLUVzcHJlc3NvLVNldC0yLTEtMi53ZWJwIiwic2xpZGVzaG93IjoiYWxsLWZlZGQ5YjcifQ%3D%3D\" class=\"e-gallery-image etheme-gallery-image elementor-gallery-item__image\" data-thumbnail=\"https:\/\/www.karartmarble.com\/wp-content\/uploads\/2024\/02\/9032-Black-Marble-Espresso-Set-2-1-2.webp\" data-width=\"1087\" data-height=\"1631\" alt=\"Siyah Mermer Espresso Fincani\" style=\"background-image: url(&#039;https:\/\/www.karartmarble.com\/wp-content\/uploads\/2024\/02\/9032-Black-Marble-Espresso-Set-2-1-2.webp&#039;)\" href=\"https:\/\/www.karartmarble.com\/wp-content\/uploads\/2024\/02\/9032-Black-Marble-Espresso-Set-2-1-2.webp\"><\/a>\n\t                <span class=\"etheme-gallery-item-details etheme-gallery-item-details-inside\"><span class=\"etheme-gallery-lightbox-icon\">\n            <svg version=\"1.1\" xmlns=\"http:\/\/www.w3.org\/2000\/svg\" width=\"1em\" height=\"1em\" viewBox=\"0 0 24 24\" fill=\"currentColor\">\n                <path d=\"M23.784 22.8l-6.168-6.144c1.584-1.848 2.448-4.176 2.448-6.576 0-5.52-4.488-10.032-10.032-10.032-5.52 0-10.008 4.488-10.008 10.008s4.488 10.032 10.032 10.032c2.424 0 4.728-0.864 6.576-2.472l6.168 6.144c0.144 0.144 0.312 0.216 0.48 0.216s0.336-0.072 0.456-0.192c0.144-0.12 0.216-0.288 0.24-0.48 0-0.192-0.072-0.384-0.192-0.504zM18.696 10.080c0 4.752-3.888 8.64-8.664 8.64-4.752 0-8.64-3.888-8.64-8.664 0-4.752 3.888-8.64 8.664-8.64s8.64 3.888 8.64 8.664z\"><\/path>\n            <\/svg>\n        <\/span><\/span>                <\/div>\n\t            \t                        <\/div>\n\t                <div class=\"e-gallery-item etheme-gallery-item\">\n                <div class=\"etheme-gallery-item-overlay\">\n                    <a data-elementor-open-lightbox=\"yes\" data-elementor-lightbox-slideshow=\"all-fedd9b7\" data-e-action-hash=\"#elementor-action%3Aaction%3Dlightbox%26settings%3DeyJpZCI6MzE3MzAsInVybCI6Imh0dHBzOlwvXC93d3cua2FyYXJ0bWFyYmxlLmNvbVwvd3AtY29udGVudFwvdXBsb2Fkc1wvMjAyNFwvMDJcLzkwMzItQmxhY2stTWFyYmxlLUVzcHJlc3NvLVNldC0zLTEtMi53ZWJwIiwic2xpZGVzaG93IjoiYWxsLWZlZGQ5YjcifQ%3D%3D\" class=\"e-gallery-image etheme-gallery-image elementor-gallery-item__image\" data-thumbnail=\"https:\/\/www.karartmarble.com\/wp-content\/uploads\/2024\/02\/9032-Black-Marble-Espresso-Set-3-1-2.webp\" data-width=\"1205\" data-height=\"1808\" alt=\"siyah mermer kahve fincani\" style=\"background-image: url(&#039;https:\/\/www.karartmarble.com\/wp-content\/uploads\/2024\/02\/9032-Black-Marble-Espresso-Set-3-1-2.webp&#039;)\" href=\"https:\/\/www.karartmarble.com\/wp-content\/uploads\/2024\/02\/9032-Black-Marble-Espresso-Set-3-1-2.webp\"><\/a>\n\t                <span class=\"etheme-gallery-item-details etheme-gallery-item-details-inside\"><span class=\"etheme-gallery-lightbox-icon\">\n            <svg version=\"1.1\" xmlns=\"http:\/\/www.w3.org\/2000\/svg\" width=\"1em\" height=\"1em\" viewBox=\"0 0 24 24\" fill=\"currentColor\">\n                <path d=\"M23.784 22.8l-6.168-6.144c1.584-1.848 2.448-4.176 2.448-6.576 0-5.52-4.488-10.032-10.032-10.032-5.52 0-10.008 4.488-10.008 10.008s4.488 10.032 10.032 10.032c2.424 0 4.728-0.864 6.576-2.472l6.168 6.144c0.144 0.144 0.312 0.216 0.48 0.216s0.336-0.072 0.456-0.192c0.144-0.12 0.216-0.288 0.24-0.48 0-0.192-0.072-0.384-0.192-0.504zM18.696 10.080c0 4.752-3.888 8.64-8.664 8.64-4.752 0-8.64-3.888-8.64-8.664 0-4.752 3.888-8.64 8.664-8.64s8.64 3.888 8.64 8.664z\"><\/path>\n            <\/svg>\n        <\/span><\/span>                <\/div>\n\t            \t                        <\/div>\n\t                <div class=\"e-gallery-item etheme-gallery-item\">\n                <div class=\"etheme-gallery-item-overlay\">\n                    <a data-elementor-open-lightbox=\"yes\" data-elementor-lightbox-slideshow=\"all-fedd9b7\" data-e-action-hash=\"#elementor-action%3Aaction%3Dlightbox%26settings%3DeyJpZCI6MzE3MzIsInVybCI6Imh0dHBzOlwvXC93d3cua2FyYXJ0bWFyYmxlLmNvbVwvd3AtY29udGVudFwvdXBsb2Fkc1wvMjAyNFwvMDJcLzkwMzItV2hpdGUtTWFyYmxlLUVzcHJlc3NvLVNldC0yLTEtMi53ZWJwIiwic2xpZGVzaG93IjoiYWxsLWZlZGQ5YjcifQ%3D%3D\" class=\"e-gallery-image etheme-gallery-image elementor-gallery-item__image\" data-thumbnail=\"https:\/\/www.karartmarble.com\/wp-content\/uploads\/2024\/02\/9032-White-Marble-Espresso-Set-2-1-2.webp\" data-width=\"1433\" data-height=\"2150\" alt=\"beyaz mermer fincan seti\" style=\"background-image: url(&#039;https:\/\/www.karartmarble.com\/wp-content\/uploads\/2024\/02\/9032-White-Marble-Espresso-Set-2-1-2.webp&#039;)\" href=\"https:\/\/www.karartmarble.com\/wp-content\/uploads\/2024\/02\/9032-White-Marble-Espresso-Set-2-1-2.webp\"><\/a>\n\t                <span class=\"etheme-gallery-item-details etheme-gallery-item-details-inside\"><span class=\"etheme-gallery-lightbox-icon\">\n            <svg version=\"1.1\" xmlns=\"http:\/\/www.w3.org\/2000\/svg\" width=\"1em\" height=\"1em\" viewBox=\"0 0 24 24\" fill=\"currentColor\">\n                <path d=\"M23.784 22.8l-6.168-6.144c1.584-1.848 2.448-4.176 2.448-6.576 0-5.52-4.488-10.032-10.032-10.032-5.52 0-10.008 4.488-10.008 10.008s4.488 10.032 10.032 10.032c2.424 0 4.728-0.864 6.576-2.472l6.168 6.144c0.144 0.144 0.312 0.216 0.48 0.216s0.336-0.072 0.456-0.192c0.144-0.12 0.216-0.288 0.24-0.48 0-0.192-0.072-0.384-0.192-0.504zM18.696 10.080c0 4.752-3.888 8.64-8.664 8.64-4.752 0-8.64-3.888-8.64-8.664 0-4.752 3.888-8.64 8.664-8.64s8.64 3.888 8.64 8.664z\"><\/path>\n            <\/svg>\n        <\/span><\/span>                <\/div>\n\t            \t                        <\/div>\n\t                    <\/div>\n                    <\/div>\n        \n        \t\t\t\t<\/div>\n\t\t\t\t<\/div>\n\t\t\t\t<div class=\"elementor-element elementor-element-852d143 elementor-widget elementor-widget-text-editor\" data-id=\"852d143\" data-element_type=\"widget\" data-e-type=\"widget\" data-widget_type=\"text-editor.default\">\n\t\t\t\t<div class=\"elementor-widget-container\">\n\t\t\t\t\t\t\t\t\t<h2 class=\"editor_editorParagraph__isQNM\" dir=\"ltr\">Mermer Espresso Tak\u0131m\u0131: Siyah &amp; Beyaz Zarafetin Bulu\u015fmas\u0131<\/h2><p class=\"editor_editorParagraph__isQNM\" dir=\"ltr\">Kahve keyfinizi l\u00fcks ve \u015f\u0131kl\u0131kla bulu\u015fturun! M<strong>ermer Espresso Tak\u0131m\u0131<\/strong>, sofran\u0131za ve ya\u015fam alan\u0131n\u0131za benzersiz bir zarafet katacak.<\/p><p class=\"editor_editorParagraph__isQNM\" dir=\"ltr\"><b><strong class=\"editor_editorTextBold__UTGUL\">\u00d6ne \u00c7\u0131kan \u00d6zellikler:<\/strong><\/b><\/p><p class=\"editor_editorParagraph__isQNM\" dir=\"ltr\">\u2022 <b><strong class=\"editor_editorTextBold__UTGUL\">Malzeme:<\/strong><\/b> %100 do\u011fal mermer<br \/>\u2022 <b><strong class=\"editor_editorTextBold__UTGUL\">Renk:<\/strong><\/b> Siyah ve beyaz mermer kombinasyonu<br \/>\u2022 <b><strong class=\"editor_editorTextBold__UTGUL\">Kapasite:<\/strong><\/b> 70ml<br \/>\u2022 <b><strong class=\"editor_editorTextBold__UTGUL\">Kullan\u0131m Alan\u0131:<\/strong><\/b> Dekorasyon ve g\u00fcnl\u00fck kullan\u0131m<br \/>\u2022 <b><strong class=\"editor_editorTextBold__UTGUL\">Set \u0130\u00e7eri\u011fi:<\/strong><\/b> Fincanlar ve tabaklar (set detaylar\u0131 i\u00e7in l\u00fctfen ileti\u015fime ge\u00e7in)<\/p><h2 class=\"editor_editorParagraph__isQNM\" dir=\"ltr\"><b><strong class=\"editor_editorTextBold__UTGUL\">Neden Bu Espresso Tak\u0131m\u0131n\u0131 Se\u00e7melisiniz?<\/strong><\/b><\/h2><p class=\"editor_editorParagraph__isQNM\" dir=\"ltr\">\ud83c\udf1f <b><strong class=\"editor_editorTextBold__UTGUL\">Do\u011fal G\u00fczellik:<\/strong><\/b> Her par\u00e7a, do\u011fan\u0131n e\u015fsiz desenlerini ta\u015f\u0131yan benzersiz bir sanat eseridir.<\/p><p class=\"editor_editorParagraph__isQNM\" dir=\"ltr\">\ud83c\udf1f <b><strong class=\"editor_editorTextBold__UTGUL\">S\u0131cakl\u0131k Korumas\u0131:<\/strong><\/b> Mermer yap\u0131s\u0131 sayesinde i\u00e7ece\u011finizin s\u0131cakl\u0131\u011f\u0131n\u0131 uzun s\u00fcre korur.<\/p><p class=\"editor_editorParagraph__isQNM\" dir=\"ltr\">\ud83c\udf1f <b><strong class=\"editor_editorTextBold__UTGUL\">\u00c7ok Y\u00f6nl\u00fc Kullan\u0131m:<\/strong><\/b> Espresso servisi d\u0131\u015f\u0131nda, k\u00fc\u00e7\u00fck at\u0131\u015ft\u0131rmal\u0131klar veya meze sunumu i\u00e7in de idealdir.<\/p><p class=\"editor_editorParagraph__isQNM\" dir=\"ltr\">\ud83c\udf1f <b><strong class=\"editor_editorTextBold__UTGUL\">Dayan\u0131kl\u0131l\u0131k:<\/strong><\/b> Y\u00fcksek kaliteli mermer, uzun \u00f6m\u00fcrl\u00fc kullan\u0131m sa\u011flar.<\/p><p class=\"editor_editorParagraph__isQNM\" dir=\"ltr\">\ud83c\udf1f <b><strong class=\"editor_editorTextBold__UTGUL\">Kolay Temizlik:<\/strong><\/b> P\u00fcr\u00fczs\u00fcz y\u00fczeyi sayesinde kolayca temizlenir ve bak\u0131m\u0131 rahatt\u0131r.<\/p><p class=\"editor_editorParagraph__isQNM\" dir=\"ltr\"><b><strong class=\"editor_editorTextBold__UTGUL\">L\u00fcks ve \u0130\u015flevselli\u011fin M\u00fckemmel Uyumu<\/strong><\/b><\/p><p class=\"editor_editorParagraph__isQNM\" dir=\"ltr\"><strong>Mermer Espresso Tak\u0131m\u0131<\/strong>, sadece bir i\u00e7ecek seti de\u011fil, ayn\u0131 zamanda evinizin \u015f\u0131kl\u0131\u011f\u0131n\u0131 tamamlayan bir dekorasyon unsurudur. <strong>Siyah ve beyaz mermerin uyumu<\/strong>, modern ve klasik dekorasyonlara e\u015fit derecede uyum sa\u011flar.<\/p><p class=\"editor_editorParagraph__isQNM\" dir=\"ltr\"><b><strong class=\"editor_editorTextBold__UTGUL\">\u00d6zel Anlar\u0131n\u0131za Yak\u0131\u015f\u0131r<\/strong><\/b><\/p><p class=\"editor_editorParagraph__isQNM\" dir=\"ltr\">\u2022 Misafirlerinize ikram ederken fark yarat\u0131n<br \/>\u2022 Kendinize \u00f6zel bir kahve rit\u00fceli olu\u015fturun<br \/>\u2022 \u00d6zel g\u00fcnlerde sevdiklerinize benzersiz bir hediye sunun<\/p><p class=\"editor_editorParagraph__isQNM\" dir=\"ltr\"><b><strong class=\"editor_editorTextBold__UTGUL\">T\u00fcrk Zanaatkarl\u0131\u011f\u0131n\u0131n \u0130zleri<\/strong><\/b><\/p><p class=\"editor_editorParagraph__isQNM\" dir=\"ltr\">Her bir par\u00e7a, T\u00fcrkiye&#8217;nin \u00fcnl\u00fc mermer ocaklar\u0131ndan elde edilen ta\u015flarla, usta ellerde \u015fekillendiriliyor. Geleneksel ta\u015f i\u015f\u00e7ili\u011fi ile modern tasar\u0131m\u0131n bulu\u015ftu\u011fu bu set, evinizde k\u00fc\u00e7\u00fck bir sanat eseri gibi parlayacak.<\/p><p class=\"editor_editorParagraph__isQNM\" dir=\"ltr\"><b><strong class=\"editor_editorTextBold__UTGUL\">Do\u011fal Malzemenin Avantajlar\u0131<\/strong><\/b><\/p><p class=\"editor_editorParagraph__isQNM\" dir=\"ltr\">Mermer, do\u011fal yap\u0131s\u0131 gere\u011fi:<br \/>\u2022 Is\u0131 yal\u0131t\u0131m\u0131 sa\u011flar<br \/>\u2022 Kokular\u0131 emmez<br \/>\u2022 \u00c7izilmelere kar\u015f\u0131 dayan\u0131kl\u0131d\u0131r<br \/>\u2022 Her par\u00e7a benzersiz desenlere sahiptir<\/p><p class=\"editor_editorParagraph__isQNM\" dir=\"ltr\"><b><strong class=\"editor_editorTextBold__UTGUL\">Bak\u0131m ve Kullan\u0131m \u0130pu\u00e7lar\u0131<\/strong><\/b><\/p><p class=\"editor_editorParagraph__isQNM\" dir=\"ltr\">\u2022 Il\u0131k su ve yumu\u015fak bir bezle temizleyin<br \/>\u2022 A\u015f\u0131nd\u0131r\u0131c\u0131 temizlik malzemelerinden ka\u00e7\u0131n\u0131n<br \/>\u2022 Ani s\u0131cakl\u0131k de\u011fi\u015fimlerinden koruyun<br \/>\u2022 D\u00fc\u015fmelere kar\u015f\u0131 dikkatli olun<\/p><p class=\"editor_editorParagraph__isQNM\" dir=\"ltr\"><strong>Mermer Espresso Tak\u0131m\u0131<\/strong>, kahve tutkunlar\u0131 ve \u015f\u0131k ya\u015fam alanlar\u0131 olu\u015fturmak isteyenler i\u00e7in m\u00fckemmel bir se\u00e7imdir. Do\u011fan\u0131n sanat\u0131n\u0131 evinize ta\u015f\u0131yan bu \u00f6zel set, her kullan\u0131mda size ve misafirlerinize ayr\u0131cal\u0131kl\u0131 bir deneyim sunacak.<\/p><p class=\"editor_editorParagraph__isQNM\" dir=\"ltr\">S\u0131n\u0131rl\u0131 say\u0131da \u00fcretilen bu \u00f6zel seti ka\u00e7\u0131rmay\u0131n! Hemen sipari\u015f verin ve kahve keyfinizi l\u00fckse d\u00f6n\u00fc\u015ft\u00fcr\u00fcn.<\/p><p class=\"editor_editorParagraph__isQNM\" dir=\"ltr\"><i><em class=\"editor_editorTextItalic__60amo\">Not: Her mermer par\u00e7as\u0131 do\u011fal oldu\u011fundan, renk ve desenlerde k\u00fc\u00e7\u00fck farkl\u0131l\u0131klar olabilir. Bu, \u00fcr\u00fcn\u00fcn\u00fcz\u00fcn benzersizli\u011fini garantiler.<\/em><\/i><\/p>\t\t\t\t\t\t\t\t<\/div>\n\t\t\t\t<\/div>\n\t\t\t\t\t<\/div>\n\t\t<\/div>\n\t\t\t\t\t<\/div>\n\t\t<\/section>\n\t\t\t\t<\/div>\n\t\t","protected":false},"excerpt":{"rendered":"[table id=209 \/]\n","protected":false},"featured_media":30886,"comment_status":"open","ping_status":"closed","template":"","meta":{"inline_featured_image":false},"etheme_brands":[{"term_id":365,"name":"karartmarble","slug":"karartmarble-tr","term_group":0,"term_taxonomy_id":365,"taxonomy":"brand","description":"","parent":0,"count":91,"filter":"raw"}],"product_brand":[],"product_cat":[400,404],"product_tag":[],"class_list":{"0":"post-30882","1":"product","2":"type-product","3":"status-publish","4":"has-post-thumbnail","6":"brand-karartmarble-tr","7":"product_cat-objedekorasyon","8":"product_cat-tum-urunler","10":"first","11":"instock","12":"shipping-taxable","13":"purchasable","14":"product-type-simple"},"_links":{"self":[{"href":"https:\/\/www.karartmarble.com\/tr\/wp-json\/wp\/v2\/product\/30882","targetHints":{"allow":["GET"]}}],"collection":[{"href":"https:\/\/www.karartmarble.com\/tr\/wp-json\/wp\/v2\/product"}],"about":[{"href":"https:\/\/www.karartmarble.com\/tr\/wp-json\/wp\/v2\/types\/product"}],"replies":[{"embeddable":true,"href":"https:\/\/www.karartmarble.com\/tr\/wp-json\/wp\/v2\/comments?post=30882"}],"version-history":[{"count":0,"href":"https:\/\/www.karartmarble.com\/tr\/wp-json\/wp\/v2\/product\/30882\/revisions"}],"wp:featuredmedia":[{"embeddable":true,"href":"https:\/\/www.karartmarble.com\/tr\/wp-json\/wp\/v2\/media\/30886"}],"wp:attachment":[{"href":"https:\/\/www.karartmarble.com\/tr\/wp-json\/wp\/v2\/media?parent=30882"}],"wp:term":[{"taxonomy":"brand","embeddable":true,"href":"https:\/\/www.karartmarble.com\/tr\/wp-json\/wp\/v2\/etheme_brands?post=30882"},{"taxonomy":"product_brand","embeddable":true,"href":"https:\/\/www.karartmarble.com\/tr\/wp-json\/wp\/v2\/product_brand?post=30882"},{"taxonomy":"product_cat","embeddable":true,"href":"https:\/\/www.karartmarble.com\/tr\/wp-json\/wp\/v2\/product_cat?post=30882"},{"taxonomy":"product_tag","embeddable":true,"href":"https:\/\/www.karartmarble.com\/tr\/wp-json\/wp\/v2\/product_tag?post=30882"}],"curies":[{"name":"wp","href":"https:\/\/api.w.org\/{rel}","templated":true}]}}