{"id":30946,"date":"2024-02-03T02:05:13","date_gmt":"2024-02-02T23:05:13","guid":{"rendered":"https:\/\/karartmarble.com\/?post_type=product&#038;p=30946"},"modified":"2024-08-22T21:35:58","modified_gmt":"2024-08-22T18:35:58","slug":"lila-mermer-meyve-kasesi","status":"publish","type":"product","link":"https:\/\/www.karartmarble.com\/tr\/urun\/lila-mermer-meyve-kasesi\/","title":{"rendered":"Lila Mermer Meyve Kasesi <br><span class=\"ata_title\">Cilal\u0131 &#038; Honlu<\/span>"},"content":{"rendered":"\t\t<div data-elementor-type=\"wp-post\" data-elementor-id=\"30946\" class=\"elementor elementor-30946 elementor-30941\" data-elementor-post-type=\"product\">\n\t\t\t\t\t\t<section class=\"elementor-section elementor-top-section elementor-element elementor-element-d24dab3 elementor-section-boxed elementor-section-height-default elementor-section-height-default\" data-id=\"d24dab3\" data-element_type=\"section\" data-e-type=\"section\">\n\t\t\t\t\t\t<div class=\"elementor-container elementor-column-gap-default\">\n\t\t\t\t\t<div class=\"elementor-column elementor-col-100 elementor-top-column elementor-element elementor-element-aff3c06\" data-id=\"aff3c06\" data-element_type=\"column\" data-e-type=\"column\">\n\t\t\t<div class=\"elementor-widget-wrap elementor-element-populated\">\n\t\t\t\t\t\t<div class=\"elementor-element elementor-element-fedd9b7 elementor-widget elementor-widget-etheme_gallery\" data-id=\"fedd9b7\" data-element_type=\"widget\" data-e-type=\"widget\" data-settings=\"{&quot;type&quot;:&quot;grid&quot;,&quot;columns&quot;:{&quot;unit&quot;:&quot;px&quot;,&quot;size&quot;:2,&quot;sizes&quot;:[]},&quot;columns_tablet&quot;:{&quot;unit&quot;:&quot;px&quot;,&quot;size&quot;:3,&quot;sizes&quot;:[]},&quot;columns_mobile&quot;:{&quot;unit&quot;:&quot;px&quot;,&quot;size&quot;:2,&quot;sizes&quot;:[]},&quot;columns_gap&quot;:{&quot;unit&quot;:&quot;px&quot;,&quot;size&quot;:10,&quot;sizes&quot;:[]},&quot;columns_gap_tablet&quot;:{&quot;unit&quot;:&quot;px&quot;,&quot;size&quot;:&quot;&quot;,&quot;sizes&quot;:[]},&quot;columns_gap_mobile&quot;:{&quot;unit&quot;:&quot;px&quot;,&quot;size&quot;:&quot;&quot;,&quot;sizes&quot;:[]},&quot;rows_gap&quot;:{&quot;unit&quot;:&quot;px&quot;,&quot;size&quot;:10,&quot;sizes&quot;:[]},&quot;rows_gap_tablet&quot;:{&quot;unit&quot;:&quot;px&quot;,&quot;size&quot;:&quot;&quot;,&quot;sizes&quot;:[]},&quot;rows_gap_mobile&quot;:{&quot;unit&quot;:&quot;px&quot;,&quot;size&quot;:&quot;&quot;,&quot;sizes&quot;:[]}}\" data-widget_type=\"etheme_gallery.default\">\n\t\t\t\t<div class=\"elementor-widget-container\">\n\t\t\t\t\t        \n        <div class=\"etheme-gallery-wrapper\">\n            \t            \n\t            <div class=\"e-gallery etheme-gallery active\" id=\"etheme-gallery-8044\" data-item-settings=\"{&quot;type&quot;:&quot;grid&quot;}\" data-uniq-id=\"8044\">\n                                <div class=\"e-gallery-item etheme-gallery-item\">\n                <div class=\"etheme-gallery-item-overlay\">\n                    <a data-elementor-open-lightbox=\"yes\" data-elementor-lightbox-slideshow=\"all-fedd9b7\" data-e-action-hash=\"#elementor-action%3Aaction%3Dlightbox%26settings%3DeyJpZCI6MzE2NjYsInVybCI6Imh0dHBzOlwvXC93d3cua2FyYXJ0bWFyYmxlLmNvbVwvd3AtY29udGVudFwvdXBsb2Fkc1wvMjAyNFwvMDJcLzkwMjEtTGlsYWMtTWFyYmxlLUZydWl0LUJvd2wtNi0xLTIud2VicCIsInNsaWRlc2hvdyI6ImFsbC1mZWRkOWI3In0%3D\" class=\"e-gallery-image etheme-gallery-image elementor-gallery-item__image\" data-thumbnail=\"https:\/\/www.karartmarble.com\/wp-content\/uploads\/2024\/02\/9021-Lilac-Marble-Fruit-Bowl-6-1-2.webp\" data-width=\"1399\" data-height=\"2098\" alt=\"\" style=\"background-image: url(&#039;https:\/\/www.karartmarble.com\/wp-content\/uploads\/2024\/02\/9021-Lilac-Marble-Fruit-Bowl-6-1-2.webp&#039;)\" href=\"https:\/\/www.karartmarble.com\/wp-content\/uploads\/2024\/02\/9021-Lilac-Marble-Fruit-Bowl-6-1-2.webp\"><\/a>\n\t                <span class=\"etheme-gallery-item-details etheme-gallery-item-details-inside\"><span class=\"etheme-gallery-lightbox-icon\">\n            <svg version=\"1.1\" xmlns=\"http:\/\/www.w3.org\/2000\/svg\" width=\"1em\" height=\"1em\" viewBox=\"0 0 24 24\" fill=\"currentColor\">\n                <path d=\"M23.784 22.8l-6.168-6.144c1.584-1.848 2.448-4.176 2.448-6.576 0-5.52-4.488-10.032-10.032-10.032-5.52 0-10.008 4.488-10.008 10.008s4.488 10.032 10.032 10.032c2.424 0 4.728-0.864 6.576-2.472l6.168 6.144c0.144 0.144 0.312 0.216 0.48 0.216s0.336-0.072 0.456-0.192c0.144-0.12 0.216-0.288 0.24-0.48 0-0.192-0.072-0.384-0.192-0.504zM18.696 10.080c0 4.752-3.888 8.64-8.664 8.64-4.752 0-8.64-3.888-8.64-8.664 0-4.752 3.888-8.64 8.664-8.64s8.64 3.888 8.64 8.664z\"><\/path>\n            <\/svg>\n        <\/span><\/span>                <\/div>\n\t            \t                        <\/div>\n\t                <div class=\"e-gallery-item etheme-gallery-item\">\n                <div class=\"etheme-gallery-item-overlay\">\n                    <a data-elementor-open-lightbox=\"yes\" data-elementor-lightbox-slideshow=\"all-fedd9b7\" data-e-action-hash=\"#elementor-action%3Aaction%3Dlightbox%26settings%3DeyJpZCI6MzE2NjgsInVybCI6Imh0dHBzOlwvXC93d3cua2FyYXJ0bWFyYmxlLmNvbVwvd3AtY29udGVudFwvdXBsb2Fkc1wvMjAyNFwvMDJcLzkwMjEtTGlsYWMtTWFyYmxlLUZydWl0LUJvd2wtMy0xLTIud2VicCIsInNsaWRlc2hvdyI6ImFsbC1mZWRkOWI3In0%3D\" class=\"e-gallery-image etheme-gallery-image elementor-gallery-item__image\" data-thumbnail=\"https:\/\/www.karartmarble.com\/wp-content\/uploads\/2024\/02\/9021-Lilac-Marble-Fruit-Bowl-3-1-2.webp\" data-width=\"1433\" data-height=\"1433\" alt=\"mermer servis tabagi\" style=\"background-image: url(&#039;https:\/\/www.karartmarble.com\/wp-content\/uploads\/2024\/02\/9021-Lilac-Marble-Fruit-Bowl-3-1-2.webp&#039;)\" href=\"https:\/\/www.karartmarble.com\/wp-content\/uploads\/2024\/02\/9021-Lilac-Marble-Fruit-Bowl-3-1-2.webp\"><\/a>\n\t                <span class=\"etheme-gallery-item-details etheme-gallery-item-details-inside\"><span class=\"etheme-gallery-lightbox-icon\">\n            <svg version=\"1.1\" xmlns=\"http:\/\/www.w3.org\/2000\/svg\" width=\"1em\" height=\"1em\" viewBox=\"0 0 24 24\" fill=\"currentColor\">\n                <path d=\"M23.784 22.8l-6.168-6.144c1.584-1.848 2.448-4.176 2.448-6.576 0-5.52-4.488-10.032-10.032-10.032-5.52 0-10.008 4.488-10.008 10.008s4.488 10.032 10.032 10.032c2.424 0 4.728-0.864 6.576-2.472l6.168 6.144c0.144 0.144 0.312 0.216 0.48 0.216s0.336-0.072 0.456-0.192c0.144-0.12 0.216-0.288 0.24-0.48 0-0.192-0.072-0.384-0.192-0.504zM18.696 10.080c0 4.752-3.888 8.64-8.664 8.64-4.752 0-8.64-3.888-8.64-8.664 0-4.752 3.888-8.64 8.664-8.64s8.64 3.888 8.64 8.664z\"><\/path>\n            <\/svg>\n        <\/span><\/span>                <\/div>\n\t            \t                        <\/div>\n\t                <div class=\"e-gallery-item etheme-gallery-item\">\n                <div class=\"etheme-gallery-item-overlay\">\n                    <a data-elementor-open-lightbox=\"yes\" data-elementor-lightbox-slideshow=\"all-fedd9b7\" data-e-action-hash=\"#elementor-action%3Aaction%3Dlightbox%26settings%3DeyJpZCI6MzE2NzAsInVybCI6Imh0dHBzOlwvXC93d3cua2FyYXJ0bWFyYmxlLmNvbVwvd3AtY29udGVudFwvdXBsb2Fkc1wvMjAyNFwvMDJcLzkwMjEtTGlsYWMtTWFyYmxlLUZydWl0LUJvd2wtNC0xLTIud2VicCIsInNsaWRlc2hvdyI6ImFsbC1mZWRkOWI3In0%3D\" class=\"e-gallery-image etheme-gallery-image elementor-gallery-item__image\" data-thumbnail=\"https:\/\/www.karartmarble.com\/wp-content\/uploads\/2024\/02\/9021-Lilac-Marble-Fruit-Bowl-4-1-2.webp\" data-width=\"1433\" data-height=\"1433\" alt=\"sunumluk mermer kase\" style=\"background-image: url(&#039;https:\/\/www.karartmarble.com\/wp-content\/uploads\/2024\/02\/9021-Lilac-Marble-Fruit-Bowl-4-1-2.webp&#039;)\" href=\"https:\/\/www.karartmarble.com\/wp-content\/uploads\/2024\/02\/9021-Lilac-Marble-Fruit-Bowl-4-1-2.webp\"><\/a>\n\t                <span class=\"etheme-gallery-item-details etheme-gallery-item-details-inside\"><span class=\"etheme-gallery-lightbox-icon\">\n            <svg version=\"1.1\" xmlns=\"http:\/\/www.w3.org\/2000\/svg\" width=\"1em\" height=\"1em\" viewBox=\"0 0 24 24\" fill=\"currentColor\">\n                <path d=\"M23.784 22.8l-6.168-6.144c1.584-1.848 2.448-4.176 2.448-6.576 0-5.52-4.488-10.032-10.032-10.032-5.52 0-10.008 4.488-10.008 10.008s4.488 10.032 10.032 10.032c2.424 0 4.728-0.864 6.576-2.472l6.168 6.144c0.144 0.144 0.312 0.216 0.48 0.216s0.336-0.072 0.456-0.192c0.144-0.12 0.216-0.288 0.24-0.48 0-0.192-0.072-0.384-0.192-0.504zM18.696 10.080c0 4.752-3.888 8.64-8.664 8.64-4.752 0-8.64-3.888-8.64-8.664 0-4.752 3.888-8.64 8.664-8.64s8.64 3.888 8.64 8.664z\"><\/path>\n            <\/svg>\n        <\/span><\/span>                <\/div>\n\t            \t                        <\/div>\n\t                <div class=\"e-gallery-item etheme-gallery-item\">\n                <div class=\"etheme-gallery-item-overlay\">\n                    <a data-elementor-open-lightbox=\"yes\" data-elementor-lightbox-slideshow=\"all-fedd9b7\" data-e-action-hash=\"#elementor-action%3Aaction%3Dlightbox%26settings%3DeyJpZCI6MzE2NzIsInVybCI6Imh0dHBzOlwvXC93d3cua2FyYXJ0bWFyYmxlLmNvbVwvd3AtY29udGVudFwvdXBsb2Fkc1wvMjAyNFwvMDJcLzkwMjEtTGlsYWMtTWFyYmxlLUZydWl0LUJvd2wtNS0xLTIud2VicCIsInNsaWRlc2hvdyI6ImFsbC1mZWRkOWI3In0%3D\" class=\"e-gallery-image etheme-gallery-image elementor-gallery-item__image\" data-thumbnail=\"https:\/\/www.karartmarble.com\/wp-content\/uploads\/2024\/02\/9021-Lilac-Marble-Fruit-Bowl-5-1-2.webp\" data-width=\"1433\" data-height=\"2150\" alt=\"lila mermer dekoratif kase\" style=\"background-image: url(&#039;https:\/\/www.karartmarble.com\/wp-content\/uploads\/2024\/02\/9021-Lilac-Marble-Fruit-Bowl-5-1-2.webp&#039;)\" href=\"https:\/\/www.karartmarble.com\/wp-content\/uploads\/2024\/02\/9021-Lilac-Marble-Fruit-Bowl-5-1-2.webp\"><\/a>\n\t                <span class=\"etheme-gallery-item-details etheme-gallery-item-details-inside\"><span class=\"etheme-gallery-lightbox-icon\">\n            <svg version=\"1.1\" xmlns=\"http:\/\/www.w3.org\/2000\/svg\" width=\"1em\" height=\"1em\" viewBox=\"0 0 24 24\" fill=\"currentColor\">\n                <path d=\"M23.784 22.8l-6.168-6.144c1.584-1.848 2.448-4.176 2.448-6.576 0-5.52-4.488-10.032-10.032-10.032-5.52 0-10.008 4.488-10.008 10.008s4.488 10.032 10.032 10.032c2.424 0 4.728-0.864 6.576-2.472l6.168 6.144c0.144 0.144 0.312 0.216 0.48 0.216s0.336-0.072 0.456-0.192c0.144-0.12 0.216-0.288 0.24-0.48 0-0.192-0.072-0.384-0.192-0.504zM18.696 10.080c0 4.752-3.888 8.64-8.664 8.64-4.752 0-8.64-3.888-8.64-8.664 0-4.752 3.888-8.64 8.664-8.64s8.64 3.888 8.64 8.664z\"><\/path>\n            <\/svg>\n        <\/span><\/span>                <\/div>\n\t            \t                        <\/div>\n\t                    <\/div>\n                    <\/div>\n        \n        \t\t\t\t<\/div>\n\t\t\t\t<\/div>\n\t\t\t\t<div class=\"elementor-element elementor-element-852d143 elementor-widget elementor-widget-text-editor\" data-id=\"852d143\" data-element_type=\"widget\" data-e-type=\"widget\" data-widget_type=\"text-editor.default\">\n\t\t\t\t<div class=\"elementor-widget-container\">\n\t\t\t\t\t\t\t\t\t<h2 class=\"editor_editorParagraph__isQNM\" dir=\"ltr\">Lila Mermer Meyve Kasesi: Zarafet ve \u0130\u015flevselli\u011fin M\u00fckemmel Uyumu<\/h2><p class=\"editor_editorParagraph__isQNM\" dir=\"ltr\">Evinize sofistike bir dokunu\u015f katmak i\u00e7in <strong>Lila Mermer Meyve Kasesi<\/strong>&#8216;ni ke\u015ffedin. Bu g\u00f6z al\u0131c\u0131 kase, do\u011fal mermer g\u00fczelli\u011fini modern tasar\u0131mla bulu\u015fturarak ya\u015fam alan\u0131n\u0131za l\u00fcks bir hava kat\u0131yor.<\/p><p class=\"editor_editorParagraph__isQNM\" dir=\"ltr\"><strong>\u00dcr\u00fcn \u00d6zellikleri:<\/strong><br \/>\u2022 <strong>Malzeme<\/strong>: Do\u011fal mermer<br \/>\u2022 <strong>Renk<\/strong>: Bulutsu gri, hafif siyah damarl\u0131<br \/>\u2022 <strong>Boyutlar<\/strong>: \u00c7ap 29 cm, Y\u00fckseklik 10.5 cm<br \/>\u2022 <strong>Y\u00fczey \u0130\u015flemi<\/strong>: Cilal\u0131 ve honlu<\/p><p class=\"editor_editorParagraph__isQNM\" dir=\"ltr\"><strong>\u00c7ok Y\u00f6nl\u00fc Kullan\u0131m:<\/strong><br \/>Bu \u015f\u0131k <strong>mermer kase<\/strong> sadece meyve servisi i\u00e7in de\u011fil, ayn\u0131 zamanda dekoratif bir obje olarak da m\u00fckemmel. Salonunuzda, yemek masan\u0131zda veya giri\u015f hol\u00fcn\u00fczde g\u00f6z al\u0131c\u0131 bir odak noktas\u0131 olarak kullanabilirsiniz. \u0130\u00e7ine renkli meyveler, dekoratif toplar veya \u00e7i\u00e7ekler koyarak her mevsim farkl\u0131 bir g\u00f6r\u00fcn\u00fcm yaratabilirsiniz.<\/p><p class=\"editor_editorParagraph__isQNM\" dir=\"ltr\"><strong>\u00dcst\u00fcn Kalite ve \u0130\u015f\u00e7ilik:<\/strong><br \/>Her <strong>Lila Mermer Meyve Kasesi<\/strong>, deneyimli zanaatkarlar taraf\u0131ndan \u00f6zenle i\u015flenir. Cilal\u0131 ve honlu y\u00fczey i\u015flemi, mermerin do\u011fal g\u00fczelli\u011fini ortaya \u00e7\u0131kar\u0131rken p\u00fcr\u00fczs\u00fcz bir dokunu\u015f sa\u011flar. Dayan\u0131kl\u0131 yap\u0131s\u0131 sayesinde uzun y\u0131llar boyunca ilk g\u00fcnk\u00fc g\u00f6r\u00fcn\u00fcm\u00fcn\u00fc korur.<\/p><p class=\"editor_editorParagraph__isQNM\" dir=\"ltr\"><strong>E\u015fsiz Mermer Deseni:<\/strong><br \/>Do\u011fal mermerin <strong>benzersiz damar yap\u0131s\u0131<\/strong>, her kaseyi biricik k\u0131lar. Bulutsu gri tonu ve zarif siyah damarlar\u0131, modern ve klasik dekorasyon tarzlar\u0131na m\u00fckemmel uyum sa\u011flar.<\/p><p class=\"editor_editorParagraph__isQNM\" dir=\"ltr\"><strong>Bak\u0131m ve Koruma:<\/strong><br \/>Kolay bak\u0131m i\u00e7in nemli bir bezle silerek temizleyebilirsiniz. Asidik maddelerden uzak tutarak mermerin parlakl\u0131\u011f\u0131n\u0131 ve g\u00fczelli\u011fini uzun s\u00fcre koruyabilirsiniz.<\/p><h3 dir=\"ltr\">Lila Mermer Meyve Kasesi \u00d6zel Hediye Se\u00e7ene\u011fi:<\/h3><p dir=\"ltr\"><br \/><strong>Lila Mermer Meyve Kasesi<\/strong>, ev dekorasyonuna \u00f6nem veren sevdikleriniz i\u00e7in m\u00fckemmel bir hediye se\u00e7ene\u011fidir. D\u00fc\u011f\u00fcnler, yeni ev hediyeleri veya \u00f6zel g\u00fcnler i\u00e7in \u015f\u0131k ve kal\u0131c\u0131 bir arma\u011fan olacakt\u0131r. <strong>Lila Mermer Meyve Kasesi<\/strong> ile evinize zarif bir dokunu\u015f kat\u0131n ve ya\u015fam alan\u0131n\u0131z\u0131 l\u00fcks bir atmosferle zenginle\u015ftirin. Bu e\u015fsiz par\u00e7a, fonksiyonelli\u011fi ve esteti\u011fi m\u00fckemmel bir \u015fekilde birle\u015ftirerek her g\u00fcn keyifle kullanaca\u011f\u0131n\u0131z bir dekorasyon unsuru olacak.<\/p>\t\t\t\t\t\t\t\t<\/div>\n\t\t\t\t<\/div>\n\t\t\t\t\t<\/div>\n\t\t<\/div>\n\t\t\t\t\t<\/div>\n\t\t<\/section>\n\t\t\t\t<\/div>\n\t\t","protected":false},"excerpt":{"rendered":"[table id=184 \/]\n","protected":false},"featured_media":30954,"comment_status":"open","ping_status":"closed","template":"","meta":{"inline_featured_image":false},"etheme_brands":[{"term_id":365,"name":"karartmarble","slug":"karartmarble-tr","term_group":0,"term_taxonomy_id":365,"taxonomy":"brand","description":"","parent":0,"count":91,"filter":"raw"}],"product_brand":[],"product_cat":[400,404],"product_tag":[],"class_list":{"0":"post-30946","1":"product","2":"type-product","3":"status-publish","4":"has-post-thumbnail","6":"brand-karartmarble-tr","7":"product_cat-objedekorasyon","8":"product_cat-tum-urunler","10":"first","11":"instock","12":"shipping-taxable","13":"purchasable","14":"product-type-variable"},"_links":{"self":[{"href":"https:\/\/www.karartmarble.com\/tr\/wp-json\/wp\/v2\/product\/30946","targetHints":{"allow":["GET"]}}],"collection":[{"href":"https:\/\/www.karartmarble.com\/tr\/wp-json\/wp\/v2\/product"}],"about":[{"href":"https:\/\/www.karartmarble.com\/tr\/wp-json\/wp\/v2\/types\/product"}],"replies":[{"embeddable":true,"href":"https:\/\/www.karartmarble.com\/tr\/wp-json\/wp\/v2\/comments?post=30946"}],"version-history":[{"count":0,"href":"https:\/\/www.karartmarble.com\/tr\/wp-json\/wp\/v2\/product\/30946\/revisions"}],"wp:featuredmedia":[{"embeddable":true,"href":"https:\/\/www.karartmarble.com\/tr\/wp-json\/wp\/v2\/media\/30954"}],"wp:attachment":[{"href":"https:\/\/www.karartmarble.com\/tr\/wp-json\/wp\/v2\/media?parent=30946"}],"wp:term":[{"taxonomy":"brand","embeddable":true,"href":"https:\/\/www.karartmarble.com\/tr\/wp-json\/wp\/v2\/etheme_brands?post=30946"},{"taxonomy":"product_brand","embeddable":true,"href":"https:\/\/www.karartmarble.com\/tr\/wp-json\/wp\/v2\/product_brand?post=30946"},{"taxonomy":"product_cat","embeddable":true,"href":"https:\/\/www.karartmarble.com\/tr\/wp-json\/wp\/v2\/product_cat?post=30946"},{"taxonomy":"product_tag","embeddable":true,"href":"https:\/\/www.karartmarble.com\/tr\/wp-json\/wp\/v2\/product_tag?post=30946"}],"curies":[{"name":"wp","href":"https:\/\/api.w.org\/{rel}","templated":true}]}}