{"id":31037,"date":"2024-02-03T13:41:16","date_gmt":"2024-02-03T10:41:16","guid":{"rendered":"https:\/\/karartmarble.com\/?post_type=product&#038;p=31037"},"modified":"2025-01-24T20:04:02","modified_gmt":"2025-01-24T17:04:02","slug":"siyah-mermer-kasiklik","status":"publish","type":"product","link":"https:\/\/www.karartmarble.com\/tr\/urun\/siyah-mermer-kasiklik\/","title":{"rendered":"Mermer Ka\u015f\u0131kl\u0131k"},"content":{"rendered":"\t\t<div data-elementor-type=\"wp-post\" data-elementor-id=\"31037\" class=\"elementor elementor-31037 elementor-31034\" data-elementor-post-type=\"product\">\n\t\t\t\t\t\t<section class=\"elementor-section elementor-top-section elementor-element elementor-element-d24dab3 elementor-section-boxed elementor-section-height-default elementor-section-height-default\" data-id=\"d24dab3\" data-element_type=\"section\" data-e-type=\"section\">\n\t\t\t\t\t\t<div class=\"elementor-container elementor-column-gap-default\">\n\t\t\t\t\t<div class=\"elementor-column elementor-col-100 elementor-top-column elementor-element elementor-element-aff3c06\" data-id=\"aff3c06\" data-element_type=\"column\" data-e-type=\"column\">\n\t\t\t<div class=\"elementor-widget-wrap elementor-element-populated\">\n\t\t\t\t\t\t<div class=\"elementor-element elementor-element-fedd9b7 elementor-widget elementor-widget-etheme_gallery\" data-id=\"fedd9b7\" data-element_type=\"widget\" data-e-type=\"widget\" data-settings=\"{&quot;type&quot;:&quot;grid&quot;,&quot;columns&quot;:{&quot;unit&quot;:&quot;px&quot;,&quot;size&quot;:3,&quot;sizes&quot;:[]},&quot;columns_tablet&quot;:{&quot;unit&quot;:&quot;px&quot;,&quot;size&quot;:3,&quot;sizes&quot;:[]},&quot;columns_mobile&quot;:{&quot;unit&quot;:&quot;px&quot;,&quot;size&quot;:2,&quot;sizes&quot;:[]},&quot;columns_gap&quot;:{&quot;unit&quot;:&quot;px&quot;,&quot;size&quot;:10,&quot;sizes&quot;:[]},&quot;columns_gap_tablet&quot;:{&quot;unit&quot;:&quot;px&quot;,&quot;size&quot;:&quot;&quot;,&quot;sizes&quot;:[]},&quot;columns_gap_mobile&quot;:{&quot;unit&quot;:&quot;px&quot;,&quot;size&quot;:&quot;&quot;,&quot;sizes&quot;:[]},&quot;rows_gap&quot;:{&quot;unit&quot;:&quot;px&quot;,&quot;size&quot;:10,&quot;sizes&quot;:[]},&quot;rows_gap_tablet&quot;:{&quot;unit&quot;:&quot;px&quot;,&quot;size&quot;:&quot;&quot;,&quot;sizes&quot;:[]},&quot;rows_gap_mobile&quot;:{&quot;unit&quot;:&quot;px&quot;,&quot;size&quot;:&quot;&quot;,&quot;sizes&quot;:[]}}\" data-widget_type=\"etheme_gallery.default\">\n\t\t\t\t<div class=\"elementor-widget-container\">\n\t\t\t\t\t        \n        <div class=\"etheme-gallery-wrapper\">\n            \t            \n\t            <div class=\"e-gallery etheme-gallery active\" id=\"etheme-gallery-2248\" data-item-settings=\"{&quot;type&quot;:&quot;grid&quot;}\" data-uniq-id=\"2248\">\n                                <div class=\"e-gallery-item etheme-gallery-item\">\n                <div class=\"etheme-gallery-item-overlay\">\n                    <a data-elementor-open-lightbox=\"yes\" data-elementor-lightbox-slideshow=\"all-fedd9b7\" data-e-action-hash=\"#elementor-action%3Aaction%3Dlightbox%26settings%3DeyJpZCI6MzE1ODMsInVybCI6Imh0dHBzOlwvXC93d3cua2FyYXJ0bWFyYmxlLmNvbVwvd3AtY29udGVudFwvdXBsb2Fkc1wvMjAyNFwvMDJcLzkwMjItQmxhY2stTWFyYmxlLVV0ZW5zaWwtSG9sZGVyLTItMS0xLndlYnAiLCJzbGlkZXNob3ciOiJhbGwtZmVkZDliNyJ9\" class=\"e-gallery-image etheme-gallery-image elementor-gallery-item__image\" data-thumbnail=\"https:\/\/www.karartmarble.com\/wp-content\/uploads\/2024\/02\/9022-Black-Marble-Utensil-Holder-2-1-1.webp\" data-width=\"1433\" data-height=\"1433\" alt=\"Mermer mutfak e\u015fya tutucu\" style=\"background-image: url(&#039;https:\/\/www.karartmarble.com\/wp-content\/uploads\/2024\/02\/9022-Black-Marble-Utensil-Holder-2-1-1.webp&#039;)\" href=\"https:\/\/www.karartmarble.com\/wp-content\/uploads\/2024\/02\/9022-Black-Marble-Utensil-Holder-2-1-1.webp\"><\/a>\n\t                <span class=\"etheme-gallery-item-details etheme-gallery-item-details-inside\"><span class=\"etheme-gallery-lightbox-icon\">\n            <svg version=\"1.1\" xmlns=\"http:\/\/www.w3.org\/2000\/svg\" width=\"1em\" height=\"1em\" viewBox=\"0 0 24 24\" fill=\"currentColor\">\n                <path d=\"M23.784 22.8l-6.168-6.144c1.584-1.848 2.448-4.176 2.448-6.576 0-5.52-4.488-10.032-10.032-10.032-5.52 0-10.008 4.488-10.008 10.008s4.488 10.032 10.032 10.032c2.424 0 4.728-0.864 6.576-2.472l6.168 6.144c0.144 0.144 0.312 0.216 0.48 0.216s0.336-0.072 0.456-0.192c0.144-0.12 0.216-0.288 0.24-0.48 0-0.192-0.072-0.384-0.192-0.504zM18.696 10.080c0 4.752-3.888 8.64-8.664 8.64-4.752 0-8.64-3.888-8.64-8.664 0-4.752 3.888-8.64 8.664-8.64s8.64 3.888 8.64 8.664z\"><\/path>\n            <\/svg>\n        <\/span><\/span>                <\/div>\n\t            \t                        <\/div>\n\t                <div class=\"e-gallery-item etheme-gallery-item\">\n                <div class=\"etheme-gallery-item-overlay\">\n                    <a data-elementor-open-lightbox=\"yes\" data-elementor-lightbox-slideshow=\"all-fedd9b7\" data-e-action-hash=\"#elementor-action%3Aaction%3Dlightbox%26settings%3DeyJpZCI6MzE1ODUsInVybCI6Imh0dHBzOlwvXC93d3cua2FyYXJ0bWFyYmxlLmNvbVwvd3AtY29udGVudFwvdXBsb2Fkc1wvMjAyNFwvMDJcLzkwMjItQmxhY2stTWFyYmxlLVV0ZW5zaWwtSG9sZGVyLTMtMS0xLndlYnAiLCJzbGlkZXNob3ciOiJhbGwtZmVkZDliNyJ9\" class=\"e-gallery-image etheme-gallery-image elementor-gallery-item__image\" data-thumbnail=\"https:\/\/www.karartmarble.com\/wp-content\/uploads\/2024\/02\/9022-Black-Marble-Utensil-Holder-3-1-1.webp\" data-width=\"1433\" data-height=\"1433\" alt=\"siyah mermer ka\u015f\u0131k tutucu\" style=\"background-image: url(&#039;https:\/\/www.karartmarble.com\/wp-content\/uploads\/2024\/02\/9022-Black-Marble-Utensil-Holder-3-1-1.webp&#039;)\" href=\"https:\/\/www.karartmarble.com\/wp-content\/uploads\/2024\/02\/9022-Black-Marble-Utensil-Holder-3-1-1.webp\"><\/a>\n\t                <span class=\"etheme-gallery-item-details etheme-gallery-item-details-inside\"><span class=\"etheme-gallery-lightbox-icon\">\n            <svg version=\"1.1\" xmlns=\"http:\/\/www.w3.org\/2000\/svg\" width=\"1em\" height=\"1em\" viewBox=\"0 0 24 24\" fill=\"currentColor\">\n                <path d=\"M23.784 22.8l-6.168-6.144c1.584-1.848 2.448-4.176 2.448-6.576 0-5.52-4.488-10.032-10.032-10.032-5.52 0-10.008 4.488-10.008 10.008s4.488 10.032 10.032 10.032c2.424 0 4.728-0.864 6.576-2.472l6.168 6.144c0.144 0.144 0.312 0.216 0.48 0.216s0.336-0.072 0.456-0.192c0.144-0.12 0.216-0.288 0.24-0.48 0-0.192-0.072-0.384-0.192-0.504zM18.696 10.080c0 4.752-3.888 8.64-8.664 8.64-4.752 0-8.64-3.888-8.64-8.664 0-4.752 3.888-8.64 8.664-8.64s8.64 3.888 8.64 8.664z\"><\/path>\n            <\/svg>\n        <\/span><\/span>                <\/div>\n\t            \t                        <\/div>\n\t                <div class=\"e-gallery-item etheme-gallery-item\">\n                <div class=\"etheme-gallery-item-overlay\">\n                    <a data-elementor-open-lightbox=\"yes\" data-elementor-lightbox-slideshow=\"all-fedd9b7\" data-e-action-hash=\"#elementor-action%3Aaction%3Dlightbox%26settings%3DeyJpZCI6MzE1ODcsInVybCI6Imh0dHBzOlwvXC93d3cua2FyYXJ0bWFyYmxlLmNvbVwvd3AtY29udGVudFwvdXBsb2Fkc1wvMjAyNFwvMDJcLzkwMjItTGlsYWMtTWFyYmxlLVV0ZW5zaWwtSG9sZGVyLTEtMS0xLndlYnAiLCJzbGlkZXNob3ciOiJhbGwtZmVkZDliNyJ9\" class=\"e-gallery-image etheme-gallery-image elementor-gallery-item__image\" data-thumbnail=\"https:\/\/www.karartmarble.com\/wp-content\/uploads\/2024\/02\/9022-Lilac-Marble-Utensil-Holder-1-1-1.webp\" data-width=\"2116\" data-height=\"2822\" alt=\"mermer mutfak aksesuarlar\u0131\" style=\"background-image: url(&#039;https:\/\/www.karartmarble.com\/wp-content\/uploads\/2024\/02\/9022-Lilac-Marble-Utensil-Holder-1-1-1.webp&#039;)\" href=\"https:\/\/www.karartmarble.com\/wp-content\/uploads\/2024\/02\/9022-Lilac-Marble-Utensil-Holder-1-1-1.webp\"><\/a>\n\t                <span class=\"etheme-gallery-item-details etheme-gallery-item-details-inside\"><span class=\"etheme-gallery-lightbox-icon\">\n            <svg version=\"1.1\" xmlns=\"http:\/\/www.w3.org\/2000\/svg\" width=\"1em\" height=\"1em\" viewBox=\"0 0 24 24\" fill=\"currentColor\">\n                <path d=\"M23.784 22.8l-6.168-6.144c1.584-1.848 2.448-4.176 2.448-6.576 0-5.52-4.488-10.032-10.032-10.032-5.52 0-10.008 4.488-10.008 10.008s4.488 10.032 10.032 10.032c2.424 0 4.728-0.864 6.576-2.472l6.168 6.144c0.144 0.144 0.312 0.216 0.48 0.216s0.336-0.072 0.456-0.192c0.144-0.12 0.216-0.288 0.24-0.48 0-0.192-0.072-0.384-0.192-0.504zM18.696 10.080c0 4.752-3.888 8.64-8.664 8.64-4.752 0-8.64-3.888-8.64-8.664 0-4.752 3.888-8.64 8.664-8.64s8.64 3.888 8.64 8.664z\"><\/path>\n            <\/svg>\n        <\/span><\/span>                <\/div>\n\t            \t                        <\/div>\n\t                <div class=\"e-gallery-item etheme-gallery-item\">\n                <div class=\"etheme-gallery-item-overlay\">\n                    <a data-elementor-open-lightbox=\"yes\" data-elementor-lightbox-slideshow=\"all-fedd9b7\" data-e-action-hash=\"#elementor-action%3Aaction%3Dlightbox%26settings%3DeyJpZCI6MzE1ODksInVybCI6Imh0dHBzOlwvXC93d3cua2FyYXJ0bWFyYmxlLmNvbVwvd3AtY29udGVudFwvdXBsb2Fkc1wvMjAyNFwvMDJcLzkwMjItTGlsYWMtTWFyYmxlLVV0ZW5zaWwtSG9sZGVyLTItMS53ZWJwIiwic2xpZGVzaG93IjoiYWxsLWZlZGQ5YjcifQ%3D%3D\" class=\"e-gallery-image etheme-gallery-image elementor-gallery-item__image\" data-thumbnail=\"https:\/\/www.karartmarble.com\/wp-content\/uploads\/2024\/02\/9022-Lilac-Marble-Utensil-Holder-2-1.webp\" data-width=\"1155\" data-height=\"1732\" alt=\"lila mermer ka\u015f\u0131k tutucu\" style=\"background-image: url(&#039;https:\/\/www.karartmarble.com\/wp-content\/uploads\/2024\/02\/9022-Lilac-Marble-Utensil-Holder-2-1.webp&#039;)\" href=\"https:\/\/www.karartmarble.com\/wp-content\/uploads\/2024\/02\/9022-Lilac-Marble-Utensil-Holder-2-1.webp\"><\/a>\n\t                <span class=\"etheme-gallery-item-details etheme-gallery-item-details-inside\"><span class=\"etheme-gallery-lightbox-icon\">\n            <svg version=\"1.1\" xmlns=\"http:\/\/www.w3.org\/2000\/svg\" width=\"1em\" height=\"1em\" viewBox=\"0 0 24 24\" fill=\"currentColor\">\n                <path d=\"M23.784 22.8l-6.168-6.144c1.584-1.848 2.448-4.176 2.448-6.576 0-5.52-4.488-10.032-10.032-10.032-5.52 0-10.008 4.488-10.008 10.008s4.488 10.032 10.032 10.032c2.424 0 4.728-0.864 6.576-2.472l6.168 6.144c0.144 0.144 0.312 0.216 0.48 0.216s0.336-0.072 0.456-0.192c0.144-0.12 0.216-0.288 0.24-0.48 0-0.192-0.072-0.384-0.192-0.504zM18.696 10.080c0 4.752-3.888 8.64-8.664 8.64-4.752 0-8.64-3.888-8.64-8.664 0-4.752 3.888-8.64 8.664-8.64s8.64 3.888 8.64 8.664z\"><\/path>\n            <\/svg>\n        <\/span><\/span>                <\/div>\n\t            \t                        <\/div>\n\t                <div class=\"e-gallery-item etheme-gallery-item\">\n                <div class=\"etheme-gallery-item-overlay\">\n                    <a data-elementor-open-lightbox=\"yes\" data-elementor-lightbox-slideshow=\"all-fedd9b7\" data-e-action-hash=\"#elementor-action%3Aaction%3Dlightbox%26settings%3DeyJpZCI6MzE1OTEsInVybCI6Imh0dHBzOlwvXC93d3cua2FyYXJ0bWFyYmxlLmNvbVwvd3AtY29udGVudFwvdXBsb2Fkc1wvMjAyNFwvMDJcLzkwMjItTGlsYWMtTWFyYmxlLVV0ZW5zaWwtSG9sZGVyLTMtMS0xLndlYnAiLCJzbGlkZXNob3ciOiJhbGwtZmVkZDliNyJ9\" class=\"e-gallery-image etheme-gallery-image elementor-gallery-item__image\" data-thumbnail=\"https:\/\/www.karartmarble.com\/wp-content\/uploads\/2024\/02\/9022-Lilac-Marble-Utensil-Holder-3-1-1.webp\" data-width=\"1433\" data-height=\"1433\" alt=\"lila mermer kalemlik\" style=\"background-image: url(&#039;https:\/\/www.karartmarble.com\/wp-content\/uploads\/2024\/02\/9022-Lilac-Marble-Utensil-Holder-3-1-1.webp&#039;)\" href=\"https:\/\/www.karartmarble.com\/wp-content\/uploads\/2024\/02\/9022-Lilac-Marble-Utensil-Holder-3-1-1.webp\"><\/a>\n\t                <span class=\"etheme-gallery-item-details etheme-gallery-item-details-inside\"><span class=\"etheme-gallery-lightbox-icon\">\n            <svg version=\"1.1\" xmlns=\"http:\/\/www.w3.org\/2000\/svg\" width=\"1em\" height=\"1em\" viewBox=\"0 0 24 24\" fill=\"currentColor\">\n                <path d=\"M23.784 22.8l-6.168-6.144c1.584-1.848 2.448-4.176 2.448-6.576 0-5.52-4.488-10.032-10.032-10.032-5.52 0-10.008 4.488-10.008 10.008s4.488 10.032 10.032 10.032c2.424 0 4.728-0.864 6.576-2.472l6.168 6.144c0.144 0.144 0.312 0.216 0.48 0.216s0.336-0.072 0.456-0.192c0.144-0.12 0.216-0.288 0.24-0.48 0-0.192-0.072-0.384-0.192-0.504zM18.696 10.080c0 4.752-3.888 8.64-8.664 8.64-4.752 0-8.64-3.888-8.64-8.664 0-4.752 3.888-8.64 8.664-8.64s8.64 3.888 8.64 8.664z\"><\/path>\n            <\/svg>\n        <\/span><\/span>                <\/div>\n\t            \t                        <\/div>\n\t                <div class=\"e-gallery-item etheme-gallery-item\">\n                <div class=\"etheme-gallery-item-overlay\">\n                    <a data-elementor-open-lightbox=\"yes\" data-elementor-lightbox-slideshow=\"all-fedd9b7\" data-e-action-hash=\"#elementor-action%3Aaction%3Dlightbox%26settings%3DeyJpZCI6MzE1OTMsInVybCI6Imh0dHBzOlwvXC93d3cua2FyYXJ0bWFyYmxlLmNvbVwvd3AtY29udGVudFwvdXBsb2Fkc1wvMjAyNFwvMDJcLzkwMjItV2hpdGUtTWFyYmxlLVV0ZW5zaWwtSG9sZGVyLTItMS0xLndlYnAiLCJzbGlkZXNob3ciOiJhbGwtZmVkZDliNyJ9\" class=\"e-gallery-image etheme-gallery-image elementor-gallery-item__image\" data-thumbnail=\"https:\/\/www.karartmarble.com\/wp-content\/uploads\/2024\/02\/9022-White-Marble-Utensil-Holder-2-1-1.webp\" data-width=\"1433\" data-height=\"1433\" alt=\"beyaz mermer kalem tutucu\" style=\"background-image: url(&#039;https:\/\/www.karartmarble.com\/wp-content\/uploads\/2024\/02\/9022-White-Marble-Utensil-Holder-2-1-1.webp&#039;)\" href=\"https:\/\/www.karartmarble.com\/wp-content\/uploads\/2024\/02\/9022-White-Marble-Utensil-Holder-2-1-1.webp\"><\/a>\n\t                <span class=\"etheme-gallery-item-details etheme-gallery-item-details-inside\"><span class=\"etheme-gallery-lightbox-icon\">\n            <svg version=\"1.1\" xmlns=\"http:\/\/www.w3.org\/2000\/svg\" width=\"1em\" height=\"1em\" viewBox=\"0 0 24 24\" fill=\"currentColor\">\n                <path d=\"M23.784 22.8l-6.168-6.144c1.584-1.848 2.448-4.176 2.448-6.576 0-5.52-4.488-10.032-10.032-10.032-5.52 0-10.008 4.488-10.008 10.008s4.488 10.032 10.032 10.032c2.424 0 4.728-0.864 6.576-2.472l6.168 6.144c0.144 0.144 0.312 0.216 0.48 0.216s0.336-0.072 0.456-0.192c0.144-0.12 0.216-0.288 0.24-0.48 0-0.192-0.072-0.384-0.192-0.504zM18.696 10.080c0 4.752-3.888 8.64-8.664 8.64-4.752 0-8.64-3.888-8.64-8.664 0-4.752 3.888-8.64 8.664-8.64s8.64 3.888 8.64 8.664z\"><\/path>\n            <\/svg>\n        <\/span><\/span>                <\/div>\n\t            \t                        <\/div>\n\t                    <\/div>\n                    <\/div>\n        \n        \t\t\t\t<\/div>\n\t\t\t\t<\/div>\n\t\t\t\t<div class=\"elementor-element elementor-element-852d143 elementor-widget elementor-widget-text-editor\" data-id=\"852d143\" data-element_type=\"widget\" data-e-type=\"widget\" data-widget_type=\"text-editor.default\">\n\t\t\t\t<div class=\"elementor-widget-container\">\n\t\t\t\t\t\t\t\t\t<h2 class=\"editor_editorParagraph__isQNM\" dir=\"ltr\">Mermer Ka\u015f\u0131kl\u0131k<\/h2><p class=\"editor_editorParagraph__isQNM\" dir=\"ltr\">Mutfa\u011f\u0131n\u0131za zarif bir dokunu\u015f kat\u0131n! <strong>Mermer ka\u015f\u0131kl\u0131k<\/strong>, fonksiyonelli\u011fi ve esteti\u011fi m\u00fckemmel bir \u015fekilde birle\u015ftirir.<\/p><p class=\"editor_editorParagraph__isQNM\" dir=\"ltr\"><strong>\u00d6zellikler<\/strong>:<br \/>\u2022 <strong>\u00c7ap<\/strong>: 10 cm<br \/>\u2022 <strong>Y\u00fckseklik<\/strong>: 14 cm<br \/>\u2022 <strong>Y\u00fczey \u0130\u015flemi<\/strong>: Cilal\u0131 ve Honlu<\/p><p class=\"editor_editorParagraph__isQNM\" dir=\"ltr\"><strong>Kullan\u0131m Alanlar\u0131<\/strong>:<\/p><ul class=\"editor_editorListUl__Z78So\"><li class=\"editor_editorListItem__O5oI5\" value=\"1\">Mutfak tezgah\u0131<\/li><li class=\"editor_editorListItem__O5oI5\" value=\"2\">Yemek masas\u0131<\/li><li class=\"editor_editorListItem__O5oI5\" value=\"3\">Banyo tezgah\u0131<\/li><\/ul><p class=\"editor_editorParagraph__isQNM\" dir=\"ltr\">Do\u011fal mermerden \u00f6zenle \u00fcretilen bu ka\u015f\u0131kl\u0131k, dayan\u0131kl\u0131l\u0131\u011f\u0131 ve zarafeti bir arada sunar. Her bir par\u00e7a, mermer ustalar\u0131m\u0131z taraf\u0131ndan \u00f6zenle i\u015flenerek benzersiz bir g\u00f6r\u00fcn\u00fcm kazan\u0131r.<\/p><p class=\"editor_editorParagraph__isQNM\" dir=\"ltr\"><strong>Renk Se\u00e7enekleri<\/strong>:<br \/>\u2022 Siyah<br \/>\u2022 Lila<br \/>\u2022 Beyaz<\/p><p class=\"editor_editorParagraph__isQNM\" dir=\"ltr\"><strong>Bulutsu gri tonunda<\/strong>, hafif siyah damarl\u0131 yap\u0131s\u0131yla her mutfak dekoruna uyum sa\u011flar. Do\u011fal mermer yap\u0131s\u0131 sayesinde her \u00fcr\u00fcn kendine \u00f6zg\u00fc desen ve renk tonlar\u0131na sahiptir.<\/p><p class=\"editor_editorParagraph__isQNM\" dir=\"ltr\"><strong>Bak\u0131m \u0130pu\u00e7lar\u0131<\/strong>:<\/p><ul class=\"editor_editorListUl__Z78So\"><li class=\"editor_editorListItem__O5oI5\" value=\"1\">Nemli bir bezle silerek temizleyin<\/li><li class=\"editor_editorListItem__O5oI5\" value=\"2\">A\u015f\u0131nd\u0131r\u0131c\u0131 temizlik malzemelerinden ka\u00e7\u0131n\u0131n<\/li><li class=\"editor_editorListItem__O5oI5\" value=\"3\">Asitli g\u0131dalarla uzun s\u00fcreli temas\u0131ndan ka\u00e7\u0131n\u0131n<\/li><\/ul><p class=\"editor_editorParagraph__isQNM\" dir=\"ltr\"><br \/>Bu \u015f\u0131k <strong>mermer ka\u015f\u0131kl\u0131k<\/strong>, mutfa\u011f\u0131n\u0131zda ka\u015f\u0131k, \u00e7atal, b\u0131\u00e7ak veya di\u011fer mutfak aletlerini d\u00fczenli ve eri\u015filebilir bir \u015fekilde saklaman\u0131za yard\u0131mc\u0131 olur. Ayn\u0131 zamanda tezgah \u00fcst\u00fcnde dekoratif bir aksesuar olarak da kullan\u0131labilir.<\/p><p class=\"editor_editorParagraph__isQNM\" dir=\"ltr\"><strong>Y\u00fcksek kaliteli do\u011fal mermer<\/strong>den \u00fcretilen bu ka\u015f\u0131kl\u0131k, dayan\u0131kl\u0131l\u0131\u011f\u0131 ve zarafeti bir arada sunar. Her bir par\u00e7a, mermerin do\u011fal desenlerini yans\u0131tarak benzersiz bir g\u00f6r\u00fcn\u00fcm elde eder.<\/p><p class=\"editor_editorParagraph__isQNM\" dir=\"ltr\"><strong>Siyah, Lila<\/strong> ve <strong>Beyaz<\/strong> renk se\u00e7enekleriyle sunulan bu \u00fcr\u00fcn, farkl\u0131 mutfak dekorlar\u0131na uyum sa\u011flar.<\/p><p class=\"editor_editorParagraph__isQNM\" dir=\"ltr\">Kolay bak\u0131m i\u00e7in nemli bir bezle silerek temizleyebilirsiniz. A\u015f\u0131nd\u0131r\u0131c\u0131 temizlik malzemelerinden ka\u00e7\u0131n\u0131n ve uzun \u00f6m\u00fcrl\u00fc kullan\u0131m i\u00e7in s\u0131v\u0131 ve ya\u011flardan koruyun.<\/p>\t\t\t\t\t\t\t\t<\/div>\n\t\t\t\t<\/div>\n\t\t\t\t\t<\/div>\n\t\t<\/div>\n\t\t\t\t\t<\/div>\n\t\t<\/section>\n\t\t\t\t<\/div>\n\t\t","protected":false},"excerpt":{"rendered":"[table id=205 \/]\n","protected":false},"featured_media":31051,"comment_status":"open","ping_status":"closed","template":"","meta":{"inline_featured_image":false},"etheme_brands":[{"term_id":365,"name":"karartmarble","slug":"karartmarble-tr","term_group":0,"term_taxonomy_id":365,"taxonomy":"brand","description":"","parent":0,"count":91,"filter":"raw"}],"product_brand":[],"product_cat":[400,404],"product_tag":[],"class_list":{"0":"post-31037","1":"product","2":"type-product","3":"status-publish","4":"has-post-thumbnail","6":"brand-karartmarble-tr","7":"product_cat-objedekorasyon","8":"product_cat-tum-urunler","10":"first","11":"instock","12":"shipping-taxable","13":"purchasable","14":"product-type-variable"},"_links":{"self":[{"href":"https:\/\/www.karartmarble.com\/tr\/wp-json\/wp\/v2\/product\/31037","targetHints":{"allow":["GET"]}}],"collection":[{"href":"https:\/\/www.karartmarble.com\/tr\/wp-json\/wp\/v2\/product"}],"about":[{"href":"https:\/\/www.karartmarble.com\/tr\/wp-json\/wp\/v2\/types\/product"}],"replies":[{"embeddable":true,"href":"https:\/\/www.karartmarble.com\/tr\/wp-json\/wp\/v2\/comments?post=31037"}],"version-history":[{"count":0,"href":"https:\/\/www.karartmarble.com\/tr\/wp-json\/wp\/v2\/product\/31037\/revisions"}],"wp:featuredmedia":[{"embeddable":true,"href":"https:\/\/www.karartmarble.com\/tr\/wp-json\/wp\/v2\/media\/31051"}],"wp:attachment":[{"href":"https:\/\/www.karartmarble.com\/tr\/wp-json\/wp\/v2\/media?parent=31037"}],"wp:term":[{"taxonomy":"brand","embeddable":true,"href":"https:\/\/www.karartmarble.com\/tr\/wp-json\/wp\/v2\/etheme_brands?post=31037"},{"taxonomy":"product_brand","embeddable":true,"href":"https:\/\/www.karartmarble.com\/tr\/wp-json\/wp\/v2\/product_brand?post=31037"},{"taxonomy":"product_cat","embeddable":true,"href":"https:\/\/www.karartmarble.com\/tr\/wp-json\/wp\/v2\/product_cat?post=31037"},{"taxonomy":"product_tag","embeddable":true,"href":"https:\/\/www.karartmarble.com\/tr\/wp-json\/wp\/v2\/product_tag?post=31037"}],"curies":[{"name":"wp","href":"https:\/\/api.w.org\/{rel}","templated":true}]}}