{"id":31250,"date":"2024-02-11T00:05:45","date_gmt":"2024-02-10T21:05:45","guid":{"rendered":"https:\/\/karartmarble.com\/?post_type=product&#038;p=31250"},"modified":"2024-08-22T20:54:24","modified_gmt":"2024-08-22T17:54:24","slug":"lila-mermer-dekoratif-tepsi","status":"publish","type":"product","link":"https:\/\/www.karartmarble.com\/tr\/urun\/lila-mermer-dekoratif-tepsi\/","title":{"rendered":"Lila Mermer Dekoratif Tepsi"},"content":{"rendered":"\t\t<div data-elementor-type=\"wp-post\" data-elementor-id=\"31250\" class=\"elementor elementor-31250 elementor-31249\" data-elementor-post-type=\"product\">\n\t\t\t\t\t\t<section class=\"elementor-section elementor-top-section elementor-element elementor-element-d24dab3 elementor-section-boxed elementor-section-height-default elementor-section-height-default\" data-id=\"d24dab3\" data-element_type=\"section\" data-e-type=\"section\">\n\t\t\t\t\t\t<div class=\"elementor-container elementor-column-gap-default\">\n\t\t\t\t\t<div class=\"elementor-column elementor-col-100 elementor-top-column elementor-element elementor-element-aff3c06\" data-id=\"aff3c06\" data-element_type=\"column\" data-e-type=\"column\">\n\t\t\t<div class=\"elementor-widget-wrap elementor-element-populated\">\n\t\t\t\t\t\t<div class=\"elementor-element elementor-element-fedd9b7 elementor-widget elementor-widget-etheme_gallery\" data-id=\"fedd9b7\" data-element_type=\"widget\" data-e-type=\"widget\" data-settings=\"{&quot;type&quot;:&quot;grid&quot;,&quot;columns&quot;:{&quot;unit&quot;:&quot;px&quot;,&quot;size&quot;:2,&quot;sizes&quot;:[]},&quot;columns_tablet&quot;:{&quot;unit&quot;:&quot;px&quot;,&quot;size&quot;:3,&quot;sizes&quot;:[]},&quot;columns_mobile&quot;:{&quot;unit&quot;:&quot;px&quot;,&quot;size&quot;:2,&quot;sizes&quot;:[]},&quot;columns_gap&quot;:{&quot;unit&quot;:&quot;px&quot;,&quot;size&quot;:10,&quot;sizes&quot;:[]},&quot;columns_gap_tablet&quot;:{&quot;unit&quot;:&quot;px&quot;,&quot;size&quot;:&quot;&quot;,&quot;sizes&quot;:[]},&quot;columns_gap_mobile&quot;:{&quot;unit&quot;:&quot;px&quot;,&quot;size&quot;:&quot;&quot;,&quot;sizes&quot;:[]},&quot;rows_gap&quot;:{&quot;unit&quot;:&quot;px&quot;,&quot;size&quot;:10,&quot;sizes&quot;:[]},&quot;rows_gap_tablet&quot;:{&quot;unit&quot;:&quot;px&quot;,&quot;size&quot;:&quot;&quot;,&quot;sizes&quot;:[]},&quot;rows_gap_mobile&quot;:{&quot;unit&quot;:&quot;px&quot;,&quot;size&quot;:&quot;&quot;,&quot;sizes&quot;:[]}}\" data-widget_type=\"etheme_gallery.default\">\n\t\t\t\t<div class=\"elementor-widget-container\">\n\t\t\t\t\t        \n        <div class=\"etheme-gallery-wrapper\">\n            \t            \n\t            <div class=\"e-gallery etheme-gallery active\" id=\"etheme-gallery-9801\" data-item-settings=\"{&quot;type&quot;:&quot;grid&quot;}\" data-uniq-id=\"9801\">\n                                <div class=\"e-gallery-item etheme-gallery-item\">\n                <div class=\"etheme-gallery-item-overlay\">\n                    <a data-elementor-open-lightbox=\"yes\" data-elementor-lightbox-slideshow=\"all-fedd9b7\" data-e-action-hash=\"#elementor-action%3Aaction%3Dlightbox%26settings%3DeyJpZCI6MzEyNzAsInVybCI6Imh0dHBzOlwvXC93d3cua2FyYXJ0bWFyYmxlLmNvbVwvd3AtY29udGVudFwvdXBsb2Fkc1wvMjAyNFwvMDJcLzkwMTEtTGlsYWMtTWFyYmxlLURlY29yYXRpdmUtVHJheS0zLTEtMS53ZWJwIiwic2xpZGVzaG93IjoiYWxsLWZlZGQ5YjcifQ%3D%3D\" class=\"e-gallery-image etheme-gallery-image elementor-gallery-item__image\" data-thumbnail=\"https:\/\/www.karartmarble.com\/wp-content\/uploads\/2024\/02\/9011-Lilac-Marble-Decorative-Tray-3-1-1.webp\" data-width=\"1327\" data-height=\"1327\" alt=\"Lila mermer tepsi\" style=\"background-image: url(&#039;https:\/\/www.karartmarble.com\/wp-content\/uploads\/2024\/02\/9011-Lilac-Marble-Decorative-Tray-3-1-1.webp&#039;)\" href=\"https:\/\/www.karartmarble.com\/wp-content\/uploads\/2024\/02\/9011-Lilac-Marble-Decorative-Tray-3-1-1.webp\"><\/a>\n\t                <span class=\"etheme-gallery-item-details etheme-gallery-item-details-inside\"><span class=\"etheme-gallery-lightbox-icon\">\n            <svg version=\"1.1\" xmlns=\"http:\/\/www.w3.org\/2000\/svg\" width=\"1em\" height=\"1em\" viewBox=\"0 0 24 24\" fill=\"currentColor\">\n                <path d=\"M23.784 22.8l-6.168-6.144c1.584-1.848 2.448-4.176 2.448-6.576 0-5.52-4.488-10.032-10.032-10.032-5.52 0-10.008 4.488-10.008 10.008s4.488 10.032 10.032 10.032c2.424 0 4.728-0.864 6.576-2.472l6.168 6.144c0.144 0.144 0.312 0.216 0.48 0.216s0.336-0.072 0.456-0.192c0.144-0.12 0.216-0.288 0.24-0.48 0-0.192-0.072-0.384-0.192-0.504zM18.696 10.080c0 4.752-3.888 8.64-8.664 8.64-4.752 0-8.64-3.888-8.64-8.664 0-4.752 3.888-8.64 8.664-8.64s8.64 3.888 8.64 8.664z\"><\/path>\n            <\/svg>\n        <\/span><\/span>                <\/div>\n\t            \t                        <\/div>\n\t                <div class=\"e-gallery-item etheme-gallery-item\">\n                <div class=\"etheme-gallery-item-overlay\">\n                    <a data-elementor-open-lightbox=\"yes\" data-elementor-lightbox-slideshow=\"all-fedd9b7\" data-e-action-hash=\"#elementor-action%3Aaction%3Dlightbox%26settings%3DeyJpZCI6MzEyNzIsInVybCI6Imh0dHBzOlwvXC93d3cua2FyYXJ0bWFyYmxlLmNvbVwvd3AtY29udGVudFwvdXBsb2Fkc1wvMjAyNFwvMDJcLzkwMTEtTGlsYWMtTWFyYmxlLURlY29yYXRpdmUtVHJheS00LTEtMS53ZWJwIiwic2xpZGVzaG93IjoiYWxsLWZlZGQ5YjcifQ%3D%3D\" class=\"e-gallery-image etheme-gallery-image elementor-gallery-item__image\" data-thumbnail=\"https:\/\/www.karartmarble.com\/wp-content\/uploads\/2024\/02\/9011-Lilac-Marble-Decorative-Tray-4-1-1.webp\" data-width=\"1433\" data-height=\"1433\" alt=\"Dekoratif mermer tepsi\" style=\"background-image: url(&#039;https:\/\/www.karartmarble.com\/wp-content\/uploads\/2024\/02\/9011-Lilac-Marble-Decorative-Tray-4-1-1.webp&#039;)\" href=\"https:\/\/www.karartmarble.com\/wp-content\/uploads\/2024\/02\/9011-Lilac-Marble-Decorative-Tray-4-1-1.webp\"><\/a>\n\t                <span class=\"etheme-gallery-item-details etheme-gallery-item-details-inside\"><span class=\"etheme-gallery-lightbox-icon\">\n            <svg version=\"1.1\" xmlns=\"http:\/\/www.w3.org\/2000\/svg\" width=\"1em\" height=\"1em\" viewBox=\"0 0 24 24\" fill=\"currentColor\">\n                <path d=\"M23.784 22.8l-6.168-6.144c1.584-1.848 2.448-4.176 2.448-6.576 0-5.52-4.488-10.032-10.032-10.032-5.52 0-10.008 4.488-10.008 10.008s4.488 10.032 10.032 10.032c2.424 0 4.728-0.864 6.576-2.472l6.168 6.144c0.144 0.144 0.312 0.216 0.48 0.216s0.336-0.072 0.456-0.192c0.144-0.12 0.216-0.288 0.24-0.48 0-0.192-0.072-0.384-0.192-0.504zM18.696 10.080c0 4.752-3.888 8.64-8.664 8.64-4.752 0-8.64-3.888-8.64-8.664 0-4.752 3.888-8.64 8.664-8.64s8.64 3.888 8.64 8.664z\"><\/path>\n            <\/svg>\n        <\/span><\/span>                <\/div>\n\t            \t                        <\/div>\n\t                <div class=\"e-gallery-item etheme-gallery-item\">\n                <div class=\"etheme-gallery-item-overlay\">\n                    <a data-elementor-open-lightbox=\"yes\" data-elementor-lightbox-slideshow=\"all-fedd9b7\" data-e-action-hash=\"#elementor-action%3Aaction%3Dlightbox%26settings%3DeyJpZCI6MzEyNzQsInVybCI6Imh0dHBzOlwvXC93d3cua2FyYXJ0bWFyYmxlLmNvbVwvd3AtY29udGVudFwvdXBsb2Fkc1wvMjAyNFwvMDJcLzkwMTEtTGlsYWMtTWFyYmxlLURlY29yYXRpdmUtVHJheS0xLTEtMS53ZWJwIiwic2xpZGVzaG93IjoiYWxsLWZlZGQ5YjcifQ%3D%3D\" class=\"e-gallery-image etheme-gallery-image elementor-gallery-item__image\" data-thumbnail=\"https:\/\/www.karartmarble.com\/wp-content\/uploads\/2024\/02\/9011-Lilac-Marble-Decorative-Tray-1-1-1.webp\" data-width=\"2116\" data-height=\"2822\" alt=\"Modern mermer aksesuar\" style=\"background-image: url(&#039;https:\/\/www.karartmarble.com\/wp-content\/uploads\/2024\/02\/9011-Lilac-Marble-Decorative-Tray-1-1-1.webp&#039;)\" href=\"https:\/\/www.karartmarble.com\/wp-content\/uploads\/2024\/02\/9011-Lilac-Marble-Decorative-Tray-1-1-1.webp\"><\/a>\n\t                <span class=\"etheme-gallery-item-details etheme-gallery-item-details-inside\"><span class=\"etheme-gallery-lightbox-icon\">\n            <svg version=\"1.1\" xmlns=\"http:\/\/www.w3.org\/2000\/svg\" width=\"1em\" height=\"1em\" viewBox=\"0 0 24 24\" fill=\"currentColor\">\n                <path d=\"M23.784 22.8l-6.168-6.144c1.584-1.848 2.448-4.176 2.448-6.576 0-5.52-4.488-10.032-10.032-10.032-5.52 0-10.008 4.488-10.008 10.008s4.488 10.032 10.032 10.032c2.424 0 4.728-0.864 6.576-2.472l6.168 6.144c0.144 0.144 0.312 0.216 0.48 0.216s0.336-0.072 0.456-0.192c0.144-0.12 0.216-0.288 0.24-0.48 0-0.192-0.072-0.384-0.192-0.504zM18.696 10.080c0 4.752-3.888 8.64-8.664 8.64-4.752 0-8.64-3.888-8.64-8.664 0-4.752 3.888-8.64 8.664-8.64s8.64 3.888 8.64 8.664z\"><\/path>\n            <\/svg>\n        <\/span><\/span>                <\/div>\n\t            \t                        <\/div>\n\t                <div class=\"e-gallery-item etheme-gallery-item\">\n                <div class=\"etheme-gallery-item-overlay\">\n                    <a data-elementor-open-lightbox=\"yes\" data-elementor-lightbox-slideshow=\"all-fedd9b7\" data-e-action-hash=\"#elementor-action%3Aaction%3Dlightbox%26settings%3DeyJpZCI6MzEyNzYsInVybCI6Imh0dHBzOlwvXC93d3cua2FyYXJ0bWFyYmxlLmNvbVwvd3AtY29udGVudFwvdXBsb2Fkc1wvMjAyNFwvMDJcLzkwMTEtTGlsYWMtTWFyYmxlLURlY29yYXRpdmUtVHJheS0yLTEtMi53ZWJwIiwic2xpZGVzaG93IjoiYWxsLWZlZGQ5YjcifQ%3D%3D\" class=\"e-gallery-image etheme-gallery-image elementor-gallery-item__image\" data-thumbnail=\"https:\/\/www.karartmarble.com\/wp-content\/uploads\/2024\/02\/9011-Lilac-Marble-Decorative-Tray-2-1-2.webp\" data-width=\"1227\" data-height=\"1840\" alt=\"Zarif dekoratif mermer tepsi\" style=\"background-image: url(&#039;https:\/\/www.karartmarble.com\/wp-content\/uploads\/2024\/02\/9011-Lilac-Marble-Decorative-Tray-2-1-2.webp&#039;)\" href=\"https:\/\/www.karartmarble.com\/wp-content\/uploads\/2024\/02\/9011-Lilac-Marble-Decorative-Tray-2-1-2.webp\"><\/a>\n\t                <span class=\"etheme-gallery-item-details etheme-gallery-item-details-inside\"><span class=\"etheme-gallery-lightbox-icon\">\n            <svg version=\"1.1\" xmlns=\"http:\/\/www.w3.org\/2000\/svg\" width=\"1em\" height=\"1em\" viewBox=\"0 0 24 24\" fill=\"currentColor\">\n                <path d=\"M23.784 22.8l-6.168-6.144c1.584-1.848 2.448-4.176 2.448-6.576 0-5.52-4.488-10.032-10.032-10.032-5.52 0-10.008 4.488-10.008 10.008s4.488 10.032 10.032 10.032c2.424 0 4.728-0.864 6.576-2.472l6.168 6.144c0.144 0.144 0.312 0.216 0.48 0.216s0.336-0.072 0.456-0.192c0.144-0.12 0.216-0.288 0.24-0.48 0-0.192-0.072-0.384-0.192-0.504zM18.696 10.080c0 4.752-3.888 8.64-8.664 8.64-4.752 0-8.64-3.888-8.64-8.664 0-4.752 3.888-8.64 8.664-8.64s8.64 3.888 8.64 8.664z\"><\/path>\n            <\/svg>\n        <\/span><\/span>                <\/div>\n\t            \t                        <\/div>\n\t                    <\/div>\n                    <\/div>\n        \n        \t\t\t\t<\/div>\n\t\t\t\t<\/div>\n\t\t\t\t<div class=\"elementor-element elementor-element-852d143 elementor-widget elementor-widget-text-editor\" data-id=\"852d143\" data-element_type=\"widget\" data-e-type=\"widget\" data-widget_type=\"text-editor.default\">\n\t\t\t\t<div class=\"elementor-widget-container\">\n\t\t\t\t\t\t\t\t\t<h2 class=\"editor_editorParagraph__isQNM\" dir=\"ltr\">Lila Mermer Dekoratif Tepsi<\/h2><p class=\"editor_editorParagraph__isQNM\" dir=\"ltr\">Evinize zarif bir dokunu\u015f katmak i\u00e7in m\u00fckemmel bir se\u00e7im olan <b><strong class=\"editor_editorTextBold__UTGUL\">Lila Mermer Dekoratif Tepsi<\/strong><\/b>, sofistike tasar\u0131m\u0131 ve \u00e7ok y\u00f6nl\u00fc kullan\u0131m\u0131yla \u00f6ne \u00e7\u0131k\u0131yor. Bu e\u015fsiz par\u00e7a, do\u011fal mermerin g\u00fczelli\u011fini modern bir estetikle bulu\u015fturuyor.<\/p><h2 dir=\"ltr\">\u00dcr\u00fcn \u00d6zellikleri:<\/h2><ul class=\"editor_editorListUl__Z78So\"><li class=\"editor_editorListItem__O5oI5\" value=\"1\"><b><strong class=\"editor_editorTextBold__UTGUL\">Renk:<\/strong><\/b> Bulutsu grisi zemin \u00fczerinde hafif siyah damarlar<\/li><li class=\"editor_editorListItem__O5oI5\" value=\"2\"><b><strong class=\"editor_editorTextBold__UTGUL\">Y\u00fczey \u0130\u015flemi:<\/strong><\/b> Cilal\u0131 ve honlu<\/li><li class=\"editor_editorListItem__O5oI5\" value=\"3\"><b><strong class=\"editor_editorTextBold__UTGUL\">Boyutlar:<\/strong><\/b> \u00c7ap 24.5 cm, Y\u00fckseklik 3 cm<\/li><li class=\"editor_editorListItem__O5oI5\" value=\"4\"><b><strong class=\"editor_editorTextBold__UTGUL\">Malzeme:<\/strong><\/b> Do\u011fal mermer<\/li><\/ul><h2 dir=\"ltr\">Zarif Tasar\u0131m, \u00c7ok Y\u00f6nl\u00fc Kullan\u0131m<\/h2><p class=\"editor_editorParagraph__isQNM\" dir=\"ltr\">Bu g\u00f6z al\u0131c\u0131 <strong>mermer tepsi<\/strong>, evinizin herhangi bir k\u00f6\u015fesine l\u00fcks bir hava katacak. Pastel lila tonlar\u0131 ve ince siyah damarlar\u0131 ile her ortama uyum sa\u011flayan bu par\u00e7a, ayn\u0131 zamanda dayan\u0131kl\u0131 ve kullan\u0131\u015fl\u0131 bir aksesuard\u0131r.<\/p><ul class=\"editor_editorListUl__Z78So\"><li class=\"editor_editorListItem__O5oI5\" value=\"1\"><b><strong class=\"editor_editorTextBold__UTGUL\">Servis Tepsisi:<\/strong><\/b> Misafirlerinize \u00e7ay, kahve veya aperatifler sunmak i\u00e7in \u015f\u0131k bir se\u00e7enek<\/li><li class=\"editor_editorListItem__O5oI5\" value=\"2\"><b><strong class=\"editor_editorTextBold__UTGUL\">Dekoratif E\u015fya:<\/strong><\/b> Oturma odan\u0131zda sehpa \u00fczerinde veya yatak odan\u0131zda komodin \u00fcst\u00fcnde dekoratif bir obje olarak kullan\u0131n<\/li><li class=\"editor_editorListItem__O5oI5\" value=\"3\"><b><strong class=\"editor_editorTextBold__UTGUL\">Organizasyon:<\/strong><\/b> Banyoda kozmetik \u00fcr\u00fcnlerinizi, \u00e7al\u0131\u015fma masan\u0131zda k\u0131rtasiye malzemelerinizi d\u00fczenlemek i\u00e7in ideal<\/li><\/ul><h2 dir=\"ltr\">\u00d6zenli Bak\u0131m \u0130\u00e7in \u0130pu\u00e7lar\u0131<\/h2><p class=\"editor_editorParagraph__isQNM\" dir=\"ltr\">Lila Mermer Dekoratif Tepsi&#8217;nizin g\u00fczelli\u011fini uzun y\u0131llar korumak i\u00e7in:<\/p><ul class=\"editor_editorListUl__Z78So\"><li class=\"editor_editorListItem__O5oI5\" value=\"1\">Nemli bir bezle d\u00fczenli olarak silin<\/li><li class=\"editor_editorListItem__O5oI5\" value=\"2\">Asitli temizleyicilerden ka\u00e7\u0131n\u0131n<\/li><li class=\"editor_editorListItem__O5oI5\" value=\"3\">A\u011f\u0131r nesneler koymaktan ka\u00e7\u0131n\u0131n<\/li><li class=\"editor_editorListItem__O5oI5\" value=\"4\">Direkt g\u00fcne\u015f \u0131\u015f\u0131\u011f\u0131ndan koruyun<\/li><\/ul><p class=\"editor_editorParagraph__isQNM\" dir=\"ltr\">Bu \u00f6zel tasar\u0131m mermer tepsi, evinize ekleyece\u011finiz hem estetik hem de fonksiyonel bir par\u00e7a olacak. Do\u011fal ta\u015f\u0131n e\u015fsiz desenleri sayesinde, her bir \u00fcr\u00fcn benzersizdir ve sizin i\u00e7in \u00f6zel olarak se\u00e7ilmi\u015ftir. <strong>Lila Mermer Dekoratif Tepsi<\/strong> ile ya\u015fam alanlar\u0131n\u0131za sofistike bir dokunu\u015f kat\u0131n ve g\u00fcnl\u00fck ya\u015fam\u0131n\u0131za biraz l\u00fcks ekleyin.<\/p>\t\t\t\t\t\t\t\t<\/div>\n\t\t\t\t<\/div>\n\t\t\t\t\t<\/div>\n\t\t<\/div>\n\t\t\t\t\t<\/div>\n\t\t<\/section>\n\t\t\t\t<\/div>\n\t\t","protected":false},"excerpt":{"rendered":"[table id=203 \/]\n","protected":false},"featured_media":31252,"comment_status":"open","ping_status":"closed","template":"","meta":{"inline_featured_image":false},"etheme_brands":[{"term_id":365,"name":"karartmarble","slug":"karartmarble-tr","term_group":0,"term_taxonomy_id":365,"taxonomy":"brand","description":"","parent":0,"count":91,"filter":"raw"}],"product_brand":[],"product_cat":[400,404],"product_tag":[],"class_list":{"0":"post-31250","1":"product","2":"type-product","3":"status-publish","4":"has-post-thumbnail","6":"brand-karartmarble-tr","7":"product_cat-objedekorasyon","8":"product_cat-tum-urunler","10":"first","11":"instock","12":"shipping-taxable","13":"purchasable","14":"product-type-simple"},"_links":{"self":[{"href":"https:\/\/www.karartmarble.com\/tr\/wp-json\/wp\/v2\/product\/31250","targetHints":{"allow":["GET"]}}],"collection":[{"href":"https:\/\/www.karartmarble.com\/tr\/wp-json\/wp\/v2\/product"}],"about":[{"href":"https:\/\/www.karartmarble.com\/tr\/wp-json\/wp\/v2\/types\/product"}],"replies":[{"embeddable":true,"href":"https:\/\/www.karartmarble.com\/tr\/wp-json\/wp\/v2\/comments?post=31250"}],"version-history":[{"count":0,"href":"https:\/\/www.karartmarble.com\/tr\/wp-json\/wp\/v2\/product\/31250\/revisions"}],"wp:featuredmedia":[{"embeddable":true,"href":"https:\/\/www.karartmarble.com\/tr\/wp-json\/wp\/v2\/media\/31252"}],"wp:attachment":[{"href":"https:\/\/www.karartmarble.com\/tr\/wp-json\/wp\/v2\/media?parent=31250"}],"wp:term":[{"taxonomy":"brand","embeddable":true,"href":"https:\/\/www.karartmarble.com\/tr\/wp-json\/wp\/v2\/etheme_brands?post=31250"},{"taxonomy":"product_brand","embeddable":true,"href":"https:\/\/www.karartmarble.com\/tr\/wp-json\/wp\/v2\/product_brand?post=31250"},{"taxonomy":"product_cat","embeddable":true,"href":"https:\/\/www.karartmarble.com\/tr\/wp-json\/wp\/v2\/product_cat?post=31250"},{"taxonomy":"product_tag","embeddable":true,"href":"https:\/\/www.karartmarble.com\/tr\/wp-json\/wp\/v2\/product_tag?post=31250"}],"curies":[{"name":"wp","href":"https:\/\/api.w.org\/{rel}","templated":true}]}}