{"id":31330,"date":"2024-02-11T03:18:00","date_gmt":"2024-02-11T00:18:00","guid":{"rendered":"https:\/\/karartmarble.com\/?post_type=product&#038;p=31330"},"modified":"2024-08-22T20:36:40","modified_gmt":"2024-08-22T17:36:40","slug":"siyah-mermer-sise-sogutucu","status":"publish","type":"product","link":"https:\/\/www.karartmarble.com\/tr\/urun\/siyah-mermer-sise-sogutucu\/","title":{"rendered":"Siyah Mermer \u015ei\u015fe So\u011futucu"},"content":{"rendered":"\t\t<div data-elementor-type=\"wp-post\" data-elementor-id=\"31330\" class=\"elementor elementor-31330 elementor-31329\" data-elementor-post-type=\"product\">\n\t\t\t\t\t\t<section class=\"elementor-section elementor-top-section elementor-element elementor-element-d24dab3 elementor-section-boxed elementor-section-height-default elementor-section-height-default\" data-id=\"d24dab3\" data-element_type=\"section\" data-e-type=\"section\">\n\t\t\t\t\t\t<div class=\"elementor-container elementor-column-gap-default\">\n\t\t\t\t\t<div class=\"elementor-column elementor-col-100 elementor-top-column elementor-element elementor-element-aff3c06\" data-id=\"aff3c06\" data-element_type=\"column\" data-e-type=\"column\">\n\t\t\t<div class=\"elementor-widget-wrap elementor-element-populated\">\n\t\t\t\t\t\t<div class=\"elementor-element elementor-element-fedd9b7 elementor-widget elementor-widget-etheme_gallery\" data-id=\"fedd9b7\" data-element_type=\"widget\" data-e-type=\"widget\" data-settings=\"{&quot;type&quot;:&quot;grid&quot;,&quot;columns&quot;:{&quot;unit&quot;:&quot;px&quot;,&quot;size&quot;:2,&quot;sizes&quot;:[]},&quot;columns_tablet&quot;:{&quot;unit&quot;:&quot;px&quot;,&quot;size&quot;:3,&quot;sizes&quot;:[]},&quot;columns_mobile&quot;:{&quot;unit&quot;:&quot;px&quot;,&quot;size&quot;:2,&quot;sizes&quot;:[]},&quot;columns_gap&quot;:{&quot;unit&quot;:&quot;px&quot;,&quot;size&quot;:10,&quot;sizes&quot;:[]},&quot;columns_gap_tablet&quot;:{&quot;unit&quot;:&quot;px&quot;,&quot;size&quot;:&quot;&quot;,&quot;sizes&quot;:[]},&quot;columns_gap_mobile&quot;:{&quot;unit&quot;:&quot;px&quot;,&quot;size&quot;:&quot;&quot;,&quot;sizes&quot;:[]},&quot;rows_gap&quot;:{&quot;unit&quot;:&quot;px&quot;,&quot;size&quot;:10,&quot;sizes&quot;:[]},&quot;rows_gap_tablet&quot;:{&quot;unit&quot;:&quot;px&quot;,&quot;size&quot;:&quot;&quot;,&quot;sizes&quot;:[]},&quot;rows_gap_mobile&quot;:{&quot;unit&quot;:&quot;px&quot;,&quot;size&quot;:&quot;&quot;,&quot;sizes&quot;:[]}}\" data-widget_type=\"etheme_gallery.default\">\n\t\t\t\t<div class=\"elementor-widget-container\">\n\t\t\t\t\t        \n        <div class=\"etheme-gallery-wrapper\">\n            \t            \n\t            <div class=\"e-gallery etheme-gallery active\" id=\"etheme-gallery-9305\" data-item-settings=\"{&quot;type&quot;:&quot;grid&quot;}\" data-uniq-id=\"9305\">\n                                <div class=\"e-gallery-item etheme-gallery-item\">\n                <div class=\"etheme-gallery-item-overlay\">\n                    <a data-elementor-open-lightbox=\"yes\" data-elementor-lightbox-slideshow=\"all-fedd9b7\" data-elementor-lightbox-title=\"9051-Black-Marble-Bottle-Cooler-2 (2)\" data-e-action-hash=\"#elementor-action%3Aaction%3Dlightbox%26settings%3DeyJpZCI6MzEzNDgsInVybCI6Imh0dHBzOlwvXC93d3cua2FyYXJ0bWFyYmxlLmNvbVwvd3AtY29udGVudFwvdXBsb2Fkc1wvMjAyNFwvMDJcLzkwNTEtQmxhY2stTWFyYmxlLUJvdHRsZS1Db29sZXItMi0yLTEud2VicCIsInNsaWRlc2hvdyI6ImFsbC1mZWRkOWI3In0%3D\" class=\"e-gallery-image etheme-gallery-image elementor-gallery-item__image\" data-thumbnail=\"https:\/\/www.karartmarble.com\/wp-content\/uploads\/2024\/02\/9051-Black-Marble-Bottle-Cooler-2-2-1.webp\" data-width=\"1313\" data-height=\"1313\" alt=\"mermer i\u00e7ki so\u011futucu\" style=\"background-image: url(&#039;https:\/\/www.karartmarble.com\/wp-content\/uploads\/2024\/02\/9051-Black-Marble-Bottle-Cooler-2-2-1.webp&#039;)\" href=\"https:\/\/www.karartmarble.com\/wp-content\/uploads\/2024\/02\/9051-Black-Marble-Bottle-Cooler-2-2-1.webp\"><\/a>\n\t                <span class=\"etheme-gallery-item-details etheme-gallery-item-details-inside\"><span class=\"etheme-gallery-lightbox-icon\">\n            <svg version=\"1.1\" xmlns=\"http:\/\/www.w3.org\/2000\/svg\" width=\"1em\" height=\"1em\" viewBox=\"0 0 24 24\" fill=\"currentColor\">\n                <path d=\"M23.784 22.8l-6.168-6.144c1.584-1.848 2.448-4.176 2.448-6.576 0-5.52-4.488-10.032-10.032-10.032-5.52 0-10.008 4.488-10.008 10.008s4.488 10.032 10.032 10.032c2.424 0 4.728-0.864 6.576-2.472l6.168 6.144c0.144 0.144 0.312 0.216 0.48 0.216s0.336-0.072 0.456-0.192c0.144-0.12 0.216-0.288 0.24-0.48 0-0.192-0.072-0.384-0.192-0.504zM18.696 10.080c0 4.752-3.888 8.64-8.664 8.64-4.752 0-8.64-3.888-8.64-8.664 0-4.752 3.888-8.64 8.664-8.64s8.64 3.888 8.64 8.664z\"><\/path>\n            <\/svg>\n        <\/span><\/span>                <\/div>\n\t            \t                        <\/div>\n\t                <div class=\"e-gallery-item etheme-gallery-item\">\n                <div class=\"etheme-gallery-item-overlay\">\n                    <a data-elementor-open-lightbox=\"yes\" data-elementor-lightbox-slideshow=\"all-fedd9b7\" data-elementor-lightbox-title=\"9051-Black-Marble-Bottle-Cooler-1 (1)\" data-e-action-hash=\"#elementor-action%3Aaction%3Dlightbox%26settings%3DeyJpZCI6MzEzNTAsInVybCI6Imh0dHBzOlwvXC93d3cua2FyYXJ0bWFyYmxlLmNvbVwvd3AtY29udGVudFwvdXBsb2Fkc1wvMjAyNFwvMDJcLzkwNTEtQmxhY2stTWFyYmxlLUJvdHRsZS1Db29sZXItMS0xLTEud2VicCIsInNsaWRlc2hvdyI6ImFsbC1mZWRkOWI3In0%3D\" class=\"e-gallery-image etheme-gallery-image elementor-gallery-item__image\" data-thumbnail=\"https:\/\/www.karartmarble.com\/wp-content\/uploads\/2024\/02\/9051-Black-Marble-Bottle-Cooler-1-1-1.webp\" data-width=\"791\" data-height=\"1187\" alt=\"siyah mermer \u015farap tutucu\" style=\"background-image: url(&#039;https:\/\/www.karartmarble.com\/wp-content\/uploads\/2024\/02\/9051-Black-Marble-Bottle-Cooler-1-1-1.webp&#039;)\" href=\"https:\/\/www.karartmarble.com\/wp-content\/uploads\/2024\/02\/9051-Black-Marble-Bottle-Cooler-1-1-1.webp\"><\/a>\n\t                <span class=\"etheme-gallery-item-details etheme-gallery-item-details-inside\"><span class=\"etheme-gallery-lightbox-icon\">\n            <svg version=\"1.1\" xmlns=\"http:\/\/www.w3.org\/2000\/svg\" width=\"1em\" height=\"1em\" viewBox=\"0 0 24 24\" fill=\"currentColor\">\n                <path d=\"M23.784 22.8l-6.168-6.144c1.584-1.848 2.448-4.176 2.448-6.576 0-5.52-4.488-10.032-10.032-10.032-5.52 0-10.008 4.488-10.008 10.008s4.488 10.032 10.032 10.032c2.424 0 4.728-0.864 6.576-2.472l6.168 6.144c0.144 0.144 0.312 0.216 0.48 0.216s0.336-0.072 0.456-0.192c0.144-0.12 0.216-0.288 0.24-0.48 0-0.192-0.072-0.384-0.192-0.504zM18.696 10.080c0 4.752-3.888 8.64-8.664 8.64-4.752 0-8.64-3.888-8.64-8.664 0-4.752 3.888-8.64 8.664-8.64s8.64 3.888 8.64 8.664z\"><\/path>\n            <\/svg>\n        <\/span><\/span>                <\/div>\n\t            \t                        <\/div>\n\t                    <\/div>\n                    <\/div>\n        \n        \t\t\t\t<\/div>\n\t\t\t\t<\/div>\n\t\t\t\t<div class=\"elementor-element elementor-element-852d143 elementor-widget elementor-widget-text-editor\" data-id=\"852d143\" data-element_type=\"widget\" data-e-type=\"widget\" data-widget_type=\"text-editor.default\">\n\t\t\t\t<div class=\"elementor-widget-container\">\n\t\t\t\t\t\t\t\t\t<h2 class=\"editor_editorParagraph__isQNM\" dir=\"ltr\">Siyah Mermer \u015ei\u015fe So\u011futucu<\/h2><p class=\"editor_editorParagraph__isQNM\" dir=\"ltr\">L\u00fcks ve i\u015flevselli\u011fi m\u00fckemmel bir \u015fekilde birle\u015ftiren <strong>Siyah Mermer \u015ei\u015fe So\u011futucu<\/strong>, i\u00e7eceklerinizi \u015f\u0131k bir \u015fekilde so\u011fuk tutman\u0131n en zarif yoludur.<\/p><p class=\"editor_editorParagraph__isQNM\" dir=\"ltr\"><strong>\u00d6ne \u00c7\u0131kan \u00d6zellikler:<\/strong><br \/>\u2022 Do\u011fal siyah mermerden el i\u015f\u00e7ili\u011fiyle \u00fcretilmi\u015ftir<br \/>\u2022 Bulutsu gri tonlar\u0131 ve hafif siyah damarlarla benzersiz bir g\u00f6r\u00fcn\u00fcm<br \/>\u2022 Cilal\u0131 ve honlu y\u00fczey i\u015flemi ile p\u00fcr\u00fczs\u00fcz bir dokunu\u015f<br \/>\u2022 \u0130\u00e7eceklerinizi saatlerce so\u011fuk tutar<\/p><p class=\"editor_editorParagraph__isQNM\" dir=\"ltr\">Bu g\u00f6z al\u0131c\u0131 \u015fi\u015fe so\u011futucu, sadece i\u00e7eceklerinizi ideal s\u0131cakl\u0131kta tutmakla kalmaz, ayn\u0131 zamanda sofran\u0131za veya bar alan\u0131n\u0131za l\u00fcks bir dokunu\u015f katar. <strong>Do\u011fal mermer yap\u0131s\u0131<\/strong> sayesinde, her par\u00e7a benzersizdir ve evinize \u00f6zel bir karakter kazand\u0131r\u0131r.<\/p><p class=\"editor_editorParagraph__isQNM\" dir=\"ltr\"><strong>Siyah Mermer \u015ei\u015fe So\u011futucu<\/strong>, \u015farap tutkunlar\u0131, ev sahipleri ve \u015f\u0131k dekorasyon arayanlar i\u00e7in m\u00fckemmel bir se\u00e7imdir. \u00d6zel g\u00fcnlerde misafirlerinizi etkilemek veya g\u00fcnl\u00fck ya\u015fam\u0131n\u0131za biraz l\u00fcks katmak i\u00e7in ideal bir \u00fcr\u00fcnd\u00fcr.<\/p><h3 class=\"editor_editorParagraph__isQNM\" dir=\"ltr\">Siyah Mermer \u015ei\u015fe So\u011futucu \u00dcr\u00fcn \u00d6zellikleri:<\/h3><p class=\"editor_editorParagraph__isQNM\" dir=\"ltr\"><br \/>\u2022 <strong>Malzeme<\/strong>: Do\u011fal siyah mermer<br \/>\u2022 <strong>Renk<\/strong>: Bulutsu gri, hafif siyah damarlar<br \/>\u2022 <strong>Y\u00fczey \u0130\u015flemi<\/strong>: Cilal\u0131 ve honlu<br \/>\u2022 <strong>Boyutlar<\/strong>: \u00c7ap 12 cm, Y\u00fckseklik 22 cm<br \/>\u2022 <strong>Kullan\u0131m Alan\u0131<\/strong>: Dekorasyon ve pratik kullan\u0131m<\/p><p class=\"editor_editorParagraph__isQNM\" dir=\"ltr\"><strong>Siyah Mermer \u015ei\u015fe So\u011futucu<\/strong> ile i\u00e7eceklerinizi \u015f\u0131k ve so\u011fuk tutun, misafirlerinizi etkileyici bir sunum ile kar\u015f\u0131lay\u0131n.<\/p>\t\t\t\t\t\t\t\t<\/div>\n\t\t\t\t<\/div>\n\t\t\t\t\t<\/div>\n\t\t<\/div>\n\t\t\t\t\t<\/div>\n\t\t<\/section>\n\t\t\t\t<\/div>\n\t\t","protected":false},"excerpt":{"rendered":"[table id=213 \/]\n","protected":false},"featured_media":31332,"comment_status":"open","ping_status":"closed","template":"","meta":{"inline_featured_image":false},"etheme_brands":[{"term_id":365,"name":"karartmarble","slug":"karartmarble-tr","term_group":0,"term_taxonomy_id":365,"taxonomy":"brand","description":"","parent":0,"count":91,"filter":"raw"}],"product_brand":[],"product_cat":[400,404],"product_tag":[],"class_list":{"0":"post-31330","1":"product","2":"type-product","3":"status-publish","4":"has-post-thumbnail","6":"brand-karartmarble-tr","7":"product_cat-objedekorasyon","8":"product_cat-tum-urunler","10":"first","11":"instock","12":"shipping-taxable","13":"purchasable","14":"product-type-simple"},"_links":{"self":[{"href":"https:\/\/www.karartmarble.com\/tr\/wp-json\/wp\/v2\/product\/31330","targetHints":{"allow":["GET"]}}],"collection":[{"href":"https:\/\/www.karartmarble.com\/tr\/wp-json\/wp\/v2\/product"}],"about":[{"href":"https:\/\/www.karartmarble.com\/tr\/wp-json\/wp\/v2\/types\/product"}],"replies":[{"embeddable":true,"href":"https:\/\/www.karartmarble.com\/tr\/wp-json\/wp\/v2\/comments?post=31330"}],"version-history":[{"count":0,"href":"https:\/\/www.karartmarble.com\/tr\/wp-json\/wp\/v2\/product\/31330\/revisions"}],"wp:featuredmedia":[{"embeddable":true,"href":"https:\/\/www.karartmarble.com\/tr\/wp-json\/wp\/v2\/media\/31332"}],"wp:attachment":[{"href":"https:\/\/www.karartmarble.com\/tr\/wp-json\/wp\/v2\/media?parent=31330"}],"wp:term":[{"taxonomy":"brand","embeddable":true,"href":"https:\/\/www.karartmarble.com\/tr\/wp-json\/wp\/v2\/etheme_brands?post=31330"},{"taxonomy":"product_brand","embeddable":true,"href":"https:\/\/www.karartmarble.com\/tr\/wp-json\/wp\/v2\/product_brand?post=31330"},{"taxonomy":"product_cat","embeddable":true,"href":"https:\/\/www.karartmarble.com\/tr\/wp-json\/wp\/v2\/product_cat?post=31330"},{"taxonomy":"product_tag","embeddable":true,"href":"https:\/\/www.karartmarble.com\/tr\/wp-json\/wp\/v2\/product_tag?post=31330"}],"curies":[{"name":"wp","href":"https:\/\/api.w.org\/{rel}","templated":true}]}}