{"id":31391,"date":"2024-02-11T03:56:06","date_gmt":"2024-02-11T00:56:06","guid":{"rendered":"https:\/\/karartmarble.com\/?post_type=product&#038;p=31391"},"modified":"2024-08-22T19:47:56","modified_gmt":"2024-08-22T16:47:56","slug":"gri-mermer-banyo-takimi-5","status":"publish","type":"product","link":"https:\/\/www.karartmarble.com\/tr\/urun\/gri-mermer-banyo-takimi-5\/","title":{"rendered":"Gri Mermer Banyo Tak\u0131m\u0131-5"},"content":{"rendered":"\t\t<div data-elementor-type=\"wp-post\" data-elementor-id=\"31391\" class=\"elementor elementor-31391 elementor-31390\" data-elementor-post-type=\"product\">\n\t\t\t\t\t\t<section class=\"elementor-section elementor-top-section elementor-element elementor-element-d24dab3 elementor-section-boxed elementor-section-height-default elementor-section-height-default\" data-id=\"d24dab3\" data-element_type=\"section\" data-e-type=\"section\">\n\t\t\t\t\t\t<div class=\"elementor-container elementor-column-gap-default\">\n\t\t\t\t\t<div class=\"elementor-column elementor-col-100 elementor-top-column elementor-element elementor-element-aff3c06\" data-id=\"aff3c06\" data-element_type=\"column\" data-e-type=\"column\">\n\t\t\t<div class=\"elementor-widget-wrap elementor-element-populated\">\n\t\t\t\t\t\t<div class=\"elementor-element elementor-element-fedd9b7 elementor-widget elementor-widget-etheme_gallery\" data-id=\"fedd9b7\" data-element_type=\"widget\" data-e-type=\"widget\" data-settings=\"{&quot;type&quot;:&quot;grid&quot;,&quot;columns&quot;:{&quot;unit&quot;:&quot;px&quot;,&quot;size&quot;:2,&quot;sizes&quot;:[]},&quot;columns_tablet&quot;:{&quot;unit&quot;:&quot;px&quot;,&quot;size&quot;:3,&quot;sizes&quot;:[]},&quot;columns_mobile&quot;:{&quot;unit&quot;:&quot;px&quot;,&quot;size&quot;:2,&quot;sizes&quot;:[]},&quot;columns_gap&quot;:{&quot;unit&quot;:&quot;px&quot;,&quot;size&quot;:10,&quot;sizes&quot;:[]},&quot;columns_gap_tablet&quot;:{&quot;unit&quot;:&quot;px&quot;,&quot;size&quot;:&quot;&quot;,&quot;sizes&quot;:[]},&quot;columns_gap_mobile&quot;:{&quot;unit&quot;:&quot;px&quot;,&quot;size&quot;:&quot;&quot;,&quot;sizes&quot;:[]},&quot;rows_gap&quot;:{&quot;unit&quot;:&quot;px&quot;,&quot;size&quot;:10,&quot;sizes&quot;:[]},&quot;rows_gap_tablet&quot;:{&quot;unit&quot;:&quot;px&quot;,&quot;size&quot;:&quot;&quot;,&quot;sizes&quot;:[]},&quot;rows_gap_mobile&quot;:{&quot;unit&quot;:&quot;px&quot;,&quot;size&quot;:&quot;&quot;,&quot;sizes&quot;:[]}}\" data-widget_type=\"etheme_gallery.default\">\n\t\t\t\t<div class=\"elementor-widget-container\">\n\t\t\t\t\t        \n        <div class=\"etheme-gallery-wrapper\">\n            \t            \n\t            <div class=\"e-gallery etheme-gallery active\" id=\"etheme-gallery-4016\" data-item-settings=\"{&quot;type&quot;:&quot;grid&quot;}\" data-uniq-id=\"4016\">\n                                <div class=\"e-gallery-item etheme-gallery-item\">\n                <div class=\"etheme-gallery-item-overlay\">\n                    <a data-elementor-open-lightbox=\"yes\" data-elementor-lightbox-slideshow=\"all-fedd9b7\" data-e-action-hash=\"#elementor-action%3Aaction%3Dlightbox%26settings%3DeyJpZCI6MzE0MDgsInVybCI6Imh0dHBzOlwvXC93d3cua2FyYXJ0bWFyYmxlLmNvbVwvd3AtY29udGVudFwvdXBsb2Fkc1wvMjAyNFwvMDJcLzkwOTEtR3JheS1NYXJibGUtQmF0aHJvb20tU2V0LTUtMy0xLndlYnAiLCJzbGlkZXNob3ciOiJhbGwtZmVkZDliNyJ9\" class=\"e-gallery-image etheme-gallery-image elementor-gallery-item__image\" data-thumbnail=\"https:\/\/www.karartmarble.com\/wp-content\/uploads\/2024\/02\/9091-Gray-Marble-Bathroom-Set-5-3-1.webp\" data-width=\"1251\" data-height=\"1251\" alt=\"Gri mermer banyo tak\u0131m\u0131\" style=\"background-image: url(&#039;https:\/\/www.karartmarble.com\/wp-content\/uploads\/2024\/02\/9091-Gray-Marble-Bathroom-Set-5-3-1.webp&#039;)\" href=\"https:\/\/www.karartmarble.com\/wp-content\/uploads\/2024\/02\/9091-Gray-Marble-Bathroom-Set-5-3-1.webp\"><\/a>\n\t                <span class=\"etheme-gallery-item-details etheme-gallery-item-details-inside\"><span class=\"etheme-gallery-lightbox-icon\">\n            <svg version=\"1.1\" xmlns=\"http:\/\/www.w3.org\/2000\/svg\" width=\"1em\" height=\"1em\" viewBox=\"0 0 24 24\" fill=\"currentColor\">\n                <path d=\"M23.784 22.8l-6.168-6.144c1.584-1.848 2.448-4.176 2.448-6.576 0-5.52-4.488-10.032-10.032-10.032-5.52 0-10.008 4.488-10.008 10.008s4.488 10.032 10.032 10.032c2.424 0 4.728-0.864 6.576-2.472l6.168 6.144c0.144 0.144 0.312 0.216 0.48 0.216s0.336-0.072 0.456-0.192c0.144-0.12 0.216-0.288 0.24-0.48 0-0.192-0.072-0.384-0.192-0.504zM18.696 10.080c0 4.752-3.888 8.64-8.664 8.64-4.752 0-8.64-3.888-8.64-8.664 0-4.752 3.888-8.64 8.664-8.64s8.64 3.888 8.64 8.664z\"><\/path>\n            <\/svg>\n        <\/span><\/span>                <\/div>\n\t            \t                        <\/div>\n\t                <div class=\"e-gallery-item etheme-gallery-item\">\n                <div class=\"etheme-gallery-item-overlay\">\n                    <a data-elementor-open-lightbox=\"yes\" data-elementor-lightbox-slideshow=\"all-fedd9b7\" data-e-action-hash=\"#elementor-action%3Aaction%3Dlightbox%26settings%3DeyJpZCI6MzE0MTAsInVybCI6Imh0dHBzOlwvXC93d3cua2FyYXJ0bWFyYmxlLmNvbVwvd3AtY29udGVudFwvdXBsb2Fkc1wvMjAyNFwvMDJcLzkwOTEtR3JheS1NYXJibGUtQmF0aHJvb20tU2V0LTUtMi0xLTEud2VicCIsInNsaWRlc2hvdyI6ImFsbC1mZWRkOWI3In0%3D\" class=\"e-gallery-image etheme-gallery-image elementor-gallery-item__image\" data-thumbnail=\"https:\/\/www.karartmarble.com\/wp-content\/uploads\/2024\/02\/9091-Gray-Marble-Bathroom-Set-5-2-1-1.webp\" data-width=\"875\" data-height=\"875\" alt=\"Mermer banyo aksesuarlar\u0131\" style=\"background-image: url(&#039;https:\/\/www.karartmarble.com\/wp-content\/uploads\/2024\/02\/9091-Gray-Marble-Bathroom-Set-5-2-1-1.webp&#039;)\" href=\"https:\/\/www.karartmarble.com\/wp-content\/uploads\/2024\/02\/9091-Gray-Marble-Bathroom-Set-5-2-1-1.webp\"><\/a>\n\t                <span class=\"etheme-gallery-item-details etheme-gallery-item-details-inside\"><span class=\"etheme-gallery-lightbox-icon\">\n            <svg version=\"1.1\" xmlns=\"http:\/\/www.w3.org\/2000\/svg\" width=\"1em\" height=\"1em\" viewBox=\"0 0 24 24\" fill=\"currentColor\">\n                <path d=\"M23.784 22.8l-6.168-6.144c1.584-1.848 2.448-4.176 2.448-6.576 0-5.52-4.488-10.032-10.032-10.032-5.52 0-10.008 4.488-10.008 10.008s4.488 10.032 10.032 10.032c2.424 0 4.728-0.864 6.576-2.472l6.168 6.144c0.144 0.144 0.312 0.216 0.48 0.216s0.336-0.072 0.456-0.192c0.144-0.12 0.216-0.288 0.24-0.48 0-0.192-0.072-0.384-0.192-0.504zM18.696 10.080c0 4.752-3.888 8.64-8.664 8.64-4.752 0-8.64-3.888-8.64-8.664 0-4.752 3.888-8.64 8.664-8.64s8.64 3.888 8.64 8.664z\"><\/path>\n            <\/svg>\n        <\/span><\/span>                <\/div>\n\t            \t                        <\/div>\n\t                    <\/div>\n                    <\/div>\n        \n        \t\t\t\t<\/div>\n\t\t\t\t<\/div>\n\t\t\t\t<div class=\"elementor-element elementor-element-c852cd5 elementor-widget elementor-widget-text-editor\" data-id=\"c852cd5\" data-element_type=\"widget\" data-e-type=\"widget\" data-widget_type=\"text-editor.default\">\n\t\t\t\t<div class=\"elementor-widget-container\">\n\t\t\t\t\t\t\t\t\t<h2 class=\"editor_editorParagraph__isQNM\" dir=\"ltr\">Gri Mermer Banyo Tak\u0131m\u0131<\/h2><p class=\"editor_editorParagraph__isQNM\" dir=\"ltr\">Banyonuza zarif bir dokunu\u015f kat\u0131n! <strong>Gri mermer banyo tak\u0131m\u0131<\/strong> ile l\u00fcks ve i\u015flevselli\u011fi m\u00fckemmel bir \u015fekilde bir araya getiriyor.<\/p><h3 class=\"editor_editorParagraph__isQNM\" dir=\"ltr\">Gri Mermer Banyo Tak\u0131m\u0131 \u00d6zellikleri:<\/h3><p class=\"editor_editorParagraph__isQNM\" dir=\"ltr\">\u2022 <strong>5 par\u00e7al\u0131 set<\/strong>: Tepsi, dispenser, f\u0131r\u00e7a tutucu, sabunluk ve pamuk kutusu<br \/>\u2022 <strong>Malzeme<\/strong>: Y\u00fcksek kaliteli do\u011fal gri mermer<br \/>\u2022 <strong>Y\u00fczey \u0130\u015flemi<\/strong>: Cilal\u0131 ve honlu<br \/>\u2022 <strong>Renk<\/strong>: Bulutsu grisi, hafif siyah damarlar<\/p><h2 dir=\"ltr\">Boyutlar:<\/h2><p class=\"editor_editorParagraph__isQNM\" dir=\"ltr\">\u2022 <strong>Tepsi<\/strong>: 27&#215;2 cm<br \/>\u2022 <strong>S\u0131v\u0131 Sabunluk<\/strong>: 9&#215;12 cm<br \/>\u2022 <strong>F\u0131r\u00e7a tutucu<\/strong>: 9&#215;12 cm<br \/>\u2022 <strong>Sabunluk<\/strong>: 9&#215;2 cm<br \/>\u2022 <strong>Pamuk kutusu<\/strong>: 9&#215;10 cm<\/p><p class=\"editor_editorParagraph__isQNM\" dir=\"ltr\">Her par\u00e7a, do\u011fal gri mermerin e\u015fsiz desenlerini sergileyen el i\u015f\u00e7ili\u011fi ile \u00fcretilmi\u015ftir. Cilal\u0131 ve honlu y\u00fczey i\u015flemi, sete p\u00fcr\u00fczs\u00fcz bir dokunu\u015f ve parlak bir g\u00f6r\u00fcn\u00fcm kazand\u0131r\u0131r.<\/p><p class=\"editor_editorParagraph__isQNM\" dir=\"ltr\">Bu banyo seti, modern ve klasik dekorasyonlara m\u00fckemmel uyum sa\u011flar. <strong>Bulutsu gri tonu<\/strong> ve <strong>hafif siyah damarlar<\/strong>\u0131, banyonuza sofistike bir hava katar. Ayn\u0131 zamanda, mermer malzemesi sayesinde dayan\u0131kl\u0131 ve uzun \u00f6m\u00fcrl\u00fcd\u00fcr.<\/p><p class=\"editor_editorParagraph__isQNM\" dir=\"ltr\"><strong>Gri Mermer Banyo Tak\u0131m\u0131<\/strong>, g\u00fcnl\u00fck kullan\u0131m i\u00e7in pratik olmas\u0131n\u0131n yan\u0131 s\u0131ra, banyonuzu l\u00fcks bir spa ortam\u0131na d\u00f6n\u00fc\u015ft\u00fcrecek dekoratif bir unsurdur. Misafirlerinizi etkileyecek ve size her g\u00fcn k\u00fc\u00e7\u00fck bir l\u00fcks hissi ya\u015fatacak.<\/p><p class=\"editor_editorParagraph__isQNM\" dir=\"ltr\">Do\u011fal ta\u015f\u0131n zarafetini banyonuza ta\u015f\u0131mak i\u00e7in Gri Mermer Banyo Tak\u0131m\u0131&#8217;n\u0131 tercih edin. <strong>Kaliteli malzemesi ve \u015f\u0131k tasar\u0131m\u0131yla<\/strong>, uzun y\u0131llar boyunca banyonuzun vazge\u00e7ilmez bir par\u00e7as\u0131 olacak.<\/p>\t\t\t\t\t\t\t\t<\/div>\n\t\t\t\t<\/div>\n\t\t\t\t\t<\/div>\n\t\t<\/div>\n\t\t\t\t\t<\/div>\n\t\t<\/section>\n\t\t\t\t<\/div>\n\t\t","protected":false},"excerpt":{"rendered":"[table id=195 \/]\n","protected":false},"featured_media":31393,"comment_status":"open","ping_status":"closed","template":"","meta":{"inline_featured_image":false},"etheme_brands":[{"term_id":365,"name":"karartmarble","slug":"karartmarble-tr","term_group":0,"term_taxonomy_id":365,"taxonomy":"brand","description":"","parent":0,"count":91,"filter":"raw"}],"product_brand":[],"product_cat":[400,404],"product_tag":[],"class_list":{"0":"post-31391","1":"product","2":"type-product","3":"status-publish","4":"has-post-thumbnail","6":"brand-karartmarble-tr","7":"product_cat-objedekorasyon","8":"product_cat-tum-urunler","10":"first","11":"instock","12":"shipping-taxable","13":"purchasable","14":"product-type-simple"},"_links":{"self":[{"href":"https:\/\/www.karartmarble.com\/tr\/wp-json\/wp\/v2\/product\/31391","targetHints":{"allow":["GET"]}}],"collection":[{"href":"https:\/\/www.karartmarble.com\/tr\/wp-json\/wp\/v2\/product"}],"about":[{"href":"https:\/\/www.karartmarble.com\/tr\/wp-json\/wp\/v2\/types\/product"}],"replies":[{"embeddable":true,"href":"https:\/\/www.karartmarble.com\/tr\/wp-json\/wp\/v2\/comments?post=31391"}],"version-history":[{"count":0,"href":"https:\/\/www.karartmarble.com\/tr\/wp-json\/wp\/v2\/product\/31391\/revisions"}],"wp:featuredmedia":[{"embeddable":true,"href":"https:\/\/www.karartmarble.com\/tr\/wp-json\/wp\/v2\/media\/31393"}],"wp:attachment":[{"href":"https:\/\/www.karartmarble.com\/tr\/wp-json\/wp\/v2\/media?parent=31391"}],"wp:term":[{"taxonomy":"brand","embeddable":true,"href":"https:\/\/www.karartmarble.com\/tr\/wp-json\/wp\/v2\/etheme_brands?post=31391"},{"taxonomy":"product_brand","embeddable":true,"href":"https:\/\/www.karartmarble.com\/tr\/wp-json\/wp\/v2\/product_brand?post=31391"},{"taxonomy":"product_cat","embeddable":true,"href":"https:\/\/www.karartmarble.com\/tr\/wp-json\/wp\/v2\/product_cat?post=31391"},{"taxonomy":"product_tag","embeddable":true,"href":"https:\/\/www.karartmarble.com\/tr\/wp-json\/wp\/v2\/product_tag?post=31391"}],"curies":[{"name":"wp","href":"https:\/\/api.w.org\/{rel}","templated":true}]}}