{"id":31418,"date":"2024-02-11T04:44:10","date_gmt":"2024-02-11T01:44:10","guid":{"rendered":"https:\/\/karartmarble.com\/?post_type=product&#038;p=31418"},"modified":"2024-08-22T19:36:50","modified_gmt":"2024-08-22T16:36:50","slug":"beyaz-mermer-banyo-seti-5","status":"publish","type":"product","link":"https:\/\/www.karartmarble.com\/tr\/urun\/beyaz-mermer-banyo-seti-5\/","title":{"rendered":"Beyaz Mermer Banyo Seti-5"},"content":{"rendered":"\t\t<div data-elementor-type=\"wp-post\" data-elementor-id=\"31418\" class=\"elementor elementor-31418 elementor-31417\" data-elementor-post-type=\"product\">\n\t\t\t\t\t\t<section class=\"elementor-section elementor-top-section elementor-element elementor-element-d24dab3 elementor-section-boxed elementor-section-height-default elementor-section-height-default\" data-id=\"d24dab3\" data-element_type=\"section\" data-e-type=\"section\">\n\t\t\t\t\t\t<div class=\"elementor-container elementor-column-gap-default\">\n\t\t\t\t\t<div class=\"elementor-column elementor-col-100 elementor-top-column elementor-element elementor-element-aff3c06\" data-id=\"aff3c06\" data-element_type=\"column\" data-e-type=\"column\">\n\t\t\t<div class=\"elementor-widget-wrap elementor-element-populated\">\n\t\t\t\t\t\t<div class=\"elementor-element elementor-element-fedd9b7 elementor-widget elementor-widget-etheme_gallery\" data-id=\"fedd9b7\" data-element_type=\"widget\" data-e-type=\"widget\" data-settings=\"{&quot;type&quot;:&quot;grid&quot;,&quot;columns&quot;:{&quot;unit&quot;:&quot;px&quot;,&quot;size&quot;:2,&quot;sizes&quot;:[]},&quot;columns_tablet&quot;:{&quot;unit&quot;:&quot;px&quot;,&quot;size&quot;:3,&quot;sizes&quot;:[]},&quot;columns_mobile&quot;:{&quot;unit&quot;:&quot;px&quot;,&quot;size&quot;:2,&quot;sizes&quot;:[]},&quot;columns_gap&quot;:{&quot;unit&quot;:&quot;px&quot;,&quot;size&quot;:10,&quot;sizes&quot;:[]},&quot;columns_gap_tablet&quot;:{&quot;unit&quot;:&quot;px&quot;,&quot;size&quot;:&quot;&quot;,&quot;sizes&quot;:[]},&quot;columns_gap_mobile&quot;:{&quot;unit&quot;:&quot;px&quot;,&quot;size&quot;:&quot;&quot;,&quot;sizes&quot;:[]},&quot;rows_gap&quot;:{&quot;unit&quot;:&quot;px&quot;,&quot;size&quot;:10,&quot;sizes&quot;:[]},&quot;rows_gap_tablet&quot;:{&quot;unit&quot;:&quot;px&quot;,&quot;size&quot;:&quot;&quot;,&quot;sizes&quot;:[]},&quot;rows_gap_mobile&quot;:{&quot;unit&quot;:&quot;px&quot;,&quot;size&quot;:&quot;&quot;,&quot;sizes&quot;:[]}}\" data-widget_type=\"etheme_gallery.default\">\n\t\t\t\t<div class=\"elementor-widget-container\">\n\t\t\t\t\t        \n        <div class=\"etheme-gallery-wrapper\">\n            \t            \n\t            <div class=\"e-gallery etheme-gallery active\" id=\"etheme-gallery-3915\" data-item-settings=\"{&quot;type&quot;:&quot;grid&quot;}\" data-uniq-id=\"3915\">\n                                <div class=\"e-gallery-item etheme-gallery-item\">\n                <div class=\"etheme-gallery-item-overlay\">\n                    <a data-elementor-open-lightbox=\"yes\" data-elementor-lightbox-slideshow=\"all-fedd9b7\" data-e-action-hash=\"#elementor-action%3Aaction%3Dlightbox%26settings%3DeyJpZCI6MzE0NDEsInVybCI6Imh0dHBzOlwvXC93d3cua2FyYXJ0bWFyYmxlLmNvbVwvd3AtY29udGVudFwvdXBsb2Fkc1wvMjAyNFwvMDJcLzkwOTEtV2hpdGUtU2lsdmVyLU1hcmJsZS1CYXRocm9vbS1TZXQtNS0zLTEud2VicCIsInNsaWRlc2hvdyI6ImFsbC1mZWRkOWI3In0%3D\" class=\"e-gallery-image etheme-gallery-image elementor-gallery-item__image\" data-thumbnail=\"https:\/\/www.karartmarble.com\/wp-content\/uploads\/2024\/02\/9091-White-Silver-Marble-Bathroom-Set-5-3-1.webp\" data-width=\"970\" data-height=\"970\" alt=\"beyaz mermer banyo aksesuarlar\u0131\" style=\"background-image: url(&#039;https:\/\/www.karartmarble.com\/wp-content\/uploads\/2024\/02\/9091-White-Silver-Marble-Bathroom-Set-5-3-1.webp&#039;)\" href=\"https:\/\/www.karartmarble.com\/wp-content\/uploads\/2024\/02\/9091-White-Silver-Marble-Bathroom-Set-5-3-1.webp\"><\/a>\n\t                <span class=\"etheme-gallery-item-details etheme-gallery-item-details-inside\"><span class=\"etheme-gallery-lightbox-icon\">\n            <svg version=\"1.1\" xmlns=\"http:\/\/www.w3.org\/2000\/svg\" width=\"1em\" height=\"1em\" viewBox=\"0 0 24 24\" fill=\"currentColor\">\n                <path d=\"M23.784 22.8l-6.168-6.144c1.584-1.848 2.448-4.176 2.448-6.576 0-5.52-4.488-10.032-10.032-10.032-5.52 0-10.008 4.488-10.008 10.008s4.488 10.032 10.032 10.032c2.424 0 4.728-0.864 6.576-2.472l6.168 6.144c0.144 0.144 0.312 0.216 0.48 0.216s0.336-0.072 0.456-0.192c0.144-0.12 0.216-0.288 0.24-0.48 0-0.192-0.072-0.384-0.192-0.504zM18.696 10.080c0 4.752-3.888 8.64-8.664 8.64-4.752 0-8.64-3.888-8.64-8.664 0-4.752 3.888-8.64 8.664-8.64s8.64 3.888 8.64 8.664z\"><\/path>\n            <\/svg>\n        <\/span><\/span>                <\/div>\n\t            \t                        <\/div>\n\t                <div class=\"e-gallery-item etheme-gallery-item\">\n                <div class=\"etheme-gallery-item-overlay\">\n                    <a data-elementor-open-lightbox=\"yes\" data-elementor-lightbox-slideshow=\"all-fedd9b7\" data-e-action-hash=\"#elementor-action%3Aaction%3Dlightbox%26settings%3DeyJpZCI6MzE0NDMsInVybCI6Imh0dHBzOlwvXC93d3cua2FyYXJ0bWFyYmxlLmNvbVwvd3AtY29udGVudFwvdXBsb2Fkc1wvMjAyNFwvMDJcLzkwOTEtV2hpdGUtU2lsdmVyLU1hcmJsZS1CYXRocm9vbS1TZXQtNS0yLTEud2VicCIsInNsaWRlc2hvdyI6ImFsbC1mZWRkOWI3In0%3D\" class=\"e-gallery-image etheme-gallery-image elementor-gallery-item__image\" data-thumbnail=\"https:\/\/www.karartmarble.com\/wp-content\/uploads\/2024\/02\/9091-White-Silver-Marble-Bathroom-Set-5-2-1.webp\" data-width=\"1133\" data-height=\"1132\" alt=\"beyaz mermer sabunluk\" style=\"background-image: url(&#039;https:\/\/www.karartmarble.com\/wp-content\/uploads\/2024\/02\/9091-White-Silver-Marble-Bathroom-Set-5-2-1.webp&#039;)\" href=\"https:\/\/www.karartmarble.com\/wp-content\/uploads\/2024\/02\/9091-White-Silver-Marble-Bathroom-Set-5-2-1.webp\"><\/a>\n\t                <span class=\"etheme-gallery-item-details etheme-gallery-item-details-inside\"><span class=\"etheme-gallery-lightbox-icon\">\n            <svg version=\"1.1\" xmlns=\"http:\/\/www.w3.org\/2000\/svg\" width=\"1em\" height=\"1em\" viewBox=\"0 0 24 24\" fill=\"currentColor\">\n                <path d=\"M23.784 22.8l-6.168-6.144c1.584-1.848 2.448-4.176 2.448-6.576 0-5.52-4.488-10.032-10.032-10.032-5.52 0-10.008 4.488-10.008 10.008s4.488 10.032 10.032 10.032c2.424 0 4.728-0.864 6.576-2.472l6.168 6.144c0.144 0.144 0.312 0.216 0.48 0.216s0.336-0.072 0.456-0.192c0.144-0.12 0.216-0.288 0.24-0.48 0-0.192-0.072-0.384-0.192-0.504zM18.696 10.080c0 4.752-3.888 8.64-8.664 8.64-4.752 0-8.64-3.888-8.64-8.664 0-4.752 3.888-8.64 8.664-8.64s8.64 3.888 8.64 8.664z\"><\/path>\n            <\/svg>\n        <\/span><\/span>                <\/div>\n\t            \t                        <\/div>\n\t                <div class=\"e-gallery-item etheme-gallery-item\">\n                <div class=\"etheme-gallery-item-overlay\">\n                    <a data-elementor-open-lightbox=\"yes\" data-elementor-lightbox-slideshow=\"all-fedd9b7\" data-e-action-hash=\"#elementor-action%3Aaction%3Dlightbox%26settings%3DeyJpZCI6MzE0NDUsInVybCI6Imh0dHBzOlwvXC93d3cua2FyYXJ0bWFyYmxlLmNvbVwvd3AtY29udGVudFwvdXBsb2Fkc1wvMjAyNFwvMDJcLzkwOTEtV2hpdGUtU2lsdmVyLU1hcmJsZS1CYXRocm9vbS1TZXQtNS0xLTEud2VicCIsInNsaWRlc2hvdyI6ImFsbC1mZWRkOWI3In0%3D\" class=\"e-gallery-image etheme-gallery-image elementor-gallery-item__image\" data-thumbnail=\"https:\/\/www.karartmarble.com\/wp-content\/uploads\/2024\/02\/9091-White-Silver-Marble-Bathroom-Set-5-1-1.webp\" data-width=\"1398\" data-height=\"1398\" alt=\"beyaz banyo d\u00fczenleyici mermer set\" style=\"background-image: url(&#039;https:\/\/www.karartmarble.com\/wp-content\/uploads\/2024\/02\/9091-White-Silver-Marble-Bathroom-Set-5-1-1.webp&#039;)\" href=\"https:\/\/www.karartmarble.com\/wp-content\/uploads\/2024\/02\/9091-White-Silver-Marble-Bathroom-Set-5-1-1.webp\"><\/a>\n\t                <span class=\"etheme-gallery-item-details etheme-gallery-item-details-inside\"><span class=\"etheme-gallery-lightbox-icon\">\n            <svg version=\"1.1\" xmlns=\"http:\/\/www.w3.org\/2000\/svg\" width=\"1em\" height=\"1em\" viewBox=\"0 0 24 24\" fill=\"currentColor\">\n                <path d=\"M23.784 22.8l-6.168-6.144c1.584-1.848 2.448-4.176 2.448-6.576 0-5.52-4.488-10.032-10.032-10.032-5.52 0-10.008 4.488-10.008 10.008s4.488 10.032 10.032 10.032c2.424 0 4.728-0.864 6.576-2.472l6.168 6.144c0.144 0.144 0.312 0.216 0.48 0.216s0.336-0.072 0.456-0.192c0.144-0.12 0.216-0.288 0.24-0.48 0-0.192-0.072-0.384-0.192-0.504zM18.696 10.080c0 4.752-3.888 8.64-8.664 8.64-4.752 0-8.64-3.888-8.64-8.664 0-4.752 3.888-8.64 8.664-8.64s8.64 3.888 8.64 8.664z\"><\/path>\n            <\/svg>\n        <\/span><\/span>                <\/div>\n\t            \t                        <\/div>\n\t                <div class=\"e-gallery-item etheme-gallery-item\">\n                <div class=\"etheme-gallery-item-overlay\">\n                    <a data-elementor-open-lightbox=\"yes\" data-elementor-lightbox-slideshow=\"all-fedd9b7\" data-e-action-hash=\"#elementor-action%3Aaction%3Dlightbox%26settings%3DeyJpZCI6MzE0NDcsInVybCI6Imh0dHBzOlwvXC93d3cua2FyYXJ0bWFyYmxlLmNvbVwvd3AtY29udGVudFwvdXBsb2Fkc1wvMjAyNFwvMDJcLzkwOTEtV2hpdGUtR29sZC1NYXJibGUtQmF0aHJvb20tU2V0LTUtMS0xLndlYnAiLCJzbGlkZXNob3ciOiJhbGwtZmVkZDliNyJ9\" class=\"e-gallery-image etheme-gallery-image elementor-gallery-item__image\" data-thumbnail=\"https:\/\/www.karartmarble.com\/wp-content\/uploads\/2024\/02\/9091-White-Gold-Marble-Bathroom-Set-5-1-1.webp\" data-width=\"676\" data-height=\"676\" alt=\"Alt\u0131n beyaz mermer banyo seti\" style=\"background-image: url(&#039;https:\/\/www.karartmarble.com\/wp-content\/uploads\/2024\/02\/9091-White-Gold-Marble-Bathroom-Set-5-1-1.webp&#039;)\" href=\"https:\/\/www.karartmarble.com\/wp-content\/uploads\/2024\/02\/9091-White-Gold-Marble-Bathroom-Set-5-1-1.webp\"><\/a>\n\t                <span class=\"etheme-gallery-item-details etheme-gallery-item-details-inside\"><span class=\"etheme-gallery-lightbox-icon\">\n            <svg version=\"1.1\" xmlns=\"http:\/\/www.w3.org\/2000\/svg\" width=\"1em\" height=\"1em\" viewBox=\"0 0 24 24\" fill=\"currentColor\">\n                <path d=\"M23.784 22.8l-6.168-6.144c1.584-1.848 2.448-4.176 2.448-6.576 0-5.52-4.488-10.032-10.032-10.032-5.52 0-10.008 4.488-10.008 10.008s4.488 10.032 10.032 10.032c2.424 0 4.728-0.864 6.576-2.472l6.168 6.144c0.144 0.144 0.312 0.216 0.48 0.216s0.336-0.072 0.456-0.192c0.144-0.12 0.216-0.288 0.24-0.48 0-0.192-0.072-0.384-0.192-0.504zM18.696 10.080c0 4.752-3.888 8.64-8.664 8.64-4.752 0-8.64-3.888-8.64-8.664 0-4.752 3.888-8.64 8.664-8.64s8.64 3.888 8.64 8.664z\"><\/path>\n            <\/svg>\n        <\/span><\/span>                <\/div>\n\t            \t                        <\/div>\n\t                    <\/div>\n                    <\/div>\n        \n        \t\t\t\t<\/div>\n\t\t\t\t<\/div>\n\t\t\t\t<div class=\"elementor-element elementor-element-852d143 elementor-widget elementor-widget-text-editor\" data-id=\"852d143\" data-element_type=\"widget\" data-e-type=\"widget\" data-widget_type=\"text-editor.default\">\n\t\t\t\t<div class=\"elementor-widget-container\">\n\t\t\t\t\t\t\t\t\t<h2 class=\"editor_editorParagraph__isQNM\" dir=\"ltr\">Beyaz Mermer Banyo Seti: 5 Par\u00e7a L\u00fcks Banyo Aksesuarlar\u0131<\/h2><p class=\"editor_editorParagraph__isQNM\" dir=\"ltr\">Banyonuza zarif bir dokunu\u015f kat\u0131n! Bu 5 par\u00e7al\u0131 <strong>beyaz mermer banyo seti<\/strong>, do\u011fal g\u00fczelli\u011fi ve i\u015flevselli\u011fi m\u00fckemmel bir \u015fekilde bir araya getiriyor.<\/p><h3 class=\"editor_editorParagraph__isQNM\" dir=\"ltr\">Beyaz Mermer Banyo Seti \u00dcr\u00fcn \u00d6zellikleri:<\/h3><p class=\"editor_editorParagraph__isQNM\" dir=\"ltr\"><br \/>\u2022 <strong>Malzeme<\/strong>: Do\u011fal beyaz mermer, hafif gri damarl\u0131<br \/>\u2022 <strong>Y\u00fczey \u0130\u015flemi<\/strong>: Cilal\u0131 ve honlu, p\u00fcr\u00fczs\u00fcz dokunu\u015f<br \/>\u2022 <strong>Set \u0130\u00e7eri\u011fi<\/strong>: Tepsi, s\u0131v\u0131 sabunluk, di\u015f f\u0131r\u00e7al\u0131\u011f\u0131, sabunluk, pamuk kutusu<br \/>\u2022 <strong>Kullan\u0131m Alan\u0131<\/strong>: Banyo dekorasyonu<\/p><p class=\"editor_editorParagraph__isQNM\" dir=\"ltr\"><strong>Boyutlar<\/strong>:<\/p><ul class=\"editor_editorListUl__Z78So\"><li class=\"editor_editorListItem__O5oI5\" value=\"1\"><strong>Tepsi<\/strong>: 27 x 2 cm<\/li><li class=\"editor_editorListItem__O5oI5\" value=\"2\"><strong>S\u0131v\u0131 sabunluk<\/strong>: 9 x 12 cm<\/li><li class=\"editor_editorListItem__O5oI5\" value=\"3\"><strong>Di\u015f f\u0131r\u00e7al\u0131\u011f\u0131<\/strong>: 9 x 12 cm<\/li><li class=\"editor_editorListItem__O5oI5\" value=\"4\"><strong>Sabunluk<\/strong>: 9 x 2 cm<\/li><li class=\"editor_editorListItem__O5oI5\" value=\"5\"><strong>Pamuk kutusu<\/strong>: 9 x 10 cm<\/li><\/ul><p class=\"editor_editorParagraph__isQNM\" dir=\"ltr\">Her par\u00e7a, \u00f6zenle se\u00e7ilmi\u015f beyaz mermerden el i\u015f\u00e7ili\u011fiyle \u00fcretilmi\u015ftir. <strong>Hafif gri damarlar<\/strong>, her sete benzersiz bir karakter katar. <strong>Cilal\u0131 ve honlu y\u00fczey i\u015flemi<\/strong>, mermerin do\u011fal parlakl\u0131\u011f\u0131n\u0131 ortaya \u00e7\u0131kar\u0131rken, kolay temizlenebilir bir y\u00fczey sa\u011flar.<\/p><p class=\"editor_editorParagraph__isQNM\" dir=\"ltr\">Bu <strong>l\u00fcks banyo seti<\/strong>, modern ve klasik dekorasyonlara m\u00fckemmel uyum sa\u011flar. Dayan\u0131kl\u0131 mermer yap\u0131s\u0131, g\u00fcnl\u00fck kullan\u0131ma dayan\u0131kl\u0131l\u0131k sunarken, zamanla de\u011ferinden bir \u015fey kaybetmez. Banyonuzu \u015f\u0131k ve organize tutmak i\u00e7in ideal bir \u00e7\u00f6z\u00fcm.<\/p><p class=\"editor_editorParagraph__isQNM\" dir=\"ltr\">Beyaz mermer banyo seti ile banyonuza sofistike bir hava kat\u0131n. Do\u011fal ta\u015f\u0131n g\u00fczelli\u011fi ve dayan\u0131kl\u0131l\u0131\u011f\u0131 ile g\u00fcnl\u00fck l\u00fcks\u00fc ya\u015fay\u0131n.<\/p>\t\t\t\t\t\t\t\t<\/div>\n\t\t\t\t<\/div>\n\t\t\t\t\t<\/div>\n\t\t<\/div>\n\t\t\t\t\t<\/div>\n\t\t<\/section>\n\t\t\t\t<\/div>\n\t\t","protected":false},"excerpt":{"rendered":"[table id=201 \/]\n","protected":false},"featured_media":31422,"comment_status":"open","ping_status":"closed","template":"","meta":{"inline_featured_image":false},"etheme_brands":[{"term_id":365,"name":"karartmarble","slug":"karartmarble-tr","term_group":0,"term_taxonomy_id":365,"taxonomy":"brand","description":"","parent":0,"count":91,"filter":"raw"}],"product_brand":[],"product_cat":[400,404],"product_tag":[],"class_list":{"0":"post-31418","1":"product","2":"type-product","3":"status-publish","4":"has-post-thumbnail","6":"brand-karartmarble-tr","7":"product_cat-objedekorasyon","8":"product_cat-tum-urunler","10":"first","11":"instock","12":"shipping-taxable","13":"purchasable","14":"product-type-simple"},"_links":{"self":[{"href":"https:\/\/www.karartmarble.com\/tr\/wp-json\/wp\/v2\/product\/31418","targetHints":{"allow":["GET"]}}],"collection":[{"href":"https:\/\/www.karartmarble.com\/tr\/wp-json\/wp\/v2\/product"}],"about":[{"href":"https:\/\/www.karartmarble.com\/tr\/wp-json\/wp\/v2\/types\/product"}],"replies":[{"embeddable":true,"href":"https:\/\/www.karartmarble.com\/tr\/wp-json\/wp\/v2\/comments?post=31418"}],"version-history":[{"count":0,"href":"https:\/\/www.karartmarble.com\/tr\/wp-json\/wp\/v2\/product\/31418\/revisions"}],"wp:featuredmedia":[{"embeddable":true,"href":"https:\/\/www.karartmarble.com\/tr\/wp-json\/wp\/v2\/media\/31422"}],"wp:attachment":[{"href":"https:\/\/www.karartmarble.com\/tr\/wp-json\/wp\/v2\/media?parent=31418"}],"wp:term":[{"taxonomy":"brand","embeddable":true,"href":"https:\/\/www.karartmarble.com\/tr\/wp-json\/wp\/v2\/etheme_brands?post=31418"},{"taxonomy":"product_brand","embeddable":true,"href":"https:\/\/www.karartmarble.com\/tr\/wp-json\/wp\/v2\/product_brand?post=31418"},{"taxonomy":"product_cat","embeddable":true,"href":"https:\/\/www.karartmarble.com\/tr\/wp-json\/wp\/v2\/product_cat?post=31418"},{"taxonomy":"product_tag","embeddable":true,"href":"https:\/\/www.karartmarble.com\/tr\/wp-json\/wp\/v2\/product_tag?post=31418"}],"curies":[{"name":"wp","href":"https:\/\/api.w.org\/{rel}","templated":true}]}}