{"id":31526,"date":"2024-02-11T15:30:53","date_gmt":"2024-02-11T12:30:53","guid":{"rendered":"https:\/\/karartmarble.com\/?post_type=product&#038;p=31526"},"modified":"2024-08-10T00:53:21","modified_gmt":"2024-08-09T21:53:21","slug":"beyaz-mermer-banyo-duzenleyici-7","status":"publish","type":"product","link":"https:\/\/www.karartmarble.com\/tr\/urun\/beyaz-mermer-banyo-duzenleyici-7\/","title":{"rendered":"Beyaz Mermer Banyo Seti-7"},"content":{"rendered":"\t\t<div data-elementor-type=\"wp-post\" data-elementor-id=\"31526\" class=\"elementor elementor-31526 elementor-31525\" data-elementor-post-type=\"product\">\n\t\t\t\t\t\t<section class=\"elementor-section elementor-top-section elementor-element elementor-element-d24dab3 elementor-section-boxed elementor-section-height-default elementor-section-height-default\" data-id=\"d24dab3\" data-element_type=\"section\" data-e-type=\"section\">\n\t\t\t\t\t\t<div class=\"elementor-container elementor-column-gap-default\">\n\t\t\t\t\t<div class=\"elementor-column elementor-col-100 elementor-top-column elementor-element elementor-element-aff3c06\" data-id=\"aff3c06\" data-element_type=\"column\" data-e-type=\"column\">\n\t\t\t<div class=\"elementor-widget-wrap elementor-element-populated\">\n\t\t\t\t\t\t<div class=\"elementor-element elementor-element-fedd9b7 elementor-widget elementor-widget-etheme_gallery\" data-id=\"fedd9b7\" data-element_type=\"widget\" data-e-type=\"widget\" data-settings=\"{&quot;type&quot;:&quot;grid&quot;,&quot;columns&quot;:{&quot;unit&quot;:&quot;px&quot;,&quot;size&quot;:2,&quot;sizes&quot;:[]},&quot;columns_tablet&quot;:{&quot;unit&quot;:&quot;px&quot;,&quot;size&quot;:3,&quot;sizes&quot;:[]},&quot;columns_mobile&quot;:{&quot;unit&quot;:&quot;px&quot;,&quot;size&quot;:2,&quot;sizes&quot;:[]},&quot;columns_gap&quot;:{&quot;unit&quot;:&quot;px&quot;,&quot;size&quot;:10,&quot;sizes&quot;:[]},&quot;columns_gap_tablet&quot;:{&quot;unit&quot;:&quot;px&quot;,&quot;size&quot;:&quot;&quot;,&quot;sizes&quot;:[]},&quot;columns_gap_mobile&quot;:{&quot;unit&quot;:&quot;px&quot;,&quot;size&quot;:&quot;&quot;,&quot;sizes&quot;:[]},&quot;rows_gap&quot;:{&quot;unit&quot;:&quot;px&quot;,&quot;size&quot;:10,&quot;sizes&quot;:[]},&quot;rows_gap_tablet&quot;:{&quot;unit&quot;:&quot;px&quot;,&quot;size&quot;:&quot;&quot;,&quot;sizes&quot;:[]},&quot;rows_gap_mobile&quot;:{&quot;unit&quot;:&quot;px&quot;,&quot;size&quot;:&quot;&quot;,&quot;sizes&quot;:[]}}\" data-widget_type=\"etheme_gallery.default\">\n\t\t\t\t<div class=\"elementor-widget-container\">\n\t\t\t\t\t        \n        <div class=\"etheme-gallery-wrapper\">\n            \t            \n\t            <div class=\"e-gallery etheme-gallery active\" id=\"etheme-gallery-5755\" data-item-settings=\"{&quot;type&quot;:&quot;grid&quot;}\" data-uniq-id=\"5755\">\n                                <div class=\"e-gallery-item etheme-gallery-item\">\n                <div class=\"etheme-gallery-item-overlay\">\n                    <a data-elementor-open-lightbox=\"yes\" data-elementor-lightbox-slideshow=\"all-fedd9b7\" data-e-action-hash=\"#elementor-action%3Aaction%3Dlightbox%26settings%3DeyJpZCI6MzE1NDQsInVybCI6Imh0dHBzOlwvXC93d3cua2FyYXJ0bWFyYmxlLmNvbVwvd3AtY29udGVudFwvdXBsb2Fkc1wvMjAyNFwvMDJcLzkwOTItV2hpdGUtU2lsdmVyLU1hcmJsZS1CYXRocm9vbS1TZXQtNy0yLTEtMS53ZWJwIiwic2xpZGVzaG93IjoiYWxsLWZlZGQ5YjcifQ%3D%3D\" class=\"e-gallery-image etheme-gallery-image elementor-gallery-item__image\" data-thumbnail=\"https:\/\/www.karartmarble.com\/wp-content\/uploads\/2024\/02\/9092-White-Silver-Marble-Bathroom-Set-7-2-1-1.webp\" data-width=\"1308\" data-height=\"1307\" alt=\"beyaz mermer banyo tak\u0131m\u0131\" style=\"background-image: url(&#039;https:\/\/www.karartmarble.com\/wp-content\/uploads\/2024\/02\/9092-White-Silver-Marble-Bathroom-Set-7-2-1-1.webp&#039;)\" href=\"https:\/\/www.karartmarble.com\/wp-content\/uploads\/2024\/02\/9092-White-Silver-Marble-Bathroom-Set-7-2-1-1.webp\"><\/a>\n\t                <span class=\"etheme-gallery-item-details etheme-gallery-item-details-inside\"><span class=\"etheme-gallery-lightbox-icon\">\n            <svg version=\"1.1\" xmlns=\"http:\/\/www.w3.org\/2000\/svg\" width=\"1em\" height=\"1em\" viewBox=\"0 0 24 24\" fill=\"currentColor\">\n                <path d=\"M23.784 22.8l-6.168-6.144c1.584-1.848 2.448-4.176 2.448-6.576 0-5.52-4.488-10.032-10.032-10.032-5.52 0-10.008 4.488-10.008 10.008s4.488 10.032 10.032 10.032c2.424 0 4.728-0.864 6.576-2.472l6.168 6.144c0.144 0.144 0.312 0.216 0.48 0.216s0.336-0.072 0.456-0.192c0.144-0.12 0.216-0.288 0.24-0.48 0-0.192-0.072-0.384-0.192-0.504zM18.696 10.080c0 4.752-3.888 8.64-8.664 8.64-4.752 0-8.64-3.888-8.64-8.664 0-4.752 3.888-8.64 8.664-8.64s8.64 3.888 8.64 8.664z\"><\/path>\n            <\/svg>\n        <\/span><\/span>                <\/div>\n\t            \t                        <\/div>\n\t                <div class=\"e-gallery-item etheme-gallery-item\">\n                <div class=\"etheme-gallery-item-overlay\">\n                    <a data-elementor-open-lightbox=\"yes\" data-elementor-lightbox-slideshow=\"all-fedd9b7\" data-e-action-hash=\"#elementor-action%3Aaction%3Dlightbox%26settings%3DeyJpZCI6MzE1NDIsInVybCI6Imh0dHBzOlwvXC93d3cua2FyYXJ0bWFyYmxlLmNvbVwvd3AtY29udGVudFwvdXBsb2Fkc1wvMjAyNFwvMDJcLzkwOTItV2hpdGUtU2lsdmVyLU1hcmJsZS1CYXRocm9vbS1TZXQtNy0xLTEtMS53ZWJwIiwic2xpZGVzaG93IjoiYWxsLWZlZGQ5YjcifQ%3D%3D\" class=\"e-gallery-image etheme-gallery-image elementor-gallery-item__image\" data-thumbnail=\"https:\/\/www.karartmarble.com\/wp-content\/uploads\/2024\/02\/9092-White-Silver-Marble-Bathroom-Set-7-1-1-1.webp\" data-width=\"1304\" data-height=\"1303\" alt=\"beyaz mermer banyo seti\" style=\"background-image: url(&#039;https:\/\/www.karartmarble.com\/wp-content\/uploads\/2024\/02\/9092-White-Silver-Marble-Bathroom-Set-7-1-1-1.webp&#039;)\" href=\"https:\/\/www.karartmarble.com\/wp-content\/uploads\/2024\/02\/9092-White-Silver-Marble-Bathroom-Set-7-1-1-1.webp\"><\/a>\n\t                <span class=\"etheme-gallery-item-details etheme-gallery-item-details-inside\"><span class=\"etheme-gallery-lightbox-icon\">\n            <svg version=\"1.1\" xmlns=\"http:\/\/www.w3.org\/2000\/svg\" width=\"1em\" height=\"1em\" viewBox=\"0 0 24 24\" fill=\"currentColor\">\n                <path d=\"M23.784 22.8l-6.168-6.144c1.584-1.848 2.448-4.176 2.448-6.576 0-5.52-4.488-10.032-10.032-10.032-5.52 0-10.008 4.488-10.008 10.008s4.488 10.032 10.032 10.032c2.424 0 4.728-0.864 6.576-2.472l6.168 6.144c0.144 0.144 0.312 0.216 0.48 0.216s0.336-0.072 0.456-0.192c0.144-0.12 0.216-0.288 0.24-0.48 0-0.192-0.072-0.384-0.192-0.504zM18.696 10.080c0 4.752-3.888 8.64-8.664 8.64-4.752 0-8.64-3.888-8.64-8.664 0-4.752 3.888-8.64 8.664-8.64s8.64 3.888 8.64 8.664z\"><\/path>\n            <\/svg>\n        <\/span><\/span>                <\/div>\n\t            \t                        <\/div>\n\t                    <\/div>\n                    <\/div>\n        \n        \t\t\t\t<\/div>\n\t\t\t\t<\/div>\n\t\t\t\t<div class=\"elementor-element elementor-element-852d143 elementor-widget elementor-widget-text-editor\" data-id=\"852d143\" data-element_type=\"widget\" data-e-type=\"widget\" data-widget_type=\"text-editor.default\">\n\t\t\t\t<div class=\"elementor-widget-container\">\n\t\t\t\t\t\t\t\t\t<h2 class=\"editor_editorParagraph__isQNM\" dir=\"ltr\">Beyaz Mermer Banyo D\u00fczenleyici<\/h2><p class=\"editor_editorParagraph__isQNM\" dir=\"ltr\">Banyonuzu zarif bir ya\u015fam alan\u0131na d\u00f6n\u00fc\u015ft\u00fcr\u00fcn! Beyaz <strong>mermer banyo d\u00fczenleyici<\/strong>, l\u00fcks ve i\u015flevselli\u011fi m\u00fckemmel bir \u015fekilde bir araya getiriyor.<\/p><h3 class=\"editor_editorParagraph__isQNM\" dir=\"ltr\">\u00dcr\u00fcn \u00d6zellikleri:<\/h3><p class=\"editor_editorParagraph__isQNM\" dir=\"ltr\"><br \/>\u2022 Saf beyaz mermerden \u00fcretilmi\u015ftir<br \/>\u2022 Do\u011fal mermer desenleri ile her par\u00e7a benzersizdir<br \/>\u2022 P\u00fcr\u00fczs\u00fcz, cilal\u0131 y\u00fczey<br \/>\u2022 Suya ve neme dayan\u0131kl\u0131<br \/>\u2022 \u015e\u0131k ve minimalist tasar\u0131m<\/p><h3 class=\"editor_editorParagraph__isQNM\" dir=\"ltr\"><strong>Mermer Banyo D\u00fczenleyici Faydalar\u0131<\/strong>:<\/h3><p class=\"editor_editorParagraph__isQNM\" dir=\"ltr\"><br \/>\u2022 Banyonuza an\u0131nda l\u00fcks ve sofistike bir g\u00f6r\u00fcn\u00fcm katar<br \/>\u2022 Da\u011f\u0131n\u0131kl\u0131\u011f\u0131 ortadan kald\u0131r\u0131r ve d\u00fczenli bir alan yarat\u0131r<br \/>\u2022 Kolay temizlenir ve bak\u0131m\u0131 basittir<br \/>\u2022 Uzun \u00f6m\u00fcrl\u00fc ve dayan\u0131kl\u0131 yap\u0131s\u0131 ile y\u0131llarca kullan\u0131m sa\u011flar<br \/>\u2022 Di\u011fer banyo aksesuarlar\u0131yla uyumlu, \u00e7ok y\u00f6nl\u00fc bir tasar\u0131m<\/p><h3 class=\"editor_editorParagraph__isQNM\" dir=\"ltr\">Kullan\u0131m Alanlar\u0131:<\/h3><p class=\"editor_editorParagraph__isQNM\" dir=\"ltr\"><br \/>Bu \u015f\u0131k banyo d\u00fczenleyici, lavabo \u00fcst\u00fc, k\u00fcvet kenar\u0131 veya raf \u00fczerinde m\u00fckemmel bir \u015fekilde kullan\u0131labilir. Di\u015f f\u0131r\u00e7as\u0131, sabun, losyon \u015fi\u015feleri ve di\u011fer banyo malzemelerinizi d\u00fczenli ve eri\u015filebilir bir \u015fekilde saklaman\u0131za olanak tan\u0131r. Kompakt boyutu sayesinde k\u00fc\u00e7\u00fck banyolarda bile rahatl\u0131kla yer bulur.<\/p><p class=\"editor_editorParagraph__isQNM\" dir=\"ltr\">Beyaz <strong>mermer banyo d\u00fczenleyici<\/strong>, y\u00fcksek kaliteli malzemesi ve \u00f6zenli i\u015f\u00e7ili\u011fi ile uzun y\u0131llar boyunca ilk g\u00fcnk\u00fc g\u00f6r\u00fcn\u00fcm\u00fcn\u00fc koruyacak \u015fekilde tasarlanm\u0131\u015ft\u0131r. Do\u011fal mermer yap\u0131s\u0131, her \u00fcr\u00fcn\u00fc benzersiz k\u0131lar ve banyonuza \u00f6zel bir karakter katar.<\/p><p class=\"editor_editorParagraph__isQNM\" dir=\"ltr\">Banyonuzu l\u00fcks bir spa ortam\u0131na d\u00f6n\u00fc\u015ft\u00fcrmek i\u00e7in <strong>beyaz<\/strong> <strong>mermer banyo d\u00fczenleyici<\/strong>&#8216;yi bug\u00fcn ke\u015ffedin ve g\u00fcnl\u00fck rutininize zarafet kat\u0131n!<\/p>\t\t\t\t\t\t\t\t<\/div>\n\t\t\t\t<\/div>\n\t\t\t\t\t<\/div>\n\t\t<\/div>\n\t\t\t\t\t<\/div>\n\t\t<\/section>\n\t\t\t\t<\/div>\n\t\t","protected":false},"excerpt":{"rendered":"[table id=199 \/]\n","protected":false},"featured_media":31530,"comment_status":"open","ping_status":"closed","template":"","meta":{"inline_featured_image":false},"etheme_brands":[{"term_id":365,"name":"karartmarble","slug":"karartmarble-tr","term_group":0,"term_taxonomy_id":365,"taxonomy":"brand","description":"","parent":0,"count":91,"filter":"raw"}],"product_brand":[],"product_cat":[400,404],"product_tag":[],"class_list":{"0":"post-31526","1":"product","2":"type-product","3":"status-publish","4":"has-post-thumbnail","6":"brand-karartmarble-tr","7":"product_cat-objedekorasyon","8":"product_cat-tum-urunler","10":"first","11":"instock","12":"shipping-taxable","13":"purchasable","14":"product-type-simple"},"_links":{"self":[{"href":"https:\/\/www.karartmarble.com\/tr\/wp-json\/wp\/v2\/product\/31526","targetHints":{"allow":["GET"]}}],"collection":[{"href":"https:\/\/www.karartmarble.com\/tr\/wp-json\/wp\/v2\/product"}],"about":[{"href":"https:\/\/www.karartmarble.com\/tr\/wp-json\/wp\/v2\/types\/product"}],"replies":[{"embeddable":true,"href":"https:\/\/www.karartmarble.com\/tr\/wp-json\/wp\/v2\/comments?post=31526"}],"version-history":[{"count":0,"href":"https:\/\/www.karartmarble.com\/tr\/wp-json\/wp\/v2\/product\/31526\/revisions"}],"wp:featuredmedia":[{"embeddable":true,"href":"https:\/\/www.karartmarble.com\/tr\/wp-json\/wp\/v2\/media\/31530"}],"wp:attachment":[{"href":"https:\/\/www.karartmarble.com\/tr\/wp-json\/wp\/v2\/media?parent=31526"}],"wp:term":[{"taxonomy":"brand","embeddable":true,"href":"https:\/\/www.karartmarble.com\/tr\/wp-json\/wp\/v2\/etheme_brands?post=31526"},{"taxonomy":"product_brand","embeddable":true,"href":"https:\/\/www.karartmarble.com\/tr\/wp-json\/wp\/v2\/product_brand?post=31526"},{"taxonomy":"product_cat","embeddable":true,"href":"https:\/\/www.karartmarble.com\/tr\/wp-json\/wp\/v2\/product_cat?post=31526"},{"taxonomy":"product_tag","embeddable":true,"href":"https:\/\/www.karartmarble.com\/tr\/wp-json\/wp\/v2\/product_tag?post=31526"}],"curies":[{"name":"wp","href":"https:\/\/api.w.org\/{rel}","templated":true}]}}