{"id":33942,"date":"2024-03-30T01:26:39","date_gmt":"2024-03-29T22:26:39","guid":{"rendered":"https:\/\/karartmarble.com\/?post_type=product&#038;p=33942"},"modified":"2024-07-28T20:10:38","modified_gmt":"2024-07-28T17:10:38","slug":"leylak-mermer","status":"publish","type":"product","link":"https:\/\/www.karartmarble.com\/tr\/urun\/leylak-mermer\/","title":{"rendered":"Leylak Mermer <br><span class=\"ata_title\">T\u00fcm Y\u00fczeyler<\/span>"},"content":{"rendered":"\t\t<div data-elementor-type=\"wp-post\" data-elementor-id=\"33942\" class=\"elementor elementor-33942 elementor-33898\" data-elementor-post-type=\"product\">\n\t\t\t\t\t\t<section class=\"elementor-section elementor-top-section elementor-element elementor-element-0d75d4a elementor-section-boxed elementor-section-height-default elementor-section-height-default\" data-id=\"0d75d4a\" data-element_type=\"section\" data-e-type=\"section\">\n\t\t\t\t\t\t<div class=\"elementor-container elementor-column-gap-default\">\n\t\t\t\t\t<div class=\"elementor-column elementor-col-100 elementor-top-column elementor-element elementor-element-439709d\" data-id=\"439709d\" data-element_type=\"column\" data-e-type=\"column\">\n\t\t\t<div class=\"elementor-widget-wrap elementor-element-populated\">\n\t\t\t\t\t\t<div class=\"elementor-element elementor-element-fedd9b7 elementor-widget elementor-widget-etheme_gallery\" data-id=\"fedd9b7\" data-element_type=\"widget\" data-e-type=\"widget\" data-settings=\"{&quot;type&quot;:&quot;grid&quot;,&quot;columns&quot;:{&quot;unit&quot;:&quot;px&quot;,&quot;size&quot;:3,&quot;sizes&quot;:[]},&quot;columns_tablet&quot;:{&quot;unit&quot;:&quot;px&quot;,&quot;size&quot;:3,&quot;sizes&quot;:[]},&quot;columns_mobile&quot;:{&quot;unit&quot;:&quot;px&quot;,&quot;size&quot;:2,&quot;sizes&quot;:[]},&quot;columns_gap&quot;:{&quot;unit&quot;:&quot;px&quot;,&quot;size&quot;:10,&quot;sizes&quot;:[]},&quot;columns_gap_tablet&quot;:{&quot;unit&quot;:&quot;px&quot;,&quot;size&quot;:&quot;&quot;,&quot;sizes&quot;:[]},&quot;columns_gap_mobile&quot;:{&quot;unit&quot;:&quot;px&quot;,&quot;size&quot;:&quot;&quot;,&quot;sizes&quot;:[]},&quot;rows_gap&quot;:{&quot;unit&quot;:&quot;px&quot;,&quot;size&quot;:10,&quot;sizes&quot;:[]},&quot;rows_gap_tablet&quot;:{&quot;unit&quot;:&quot;px&quot;,&quot;size&quot;:&quot;&quot;,&quot;sizes&quot;:[]},&quot;rows_gap_mobile&quot;:{&quot;unit&quot;:&quot;px&quot;,&quot;size&quot;:&quot;&quot;,&quot;sizes&quot;:[]}}\" data-widget_type=\"etheme_gallery.default\">\n\t\t\t\t<div class=\"elementor-widget-container\">\n\t\t\t\t\t        \n        <div class=\"etheme-gallery-wrapper\">\n            \t            \n\t            <div class=\"e-gallery etheme-gallery active\" id=\"etheme-gallery-1558\" data-item-settings=\"{&quot;type&quot;:&quot;grid&quot;}\" data-uniq-id=\"1558\">\n                                <div class=\"e-gallery-item etheme-gallery-item\">\n                <div class=\"etheme-gallery-item-overlay\">\n                    <a data-elementor-open-lightbox=\"yes\" data-elementor-lightbox-slideshow=\"all-fedd9b7\" data-elementor-lightbox-title=\"lilac-marble-slab-05\" data-e-action-hash=\"#elementor-action%3Aaction%3Dlightbox%26settings%3DeyJpZCI6MzQxNDEsInVybCI6Imh0dHBzOlwvXC93d3cua2FyYXJ0bWFyYmxlLmNvbVwvd3AtY29udGVudFwvdXBsb2Fkc1wvMjAyNFwvMDNcL2xpbGFjLW1hcmJsZS1zbGFiLTIud2VicCIsInNsaWRlc2hvdyI6ImFsbC1mZWRkOWI3In0%3D\" class=\"e-gallery-image etheme-gallery-image elementor-gallery-item__image\" data-thumbnail=\"https:\/\/www.karartmarble.com\/wp-content\/uploads\/2024\/03\/lilac-marble-slab-2.webp\" data-width=\"1600\" data-height=\"900\" alt=\"leylak mermer levha\" style=\"background-image: url(&#039;https:\/\/www.karartmarble.com\/wp-content\/uploads\/2024\/03\/lilac-marble-slab-2.webp&#039;)\" href=\"https:\/\/www.karartmarble.com\/wp-content\/uploads\/2024\/03\/lilac-marble-slab-2.webp\"><\/a>\n\t                <span class=\"etheme-gallery-item-details etheme-gallery-item-details-inside\"><span class=\"etheme-gallery-lightbox-icon\">\n            <svg version=\"1.1\" xmlns=\"http:\/\/www.w3.org\/2000\/svg\" width=\"1em\" height=\"1em\" viewBox=\"0 0 24 24\" fill=\"currentColor\">\n                <path d=\"M23.784 22.8l-6.168-6.144c1.584-1.848 2.448-4.176 2.448-6.576 0-5.52-4.488-10.032-10.032-10.032-5.52 0-10.008 4.488-10.008 10.008s4.488 10.032 10.032 10.032c2.424 0 4.728-0.864 6.576-2.472l6.168 6.144c0.144 0.144 0.312 0.216 0.48 0.216s0.336-0.072 0.456-0.192c0.144-0.12 0.216-0.288 0.24-0.48 0-0.192-0.072-0.384-0.192-0.504zM18.696 10.080c0 4.752-3.888 8.64-8.664 8.64-4.752 0-8.64-3.888-8.64-8.664 0-4.752 3.888-8.64 8.664-8.64s8.64 3.888 8.64 8.664z\"><\/path>\n            <\/svg>\n        <\/span><\/span>                <\/div>\n\t            \t                        <\/div>\n\t                <div class=\"e-gallery-item etheme-gallery-item\">\n                <div class=\"etheme-gallery-item-overlay\">\n                    <a data-elementor-open-lightbox=\"yes\" data-elementor-lightbox-slideshow=\"all-fedd9b7\" data-elementor-lightbox-title=\"lilac-marble-tiles-06\" data-e-action-hash=\"#elementor-action%3Aaction%3Dlightbox%26settings%3DeyJpZCI6MzQxNDMsInVybCI6Imh0dHBzOlwvXC93d3cua2FyYXJ0bWFyYmxlLmNvbVwvd3AtY29udGVudFwvdXBsb2Fkc1wvMjAyNFwvMDNcL2xpbGFjLW1hcmJsZS10aWxlcy0xLTEud2VicCIsInNsaWRlc2hvdyI6ImFsbC1mZWRkOWI3In0%3D\" class=\"e-gallery-image etheme-gallery-image elementor-gallery-item__image\" data-thumbnail=\"https:\/\/www.karartmarble.com\/wp-content\/uploads\/2024\/03\/lilac-marble-tiles-1-1.webp\" data-width=\"900\" data-height=\"1600\" alt=\"leylak mermer fayans\" style=\"background-image: url(&#039;https:\/\/www.karartmarble.com\/wp-content\/uploads\/2024\/03\/lilac-marble-tiles-1-1.webp&#039;)\" href=\"https:\/\/www.karartmarble.com\/wp-content\/uploads\/2024\/03\/lilac-marble-tiles-1-1.webp\"><\/a>\n\t                <span class=\"etheme-gallery-item-details etheme-gallery-item-details-inside\"><span class=\"etheme-gallery-lightbox-icon\">\n            <svg version=\"1.1\" xmlns=\"http:\/\/www.w3.org\/2000\/svg\" width=\"1em\" height=\"1em\" viewBox=\"0 0 24 24\" fill=\"currentColor\">\n                <path d=\"M23.784 22.8l-6.168-6.144c1.584-1.848 2.448-4.176 2.448-6.576 0-5.52-4.488-10.032-10.032-10.032-5.52 0-10.008 4.488-10.008 10.008s4.488 10.032 10.032 10.032c2.424 0 4.728-0.864 6.576-2.472l6.168 6.144c0.144 0.144 0.312 0.216 0.48 0.216s0.336-0.072 0.456-0.192c0.144-0.12 0.216-0.288 0.24-0.48 0-0.192-0.072-0.384-0.192-0.504zM18.696 10.080c0 4.752-3.888 8.64-8.664 8.64-4.752 0-8.64-3.888-8.64-8.664 0-4.752 3.888-8.64 8.664-8.64s8.64 3.888 8.64 8.664z\"><\/path>\n            <\/svg>\n        <\/span><\/span>                <\/div>\n\t            \t                        <\/div>\n\t                <div class=\"e-gallery-item etheme-gallery-item\">\n                <div class=\"etheme-gallery-item-overlay\">\n                    <a data-elementor-open-lightbox=\"yes\" data-elementor-lightbox-slideshow=\"all-fedd9b7\" data-elementor-lightbox-title=\"lilac-marble-tiles-07\" data-e-action-hash=\"#elementor-action%3Aaction%3Dlightbox%26settings%3DeyJpZCI6MzQxNDUsInVybCI6Imh0dHBzOlwvXC93d3cua2FyYXJ0bWFyYmxlLmNvbVwvd3AtY29udGVudFwvdXBsb2Fkc1wvMjAyNFwvMDNcL2xpbGFjLW1hcmJsZS10aWxlcy0zLTEud2VicCIsInNsaWRlc2hvdyI6ImFsbC1mZWRkOWI3In0%3D\" class=\"e-gallery-image etheme-gallery-image elementor-gallery-item__image\" data-thumbnail=\"https:\/\/www.karartmarble.com\/wp-content\/uploads\/2024\/03\/lilac-marble-tiles-3-1.webp\" data-width=\"900\" data-height=\"1600\" alt=\"leylak mermer damarlar\u0131\" style=\"background-image: url(&#039;https:\/\/www.karartmarble.com\/wp-content\/uploads\/2024\/03\/lilac-marble-tiles-3-1.webp&#039;)\" href=\"https:\/\/www.karartmarble.com\/wp-content\/uploads\/2024\/03\/lilac-marble-tiles-3-1.webp\"><\/a>\n\t                <span class=\"etheme-gallery-item-details etheme-gallery-item-details-inside\"><span class=\"etheme-gallery-lightbox-icon\">\n            <svg version=\"1.1\" xmlns=\"http:\/\/www.w3.org\/2000\/svg\" width=\"1em\" height=\"1em\" viewBox=\"0 0 24 24\" fill=\"currentColor\">\n                <path d=\"M23.784 22.8l-6.168-6.144c1.584-1.848 2.448-4.176 2.448-6.576 0-5.52-4.488-10.032-10.032-10.032-5.52 0-10.008 4.488-10.008 10.008s4.488 10.032 10.032 10.032c2.424 0 4.728-0.864 6.576-2.472l6.168 6.144c0.144 0.144 0.312 0.216 0.48 0.216s0.336-0.072 0.456-0.192c0.144-0.12 0.216-0.288 0.24-0.48 0-0.192-0.072-0.384-0.192-0.504zM18.696 10.080c0 4.752-3.888 8.64-8.664 8.64-4.752 0-8.64-3.888-8.64-8.664 0-4.752 3.888-8.64 8.664-8.64s8.64 3.888 8.64 8.664z\"><\/path>\n            <\/svg>\n        <\/span><\/span>                <\/div>\n\t            \t                        <\/div>\n\t                <div class=\"e-gallery-item etheme-gallery-item\">\n                <div class=\"etheme-gallery-item-overlay\">\n                    <a data-elementor-open-lightbox=\"yes\" data-elementor-lightbox-slideshow=\"all-fedd9b7\" data-elementor-lightbox-title=\"lilac-marble-tiles-08\" data-e-action-hash=\"#elementor-action%3Aaction%3Dlightbox%26settings%3DeyJpZCI6MzQxNDcsInVybCI6Imh0dHBzOlwvXC93d3cua2FyYXJ0bWFyYmxlLmNvbVwvd3AtY29udGVudFwvdXBsb2Fkc1wvMjAyNFwvMDNcL2xpbGFjLW1hcmJsZS10aWxlcy00LTEud2VicCIsInNsaWRlc2hvdyI6ImFsbC1mZWRkOWI3In0%3D\" class=\"e-gallery-image etheme-gallery-image elementor-gallery-item__image\" data-thumbnail=\"https:\/\/www.karartmarble.com\/wp-content\/uploads\/2024\/03\/lilac-marble-tiles-4-1.webp\" data-width=\"901\" data-height=\"1600\" alt=\"leylak mermer desen\" style=\"background-image: url(&#039;https:\/\/www.karartmarble.com\/wp-content\/uploads\/2024\/03\/lilac-marble-tiles-4-1.webp&#039;)\" href=\"https:\/\/www.karartmarble.com\/wp-content\/uploads\/2024\/03\/lilac-marble-tiles-4-1.webp\"><\/a>\n\t                <span class=\"etheme-gallery-item-details etheme-gallery-item-details-inside\"><span class=\"etheme-gallery-lightbox-icon\">\n            <svg version=\"1.1\" xmlns=\"http:\/\/www.w3.org\/2000\/svg\" width=\"1em\" height=\"1em\" viewBox=\"0 0 24 24\" fill=\"currentColor\">\n                <path d=\"M23.784 22.8l-6.168-6.144c1.584-1.848 2.448-4.176 2.448-6.576 0-5.52-4.488-10.032-10.032-10.032-5.52 0-10.008 4.488-10.008 10.008s4.488 10.032 10.032 10.032c2.424 0 4.728-0.864 6.576-2.472l6.168 6.144c0.144 0.144 0.312 0.216 0.48 0.216s0.336-0.072 0.456-0.192c0.144-0.12 0.216-0.288 0.24-0.48 0-0.192-0.072-0.384-0.192-0.504zM18.696 10.080c0 4.752-3.888 8.64-8.664 8.64-4.752 0-8.64-3.888-8.64-8.664 0-4.752 3.888-8.64 8.664-8.64s8.64 3.888 8.64 8.664z\"><\/path>\n            <\/svg>\n        <\/span><\/span>                <\/div>\n\t            \t                        <\/div>\n\t                <div class=\"e-gallery-item etheme-gallery-item\">\n                <div class=\"etheme-gallery-item-overlay\">\n                    <a data-elementor-open-lightbox=\"yes\" data-elementor-lightbox-slideshow=\"all-fedd9b7\" data-elementor-lightbox-title=\"lilac-marble-tiles-08\" data-e-action-hash=\"#elementor-action%3Aaction%3Dlightbox%26settings%3DeyJpZCI6MzQxNDksInVybCI6Imh0dHBzOlwvXC93d3cua2FyYXJ0bWFyYmxlLmNvbVwvd3AtY29udGVudFwvdXBsb2Fkc1wvMjAyNFwvMDNcL2xpbGFjLW1hcmJsZS10aWxlcy01LTEud2VicCIsInNsaWRlc2hvdyI6ImFsbC1mZWRkOWI3In0%3D\" class=\"e-gallery-image etheme-gallery-image elementor-gallery-item__image\" data-thumbnail=\"https:\/\/www.karartmarble.com\/wp-content\/uploads\/2024\/03\/lilac-marble-tiles-5-1.webp\" data-width=\"900\" data-height=\"1600\" alt=\"leylak mermer \u00f6rnek\" style=\"background-image: url(&#039;https:\/\/www.karartmarble.com\/wp-content\/uploads\/2024\/03\/lilac-marble-tiles-5-1.webp&#039;)\" href=\"https:\/\/www.karartmarble.com\/wp-content\/uploads\/2024\/03\/lilac-marble-tiles-5-1.webp\"><\/a>\n\t                <span class=\"etheme-gallery-item-details etheme-gallery-item-details-inside\"><span class=\"etheme-gallery-lightbox-icon\">\n            <svg version=\"1.1\" xmlns=\"http:\/\/www.w3.org\/2000\/svg\" width=\"1em\" height=\"1em\" viewBox=\"0 0 24 24\" fill=\"currentColor\">\n                <path d=\"M23.784 22.8l-6.168-6.144c1.584-1.848 2.448-4.176 2.448-6.576 0-5.52-4.488-10.032-10.032-10.032-5.52 0-10.008 4.488-10.008 10.008s4.488 10.032 10.032 10.032c2.424 0 4.728-0.864 6.576-2.472l6.168 6.144c0.144 0.144 0.312 0.216 0.48 0.216s0.336-0.072 0.456-0.192c0.144-0.12 0.216-0.288 0.24-0.48 0-0.192-0.072-0.384-0.192-0.504zM18.696 10.080c0 4.752-3.888 8.64-8.664 8.64-4.752 0-8.64-3.888-8.64-8.664 0-4.752 3.888-8.64 8.664-8.64s8.64 3.888 8.64 8.664z\"><\/path>\n            <\/svg>\n        <\/span><\/span>                <\/div>\n\t            \t                        <\/div>\n\t                <div class=\"e-gallery-item etheme-gallery-item\">\n                <div class=\"etheme-gallery-item-overlay\">\n                    <a data-elementor-open-lightbox=\"yes\" data-elementor-lightbox-slideshow=\"all-fedd9b7\" data-elementor-lightbox-title=\"Lilac-Floor\" data-e-action-hash=\"#elementor-action%3Aaction%3Dlightbox%26settings%3DeyJpZCI6MzQxMTgsInVybCI6Imh0dHBzOlwvXC93d3cua2FyYXJ0bWFyYmxlLmNvbVwvd3AtY29udGVudFwvdXBsb2Fkc1wvMjAyNFwvMDNcL0xpbGFjLVV5Z3VsYW1hLUZsb29yLTEud2VicCIsInNsaWRlc2hvdyI6ImFsbC1mZWRkOWI3In0%3D\" class=\"e-gallery-image etheme-gallery-image elementor-gallery-item__image\" data-thumbnail=\"https:\/\/www.karartmarble.com\/wp-content\/uploads\/2024\/03\/Lilac-Uygulama-Floor-1.webp\" data-width=\"3159\" data-height=\"2531\" alt=\"lilac marble floor\" style=\"background-image: url(&#039;https:\/\/www.karartmarble.com\/wp-content\/uploads\/2024\/03\/Lilac-Uygulama-Floor-1.webp&#039;)\" href=\"https:\/\/www.karartmarble.com\/wp-content\/uploads\/2024\/03\/Lilac-Uygulama-Floor-1.webp\"><\/a>\n\t                <span class=\"etheme-gallery-item-details etheme-gallery-item-details-inside\"><span class=\"etheme-gallery-lightbox-icon\">\n            <svg version=\"1.1\" xmlns=\"http:\/\/www.w3.org\/2000\/svg\" width=\"1em\" height=\"1em\" viewBox=\"0 0 24 24\" fill=\"currentColor\">\n                <path d=\"M23.784 22.8l-6.168-6.144c1.584-1.848 2.448-4.176 2.448-6.576 0-5.52-4.488-10.032-10.032-10.032-5.52 0-10.008 4.488-10.008 10.008s4.488 10.032 10.032 10.032c2.424 0 4.728-0.864 6.576-2.472l6.168 6.144c0.144 0.144 0.312 0.216 0.48 0.216s0.336-0.072 0.456-0.192c0.144-0.12 0.216-0.288 0.24-0.48 0-0.192-0.072-0.384-0.192-0.504zM18.696 10.080c0 4.752-3.888 8.64-8.664 8.64-4.752 0-8.64-3.888-8.64-8.664 0-4.752 3.888-8.64 8.664-8.64s8.64 3.888 8.64 8.664z\"><\/path>\n            <\/svg>\n        <\/span><\/span>                <\/div>\n\t            \t                        <\/div>\n\t                    <\/div>\n                    <\/div>\n        \n        \t\t\t\t<\/div>\n\t\t\t\t<\/div>\n\t\t\t\t\t<\/div>\n\t\t<\/div>\n\t\t\t\t\t<\/div>\n\t\t<\/section>\n\t\t\t\t<section class=\"elementor-section elementor-top-section elementor-element elementor-element-7b33a75 elementor-section-boxed elementor-section-height-default elementor-section-height-default\" data-id=\"7b33a75\" data-element_type=\"section\" data-e-type=\"section\">\n\t\t\t\t\t\t<div class=\"elementor-container elementor-column-gap-default\">\n\t\t\t\t\t<div class=\"elementor-column elementor-col-100 elementor-top-column elementor-element elementor-element-8b4e2c3\" data-id=\"8b4e2c3\" data-element_type=\"column\" data-e-type=\"column\">\n\t\t\t<div class=\"elementor-widget-wrap elementor-element-populated\">\n\t\t\t\t\t\t<div class=\"elementor-element elementor-element-02ddb7e elementor-widget elementor-widget-text-editor\" data-id=\"02ddb7e\" data-element_type=\"widget\" data-e-type=\"widget\" data-widget_type=\"text-editor.default\">\n\t\t\t\t<div class=\"elementor-widget-container\">\n\t\t\t\t\t\t\t\t\t<h2 class=\"editor_editorParagraph__isQNM\" dir=\"ltr\">Mu\u011fla Leylak Mermer: Zarafetin Do\u011fal Hali<\/h2><p class=\"editor_editorParagraph__isQNM\" dir=\"ltr\"><strong>Leylak Mermer<\/strong>, e\u015fsiz g\u00fczellikte damarlar\u0131yla zarafeti ve benzersizli\u011fi bir araya getiriyor. Her mek\u00e2na l\u00fcks bir atmosfer katmak i\u00e7in ideal olan bu \u00f6zel mermer, do\u011fan\u0131n en zarif hediyelerinden biri.<\/p><h3 dir=\"ltr\">\u00dcr\u00fcn \u00d6zellikleri<\/h3><ul class=\"editor_editorListUl__Z78So\"><li class=\"editor_editorListItem__O5oI5\" value=\"1\"><b><strong class=\"editor_editorTextBold__UTGUL\">Boyutlar:<\/strong><\/b> 30x30cm, 30x60cm, 40x60cm, 40x80cm, 60x120cm ve \u00f6zel \u00f6l\u00e7\u00fcler<\/li><li class=\"editor_editorListItem__O5oI5\" value=\"2\"><b><strong class=\"editor_editorTextBold__UTGUL\">Kal\u0131nl\u0131k Se\u00e7enekleri:<\/strong><\/b> 1cm, 2cm, 3cm, 4cm, 5cm (\u0130ste\u011fe ba\u011fl\u0131 olarak her ebatta \u00fcretilebilir)<\/li><li class=\"editor_editorListItem__O5oI5\" value=\"3\"><b><strong class=\"editor_editorTextBold__UTGUL\">Y\u00fczey \u0130\u015flemi:<\/strong><\/b> T\u00fcm y\u00fczeyler i\u00e7in uygun (Cilal\u0131, honlu, f\u0131r\u00e7alanm\u0131\u015f vb.)<\/li><li class=\"editor_editorListItem__O5oI5\" value=\"4\"><b><strong class=\"editor_editorTextBold__UTGUL\">Renk:<\/strong><\/b> E\u015fsiz leylak tonlar\u0131 ve do\u011fal damar desenleri<\/li><\/ul><h3 dir=\"ltr\">\u00c7ok Y\u00f6nl\u00fc Kullan\u0131m Alanlar\u0131<\/h3><p class=\"editor_editorParagraph__isQNM\" dir=\"ltr\"><strong>Mu\u011fla Leylak Mermer<\/strong>, \u00e7e\u015fitli mek\u00e2nlarda kullan\u0131labilir:<\/p><ul class=\"editor_editorListUl__Z78So\"><li class=\"editor_editorListItem__O5oI5\" value=\"1\">\u0130\u00e7 mekan zemin kaplamas\u0131<\/li><li class=\"editor_editorListItem__O5oI5\" value=\"2\">D\u0131\u015f mekan zemin kaplamas\u0131<\/li><li class=\"editor_editorListItem__O5oI5\" value=\"3\">Havuz kenarlar\u0131<\/li><li class=\"editor_editorListItem__O5oI5\" value=\"4\">Mutfak tezgahlar\u0131<\/li><li class=\"editor_editorListItem__O5oI5\" value=\"5\">Banyo dekorasyonu<\/li><li class=\"editor_editorListItem__O5oI5\" value=\"6\">Otel ve al\u0131\u015fveri\u015f merkezi duvar kaplamalar\u0131<\/li><li class=\"editor_editorListItem__O5oI5\" value=\"7\">\u0130\u00e7 ve d\u0131\u015f mekan duvar kaplamalar\u0131<\/li><\/ul><h3 dir=\"ltr\">Estetik ve Tasar\u0131m De\u011feri<\/h3><p class=\"editor_editorParagraph__isQNM\" dir=\"ltr\">Leylak Mermer, ad\u0131n\u0131 ald\u0131\u011f\u0131 \u00e7i\u00e7e\u011fin zarafetini yans\u0131t\u0131r. Soft leylak tonlar\u0131 ve ince damar desenleriyle her mek\u00e2na sofistike bir hava katar. Modern, klasik veya eklektik her t\u00fcr dekorasyon stiline uyum sa\u011flayabilen bu mermer, mek\u00e2n\u0131n\u0131za benzersiz bir karakter kazand\u0131r\u0131r.<\/p><h3 dir=\"ltr\">Dayan\u0131kl\u0131l\u0131k ve Bak\u0131m<\/h3><p class=\"editor_editorParagraph__isQNM\" dir=\"ltr\">Do\u011fal ta\u015f\u0131n g\u00fcc\u00fcn\u00fc ta\u015f\u0131yan Leylak Mermer, uzun \u00f6m\u00fcrl\u00fc ve dayan\u0131kl\u0131d\u0131r. D\u00fczenli bak\u0131mla y\u0131llarca ilk g\u00fcnk\u00fc g\u00fczelli\u011fini korur. Kolay temizlenebilir yap\u0131s\u0131 sayesinde, g\u00fcnl\u00fck kullan\u0131mda pratiklik sunar.<\/p><h2 dir=\"ltr\">Leylak Mermer Fiyatlar\u0131 ve Sipari\u015f<\/h2><p class=\"editor_editorParagraph__isQNM\" dir=\"ltr\"><strong>Leylak mermer fiyatlar\u0131<\/strong>, m\u00b2 ba\u015f\u0131na <strong>21,00$ ile 44,00$<\/strong> aras\u0131nda de\u011fi\u015fen fiyatlarla sunulmaktad\u0131r. Fiyat aral\u0131\u011f\u0131, se\u00e7ilen boyut ve kal\u0131nl\u0131\u011fa g\u00f6re de\u011fi\u015fiklik g\u00f6sterir.<\/p><p class=\"editor_editorParagraph__isQNM\" dir=\"ltr\">Sipari\u015f vermeden \u00f6nce \u00fccretsiz numune talep edebilir, \u00fcr\u00fcn\u00fc yak\u0131ndan inceleyebilirsiniz. \u00d6zel \u00f6l\u00e7\u00fc ve uygulama talepleriniz i\u00e7in sat\u0131\u015f temsilcimiz ile ileti\u015fime ge\u00e7ebilirsiniz.<\/p><p class=\"editor_editorParagraph__isQNM\" dir=\"ltr\"><strong>Leylak Merme<\/strong>r ile mek\u00e2nlar\u0131n\u0131za do\u011fan\u0131n zarafetini ta\u015f\u0131y\u0131n, evinizi veya i\u015fyerinizi sanat eserine d\u00f6n\u00fc\u015ft\u00fcr\u00fcn. <strong>Kar Art Marble<\/strong> kalitesiyle, mermerin en \u00f6zel halini ke\u015ffedin.<\/p>\t\t\t\t\t\t\t\t<\/div>\n\t\t\t\t<\/div>\n\t\t\t\t\t<\/div>\n\t\t<\/div>\n\t\t\t\t\t<\/div>\n\t\t<\/section>\n\t\t\t\t<\/div>\n\t\t","protected":false},"excerpt":{"rendered":"[table id=242 \/]\n","protected":false},"featured_media":34441,"comment_status":"open","ping_status":"closed","template":"","meta":{"inline_featured_image":false},"etheme_brands":[{"term_id":365,"name":"karartmarble","slug":"karartmarble-tr","term_group":0,"term_taxonomy_id":365,"taxonomy":"brand","description":"","parent":0,"count":91,"filter":"raw"}],"product_brand":[],"product_cat":[397,404],"product_tag":[],"class_list":{"0":"post-33942","1":"product","2":"type-product","3":"status-publish","4":"has-post-thumbnail","6":"brand-karartmarble-tr","7":"product_cat-fayanslar","8":"product_cat-tum-urunler","10":"first","11":"outofstock","12":"shipping-taxable","13":"purchasable","14":"product-type-variable"},"_links":{"self":[{"href":"https:\/\/www.karartmarble.com\/tr\/wp-json\/wp\/v2\/product\/33942","targetHints":{"allow":["GET"]}}],"collection":[{"href":"https:\/\/www.karartmarble.com\/tr\/wp-json\/wp\/v2\/product"}],"about":[{"href":"https:\/\/www.karartmarble.com\/tr\/wp-json\/wp\/v2\/types\/product"}],"replies":[{"embeddable":true,"href":"https:\/\/www.karartmarble.com\/tr\/wp-json\/wp\/v2\/comments?post=33942"}],"version-history":[{"count":0,"href":"https:\/\/www.karartmarble.com\/tr\/wp-json\/wp\/v2\/product\/33942\/revisions"}],"wp:featuredmedia":[{"embeddable":true,"href":"https:\/\/www.karartmarble.com\/tr\/wp-json\/wp\/v2\/media\/34441"}],"wp:attachment":[{"href":"https:\/\/www.karartmarble.com\/tr\/wp-json\/wp\/v2\/media?parent=33942"}],"wp:term":[{"taxonomy":"brand","embeddable":true,"href":"https:\/\/www.karartmarble.com\/tr\/wp-json\/wp\/v2\/etheme_brands?post=33942"},{"taxonomy":"product_brand","embeddable":true,"href":"https:\/\/www.karartmarble.com\/tr\/wp-json\/wp\/v2\/product_brand?post=33942"},{"taxonomy":"product_cat","embeddable":true,"href":"https:\/\/www.karartmarble.com\/tr\/wp-json\/wp\/v2\/product_cat?post=33942"},{"taxonomy":"product_tag","embeddable":true,"href":"https:\/\/www.karartmarble.com\/tr\/wp-json\/wp\/v2\/product_tag?post=33942"}],"curies":[{"name":"wp","href":"https:\/\/api.w.org\/{rel}","templated":true}]}}