{"id":35366,"date":"2024-09-24T11:31:44","date_gmt":"2024-09-24T08:31:44","guid":{"rendered":"https:\/\/karartmarble.com\/?post_type=product&#038;p=35366"},"modified":"2024-09-24T22:41:09","modified_gmt":"2024-09-24T19:41:09","slug":"calacatta-oro","status":"publish","type":"product","link":"https:\/\/www.karartmarble.com\/tr\/urun\/calacatta-oro\/","title":{"rendered":"Calacatta Oro <br><span class=\"ata_title\">T\u00fcm Y\u00fczeyler<\/span>"},"content":{"rendered":"\t\t<div data-elementor-type=\"wp-post\" data-elementor-id=\"35366\" class=\"elementor elementor-35366 elementor-35296\" data-elementor-post-type=\"product\">\n\t\t\t\t\t\t<section class=\"elementor-section elementor-top-section elementor-element elementor-element-0d75d4a elementor-section-boxed elementor-section-height-default elementor-section-height-default\" data-id=\"0d75d4a\" data-element_type=\"section\" data-e-type=\"section\">\n\t\t\t\t\t\t<div class=\"elementor-container elementor-column-gap-default\">\n\t\t\t\t\t<div class=\"elementor-column elementor-col-100 elementor-top-column elementor-element elementor-element-439709d\" data-id=\"439709d\" data-element_type=\"column\" data-e-type=\"column\">\n\t\t\t<div class=\"elementor-widget-wrap elementor-element-populated\">\n\t\t\t\t\t\t<div class=\"elementor-element elementor-element-fedd9b7 elementor-widget elementor-widget-etheme_gallery\" data-id=\"fedd9b7\" data-element_type=\"widget\" data-e-type=\"widget\" data-settings=\"{&quot;type&quot;:&quot;grid&quot;,&quot;columns&quot;:{&quot;unit&quot;:&quot;px&quot;,&quot;size&quot;:3,&quot;sizes&quot;:[]},&quot;columns_tablet&quot;:{&quot;unit&quot;:&quot;px&quot;,&quot;size&quot;:3,&quot;sizes&quot;:[]},&quot;columns_mobile&quot;:{&quot;unit&quot;:&quot;px&quot;,&quot;size&quot;:2,&quot;sizes&quot;:[]},&quot;columns_gap&quot;:{&quot;unit&quot;:&quot;px&quot;,&quot;size&quot;:10,&quot;sizes&quot;:[]},&quot;columns_gap_tablet&quot;:{&quot;unit&quot;:&quot;px&quot;,&quot;size&quot;:&quot;&quot;,&quot;sizes&quot;:[]},&quot;columns_gap_mobile&quot;:{&quot;unit&quot;:&quot;px&quot;,&quot;size&quot;:&quot;&quot;,&quot;sizes&quot;:[]},&quot;rows_gap&quot;:{&quot;unit&quot;:&quot;px&quot;,&quot;size&quot;:10,&quot;sizes&quot;:[]},&quot;rows_gap_tablet&quot;:{&quot;unit&quot;:&quot;px&quot;,&quot;size&quot;:&quot;&quot;,&quot;sizes&quot;:[]},&quot;rows_gap_mobile&quot;:{&quot;unit&quot;:&quot;px&quot;,&quot;size&quot;:&quot;&quot;,&quot;sizes&quot;:[]}}\" data-widget_type=\"etheme_gallery.default\">\n\t\t\t\t<div class=\"elementor-widget-container\">\n\t\t\t\t\t        \n        <div class=\"etheme-gallery-wrapper\">\n            \t            \n\t            <div class=\"e-gallery etheme-gallery active\" id=\"etheme-gallery-3268\" data-item-settings=\"{&quot;type&quot;:&quot;grid&quot;}\" data-uniq-id=\"3268\">\n                                <div class=\"e-gallery-item etheme-gallery-item\">\n                <div class=\"etheme-gallery-item-overlay\">\n                    <a data-elementor-open-lightbox=\"yes\" data-elementor-lightbox-slideshow=\"all-fedd9b7\" data-elementor-lightbox-title=\"calacatta-oro-gold-marble-2\" data-e-action-hash=\"#elementor-action%3Aaction%3Dlightbox%26settings%3DeyJpZCI6MzU3NzksInVybCI6Imh0dHBzOlwvXC93d3cua2FyYXJ0bWFyYmxlLmNvbVwvd3AtY29udGVudFwvdXBsb2Fkc1wvMjAyNFwvMDlcL2NhbGFjYXR0YS1vcm8tZ29sZC1tYXJibGUtMi5qcGVnIiwic2xpZGVzaG93IjoiYWxsLWZlZGQ5YjcifQ%3D%3D\" class=\"e-gallery-image etheme-gallery-image elementor-gallery-item__image\" data-thumbnail=\"https:\/\/www.karartmarble.com\/wp-content\/uploads\/2024\/09\/calacatta-oro-gold-marble-2.jpeg\" data-width=\"993\" data-height=\"553\" alt=\"calacatta oro calacatta gold\" style=\"background-image: url(&#039;https:\/\/www.karartmarble.com\/wp-content\/uploads\/2024\/09\/calacatta-oro-gold-marble-2.jpeg&#039;)\" href=\"https:\/\/www.karartmarble.com\/wp-content\/uploads\/2024\/09\/calacatta-oro-gold-marble-2.jpeg\"><\/a>\n\t                <span class=\"etheme-gallery-item-details etheme-gallery-item-details-inside\"><span class=\"etheme-gallery-lightbox-icon\">\n            <svg version=\"1.1\" xmlns=\"http:\/\/www.w3.org\/2000\/svg\" width=\"1em\" height=\"1em\" viewBox=\"0 0 24 24\" fill=\"currentColor\">\n                <path d=\"M23.784 22.8l-6.168-6.144c1.584-1.848 2.448-4.176 2.448-6.576 0-5.52-4.488-10.032-10.032-10.032-5.52 0-10.008 4.488-10.008 10.008s4.488 10.032 10.032 10.032c2.424 0 4.728-0.864 6.576-2.472l6.168 6.144c0.144 0.144 0.312 0.216 0.48 0.216s0.336-0.072 0.456-0.192c0.144-0.12 0.216-0.288 0.24-0.48 0-0.192-0.072-0.384-0.192-0.504zM18.696 10.080c0 4.752-3.888 8.64-8.664 8.64-4.752 0-8.64-3.888-8.64-8.664 0-4.752 3.888-8.64 8.664-8.64s8.64 3.888 8.64 8.664z\"><\/path>\n            <\/svg>\n        <\/span><\/span>                <\/div>\n\t            \t                        <\/div>\n\t                <div class=\"e-gallery-item etheme-gallery-item\">\n                <div class=\"etheme-gallery-item-overlay\">\n                    <a data-elementor-open-lightbox=\"yes\" data-elementor-lightbox-slideshow=\"all-fedd9b7\" data-elementor-lightbox-title=\"calacatta-oro-gold-marble-1\" data-e-action-hash=\"#elementor-action%3Aaction%3Dlightbox%26settings%3DeyJpZCI6MzU3NzcsInVybCI6Imh0dHBzOlwvXC93d3cua2FyYXJ0bWFyYmxlLmNvbVwvd3AtY29udGVudFwvdXBsb2Fkc1wvMjAyNFwvMDlcL2NhbGFjYXR0YS1vcm8tZ29sZC1tYXJibGUtMS5qcGVnIiwic2xpZGVzaG93IjoiYWxsLWZlZGQ5YjcifQ%3D%3D\" class=\"e-gallery-image etheme-gallery-image elementor-gallery-item__image\" data-thumbnail=\"https:\/\/www.karartmarble.com\/wp-content\/uploads\/2024\/09\/calacatta-oro-gold-marble-1.jpeg\" data-width=\"691\" data-height=\"630\" alt=\"calacatta oro marble block\" style=\"background-image: url(&#039;https:\/\/www.karartmarble.com\/wp-content\/uploads\/2024\/09\/calacatta-oro-gold-marble-1.jpeg&#039;)\" href=\"https:\/\/www.karartmarble.com\/wp-content\/uploads\/2024\/09\/calacatta-oro-gold-marble-1.jpeg\"><\/a>\n\t                <span class=\"etheme-gallery-item-details etheme-gallery-item-details-inside\"><span class=\"etheme-gallery-lightbox-icon\">\n            <svg version=\"1.1\" xmlns=\"http:\/\/www.w3.org\/2000\/svg\" width=\"1em\" height=\"1em\" viewBox=\"0 0 24 24\" fill=\"currentColor\">\n                <path d=\"M23.784 22.8l-6.168-6.144c1.584-1.848 2.448-4.176 2.448-6.576 0-5.52-4.488-10.032-10.032-10.032-5.52 0-10.008 4.488-10.008 10.008s4.488 10.032 10.032 10.032c2.424 0 4.728-0.864 6.576-2.472l6.168 6.144c0.144 0.144 0.312 0.216 0.48 0.216s0.336-0.072 0.456-0.192c0.144-0.12 0.216-0.288 0.24-0.48 0-0.192-0.072-0.384-0.192-0.504zM18.696 10.080c0 4.752-3.888 8.64-8.664 8.64-4.752 0-8.64-3.888-8.64-8.664 0-4.752 3.888-8.64 8.664-8.64s8.64 3.888 8.64 8.664z\"><\/path>\n            <\/svg>\n        <\/span><\/span>                <\/div>\n\t            \t                        <\/div>\n\t                <div class=\"e-gallery-item etheme-gallery-item\">\n                <div class=\"etheme-gallery-item-overlay\">\n                    <a data-elementor-open-lightbox=\"yes\" data-elementor-lightbox-slideshow=\"all-fedd9b7\" data-elementor-lightbox-title=\"calacatta-oro-gold-marble-3\" data-elementor-lightbox-description=\"calacatta oro marble slab\" data-e-action-hash=\"#elementor-action%3Aaction%3Dlightbox%26settings%3DeyJpZCI6MzU3ODEsInVybCI6Imh0dHBzOlwvXC93d3cua2FyYXJ0bWFyYmxlLmNvbVwvd3AtY29udGVudFwvdXBsb2Fkc1wvMjAyNFwvMDlcL2NhbGFjYXR0YS1vcm8tZ29sZC1tYXJibGUtMy5qcGVnIiwic2xpZGVzaG93IjoiYWxsLWZlZGQ5YjcifQ%3D%3D\" class=\"e-gallery-image etheme-gallery-image elementor-gallery-item__image\" data-thumbnail=\"https:\/\/www.karartmarble.com\/wp-content\/uploads\/2024\/09\/calacatta-oro-gold-marble-3.jpeg\" data-width=\"1056\" data-height=\"599\" alt=\"calacatta oro marble slab\" style=\"background-image: url(&#039;https:\/\/www.karartmarble.com\/wp-content\/uploads\/2024\/09\/calacatta-oro-gold-marble-3.jpeg&#039;)\" href=\"https:\/\/www.karartmarble.com\/wp-content\/uploads\/2024\/09\/calacatta-oro-gold-marble-3.jpeg\"><\/a>\n\t                <span class=\"etheme-gallery-item-details etheme-gallery-item-details-inside\"><span class=\"etheme-gallery-lightbox-icon\">\n            <svg version=\"1.1\" xmlns=\"http:\/\/www.w3.org\/2000\/svg\" width=\"1em\" height=\"1em\" viewBox=\"0 0 24 24\" fill=\"currentColor\">\n                <path d=\"M23.784 22.8l-6.168-6.144c1.584-1.848 2.448-4.176 2.448-6.576 0-5.52-4.488-10.032-10.032-10.032-5.52 0-10.008 4.488-10.008 10.008s4.488 10.032 10.032 10.032c2.424 0 4.728-0.864 6.576-2.472l6.168 6.144c0.144 0.144 0.312 0.216 0.48 0.216s0.336-0.072 0.456-0.192c0.144-0.12 0.216-0.288 0.24-0.48 0-0.192-0.072-0.384-0.192-0.504zM18.696 10.080c0 4.752-3.888 8.64-8.664 8.64-4.752 0-8.64-3.888-8.64-8.664 0-4.752 3.888-8.64 8.664-8.64s8.64 3.888 8.64 8.664z\"><\/path>\n            <\/svg>\n        <\/span><\/span>                <\/div>\n\t            \t                        <\/div>\n\t                <div class=\"e-gallery-item etheme-gallery-item\">\n                <div class=\"etheme-gallery-item-overlay\">\n                    <a data-elementor-open-lightbox=\"yes\" data-elementor-lightbox-slideshow=\"all-fedd9b7\" data-elementor-lightbox-title=\"calacatta-oro-gold-marble-4\" data-elementor-lightbox-description=\"calacatta oro marble block\" data-e-action-hash=\"#elementor-action%3Aaction%3Dlightbox%26settings%3DeyJpZCI6MzU3ODMsInVybCI6Imh0dHBzOlwvXC93d3cua2FyYXJ0bWFyYmxlLmNvbVwvd3AtY29udGVudFwvdXBsb2Fkc1wvMjAyNFwvMDlcL2NhbGFjYXR0YS1vcm8tZ29sZC1tYXJibGUtNC5qcGVnIiwic2xpZGVzaG93IjoiYWxsLWZlZGQ5YjcifQ%3D%3D\" class=\"e-gallery-image etheme-gallery-image elementor-gallery-item__image\" data-thumbnail=\"https:\/\/www.karartmarble.com\/wp-content\/uploads\/2024\/09\/calacatta-oro-gold-marble-4.jpeg\" data-width=\"2048\" data-height=\"1536\" alt=\"calacatta oro marble block\" style=\"background-image: url(&#039;https:\/\/www.karartmarble.com\/wp-content\/uploads\/2024\/09\/calacatta-oro-gold-marble-4.jpeg&#039;)\" href=\"https:\/\/www.karartmarble.com\/wp-content\/uploads\/2024\/09\/calacatta-oro-gold-marble-4.jpeg\"><\/a>\n\t                <span class=\"etheme-gallery-item-details etheme-gallery-item-details-inside\"><span class=\"etheme-gallery-lightbox-icon\">\n            <svg version=\"1.1\" xmlns=\"http:\/\/www.w3.org\/2000\/svg\" width=\"1em\" height=\"1em\" viewBox=\"0 0 24 24\" fill=\"currentColor\">\n                <path d=\"M23.784 22.8l-6.168-6.144c1.584-1.848 2.448-4.176 2.448-6.576 0-5.52-4.488-10.032-10.032-10.032-5.52 0-10.008 4.488-10.008 10.008s4.488 10.032 10.032 10.032c2.424 0 4.728-0.864 6.576-2.472l6.168 6.144c0.144 0.144 0.312 0.216 0.48 0.216s0.336-0.072 0.456-0.192c0.144-0.12 0.216-0.288 0.24-0.48 0-0.192-0.072-0.384-0.192-0.504zM18.696 10.080c0 4.752-3.888 8.64-8.664 8.64-4.752 0-8.64-3.888-8.64-8.664 0-4.752 3.888-8.64 8.664-8.64s8.64 3.888 8.64 8.664z\"><\/path>\n            <\/svg>\n        <\/span><\/span>                <\/div>\n\t            \t                        <\/div>\n\t                <div class=\"e-gallery-item etheme-gallery-item\">\n                <div class=\"etheme-gallery-item-overlay\">\n                    <a data-elementor-open-lightbox=\"yes\" data-elementor-lightbox-slideshow=\"all-fedd9b7\" data-elementor-lightbox-title=\"calacatta-oro-gold-marble-5\" data-elementor-lightbox-description=\"calacatta oro marble slab\" data-e-action-hash=\"#elementor-action%3Aaction%3Dlightbox%26settings%3DeyJpZCI6MzU3ODUsInVybCI6Imh0dHBzOlwvXC93d3cua2FyYXJ0bWFyYmxlLmNvbVwvd3AtY29udGVudFwvdXBsb2Fkc1wvMjAyNFwvMDlcL2NhbGFjYXR0YS1vcm8tZ29sZC1tYXJibGUtNS5qcGVnIiwic2xpZGVzaG93IjoiYWxsLWZlZGQ5YjcifQ%3D%3D\" class=\"e-gallery-image etheme-gallery-image elementor-gallery-item__image\" data-thumbnail=\"https:\/\/www.karartmarble.com\/wp-content\/uploads\/2024\/09\/calacatta-oro-gold-marble-5.jpeg\" data-width=\"1600\" data-height=\"900\" alt=\"calacatta oro marble slab\" style=\"background-image: url(&#039;https:\/\/www.karartmarble.com\/wp-content\/uploads\/2024\/09\/calacatta-oro-gold-marble-5.jpeg&#039;)\" href=\"https:\/\/www.karartmarble.com\/wp-content\/uploads\/2024\/09\/calacatta-oro-gold-marble-5.jpeg\"><\/a>\n\t                <span class=\"etheme-gallery-item-details etheme-gallery-item-details-inside\"><span class=\"etheme-gallery-lightbox-icon\">\n            <svg version=\"1.1\" xmlns=\"http:\/\/www.w3.org\/2000\/svg\" width=\"1em\" height=\"1em\" viewBox=\"0 0 24 24\" fill=\"currentColor\">\n                <path d=\"M23.784 22.8l-6.168-6.144c1.584-1.848 2.448-4.176 2.448-6.576 0-5.52-4.488-10.032-10.032-10.032-5.52 0-10.008 4.488-10.008 10.008s4.488 10.032 10.032 10.032c2.424 0 4.728-0.864 6.576-2.472l6.168 6.144c0.144 0.144 0.312 0.216 0.48 0.216s0.336-0.072 0.456-0.192c0.144-0.12 0.216-0.288 0.24-0.48 0-0.192-0.072-0.384-0.192-0.504zM18.696 10.080c0 4.752-3.888 8.64-8.664 8.64-4.752 0-8.64-3.888-8.64-8.664 0-4.752 3.888-8.64 8.664-8.64s8.64 3.888 8.64 8.664z\"><\/path>\n            <\/svg>\n        <\/span><\/span>                <\/div>\n\t            \t                        <\/div>\n\t                <div class=\"e-gallery-item etheme-gallery-item\">\n                <div class=\"etheme-gallery-item-overlay\">\n                    <a data-elementor-open-lightbox=\"yes\" data-elementor-lightbox-slideshow=\"all-fedd9b7\" data-elementor-lightbox-title=\"calacatta-oro-gold-marble-6\" data-e-action-hash=\"#elementor-action%3Aaction%3Dlightbox%26settings%3DeyJpZCI6MzU3OTAsInVybCI6Imh0dHBzOlwvXC93d3cua2FyYXJ0bWFyYmxlLmNvbVwvd3AtY29udGVudFwvdXBsb2Fkc1wvMjAyNFwvMDlcL2NhbGFjYXR0YS1vcm8tZ29sZC1tYXJibGUtNi5qcGVnIiwic2xpZGVzaG93IjoiYWxsLWZlZGQ5YjcifQ%3D%3D\" class=\"e-gallery-image etheme-gallery-image elementor-gallery-item__image\" data-thumbnail=\"https:\/\/www.karartmarble.com\/wp-content\/uploads\/2024\/09\/calacatta-oro-gold-marble-6.jpeg\" data-width=\"2048\" data-height=\"1536\" alt=\"calacatta oro gold marble blocks\" style=\"background-image: url(&#039;https:\/\/www.karartmarble.com\/wp-content\/uploads\/2024\/09\/calacatta-oro-gold-marble-6.jpeg&#039;)\" href=\"https:\/\/www.karartmarble.com\/wp-content\/uploads\/2024\/09\/calacatta-oro-gold-marble-6.jpeg\"><\/a>\n\t                <span class=\"etheme-gallery-item-details etheme-gallery-item-details-inside\"><span class=\"etheme-gallery-lightbox-icon\">\n            <svg version=\"1.1\" xmlns=\"http:\/\/www.w3.org\/2000\/svg\" width=\"1em\" height=\"1em\" viewBox=\"0 0 24 24\" fill=\"currentColor\">\n                <path d=\"M23.784 22.8l-6.168-6.144c1.584-1.848 2.448-4.176 2.448-6.576 0-5.52-4.488-10.032-10.032-10.032-5.52 0-10.008 4.488-10.008 10.008s4.488 10.032 10.032 10.032c2.424 0 4.728-0.864 6.576-2.472l6.168 6.144c0.144 0.144 0.312 0.216 0.48 0.216s0.336-0.072 0.456-0.192c0.144-0.12 0.216-0.288 0.24-0.48 0-0.192-0.072-0.384-0.192-0.504zM18.696 10.080c0 4.752-3.888 8.64-8.664 8.64-4.752 0-8.64-3.888-8.64-8.664 0-4.752 3.888-8.64 8.664-8.64s8.64 3.888 8.64 8.664z\"><\/path>\n            <\/svg>\n        <\/span><\/span>                <\/div>\n\t            \t                        <\/div>\n\t                    <\/div>\n                    <\/div>\n        \n        \t\t\t\t<\/div>\n\t\t\t\t<\/div>\n\t\t\t\t\t<\/div>\n\t\t<\/div>\n\t\t\t\t\t<\/div>\n\t\t<\/section>\n\t\t\t\t<section class=\"elementor-section elementor-top-section elementor-element elementor-element-7b33a75 elementor-section-boxed elementor-section-height-default elementor-section-height-default\" data-id=\"7b33a75\" data-element_type=\"section\" data-e-type=\"section\">\n\t\t\t\t\t\t<div class=\"elementor-container elementor-column-gap-default\">\n\t\t\t\t\t<div class=\"elementor-column elementor-col-100 elementor-top-column elementor-element elementor-element-8b4e2c3\" data-id=\"8b4e2c3\" data-element_type=\"column\" data-e-type=\"column\">\n\t\t\t<div class=\"elementor-widget-wrap elementor-element-populated\">\n\t\t\t\t\t\t<div class=\"elementor-element elementor-element-02ddb7e elementor-widget elementor-widget-text-editor\" data-id=\"02ddb7e\" data-element_type=\"widget\" data-e-type=\"widget\" data-widget_type=\"text-editor.default\">\n\t\t\t\t<div class=\"elementor-widget-container\">\n\t\t\t\t\t\t\t\t\t<h2>Calacatta Oro (Calacatta Gold) Mermer<\/h2><p><br \/>Calacatta Oro Mermeri, di\u011fer ad\u0131yla <strong>Calacatta Gold<\/strong>, d\u00fcnyan\u0131n en l\u00fcks ve de\u011ferli mermerlerinden biridir. \u0130talya\u2019n\u0131n \u00fcnl\u00fc Carrara b\u00f6lgesinden \u00e7\u0131kar\u0131lan bu mermer, beyaz zemin \u00fczerinde belirgin alt\u0131n ve yumu\u015fak gri damarlar\u0131yla tan\u0131n\u0131r. Calacatta ailesinin en asil \u00fcyesi olarak bilinen Calacatta Oro, zarafeti ve zamans\u0131z g\u00fczelli\u011fiyle \u00f6ne \u00e7\u0131kar, y\u00fcksek standartlara sahip projelerde s\u0131kl\u0131kla tercih edilir.<\/p><ol><li><strong> Calacatta Oro (Calacatta Gold) Mermerinin \u00d6zellikleri<\/strong> Calacatta Oro, kendine \u00f6zg\u00fc g\u00f6r\u00fcn\u00fcm\u00fc ve y\u00fcksek kaliteli yap\u0131s\u0131yla dikkat \u00e7eker:<\/li><\/ol><ul><li><strong>Estetik \u00c7ekicilik:<\/strong> Beyaz zemin \u00fczerinde alt\u0131n rengi damarlar ve yumu\u015fak gri vurgular, mekana derinlik ve l\u00fcks bir g\u00f6r\u00fcn\u00fcm kazand\u0131r\u0131r. Bu \u00e7arp\u0131c\u0131 kontrast, hem klasik hem de modern tasar\u0131mlarda etkileyici bir hava yarat\u0131r.<\/li><li><strong>\u00d6zel Tasar\u0131m:<\/strong> D\u00fcnyan\u0131n en prestijli mermerlerinden biri olan Calacatta Oro, nadir ve de\u011ferli olmas\u0131yla bilinir. Bu da onu l\u00fcks i\u00e7 mekan projeleri i\u00e7in m\u00fckemmel bir se\u00e7im haline getirir.<\/li><li><strong>Dayan\u0131kl\u0131l\u0131k:<\/strong> Estetik cazibesinin yan\u0131 s\u0131ra, Calacatta Oro mermeri olduk\u00e7a dayan\u0131kl\u0131d\u0131r ve hem \u015f\u0131k hem de uzun \u00f6m\u00fcrl\u00fc bir y\u00fczey sunar.<\/li><\/ul><ol start=\"2\"><li><strong> Calacatta Oro (Calacatta Gold) Mermerinin Kullan\u0131m Alanlar\u0131<\/strong> Calacatta Oro, hem g\u00fczelli\u011fi hem de dayan\u0131kl\u0131l\u0131\u011f\u0131 sayesinde bir\u00e7ok \u00fcst d\u00fczey uygulamada kullan\u0131l\u0131r:<\/li><\/ol><ul><li><strong>Tezgah ve Lavabo \u00dcstleri:<\/strong> Zengin damar yap\u0131s\u0131 ve beyaz zemin, mutfak ve banyolarda \u015f\u0131kl\u0131\u011f\u0131 ve zarafeti \u00f6n plana \u00e7\u0131kar\u0131r.<\/li><li><strong>Zemin D\u00f6\u015femesi:<\/strong> Geni\u015f alanlarda kullan\u0131ld\u0131\u011f\u0131nda Calacatta Oro, mekana geni\u015flik ve zarafet katar. \u00d6zellikle l\u00fcks otellerin lobileri, giri\u015f alanlar\u0131 ve b\u00fcy\u00fck salonlar i\u00e7in idealdir.<\/li><li><strong>Duvar Kaplama:<\/strong> Calacatta Oro, \u00f6zellikle odak noktas\u0131 yaratmak istenen duvarlar i\u00e7in m\u00fckemmeldir. Damar yap\u0131s\u0131, duvarlara derinlik ve g\u00f6rsel ilgi kazand\u0131r\u0131r.<\/li><li><strong>\u015e\u00f6mine:<\/strong> Calacatta Oro mermeri ile kaplanan bir \u015f\u00f6mine, an\u0131nda odan\u0131n odak noktas\u0131 haline gelir ve s\u0131cakl\u0131kla birlikte bir zarafet sunar.<\/li><\/ul><ol start=\"3\"><li><strong> K\u00f6ken ve Tarihi \u00d6nemi<\/strong> Calacatta Oro, \u0130talya\u2019n\u0131n Carrara b\u00f6lgesindeki \u00fcnl\u00fc mermer ocaklar\u0131ndan \u00e7\u0131kar\u0131lmaktad\u0131r. Bu b\u00f6lge, y\u00fczy\u0131llard\u0131r d\u00fcnyan\u0131n en \u00fcnl\u00fc ve kaliteli mermerlerini \u00fcretmektedir. Calacatta Oro, alt\u0131n ve gri damarlar\u0131 ile tarihsel olarak l\u00fcks\u00fcn ve zarafetin simgesi olmu\u015ftur ve g\u00fcn\u00fcm\u00fczde hala en prestijli projelerde tercih edilmektedir.<\/li><li><strong> Bak\u0131m ve Temizlik<\/strong> Calacatta Oro mermerinin g\u00fczelli\u011fini korumak i\u00e7in dikkat edilmesi gereken birka\u00e7 \u00f6nemli nokta vard\u0131r:<\/li><\/ol><ul><li><strong>D\u00fczenli Koruma:<\/strong> Y\u00fczeyi d\u00fczenli olarak kapatmak, mermerin lekelerden korunmas\u0131na ve parlakl\u0131\u011f\u0131n\u0131n korunmas\u0131na yard\u0131mc\u0131 olur.<\/li><li><strong>Temizlik:<\/strong> pH dengeli, n\u00f6tr temizleyiciler kullanarak mermerin y\u00fczeyini nazik\u00e7e temizlemek, \u00e7izilmelere ve y\u00fczeyin a\u015f\u0131nmas\u0131na kar\u015f\u0131 koruma sa\u011flar.<\/li><li><strong>Dikkatli Kullan\u0131m:<\/strong> \u00c7arpma ve \u00e7iziklere kar\u015f\u0131 dikkatli olunmal\u0131, \u00f6zellikle belirgin damarlar\u0131n oldu\u011fu b\u00f6lgelerde dikkat edilmelidir.<\/li><\/ul>\t\t\t\t\t\t\t\t<\/div>\n\t\t\t\t<\/div>\n\t\t\t\t\t<\/div>\n\t\t<\/div>\n\t\t\t\t\t<\/div>\n\t\t<\/section>\n\t\t\t\t<\/div>\n\t\t","protected":false},"excerpt":{"rendered":"[table id=249 \/]\n","protected":false},"featured_media":35780,"comment_status":"open","ping_status":"closed","template":"","meta":{"inline_featured_image":false},"etheme_brands":[],"product_brand":[],"product_cat":[397,404],"product_tag":[],"class_list":{"0":"post-35366","1":"product","2":"type-product","3":"status-publish","4":"has-post-thumbnail","6":"product_cat-fayanslar","7":"product_cat-tum-urunler","9":"first","10":"outofstock","11":"shipping-taxable","12":"purchasable","13":"product-type-variable"},"_links":{"self":[{"href":"https:\/\/www.karartmarble.com\/tr\/wp-json\/wp\/v2\/product\/35366","targetHints":{"allow":["GET"]}}],"collection":[{"href":"https:\/\/www.karartmarble.com\/tr\/wp-json\/wp\/v2\/product"}],"about":[{"href":"https:\/\/www.karartmarble.com\/tr\/wp-json\/wp\/v2\/types\/product"}],"replies":[{"embeddable":true,"href":"https:\/\/www.karartmarble.com\/tr\/wp-json\/wp\/v2\/comments?post=35366"}],"version-history":[{"count":0,"href":"https:\/\/www.karartmarble.com\/tr\/wp-json\/wp\/v2\/product\/35366\/revisions"}],"wp:featuredmedia":[{"embeddable":true,"href":"https:\/\/www.karartmarble.com\/tr\/wp-json\/wp\/v2\/media\/35780"}],"wp:attachment":[{"href":"https:\/\/www.karartmarble.com\/tr\/wp-json\/wp\/v2\/media?parent=35366"}],"wp:term":[{"taxonomy":"brand","embeddable":true,"href":"https:\/\/www.karartmarble.com\/tr\/wp-json\/wp\/v2\/etheme_brands?post=35366"},{"taxonomy":"product_brand","embeddable":true,"href":"https:\/\/www.karartmarble.com\/tr\/wp-json\/wp\/v2\/product_brand?post=35366"},{"taxonomy":"product_cat","embeddable":true,"href":"https:\/\/www.karartmarble.com\/tr\/wp-json\/wp\/v2\/product_cat?post=35366"},{"taxonomy":"product_tag","embeddable":true,"href":"https:\/\/www.karartmarble.com\/tr\/wp-json\/wp\/v2\/product_tag?post=35366"}],"curies":[{"name":"wp","href":"https:\/\/api.w.org\/{rel}","templated":true}]}}