{"id":38219,"date":"2025-07-12T13:43:19","date_gmt":"2025-07-12T10:43:19","guid":{"rendered":"https:\/\/karartmarble.com\/?post_type=product&#038;p=38219"},"modified":"2025-07-12T14:05:46","modified_gmt":"2025-07-12T11:05:46","slug":"elazig-visne-mermer-plaka","status":"publish","type":"product","link":"https:\/\/www.karartmarble.com\/tr\/urun\/elazig-visne-mermer-plaka\/","title":{"rendered":"Elaz\u0131\u011f Vi\u015fne Mermer Plaka<br><span class=\"ata_title\"> T\u00fcm Y\u00fczeyler<\/span>"},"content":{"rendered":"\t\t<div data-elementor-type=\"wp-post\" data-elementor-id=\"38219\" class=\"elementor elementor-38219 elementor-38146\" data-elementor-post-type=\"product\">\n\t\t\t\t\t\t<section class=\"elementor-section elementor-top-section elementor-element elementor-element-0d75d4a elementor-section-boxed elementor-section-height-default elementor-section-height-default\" data-id=\"0d75d4a\" data-element_type=\"section\" data-e-type=\"section\">\n\t\t\t\t\t\t<div class=\"elementor-container elementor-column-gap-default\">\n\t\t\t\t\t<div class=\"elementor-column elementor-col-100 elementor-top-column elementor-element elementor-element-439709d\" data-id=\"439709d\" data-element_type=\"column\" data-e-type=\"column\">\n\t\t\t<div class=\"elementor-widget-wrap elementor-element-populated\">\n\t\t\t\t\t\t<div class=\"elementor-element elementor-element-fedd9b7 elementor-widget elementor-widget-etheme_gallery\" data-id=\"fedd9b7\" data-element_type=\"widget\" data-e-type=\"widget\" data-settings=\"{&quot;type&quot;:&quot;grid&quot;,&quot;columns&quot;:{&quot;unit&quot;:&quot;px&quot;,&quot;size&quot;:2,&quot;sizes&quot;:[]},&quot;columns_tablet&quot;:{&quot;unit&quot;:&quot;px&quot;,&quot;size&quot;:3,&quot;sizes&quot;:[]},&quot;columns_mobile&quot;:{&quot;unit&quot;:&quot;px&quot;,&quot;size&quot;:2,&quot;sizes&quot;:[]},&quot;columns_gap&quot;:{&quot;unit&quot;:&quot;px&quot;,&quot;size&quot;:10,&quot;sizes&quot;:[]},&quot;columns_gap_tablet&quot;:{&quot;unit&quot;:&quot;px&quot;,&quot;size&quot;:&quot;&quot;,&quot;sizes&quot;:[]},&quot;columns_gap_mobile&quot;:{&quot;unit&quot;:&quot;px&quot;,&quot;size&quot;:&quot;&quot;,&quot;sizes&quot;:[]},&quot;rows_gap&quot;:{&quot;unit&quot;:&quot;px&quot;,&quot;size&quot;:10,&quot;sizes&quot;:[]},&quot;rows_gap_tablet&quot;:{&quot;unit&quot;:&quot;px&quot;,&quot;size&quot;:&quot;&quot;,&quot;sizes&quot;:[]},&quot;rows_gap_mobile&quot;:{&quot;unit&quot;:&quot;px&quot;,&quot;size&quot;:&quot;&quot;,&quot;sizes&quot;:[]}}\" data-widget_type=\"etheme_gallery.default\">\n\t\t\t\t<div class=\"elementor-widget-container\">\n\t\t\t\t\t        \n        <div class=\"etheme-gallery-wrapper\">\n            \t            \n\t            <div class=\"e-gallery etheme-gallery active\" id=\"etheme-gallery-884\" data-item-settings=\"{&quot;type&quot;:&quot;grid&quot;}\" data-uniq-id=\"884\">\n                                <div class=\"e-gallery-item etheme-gallery-item\">\n                <div class=\"etheme-gallery-item-overlay\">\n                    <a data-elementor-open-lightbox=\"yes\" data-elementor-lightbox-slideshow=\"all-fedd9b7\" data-elementor-lightbox-title=\"turkey-cherry-marble\" data-e-action-hash=\"#elementor-action%3Aaction%3Dlightbox%26settings%3DeyJpZCI6MzgyNzMsInVybCI6Imh0dHBzOlwvXC93d3cua2FyYXJ0bWFyYmxlLmNvbVwvd3AtY29udGVudFwvdXBsb2Fkc1wvMjAyNVwvMDdcL3R1cmtleS1jaGVycnktbWFyYmxlLmpwZyIsInNsaWRlc2hvdyI6ImFsbC1mZWRkOWI3In0%3D\" class=\"e-gallery-image etheme-gallery-image elementor-gallery-item__image\" data-thumbnail=\"https:\/\/www.karartmarble.com\/wp-content\/uploads\/2025\/07\/turkey-cherry-marble.jpg\" data-width=\"550\" data-height=\"550\" alt=\"\" style=\"background-image: url(&#039;https:\/\/www.karartmarble.com\/wp-content\/uploads\/2025\/07\/turkey-cherry-marble.jpg&#039;)\" href=\"https:\/\/www.karartmarble.com\/wp-content\/uploads\/2025\/07\/turkey-cherry-marble.jpg\"><\/a>\n\t                <span class=\"etheme-gallery-item-details etheme-gallery-item-details-inside\"><span class=\"etheme-gallery-lightbox-icon\">\n            <svg version=\"1.1\" xmlns=\"http:\/\/www.w3.org\/2000\/svg\" width=\"1em\" height=\"1em\" viewBox=\"0 0 24 24\" fill=\"currentColor\">\n                <path d=\"M23.784 22.8l-6.168-6.144c1.584-1.848 2.448-4.176 2.448-6.576 0-5.52-4.488-10.032-10.032-10.032-5.52 0-10.008 4.488-10.008 10.008s4.488 10.032 10.032 10.032c2.424 0 4.728-0.864 6.576-2.472l6.168 6.144c0.144 0.144 0.312 0.216 0.48 0.216s0.336-0.072 0.456-0.192c0.144-0.12 0.216-0.288 0.24-0.48 0-0.192-0.072-0.384-0.192-0.504zM18.696 10.080c0 4.752-3.888 8.64-8.664 8.64-4.752 0-8.64-3.888-8.64-8.664 0-4.752 3.888-8.64 8.664-8.64s8.64 3.888 8.64 8.664z\"><\/path>\n            <\/svg>\n        <\/span><\/span>                <\/div>\n\t            \t                        <\/div>\n\t                <div class=\"e-gallery-item etheme-gallery-item\">\n                <div class=\"etheme-gallery-item-overlay\">\n                    <a data-elementor-open-lightbox=\"yes\" data-elementor-lightbox-slideshow=\"all-fedd9b7\" data-elementor-lightbox-title=\"elazig-cherry-marble-slabs\" data-e-action-hash=\"#elementor-action%3Aaction%3Dlightbox%26settings%3DeyJpZCI6MzgyNzEsInVybCI6Imh0dHBzOlwvXC93d3cua2FyYXJ0bWFyYmxlLmNvbVwvd3AtY29udGVudFwvdXBsb2Fkc1wvMjAyNVwvMDdcL2VsYXppZy1jaGVycnktbWFyYmxlLXNsYWJzLmpwZyIsInNsaWRlc2hvdyI6ImFsbC1mZWRkOWI3In0%3D\" class=\"e-gallery-image etheme-gallery-image elementor-gallery-item__image\" data-thumbnail=\"https:\/\/www.karartmarble.com\/wp-content\/uploads\/2025\/07\/elazig-cherry-marble-slabs.jpg\" data-width=\"550\" data-height=\"550\" alt=\"\" style=\"background-image: url(&#039;https:\/\/www.karartmarble.com\/wp-content\/uploads\/2025\/07\/elazig-cherry-marble-slabs.jpg&#039;)\" href=\"https:\/\/www.karartmarble.com\/wp-content\/uploads\/2025\/07\/elazig-cherry-marble-slabs.jpg\"><\/a>\n\t                <span class=\"etheme-gallery-item-details etheme-gallery-item-details-inside\"><span class=\"etheme-gallery-lightbox-icon\">\n            <svg version=\"1.1\" xmlns=\"http:\/\/www.w3.org\/2000\/svg\" width=\"1em\" height=\"1em\" viewBox=\"0 0 24 24\" fill=\"currentColor\">\n                <path d=\"M23.784 22.8l-6.168-6.144c1.584-1.848 2.448-4.176 2.448-6.576 0-5.52-4.488-10.032-10.032-10.032-5.52 0-10.008 4.488-10.008 10.008s4.488 10.032 10.032 10.032c2.424 0 4.728-0.864 6.576-2.472l6.168 6.144c0.144 0.144 0.312 0.216 0.48 0.216s0.336-0.072 0.456-0.192c0.144-0.12 0.216-0.288 0.24-0.48 0-0.192-0.072-0.384-0.192-0.504zM18.696 10.080c0 4.752-3.888 8.64-8.664 8.64-4.752 0-8.64-3.888-8.64-8.664 0-4.752 3.888-8.64 8.664-8.64s8.64 3.888 8.64 8.664z\"><\/path>\n            <\/svg>\n        <\/span><\/span>                <\/div>\n\t            \t                        <\/div>\n\t                <div class=\"e-gallery-item etheme-gallery-item\">\n                <div class=\"etheme-gallery-item-overlay\">\n                    <a data-elementor-open-lightbox=\"yes\" data-elementor-lightbox-slideshow=\"all-fedd9b7\" data-elementor-lightbox-title=\"cherry-marble-slab\" data-e-action-hash=\"#elementor-action%3Aaction%3Dlightbox%26settings%3DeyJpZCI6MzgyNjcsInVybCI6Imh0dHBzOlwvXC93d3cua2FyYXJ0bWFyYmxlLmNvbVwvd3AtY29udGVudFwvdXBsb2Fkc1wvMjAyNVwvMDdcL2NoZXJyeS1tYXJibGUtc2xhYi5qcGciLCJzbGlkZXNob3ciOiJhbGwtZmVkZDliNyJ9\" class=\"e-gallery-image etheme-gallery-image elementor-gallery-item__image\" data-thumbnail=\"https:\/\/www.karartmarble.com\/wp-content\/uploads\/2025\/07\/cherry-marble-slab.jpg\" data-width=\"960\" data-height=\"1280\" alt=\"\" style=\"background-image: url(&#039;https:\/\/www.karartmarble.com\/wp-content\/uploads\/2025\/07\/cherry-marble-slab.jpg&#039;)\" href=\"https:\/\/www.karartmarble.com\/wp-content\/uploads\/2025\/07\/cherry-marble-slab.jpg\"><\/a>\n\t                <span class=\"etheme-gallery-item-details etheme-gallery-item-details-inside\"><span class=\"etheme-gallery-lightbox-icon\">\n            <svg version=\"1.1\" xmlns=\"http:\/\/www.w3.org\/2000\/svg\" width=\"1em\" height=\"1em\" viewBox=\"0 0 24 24\" fill=\"currentColor\">\n                <path d=\"M23.784 22.8l-6.168-6.144c1.584-1.848 2.448-4.176 2.448-6.576 0-5.52-4.488-10.032-10.032-10.032-5.52 0-10.008 4.488-10.008 10.008s4.488 10.032 10.032 10.032c2.424 0 4.728-0.864 6.576-2.472l6.168 6.144c0.144 0.144 0.312 0.216 0.48 0.216s0.336-0.072 0.456-0.192c0.144-0.12 0.216-0.288 0.24-0.48 0-0.192-0.072-0.384-0.192-0.504zM18.696 10.080c0 4.752-3.888 8.64-8.664 8.64-4.752 0-8.64-3.888-8.64-8.664 0-4.752 3.888-8.64 8.664-8.64s8.64 3.888 8.64 8.664z\"><\/path>\n            <\/svg>\n        <\/span><\/span>                <\/div>\n\t            \t                        <\/div>\n\t                <div class=\"e-gallery-item etheme-gallery-item\">\n                <div class=\"etheme-gallery-item-overlay\">\n                    <a data-elementor-open-lightbox=\"yes\" data-elementor-lightbox-slideshow=\"all-fedd9b7\" data-elementor-lightbox-title=\"turkey-cherry-marble\" data-e-action-hash=\"#elementor-action%3Aaction%3Dlightbox%26settings%3DeyJpZCI6MzgyNjMsInVybCI6Imh0dHBzOlwvXC93d3cua2FyYXJ0bWFyYmxlLmNvbVwvd3AtY29udGVudFwvdXBsb2Fkc1wvMjAyNVwvMDdcL3R1cmtleS1jaGVycnktbWFyYmxlLmpwZWciLCJzbGlkZXNob3ciOiJhbGwtZmVkZDliNyJ9\" class=\"e-gallery-image etheme-gallery-image elementor-gallery-item__image\" data-thumbnail=\"https:\/\/www.karartmarble.com\/wp-content\/uploads\/2025\/07\/turkey-cherry-marble.jpeg\" data-width=\"950\" data-height=\"800\" alt=\"\" style=\"background-image: url(&#039;https:\/\/www.karartmarble.com\/wp-content\/uploads\/2025\/07\/turkey-cherry-marble.jpeg&#039;)\" href=\"https:\/\/www.karartmarble.com\/wp-content\/uploads\/2025\/07\/turkey-cherry-marble.jpeg\"><\/a>\n\t                <span class=\"etheme-gallery-item-details etheme-gallery-item-details-inside\"><span class=\"etheme-gallery-lightbox-icon\">\n            <svg version=\"1.1\" xmlns=\"http:\/\/www.w3.org\/2000\/svg\" width=\"1em\" height=\"1em\" viewBox=\"0 0 24 24\" fill=\"currentColor\">\n                <path d=\"M23.784 22.8l-6.168-6.144c1.584-1.848 2.448-4.176 2.448-6.576 0-5.52-4.488-10.032-10.032-10.032-5.52 0-10.008 4.488-10.008 10.008s4.488 10.032 10.032 10.032c2.424 0 4.728-0.864 6.576-2.472l6.168 6.144c0.144 0.144 0.312 0.216 0.48 0.216s0.336-0.072 0.456-0.192c0.144-0.12 0.216-0.288 0.24-0.48 0-0.192-0.072-0.384-0.192-0.504zM18.696 10.080c0 4.752-3.888 8.64-8.664 8.64-4.752 0-8.64-3.888-8.64-8.664 0-4.752 3.888-8.64 8.664-8.64s8.64 3.888 8.64 8.664z\"><\/path>\n            <\/svg>\n        <\/span><\/span>                <\/div>\n\t            \t                        <\/div>\n\t                    <\/div>\n                    <\/div>\n        \n        \t\t\t\t<\/div>\n\t\t\t\t<\/div>\n\t\t\t\t\t<\/div>\n\t\t<\/div>\n\t\t\t\t\t<\/div>\n\t\t<\/section>\n\t\t\t\t<section class=\"elementor-section elementor-top-section elementor-element elementor-element-e4cb41d elementor-section-boxed elementor-section-height-default elementor-section-height-default\" data-id=\"e4cb41d\" data-element_type=\"section\" data-e-type=\"section\">\n\t\t\t\t\t\t<div class=\"elementor-container elementor-column-gap-default\">\n\t\t\t\t\t<div class=\"elementor-column elementor-col-100 elementor-top-column elementor-element elementor-element-0c84001\" data-id=\"0c84001\" data-element_type=\"column\" data-e-type=\"column\">\n\t\t\t<div class=\"elementor-widget-wrap elementor-element-populated\">\n\t\t\t\t\t\t<div class=\"elementor-element elementor-element-6cc9c29 elementor-widget elementor-widget-text-editor\" data-id=\"6cc9c29\" data-element_type=\"widget\" data-e-type=\"widget\" data-widget_type=\"text-editor.default\">\n\t\t\t\t<div class=\"elementor-widget-container\">\n\t\t\t\t\t\t\t\t\tD\u00fcnyada nadir bulunan, T\u00fcrkiye&#8217;de de sadece Elaz\u0131\u011f&#8217;da \u00e7\u0131kar\u0131lan vi\u015fne mermeri, 60 \u00fclkede se\u00e7kin mekanlar\u0131 s\u00fcsl\u00fcyor. Alacakaya il\u00e7esinden \u00e7\u0131kar\u0131lan, vi\u015fne renginde, damarl\u0131 yap\u0131ya sahip, dekoratif ama\u00e7l\u0131 yo\u011fun ilgi g\u00f6ren mermer, 4 k\u0131tada 60 \u00fclkeye ihra\u00e7 ediliyor.\n\nSe\u00e7kin mekanlarda kullan\u0131m\u0131 i\u00e7in \u00c7in&#8217;den Hindistan&#8217;a, Dubai&#8217;den Katar&#8217;a, Sudan&#8217;dan Fas&#8217;a, Libya&#8217;dan \u0130talya&#8217;ya, \u0130spanya&#8217;dan Fransa&#8217;ya kadar geni\u015f bir yelpazeye ihracat\u0131 yap\u0131lan ve ihracat oran\u0131 ayl\u0131k ortalama 65 bin tona ula\u015fan vi\u015fne mermeri, bug\u00fcne kadar Beyaz Saray, Kabe, Dubai ve Palmiye Adalar\u0131&#8217;ndaki l\u00fcks oteller, Bur\u00e7 Halife, Victoria&#8217;s Secret&#8217;in d\u00fcnya \u00e7ap\u0131ndaki ma\u011fazalar\u0131, Dolce amp; Gabbana modaevlerinin G\u00fcney Afrika&#8217;daki ma\u011fazalar\u0131 gibi bir\u00e7ok prestijli mekan\u0131 s\u00fcsledi.\n\n<table style=\"width:100%; border-collapse: collapse; font-family: Arial, sans-serif;\">\n  <thead style=\"background-color: #f2f2f2;\">\n    <tr>\n      <th colspan=\"2\" style=\"padding: 12px; border: 1px solid #ccc; text-align: left; font-size: 18px;\">\n        Elaz\u0131\u011f Vi\u015fne Mermeri &#8211; Teknik \u00d6zellikler\n      <\/th>\n    <\/tr>\n  <\/thead>\n  <tbody>\n    <tr>\n      <td style=\"padding: 10px; border: 1px solid #ccc;\">Mohs Sertli\u011fi<\/td>\n      <td style=\"padding: 10px; border: 1px solid #ccc;\">4<\/td>\n    <\/tr>\n    <tr>\n      <td style=\"padding: 10px; border: 1px solid #ccc;\">Yo\u011funluk<\/td>\n      <td style=\"padding: 10px; border: 1px solid #ccc;\">2.71 g\/cm\u00b3<\/td>\n    <\/tr>\n    <tr>\n      <td style=\"padding: 10px; border: 1px solid #ccc;\">Birim Hacim A\u011f\u0131rl\u0131k<\/td>\n      <td style=\"padding: 10px; border: 1px solid #ccc;\">2.69 g\/cm\u00b3<\/td>\n    <\/tr>\n    <tr>\n      <td style=\"padding: 10px; border: 1px solid #ccc;\">Kaynar Suda Su Emme<\/td>\n      <td style=\"padding: 10px; border: 1px solid #ccc;\">%0.5<\/td>\n    <\/tr>\n    <tr>\n      <td style=\"padding: 10px; border: 1px solid #ccc;\">Atmosfer Bas\u0131nc\u0131nda Su Emme<\/td>\n      <td style=\"padding: 10px; border: 1px solid #ccc;\">%0.7<\/td>\n    <\/tr>\n    <tr>\n      <td style=\"padding: 10px; border: 1px solid #ccc;\">K\u0131lcal Su Emme Katsay\u0131s\u0131<\/td>\n      <td style=\"padding: 10px; border: 1px solid #ccc;\">0.425 g\/m\u00b2\u00b7s\u2070\u00b7\u2075<\/td>\n    <\/tr>\n    <tr>\n      <td style=\"padding: 10px; border: 1px solid #ccc;\">Don Sonras\u0131 Bas\u0131n\u00e7 Direnci<\/td>\n      <td style=\"padding: 10px; border: 1px solid #ccc;\">77.52 MPa<\/td>\n    <\/tr>\n    <tr>\n      <td style=\"padding: 10px; border: 1px solid #ccc;\">Bas\u0131n\u00e7 Direnci<\/td>\n      <td style=\"padding: 10px; border: 1px solid #ccc;\">94.5 MPa<\/td>\n    <\/tr>\n    <tr>\n      <td style=\"padding: 10px; border: 1px solid #ccc;\">E\u011filme Direnci<\/td>\n      <td style=\"padding: 10px; border: 1px solid #ccc;\">13.5 MPa<\/td>\n    <\/tr>\n    <tr>\n      <td style=\"padding: 10px; border: 1px solid #ccc;\">Darbe Direnci<\/td>\n      <td style=\"padding: 10px; border: 1px solid #ccc;\">12 kgf\u00b7cm\/cm\u00b3<\/td>\n    <\/tr>\n    <tr>\n      <td style=\"padding: 10px; border: 1px solid #ccc;\">Ortalama A\u015f\u0131nma Direnci<\/td>\n      <td style=\"padding: 10px; border: 1px solid #ccc;\">23.2 cm\u00b2\/50 cm\u00b2<\/td>\n    <\/tr>\n    <tr>\n      <td style=\"padding: 10px; border: 1px solid #ccc;\">G\u00f6r\u00fcn\u00fcr Porozite<\/td>\n      <td style=\"padding: 10px; border: 1px solid #ccc;\">%1.86<\/td>\n    <\/tr>\n    <tr>\n      <td style=\"padding: 10px; border: 1px solid #ccc;\">Doluluk Oran\u0131<\/td>\n      <td style=\"padding: 10px; border: 1px solid #ccc;\">%98.14<\/td>\n    <\/tr>\n    <tr>\n      <td style=\"padding: 10px; border: 1px solid #ccc;\">G\u00f6zeneklilik Derecesi<\/td>\n      <td style=\"padding: 10px; border: 1px solid #ccc;\">%1.86<\/td>\n    <\/tr>\n    <tr>\n      <td style=\"padding: 10px; border: 1px solid #ccc;\">Don Kayb\u0131<\/td>\n      <td style=\"padding: 10px; border: 1px solid #ccc;\">%0<\/td>\n    <\/tr>\n  <\/tbody>\n<\/table>\n\t\t\t\t\t\t\t\t<\/div>\n\t\t\t\t<\/div>\n\t\t\t\t\t<\/div>\n\t\t<\/div>\n\t\t\t\t\t<\/div>\n\t\t<\/section>\n\t\t\t\t<section class=\"elementor-section elementor-top-section elementor-element elementor-element-63b74620 elementor-section-boxed elementor-section-height-default elementor-section-height-default\" data-id=\"63b74620\" data-element_type=\"section\" data-e-type=\"section\">\n\t\t\t\t\t\t<div class=\"elementor-container elementor-column-gap-default\">\n\t\t\t\t\t<div class=\"elementor-column elementor-col-100 elementor-top-column elementor-element elementor-element-79126a68\" data-id=\"79126a68\" data-element_type=\"column\" data-e-type=\"column\">\n\t\t\t<div class=\"elementor-widget-wrap elementor-element-populated\">\n\t\t\t\t\t\t\t<\/div>\n\t\t<\/div>\n\t\t\t\t\t<\/div>\n\t\t<\/section>\n\t\t\t\t<\/div>\n\t\t","protected":false},"excerpt":{"rendered":"[table id=262\/]\n","protected":false},"featured_media":38259,"comment_status":"open","ping_status":"closed","template":"","meta":{"inline_featured_image":false},"etheme_brands":[{"term_id":365,"name":"karartmarble","slug":"karartmarble-tr","term_group":0,"term_taxonomy_id":365,"taxonomy":"brand","description":"","parent":0,"count":91,"filter":"raw"}],"product_brand":[],"product_cat":[402,404],"product_tag":[],"class_list":{"0":"post-38219","1":"product","2":"type-product","3":"status-publish","4":"has-post-thumbnail","6":"brand-karartmarble-tr","7":"product_cat-plakalar","8":"product_cat-tum-urunler","10":"first","11":"outofstock","12":"shipping-taxable","13":"purchasable","14":"product-type-variable"},"_links":{"self":[{"href":"https:\/\/www.karartmarble.com\/tr\/wp-json\/wp\/v2\/product\/38219","targetHints":{"allow":["GET"]}}],"collection":[{"href":"https:\/\/www.karartmarble.com\/tr\/wp-json\/wp\/v2\/product"}],"about":[{"href":"https:\/\/www.karartmarble.com\/tr\/wp-json\/wp\/v2\/types\/product"}],"replies":[{"embeddable":true,"href":"https:\/\/www.karartmarble.com\/tr\/wp-json\/wp\/v2\/comments?post=38219"}],"version-history":[{"count":6,"href":"https:\/\/www.karartmarble.com\/tr\/wp-json\/wp\/v2\/product\/38219\/revisions"}],"predecessor-version":[{"id":38327,"href":"https:\/\/www.karartmarble.com\/tr\/wp-json\/wp\/v2\/product\/38219\/revisions\/38327"}],"wp:featuredmedia":[{"embeddable":true,"href":"https:\/\/www.karartmarble.com\/tr\/wp-json\/wp\/v2\/media\/38259"}],"wp:attachment":[{"href":"https:\/\/www.karartmarble.com\/tr\/wp-json\/wp\/v2\/media?parent=38219"}],"wp:term":[{"taxonomy":"brand","embeddable":true,"href":"https:\/\/www.karartmarble.com\/tr\/wp-json\/wp\/v2\/etheme_brands?post=38219"},{"taxonomy":"product_brand","embeddable":true,"href":"https:\/\/www.karartmarble.com\/tr\/wp-json\/wp\/v2\/product_brand?post=38219"},{"taxonomy":"product_cat","embeddable":true,"href":"https:\/\/www.karartmarble.com\/tr\/wp-json\/wp\/v2\/product_cat?post=38219"},{"taxonomy":"product_tag","embeddable":true,"href":"https:\/\/www.karartmarble.com\/tr\/wp-json\/wp\/v2\/product_tag?post=38219"}],"curies":[{"name":"wp","href":"https:\/\/api.w.org\/{rel}","templated":true}]}}