{"id":40890,"date":"2025-09-09T04:08:22","date_gmt":"2025-09-09T01:08:22","guid":{"rendered":"https:\/\/karartmarble.com\/?post_type=product&#038;p=40890"},"modified":"2025-09-09T04:35:11","modified_gmt":"2025-09-09T01:35:11","slug":"kirikli-bej-mermer-honlu","status":"publish","type":"product","link":"https:\/\/www.karartmarble.com\/tr\/urun\/kirikli-bej-mermer-honlu\/","title":{"rendered":"K\u0131r\u0131kl\u0131 Bej Mermer<br><span class=\"ata_title\"> Honlu<\/span>"},"content":{"rendered":"\t\t<div data-elementor-type=\"wp-post\" data-elementor-id=\"40890\" class=\"elementor elementor-40890 elementor-40814\" data-elementor-post-type=\"product\">\n\t\t\t\t\t\t<section class=\"elementor-section elementor-top-section elementor-element elementor-element-0d75d4a elementor-section-boxed elementor-section-height-default elementor-section-height-default\" data-id=\"0d75d4a\" data-element_type=\"section\" data-e-type=\"section\">\n\t\t\t\t\t\t<div class=\"elementor-container elementor-column-gap-default\">\n\t\t\t\t\t<div class=\"elementor-column elementor-col-100 elementor-top-column elementor-element elementor-element-439709d\" data-id=\"439709d\" data-element_type=\"column\" data-e-type=\"column\">\n\t\t\t<div class=\"elementor-widget-wrap elementor-element-populated\">\n\t\t\t\t\t\t<div class=\"elementor-element elementor-element-fedd9b7 elementor-widget elementor-widget-etheme_gallery\" data-id=\"fedd9b7\" data-element_type=\"widget\" data-e-type=\"widget\" data-settings=\"{&quot;type&quot;:&quot;grid&quot;,&quot;columns&quot;:{&quot;unit&quot;:&quot;px&quot;,&quot;size&quot;:3,&quot;sizes&quot;:[]},&quot;columns_tablet&quot;:{&quot;unit&quot;:&quot;px&quot;,&quot;size&quot;:3,&quot;sizes&quot;:[]},&quot;columns_mobile&quot;:{&quot;unit&quot;:&quot;px&quot;,&quot;size&quot;:2,&quot;sizes&quot;:[]},&quot;columns_gap&quot;:{&quot;unit&quot;:&quot;px&quot;,&quot;size&quot;:10,&quot;sizes&quot;:[]},&quot;columns_gap_tablet&quot;:{&quot;unit&quot;:&quot;px&quot;,&quot;size&quot;:&quot;&quot;,&quot;sizes&quot;:[]},&quot;columns_gap_mobile&quot;:{&quot;unit&quot;:&quot;px&quot;,&quot;size&quot;:&quot;&quot;,&quot;sizes&quot;:[]},&quot;rows_gap&quot;:{&quot;unit&quot;:&quot;px&quot;,&quot;size&quot;:10,&quot;sizes&quot;:[]},&quot;rows_gap_tablet&quot;:{&quot;unit&quot;:&quot;px&quot;,&quot;size&quot;:&quot;&quot;,&quot;sizes&quot;:[]},&quot;rows_gap_mobile&quot;:{&quot;unit&quot;:&quot;px&quot;,&quot;size&quot;:&quot;&quot;,&quot;sizes&quot;:[]}}\" data-widget_type=\"etheme_gallery.default\">\n\t\t\t\t<div class=\"elementor-widget-container\">\n\t\t\t\t\t<div class=\"elementor-panel-alert elementor-panel-alert-elementor-panel-alert-warning\">Please, add images to create gallery<\/div>\t\t\t\t<\/div>\n\t\t\t\t<\/div>\n\t\t\t\t\t<\/div>\n\t\t<\/div>\n\t\t\t\t\t<\/div>\n\t\t<\/section>\n\t\t\t\t<section class=\"elementor-section elementor-top-section elementor-element elementor-element-e4cb41d elementor-section-boxed elementor-section-height-default elementor-section-height-default\" data-id=\"e4cb41d\" data-element_type=\"section\" data-e-type=\"section\">\n\t\t\t\t\t\t<div class=\"elementor-container elementor-column-gap-default\">\n\t\t\t\t\t<div class=\"elementor-column elementor-col-100 elementor-top-column elementor-element elementor-element-0c84001\" data-id=\"0c84001\" data-element_type=\"column\" data-e-type=\"column\">\n\t\t\t<div class=\"elementor-widget-wrap elementor-element-populated\">\n\t\t\t\t\t\t<div class=\"elementor-element elementor-element-6cc9c29 elementor-widget elementor-widget-text-editor\" data-id=\"6cc9c29\" data-element_type=\"widget\" data-e-type=\"widget\" data-widget_type=\"text-editor.default\">\n\t\t\t\t<div class=\"elementor-widget-container\">\n\t\t\t\t\t\t\t\t\t<h2>K\u0131r\u0131kl\u0131 Bej Mermer<\/h2><p><br \/>Tarihe bak\u0131ld\u0131\u011f\u0131 zaman ge\u00e7en y\u0131llar i\u00e7inde genel olarak mermerler hayat\u0131m\u0131z\u0131n hemen hemen her b\u00f6l\u00fcm\u00fcnde yer almaya ba\u015flad\u0131. G\u00fcn\u00fcm\u00fczde de modern ya\u015fam alanlar\u0131n\u0131n olu\u015fturdu\u011fu mimari yap\u0131larda da \u00e7ok fazla yer almaya ba\u015flad\u0131. Art\u0131k b\u00fct\u00fcn mimarlar mermer sekt\u00f6r\u00fcne bizim kadar hakim oldu. Mermerlerin hayat\u0131m\u0131za katt\u0131\u011f\u0131 estetik g\u00f6r\u00fcnt\u00fcden ziyade bulundu\u011fu ortamda sert a\u011f\u0131rl\u0131n\u0131 hissettiren bir yap\u0131 art\u0131k. Bu yap\u0131lar aras\u0131nda Bej mermer minerallerin s\u0131k dokusundan dolay\u0131 \u00e7ok zor \u00e7izilmez bir yap\u0131ya sahip. Bej mermer do\u011fas\u0131 ve renk texture doku tonu ile bulundu\u011fu ortama \u00e7ok rahat uyum sa\u011flayan ve \u00e7ok kolay kombine \u00fcr\u00fcn oldu\u011fu i\u00e7in hep yerini korumu\u015ftur.<\/p><p>Bej Mermerler desen y\u00f6n\u00fcyle,motif ve renk y\u00f6n\u00fcyle farkl\u0131l\u0131k g\u00f6steren do\u011fal ta\u015flard\u0131r.Do\u011fa da y\u00fcksek oranda bej mermer yata\u011f\u0131 bulunmaktad\u0131r.Uygulama alanlar\u0131na g\u00f6re bej mermere talip olan \u00e7oktur.Ferahl\u0131k ve bohem bir stili olan bej rengin otel,camii,al\u0131\u015fveri\u015fmerkezi,i\u015f merkezleri, ta\u015f ev ve da\u011f evlerinde kullan\u0131m\u0131 \u00e7ok daha fazlad\u0131r.<\/p>\t\t\t\t\t\t\t\t<\/div>\n\t\t\t\t<\/div>\n\t\t\t\t\t<\/div>\n\t\t<\/div>\n\t\t\t\t\t<\/div>\n\t\t<\/section>\n\t\t\t\t<section class=\"elementor-section elementor-top-section elementor-element elementor-element-63b74620 elementor-section-boxed elementor-section-height-default elementor-section-height-default\" data-id=\"63b74620\" data-element_type=\"section\" data-e-type=\"section\">\n\t\t\t\t\t\t<div class=\"elementor-container elementor-column-gap-default\">\n\t\t\t\t\t<div class=\"elementor-column elementor-col-100 elementor-top-column elementor-element elementor-element-79126a68\" data-id=\"79126a68\" data-element_type=\"column\" data-e-type=\"column\">\n\t\t\t<div class=\"elementor-widget-wrap elementor-element-populated\">\n\t\t\t\t\t\t\t<\/div>\n\t\t<\/div>\n\t\t\t\t\t<\/div>\n\t\t<\/section>\n\t\t\t\t<\/div>\n\t\t","protected":false},"excerpt":{"rendered":"[table id=303\/]\n","protected":false},"featured_media":41042,"comment_status":"open","ping_status":"closed","template":"","meta":{"inline_featured_image":false},"etheme_brands":[{"term_id":365,"name":"karartmarble","slug":"karartmarble-tr","term_group":0,"term_taxonomy_id":365,"taxonomy":"brand","description":"","parent":0,"count":91,"filter":"raw"}],"product_brand":[],"product_cat":[402,404],"product_tag":[],"class_list":{"0":"post-40890","1":"product","2":"type-product","3":"status-publish","4":"has-post-thumbnail","6":"brand-karartmarble-tr","7":"product_cat-plakalar","8":"product_cat-tum-urunler","10":"first","11":"outofstock","12":"shipping-taxable","13":"purchasable","14":"product-type-variable"},"_links":{"self":[{"href":"https:\/\/www.karartmarble.com\/tr\/wp-json\/wp\/v2\/product\/40890","targetHints":{"allow":["GET"]}}],"collection":[{"href":"https:\/\/www.karartmarble.com\/tr\/wp-json\/wp\/v2\/product"}],"about":[{"href":"https:\/\/www.karartmarble.com\/tr\/wp-json\/wp\/v2\/types\/product"}],"replies":[{"embeddable":true,"href":"https:\/\/www.karartmarble.com\/tr\/wp-json\/wp\/v2\/comments?post=40890"}],"version-history":[{"count":5,"href":"https:\/\/www.karartmarble.com\/tr\/wp-json\/wp\/v2\/product\/40890\/revisions"}],"predecessor-version":[{"id":41091,"href":"https:\/\/www.karartmarble.com\/tr\/wp-json\/wp\/v2\/product\/40890\/revisions\/41091"}],"wp:featuredmedia":[{"embeddable":true,"href":"https:\/\/www.karartmarble.com\/tr\/wp-json\/wp\/v2\/media\/41042"}],"wp:attachment":[{"href":"https:\/\/www.karartmarble.com\/tr\/wp-json\/wp\/v2\/media?parent=40890"}],"wp:term":[{"taxonomy":"brand","embeddable":true,"href":"https:\/\/www.karartmarble.com\/tr\/wp-json\/wp\/v2\/etheme_brands?post=40890"},{"taxonomy":"product_brand","embeddable":true,"href":"https:\/\/www.karartmarble.com\/tr\/wp-json\/wp\/v2\/product_brand?post=40890"},{"taxonomy":"product_cat","embeddable":true,"href":"https:\/\/www.karartmarble.com\/tr\/wp-json\/wp\/v2\/product_cat?post=40890"},{"taxonomy":"product_tag","embeddable":true,"href":"https:\/\/www.karartmarble.com\/tr\/wp-json\/wp\/v2\/product_tag?post=40890"}],"curies":[{"name":"wp","href":"https:\/\/api.w.org\/{rel}","templated":true}]}}